{"id":12701,"date":"2023-04-10T19:29:16","date_gmt":"2023-04-10T18:29:16","guid":{"rendered":"https:\/\/zapateneo.net\/wordpress\/?post_type=product&#038;p=12701"},"modified":"2023-04-10T19:29:28","modified_gmt":"2023-04-10T18:29:28","slug":"archivo-polanyi-i-crisis-socialismo-fascismo","status":"publish","type":"product","link":"https:\/\/zapateneo.net\/wordpress\/index.php\/producto\/archivo-polanyi-i-crisis-socialismo-fascismo\/","title":{"rendered":"ARCHIVO POLANYI (I) Crisis, socialismo, fascismo"},"content":{"rendered":"<p>La inabarcable obra de Karl Polanyi y su visi\u00f3n multidisciplinar est\u00e1n marcadas por una atenta mirada a los procesos de su tiempo. La atenci\u00f3n prestada por el autor de La gran transformaci\u00f3n a la crisis de la primera mitad del siglo XX (tan relacionada y tan an\u00e1loga, en ciertos rasgos, a la del momento actual) era paralela a su reflexi\u00f3n constante sobre el socialismo y el fascismo como alternativas antag\u00f3nicas a un mundo en declive.<\/p>\n<p>A trav\u00e9s de diferentes capas anal\u00edticas y de una rica evoluci\u00f3n de su pensamiento en torno a cuestiones como la inflaci\u00f3n, las relaciones entre geopol\u00edtica y econom\u00eda, el colonialismo, el racismo o las relaciones de clase, Polanyi dibuja un fresco de la crisis capitalista repleto de matices. El an\u00e1lisis econ\u00f3mico, la pol\u00edtica internacional, los modelos institucionales y la conflictividad social se entrecruzan como marcos para la comprensi\u00f3n de la complejidad de la \u00e9poca.<\/p>\n<p>Al tiempo que indaga sobre el cataclismo mundial, Polanyi profundiza, desde una teorizaci\u00f3n rigurosa, en los problemas y las cuestiones relacionadas con una praxis socialista efectiva: la contabilidad socialista, el asociacionismo gremial, el papel del Estado o la cuesti\u00f3n de la libertad, que sit\u00faa en el n\u00facleo principal de la alternativa a la crisis capitalista mundial.<\/p>\n<p>Frente a ello, desarrolla una incisiva cr\u00edtica a la emergencia de los fascismos como una soluci\u00f3n a una crisis sustentada en la divisi\u00f3n social, en el incremento de la pauperizaci\u00f3n, del belicismo, del miedo y de la exhacerbaci\u00f3n de la confrontaci\u00f3n. Y lo hace a caballo de unos acontecimientos en los que, a pesar de los efectos que tienen en su propia vida personal, sabe penetrar sin perder la perspectiva.<\/p>\n<p>En este volumen, que cuenta con una introducci\u00f3n biogr\u00e1fica de su compa\u00f1era Ilona Duczynska, volvemos a encontrar una fuente inacabable de textos (la mayor\u00eda in\u00e9ditos hasta el momento y recuperados por Fernando Soler para su traducci\u00f3n al castellano) que nos interpelan respecto a nuestra propia realidad.<\/p>\n<p>Karl Polanyi (1886-1964) Militante del independentismo h\u00fangaro en su juventud, particip\u00f3 en la Primera Guerra Mundial. En 1919, encontr\u00e1ndose en Viena para seguir un tratamiento m\u00e9dico, el estallido de la Revoluci\u00f3n sovi\u00e9tica en Hungr\u00eda, el posterior terror blanco tras su aplastamiento y el establecimiento de la dictadura de Mikl\u00f3s Horthy le forzaron a permanecer en la capital austr\u00edaca. En 1933, viaj\u00f3 a Londres empujado por el ascenso del nazismo. Profesor de la Universidad de Columbia desde 1947, se vio obligado a vivir en Canad\u00e1 por la prohibici\u00f3n de las autoridades estadounidenses a que su compa\u00f1era, Ilona Duczynska, entrara en el pa\u00eds. La intensa labor intelectual de Polanyi se reflej\u00f3 sobre todo en dos libros: La gran transformaci\u00f3n (Virus, 2016) y El sustento del hombre (Capit\u00e1n Swing, 2011), que cuestionan tanto los fundamentos de la ortodoxia econ\u00f3mica liberal-capitalista como las lecturas dogm\u00e1ticas de la econom\u00eda pol\u00edtica marxista. En Virus, tambi\u00e9n hemos publicado las selecciones de textos Nuestra obsoleta mentalidad de mercado (2018), La naturaleza del fascismo (2020) y Europa en descomposici\u00f3n (2021).<\/p>\n<p>Introducci\u00f3n biogr\u00e1fica de Ilona Duczynska<br \/>\nTraducci\u00f3n, edici\u00f3n y notas Fernando Soler<\/p>\n","protected":false},"excerpt":{"rendered":"<p><strong>Karl Polanyi<\/strong><br \/>\n9788417870232 &#8211; Virus &#8211; 2023 &#8211; 416 p\u00e1ginas \/orri.<\/p>\n","protected":false},"featured_media":12731,"template":"","meta":[],"product_brand":[],"product_cat":[185,16],"product_tag":[4734,57],"class_list":{"0":"post-12701","1":"product","2":"type-product","3":"status-publish","4":"has-post-thumbnail","6":"product_cat-historia","7":"product_cat-libros","8":"product_tag-karl-polanyi","9":"product_tag-virus","11":"first","12":"instock","13":"sold-individually","14":"shipping-taxable","15":"purchasable","16":"product-type-simple"},"yoast_head":"<!-- This site is optimized with the Yoast SEO plugin v27.3 - https:\/\/yoast.com\/product\/yoast-seo-wordpress\/ -->\n<title>ARCHIVO POLANYI (I) Crisis, socialismo, fascismo &#8212; Zapateneo<\/title>\n<meta name=\"robots\" content=\"index, follow, max-snippet:-1, max-image-preview:large, max-video-preview:-1\" \/>\n<link rel=\"canonical\" href=\"https:\/\/zapateneo.net\/wordpress\/index.php\/producto\/archivo-polanyi-i-crisis-socialismo-fascismo\/\" \/>\n<meta property=\"og:locale\" content=\"es_ES\" \/>\n<meta property=\"og:type\" content=\"article\" \/>\n<meta property=\"og:title\" content=\"ARCHIVO POLANYI (I) Crisis, socialismo, fascismo &#8212; Zapateneo\" \/>\n<meta property=\"og:description\" content=\"Karl Polanyi 9788417870232 - Virus - 2023 - 416 p\u00e1ginas \/orri.\" \/>\n<meta property=\"og:url\" content=\"https:\/\/zapateneo.net\/wordpress\/index.php\/producto\/archivo-polanyi-i-crisis-socialismo-fascismo\/\" \/>\n<meta property=\"og:site_name\" content=\"Zapateneo\" \/>\n<meta property=\"article:modified_time\" content=\"2023-04-10T18:29:28+00:00\" \/>\n<meta name=\"twitter:card\" content=\"summary_large_image\" \/>\n<meta name=\"twitter:site\" content=\"@zapateneo\" \/>\n<meta name=\"twitter:label1\" content=\"Tiempo de lectura\" \/>\n\t<meta name=\"twitter:data1\" content=\"3 minutos\" \/>\n<script type=\"application\/ld+json\" class=\"yoast-schema-graph\">{\"@context\":\"https:\\\/\\\/schema.org\",\"@graph\":[{\"@type\":\"WebPage\",\"@id\":\"https:\\\/\\\/zapateneo.net\\\/wordpress\\\/index.php\\\/producto\\\/archivo-polanyi-i-crisis-socialismo-fascismo\\\/\",\"url\":\"https:\\\/\\\/zapateneo.net\\\/wordpress\\\/index.php\\\/producto\\\/archivo-polanyi-i-crisis-socialismo-fascismo\\\/\",\"name\":\"ARCHIVO POLANYI (I) Crisis, socialismo, fascismo &#8212; Zapateneo\",\"isPartOf\":{\"@id\":\"https:\\\/\\\/zapateneo.net\\\/wordpress\\\/#website\"},\"primaryImageOfPage\":{\"@id\":\"https:\\\/\\\/zapateneo.net\\\/wordpress\\\/index.php\\\/producto\\\/archivo-polanyi-i-crisis-socialismo-fascismo\\\/#primaryimage\"},\"image\":{\"@id\":\"https:\\\/\\\/zapateneo.net\\\/wordpress\\\/index.php\\\/producto\\\/archivo-polanyi-i-crisis-socialismo-fascismo\\\/#primaryimage\"},\"thumbnailUrl\":\"https:\\\/\\\/zapateneo.net\\\/wordpress\\\/wp-content\\\/uploads\\\/2023\\\/04\\\/archivo-polanyi-1-9788417870232.jpg\",\"datePublished\":\"2023-04-10T18:29:16+00:00\",\"dateModified\":\"2023-04-10T18:29:28+00:00\",\"breadcrumb\":{\"@id\":\"https:\\\/\\\/zapateneo.net\\\/wordpress\\\/index.php\\\/producto\\\/archivo-polanyi-i-crisis-socialismo-fascismo\\\/#breadcrumb\"},\"inLanguage\":\"es\",\"potentialAction\":[{\"@type\":\"ReadAction\",\"target\":[\"https:\\\/\\\/zapateneo.net\\\/wordpress\\\/index.php\\\/producto\\\/archivo-polanyi-i-crisis-socialismo-fascismo\\\/\"]}]},{\"@type\":\"ImageObject\",\"inLanguage\":\"es\",\"@id\":\"https:\\\/\\\/zapateneo.net\\\/wordpress\\\/index.php\\\/producto\\\/archivo-polanyi-i-crisis-socialismo-fascismo\\\/#primaryimage\",\"url\":\"https:\\\/\\\/zapateneo.net\\\/wordpress\\\/wp-content\\\/uploads\\\/2023\\\/04\\\/archivo-polanyi-1-9788417870232.jpg\",\"contentUrl\":\"https:\\\/\\\/zapateneo.net\\\/wordpress\\\/wp-content\\\/uploads\\\/2023\\\/04\\\/archivo-polanyi-1-9788417870232.jpg\",\"width\":266,\"height\":400},{\"@type\":\"BreadcrumbList\",\"@id\":\"https:\\\/\\\/zapateneo.net\\\/wordpress\\\/index.php\\\/producto\\\/archivo-polanyi-i-crisis-socialismo-fascismo\\\/#breadcrumb\",\"itemListElement\":[{\"@type\":\"ListItem\",\"position\":1,\"name\":\"Portada\",\"item\":\"https:\\\/\\\/zapateneo.net\\\/wordpress\\\/\"},{\"@type\":\"ListItem\",\"position\":2,\"name\":\"Tienda\",\"item\":\"https:\\\/\\\/zapateneo.net\\\/wordpress\\\/\"},{\"@type\":\"ListItem\",\"position\":3,\"name\":\"ARCHIVO POLANYI (I) Crisis, socialismo, fascismo\"}]},{\"@type\":\"WebSite\",\"@id\":\"https:\\\/\\\/zapateneo.net\\\/wordpress\\\/#website\",\"url\":\"https:\\\/\\\/zapateneo.net\\\/wordpress\\\/\",\"name\":\"Zapateneo\",\"description\":\"Zapateneoaren webgunea\",\"publisher\":{\"@id\":\"https:\\\/\\\/zapateneo.net\\\/wordpress\\\/#organization\"},\"potentialAction\":[{\"@type\":\"SearchAction\",\"target\":{\"@type\":\"EntryPoint\",\"urlTemplate\":\"https:\\\/\\\/zapateneo.net\\\/wordpress\\\/?s={search_term_string}\"},\"query-input\":{\"@type\":\"PropertyValueSpecification\",\"valueRequired\":true,\"valueName\":\"search_term_string\"}}],\"inLanguage\":\"es\"},{\"@type\":\"Organization\",\"@id\":\"https:\\\/\\\/zapateneo.net\\\/wordpress\\\/#organization\",\"name\":\"Zapateneo Kultur Elkartea\",\"url\":\"https:\\\/\\\/zapateneo.net\\\/wordpress\\\/\",\"logo\":{\"@type\":\"ImageObject\",\"inLanguage\":\"es\",\"@id\":\"https:\\\/\\\/zapateneo.net\\\/wordpress\\\/#\\\/schema\\\/logo\\\/image\\\/\",\"url\":\"https:\\\/\\\/zapateneo.net\\\/wordpress\\\/wp-content\\\/uploads\\\/2021\\\/04\\\/zap-libu-kolec.jpg\",\"contentUrl\":\"https:\\\/\\\/zapateneo.net\\\/wordpress\\\/wp-content\\\/uploads\\\/2021\\\/04\\\/zap-libu-kolec.jpg\",\"width\":2234,\"height\":398,\"caption\":\"Zapateneo Kultur Elkartea\"},\"image\":{\"@id\":\"https:\\\/\\\/zapateneo.net\\\/wordpress\\\/#\\\/schema\\\/logo\\\/image\\\/\"},\"sameAs\":[\"https:\\\/\\\/x.com\\\/zapateneo\"]}]}<\/script>\n<!-- \/ Yoast SEO plugin. -->","yoast_head_json":{"title":"ARCHIVO POLANYI (I) Crisis, socialismo, fascismo &#8212; Zapateneo","robots":{"index":"index","follow":"follow","max-snippet":"max-snippet:-1","max-image-preview":"max-image-preview:large","max-video-preview":"max-video-preview:-1"},"canonical":"https:\/\/zapateneo.net\/wordpress\/index.php\/producto\/archivo-polanyi-i-crisis-socialismo-fascismo\/","og_locale":"es_ES","og_type":"article","og_title":"ARCHIVO POLANYI (I) Crisis, socialismo, fascismo &#8212; Zapateneo","og_description":"Karl Polanyi 9788417870232 - Virus - 2023 - 416 p\u00e1ginas \/orri.","og_url":"https:\/\/zapateneo.net\/wordpress\/index.php\/producto\/archivo-polanyi-i-crisis-socialismo-fascismo\/","og_site_name":"Zapateneo","article_modified_time":"2023-04-10T18:29:28+00:00","twitter_card":"summary_large_image","twitter_site":"@zapateneo","twitter_misc":{"Tiempo de lectura":"3 minutos"},"schema":{"@context":"https:\/\/schema.org","@graph":[{"@type":"WebPage","@id":"https:\/\/zapateneo.net\/wordpress\/index.php\/producto\/archivo-polanyi-i-crisis-socialismo-fascismo\/","url":"https:\/\/zapateneo.net\/wordpress\/index.php\/producto\/archivo-polanyi-i-crisis-socialismo-fascismo\/","name":"ARCHIVO POLANYI (I) Crisis, socialismo, fascismo &#8212; Zapateneo","isPartOf":{"@id":"https:\/\/zapateneo.net\/wordpress\/#website"},"primaryImageOfPage":{"@id":"https:\/\/zapateneo.net\/wordpress\/index.php\/producto\/archivo-polanyi-i-crisis-socialismo-fascismo\/#primaryimage"},"image":{"@id":"https:\/\/zapateneo.net\/wordpress\/index.php\/producto\/archivo-polanyi-i-crisis-socialismo-fascismo\/#primaryimage"},"thumbnailUrl":"https:\/\/zapateneo.net\/wordpress\/wp-content\/uploads\/2023\/04\/archivo-polanyi-1-9788417870232.jpg","datePublished":"2023-04-10T18:29:16+00:00","dateModified":"2023-04-10T18:29:28+00:00","breadcrumb":{"@id":"https:\/\/zapateneo.net\/wordpress\/index.php\/producto\/archivo-polanyi-i-crisis-socialismo-fascismo\/#breadcrumb"},"inLanguage":"es","potentialAction":[{"@type":"ReadAction","target":["https:\/\/zapateneo.net\/wordpress\/index.php\/producto\/archivo-polanyi-i-crisis-socialismo-fascismo\/"]}]},{"@type":"ImageObject","inLanguage":"es","@id":"https:\/\/zapateneo.net\/wordpress\/index.php\/producto\/archivo-polanyi-i-crisis-socialismo-fascismo\/#primaryimage","url":"https:\/\/zapateneo.net\/wordpress\/wp-content\/uploads\/2023\/04\/archivo-polanyi-1-9788417870232.jpg","contentUrl":"https:\/\/zapateneo.net\/wordpress\/wp-content\/uploads\/2023\/04\/archivo-polanyi-1-9788417870232.jpg","width":266,"height":400},{"@type":"BreadcrumbList","@id":"https:\/\/zapateneo.net\/wordpress\/index.php\/producto\/archivo-polanyi-i-crisis-socialismo-fascismo\/#breadcrumb","itemListElement":[{"@type":"ListItem","position":1,"name":"Portada","item":"https:\/\/zapateneo.net\/wordpress\/"},{"@type":"ListItem","position":2,"name":"Tienda","item":"https:\/\/zapateneo.net\/wordpress\/"},{"@type":"ListItem","position":3,"name":"ARCHIVO POLANYI (I) Crisis, socialismo, fascismo"}]},{"@type":"WebSite","@id":"https:\/\/zapateneo.net\/wordpress\/#website","url":"https:\/\/zapateneo.net\/wordpress\/","name":"Zapateneo","description":"Zapateneoaren webgunea","publisher":{"@id":"https:\/\/zapateneo.net\/wordpress\/#organization"},"potentialAction":[{"@type":"SearchAction","target":{"@type":"EntryPoint","urlTemplate":"https:\/\/zapateneo.net\/wordpress\/?s={search_term_string}"},"query-input":{"@type":"PropertyValueSpecification","valueRequired":true,"valueName":"search_term_string"}}],"inLanguage":"es"},{"@type":"Organization","@id":"https:\/\/zapateneo.net\/wordpress\/#organization","name":"Zapateneo Kultur Elkartea","url":"https:\/\/zapateneo.net\/wordpress\/","logo":{"@type":"ImageObject","inLanguage":"es","@id":"https:\/\/zapateneo.net\/wordpress\/#\/schema\/logo\/image\/","url":"https:\/\/zapateneo.net\/wordpress\/wp-content\/uploads\/2021\/04\/zap-libu-kolec.jpg","contentUrl":"https:\/\/zapateneo.net\/wordpress\/wp-content\/uploads\/2021\/04\/zap-libu-kolec.jpg","width":2234,"height":398,"caption":"Zapateneo Kultur Elkartea"},"image":{"@id":"https:\/\/zapateneo.net\/wordpress\/#\/schema\/logo\/image\/"},"sameAs":["https:\/\/x.com\/zapateneo"]}]}},"_links":{"self":[{"href":"https:\/\/zapateneo.net\/wordpress\/index.php\/wp-json\/wp\/v2\/product\/12701","targetHints":{"allow":["GET"]}}],"collection":[{"href":"https:\/\/zapateneo.net\/wordpress\/index.php\/wp-json\/wp\/v2\/product"}],"about":[{"href":"https:\/\/zapateneo.net\/wordpress\/index.php\/wp-json\/wp\/v2\/types\/product"}],"wp:featuredmedia":[{"embeddable":true,"href":"https:\/\/zapateneo.net\/wordpress\/index.php\/wp-json\/wp\/v2\/media\/12731"}],"wp:attachment":[{"href":"https:\/\/zapateneo.net\/wordpress\/index.php\/wp-json\/wp\/v2\/media?parent=12701"}],"wp:term":[{"taxonomy":"product_brand","embeddable":true,"href":"https:\/\/zapateneo.net\/wordpress\/index.php\/wp-json\/wp\/v2\/product_brand?post=12701"},{"taxonomy":"product_cat","embeddable":true,"href":"https:\/\/zapateneo.net\/wordpress\/index.php\/wp-json\/wp\/v2\/product_cat?post=12701"},{"taxonomy":"product_tag","embeddable":true,"href":"https:\/\/zapateneo.net\/wordpress\/index.php\/wp-json\/wp\/v2\/product_tag?post=12701"}],"curies":[{"name":"wp","href":"https:\/\/api.w.org\/{rel}","templated":true}]}}