{"id":12699,"date":"2023-04-10T19:29:15","date_gmt":"2023-04-10T18:29:15","guid":{"rendered":"https:\/\/zapateneo.net\/wordpress\/?post_type=product&#038;p=12699"},"modified":"2023-04-10T19:29:26","modified_gmt":"2023-04-10T18:29:26","slug":"la-negacion-de-la-virtud-una-historia-sobre-la-pobreza-y-el-progreso","status":"publish","type":"product","link":"https:\/\/zapateneo.net\/wordpress\/index.php\/producto\/la-negacion-de-la-virtud-una-historia-sobre-la-pobreza-y-el-progreso\/","title":{"rendered":"LA NEGACI\u00d3N DE LA VIRTUD Una historia sobre la pobreza y el progreso"},"content":{"rendered":"<p>El ideal de progreso se ha presentado hist\u00f3ricamente como un significante antag\u00f3nico a la noci\u00f3n de pobreza. Un evolucionismo simpl\u00f3n que entiende el avance de la historia como un camino que dejar\u00eda atr\u00e1s la miseria, de donde surge la divisi\u00f3n del mundo entre \u00abdesarrollados\u00bb y \u00absubdesarrollados\u00bb y \u00abla riqueza\u00bb como el concepto que encarnar\u00eda el bien absoluto.<\/p>\n<p>En este sugerente ensayo hist\u00f3rico, Juanma Agulles muestra la estrecha relaci\u00f3n entre lo que llamamos \u00abprogreso\u00bb y la pobreza entendida como un elemento material inherente a esa prosperidad cuyo trasunto moral ha sido, en palabras de Chesterton, abandonar \u00abla pesada tarea de hacer triunfar a los buenos\u00bb para dedicarse \u00aba la labor m\u00e1s sencilla de hacer buenos a los triunfadores\u00bb. La negaci\u00f3n de la virtud aborda las diferentes teor\u00edas morales e imaginarios de \u00e9poca alrededor de la figura del pobre y de los pobres, el papel de las instituciones religiosas, pol\u00edticas o de control, su lugar en la cr\u00edtica y en la lucha social, la relaci\u00f3n con el trabajo o las construcciones estigmatizadoras en torno a su representaci\u00f3n.<\/p>\n<p>A partir de un s\u00f3lido conocimiento de las teor\u00edas, la historiograf\u00eda y las investigaciones contempor\u00e1neas, Agulles desarrolla tambi\u00e9n una cr\u00edtica de la pobreza en el seno del dogma desarrollista actual. Las interpretaciones culturalistas, el lugar de las personas \u00abno empleables\u00bb, las soluciones tecnocr\u00e1ticas o la oposici\u00f3n entre perdedores y triunfadores son algunos de los temas abordados con rigor y m\u00e1xima lucidez.<\/p>\n<p>Frente a \u00abla relaci\u00f3n dial\u00e9ctica entre la piedad y la horca, entre la caridad y la terapia, entre la reinserci\u00f3n y el encierro\u00bb que conforma el continuum hist\u00f3rico de la ideolog\u00eda del progreso, Agulles propone \u00abun regreso a los lazos primarios que nos unen a los dem\u00e1s, a los ciclos reproductivos de la vida cotidiana, a la fraternidad que todav\u00eda subyace y sobrevive bajo el alud de la crisis end\u00e9mica del capitalismo\u00bb.<\/p>\n<p>Juanma Agulles (Alacant, 1977) Pensador y ensayista, ha trabajado durante los \u00faltimos doce a\u00f1os en un albergue para personas sin hogar. Doctor en Sociolog\u00eda, ha abordado el estudio de la pobreza en diversas publicaciones acad\u00e9micas y en la actualidad ejerce como docente universitario. En l\u00ednea con la cr\u00edtica antidesarrollista y libertaria, ha llevado a cabo una prol\u00edfica actividad intelectual, reflejada en la publicaci\u00f3n de libros y art\u00edculos, y como parte del consejo de redacci\u00f3n de la revista Cul de Sac.<\/p>\n<p>Fruto de su trabajo son Non legor, non legar. Literatura y subversi\u00f3n (Ediciones del T\u00e1bano, 2008), Sociolog\u00eda, estatismo y dominaci\u00f3n social (Brulot, 2010), Los l\u00edmites de la conciencia. Ensayos contra la sociedad tecnol\u00f3gica (El Salm\u00f3n, 2014), Piloto autom\u00e1tico. Notas sobre el sonambulismo contempor\u00e1neo (El Salm\u00f3n, 2016), La destrucci\u00f3n de la ciudad (Los Libros de la Catarata, 2017) y La plaga de nuestro tiempo (Milvus, 2020). Con Virus ha publicado tambi\u00e9n La vida administrada (2017).<\/p>\n<p>Pr\u00f3logo de Sara Mesa<\/p>\n","protected":false},"excerpt":{"rendered":"<p><strong>Juanma Agulles<\/strong><br \/>\n9788417870218 &#8211; Virus &#8211; 2023 &#8211; 208 p\u00e1ginas \/orri.<\/p>\n","protected":false},"featured_media":12729,"template":"","meta":[],"product_brand":[],"product_cat":[185,16],"product_tag":[3780,57],"class_list":{"0":"post-12699","1":"product","2":"type-product","3":"status-publish","4":"has-post-thumbnail","6":"product_cat-historia","7":"product_cat-libros","8":"product_tag-juanma-agulles","9":"product_tag-virus","11":"first","12":"instock","13":"sold-individually","14":"shipping-taxable","15":"purchasable","16":"product-type-simple"},"yoast_head":"<!-- This site is optimized with the Yoast SEO plugin v27.3 - https:\/\/yoast.com\/product\/yoast-seo-wordpress\/ -->\n<title>LA NEGACI\u00d3N DE LA VIRTUD Una historia sobre la pobreza y el progreso &#8212; Zapateneo<\/title>\n<meta name=\"robots\" content=\"index, follow, max-snippet:-1, max-image-preview:large, max-video-preview:-1\" \/>\n<link rel=\"canonical\" href=\"https:\/\/zapateneo.net\/wordpress\/index.php\/producto\/la-negacion-de-la-virtud-una-historia-sobre-la-pobreza-y-el-progreso\/\" \/>\n<meta property=\"og:locale\" content=\"es_ES\" \/>\n<meta property=\"og:type\" content=\"article\" \/>\n<meta property=\"og:title\" content=\"LA NEGACI\u00d3N DE LA VIRTUD Una historia sobre la pobreza y el progreso &#8212; Zapateneo\" \/>\n<meta property=\"og:description\" content=\"Juanma Agulles 9788417870218 - Virus - 2023 - 208 p\u00e1ginas \/orri.\" \/>\n<meta property=\"og:url\" content=\"https:\/\/zapateneo.net\/wordpress\/index.php\/producto\/la-negacion-de-la-virtud-una-historia-sobre-la-pobreza-y-el-progreso\/\" \/>\n<meta property=\"og:site_name\" content=\"Zapateneo\" \/>\n<meta property=\"article:modified_time\" content=\"2023-04-10T18:29:26+00:00\" \/>\n<meta name=\"twitter:card\" content=\"summary_large_image\" \/>\n<meta name=\"twitter:site\" content=\"@zapateneo\" \/>\n<meta name=\"twitter:label1\" content=\"Tiempo de lectura\" \/>\n\t<meta name=\"twitter:data1\" content=\"3 minutos\" \/>\n<script type=\"application\/ld+json\" class=\"yoast-schema-graph\">{\"@context\":\"https:\\\/\\\/schema.org\",\"@graph\":[{\"@type\":\"WebPage\",\"@id\":\"https:\\\/\\\/zapateneo.net\\\/wordpress\\\/index.php\\\/producto\\\/la-negacion-de-la-virtud-una-historia-sobre-la-pobreza-y-el-progreso\\\/\",\"url\":\"https:\\\/\\\/zapateneo.net\\\/wordpress\\\/index.php\\\/producto\\\/la-negacion-de-la-virtud-una-historia-sobre-la-pobreza-y-el-progreso\\\/\",\"name\":\"LA NEGACI\u00d3N DE LA VIRTUD Una historia sobre la pobreza y el progreso &#8212; Zapateneo\",\"isPartOf\":{\"@id\":\"https:\\\/\\\/zapateneo.net\\\/wordpress\\\/#website\"},\"primaryImageOfPage\":{\"@id\":\"https:\\\/\\\/zapateneo.net\\\/wordpress\\\/index.php\\\/producto\\\/la-negacion-de-la-virtud-una-historia-sobre-la-pobreza-y-el-progreso\\\/#primaryimage\"},\"image\":{\"@id\":\"https:\\\/\\\/zapateneo.net\\\/wordpress\\\/index.php\\\/producto\\\/la-negacion-de-la-virtud-una-historia-sobre-la-pobreza-y-el-progreso\\\/#primaryimage\"},\"thumbnailUrl\":\"https:\\\/\\\/zapateneo.net\\\/wordpress\\\/wp-content\\\/uploads\\\/2023\\\/04\\\/la-negacion-de-la-virtud-9788417870218.jpg\",\"datePublished\":\"2023-04-10T18:29:15+00:00\",\"dateModified\":\"2023-04-10T18:29:26+00:00\",\"breadcrumb\":{\"@id\":\"https:\\\/\\\/zapateneo.net\\\/wordpress\\\/index.php\\\/producto\\\/la-negacion-de-la-virtud-una-historia-sobre-la-pobreza-y-el-progreso\\\/#breadcrumb\"},\"inLanguage\":\"es\",\"potentialAction\":[{\"@type\":\"ReadAction\",\"target\":[\"https:\\\/\\\/zapateneo.net\\\/wordpress\\\/index.php\\\/producto\\\/la-negacion-de-la-virtud-una-historia-sobre-la-pobreza-y-el-progreso\\\/\"]}]},{\"@type\":\"ImageObject\",\"inLanguage\":\"es\",\"@id\":\"https:\\\/\\\/zapateneo.net\\\/wordpress\\\/index.php\\\/producto\\\/la-negacion-de-la-virtud-una-historia-sobre-la-pobreza-y-el-progreso\\\/#primaryimage\",\"url\":\"https:\\\/\\\/zapateneo.net\\\/wordpress\\\/wp-content\\\/uploads\\\/2023\\\/04\\\/la-negacion-de-la-virtud-9788417870218.jpg\",\"contentUrl\":\"https:\\\/\\\/zapateneo.net\\\/wordpress\\\/wp-content\\\/uploads\\\/2023\\\/04\\\/la-negacion-de-la-virtud-9788417870218.jpg\",\"width\":266,\"height\":400},{\"@type\":\"BreadcrumbList\",\"@id\":\"https:\\\/\\\/zapateneo.net\\\/wordpress\\\/index.php\\\/producto\\\/la-negacion-de-la-virtud-una-historia-sobre-la-pobreza-y-el-progreso\\\/#breadcrumb\",\"itemListElement\":[{\"@type\":\"ListItem\",\"position\":1,\"name\":\"Portada\",\"item\":\"https:\\\/\\\/zapateneo.net\\\/wordpress\\\/\"},{\"@type\":\"ListItem\",\"position\":2,\"name\":\"Tienda\",\"item\":\"https:\\\/\\\/zapateneo.net\\\/wordpress\\\/\"},{\"@type\":\"ListItem\",\"position\":3,\"name\":\"LA NEGACI\u00d3N DE LA VIRTUD Una historia sobre la pobreza y el progreso\"}]},{\"@type\":\"WebSite\",\"@id\":\"https:\\\/\\\/zapateneo.net\\\/wordpress\\\/#website\",\"url\":\"https:\\\/\\\/zapateneo.net\\\/wordpress\\\/\",\"name\":\"Zapateneo\",\"description\":\"Zapateneoaren webgunea\",\"publisher\":{\"@id\":\"https:\\\/\\\/zapateneo.net\\\/wordpress\\\/#organization\"},\"potentialAction\":[{\"@type\":\"SearchAction\",\"target\":{\"@type\":\"EntryPoint\",\"urlTemplate\":\"https:\\\/\\\/zapateneo.net\\\/wordpress\\\/?s={search_term_string}\"},\"query-input\":{\"@type\":\"PropertyValueSpecification\",\"valueRequired\":true,\"valueName\":\"search_term_string\"}}],\"inLanguage\":\"es\"},{\"@type\":\"Organization\",\"@id\":\"https:\\\/\\\/zapateneo.net\\\/wordpress\\\/#organization\",\"name\":\"Zapateneo Kultur Elkartea\",\"url\":\"https:\\\/\\\/zapateneo.net\\\/wordpress\\\/\",\"logo\":{\"@type\":\"ImageObject\",\"inLanguage\":\"es\",\"@id\":\"https:\\\/\\\/zapateneo.net\\\/wordpress\\\/#\\\/schema\\\/logo\\\/image\\\/\",\"url\":\"https:\\\/\\\/zapateneo.net\\\/wordpress\\\/wp-content\\\/uploads\\\/2021\\\/04\\\/zap-libu-kolec.jpg\",\"contentUrl\":\"https:\\\/\\\/zapateneo.net\\\/wordpress\\\/wp-content\\\/uploads\\\/2021\\\/04\\\/zap-libu-kolec.jpg\",\"width\":2234,\"height\":398,\"caption\":\"Zapateneo Kultur Elkartea\"},\"image\":{\"@id\":\"https:\\\/\\\/zapateneo.net\\\/wordpress\\\/#\\\/schema\\\/logo\\\/image\\\/\"},\"sameAs\":[\"https:\\\/\\\/x.com\\\/zapateneo\"]}]}<\/script>\n<!-- \/ Yoast SEO plugin. -->","yoast_head_json":{"title":"LA NEGACI\u00d3N DE LA VIRTUD Una historia sobre la pobreza y el progreso &#8212; Zapateneo","robots":{"index":"index","follow":"follow","max-snippet":"max-snippet:-1","max-image-preview":"max-image-preview:large","max-video-preview":"max-video-preview:-1"},"canonical":"https:\/\/zapateneo.net\/wordpress\/index.php\/producto\/la-negacion-de-la-virtud-una-historia-sobre-la-pobreza-y-el-progreso\/","og_locale":"es_ES","og_type":"article","og_title":"LA NEGACI\u00d3N DE LA VIRTUD Una historia sobre la pobreza y el progreso &#8212; Zapateneo","og_description":"Juanma Agulles 9788417870218 - Virus - 2023 - 208 p\u00e1ginas \/orri.","og_url":"https:\/\/zapateneo.net\/wordpress\/index.php\/producto\/la-negacion-de-la-virtud-una-historia-sobre-la-pobreza-y-el-progreso\/","og_site_name":"Zapateneo","article_modified_time":"2023-04-10T18:29:26+00:00","twitter_card":"summary_large_image","twitter_site":"@zapateneo","twitter_misc":{"Tiempo de lectura":"3 minutos"},"schema":{"@context":"https:\/\/schema.org","@graph":[{"@type":"WebPage","@id":"https:\/\/zapateneo.net\/wordpress\/index.php\/producto\/la-negacion-de-la-virtud-una-historia-sobre-la-pobreza-y-el-progreso\/","url":"https:\/\/zapateneo.net\/wordpress\/index.php\/producto\/la-negacion-de-la-virtud-una-historia-sobre-la-pobreza-y-el-progreso\/","name":"LA NEGACI\u00d3N DE LA VIRTUD Una historia sobre la pobreza y el progreso &#8212; Zapateneo","isPartOf":{"@id":"https:\/\/zapateneo.net\/wordpress\/#website"},"primaryImageOfPage":{"@id":"https:\/\/zapateneo.net\/wordpress\/index.php\/producto\/la-negacion-de-la-virtud-una-historia-sobre-la-pobreza-y-el-progreso\/#primaryimage"},"image":{"@id":"https:\/\/zapateneo.net\/wordpress\/index.php\/producto\/la-negacion-de-la-virtud-una-historia-sobre-la-pobreza-y-el-progreso\/#primaryimage"},"thumbnailUrl":"https:\/\/zapateneo.net\/wordpress\/wp-content\/uploads\/2023\/04\/la-negacion-de-la-virtud-9788417870218.jpg","datePublished":"2023-04-10T18:29:15+00:00","dateModified":"2023-04-10T18:29:26+00:00","breadcrumb":{"@id":"https:\/\/zapateneo.net\/wordpress\/index.php\/producto\/la-negacion-de-la-virtud-una-historia-sobre-la-pobreza-y-el-progreso\/#breadcrumb"},"inLanguage":"es","potentialAction":[{"@type":"ReadAction","target":["https:\/\/zapateneo.net\/wordpress\/index.php\/producto\/la-negacion-de-la-virtud-una-historia-sobre-la-pobreza-y-el-progreso\/"]}]},{"@type":"ImageObject","inLanguage":"es","@id":"https:\/\/zapateneo.net\/wordpress\/index.php\/producto\/la-negacion-de-la-virtud-una-historia-sobre-la-pobreza-y-el-progreso\/#primaryimage","url":"https:\/\/zapateneo.net\/wordpress\/wp-content\/uploads\/2023\/04\/la-negacion-de-la-virtud-9788417870218.jpg","contentUrl":"https:\/\/zapateneo.net\/wordpress\/wp-content\/uploads\/2023\/04\/la-negacion-de-la-virtud-9788417870218.jpg","width":266,"height":400},{"@type":"BreadcrumbList","@id":"https:\/\/zapateneo.net\/wordpress\/index.php\/producto\/la-negacion-de-la-virtud-una-historia-sobre-la-pobreza-y-el-progreso\/#breadcrumb","itemListElement":[{"@type":"ListItem","position":1,"name":"Portada","item":"https:\/\/zapateneo.net\/wordpress\/"},{"@type":"ListItem","position":2,"name":"Tienda","item":"https:\/\/zapateneo.net\/wordpress\/"},{"@type":"ListItem","position":3,"name":"LA NEGACI\u00d3N DE LA VIRTUD Una historia sobre la pobreza y el progreso"}]},{"@type":"WebSite","@id":"https:\/\/zapateneo.net\/wordpress\/#website","url":"https:\/\/zapateneo.net\/wordpress\/","name":"Zapateneo","description":"Zapateneoaren webgunea","publisher":{"@id":"https:\/\/zapateneo.net\/wordpress\/#organization"},"potentialAction":[{"@type":"SearchAction","target":{"@type":"EntryPoint","urlTemplate":"https:\/\/zapateneo.net\/wordpress\/?s={search_term_string}"},"query-input":{"@type":"PropertyValueSpecification","valueRequired":true,"valueName":"search_term_string"}}],"inLanguage":"es"},{"@type":"Organization","@id":"https:\/\/zapateneo.net\/wordpress\/#organization","name":"Zapateneo Kultur Elkartea","url":"https:\/\/zapateneo.net\/wordpress\/","logo":{"@type":"ImageObject","inLanguage":"es","@id":"https:\/\/zapateneo.net\/wordpress\/#\/schema\/logo\/image\/","url":"https:\/\/zapateneo.net\/wordpress\/wp-content\/uploads\/2021\/04\/zap-libu-kolec.jpg","contentUrl":"https:\/\/zapateneo.net\/wordpress\/wp-content\/uploads\/2021\/04\/zap-libu-kolec.jpg","width":2234,"height":398,"caption":"Zapateneo Kultur Elkartea"},"image":{"@id":"https:\/\/zapateneo.net\/wordpress\/#\/schema\/logo\/image\/"},"sameAs":["https:\/\/x.com\/zapateneo"]}]}},"_links":{"self":[{"href":"https:\/\/zapateneo.net\/wordpress\/index.php\/wp-json\/wp\/v2\/product\/12699","targetHints":{"allow":["GET"]}}],"collection":[{"href":"https:\/\/zapateneo.net\/wordpress\/index.php\/wp-json\/wp\/v2\/product"}],"about":[{"href":"https:\/\/zapateneo.net\/wordpress\/index.php\/wp-json\/wp\/v2\/types\/product"}],"wp:featuredmedia":[{"embeddable":true,"href":"https:\/\/zapateneo.net\/wordpress\/index.php\/wp-json\/wp\/v2\/media\/12729"}],"wp:attachment":[{"href":"https:\/\/zapateneo.net\/wordpress\/index.php\/wp-json\/wp\/v2\/media?parent=12699"}],"wp:term":[{"taxonomy":"product_brand","embeddable":true,"href":"https:\/\/zapateneo.net\/wordpress\/index.php\/wp-json\/wp\/v2\/product_brand?post=12699"},{"taxonomy":"product_cat","embeddable":true,"href":"https:\/\/zapateneo.net\/wordpress\/index.php\/wp-json\/wp\/v2\/product_cat?post=12699"},{"taxonomy":"product_tag","embeddable":true,"href":"https:\/\/zapateneo.net\/wordpress\/index.php\/wp-json\/wp\/v2\/product_tag?post=12699"}],"curies":[{"name":"wp","href":"https:\/\/api.w.org\/{rel}","templated":true}]}}