{"id":12667,"date":"2023-04-09T18:53:07","date_gmt":"2023-04-09T17:53:07","guid":{"rendered":"https:\/\/zapateneo.net\/wordpress\/?post_type=product&#038;p=12667"},"modified":"2023-04-09T18:53:30","modified_gmt":"2023-04-09T17:53:30","slug":"vida-de-ali","status":"publish","type":"product","link":"https:\/\/zapateneo.net\/wordpress\/index.php\/producto\/vida-de-ali\/","title":{"rendered":"VIDA DE ALI"},"content":{"rendered":"<p>La biograf\u00eda m\u00e1s completa y definitiva de Muhammad Ali que jam\u00e1s se haya publicado. Muhammad Ali se llamaba a s\u00ed mismo \u00abEl m\u00e1s grande\u00bb, y muchos estaban de acuerdo. Era el m\u00e1s ingenioso, el m\u00e1s guapo, el m\u00e1s descarado, el m\u00e1s malo, el m\u00e1s r\u00e1pido, el m\u00e1s ruidoso, el m\u00e1s rudo.<\/p>\n<p>Ahora llega la primera biograf\u00eda completa y no autorizada de una de las figuras m\u00e1s fant\u00e1sticas del siglo XX. Basada en m\u00e1s de 500 entrevistas con quienes mejor conocieron a Ali que han sobrevivido, y mejorada por el descubrimiento por parte del autor de miles de p\u00e1ginas de registros del FBI y entrevistas de Ali recientemente descubiertas de la d\u00e9cada de 1960, lo que ha permitido conocer muchos nuevos y espectaculares datos sobre su vida y su carrera, este es el impresionante retrato de un hombre que se convirti\u00f3 en una leyenda.<\/p>\n<p>Cuando la fr\u00e1gil y temblorosa figura de Muhammad Ali encendi\u00f3 la llama ol\u00edmpica en Atlanta en 1996, una audiencia televisiva de hasta 3.000 millones de personas volvi\u00f3 a quedar atrapada por la historia del icono deportivo m\u00e1s famoso del mundo. El hombre que en su d\u00eda fue vilipendiado por su negativa a luchar por su pa\u00eds y por su verborrea al denunciar a sus oponentes era ahora adorado casi universalmente, y el verdadero coste de su asombrosa carrera box\u00edstica estaba a la vista.<\/p>\n<p>En la innovadora biograf\u00eda de Jonathan Eig, respaldada por nuevas y detalladas investigaciones encargadas especialmente para este libro, obtenemos un impresionante retrato de una de las personalidades m\u00e1s significativas de la segunda mitad del siglo XX. No s\u00f3lo nos lleva al interior del cuadril\u00e1tero en algunos de los combates m\u00e1s famosos de la historia del boxeo, sino que tambi\u00e9n conocemos su vida personal, sus finanzas, su fe y los momentos en que empezaron a aparecer los primeros signos de su declive f\u00edsico.<\/p>\n<p>Ali fue un s\u00edmbolo de la libertad y el valor, un h\u00e9roe para muchos, pero esta es tambi\u00e9n una historia muy personal de un guerrero que venci\u00f3 a todos sus oponentes, pero que finalmente fue derribado por su propia obstinaci\u00f3n en no abandonar jam\u00e1s. Una historia \u00e9pica de un luchador que se convirti\u00f3 en el pacifista m\u00e1s famoso del mundo, Ali: Una vida hace plena justicia a un hombre extraordinario.<\/p>\n<p>Jonathan Eig Periodista y bi\u00f3grafo estadounidense, autor de cinco libros. Eig naci\u00f3 en Brooklyn, Nueva York, y creci\u00f3 en Monsey, Nueva York. Empez\u00f3 a trabajar en el peri\u00f3dico de su ciudad cuando ten\u00eda 16 a\u00f1os. Estudi\u00f3 en la Facultad de Periodismo Medill de la Universidad Northwestern, donde se licenci\u00f3 en 1986. Trabaj\u00f3 como reportero de noticias para el New Orleans Times-Picayune, The Dallas Morning News, la revista Chicago y The Wall Street Journal. Eig ha ense\u00f1ado a escribir en el Columbia College de Chicago y da conferencias en la Northwestern. Ha escrito como freelance para muchos medios, entre ellos The New York Times, Washington Post y la edici\u00f3n online de The New Yorker. Est\u00e1 casado con Jennifer Tescher y tiene tres hijos. Vive en Chicago.<\/p>\n","protected":false},"excerpt":{"rendered":"<p><strong>Jonathan Eig<\/strong><br \/>\n9788412553901 &#8211; Capit\u00e1n Swing &#8211; 2022 &#8211; 700 p\u00e1ginas \/orri.<\/p>\n","protected":false},"featured_media":12695,"template":"","meta":[],"product_brand":[],"product_cat":[185,16],"product_tag":[102,5930],"class_list":{"0":"post-12667","1":"product","2":"type-product","3":"status-publish","4":"has-post-thumbnail","6":"product_cat-historia","7":"product_cat-libros","8":"product_tag-capitan-swing","9":"product_tag-jonathan-eig","11":"first","12":"instock","13":"sold-individually","14":"shipping-taxable","15":"purchasable","16":"product-type-simple"},"yoast_head":"<!-- This site is optimized with the Yoast SEO plugin v27.3 - https:\/\/yoast.com\/product\/yoast-seo-wordpress\/ -->\n<title>VIDA DE ALI &#8212; Zapateneo<\/title>\n<meta name=\"robots\" content=\"index, follow, max-snippet:-1, max-image-preview:large, max-video-preview:-1\" \/>\n<link rel=\"canonical\" href=\"https:\/\/zapateneo.net\/wordpress\/index.php\/producto\/vida-de-ali\/\" \/>\n<meta property=\"og:locale\" content=\"es_ES\" \/>\n<meta property=\"og:type\" content=\"article\" \/>\n<meta property=\"og:title\" content=\"VIDA DE ALI &#8212; Zapateneo\" \/>\n<meta property=\"og:description\" content=\"Jonathan Eig 9788412553901 - Capit\u00e1n Swing - 2022 - 700 p\u00e1ginas \/orri.\" \/>\n<meta property=\"og:url\" content=\"https:\/\/zapateneo.net\/wordpress\/index.php\/producto\/vida-de-ali\/\" \/>\n<meta property=\"og:site_name\" content=\"Zapateneo\" \/>\n<meta property=\"article:modified_time\" content=\"2023-04-09T17:53:30+00:00\" \/>\n<meta name=\"twitter:card\" content=\"summary_large_image\" \/>\n<meta name=\"twitter:site\" content=\"@zapateneo\" \/>\n<meta name=\"twitter:label1\" content=\"Tiempo de lectura\" \/>\n\t<meta name=\"twitter:data1\" content=\"3 minutos\" \/>\n<script type=\"application\/ld+json\" class=\"yoast-schema-graph\">{\"@context\":\"https:\\\/\\\/schema.org\",\"@graph\":[{\"@type\":\"WebPage\",\"@id\":\"https:\\\/\\\/zapateneo.net\\\/wordpress\\\/index.php\\\/producto\\\/vida-de-ali\\\/\",\"url\":\"https:\\\/\\\/zapateneo.net\\\/wordpress\\\/index.php\\\/producto\\\/vida-de-ali\\\/\",\"name\":\"VIDA DE ALI &#8212; Zapateneo\",\"isPartOf\":{\"@id\":\"https:\\\/\\\/zapateneo.net\\\/wordpress\\\/#website\"},\"primaryImageOfPage\":{\"@id\":\"https:\\\/\\\/zapateneo.net\\\/wordpress\\\/index.php\\\/producto\\\/vida-de-ali\\\/#primaryimage\"},\"image\":{\"@id\":\"https:\\\/\\\/zapateneo.net\\\/wordpress\\\/index.php\\\/producto\\\/vida-de-ali\\\/#primaryimage\"},\"thumbnailUrl\":\"https:\\\/\\\/zapateneo.net\\\/wordpress\\\/wp-content\\\/uploads\\\/2023\\\/04\\\/vida-de-ali-9788412553901.jpg\",\"datePublished\":\"2023-04-09T17:53:07+00:00\",\"dateModified\":\"2023-04-09T17:53:30+00:00\",\"breadcrumb\":{\"@id\":\"https:\\\/\\\/zapateneo.net\\\/wordpress\\\/index.php\\\/producto\\\/vida-de-ali\\\/#breadcrumb\"},\"inLanguage\":\"es\",\"potentialAction\":[{\"@type\":\"ReadAction\",\"target\":[\"https:\\\/\\\/zapateneo.net\\\/wordpress\\\/index.php\\\/producto\\\/vida-de-ali\\\/\"]}]},{\"@type\":\"ImageObject\",\"inLanguage\":\"es\",\"@id\":\"https:\\\/\\\/zapateneo.net\\\/wordpress\\\/index.php\\\/producto\\\/vida-de-ali\\\/#primaryimage\",\"url\":\"https:\\\/\\\/zapateneo.net\\\/wordpress\\\/wp-content\\\/uploads\\\/2023\\\/04\\\/vida-de-ali-9788412553901.jpg\",\"contentUrl\":\"https:\\\/\\\/zapateneo.net\\\/wordpress\\\/wp-content\\\/uploads\\\/2023\\\/04\\\/vida-de-ali-9788412553901.jpg\",\"width\":256,\"height\":400},{\"@type\":\"BreadcrumbList\",\"@id\":\"https:\\\/\\\/zapateneo.net\\\/wordpress\\\/index.php\\\/producto\\\/vida-de-ali\\\/#breadcrumb\",\"itemListElement\":[{\"@type\":\"ListItem\",\"position\":1,\"name\":\"Portada\",\"item\":\"https:\\\/\\\/zapateneo.net\\\/wordpress\\\/\"},{\"@type\":\"ListItem\",\"position\":2,\"name\":\"Tienda\",\"item\":\"https:\\\/\\\/zapateneo.net\\\/wordpress\\\/\"},{\"@type\":\"ListItem\",\"position\":3,\"name\":\"VIDA DE ALI\"}]},{\"@type\":\"WebSite\",\"@id\":\"https:\\\/\\\/zapateneo.net\\\/wordpress\\\/#website\",\"url\":\"https:\\\/\\\/zapateneo.net\\\/wordpress\\\/\",\"name\":\"Zapateneo\",\"description\":\"Zapateneoaren webgunea\",\"publisher\":{\"@id\":\"https:\\\/\\\/zapateneo.net\\\/wordpress\\\/#organization\"},\"potentialAction\":[{\"@type\":\"SearchAction\",\"target\":{\"@type\":\"EntryPoint\",\"urlTemplate\":\"https:\\\/\\\/zapateneo.net\\\/wordpress\\\/?s={search_term_string}\"},\"query-input\":{\"@type\":\"PropertyValueSpecification\",\"valueRequired\":true,\"valueName\":\"search_term_string\"}}],\"inLanguage\":\"es\"},{\"@type\":\"Organization\",\"@id\":\"https:\\\/\\\/zapateneo.net\\\/wordpress\\\/#organization\",\"name\":\"Zapateneo Kultur Elkartea\",\"url\":\"https:\\\/\\\/zapateneo.net\\\/wordpress\\\/\",\"logo\":{\"@type\":\"ImageObject\",\"inLanguage\":\"es\",\"@id\":\"https:\\\/\\\/zapateneo.net\\\/wordpress\\\/#\\\/schema\\\/logo\\\/image\\\/\",\"url\":\"https:\\\/\\\/zapateneo.net\\\/wordpress\\\/wp-content\\\/uploads\\\/2021\\\/04\\\/zap-libu-kolec.jpg\",\"contentUrl\":\"https:\\\/\\\/zapateneo.net\\\/wordpress\\\/wp-content\\\/uploads\\\/2021\\\/04\\\/zap-libu-kolec.jpg\",\"width\":2234,\"height\":398,\"caption\":\"Zapateneo Kultur Elkartea\"},\"image\":{\"@id\":\"https:\\\/\\\/zapateneo.net\\\/wordpress\\\/#\\\/schema\\\/logo\\\/image\\\/\"},\"sameAs\":[\"https:\\\/\\\/x.com\\\/zapateneo\"]}]}<\/script>\n<!-- \/ Yoast SEO plugin. -->","yoast_head_json":{"title":"VIDA DE ALI &#8212; Zapateneo","robots":{"index":"index","follow":"follow","max-snippet":"max-snippet:-1","max-image-preview":"max-image-preview:large","max-video-preview":"max-video-preview:-1"},"canonical":"https:\/\/zapateneo.net\/wordpress\/index.php\/producto\/vida-de-ali\/","og_locale":"es_ES","og_type":"article","og_title":"VIDA DE ALI &#8212; Zapateneo","og_description":"Jonathan Eig 9788412553901 - Capit\u00e1n Swing - 2022 - 700 p\u00e1ginas \/orri.","og_url":"https:\/\/zapateneo.net\/wordpress\/index.php\/producto\/vida-de-ali\/","og_site_name":"Zapateneo","article_modified_time":"2023-04-09T17:53:30+00:00","twitter_card":"summary_large_image","twitter_site":"@zapateneo","twitter_misc":{"Tiempo de lectura":"3 minutos"},"schema":{"@context":"https:\/\/schema.org","@graph":[{"@type":"WebPage","@id":"https:\/\/zapateneo.net\/wordpress\/index.php\/producto\/vida-de-ali\/","url":"https:\/\/zapateneo.net\/wordpress\/index.php\/producto\/vida-de-ali\/","name":"VIDA DE ALI &#8212; Zapateneo","isPartOf":{"@id":"https:\/\/zapateneo.net\/wordpress\/#website"},"primaryImageOfPage":{"@id":"https:\/\/zapateneo.net\/wordpress\/index.php\/producto\/vida-de-ali\/#primaryimage"},"image":{"@id":"https:\/\/zapateneo.net\/wordpress\/index.php\/producto\/vida-de-ali\/#primaryimage"},"thumbnailUrl":"https:\/\/zapateneo.net\/wordpress\/wp-content\/uploads\/2023\/04\/vida-de-ali-9788412553901.jpg","datePublished":"2023-04-09T17:53:07+00:00","dateModified":"2023-04-09T17:53:30+00:00","breadcrumb":{"@id":"https:\/\/zapateneo.net\/wordpress\/index.php\/producto\/vida-de-ali\/#breadcrumb"},"inLanguage":"es","potentialAction":[{"@type":"ReadAction","target":["https:\/\/zapateneo.net\/wordpress\/index.php\/producto\/vida-de-ali\/"]}]},{"@type":"ImageObject","inLanguage":"es","@id":"https:\/\/zapateneo.net\/wordpress\/index.php\/producto\/vida-de-ali\/#primaryimage","url":"https:\/\/zapateneo.net\/wordpress\/wp-content\/uploads\/2023\/04\/vida-de-ali-9788412553901.jpg","contentUrl":"https:\/\/zapateneo.net\/wordpress\/wp-content\/uploads\/2023\/04\/vida-de-ali-9788412553901.jpg","width":256,"height":400},{"@type":"BreadcrumbList","@id":"https:\/\/zapateneo.net\/wordpress\/index.php\/producto\/vida-de-ali\/#breadcrumb","itemListElement":[{"@type":"ListItem","position":1,"name":"Portada","item":"https:\/\/zapateneo.net\/wordpress\/"},{"@type":"ListItem","position":2,"name":"Tienda","item":"https:\/\/zapateneo.net\/wordpress\/"},{"@type":"ListItem","position":3,"name":"VIDA DE ALI"}]},{"@type":"WebSite","@id":"https:\/\/zapateneo.net\/wordpress\/#website","url":"https:\/\/zapateneo.net\/wordpress\/","name":"Zapateneo","description":"Zapateneoaren webgunea","publisher":{"@id":"https:\/\/zapateneo.net\/wordpress\/#organization"},"potentialAction":[{"@type":"SearchAction","target":{"@type":"EntryPoint","urlTemplate":"https:\/\/zapateneo.net\/wordpress\/?s={search_term_string}"},"query-input":{"@type":"PropertyValueSpecification","valueRequired":true,"valueName":"search_term_string"}}],"inLanguage":"es"},{"@type":"Organization","@id":"https:\/\/zapateneo.net\/wordpress\/#organization","name":"Zapateneo Kultur Elkartea","url":"https:\/\/zapateneo.net\/wordpress\/","logo":{"@type":"ImageObject","inLanguage":"es","@id":"https:\/\/zapateneo.net\/wordpress\/#\/schema\/logo\/image\/","url":"https:\/\/zapateneo.net\/wordpress\/wp-content\/uploads\/2021\/04\/zap-libu-kolec.jpg","contentUrl":"https:\/\/zapateneo.net\/wordpress\/wp-content\/uploads\/2021\/04\/zap-libu-kolec.jpg","width":2234,"height":398,"caption":"Zapateneo Kultur Elkartea"},"image":{"@id":"https:\/\/zapateneo.net\/wordpress\/#\/schema\/logo\/image\/"},"sameAs":["https:\/\/x.com\/zapateneo"]}]}},"_links":{"self":[{"href":"https:\/\/zapateneo.net\/wordpress\/index.php\/wp-json\/wp\/v2\/product\/12667","targetHints":{"allow":["GET"]}}],"collection":[{"href":"https:\/\/zapateneo.net\/wordpress\/index.php\/wp-json\/wp\/v2\/product"}],"about":[{"href":"https:\/\/zapateneo.net\/wordpress\/index.php\/wp-json\/wp\/v2\/types\/product"}],"wp:featuredmedia":[{"embeddable":true,"href":"https:\/\/zapateneo.net\/wordpress\/index.php\/wp-json\/wp\/v2\/media\/12695"}],"wp:attachment":[{"href":"https:\/\/zapateneo.net\/wordpress\/index.php\/wp-json\/wp\/v2\/media?parent=12667"}],"wp:term":[{"taxonomy":"product_brand","embeddable":true,"href":"https:\/\/zapateneo.net\/wordpress\/index.php\/wp-json\/wp\/v2\/product_brand?post=12667"},{"taxonomy":"product_cat","embeddable":true,"href":"https:\/\/zapateneo.net\/wordpress\/index.php\/wp-json\/wp\/v2\/product_cat?post=12667"},{"taxonomy":"product_tag","embeddable":true,"href":"https:\/\/zapateneo.net\/wordpress\/index.php\/wp-json\/wp\/v2\/product_tag?post=12667"}],"curies":[{"name":"wp","href":"https:\/\/api.w.org\/{rel}","templated":true}]}}