{"id":12665,"date":"2023-04-09T18:53:06","date_gmt":"2023-04-09T17:53:06","guid":{"rendered":"https:\/\/zapateneo.net\/wordpress\/?post_type=product&#038;p=12665"},"modified":"2023-04-09T18:53:26","modified_gmt":"2023-04-09T17:53:26","slug":"palestina-cien-anos-de-colonialismo-y-resistencia","status":"publish","type":"product","link":"https:\/\/zapateneo.net\/wordpress\/index.php\/producto\/palestina-cien-anos-de-colonialismo-y-resistencia\/","title":{"rendered":"PALESTINA Cien a\u00f1os de colonialismo y resistencia"},"content":{"rendered":"<p>Una historia de referencia sobre los cien a\u00f1os de guerra contra los palestinos de la mano del principal historiador estadounidense de Oriente Medio, contada a trav\u00e9s de acontecimientos cruciales y de la historia familiar.<\/p>\n<p>En 1899, Yusuf Diya al-Khalidi, alcalde de Jerusal\u00e9n, alarmado por el llamamiento sionista a crear un hogar nacional jud\u00edo en Palestina, escribi\u00f3 una carta dirigida a Theodore Herzl: el pa\u00eds ten\u00eda un pueblo ind\u00edgena que no aceptar\u00eda f\u00e1cilmente su propio desplazamiento. Advirti\u00f3 de los peligros que se avecinaban y termin\u00f3 su nota diciendo: \u00aben nombre de Dios, que se deje a Palestina en paz\u00bb. As\u00ed, Rashid Khalidi, tataranieto de al-Khalidi, comienza esta amplia historia, el primer relato general del conflicto contado desde una perspectiva expl\u00edcitamente palestina.<\/p>\n<p>Bas\u00e1ndose en una gran cantidad de material de archivo sin explotar y en los informes de generaciones de miembros de la familia -alcaldes, jueces, eruditos, diplom\u00e1ticos y periodistas-, \u2018La Guerra de los Cien A\u00f1os en Palestina\u2019 pone en entredicho las interpretaciones aceptadas del conflicto, que tienden, en el mejor de los casos, a describir un tr\u00e1gico enfrentamiento entre dos pueblos que reclaman el mismo territorio. En su lugar, Khalidi traza cien a\u00f1os de guerra colonial contra los palestinos, librada primero por el movimiento sionista y luego por Israel, pero respaldada por Gran Breta\u00f1a y Estados Unidos, las grandes potencias de la \u00e9poca. Destaca los episodios clave de esta campa\u00f1a colonial, desde la Declaraci\u00f3n Balfour de 1917 hasta la destrucci\u00f3n de Palestina en 1948, desde la invasi\u00f3n israel\u00ed del L\u00edbano en 1982 hasta el interminable e in\u00fatil proceso de paz.<\/p>\n<p>Original, autorizada e importante, \u2018La guerra de los cien a\u00f1os en Palestina\u2019 no es una cr\u00f3nica de victimismo, ni blanquea los errores de los dirigentes palestinos ni niega la aparici\u00f3n de movimientos nacionales en ambos bandos. Al reevaluar las fuerzas desplegadas contra los palestinos, ofrece una nueva y esclarecedora visi\u00f3n de un conflicto que contin\u00faa hasta nuestros d\u00edas.<\/p>\n<p>Rashid Khalidi Historiador y escritor estadounidense de origen palestino y liban\u00e9s, especialista en Oriente Medio. Es titular de la c\u00e1tedra Edward Said de Estudios \u00c1rabes de la Universidad de Columbia y fue asesor de la delegaci\u00f3n palestina en las negociaciones de paz de Madrid y de Washington entre 1991 y 1993. Fue presidente de la Middle East Studies Association, y es redactor jefe de la revista Journal of Palestine Studies. Desde los a\u00f1os 1960 hasta 1983 vivi\u00f3 principalmente en Beirut, donde nacieron sus hijos y donde ense\u00f1aba en diversas universidades.<\/p>\n","protected":false},"excerpt":{"rendered":"<p><strong>Rashid Khalidi<\/strong><br \/>\n9788412619904 &#8211; Capit\u00e1n Swing &#8211; 2022 &#8211; 400 p\u00e1ginas \/orri.<\/p>\n","protected":false},"featured_media":12693,"template":"","meta":[],"product_brand":[],"product_cat":[185,16],"product_tag":[102,5928],"class_list":{"0":"post-12665","1":"product","2":"type-product","3":"status-publish","4":"has-post-thumbnail","6":"product_cat-historia","7":"product_cat-libros","8":"product_tag-capitan-swing","9":"product_tag-rashid-khalidi","11":"first","12":"instock","13":"sold-individually","14":"shipping-taxable","15":"purchasable","16":"product-type-simple"},"yoast_head":"<!-- This site is optimized with the Yoast SEO plugin v27.3 - https:\/\/yoast.com\/product\/yoast-seo-wordpress\/ -->\n<title>PALESTINA Cien a\u00f1os de colonialismo y resistencia &#8212; Zapateneo<\/title>\n<meta name=\"robots\" content=\"index, follow, max-snippet:-1, max-image-preview:large, max-video-preview:-1\" \/>\n<link rel=\"canonical\" href=\"https:\/\/zapateneo.net\/wordpress\/index.php\/producto\/palestina-cien-anos-de-colonialismo-y-resistencia\/\" \/>\n<meta property=\"og:locale\" content=\"es_ES\" \/>\n<meta property=\"og:type\" content=\"article\" \/>\n<meta property=\"og:title\" content=\"PALESTINA Cien a\u00f1os de colonialismo y resistencia &#8212; Zapateneo\" \/>\n<meta property=\"og:description\" content=\"Rashid Khalidi 9788412619904 - Capit\u00e1n Swing - 2022 - 400 p\u00e1ginas \/orri.\" \/>\n<meta property=\"og:url\" content=\"https:\/\/zapateneo.net\/wordpress\/index.php\/producto\/palestina-cien-anos-de-colonialismo-y-resistencia\/\" \/>\n<meta property=\"og:site_name\" content=\"Zapateneo\" \/>\n<meta property=\"article:modified_time\" content=\"2023-04-09T17:53:26+00:00\" \/>\n<meta name=\"twitter:card\" content=\"summary_large_image\" \/>\n<meta name=\"twitter:site\" content=\"@zapateneo\" \/>\n<meta name=\"twitter:label1\" content=\"Tiempo de lectura\" \/>\n\t<meta name=\"twitter:data1\" content=\"2 minutos\" \/>\n<script type=\"application\/ld+json\" class=\"yoast-schema-graph\">{\"@context\":\"https:\\\/\\\/schema.org\",\"@graph\":[{\"@type\":\"WebPage\",\"@id\":\"https:\\\/\\\/zapateneo.net\\\/wordpress\\\/index.php\\\/producto\\\/palestina-cien-anos-de-colonialismo-y-resistencia\\\/\",\"url\":\"https:\\\/\\\/zapateneo.net\\\/wordpress\\\/index.php\\\/producto\\\/palestina-cien-anos-de-colonialismo-y-resistencia\\\/\",\"name\":\"PALESTINA Cien a\u00f1os de colonialismo y resistencia &#8212; Zapateneo\",\"isPartOf\":{\"@id\":\"https:\\\/\\\/zapateneo.net\\\/wordpress\\\/#website\"},\"primaryImageOfPage\":{\"@id\":\"https:\\\/\\\/zapateneo.net\\\/wordpress\\\/index.php\\\/producto\\\/palestina-cien-anos-de-colonialismo-y-resistencia\\\/#primaryimage\"},\"image\":{\"@id\":\"https:\\\/\\\/zapateneo.net\\\/wordpress\\\/index.php\\\/producto\\\/palestina-cien-anos-de-colonialismo-y-resistencia\\\/#primaryimage\"},\"thumbnailUrl\":\"https:\\\/\\\/zapateneo.net\\\/wordpress\\\/wp-content\\\/uploads\\\/2023\\\/04\\\/palestina-9788412619904.jpg\",\"datePublished\":\"2023-04-09T17:53:06+00:00\",\"dateModified\":\"2023-04-09T17:53:26+00:00\",\"breadcrumb\":{\"@id\":\"https:\\\/\\\/zapateneo.net\\\/wordpress\\\/index.php\\\/producto\\\/palestina-cien-anos-de-colonialismo-y-resistencia\\\/#breadcrumb\"},\"inLanguage\":\"es\",\"potentialAction\":[{\"@type\":\"ReadAction\",\"target\":[\"https:\\\/\\\/zapateneo.net\\\/wordpress\\\/index.php\\\/producto\\\/palestina-cien-anos-de-colonialismo-y-resistencia\\\/\"]}]},{\"@type\":\"ImageObject\",\"inLanguage\":\"es\",\"@id\":\"https:\\\/\\\/zapateneo.net\\\/wordpress\\\/index.php\\\/producto\\\/palestina-cien-anos-de-colonialismo-y-resistencia\\\/#primaryimage\",\"url\":\"https:\\\/\\\/zapateneo.net\\\/wordpress\\\/wp-content\\\/uploads\\\/2023\\\/04\\\/palestina-9788412619904.jpg\",\"contentUrl\":\"https:\\\/\\\/zapateneo.net\\\/wordpress\\\/wp-content\\\/uploads\\\/2023\\\/04\\\/palestina-9788412619904.jpg\",\"width\":256,\"height\":400},{\"@type\":\"BreadcrumbList\",\"@id\":\"https:\\\/\\\/zapateneo.net\\\/wordpress\\\/index.php\\\/producto\\\/palestina-cien-anos-de-colonialismo-y-resistencia\\\/#breadcrumb\",\"itemListElement\":[{\"@type\":\"ListItem\",\"position\":1,\"name\":\"Portada\",\"item\":\"https:\\\/\\\/zapateneo.net\\\/wordpress\\\/\"},{\"@type\":\"ListItem\",\"position\":2,\"name\":\"Tienda\",\"item\":\"https:\\\/\\\/zapateneo.net\\\/wordpress\\\/\"},{\"@type\":\"ListItem\",\"position\":3,\"name\":\"PALESTINA Cien a\u00f1os de colonialismo y resistencia\"}]},{\"@type\":\"WebSite\",\"@id\":\"https:\\\/\\\/zapateneo.net\\\/wordpress\\\/#website\",\"url\":\"https:\\\/\\\/zapateneo.net\\\/wordpress\\\/\",\"name\":\"Zapateneo\",\"description\":\"Zapateneoaren webgunea\",\"publisher\":{\"@id\":\"https:\\\/\\\/zapateneo.net\\\/wordpress\\\/#organization\"},\"potentialAction\":[{\"@type\":\"SearchAction\",\"target\":{\"@type\":\"EntryPoint\",\"urlTemplate\":\"https:\\\/\\\/zapateneo.net\\\/wordpress\\\/?s={search_term_string}\"},\"query-input\":{\"@type\":\"PropertyValueSpecification\",\"valueRequired\":true,\"valueName\":\"search_term_string\"}}],\"inLanguage\":\"es\"},{\"@type\":\"Organization\",\"@id\":\"https:\\\/\\\/zapateneo.net\\\/wordpress\\\/#organization\",\"name\":\"Zapateneo Kultur Elkartea\",\"url\":\"https:\\\/\\\/zapateneo.net\\\/wordpress\\\/\",\"logo\":{\"@type\":\"ImageObject\",\"inLanguage\":\"es\",\"@id\":\"https:\\\/\\\/zapateneo.net\\\/wordpress\\\/#\\\/schema\\\/logo\\\/image\\\/\",\"url\":\"https:\\\/\\\/zapateneo.net\\\/wordpress\\\/wp-content\\\/uploads\\\/2021\\\/04\\\/zap-libu-kolec.jpg\",\"contentUrl\":\"https:\\\/\\\/zapateneo.net\\\/wordpress\\\/wp-content\\\/uploads\\\/2021\\\/04\\\/zap-libu-kolec.jpg\",\"width\":2234,\"height\":398,\"caption\":\"Zapateneo Kultur Elkartea\"},\"image\":{\"@id\":\"https:\\\/\\\/zapateneo.net\\\/wordpress\\\/#\\\/schema\\\/logo\\\/image\\\/\"},\"sameAs\":[\"https:\\\/\\\/x.com\\\/zapateneo\"]}]}<\/script>\n<!-- \/ Yoast SEO plugin. -->","yoast_head_json":{"title":"PALESTINA Cien a\u00f1os de colonialismo y resistencia &#8212; Zapateneo","robots":{"index":"index","follow":"follow","max-snippet":"max-snippet:-1","max-image-preview":"max-image-preview:large","max-video-preview":"max-video-preview:-1"},"canonical":"https:\/\/zapateneo.net\/wordpress\/index.php\/producto\/palestina-cien-anos-de-colonialismo-y-resistencia\/","og_locale":"es_ES","og_type":"article","og_title":"PALESTINA Cien a\u00f1os de colonialismo y resistencia &#8212; Zapateneo","og_description":"Rashid Khalidi 9788412619904 - Capit\u00e1n Swing - 2022 - 400 p\u00e1ginas \/orri.","og_url":"https:\/\/zapateneo.net\/wordpress\/index.php\/producto\/palestina-cien-anos-de-colonialismo-y-resistencia\/","og_site_name":"Zapateneo","article_modified_time":"2023-04-09T17:53:26+00:00","twitter_card":"summary_large_image","twitter_site":"@zapateneo","twitter_misc":{"Tiempo de lectura":"2 minutos"},"schema":{"@context":"https:\/\/schema.org","@graph":[{"@type":"WebPage","@id":"https:\/\/zapateneo.net\/wordpress\/index.php\/producto\/palestina-cien-anos-de-colonialismo-y-resistencia\/","url":"https:\/\/zapateneo.net\/wordpress\/index.php\/producto\/palestina-cien-anos-de-colonialismo-y-resistencia\/","name":"PALESTINA Cien a\u00f1os de colonialismo y resistencia &#8212; Zapateneo","isPartOf":{"@id":"https:\/\/zapateneo.net\/wordpress\/#website"},"primaryImageOfPage":{"@id":"https:\/\/zapateneo.net\/wordpress\/index.php\/producto\/palestina-cien-anos-de-colonialismo-y-resistencia\/#primaryimage"},"image":{"@id":"https:\/\/zapateneo.net\/wordpress\/index.php\/producto\/palestina-cien-anos-de-colonialismo-y-resistencia\/#primaryimage"},"thumbnailUrl":"https:\/\/zapateneo.net\/wordpress\/wp-content\/uploads\/2023\/04\/palestina-9788412619904.jpg","datePublished":"2023-04-09T17:53:06+00:00","dateModified":"2023-04-09T17:53:26+00:00","breadcrumb":{"@id":"https:\/\/zapateneo.net\/wordpress\/index.php\/producto\/palestina-cien-anos-de-colonialismo-y-resistencia\/#breadcrumb"},"inLanguage":"es","potentialAction":[{"@type":"ReadAction","target":["https:\/\/zapateneo.net\/wordpress\/index.php\/producto\/palestina-cien-anos-de-colonialismo-y-resistencia\/"]}]},{"@type":"ImageObject","inLanguage":"es","@id":"https:\/\/zapateneo.net\/wordpress\/index.php\/producto\/palestina-cien-anos-de-colonialismo-y-resistencia\/#primaryimage","url":"https:\/\/zapateneo.net\/wordpress\/wp-content\/uploads\/2023\/04\/palestina-9788412619904.jpg","contentUrl":"https:\/\/zapateneo.net\/wordpress\/wp-content\/uploads\/2023\/04\/palestina-9788412619904.jpg","width":256,"height":400},{"@type":"BreadcrumbList","@id":"https:\/\/zapateneo.net\/wordpress\/index.php\/producto\/palestina-cien-anos-de-colonialismo-y-resistencia\/#breadcrumb","itemListElement":[{"@type":"ListItem","position":1,"name":"Portada","item":"https:\/\/zapateneo.net\/wordpress\/"},{"@type":"ListItem","position":2,"name":"Tienda","item":"https:\/\/zapateneo.net\/wordpress\/"},{"@type":"ListItem","position":3,"name":"PALESTINA Cien a\u00f1os de colonialismo y resistencia"}]},{"@type":"WebSite","@id":"https:\/\/zapateneo.net\/wordpress\/#website","url":"https:\/\/zapateneo.net\/wordpress\/","name":"Zapateneo","description":"Zapateneoaren webgunea","publisher":{"@id":"https:\/\/zapateneo.net\/wordpress\/#organization"},"potentialAction":[{"@type":"SearchAction","target":{"@type":"EntryPoint","urlTemplate":"https:\/\/zapateneo.net\/wordpress\/?s={search_term_string}"},"query-input":{"@type":"PropertyValueSpecification","valueRequired":true,"valueName":"search_term_string"}}],"inLanguage":"es"},{"@type":"Organization","@id":"https:\/\/zapateneo.net\/wordpress\/#organization","name":"Zapateneo Kultur Elkartea","url":"https:\/\/zapateneo.net\/wordpress\/","logo":{"@type":"ImageObject","inLanguage":"es","@id":"https:\/\/zapateneo.net\/wordpress\/#\/schema\/logo\/image\/","url":"https:\/\/zapateneo.net\/wordpress\/wp-content\/uploads\/2021\/04\/zap-libu-kolec.jpg","contentUrl":"https:\/\/zapateneo.net\/wordpress\/wp-content\/uploads\/2021\/04\/zap-libu-kolec.jpg","width":2234,"height":398,"caption":"Zapateneo Kultur Elkartea"},"image":{"@id":"https:\/\/zapateneo.net\/wordpress\/#\/schema\/logo\/image\/"},"sameAs":["https:\/\/x.com\/zapateneo"]}]}},"_links":{"self":[{"href":"https:\/\/zapateneo.net\/wordpress\/index.php\/wp-json\/wp\/v2\/product\/12665","targetHints":{"allow":["GET"]}}],"collection":[{"href":"https:\/\/zapateneo.net\/wordpress\/index.php\/wp-json\/wp\/v2\/product"}],"about":[{"href":"https:\/\/zapateneo.net\/wordpress\/index.php\/wp-json\/wp\/v2\/types\/product"}],"wp:featuredmedia":[{"embeddable":true,"href":"https:\/\/zapateneo.net\/wordpress\/index.php\/wp-json\/wp\/v2\/media\/12693"}],"wp:attachment":[{"href":"https:\/\/zapateneo.net\/wordpress\/index.php\/wp-json\/wp\/v2\/media?parent=12665"}],"wp:term":[{"taxonomy":"product_brand","embeddable":true,"href":"https:\/\/zapateneo.net\/wordpress\/index.php\/wp-json\/wp\/v2\/product_brand?post=12665"},{"taxonomy":"product_cat","embeddable":true,"href":"https:\/\/zapateneo.net\/wordpress\/index.php\/wp-json\/wp\/v2\/product_cat?post=12665"},{"taxonomy":"product_tag","embeddable":true,"href":"https:\/\/zapateneo.net\/wordpress\/index.php\/wp-json\/wp\/v2\/product_tag?post=12665"}],"curies":[{"name":"wp","href":"https:\/\/api.w.org\/{rel}","templated":true}]}}