{"id":12663,"date":"2023-04-09T18:53:05","date_gmt":"2023-04-09T17:53:05","guid":{"rendered":"https:\/\/zapateneo.net\/wordpress\/?post_type=product&#038;p=12663"},"modified":"2023-04-09T18:53:25","modified_gmt":"2023-04-09T17:53:25","slug":"la-historia-o-las-historias-un-debate-en-el-seno-del-anarquismo","status":"publish","type":"product","link":"https:\/\/zapateneo.net\/wordpress\/index.php\/producto\/la-historia-o-las-historias-un-debate-en-el-seno-del-anarquismo\/","title":{"rendered":"LA HISTORIA O LAS HISTORIAS Un debate en el seno del anarquismo"},"content":{"rendered":"<p>El libro se compone de tres partes. La primera parte, es decir, el Pre\u00e1mbulo, presenta conceptos y visiones que ayudan a comprender el conjunto del libro, a cuestionar conceptos preconcebidos y a superar la mirada euroc\u00e9ntrica, un\u00edvoca y marcada por el Poder (la Academia, el patriarcado, el especismo, el clasismo, el etnicismo, el edadismo&#8230;).<\/p>\n<p>En Ambulando, se presentan tres art\u00edculos que abordan el tema historiogr\u00e1fico desde tres perspectivas diferentes que pretenden provocar un debate tanto en el seno del libro como los movimientos libertarios. Cuando nos adentramos en Nomadeando, nos encontramos con once escritos que, si los vemos en su conjunto, nos dan una visi\u00f3n diacr\u00f3nica, con un transcurrir entre el Neol\u00edtico y la actualidad; mientras que si abordamos cada art\u00edculo de uno en uno, por separado, nos ayudan a tener una visi\u00f3n sincr\u00f3nica de un periodo o un momento hist\u00f3rico determinado en un lugar espec\u00edfico. Hemos hecho una selecci\u00f3n de art\u00edculos que no solo se centren en el mundo occidental, sino en diversos continentes; que no solo hablen desde los hombres, sino desde los diversos g\u00e9neros; que no solo hablen desde quienes tienen el dinero para hablar, sino principalmente desde las clases y etnias oprimidas.<\/p>\n<p>Adem\u00e1s, comprendemos que la historia no es algo del pasado, sino tambi\u00e9n la historia inmediata de lo que est\u00e1 ocurriendo en este mismo momento. As\u00ed, las personas con inquietudes historiogr\u00e1ficas y te\u00f3ricas tienen en Ambulando art\u00edculos de profundizaci\u00f3n y cuestionamiento para alimentar el debate sobre el para qu\u00e9, el qu\u00e9 y el c\u00f3mo de la historiograf\u00eda, mientras que las personas que gustan de conocer m\u00e1s sobre acontecimientos hist\u00f3ricos tienen en Nomadeando un conjunto de textos para el disfrute de su lectura.<\/p>\n<p>Para qu\u00e9 recoger, escriturar\/relatar y comprender los acontecimientos hist\u00f3ricos del pasado y\/o del presente. \u00bfHay que desarrollar una epistemolog\u00eda anarquista que nos ayude a conseguir la autogesti\u00f3n de la vida cotidiana? \u00bfO tiene que ser la gente anarquista la que se adscriba a la epistemolog\u00eda que le resulte m\u00e1s cercana? (distributiva, estructural, sociopr\u00e1xica o dial\u00e9ctica).<\/p>\n<p>Qu\u00e9 hacemos con lo recogido, escriturado\/relatado y comprendido de los acontecimientos hist\u00f3ricos del pasado y\/o del presente. \u00bfTiene una utilidad, o es conocimiento puro? \u00bfHay que construir formas de trabajar o metodolog\u00edas que nos sirvan para transitar nuevos mundos? C\u00f3mo recogemos, escrituramos\/relatamos y comprendemos los acontecimientos hist\u00f3ricos del pasado y\/o del presente. \u00bfCon qu\u00e9 t\u00e9cnicas o herramientas? \u00bfEs inocuo el uso de las t\u00e9cnicas o herramientas?<\/p>\n<p>\u00bfQueremos una Historia que nos ayude a empoderarnos y nos d\u00e9 herramientas para el consenso y el crecimiento individual y grupal, sirvi\u00e9ndonos as\u00ed de escudo contra el Capitalismo, el Patriarcado y el Especismo? \u00bfO trabajamos unas historias que, desde la ayuda mutua, la construcci\u00f3n colectiva y el disenso, nos ayuden a construir mundos nuevos, mediante la dejaci\u00f3n de poder hacia l@s de abajo y en armon\u00eda con el entorno social y natural (desempoderamiento)?<\/p>\n<p>Todas estas cuestiones son las que abordamos en este libro, de una forma inacabada, imperfecta, incompleta, desde la incertidumbre. Desde diversas posturas en el seno del anarquismo, desde diversas formas de escriturar, desde el disenso&#8230; que coinciden en este libro que tienes entre las manos, queremos provocan nuevas conectividades, nuevas formas de influirse mutuamente -m\u00e1s si incluimos nuestra propia mirada al leerlo-, y nuevas emergencias, es decir, nuevas formas de comprender y usar los textos.<\/p>\n<p>Con textos de Javier Encina, Sergio Higuera, Ainhoa Ezeiza, Jorell A. Mel\u00e9ndez-Badillo, Jason Adams, Pedro Garc\u00eda Olivo, Francisco Jos\u00e9 Fern\u00e1ndez And\u00fajar, Nahia Delgado de Frutos, Ra\u00fal Cruz, David Graeber, David Wengrow, Jordi Ma\u00edz, Curro Rodr\u00edguez, Juli\u00e1n Vadillo, Silvia Rivera Cusicanqui, Laura Vicente, Brenda Porras Rodr\u00edguez y Fernando Alan L\u00f3pez Bonifacio.<\/p>\n","protected":false},"excerpt":{"rendered":"<p><strong>Javier Encina, Ainhoa Ezeiza, Sergio Higuera<\/strong><br \/>\n9788412653700 &#8211; Volap\u00fck &#8211; 2022 &#8211; 496 p\u00e1ginas \/orri.<\/p>\n","protected":false},"featured_media":12691,"template":"","meta":[],"product_brand":[],"product_cat":[1868,16],"product_tag":[5924,5923,5925,3769],"class_list":{"0":"post-12663","1":"product","2":"type-product","3":"status-publish","4":"has-post-thumbnail","6":"product_cat-anarkismoa-anarquismo","7":"product_cat-libros","8":"product_tag-ainhoa-ezeiza","9":"product_tag-javier-encina","10":"product_tag-sergio-higuera","11":"product_tag-volapuk","13":"first","14":"instock","15":"sold-individually","16":"shipping-taxable","17":"purchasable","18":"product-type-simple"},"yoast_head":"<!-- This site is optimized with the Yoast SEO plugin v27.3 - https:\/\/yoast.com\/product\/yoast-seo-wordpress\/ -->\n<title>LA HISTORIA O LAS HISTORIAS Un debate en el seno del anarquismo &#8212; Zapateneo<\/title>\n<meta name=\"robots\" content=\"index, follow, max-snippet:-1, max-image-preview:large, max-video-preview:-1\" \/>\n<link rel=\"canonical\" href=\"https:\/\/zapateneo.net\/wordpress\/index.php\/producto\/la-historia-o-las-historias-un-debate-en-el-seno-del-anarquismo\/\" \/>\n<meta property=\"og:locale\" content=\"es_ES\" \/>\n<meta property=\"og:type\" content=\"article\" \/>\n<meta property=\"og:title\" content=\"LA HISTORIA O LAS HISTORIAS Un debate en el seno del anarquismo &#8212; Zapateneo\" \/>\n<meta property=\"og:description\" content=\"Javier Encina, Ainhoa Ezeiza, Sergio Higuera 9788412653700 - Volap\u00fck - 2022 - 496 p\u00e1ginas \/orri.\" \/>\n<meta property=\"og:url\" content=\"https:\/\/zapateneo.net\/wordpress\/index.php\/producto\/la-historia-o-las-historias-un-debate-en-el-seno-del-anarquismo\/\" \/>\n<meta property=\"og:site_name\" content=\"Zapateneo\" \/>\n<meta property=\"article:modified_time\" content=\"2023-04-09T17:53:25+00:00\" \/>\n<meta name=\"twitter:card\" content=\"summary_large_image\" \/>\n<meta name=\"twitter:site\" content=\"@zapateneo\" \/>\n<meta name=\"twitter:label1\" content=\"Tiempo de lectura\" \/>\n\t<meta name=\"twitter:data1\" content=\"3 minutos\" \/>\n<script type=\"application\/ld+json\" class=\"yoast-schema-graph\">{\"@context\":\"https:\\\/\\\/schema.org\",\"@graph\":[{\"@type\":\"WebPage\",\"@id\":\"https:\\\/\\\/zapateneo.net\\\/wordpress\\\/index.php\\\/producto\\\/la-historia-o-las-historias-un-debate-en-el-seno-del-anarquismo\\\/\",\"url\":\"https:\\\/\\\/zapateneo.net\\\/wordpress\\\/index.php\\\/producto\\\/la-historia-o-las-historias-un-debate-en-el-seno-del-anarquismo\\\/\",\"name\":\"LA HISTORIA O LAS HISTORIAS Un debate en el seno del anarquismo &#8212; Zapateneo\",\"isPartOf\":{\"@id\":\"https:\\\/\\\/zapateneo.net\\\/wordpress\\\/#website\"},\"primaryImageOfPage\":{\"@id\":\"https:\\\/\\\/zapateneo.net\\\/wordpress\\\/index.php\\\/producto\\\/la-historia-o-las-historias-un-debate-en-el-seno-del-anarquismo\\\/#primaryimage\"},\"image\":{\"@id\":\"https:\\\/\\\/zapateneo.net\\\/wordpress\\\/index.php\\\/producto\\\/la-historia-o-las-historias-un-debate-en-el-seno-del-anarquismo\\\/#primaryimage\"},\"thumbnailUrl\":\"https:\\\/\\\/zapateneo.net\\\/wordpress\\\/wp-content\\\/uploads\\\/2023\\\/04\\\/la-historia-o-las-historias-9788412653700.jpg\",\"datePublished\":\"2023-04-09T17:53:05+00:00\",\"dateModified\":\"2023-04-09T17:53:25+00:00\",\"breadcrumb\":{\"@id\":\"https:\\\/\\\/zapateneo.net\\\/wordpress\\\/index.php\\\/producto\\\/la-historia-o-las-historias-un-debate-en-el-seno-del-anarquismo\\\/#breadcrumb\"},\"inLanguage\":\"es\",\"potentialAction\":[{\"@type\":\"ReadAction\",\"target\":[\"https:\\\/\\\/zapateneo.net\\\/wordpress\\\/index.php\\\/producto\\\/la-historia-o-las-historias-un-debate-en-el-seno-del-anarquismo\\\/\"]}]},{\"@type\":\"ImageObject\",\"inLanguage\":\"es\",\"@id\":\"https:\\\/\\\/zapateneo.net\\\/wordpress\\\/index.php\\\/producto\\\/la-historia-o-las-historias-un-debate-en-el-seno-del-anarquismo\\\/#primaryimage\",\"url\":\"https:\\\/\\\/zapateneo.net\\\/wordpress\\\/wp-content\\\/uploads\\\/2023\\\/04\\\/la-historia-o-las-historias-9788412653700.jpg\",\"contentUrl\":\"https:\\\/\\\/zapateneo.net\\\/wordpress\\\/wp-content\\\/uploads\\\/2023\\\/04\\\/la-historia-o-las-historias-9788412653700.jpg\",\"width\":218,\"height\":320},{\"@type\":\"BreadcrumbList\",\"@id\":\"https:\\\/\\\/zapateneo.net\\\/wordpress\\\/index.php\\\/producto\\\/la-historia-o-las-historias-un-debate-en-el-seno-del-anarquismo\\\/#breadcrumb\",\"itemListElement\":[{\"@type\":\"ListItem\",\"position\":1,\"name\":\"Portada\",\"item\":\"https:\\\/\\\/zapateneo.net\\\/wordpress\\\/\"},{\"@type\":\"ListItem\",\"position\":2,\"name\":\"Tienda\",\"item\":\"https:\\\/\\\/zapateneo.net\\\/wordpress\\\/\"},{\"@type\":\"ListItem\",\"position\":3,\"name\":\"LA HISTORIA O LAS HISTORIAS Un debate en el seno del anarquismo\"}]},{\"@type\":\"WebSite\",\"@id\":\"https:\\\/\\\/zapateneo.net\\\/wordpress\\\/#website\",\"url\":\"https:\\\/\\\/zapateneo.net\\\/wordpress\\\/\",\"name\":\"Zapateneo\",\"description\":\"Zapateneoaren webgunea\",\"publisher\":{\"@id\":\"https:\\\/\\\/zapateneo.net\\\/wordpress\\\/#organization\"},\"potentialAction\":[{\"@type\":\"SearchAction\",\"target\":{\"@type\":\"EntryPoint\",\"urlTemplate\":\"https:\\\/\\\/zapateneo.net\\\/wordpress\\\/?s={search_term_string}\"},\"query-input\":{\"@type\":\"PropertyValueSpecification\",\"valueRequired\":true,\"valueName\":\"search_term_string\"}}],\"inLanguage\":\"es\"},{\"@type\":\"Organization\",\"@id\":\"https:\\\/\\\/zapateneo.net\\\/wordpress\\\/#organization\",\"name\":\"Zapateneo Kultur Elkartea\",\"url\":\"https:\\\/\\\/zapateneo.net\\\/wordpress\\\/\",\"logo\":{\"@type\":\"ImageObject\",\"inLanguage\":\"es\",\"@id\":\"https:\\\/\\\/zapateneo.net\\\/wordpress\\\/#\\\/schema\\\/logo\\\/image\\\/\",\"url\":\"https:\\\/\\\/zapateneo.net\\\/wordpress\\\/wp-content\\\/uploads\\\/2021\\\/04\\\/zap-libu-kolec.jpg\",\"contentUrl\":\"https:\\\/\\\/zapateneo.net\\\/wordpress\\\/wp-content\\\/uploads\\\/2021\\\/04\\\/zap-libu-kolec.jpg\",\"width\":2234,\"height\":398,\"caption\":\"Zapateneo Kultur Elkartea\"},\"image\":{\"@id\":\"https:\\\/\\\/zapateneo.net\\\/wordpress\\\/#\\\/schema\\\/logo\\\/image\\\/\"},\"sameAs\":[\"https:\\\/\\\/x.com\\\/zapateneo\"]}]}<\/script>\n<!-- \/ Yoast SEO plugin. -->","yoast_head_json":{"title":"LA HISTORIA O LAS HISTORIAS Un debate en el seno del anarquismo &#8212; Zapateneo","robots":{"index":"index","follow":"follow","max-snippet":"max-snippet:-1","max-image-preview":"max-image-preview:large","max-video-preview":"max-video-preview:-1"},"canonical":"https:\/\/zapateneo.net\/wordpress\/index.php\/producto\/la-historia-o-las-historias-un-debate-en-el-seno-del-anarquismo\/","og_locale":"es_ES","og_type":"article","og_title":"LA HISTORIA O LAS HISTORIAS Un debate en el seno del anarquismo &#8212; Zapateneo","og_description":"Javier Encina, Ainhoa Ezeiza, Sergio Higuera 9788412653700 - Volap\u00fck - 2022 - 496 p\u00e1ginas \/orri.","og_url":"https:\/\/zapateneo.net\/wordpress\/index.php\/producto\/la-historia-o-las-historias-un-debate-en-el-seno-del-anarquismo\/","og_site_name":"Zapateneo","article_modified_time":"2023-04-09T17:53:25+00:00","twitter_card":"summary_large_image","twitter_site":"@zapateneo","twitter_misc":{"Tiempo de lectura":"3 minutos"},"schema":{"@context":"https:\/\/schema.org","@graph":[{"@type":"WebPage","@id":"https:\/\/zapateneo.net\/wordpress\/index.php\/producto\/la-historia-o-las-historias-un-debate-en-el-seno-del-anarquismo\/","url":"https:\/\/zapateneo.net\/wordpress\/index.php\/producto\/la-historia-o-las-historias-un-debate-en-el-seno-del-anarquismo\/","name":"LA HISTORIA O LAS HISTORIAS Un debate en el seno del anarquismo &#8212; Zapateneo","isPartOf":{"@id":"https:\/\/zapateneo.net\/wordpress\/#website"},"primaryImageOfPage":{"@id":"https:\/\/zapateneo.net\/wordpress\/index.php\/producto\/la-historia-o-las-historias-un-debate-en-el-seno-del-anarquismo\/#primaryimage"},"image":{"@id":"https:\/\/zapateneo.net\/wordpress\/index.php\/producto\/la-historia-o-las-historias-un-debate-en-el-seno-del-anarquismo\/#primaryimage"},"thumbnailUrl":"https:\/\/zapateneo.net\/wordpress\/wp-content\/uploads\/2023\/04\/la-historia-o-las-historias-9788412653700.jpg","datePublished":"2023-04-09T17:53:05+00:00","dateModified":"2023-04-09T17:53:25+00:00","breadcrumb":{"@id":"https:\/\/zapateneo.net\/wordpress\/index.php\/producto\/la-historia-o-las-historias-un-debate-en-el-seno-del-anarquismo\/#breadcrumb"},"inLanguage":"es","potentialAction":[{"@type":"ReadAction","target":["https:\/\/zapateneo.net\/wordpress\/index.php\/producto\/la-historia-o-las-historias-un-debate-en-el-seno-del-anarquismo\/"]}]},{"@type":"ImageObject","inLanguage":"es","@id":"https:\/\/zapateneo.net\/wordpress\/index.php\/producto\/la-historia-o-las-historias-un-debate-en-el-seno-del-anarquismo\/#primaryimage","url":"https:\/\/zapateneo.net\/wordpress\/wp-content\/uploads\/2023\/04\/la-historia-o-las-historias-9788412653700.jpg","contentUrl":"https:\/\/zapateneo.net\/wordpress\/wp-content\/uploads\/2023\/04\/la-historia-o-las-historias-9788412653700.jpg","width":218,"height":320},{"@type":"BreadcrumbList","@id":"https:\/\/zapateneo.net\/wordpress\/index.php\/producto\/la-historia-o-las-historias-un-debate-en-el-seno-del-anarquismo\/#breadcrumb","itemListElement":[{"@type":"ListItem","position":1,"name":"Portada","item":"https:\/\/zapateneo.net\/wordpress\/"},{"@type":"ListItem","position":2,"name":"Tienda","item":"https:\/\/zapateneo.net\/wordpress\/"},{"@type":"ListItem","position":3,"name":"LA HISTORIA O LAS HISTORIAS Un debate en el seno del anarquismo"}]},{"@type":"WebSite","@id":"https:\/\/zapateneo.net\/wordpress\/#website","url":"https:\/\/zapateneo.net\/wordpress\/","name":"Zapateneo","description":"Zapateneoaren webgunea","publisher":{"@id":"https:\/\/zapateneo.net\/wordpress\/#organization"},"potentialAction":[{"@type":"SearchAction","target":{"@type":"EntryPoint","urlTemplate":"https:\/\/zapateneo.net\/wordpress\/?s={search_term_string}"},"query-input":{"@type":"PropertyValueSpecification","valueRequired":true,"valueName":"search_term_string"}}],"inLanguage":"es"},{"@type":"Organization","@id":"https:\/\/zapateneo.net\/wordpress\/#organization","name":"Zapateneo Kultur Elkartea","url":"https:\/\/zapateneo.net\/wordpress\/","logo":{"@type":"ImageObject","inLanguage":"es","@id":"https:\/\/zapateneo.net\/wordpress\/#\/schema\/logo\/image\/","url":"https:\/\/zapateneo.net\/wordpress\/wp-content\/uploads\/2021\/04\/zap-libu-kolec.jpg","contentUrl":"https:\/\/zapateneo.net\/wordpress\/wp-content\/uploads\/2021\/04\/zap-libu-kolec.jpg","width":2234,"height":398,"caption":"Zapateneo Kultur Elkartea"},"image":{"@id":"https:\/\/zapateneo.net\/wordpress\/#\/schema\/logo\/image\/"},"sameAs":["https:\/\/x.com\/zapateneo"]}]}},"_links":{"self":[{"href":"https:\/\/zapateneo.net\/wordpress\/index.php\/wp-json\/wp\/v2\/product\/12663","targetHints":{"allow":["GET"]}}],"collection":[{"href":"https:\/\/zapateneo.net\/wordpress\/index.php\/wp-json\/wp\/v2\/product"}],"about":[{"href":"https:\/\/zapateneo.net\/wordpress\/index.php\/wp-json\/wp\/v2\/types\/product"}],"wp:featuredmedia":[{"embeddable":true,"href":"https:\/\/zapateneo.net\/wordpress\/index.php\/wp-json\/wp\/v2\/media\/12691"}],"wp:attachment":[{"href":"https:\/\/zapateneo.net\/wordpress\/index.php\/wp-json\/wp\/v2\/media?parent=12663"}],"wp:term":[{"taxonomy":"product_brand","embeddable":true,"href":"https:\/\/zapateneo.net\/wordpress\/index.php\/wp-json\/wp\/v2\/product_brand?post=12663"},{"taxonomy":"product_cat","embeddable":true,"href":"https:\/\/zapateneo.net\/wordpress\/index.php\/wp-json\/wp\/v2\/product_cat?post=12663"},{"taxonomy":"product_tag","embeddable":true,"href":"https:\/\/zapateneo.net\/wordpress\/index.php\/wp-json\/wp\/v2\/product_tag?post=12663"}],"curies":[{"name":"wp","href":"https:\/\/api.w.org\/{rel}","templated":true}]}}