{"id":12658,"date":"2023-04-09T18:53:04","date_gmt":"2023-04-09T17:53:04","guid":{"rendered":"https:\/\/zapateneo.net\/wordpress\/?post_type=product&#038;p=12658"},"modified":"2023-07-12T06:24:59","modified_gmt":"2023-07-12T05:24:59","slug":"la-utopia-de-thomas-more-a-walter-benjamin","status":"publish","type":"product","link":"https:\/\/zapateneo.net\/wordpress\/index.php\/producto\/la-utopia-de-thomas-more-a-walter-benjamin\/","title":{"rendered":"LA UTOP\u00cdA DE THOMAS MORE A WALTER BENJAMIN"},"content":{"rendered":"<p>\u00bfThomas More, Walter Benjamin? El encuentro de estos dos nombres en una constelaci\u00f3n inusual es sorprendente. Hay pocos elementos que parezcan unirlos, excepto quiz\u00e1s el esencial, la utop\u00eda. Sin embargo, no se trata de descubrir una filiaci\u00f3n desconocida, ni de pretender escribir una historia de la utop\u00eda en la que Thomas More ser\u00eda el principio y Walter Benjamin el final.<\/p>\n<p>Si bien es cierto que Thomas More invent\u00f3 un nuevo dispositivo ret\u00f3rico con su Utop\u00eda e intent\u00f3 as\u00ed una nueva intervenci\u00f3n en el campo pol\u00edtico, Walter Benjamin no representa en absoluto la culminaci\u00f3n de la tradici\u00f3n ut\u00f3pica que, bajo diversas formas, ha continuado y sigue manifest\u00e1ndose despu\u00e9s de \u00e9l.<\/p>\n<p>El proyecto consiste m\u00e1s bien en captar la utop\u00eda en dos momentos clave de su trayectoria: en su despertar, por un lado, y luego, ante el peligro extremo, en lo que Walter Benjamin llama \u00abla cat\u00e1strofe\u00bb, por otro.<\/p>\n<p>Miguel Abensour (1939-2017) fue un fil\u00f3sofo franc\u00e9s, profesor en las Universidades de Reims y Par\u00eds VII, y director durante un breve periodo del Coll\u00e8ge Internationale de Philosophie. En su obra no s\u00f3lo explora los pasos del pensamiento ut\u00f3pico desde More a Benjamin, pasando por Marx y los utopistas del siglo XIX (Leroux, Fourier), sino que tambi\u00e9n se consagra a una concepci\u00f3n renovada de la democracia, siguiendo la estela de Claude Lefort y Pierre Clastres, al tratar de conciliar la idea de democracia concebida como \u00abdemocracia contra el Estado\u00bb con la idea de utop\u00eda. Entre su extensa obra destacan, adem\u00e1s de la presente, La Democracia contra el Estado. Marx y el momento maquiaveliano (La Catarata, 2017); Para una filosof\u00eda pol\u00edtica cr\u00edtica: ensayos (Anthropos, 2017); Hannah Arendt contre la phsilosophie politique? (Sens &#038; Tonka, 2006); El esp\u00edritu de las leyes salvajes: Pierre Clastres o una nueva antropolog\u00eda pol\u00edtica (Ediciones del Sol, 2007)<\/p>\n","protected":false},"excerpt":{"rendered":"<p><strong>Miguel Abensour<\/strong><br \/>\n9788412442427 &#8211; Dado &#8211; 2022 &#8211; 186 p\u00e1ginas \/orri.<\/p>\n","protected":false},"featured_media":12686,"template":"","meta":[],"product_brand":[],"product_cat":[16,173],"product_tag":[459,5918],"class_list":{"0":"post-12658","1":"product","2":"type-product","3":"status-publish","4":"has-post-thumbnail","6":"product_cat-libros","7":"product_cat-saiakera-ensayo","8":"product_tag-dado-ediciones","9":"product_tag-miguel-abensour","11":"first","12":"instock","13":"sold-individually","14":"shipping-taxable","15":"purchasable","16":"product-type-simple"},"yoast_head":"<!-- This site is optimized with the Yoast SEO plugin v27.3 - https:\/\/yoast.com\/product\/yoast-seo-wordpress\/ -->\n<title>LA UTOP\u00cdA DE THOMAS MORE A WALTER BENJAMIN &#8212; Zapateneo<\/title>\n<meta name=\"robots\" content=\"index, follow, max-snippet:-1, max-image-preview:large, max-video-preview:-1\" \/>\n<link rel=\"canonical\" href=\"https:\/\/zapateneo.net\/wordpress\/index.php\/producto\/la-utopia-de-thomas-more-a-walter-benjamin\/\" \/>\n<meta property=\"og:locale\" content=\"es_ES\" \/>\n<meta property=\"og:type\" content=\"article\" \/>\n<meta property=\"og:title\" content=\"LA UTOP\u00cdA DE THOMAS MORE A WALTER BENJAMIN &#8212; Zapateneo\" \/>\n<meta property=\"og:description\" content=\"Miguel Abensour 9788412442427 - Dado - 2022 - 186 p\u00e1ginas \/orri.\" \/>\n<meta property=\"og:url\" content=\"https:\/\/zapateneo.net\/wordpress\/index.php\/producto\/la-utopia-de-thomas-more-a-walter-benjamin\/\" \/>\n<meta property=\"og:site_name\" content=\"Zapateneo\" \/>\n<meta property=\"article:modified_time\" content=\"2023-07-12T05:24:59+00:00\" \/>\n<meta property=\"og:image\" content=\"https:\/\/zapateneo.net\/wordpress\/wp-content\/uploads\/2023\/04\/la-utopia-de-thomas-more-a-walter-benjamin-9788412442427.jpg\" \/>\n\t<meta property=\"og:image:width\" content=\"282\" \/>\n\t<meta property=\"og:image:height\" content=\"400\" \/>\n\t<meta property=\"og:image:type\" content=\"image\/jpeg\" \/>\n<meta name=\"twitter:card\" content=\"summary_large_image\" \/>\n<meta name=\"twitter:site\" content=\"@zapateneo\" \/>\n<meta name=\"twitter:label1\" content=\"Tiempo de lectura\" \/>\n\t<meta name=\"twitter:data1\" content=\"2 minutos\" \/>\n<script type=\"application\/ld+json\" class=\"yoast-schema-graph\">{\"@context\":\"https:\\\/\\\/schema.org\",\"@graph\":[{\"@type\":\"WebPage\",\"@id\":\"https:\\\/\\\/zapateneo.net\\\/wordpress\\\/index.php\\\/producto\\\/la-utopia-de-thomas-more-a-walter-benjamin\\\/\",\"url\":\"https:\\\/\\\/zapateneo.net\\\/wordpress\\\/index.php\\\/producto\\\/la-utopia-de-thomas-more-a-walter-benjamin\\\/\",\"name\":\"LA UTOP\u00cdA DE THOMAS MORE A WALTER BENJAMIN &#8212; Zapateneo\",\"isPartOf\":{\"@id\":\"https:\\\/\\\/zapateneo.net\\\/wordpress\\\/#website\"},\"primaryImageOfPage\":{\"@id\":\"https:\\\/\\\/zapateneo.net\\\/wordpress\\\/index.php\\\/producto\\\/la-utopia-de-thomas-more-a-walter-benjamin\\\/#primaryimage\"},\"image\":{\"@id\":\"https:\\\/\\\/zapateneo.net\\\/wordpress\\\/index.php\\\/producto\\\/la-utopia-de-thomas-more-a-walter-benjamin\\\/#primaryimage\"},\"thumbnailUrl\":\"https:\\\/\\\/zapateneo.net\\\/wordpress\\\/wp-content\\\/uploads\\\/2023\\\/04\\\/la-utopia-de-thomas-more-a-walter-benjamin-9788412442427.jpg\",\"datePublished\":\"2023-04-09T17:53:04+00:00\",\"dateModified\":\"2023-07-12T05:24:59+00:00\",\"breadcrumb\":{\"@id\":\"https:\\\/\\\/zapateneo.net\\\/wordpress\\\/index.php\\\/producto\\\/la-utopia-de-thomas-more-a-walter-benjamin\\\/#breadcrumb\"},\"inLanguage\":\"es\",\"potentialAction\":[{\"@type\":\"ReadAction\",\"target\":[\"https:\\\/\\\/zapateneo.net\\\/wordpress\\\/index.php\\\/producto\\\/la-utopia-de-thomas-more-a-walter-benjamin\\\/\"]}]},{\"@type\":\"ImageObject\",\"inLanguage\":\"es\",\"@id\":\"https:\\\/\\\/zapateneo.net\\\/wordpress\\\/index.php\\\/producto\\\/la-utopia-de-thomas-more-a-walter-benjamin\\\/#primaryimage\",\"url\":\"https:\\\/\\\/zapateneo.net\\\/wordpress\\\/wp-content\\\/uploads\\\/2023\\\/04\\\/la-utopia-de-thomas-more-a-walter-benjamin-9788412442427.jpg\",\"contentUrl\":\"https:\\\/\\\/zapateneo.net\\\/wordpress\\\/wp-content\\\/uploads\\\/2023\\\/04\\\/la-utopia-de-thomas-more-a-walter-benjamin-9788412442427.jpg\",\"width\":282,\"height\":400},{\"@type\":\"BreadcrumbList\",\"@id\":\"https:\\\/\\\/zapateneo.net\\\/wordpress\\\/index.php\\\/producto\\\/la-utopia-de-thomas-more-a-walter-benjamin\\\/#breadcrumb\",\"itemListElement\":[{\"@type\":\"ListItem\",\"position\":1,\"name\":\"Portada\",\"item\":\"https:\\\/\\\/zapateneo.net\\\/wordpress\\\/\"},{\"@type\":\"ListItem\",\"position\":2,\"name\":\"Tienda\",\"item\":\"https:\\\/\\\/zapateneo.net\\\/wordpress\\\/\"},{\"@type\":\"ListItem\",\"position\":3,\"name\":\"LA UTOP\u00cdA DE THOMAS MORE A WALTER BENJAMIN\"}]},{\"@type\":\"WebSite\",\"@id\":\"https:\\\/\\\/zapateneo.net\\\/wordpress\\\/#website\",\"url\":\"https:\\\/\\\/zapateneo.net\\\/wordpress\\\/\",\"name\":\"Zapateneo\",\"description\":\"Zapateneoaren webgunea\",\"publisher\":{\"@id\":\"https:\\\/\\\/zapateneo.net\\\/wordpress\\\/#organization\"},\"potentialAction\":[{\"@type\":\"SearchAction\",\"target\":{\"@type\":\"EntryPoint\",\"urlTemplate\":\"https:\\\/\\\/zapateneo.net\\\/wordpress\\\/?s={search_term_string}\"},\"query-input\":{\"@type\":\"PropertyValueSpecification\",\"valueRequired\":true,\"valueName\":\"search_term_string\"}}],\"inLanguage\":\"es\"},{\"@type\":\"Organization\",\"@id\":\"https:\\\/\\\/zapateneo.net\\\/wordpress\\\/#organization\",\"name\":\"Zapateneo Kultur Elkartea\",\"url\":\"https:\\\/\\\/zapateneo.net\\\/wordpress\\\/\",\"logo\":{\"@type\":\"ImageObject\",\"inLanguage\":\"es\",\"@id\":\"https:\\\/\\\/zapateneo.net\\\/wordpress\\\/#\\\/schema\\\/logo\\\/image\\\/\",\"url\":\"https:\\\/\\\/zapateneo.net\\\/wordpress\\\/wp-content\\\/uploads\\\/2021\\\/04\\\/zap-libu-kolec.jpg\",\"contentUrl\":\"https:\\\/\\\/zapateneo.net\\\/wordpress\\\/wp-content\\\/uploads\\\/2021\\\/04\\\/zap-libu-kolec.jpg\",\"width\":2234,\"height\":398,\"caption\":\"Zapateneo Kultur Elkartea\"},\"image\":{\"@id\":\"https:\\\/\\\/zapateneo.net\\\/wordpress\\\/#\\\/schema\\\/logo\\\/image\\\/\"},\"sameAs\":[\"https:\\\/\\\/x.com\\\/zapateneo\"]}]}<\/script>\n<!-- \/ Yoast SEO plugin. -->","yoast_head_json":{"title":"LA UTOP\u00cdA DE THOMAS MORE A WALTER BENJAMIN &#8212; Zapateneo","robots":{"index":"index","follow":"follow","max-snippet":"max-snippet:-1","max-image-preview":"max-image-preview:large","max-video-preview":"max-video-preview:-1"},"canonical":"https:\/\/zapateneo.net\/wordpress\/index.php\/producto\/la-utopia-de-thomas-more-a-walter-benjamin\/","og_locale":"es_ES","og_type":"article","og_title":"LA UTOP\u00cdA DE THOMAS MORE A WALTER BENJAMIN &#8212; Zapateneo","og_description":"Miguel Abensour 9788412442427 - Dado - 2022 - 186 p\u00e1ginas \/orri.","og_url":"https:\/\/zapateneo.net\/wordpress\/index.php\/producto\/la-utopia-de-thomas-more-a-walter-benjamin\/","og_site_name":"Zapateneo","article_modified_time":"2023-07-12T05:24:59+00:00","og_image":[{"width":282,"height":400,"url":"https:\/\/zapateneo.net\/wordpress\/wp-content\/uploads\/2023\/04\/la-utopia-de-thomas-more-a-walter-benjamin-9788412442427.jpg","type":"image\/jpeg"}],"twitter_card":"summary_large_image","twitter_site":"@zapateneo","twitter_misc":{"Tiempo de lectura":"2 minutos"},"schema":{"@context":"https:\/\/schema.org","@graph":[{"@type":"WebPage","@id":"https:\/\/zapateneo.net\/wordpress\/index.php\/producto\/la-utopia-de-thomas-more-a-walter-benjamin\/","url":"https:\/\/zapateneo.net\/wordpress\/index.php\/producto\/la-utopia-de-thomas-more-a-walter-benjamin\/","name":"LA UTOP\u00cdA DE THOMAS MORE A WALTER BENJAMIN &#8212; Zapateneo","isPartOf":{"@id":"https:\/\/zapateneo.net\/wordpress\/#website"},"primaryImageOfPage":{"@id":"https:\/\/zapateneo.net\/wordpress\/index.php\/producto\/la-utopia-de-thomas-more-a-walter-benjamin\/#primaryimage"},"image":{"@id":"https:\/\/zapateneo.net\/wordpress\/index.php\/producto\/la-utopia-de-thomas-more-a-walter-benjamin\/#primaryimage"},"thumbnailUrl":"https:\/\/zapateneo.net\/wordpress\/wp-content\/uploads\/2023\/04\/la-utopia-de-thomas-more-a-walter-benjamin-9788412442427.jpg","datePublished":"2023-04-09T17:53:04+00:00","dateModified":"2023-07-12T05:24:59+00:00","breadcrumb":{"@id":"https:\/\/zapateneo.net\/wordpress\/index.php\/producto\/la-utopia-de-thomas-more-a-walter-benjamin\/#breadcrumb"},"inLanguage":"es","potentialAction":[{"@type":"ReadAction","target":["https:\/\/zapateneo.net\/wordpress\/index.php\/producto\/la-utopia-de-thomas-more-a-walter-benjamin\/"]}]},{"@type":"ImageObject","inLanguage":"es","@id":"https:\/\/zapateneo.net\/wordpress\/index.php\/producto\/la-utopia-de-thomas-more-a-walter-benjamin\/#primaryimage","url":"https:\/\/zapateneo.net\/wordpress\/wp-content\/uploads\/2023\/04\/la-utopia-de-thomas-more-a-walter-benjamin-9788412442427.jpg","contentUrl":"https:\/\/zapateneo.net\/wordpress\/wp-content\/uploads\/2023\/04\/la-utopia-de-thomas-more-a-walter-benjamin-9788412442427.jpg","width":282,"height":400},{"@type":"BreadcrumbList","@id":"https:\/\/zapateneo.net\/wordpress\/index.php\/producto\/la-utopia-de-thomas-more-a-walter-benjamin\/#breadcrumb","itemListElement":[{"@type":"ListItem","position":1,"name":"Portada","item":"https:\/\/zapateneo.net\/wordpress\/"},{"@type":"ListItem","position":2,"name":"Tienda","item":"https:\/\/zapateneo.net\/wordpress\/"},{"@type":"ListItem","position":3,"name":"LA UTOP\u00cdA DE THOMAS MORE A WALTER BENJAMIN"}]},{"@type":"WebSite","@id":"https:\/\/zapateneo.net\/wordpress\/#website","url":"https:\/\/zapateneo.net\/wordpress\/","name":"Zapateneo","description":"Zapateneoaren webgunea","publisher":{"@id":"https:\/\/zapateneo.net\/wordpress\/#organization"},"potentialAction":[{"@type":"SearchAction","target":{"@type":"EntryPoint","urlTemplate":"https:\/\/zapateneo.net\/wordpress\/?s={search_term_string}"},"query-input":{"@type":"PropertyValueSpecification","valueRequired":true,"valueName":"search_term_string"}}],"inLanguage":"es"},{"@type":"Organization","@id":"https:\/\/zapateneo.net\/wordpress\/#organization","name":"Zapateneo Kultur Elkartea","url":"https:\/\/zapateneo.net\/wordpress\/","logo":{"@type":"ImageObject","inLanguage":"es","@id":"https:\/\/zapateneo.net\/wordpress\/#\/schema\/logo\/image\/","url":"https:\/\/zapateneo.net\/wordpress\/wp-content\/uploads\/2021\/04\/zap-libu-kolec.jpg","contentUrl":"https:\/\/zapateneo.net\/wordpress\/wp-content\/uploads\/2021\/04\/zap-libu-kolec.jpg","width":2234,"height":398,"caption":"Zapateneo Kultur Elkartea"},"image":{"@id":"https:\/\/zapateneo.net\/wordpress\/#\/schema\/logo\/image\/"},"sameAs":["https:\/\/x.com\/zapateneo"]}]}},"_links":{"self":[{"href":"https:\/\/zapateneo.net\/wordpress\/index.php\/wp-json\/wp\/v2\/product\/12658","targetHints":{"allow":["GET"]}}],"collection":[{"href":"https:\/\/zapateneo.net\/wordpress\/index.php\/wp-json\/wp\/v2\/product"}],"about":[{"href":"https:\/\/zapateneo.net\/wordpress\/index.php\/wp-json\/wp\/v2\/types\/product"}],"wp:featuredmedia":[{"embeddable":true,"href":"https:\/\/zapateneo.net\/wordpress\/index.php\/wp-json\/wp\/v2\/media\/12686"}],"wp:attachment":[{"href":"https:\/\/zapateneo.net\/wordpress\/index.php\/wp-json\/wp\/v2\/media?parent=12658"}],"wp:term":[{"taxonomy":"product_brand","embeddable":true,"href":"https:\/\/zapateneo.net\/wordpress\/index.php\/wp-json\/wp\/v2\/product_brand?post=12658"},{"taxonomy":"product_cat","embeddable":true,"href":"https:\/\/zapateneo.net\/wordpress\/index.php\/wp-json\/wp\/v2\/product_cat?post=12658"},{"taxonomy":"product_tag","embeddable":true,"href":"https:\/\/zapateneo.net\/wordpress\/index.php\/wp-json\/wp\/v2\/product_tag?post=12658"}],"curies":[{"name":"wp","href":"https:\/\/api.w.org\/{rel}","templated":true}]}}