{"id":12657,"date":"2023-04-09T18:53:03","date_gmt":"2023-04-09T17:53:03","guid":{"rendered":"https:\/\/zapateneo.net\/wordpress\/?post_type=product&#038;p=12657"},"modified":"2023-04-09T18:53:21","modified_gmt":"2023-04-09T17:53:21","slug":"costumbres-de-los-ahogados-33-especulaciones","status":"publish","type":"product","link":"https:\/\/zapateneo.net\/wordpress\/index.php\/producto\/costumbres-de-los-ahogados-33-especulaciones\/","title":{"rendered":"COSTUMBRES DE LOS AHOGADOS 33 especulaciones"},"content":{"rendered":"<p>Desacreditar la opini\u00f3n com\u00fan establecida por c\u00f3digos y convenciones es lo que se propuso Alfred Jarry en estas 33 especulaciones (algunas de ellas in\u00e9ditas en castellano) al examinar los hechos sociales atendiendo a sus epifen\u00f3menos, esto es, observados a la luz de sus leyes particulares.<\/p>\n<p>Contenidas en la edici\u00f3n p\u00f3stuma de las Gestas y opiniones del Doctor Faustroll, pataf\u00edsico, se refieren a hechos aparecidos en las noticias de los peri\u00f3dicos, a sucesos o accidentes llamativos que dan pie a Jarry a comentarios originales, humor\u00edsticos, para explicar el mundo suplementario al nuestro desde un punto de vista de relatividad radical, sin cuestionar ninguna ley f\u00edsica, sino las consabidas asociaciones de ideas, los c\u00f3digos sociales y el pensamiento \u00fanico de &#8216;la mayor\u00eda&#8217; cuyas contradicciones Jarry expone demostrando la arbitrariedad de las leyes a las que \u00e9l a\u00f1ade la coletilla &#8216;del m\u00e1s fuerte&#8217;, ya que &#8216;el contexto da fe de ello&#8217; y la ritualizaci\u00f3n de la sociedad en sus gestos colectivos.<\/p>\n<p>Este cr\u00e9dito del que goza la opini\u00f3n com\u00fan &#8216;con pretensi\u00f3n de ser p\u00fablica&#8217; es puesto en tela de juicio por Jarry en estas especulaciones de car\u00e1cter social, atendiendo a los h\u00e1bitos especiales de los encausados y hurgando con su incisivo bistur\u00ed en las particularidades de los hechos en cuesti\u00f3n.<\/p>\n<p>Edici\u00f3n ilustrada con dibujos de Jossot. (Incluye: El cerebro del agente de polic\u00eda, La existencia del Papa, La pesca del almirante, El caso de la se\u00f1ora Naci\u00f3n, Provocadores de naufragios y 28 especulaciones m\u00e1s)<br \/>\nPrecursor de Dad\u00e1, el surrealismo y el teatro del absurdo, las obras anticonvencionales de Alfred Jarry (1873-1907) no dejan de causar esc\u00e1ndalo a partir del estreno de Ubu Rey en aquel Par\u00eds finisecular de la belle \u00e9poque del que fue l\u00facido y jovial insurgente. Adem\u00e1s de escritor original dotado de una imaginaci\u00f3n sat\u00edrica y una capacidad de an\u00e1lisis ins\u00f3lita, inspirador de todo un Colegio De Pataf\u00edsica, Alfred Jarry fue un contumaz bebedor de ajenjo, ciclista por placer y no por deporte, pescador aficionado, diestro en el uso de la espada, que sol\u00eda llevar dos pistolas descargadas con las que disparaba simb\u00f3licamente contra todo pseudo-artista o impostor intelectual que se cruzaba en su camino. Refractario a c\u00f3digos, convenciones, patrias, banderas, ej\u00e9rcitos, academias, escuelas&#8230; Apartado y arruinado, los h\u00e1bitos especiales de Jarry lo condujeron a la tumba prematuramente, a la edad de 34 a\u00f1os. Su \u00faltimo deseo fue que le trajeran un mondadientes.<\/p>\n","protected":false},"excerpt":{"rendered":"<p><strong>Alfred Jarry<\/strong><br \/>\n202304090001 &#8211; Corazones blindados &#8211; 2022 &#8211; 104 p\u00e1ginas \/orri.<\/p>\n","protected":false},"featured_media":12685,"template":"","meta":[],"product_brand":[],"product_cat":[183,16],"product_tag":[4652,824],"class_list":{"0":"post-12657","1":"product","2":"type-product","3":"status-publish","4":"has-post-thumbnail","6":"product_cat-kultur-adierazpenak-expresiones-culturales","7":"product_cat-libros","8":"product_tag-alfred-jarry","9":"product_tag-corazones-blindados","11":"first","12":"instock","13":"sold-individually","14":"shipping-taxable","15":"purchasable","16":"product-type-simple"},"yoast_head":"<!-- This site is optimized with the Yoast SEO plugin v27.3 - https:\/\/yoast.com\/product\/yoast-seo-wordpress\/ -->\n<title>COSTUMBRES DE LOS AHOGADOS 33 especulaciones &#8212; Zapateneo<\/title>\n<meta name=\"robots\" content=\"index, follow, max-snippet:-1, max-image-preview:large, max-video-preview:-1\" \/>\n<link rel=\"canonical\" href=\"https:\/\/zapateneo.net\/wordpress\/index.php\/producto\/costumbres-de-los-ahogados-33-especulaciones\/\" \/>\n<meta property=\"og:locale\" content=\"es_ES\" \/>\n<meta property=\"og:type\" content=\"article\" \/>\n<meta property=\"og:title\" content=\"COSTUMBRES DE LOS AHOGADOS 33 especulaciones &#8212; Zapateneo\" \/>\n<meta property=\"og:description\" content=\"Alfred Jarry 202304090001 - Corazones blindados - 2022 - 104 p\u00e1ginas \/orri.\" \/>\n<meta property=\"og:url\" content=\"https:\/\/zapateneo.net\/wordpress\/index.php\/producto\/costumbres-de-los-ahogados-33-especulaciones\/\" \/>\n<meta property=\"og:site_name\" content=\"Zapateneo\" \/>\n<meta property=\"article:modified_time\" content=\"2023-04-09T17:53:21+00:00\" \/>\n<meta name=\"twitter:card\" content=\"summary_large_image\" \/>\n<meta name=\"twitter:site\" content=\"@zapateneo\" \/>\n<meta name=\"twitter:label1\" content=\"Tiempo de lectura\" \/>\n\t<meta name=\"twitter:data1\" content=\"2 minutos\" \/>\n<script type=\"application\/ld+json\" class=\"yoast-schema-graph\">{\"@context\":\"https:\\\/\\\/schema.org\",\"@graph\":[{\"@type\":\"WebPage\",\"@id\":\"https:\\\/\\\/zapateneo.net\\\/wordpress\\\/index.php\\\/producto\\\/costumbres-de-los-ahogados-33-especulaciones\\\/\",\"url\":\"https:\\\/\\\/zapateneo.net\\\/wordpress\\\/index.php\\\/producto\\\/costumbres-de-los-ahogados-33-especulaciones\\\/\",\"name\":\"COSTUMBRES DE LOS AHOGADOS 33 especulaciones &#8212; Zapateneo\",\"isPartOf\":{\"@id\":\"https:\\\/\\\/zapateneo.net\\\/wordpress\\\/#website\"},\"primaryImageOfPage\":{\"@id\":\"https:\\\/\\\/zapateneo.net\\\/wordpress\\\/index.php\\\/producto\\\/costumbres-de-los-ahogados-33-especulaciones\\\/#primaryimage\"},\"image\":{\"@id\":\"https:\\\/\\\/zapateneo.net\\\/wordpress\\\/index.php\\\/producto\\\/costumbres-de-los-ahogados-33-especulaciones\\\/#primaryimage\"},\"thumbnailUrl\":\"https:\\\/\\\/zapateneo.net\\\/wordpress\\\/wp-content\\\/uploads\\\/2023\\\/04\\\/costumbres-de-los-ahogados.jpg\",\"datePublished\":\"2023-04-09T17:53:03+00:00\",\"dateModified\":\"2023-04-09T17:53:21+00:00\",\"breadcrumb\":{\"@id\":\"https:\\\/\\\/zapateneo.net\\\/wordpress\\\/index.php\\\/producto\\\/costumbres-de-los-ahogados-33-especulaciones\\\/#breadcrumb\"},\"inLanguage\":\"es\",\"potentialAction\":[{\"@type\":\"ReadAction\",\"target\":[\"https:\\\/\\\/zapateneo.net\\\/wordpress\\\/index.php\\\/producto\\\/costumbres-de-los-ahogados-33-especulaciones\\\/\"]}]},{\"@type\":\"ImageObject\",\"inLanguage\":\"es\",\"@id\":\"https:\\\/\\\/zapateneo.net\\\/wordpress\\\/index.php\\\/producto\\\/costumbres-de-los-ahogados-33-especulaciones\\\/#primaryimage\",\"url\":\"https:\\\/\\\/zapateneo.net\\\/wordpress\\\/wp-content\\\/uploads\\\/2023\\\/04\\\/costumbres-de-los-ahogados.jpg\",\"contentUrl\":\"https:\\\/\\\/zapateneo.net\\\/wordpress\\\/wp-content\\\/uploads\\\/2023\\\/04\\\/costumbres-de-los-ahogados.jpg\",\"width\":279,\"height\":400},{\"@type\":\"BreadcrumbList\",\"@id\":\"https:\\\/\\\/zapateneo.net\\\/wordpress\\\/index.php\\\/producto\\\/costumbres-de-los-ahogados-33-especulaciones\\\/#breadcrumb\",\"itemListElement\":[{\"@type\":\"ListItem\",\"position\":1,\"name\":\"Portada\",\"item\":\"https:\\\/\\\/zapateneo.net\\\/wordpress\\\/\"},{\"@type\":\"ListItem\",\"position\":2,\"name\":\"Tienda\",\"item\":\"https:\\\/\\\/zapateneo.net\\\/wordpress\\\/\"},{\"@type\":\"ListItem\",\"position\":3,\"name\":\"COSTUMBRES DE LOS AHOGADOS 33 especulaciones\"}]},{\"@type\":\"WebSite\",\"@id\":\"https:\\\/\\\/zapateneo.net\\\/wordpress\\\/#website\",\"url\":\"https:\\\/\\\/zapateneo.net\\\/wordpress\\\/\",\"name\":\"Zapateneo\",\"description\":\"Zapateneoaren webgunea\",\"publisher\":{\"@id\":\"https:\\\/\\\/zapateneo.net\\\/wordpress\\\/#organization\"},\"potentialAction\":[{\"@type\":\"SearchAction\",\"target\":{\"@type\":\"EntryPoint\",\"urlTemplate\":\"https:\\\/\\\/zapateneo.net\\\/wordpress\\\/?s={search_term_string}\"},\"query-input\":{\"@type\":\"PropertyValueSpecification\",\"valueRequired\":true,\"valueName\":\"search_term_string\"}}],\"inLanguage\":\"es\"},{\"@type\":\"Organization\",\"@id\":\"https:\\\/\\\/zapateneo.net\\\/wordpress\\\/#organization\",\"name\":\"Zapateneo Kultur Elkartea\",\"url\":\"https:\\\/\\\/zapateneo.net\\\/wordpress\\\/\",\"logo\":{\"@type\":\"ImageObject\",\"inLanguage\":\"es\",\"@id\":\"https:\\\/\\\/zapateneo.net\\\/wordpress\\\/#\\\/schema\\\/logo\\\/image\\\/\",\"url\":\"https:\\\/\\\/zapateneo.net\\\/wordpress\\\/wp-content\\\/uploads\\\/2021\\\/04\\\/zap-libu-kolec.jpg\",\"contentUrl\":\"https:\\\/\\\/zapateneo.net\\\/wordpress\\\/wp-content\\\/uploads\\\/2021\\\/04\\\/zap-libu-kolec.jpg\",\"width\":2234,\"height\":398,\"caption\":\"Zapateneo Kultur Elkartea\"},\"image\":{\"@id\":\"https:\\\/\\\/zapateneo.net\\\/wordpress\\\/#\\\/schema\\\/logo\\\/image\\\/\"},\"sameAs\":[\"https:\\\/\\\/x.com\\\/zapateneo\"]}]}<\/script>\n<!-- \/ Yoast SEO plugin. -->","yoast_head_json":{"title":"COSTUMBRES DE LOS AHOGADOS 33 especulaciones &#8212; Zapateneo","robots":{"index":"index","follow":"follow","max-snippet":"max-snippet:-1","max-image-preview":"max-image-preview:large","max-video-preview":"max-video-preview:-1"},"canonical":"https:\/\/zapateneo.net\/wordpress\/index.php\/producto\/costumbres-de-los-ahogados-33-especulaciones\/","og_locale":"es_ES","og_type":"article","og_title":"COSTUMBRES DE LOS AHOGADOS 33 especulaciones &#8212; Zapateneo","og_description":"Alfred Jarry 202304090001 - Corazones blindados - 2022 - 104 p\u00e1ginas \/orri.","og_url":"https:\/\/zapateneo.net\/wordpress\/index.php\/producto\/costumbres-de-los-ahogados-33-especulaciones\/","og_site_name":"Zapateneo","article_modified_time":"2023-04-09T17:53:21+00:00","twitter_card":"summary_large_image","twitter_site":"@zapateneo","twitter_misc":{"Tiempo de lectura":"2 minutos"},"schema":{"@context":"https:\/\/schema.org","@graph":[{"@type":"WebPage","@id":"https:\/\/zapateneo.net\/wordpress\/index.php\/producto\/costumbres-de-los-ahogados-33-especulaciones\/","url":"https:\/\/zapateneo.net\/wordpress\/index.php\/producto\/costumbres-de-los-ahogados-33-especulaciones\/","name":"COSTUMBRES DE LOS AHOGADOS 33 especulaciones &#8212; Zapateneo","isPartOf":{"@id":"https:\/\/zapateneo.net\/wordpress\/#website"},"primaryImageOfPage":{"@id":"https:\/\/zapateneo.net\/wordpress\/index.php\/producto\/costumbres-de-los-ahogados-33-especulaciones\/#primaryimage"},"image":{"@id":"https:\/\/zapateneo.net\/wordpress\/index.php\/producto\/costumbres-de-los-ahogados-33-especulaciones\/#primaryimage"},"thumbnailUrl":"https:\/\/zapateneo.net\/wordpress\/wp-content\/uploads\/2023\/04\/costumbres-de-los-ahogados.jpg","datePublished":"2023-04-09T17:53:03+00:00","dateModified":"2023-04-09T17:53:21+00:00","breadcrumb":{"@id":"https:\/\/zapateneo.net\/wordpress\/index.php\/producto\/costumbres-de-los-ahogados-33-especulaciones\/#breadcrumb"},"inLanguage":"es","potentialAction":[{"@type":"ReadAction","target":["https:\/\/zapateneo.net\/wordpress\/index.php\/producto\/costumbres-de-los-ahogados-33-especulaciones\/"]}]},{"@type":"ImageObject","inLanguage":"es","@id":"https:\/\/zapateneo.net\/wordpress\/index.php\/producto\/costumbres-de-los-ahogados-33-especulaciones\/#primaryimage","url":"https:\/\/zapateneo.net\/wordpress\/wp-content\/uploads\/2023\/04\/costumbres-de-los-ahogados.jpg","contentUrl":"https:\/\/zapateneo.net\/wordpress\/wp-content\/uploads\/2023\/04\/costumbres-de-los-ahogados.jpg","width":279,"height":400},{"@type":"BreadcrumbList","@id":"https:\/\/zapateneo.net\/wordpress\/index.php\/producto\/costumbres-de-los-ahogados-33-especulaciones\/#breadcrumb","itemListElement":[{"@type":"ListItem","position":1,"name":"Portada","item":"https:\/\/zapateneo.net\/wordpress\/"},{"@type":"ListItem","position":2,"name":"Tienda","item":"https:\/\/zapateneo.net\/wordpress\/"},{"@type":"ListItem","position":3,"name":"COSTUMBRES DE LOS AHOGADOS 33 especulaciones"}]},{"@type":"WebSite","@id":"https:\/\/zapateneo.net\/wordpress\/#website","url":"https:\/\/zapateneo.net\/wordpress\/","name":"Zapateneo","description":"Zapateneoaren webgunea","publisher":{"@id":"https:\/\/zapateneo.net\/wordpress\/#organization"},"potentialAction":[{"@type":"SearchAction","target":{"@type":"EntryPoint","urlTemplate":"https:\/\/zapateneo.net\/wordpress\/?s={search_term_string}"},"query-input":{"@type":"PropertyValueSpecification","valueRequired":true,"valueName":"search_term_string"}}],"inLanguage":"es"},{"@type":"Organization","@id":"https:\/\/zapateneo.net\/wordpress\/#organization","name":"Zapateneo Kultur Elkartea","url":"https:\/\/zapateneo.net\/wordpress\/","logo":{"@type":"ImageObject","inLanguage":"es","@id":"https:\/\/zapateneo.net\/wordpress\/#\/schema\/logo\/image\/","url":"https:\/\/zapateneo.net\/wordpress\/wp-content\/uploads\/2021\/04\/zap-libu-kolec.jpg","contentUrl":"https:\/\/zapateneo.net\/wordpress\/wp-content\/uploads\/2021\/04\/zap-libu-kolec.jpg","width":2234,"height":398,"caption":"Zapateneo Kultur Elkartea"},"image":{"@id":"https:\/\/zapateneo.net\/wordpress\/#\/schema\/logo\/image\/"},"sameAs":["https:\/\/x.com\/zapateneo"]}]}},"_links":{"self":[{"href":"https:\/\/zapateneo.net\/wordpress\/index.php\/wp-json\/wp\/v2\/product\/12657","targetHints":{"allow":["GET"]}}],"collection":[{"href":"https:\/\/zapateneo.net\/wordpress\/index.php\/wp-json\/wp\/v2\/product"}],"about":[{"href":"https:\/\/zapateneo.net\/wordpress\/index.php\/wp-json\/wp\/v2\/types\/product"}],"wp:featuredmedia":[{"embeddable":true,"href":"https:\/\/zapateneo.net\/wordpress\/index.php\/wp-json\/wp\/v2\/media\/12685"}],"wp:attachment":[{"href":"https:\/\/zapateneo.net\/wordpress\/index.php\/wp-json\/wp\/v2\/media?parent=12657"}],"wp:term":[{"taxonomy":"product_brand","embeddable":true,"href":"https:\/\/zapateneo.net\/wordpress\/index.php\/wp-json\/wp\/v2\/product_brand?post=12657"},{"taxonomy":"product_cat","embeddable":true,"href":"https:\/\/zapateneo.net\/wordpress\/index.php\/wp-json\/wp\/v2\/product_cat?post=12657"},{"taxonomy":"product_tag","embeddable":true,"href":"https:\/\/zapateneo.net\/wordpress\/index.php\/wp-json\/wp\/v2\/product_tag?post=12657"}],"curies":[{"name":"wp","href":"https:\/\/api.w.org\/{rel}","templated":true}]}}