{"id":12656,"date":"2023-04-09T18:53:03","date_gmt":"2023-04-09T17:53:03","guid":{"rendered":"https:\/\/zapateneo.net\/wordpress\/?post_type=product&#038;p=12656"},"modified":"2023-04-09T18:53:20","modified_gmt":"2023-04-09T17:53:20","slug":"proletariado-salvaje-movimiento-asambleario-y-autonomia-obrera","status":"publish","type":"product","link":"https:\/\/zapateneo.net\/wordpress\/index.php\/producto\/proletariado-salvaje-movimiento-asambleario-y-autonomia-obrera\/","title":{"rendered":"PROLETARIADO SALVAJE Movimiento Asambleario y Autonom\u00eda Obrera"},"content":{"rendered":"<p>\u00bfQu\u00e9 empuj\u00f3 a cientos de miles de trabajadores, al margen de partidos y sindicatos, a poner en jaque a los Gobiernos de media Europa durante la d\u00e9cada de los setenta? Entre 1968 y 1981 se abri\u00f3 un periodo de gran conflictividad, un proceso de lucha que abarc\u00f3 desde la acci\u00f3n de masas hasta la actividad de peque\u00f1os grupos armados y que tuvo enfrente un repliegue de la burgues\u00eda y del Estado junto a su represi\u00f3n sangrienta. Este movimiento \u00absalvaje\u00bb ha sido hoy pr\u00e1cticamente olvidado o relegado a una posici\u00f3n secundaria. Se trata pues, por una parte, de restablecer un periodo hist\u00f3rico importante y poco conocido de la lucha de clases y, por otra, de traer al presente la vigencia de la propuesta pr\u00e1ctica de la autonom\u00eda en un sentido amplio.<\/p>\n<p>Mientras asistimos al constante aumento de los precios de la energ\u00eda, la crisis clim\u00e1tica y los escenarios de guerra, estallan de nuevo las huelgas salvajes, los boicots o fen\u00f3menos como la \u00abgran dimisi\u00f3n\u00bb. Encontramos en la experiencia aut\u00f3noma una contribuci\u00f3n de gran valor sobre c\u00f3mo encarar las pr\u00e1cticas revolucionarias y la cuesti\u00f3n de la organizaci\u00f3n.<\/p>\n<p>Miquel Amor\u00f3s Pensador e historiador anarquista que durante la d\u00e9cada de los setenta form\u00f3 parte de diversos grupos \u00e1cratas. Es autor de una extensa obra de cr\u00edtica social as\u00ed como de trabajos hist\u00f3ricos sobre el anarquismo.<br \/>\nLos Incontrolados Seud\u00f3nimo con el que Jaime Sempr\u00fan y Miquel Amor\u00f3s firmaron varios textos escritos conjuntamente entre 1976 y 1981.<br \/>\nTrabajadores por la autonom\u00eda proletaria y la revoluci\u00f3n social Grupo libertario formado en el verano de 1977 que desarroll\u00f3 una intensa actividad de agitaci\u00f3n hasta su disoluci\u00f3n, a finales de 1979.<br \/>\nEncyclop\u00e9die des Nuisances Colectivo de cr\u00edtica social surgido en Francia que public\u00f3 quince fasc\u00edculos de su revista entre 1984 y 1992 y fund\u00f3, en 1991, su propia editorial.<\/p>\n","protected":false},"excerpt":{"rendered":"<p><strong>Miquel Amor\u00f3s<\/strong><br \/>\n9788412590104 &#8211; Milvus &#8211; 2022 &#8211; 204 p\u00e1ginas \/orri.<\/p>\n","protected":false},"featured_media":12684,"template":"","meta":[],"product_brand":[],"product_cat":[1868,16],"product_tag":[1812,2097],"class_list":{"0":"post-12656","1":"product","2":"type-product","3":"status-publish","4":"has-post-thumbnail","6":"product_cat-anarkismoa-anarquismo","7":"product_cat-libros","8":"product_tag-milvus","9":"product_tag-miquel-amoros","11":"first","12":"instock","13":"sold-individually","14":"shipping-taxable","15":"purchasable","16":"product-type-simple"},"yoast_head":"<!-- This site is optimized with the Yoast SEO plugin v27.3 - https:\/\/yoast.com\/product\/yoast-seo-wordpress\/ -->\n<title>PROLETARIADO SALVAJE Movimiento Asambleario y Autonom\u00eda Obrera &#8212; Zapateneo<\/title>\n<meta name=\"robots\" content=\"index, follow, max-snippet:-1, max-image-preview:large, max-video-preview:-1\" \/>\n<link rel=\"canonical\" href=\"https:\/\/zapateneo.net\/wordpress\/index.php\/producto\/proletariado-salvaje-movimiento-asambleario-y-autonomia-obrera\/\" \/>\n<meta property=\"og:locale\" content=\"es_ES\" \/>\n<meta property=\"og:type\" content=\"article\" \/>\n<meta property=\"og:title\" content=\"PROLETARIADO SALVAJE Movimiento Asambleario y Autonom\u00eda Obrera &#8212; Zapateneo\" \/>\n<meta property=\"og:description\" content=\"Miquel Amor\u00f3s 9788412590104 - Milvus - 2022 - 204 p\u00e1ginas \/orri.\" \/>\n<meta property=\"og:url\" content=\"https:\/\/zapateneo.net\/wordpress\/index.php\/producto\/proletariado-salvaje-movimiento-asambleario-y-autonomia-obrera\/\" \/>\n<meta property=\"og:site_name\" content=\"Zapateneo\" \/>\n<meta property=\"article:modified_time\" content=\"2023-04-09T17:53:20+00:00\" \/>\n<meta name=\"twitter:card\" content=\"summary_large_image\" \/>\n<meta name=\"twitter:site\" content=\"@zapateneo\" \/>\n<meta name=\"twitter:label1\" content=\"Tiempo de lectura\" \/>\n\t<meta name=\"twitter:data1\" content=\"2 minutos\" \/>\n<script type=\"application\/ld+json\" class=\"yoast-schema-graph\">{\"@context\":\"https:\\\/\\\/schema.org\",\"@graph\":[{\"@type\":\"WebPage\",\"@id\":\"https:\\\/\\\/zapateneo.net\\\/wordpress\\\/index.php\\\/producto\\\/proletariado-salvaje-movimiento-asambleario-y-autonomia-obrera\\\/\",\"url\":\"https:\\\/\\\/zapateneo.net\\\/wordpress\\\/index.php\\\/producto\\\/proletariado-salvaje-movimiento-asambleario-y-autonomia-obrera\\\/\",\"name\":\"PROLETARIADO SALVAJE Movimiento Asambleario y Autonom\u00eda Obrera &#8212; Zapateneo\",\"isPartOf\":{\"@id\":\"https:\\\/\\\/zapateneo.net\\\/wordpress\\\/#website\"},\"primaryImageOfPage\":{\"@id\":\"https:\\\/\\\/zapateneo.net\\\/wordpress\\\/index.php\\\/producto\\\/proletariado-salvaje-movimiento-asambleario-y-autonomia-obrera\\\/#primaryimage\"},\"image\":{\"@id\":\"https:\\\/\\\/zapateneo.net\\\/wordpress\\\/index.php\\\/producto\\\/proletariado-salvaje-movimiento-asambleario-y-autonomia-obrera\\\/#primaryimage\"},\"thumbnailUrl\":\"https:\\\/\\\/zapateneo.net\\\/wordpress\\\/wp-content\\\/uploads\\\/2023\\\/04\\\/9788412590104.jpeg\",\"datePublished\":\"2023-04-09T17:53:03+00:00\",\"dateModified\":\"2023-04-09T17:53:20+00:00\",\"breadcrumb\":{\"@id\":\"https:\\\/\\\/zapateneo.net\\\/wordpress\\\/index.php\\\/producto\\\/proletariado-salvaje-movimiento-asambleario-y-autonomia-obrera\\\/#breadcrumb\"},\"inLanguage\":\"es\",\"potentialAction\":[{\"@type\":\"ReadAction\",\"target\":[\"https:\\\/\\\/zapateneo.net\\\/wordpress\\\/index.php\\\/producto\\\/proletariado-salvaje-movimiento-asambleario-y-autonomia-obrera\\\/\"]}]},{\"@type\":\"ImageObject\",\"inLanguage\":\"es\",\"@id\":\"https:\\\/\\\/zapateneo.net\\\/wordpress\\\/index.php\\\/producto\\\/proletariado-salvaje-movimiento-asambleario-y-autonomia-obrera\\\/#primaryimage\",\"url\":\"https:\\\/\\\/zapateneo.net\\\/wordpress\\\/wp-content\\\/uploads\\\/2023\\\/04\\\/9788412590104.jpeg\",\"contentUrl\":\"https:\\\/\\\/zapateneo.net\\\/wordpress\\\/wp-content\\\/uploads\\\/2023\\\/04\\\/9788412590104.jpeg\",\"width\":250,\"height\":375},{\"@type\":\"BreadcrumbList\",\"@id\":\"https:\\\/\\\/zapateneo.net\\\/wordpress\\\/index.php\\\/producto\\\/proletariado-salvaje-movimiento-asambleario-y-autonomia-obrera\\\/#breadcrumb\",\"itemListElement\":[{\"@type\":\"ListItem\",\"position\":1,\"name\":\"Portada\",\"item\":\"https:\\\/\\\/zapateneo.net\\\/wordpress\\\/\"},{\"@type\":\"ListItem\",\"position\":2,\"name\":\"Tienda\",\"item\":\"https:\\\/\\\/zapateneo.net\\\/wordpress\\\/\"},{\"@type\":\"ListItem\",\"position\":3,\"name\":\"PROLETARIADO SALVAJE Movimiento Asambleario y Autonom\u00eda Obrera\"}]},{\"@type\":\"WebSite\",\"@id\":\"https:\\\/\\\/zapateneo.net\\\/wordpress\\\/#website\",\"url\":\"https:\\\/\\\/zapateneo.net\\\/wordpress\\\/\",\"name\":\"Zapateneo\",\"description\":\"Zapateneoaren webgunea\",\"publisher\":{\"@id\":\"https:\\\/\\\/zapateneo.net\\\/wordpress\\\/#organization\"},\"potentialAction\":[{\"@type\":\"SearchAction\",\"target\":{\"@type\":\"EntryPoint\",\"urlTemplate\":\"https:\\\/\\\/zapateneo.net\\\/wordpress\\\/?s={search_term_string}\"},\"query-input\":{\"@type\":\"PropertyValueSpecification\",\"valueRequired\":true,\"valueName\":\"search_term_string\"}}],\"inLanguage\":\"es\"},{\"@type\":\"Organization\",\"@id\":\"https:\\\/\\\/zapateneo.net\\\/wordpress\\\/#organization\",\"name\":\"Zapateneo Kultur Elkartea\",\"url\":\"https:\\\/\\\/zapateneo.net\\\/wordpress\\\/\",\"logo\":{\"@type\":\"ImageObject\",\"inLanguage\":\"es\",\"@id\":\"https:\\\/\\\/zapateneo.net\\\/wordpress\\\/#\\\/schema\\\/logo\\\/image\\\/\",\"url\":\"https:\\\/\\\/zapateneo.net\\\/wordpress\\\/wp-content\\\/uploads\\\/2021\\\/04\\\/zap-libu-kolec.jpg\",\"contentUrl\":\"https:\\\/\\\/zapateneo.net\\\/wordpress\\\/wp-content\\\/uploads\\\/2021\\\/04\\\/zap-libu-kolec.jpg\",\"width\":2234,\"height\":398,\"caption\":\"Zapateneo Kultur Elkartea\"},\"image\":{\"@id\":\"https:\\\/\\\/zapateneo.net\\\/wordpress\\\/#\\\/schema\\\/logo\\\/image\\\/\"},\"sameAs\":[\"https:\\\/\\\/x.com\\\/zapateneo\"]}]}<\/script>\n<!-- \/ Yoast SEO plugin. -->","yoast_head_json":{"title":"PROLETARIADO SALVAJE Movimiento Asambleario y Autonom\u00eda Obrera &#8212; Zapateneo","robots":{"index":"index","follow":"follow","max-snippet":"max-snippet:-1","max-image-preview":"max-image-preview:large","max-video-preview":"max-video-preview:-1"},"canonical":"https:\/\/zapateneo.net\/wordpress\/index.php\/producto\/proletariado-salvaje-movimiento-asambleario-y-autonomia-obrera\/","og_locale":"es_ES","og_type":"article","og_title":"PROLETARIADO SALVAJE Movimiento Asambleario y Autonom\u00eda Obrera &#8212; Zapateneo","og_description":"Miquel Amor\u00f3s 9788412590104 - Milvus - 2022 - 204 p\u00e1ginas \/orri.","og_url":"https:\/\/zapateneo.net\/wordpress\/index.php\/producto\/proletariado-salvaje-movimiento-asambleario-y-autonomia-obrera\/","og_site_name":"Zapateneo","article_modified_time":"2023-04-09T17:53:20+00:00","twitter_card":"summary_large_image","twitter_site":"@zapateneo","twitter_misc":{"Tiempo de lectura":"2 minutos"},"schema":{"@context":"https:\/\/schema.org","@graph":[{"@type":"WebPage","@id":"https:\/\/zapateneo.net\/wordpress\/index.php\/producto\/proletariado-salvaje-movimiento-asambleario-y-autonomia-obrera\/","url":"https:\/\/zapateneo.net\/wordpress\/index.php\/producto\/proletariado-salvaje-movimiento-asambleario-y-autonomia-obrera\/","name":"PROLETARIADO SALVAJE Movimiento Asambleario y Autonom\u00eda Obrera &#8212; Zapateneo","isPartOf":{"@id":"https:\/\/zapateneo.net\/wordpress\/#website"},"primaryImageOfPage":{"@id":"https:\/\/zapateneo.net\/wordpress\/index.php\/producto\/proletariado-salvaje-movimiento-asambleario-y-autonomia-obrera\/#primaryimage"},"image":{"@id":"https:\/\/zapateneo.net\/wordpress\/index.php\/producto\/proletariado-salvaje-movimiento-asambleario-y-autonomia-obrera\/#primaryimage"},"thumbnailUrl":"https:\/\/zapateneo.net\/wordpress\/wp-content\/uploads\/2023\/04\/9788412590104.jpeg","datePublished":"2023-04-09T17:53:03+00:00","dateModified":"2023-04-09T17:53:20+00:00","breadcrumb":{"@id":"https:\/\/zapateneo.net\/wordpress\/index.php\/producto\/proletariado-salvaje-movimiento-asambleario-y-autonomia-obrera\/#breadcrumb"},"inLanguage":"es","potentialAction":[{"@type":"ReadAction","target":["https:\/\/zapateneo.net\/wordpress\/index.php\/producto\/proletariado-salvaje-movimiento-asambleario-y-autonomia-obrera\/"]}]},{"@type":"ImageObject","inLanguage":"es","@id":"https:\/\/zapateneo.net\/wordpress\/index.php\/producto\/proletariado-salvaje-movimiento-asambleario-y-autonomia-obrera\/#primaryimage","url":"https:\/\/zapateneo.net\/wordpress\/wp-content\/uploads\/2023\/04\/9788412590104.jpeg","contentUrl":"https:\/\/zapateneo.net\/wordpress\/wp-content\/uploads\/2023\/04\/9788412590104.jpeg","width":250,"height":375},{"@type":"BreadcrumbList","@id":"https:\/\/zapateneo.net\/wordpress\/index.php\/producto\/proletariado-salvaje-movimiento-asambleario-y-autonomia-obrera\/#breadcrumb","itemListElement":[{"@type":"ListItem","position":1,"name":"Portada","item":"https:\/\/zapateneo.net\/wordpress\/"},{"@type":"ListItem","position":2,"name":"Tienda","item":"https:\/\/zapateneo.net\/wordpress\/"},{"@type":"ListItem","position":3,"name":"PROLETARIADO SALVAJE Movimiento Asambleario y Autonom\u00eda Obrera"}]},{"@type":"WebSite","@id":"https:\/\/zapateneo.net\/wordpress\/#website","url":"https:\/\/zapateneo.net\/wordpress\/","name":"Zapateneo","description":"Zapateneoaren webgunea","publisher":{"@id":"https:\/\/zapateneo.net\/wordpress\/#organization"},"potentialAction":[{"@type":"SearchAction","target":{"@type":"EntryPoint","urlTemplate":"https:\/\/zapateneo.net\/wordpress\/?s={search_term_string}"},"query-input":{"@type":"PropertyValueSpecification","valueRequired":true,"valueName":"search_term_string"}}],"inLanguage":"es"},{"@type":"Organization","@id":"https:\/\/zapateneo.net\/wordpress\/#organization","name":"Zapateneo Kultur Elkartea","url":"https:\/\/zapateneo.net\/wordpress\/","logo":{"@type":"ImageObject","inLanguage":"es","@id":"https:\/\/zapateneo.net\/wordpress\/#\/schema\/logo\/image\/","url":"https:\/\/zapateneo.net\/wordpress\/wp-content\/uploads\/2021\/04\/zap-libu-kolec.jpg","contentUrl":"https:\/\/zapateneo.net\/wordpress\/wp-content\/uploads\/2021\/04\/zap-libu-kolec.jpg","width":2234,"height":398,"caption":"Zapateneo Kultur Elkartea"},"image":{"@id":"https:\/\/zapateneo.net\/wordpress\/#\/schema\/logo\/image\/"},"sameAs":["https:\/\/x.com\/zapateneo"]}]}},"_links":{"self":[{"href":"https:\/\/zapateneo.net\/wordpress\/index.php\/wp-json\/wp\/v2\/product\/12656","targetHints":{"allow":["GET"]}}],"collection":[{"href":"https:\/\/zapateneo.net\/wordpress\/index.php\/wp-json\/wp\/v2\/product"}],"about":[{"href":"https:\/\/zapateneo.net\/wordpress\/index.php\/wp-json\/wp\/v2\/types\/product"}],"wp:featuredmedia":[{"embeddable":true,"href":"https:\/\/zapateneo.net\/wordpress\/index.php\/wp-json\/wp\/v2\/media\/12684"}],"wp:attachment":[{"href":"https:\/\/zapateneo.net\/wordpress\/index.php\/wp-json\/wp\/v2\/media?parent=12656"}],"wp:term":[{"taxonomy":"product_brand","embeddable":true,"href":"https:\/\/zapateneo.net\/wordpress\/index.php\/wp-json\/wp\/v2\/product_brand?post=12656"},{"taxonomy":"product_cat","embeddable":true,"href":"https:\/\/zapateneo.net\/wordpress\/index.php\/wp-json\/wp\/v2\/product_cat?post=12656"},{"taxonomy":"product_tag","embeddable":true,"href":"https:\/\/zapateneo.net\/wordpress\/index.php\/wp-json\/wp\/v2\/product_tag?post=12656"}],"curies":[{"name":"wp","href":"https:\/\/api.w.org\/{rel}","templated":true}]}}