{"id":12655,"date":"2023-04-09T18:53:03","date_gmt":"2023-04-09T17:53:03","guid":{"rendered":"https:\/\/zapateneo.net\/wordpress\/?post_type=product&#038;p=12655"},"modified":"2023-04-09T18:53:19","modified_gmt":"2023-04-09T17:53:19","slug":"cualquiera-que-os-de-muerte","status":"publish","type":"product","link":"https:\/\/zapateneo.net\/wordpress\/index.php\/producto\/cualquiera-que-os-de-muerte\/","title":{"rendered":"CUALQUIERA QUE OS D\u00c9 MUERTE"},"content":{"rendered":"<p>Cualquiera que os d\u00e9 muerte, obra que recibi\u00f3 el Premio \u00c1guilas de novela en 1969, narra la historia de Francisca Amaya Iraola, una muchacha de familia anarcosindicalista cuya vida se ver\u00e1 truncada por la Guerra Civil y el posterior exilio en M\u00e9xico.<\/p>\n<p>Planteada en cierto modo como una \u00abnovela de formaci\u00f3n\u00bb, asistimos a las luchas sociales y pol\u00edticas que se dieron en Espa\u00f1a entre 1917 y 1939, mientras nuestra protagonista descubre un mundo que en algunas ocasiones no alcanza a comprender. La guerra y los traumas que conlleva supondr\u00e1n un golpe decisivo, que provocar\u00e1 la \u00abdesaparici\u00f3n\u00bb de Francisca. El extra\u00f1amiento de si misma que experimentar\u00e1 durante su exilio en un desierto duro e inh\u00f3spito, relatado en un estilo cercano al western, nos habla, a modo de met\u00e1fora, de la historia de otras muchas gentes, de todo un pa\u00eds.<\/p>\n<p>Cecilia G. de Guilarte fue finalista del premio Planeta en 1968 con esta novela, con el t\u00edtulo original de Todas las vidas. Un a\u00f1o despu\u00e9s, y con el nombre de Cualquiera que os d\u00e9 muerte, gan\u00f3 el premio \u00c1guilas de novela, el segundo mejor dotado del pa\u00eds en esa \u00e9poca.<\/p>\n<p>Cecilia Garc\u00eda de Guilarte (Tolosa (Guip\u00fazcoa) 20 de diciembre de 1915\u2013 ib\u00edd., 14 de julio de 1989). Novelista, dramaturga, ensayista y profesora universitaria. De familia obrera y formaci\u00f3n autodidacta, tras el estallido de la guerra civil espa\u00f1ola se convirti\u00f3 en una de las primeras corresponsales de guerra, cubriendo el frente norte. En 1939 se exilia en Francia y posteriormente en M\u00e9xico, donde permanecer\u00e1 hasta su retorno a Espa\u00f1a en 1964. Otras obras de la autora son las novelas Locos y vencidos, Contra el drag\u00f3n, La soledad y sus r\u00edos, Los nudos del quip\u00fa, los ensayos Sor Juana In\u00e9s de la Cruz. Claro en la selva o Juana de Asbaje, la monja almirante, y la recopilaci\u00f3n de art\u00edculos Un barco cargado de\u2026<\/p>\n","protected":false},"excerpt":{"rendered":"<p><strong>Cecilia G. De Guilarte<\/strong><br \/>\n9788412508734 &#8211; Rasmia &#8211; 2022 &#8211; 448 p\u00e1ginas \/orri.<\/p>\n","protected":false},"featured_media":12683,"template":"","meta":[],"product_brand":[],"product_cat":[16,187],"product_tag":[5916,2314],"class_list":{"0":"post-12655","1":"product","2":"type-product","3":"status-publish","4":"has-post-thumbnail","6":"product_cat-libros","7":"product_cat-narratiba-narrativa","8":"product_tag-cecilia-g-de-guilarte","9":"product_tag-rasmia","11":"first","12":"instock","13":"sold-individually","14":"shipping-taxable","15":"purchasable","16":"product-type-simple"},"yoast_head":"<!-- This site is optimized with the Yoast SEO plugin v27.3 - https:\/\/yoast.com\/product\/yoast-seo-wordpress\/ -->\n<title>CUALQUIERA QUE OS D\u00c9 MUERTE &#8212; Zapateneo<\/title>\n<meta name=\"robots\" content=\"index, follow, max-snippet:-1, max-image-preview:large, max-video-preview:-1\" \/>\n<link rel=\"canonical\" href=\"https:\/\/zapateneo.net\/wordpress\/index.php\/producto\/cualquiera-que-os-de-muerte\/\" \/>\n<meta property=\"og:locale\" content=\"es_ES\" \/>\n<meta property=\"og:type\" content=\"article\" \/>\n<meta property=\"og:title\" content=\"CUALQUIERA QUE OS D\u00c9 MUERTE &#8212; Zapateneo\" \/>\n<meta property=\"og:description\" content=\"Cecilia G. De Guilarte 9788412508734 - Rasmia - 2022 - 448 p\u00e1ginas \/orri.\" \/>\n<meta property=\"og:url\" content=\"https:\/\/zapateneo.net\/wordpress\/index.php\/producto\/cualquiera-que-os-de-muerte\/\" \/>\n<meta property=\"og:site_name\" content=\"Zapateneo\" \/>\n<meta property=\"article:modified_time\" content=\"2023-04-09T17:53:19+00:00\" \/>\n<meta name=\"twitter:card\" content=\"summary_large_image\" \/>\n<meta name=\"twitter:site\" content=\"@zapateneo\" \/>\n<meta name=\"twitter:label1\" content=\"Tiempo de lectura\" \/>\n\t<meta name=\"twitter:data1\" content=\"2 minutos\" \/>\n<script type=\"application\/ld+json\" class=\"yoast-schema-graph\">{\"@context\":\"https:\\\/\\\/schema.org\",\"@graph\":[{\"@type\":\"WebPage\",\"@id\":\"https:\\\/\\\/zapateneo.net\\\/wordpress\\\/index.php\\\/producto\\\/cualquiera-que-os-de-muerte\\\/\",\"url\":\"https:\\\/\\\/zapateneo.net\\\/wordpress\\\/index.php\\\/producto\\\/cualquiera-que-os-de-muerte\\\/\",\"name\":\"CUALQUIERA QUE OS D\u00c9 MUERTE &#8212; Zapateneo\",\"isPartOf\":{\"@id\":\"https:\\\/\\\/zapateneo.net\\\/wordpress\\\/#website\"},\"primaryImageOfPage\":{\"@id\":\"https:\\\/\\\/zapateneo.net\\\/wordpress\\\/index.php\\\/producto\\\/cualquiera-que-os-de-muerte\\\/#primaryimage\"},\"image\":{\"@id\":\"https:\\\/\\\/zapateneo.net\\\/wordpress\\\/index.php\\\/producto\\\/cualquiera-que-os-de-muerte\\\/#primaryimage\"},\"thumbnailUrl\":\"https:\\\/\\\/zapateneo.net\\\/wordpress\\\/wp-content\\\/uploads\\\/2023\\\/04\\\/cualquiera-que-os-de-muerte-9788412508734.jpg\",\"datePublished\":\"2023-04-09T17:53:03+00:00\",\"dateModified\":\"2023-04-09T17:53:19+00:00\",\"breadcrumb\":{\"@id\":\"https:\\\/\\\/zapateneo.net\\\/wordpress\\\/index.php\\\/producto\\\/cualquiera-que-os-de-muerte\\\/#breadcrumb\"},\"inLanguage\":\"es\",\"potentialAction\":[{\"@type\":\"ReadAction\",\"target\":[\"https:\\\/\\\/zapateneo.net\\\/wordpress\\\/index.php\\\/producto\\\/cualquiera-que-os-de-muerte\\\/\"]}]},{\"@type\":\"ImageObject\",\"inLanguage\":\"es\",\"@id\":\"https:\\\/\\\/zapateneo.net\\\/wordpress\\\/index.php\\\/producto\\\/cualquiera-que-os-de-muerte\\\/#primaryimage\",\"url\":\"https:\\\/\\\/zapateneo.net\\\/wordpress\\\/wp-content\\\/uploads\\\/2023\\\/04\\\/cualquiera-que-os-de-muerte-9788412508734.jpg\",\"contentUrl\":\"https:\\\/\\\/zapateneo.net\\\/wordpress\\\/wp-content\\\/uploads\\\/2023\\\/04\\\/cualquiera-que-os-de-muerte-9788412508734.jpg\",\"width\":250,\"height\":400},{\"@type\":\"BreadcrumbList\",\"@id\":\"https:\\\/\\\/zapateneo.net\\\/wordpress\\\/index.php\\\/producto\\\/cualquiera-que-os-de-muerte\\\/#breadcrumb\",\"itemListElement\":[{\"@type\":\"ListItem\",\"position\":1,\"name\":\"Portada\",\"item\":\"https:\\\/\\\/zapateneo.net\\\/wordpress\\\/\"},{\"@type\":\"ListItem\",\"position\":2,\"name\":\"Tienda\",\"item\":\"https:\\\/\\\/zapateneo.net\\\/wordpress\\\/\"},{\"@type\":\"ListItem\",\"position\":3,\"name\":\"CUALQUIERA QUE OS D\u00c9 MUERTE\"}]},{\"@type\":\"WebSite\",\"@id\":\"https:\\\/\\\/zapateneo.net\\\/wordpress\\\/#website\",\"url\":\"https:\\\/\\\/zapateneo.net\\\/wordpress\\\/\",\"name\":\"Zapateneo\",\"description\":\"Zapateneoaren webgunea\",\"publisher\":{\"@id\":\"https:\\\/\\\/zapateneo.net\\\/wordpress\\\/#organization\"},\"potentialAction\":[{\"@type\":\"SearchAction\",\"target\":{\"@type\":\"EntryPoint\",\"urlTemplate\":\"https:\\\/\\\/zapateneo.net\\\/wordpress\\\/?s={search_term_string}\"},\"query-input\":{\"@type\":\"PropertyValueSpecification\",\"valueRequired\":true,\"valueName\":\"search_term_string\"}}],\"inLanguage\":\"es\"},{\"@type\":\"Organization\",\"@id\":\"https:\\\/\\\/zapateneo.net\\\/wordpress\\\/#organization\",\"name\":\"Zapateneo Kultur Elkartea\",\"url\":\"https:\\\/\\\/zapateneo.net\\\/wordpress\\\/\",\"logo\":{\"@type\":\"ImageObject\",\"inLanguage\":\"es\",\"@id\":\"https:\\\/\\\/zapateneo.net\\\/wordpress\\\/#\\\/schema\\\/logo\\\/image\\\/\",\"url\":\"https:\\\/\\\/zapateneo.net\\\/wordpress\\\/wp-content\\\/uploads\\\/2021\\\/04\\\/zap-libu-kolec.jpg\",\"contentUrl\":\"https:\\\/\\\/zapateneo.net\\\/wordpress\\\/wp-content\\\/uploads\\\/2021\\\/04\\\/zap-libu-kolec.jpg\",\"width\":2234,\"height\":398,\"caption\":\"Zapateneo Kultur Elkartea\"},\"image\":{\"@id\":\"https:\\\/\\\/zapateneo.net\\\/wordpress\\\/#\\\/schema\\\/logo\\\/image\\\/\"},\"sameAs\":[\"https:\\\/\\\/x.com\\\/zapateneo\"]}]}<\/script>\n<!-- \/ Yoast SEO plugin. -->","yoast_head_json":{"title":"CUALQUIERA QUE OS D\u00c9 MUERTE &#8212; Zapateneo","robots":{"index":"index","follow":"follow","max-snippet":"max-snippet:-1","max-image-preview":"max-image-preview:large","max-video-preview":"max-video-preview:-1"},"canonical":"https:\/\/zapateneo.net\/wordpress\/index.php\/producto\/cualquiera-que-os-de-muerte\/","og_locale":"es_ES","og_type":"article","og_title":"CUALQUIERA QUE OS D\u00c9 MUERTE &#8212; Zapateneo","og_description":"Cecilia G. De Guilarte 9788412508734 - Rasmia - 2022 - 448 p\u00e1ginas \/orri.","og_url":"https:\/\/zapateneo.net\/wordpress\/index.php\/producto\/cualquiera-que-os-de-muerte\/","og_site_name":"Zapateneo","article_modified_time":"2023-04-09T17:53:19+00:00","twitter_card":"summary_large_image","twitter_site":"@zapateneo","twitter_misc":{"Tiempo de lectura":"2 minutos"},"schema":{"@context":"https:\/\/schema.org","@graph":[{"@type":"WebPage","@id":"https:\/\/zapateneo.net\/wordpress\/index.php\/producto\/cualquiera-que-os-de-muerte\/","url":"https:\/\/zapateneo.net\/wordpress\/index.php\/producto\/cualquiera-que-os-de-muerte\/","name":"CUALQUIERA QUE OS D\u00c9 MUERTE &#8212; Zapateneo","isPartOf":{"@id":"https:\/\/zapateneo.net\/wordpress\/#website"},"primaryImageOfPage":{"@id":"https:\/\/zapateneo.net\/wordpress\/index.php\/producto\/cualquiera-que-os-de-muerte\/#primaryimage"},"image":{"@id":"https:\/\/zapateneo.net\/wordpress\/index.php\/producto\/cualquiera-que-os-de-muerte\/#primaryimage"},"thumbnailUrl":"https:\/\/zapateneo.net\/wordpress\/wp-content\/uploads\/2023\/04\/cualquiera-que-os-de-muerte-9788412508734.jpg","datePublished":"2023-04-09T17:53:03+00:00","dateModified":"2023-04-09T17:53:19+00:00","breadcrumb":{"@id":"https:\/\/zapateneo.net\/wordpress\/index.php\/producto\/cualquiera-que-os-de-muerte\/#breadcrumb"},"inLanguage":"es","potentialAction":[{"@type":"ReadAction","target":["https:\/\/zapateneo.net\/wordpress\/index.php\/producto\/cualquiera-que-os-de-muerte\/"]}]},{"@type":"ImageObject","inLanguage":"es","@id":"https:\/\/zapateneo.net\/wordpress\/index.php\/producto\/cualquiera-que-os-de-muerte\/#primaryimage","url":"https:\/\/zapateneo.net\/wordpress\/wp-content\/uploads\/2023\/04\/cualquiera-que-os-de-muerte-9788412508734.jpg","contentUrl":"https:\/\/zapateneo.net\/wordpress\/wp-content\/uploads\/2023\/04\/cualquiera-que-os-de-muerte-9788412508734.jpg","width":250,"height":400},{"@type":"BreadcrumbList","@id":"https:\/\/zapateneo.net\/wordpress\/index.php\/producto\/cualquiera-que-os-de-muerte\/#breadcrumb","itemListElement":[{"@type":"ListItem","position":1,"name":"Portada","item":"https:\/\/zapateneo.net\/wordpress\/"},{"@type":"ListItem","position":2,"name":"Tienda","item":"https:\/\/zapateneo.net\/wordpress\/"},{"@type":"ListItem","position":3,"name":"CUALQUIERA QUE OS D\u00c9 MUERTE"}]},{"@type":"WebSite","@id":"https:\/\/zapateneo.net\/wordpress\/#website","url":"https:\/\/zapateneo.net\/wordpress\/","name":"Zapateneo","description":"Zapateneoaren webgunea","publisher":{"@id":"https:\/\/zapateneo.net\/wordpress\/#organization"},"potentialAction":[{"@type":"SearchAction","target":{"@type":"EntryPoint","urlTemplate":"https:\/\/zapateneo.net\/wordpress\/?s={search_term_string}"},"query-input":{"@type":"PropertyValueSpecification","valueRequired":true,"valueName":"search_term_string"}}],"inLanguage":"es"},{"@type":"Organization","@id":"https:\/\/zapateneo.net\/wordpress\/#organization","name":"Zapateneo Kultur Elkartea","url":"https:\/\/zapateneo.net\/wordpress\/","logo":{"@type":"ImageObject","inLanguage":"es","@id":"https:\/\/zapateneo.net\/wordpress\/#\/schema\/logo\/image\/","url":"https:\/\/zapateneo.net\/wordpress\/wp-content\/uploads\/2021\/04\/zap-libu-kolec.jpg","contentUrl":"https:\/\/zapateneo.net\/wordpress\/wp-content\/uploads\/2021\/04\/zap-libu-kolec.jpg","width":2234,"height":398,"caption":"Zapateneo Kultur Elkartea"},"image":{"@id":"https:\/\/zapateneo.net\/wordpress\/#\/schema\/logo\/image\/"},"sameAs":["https:\/\/x.com\/zapateneo"]}]}},"_links":{"self":[{"href":"https:\/\/zapateneo.net\/wordpress\/index.php\/wp-json\/wp\/v2\/product\/12655","targetHints":{"allow":["GET"]}}],"collection":[{"href":"https:\/\/zapateneo.net\/wordpress\/index.php\/wp-json\/wp\/v2\/product"}],"about":[{"href":"https:\/\/zapateneo.net\/wordpress\/index.php\/wp-json\/wp\/v2\/types\/product"}],"wp:featuredmedia":[{"embeddable":true,"href":"https:\/\/zapateneo.net\/wordpress\/index.php\/wp-json\/wp\/v2\/media\/12683"}],"wp:attachment":[{"href":"https:\/\/zapateneo.net\/wordpress\/index.php\/wp-json\/wp\/v2\/media?parent=12655"}],"wp:term":[{"taxonomy":"product_brand","embeddable":true,"href":"https:\/\/zapateneo.net\/wordpress\/index.php\/wp-json\/wp\/v2\/product_brand?post=12655"},{"taxonomy":"product_cat","embeddable":true,"href":"https:\/\/zapateneo.net\/wordpress\/index.php\/wp-json\/wp\/v2\/product_cat?post=12655"},{"taxonomy":"product_tag","embeddable":true,"href":"https:\/\/zapateneo.net\/wordpress\/index.php\/wp-json\/wp\/v2\/product_tag?post=12655"}],"curies":[{"name":"wp","href":"https:\/\/api.w.org\/{rel}","templated":true}]}}