{"id":12652,"date":"2023-04-09T18:53:02","date_gmt":"2023-04-09T17:53:02","guid":{"rendered":"https:\/\/zapateneo.net\/wordpress\/?post_type=product&#038;p=12652"},"modified":"2023-04-09T18:53:17","modified_gmt":"2023-04-09T17:53:17","slug":"flores-para-lola-una-mirada-queer-y-feminista-sobre-la-faraona","status":"publish","type":"product","link":"https:\/\/zapateneo.net\/wordpress\/index.php\/producto\/flores-para-lola-una-mirada-queer-y-feminista-sobre-la-faraona\/","title":{"rendered":"FLORES PARA LOLA Una mirada queer y feminista sobre la Faraona"},"content":{"rendered":"<p>Hablar de Lola Flores es hablar de una de las artistas m\u00e1s importantes de la historia de nuestro pa\u00eds. Con su talento natural consigui\u00f3 te\u00f1ir de color una Espa\u00f1a en blanco y negro que agonizaba bajo el yugo de la dictadura franquista y, una vez terminada, supo reconvertirse y desarrollar una fruct\u00edfera carrera en la m\u00fasica, el cine y la televisi\u00f3n hasta el mism\u00edsimo d\u00eda de su muerte.<\/p>\n<p>Entre sus haza\u00f1as como personaje p\u00fablico, se cuentan la de haber vivido una vida absolutamente libre, llegando a mantener una relaci\u00f3n con un hombre casado veinte a\u00f1os mayor que ella o haber abortado de forma clandestina en varias ocasiones. Y no solo busc\u00f3 su libertad, sino tambi\u00e9n la de los dem\u00e1s: fue una gran defensora del colectivo LGTBIQ+ en un momento en el que no era nada f\u00e1cil serlo y se convirti\u00f3 en una abandera (in)voluntaria del feminismo cuando este movimiento era tan solo el germen de lo que ahora es.<\/p>\n<p>Por eso, en el centenario de su nacimiento, esta obra se dispone a hacer una relectura de su figura desde una perspectiva disidente. Gracias a textos de autoras como Lidia Garc\u00eda, conductora del p\u00f3dcast \u00a1Ay, campaneras!; Nerea P\u00e9rez de las Heras, responsable del exitoso mon\u00f3logo teatral Feminismo para torpes; la periodista Pepa Blanes o el bailar\u00edn de flamenco e investigador Fernando L\u00f3pez, entre otras, intentaremos desentra\u00f1ar uno de los mayores misterios que ha dado la cultura popular de este pa\u00eds: el de aquella jovencita de Jerez que lleg\u00f3 a Madrid decidida a comerse el mundo y que, aunque ni cantaba ni bailaba, consigui\u00f3 dejar su nombre grabado a fuego en el imaginario colectivo de un pueblo que, por mucho que pase el tiempo, se niega a olvidarla.<\/p>\n<p>Con art\u00edculos de Carlos Barea, Lidia Garc\u00eda, Noelia Cort\u00e9s, Nerea P\u00e9rez de las Heras, Daniel Mar\u00eda, Carlos Carvento, Fernando L\u00f3pez, Pepa Blanes y \u00c1lex \u00c1nder.<\/p>\n","protected":false},"excerpt":{"rendered":"<p><strong>vvaa<\/strong><br \/>\n9788412597592 &#8211; Egales &#8211; 2023 &#8211; 174 p\u00e1ginas \/orri.<\/p>\n","protected":false},"featured_media":12680,"template":"","meta":[],"product_brand":[],"product_cat":[174,16],"product_tag":[1199],"class_list":{"0":"post-12652","1":"product","2":"type-product","3":"status-publish","4":"has-post-thumbnail","6":"product_cat-generoak-generos","7":"product_cat-libros","8":"product_tag-egales","10":"first","11":"instock","12":"sold-individually","13":"shipping-taxable","14":"purchasable","15":"product-type-simple"},"yoast_head":"<!-- This site is optimized with the Yoast SEO plugin v27.3 - https:\/\/yoast.com\/product\/yoast-seo-wordpress\/ -->\n<title>FLORES PARA LOLA Una mirada queer y feminista sobre la Faraona &#8212; Zapateneo<\/title>\n<meta name=\"robots\" content=\"index, follow, max-snippet:-1, max-image-preview:large, max-video-preview:-1\" \/>\n<link rel=\"canonical\" href=\"https:\/\/zapateneo.net\/wordpress\/index.php\/producto\/flores-para-lola-una-mirada-queer-y-feminista-sobre-la-faraona\/\" \/>\n<meta property=\"og:locale\" content=\"es_ES\" \/>\n<meta property=\"og:type\" content=\"article\" \/>\n<meta property=\"og:title\" content=\"FLORES PARA LOLA Una mirada queer y feminista sobre la Faraona &#8212; Zapateneo\" \/>\n<meta property=\"og:description\" content=\"vvaa 9788412597592 - Egales - 2023 - 174 p\u00e1ginas \/orri.\" \/>\n<meta property=\"og:url\" content=\"https:\/\/zapateneo.net\/wordpress\/index.php\/producto\/flores-para-lola-una-mirada-queer-y-feminista-sobre-la-faraona\/\" \/>\n<meta property=\"og:site_name\" content=\"Zapateneo\" \/>\n<meta property=\"article:modified_time\" content=\"2023-04-09T17:53:17+00:00\" \/>\n<meta name=\"twitter:card\" content=\"summary_large_image\" \/>\n<meta name=\"twitter:site\" content=\"@zapateneo\" \/>\n<meta name=\"twitter:label1\" content=\"Tiempo de lectura\" \/>\n\t<meta name=\"twitter:data1\" content=\"2 minutos\" \/>\n<script type=\"application\/ld+json\" class=\"yoast-schema-graph\">{\"@context\":\"https:\\\/\\\/schema.org\",\"@graph\":[{\"@type\":\"WebPage\",\"@id\":\"https:\\\/\\\/zapateneo.net\\\/wordpress\\\/index.php\\\/producto\\\/flores-para-lola-una-mirada-queer-y-feminista-sobre-la-faraona\\\/\",\"url\":\"https:\\\/\\\/zapateneo.net\\\/wordpress\\\/index.php\\\/producto\\\/flores-para-lola-una-mirada-queer-y-feminista-sobre-la-faraona\\\/\",\"name\":\"FLORES PARA LOLA Una mirada queer y feminista sobre la Faraona &#8212; Zapateneo\",\"isPartOf\":{\"@id\":\"https:\\\/\\\/zapateneo.net\\\/wordpress\\\/#website\"},\"primaryImageOfPage\":{\"@id\":\"https:\\\/\\\/zapateneo.net\\\/wordpress\\\/index.php\\\/producto\\\/flores-para-lola-una-mirada-queer-y-feminista-sobre-la-faraona\\\/#primaryimage\"},\"image\":{\"@id\":\"https:\\\/\\\/zapateneo.net\\\/wordpress\\\/index.php\\\/producto\\\/flores-para-lola-una-mirada-queer-y-feminista-sobre-la-faraona\\\/#primaryimage\"},\"thumbnailUrl\":\"https:\\\/\\\/zapateneo.net\\\/wordpress\\\/wp-content\\\/uploads\\\/2023\\\/04\\\/flores-para-lola-9788412597592.jpg\",\"datePublished\":\"2023-04-09T17:53:02+00:00\",\"dateModified\":\"2023-04-09T17:53:17+00:00\",\"breadcrumb\":{\"@id\":\"https:\\\/\\\/zapateneo.net\\\/wordpress\\\/index.php\\\/producto\\\/flores-para-lola-una-mirada-queer-y-feminista-sobre-la-faraona\\\/#breadcrumb\"},\"inLanguage\":\"es\",\"potentialAction\":[{\"@type\":\"ReadAction\",\"target\":[\"https:\\\/\\\/zapateneo.net\\\/wordpress\\\/index.php\\\/producto\\\/flores-para-lola-una-mirada-queer-y-feminista-sobre-la-faraona\\\/\"]}]},{\"@type\":\"ImageObject\",\"inLanguage\":\"es\",\"@id\":\"https:\\\/\\\/zapateneo.net\\\/wordpress\\\/index.php\\\/producto\\\/flores-para-lola-una-mirada-queer-y-feminista-sobre-la-faraona\\\/#primaryimage\",\"url\":\"https:\\\/\\\/zapateneo.net\\\/wordpress\\\/wp-content\\\/uploads\\\/2023\\\/04\\\/flores-para-lola-9788412597592.jpg\",\"contentUrl\":\"https:\\\/\\\/zapateneo.net\\\/wordpress\\\/wp-content\\\/uploads\\\/2023\\\/04\\\/flores-para-lola-9788412597592.jpg\",\"width\":283,\"height\":400},{\"@type\":\"BreadcrumbList\",\"@id\":\"https:\\\/\\\/zapateneo.net\\\/wordpress\\\/index.php\\\/producto\\\/flores-para-lola-una-mirada-queer-y-feminista-sobre-la-faraona\\\/#breadcrumb\",\"itemListElement\":[{\"@type\":\"ListItem\",\"position\":1,\"name\":\"Portada\",\"item\":\"https:\\\/\\\/zapateneo.net\\\/wordpress\\\/\"},{\"@type\":\"ListItem\",\"position\":2,\"name\":\"Tienda\",\"item\":\"https:\\\/\\\/zapateneo.net\\\/wordpress\\\/\"},{\"@type\":\"ListItem\",\"position\":3,\"name\":\"FLORES PARA LOLA Una mirada queer y feminista sobre la Faraona\"}]},{\"@type\":\"WebSite\",\"@id\":\"https:\\\/\\\/zapateneo.net\\\/wordpress\\\/#website\",\"url\":\"https:\\\/\\\/zapateneo.net\\\/wordpress\\\/\",\"name\":\"Zapateneo\",\"description\":\"Zapateneoaren webgunea\",\"publisher\":{\"@id\":\"https:\\\/\\\/zapateneo.net\\\/wordpress\\\/#organization\"},\"potentialAction\":[{\"@type\":\"SearchAction\",\"target\":{\"@type\":\"EntryPoint\",\"urlTemplate\":\"https:\\\/\\\/zapateneo.net\\\/wordpress\\\/?s={search_term_string}\"},\"query-input\":{\"@type\":\"PropertyValueSpecification\",\"valueRequired\":true,\"valueName\":\"search_term_string\"}}],\"inLanguage\":\"es\"},{\"@type\":\"Organization\",\"@id\":\"https:\\\/\\\/zapateneo.net\\\/wordpress\\\/#organization\",\"name\":\"Zapateneo Kultur Elkartea\",\"url\":\"https:\\\/\\\/zapateneo.net\\\/wordpress\\\/\",\"logo\":{\"@type\":\"ImageObject\",\"inLanguage\":\"es\",\"@id\":\"https:\\\/\\\/zapateneo.net\\\/wordpress\\\/#\\\/schema\\\/logo\\\/image\\\/\",\"url\":\"https:\\\/\\\/zapateneo.net\\\/wordpress\\\/wp-content\\\/uploads\\\/2021\\\/04\\\/zap-libu-kolec.jpg\",\"contentUrl\":\"https:\\\/\\\/zapateneo.net\\\/wordpress\\\/wp-content\\\/uploads\\\/2021\\\/04\\\/zap-libu-kolec.jpg\",\"width\":2234,\"height\":398,\"caption\":\"Zapateneo Kultur Elkartea\"},\"image\":{\"@id\":\"https:\\\/\\\/zapateneo.net\\\/wordpress\\\/#\\\/schema\\\/logo\\\/image\\\/\"},\"sameAs\":[\"https:\\\/\\\/x.com\\\/zapateneo\"]}]}<\/script>\n<!-- \/ Yoast SEO plugin. -->","yoast_head_json":{"title":"FLORES PARA LOLA Una mirada queer y feminista sobre la Faraona &#8212; Zapateneo","robots":{"index":"index","follow":"follow","max-snippet":"max-snippet:-1","max-image-preview":"max-image-preview:large","max-video-preview":"max-video-preview:-1"},"canonical":"https:\/\/zapateneo.net\/wordpress\/index.php\/producto\/flores-para-lola-una-mirada-queer-y-feminista-sobre-la-faraona\/","og_locale":"es_ES","og_type":"article","og_title":"FLORES PARA LOLA Una mirada queer y feminista sobre la Faraona &#8212; Zapateneo","og_description":"vvaa 9788412597592 - Egales - 2023 - 174 p\u00e1ginas \/orri.","og_url":"https:\/\/zapateneo.net\/wordpress\/index.php\/producto\/flores-para-lola-una-mirada-queer-y-feminista-sobre-la-faraona\/","og_site_name":"Zapateneo","article_modified_time":"2023-04-09T17:53:17+00:00","twitter_card":"summary_large_image","twitter_site":"@zapateneo","twitter_misc":{"Tiempo de lectura":"2 minutos"},"schema":{"@context":"https:\/\/schema.org","@graph":[{"@type":"WebPage","@id":"https:\/\/zapateneo.net\/wordpress\/index.php\/producto\/flores-para-lola-una-mirada-queer-y-feminista-sobre-la-faraona\/","url":"https:\/\/zapateneo.net\/wordpress\/index.php\/producto\/flores-para-lola-una-mirada-queer-y-feminista-sobre-la-faraona\/","name":"FLORES PARA LOLA Una mirada queer y feminista sobre la Faraona &#8212; Zapateneo","isPartOf":{"@id":"https:\/\/zapateneo.net\/wordpress\/#website"},"primaryImageOfPage":{"@id":"https:\/\/zapateneo.net\/wordpress\/index.php\/producto\/flores-para-lola-una-mirada-queer-y-feminista-sobre-la-faraona\/#primaryimage"},"image":{"@id":"https:\/\/zapateneo.net\/wordpress\/index.php\/producto\/flores-para-lola-una-mirada-queer-y-feminista-sobre-la-faraona\/#primaryimage"},"thumbnailUrl":"https:\/\/zapateneo.net\/wordpress\/wp-content\/uploads\/2023\/04\/flores-para-lola-9788412597592.jpg","datePublished":"2023-04-09T17:53:02+00:00","dateModified":"2023-04-09T17:53:17+00:00","breadcrumb":{"@id":"https:\/\/zapateneo.net\/wordpress\/index.php\/producto\/flores-para-lola-una-mirada-queer-y-feminista-sobre-la-faraona\/#breadcrumb"},"inLanguage":"es","potentialAction":[{"@type":"ReadAction","target":["https:\/\/zapateneo.net\/wordpress\/index.php\/producto\/flores-para-lola-una-mirada-queer-y-feminista-sobre-la-faraona\/"]}]},{"@type":"ImageObject","inLanguage":"es","@id":"https:\/\/zapateneo.net\/wordpress\/index.php\/producto\/flores-para-lola-una-mirada-queer-y-feminista-sobre-la-faraona\/#primaryimage","url":"https:\/\/zapateneo.net\/wordpress\/wp-content\/uploads\/2023\/04\/flores-para-lola-9788412597592.jpg","contentUrl":"https:\/\/zapateneo.net\/wordpress\/wp-content\/uploads\/2023\/04\/flores-para-lola-9788412597592.jpg","width":283,"height":400},{"@type":"BreadcrumbList","@id":"https:\/\/zapateneo.net\/wordpress\/index.php\/producto\/flores-para-lola-una-mirada-queer-y-feminista-sobre-la-faraona\/#breadcrumb","itemListElement":[{"@type":"ListItem","position":1,"name":"Portada","item":"https:\/\/zapateneo.net\/wordpress\/"},{"@type":"ListItem","position":2,"name":"Tienda","item":"https:\/\/zapateneo.net\/wordpress\/"},{"@type":"ListItem","position":3,"name":"FLORES PARA LOLA Una mirada queer y feminista sobre la Faraona"}]},{"@type":"WebSite","@id":"https:\/\/zapateneo.net\/wordpress\/#website","url":"https:\/\/zapateneo.net\/wordpress\/","name":"Zapateneo","description":"Zapateneoaren webgunea","publisher":{"@id":"https:\/\/zapateneo.net\/wordpress\/#organization"},"potentialAction":[{"@type":"SearchAction","target":{"@type":"EntryPoint","urlTemplate":"https:\/\/zapateneo.net\/wordpress\/?s={search_term_string}"},"query-input":{"@type":"PropertyValueSpecification","valueRequired":true,"valueName":"search_term_string"}}],"inLanguage":"es"},{"@type":"Organization","@id":"https:\/\/zapateneo.net\/wordpress\/#organization","name":"Zapateneo Kultur Elkartea","url":"https:\/\/zapateneo.net\/wordpress\/","logo":{"@type":"ImageObject","inLanguage":"es","@id":"https:\/\/zapateneo.net\/wordpress\/#\/schema\/logo\/image\/","url":"https:\/\/zapateneo.net\/wordpress\/wp-content\/uploads\/2021\/04\/zap-libu-kolec.jpg","contentUrl":"https:\/\/zapateneo.net\/wordpress\/wp-content\/uploads\/2021\/04\/zap-libu-kolec.jpg","width":2234,"height":398,"caption":"Zapateneo Kultur Elkartea"},"image":{"@id":"https:\/\/zapateneo.net\/wordpress\/#\/schema\/logo\/image\/"},"sameAs":["https:\/\/x.com\/zapateneo"]}]}},"_links":{"self":[{"href":"https:\/\/zapateneo.net\/wordpress\/index.php\/wp-json\/wp\/v2\/product\/12652","targetHints":{"allow":["GET"]}}],"collection":[{"href":"https:\/\/zapateneo.net\/wordpress\/index.php\/wp-json\/wp\/v2\/product"}],"about":[{"href":"https:\/\/zapateneo.net\/wordpress\/index.php\/wp-json\/wp\/v2\/types\/product"}],"wp:featuredmedia":[{"embeddable":true,"href":"https:\/\/zapateneo.net\/wordpress\/index.php\/wp-json\/wp\/v2\/media\/12680"}],"wp:attachment":[{"href":"https:\/\/zapateneo.net\/wordpress\/index.php\/wp-json\/wp\/v2\/media?parent=12652"}],"wp:term":[{"taxonomy":"product_brand","embeddable":true,"href":"https:\/\/zapateneo.net\/wordpress\/index.php\/wp-json\/wp\/v2\/product_brand?post=12652"},{"taxonomy":"product_cat","embeddable":true,"href":"https:\/\/zapateneo.net\/wordpress\/index.php\/wp-json\/wp\/v2\/product_cat?post=12652"},{"taxonomy":"product_tag","embeddable":true,"href":"https:\/\/zapateneo.net\/wordpress\/index.php\/wp-json\/wp\/v2\/product_tag?post=12652"}],"curies":[{"name":"wp","href":"https:\/\/api.w.org\/{rel}","templated":true}]}}