{"id":12651,"date":"2023-04-09T18:53:02","date_gmt":"2023-04-09T17:53:02","guid":{"rendered":"https:\/\/zapateneo.net\/wordpress\/?post_type=product&#038;p=12651"},"modified":"2023-04-09T18:53:16","modified_gmt":"2023-04-09T17:53:16","slug":"marx-juega-una-introduccion-al-marxismo-desde-los-videojuegos-y-viceversa","status":"publish","type":"product","link":"https:\/\/zapateneo.net\/wordpress\/index.php\/producto\/marx-juega-una-introduccion-al-marxismo-desde-los-videojuegos-y-viceversa\/","title":{"rendered":"MARX JUEGA Una introducci\u00f3n al marxismo desde los videojuegos (y viceversa)"},"content":{"rendered":"<p>\u00ab\u00bfQu\u00e9 dir\u00eda Karl Marx si jugara a videojuegos? \u00bfPodr\u00eda hablar de lucha de clases mientras gestiona una ciudad virtual? \u00bfQu\u00e9 dir\u00eda Theodor W. Adorno sobre la \u00abartisticidad\u00bb de Dark Souls? \u00bfO Rosa Luxemburgo sobre la estructura explotadora de la industria del videojuego? \u00bfSe despierta alguna potencia emancipadora mientras jugamos? (&#8230;) Los asuntos que abarca el pensamiento marxista no han perdido vigencia, aunque en ocasiones se han vuelto algo oscuros o han sufrido mala propaganda. Este texto se propone poner en comunicaci\u00f3n al marxismo con los videojuegos, como un ejercicio de acercar, clarificar y actualizar ciertos conceptos b\u00e1sicos del pensamiento marxista, al mismo tiempo que se establece un modelo de reflexi\u00f3n y cr\u00edtica particular a trav\u00e9s de este pensamiento para el videojuego\u00bb.<\/p>\n<p>La industria del videojuego mueve miles de millones de euros cada a\u00f1o en todo el mundo. Sus grandes obras ocupan durante horas a cientos de miles de jugadores. Y todav\u00eda hay quien se atreve a tachar este formato de \u00abpuro ocio\u00bb, ajeno a la cr\u00edtica cultural y pol\u00edtica. Aqu\u00ed, Antonio Flores Ledesma no solo reivindica la capacidad del videojuego de ser veh\u00edculo de hegemon\u00eda o campo de batalla ideol\u00f3gico, sino que le aplica los instrumentos de an\u00e1lisis del pensamiento marxista. En este ensayo divulgativo, los videojuegos hablan alto y claro de explotaci\u00f3n, de lucha de clases, de revoluci\u00f3n.<\/p>\n<p>Un libro para gamers empedernidos y para novatos del teclado, una puerta abierta desde el juego a los autores que construyeron algunas de las ideas m\u00e1s luminosas y rompedoras de nuestra historia reciente. Cada cap\u00edtulo de Marx juega se adentra en el pensamiento de un autor clave, convertido aqu\u00ed en gamer gracias a la imaginaci\u00f3n. El propio Marx est\u00e1 fascinado con Cities: Skylines, Gramsci analiza juegos hist\u00f3ricos de estrategia como Hearts of Iron IV, Kollontai y Federici miran con recelo la evoluci\u00f3n de Lara Croft en Tomb Raider y Lenin se frota las manos con They came from a communist planet. Diecisiete pensadores se asoman a un mundo creativo diverso (de los superventas a los independientes, de lo retro a los videojuegos en m\u00f3vil) que jam\u00e1s conocieron, pero que refleja hoy sus preguntas, sus advertencias, sus miedos y sus mayores esperanzas.<\/p>\n<p>Antonio Flores Ledesma naci\u00f3 en Villafranca de los Barros, Badajoz, en 1991. Es doctor en Filosof\u00eda, especializado en est\u00e9tica y cultura contempor\u00e1nea. Ha coordinado el volumen Ideological Games (H\u00e9roes de Papel, 2020) junto a Paula Velasco y es colaborador habitual en medios como Anait o Nivel Oculto.<\/p>\n","protected":false},"excerpt":{"rendered":"<p><strong>Antonio Flores Ledesma<\/strong><br \/>\n9788494922350 &#8211; Episkaia &#8211; 2022 &#8211; 280 p\u00e1ginas \/orri.<\/p>\n","protected":false},"featured_media":12679,"template":"","meta":[],"product_brand":[],"product_cat":[16,176],"product_tag":[5913,627],"class_list":{"0":"post-12651","1":"product","2":"type-product","3":"status-publish","4":"has-post-thumbnail","6":"product_cat-libros","7":"product_cat-marxismoa-marxismo","8":"product_tag-antonio-flores-ledesma","9":"product_tag-episkaia","11":"first","12":"instock","13":"sold-individually","14":"shipping-taxable","15":"purchasable","16":"product-type-simple"},"yoast_head":"<!-- This site is optimized with the Yoast SEO plugin v27.3 - https:\/\/yoast.com\/product\/yoast-seo-wordpress\/ -->\n<title>MARX JUEGA Una introducci\u00f3n al marxismo desde los videojuegos (y viceversa) &#8212; Zapateneo<\/title>\n<meta name=\"robots\" content=\"index, follow, max-snippet:-1, max-image-preview:large, max-video-preview:-1\" \/>\n<link rel=\"canonical\" href=\"https:\/\/zapateneo.net\/wordpress\/index.php\/producto\/marx-juega-una-introduccion-al-marxismo-desde-los-videojuegos-y-viceversa\/\" \/>\n<meta property=\"og:locale\" content=\"es_ES\" \/>\n<meta property=\"og:type\" content=\"article\" \/>\n<meta property=\"og:title\" content=\"MARX JUEGA Una introducci\u00f3n al marxismo desde los videojuegos (y viceversa) &#8212; Zapateneo\" \/>\n<meta property=\"og:description\" content=\"Antonio Flores Ledesma 9788494922350 - Episkaia - 2022 - 280 p\u00e1ginas \/orri.\" \/>\n<meta property=\"og:url\" content=\"https:\/\/zapateneo.net\/wordpress\/index.php\/producto\/marx-juega-una-introduccion-al-marxismo-desde-los-videojuegos-y-viceversa\/\" \/>\n<meta property=\"og:site_name\" content=\"Zapateneo\" \/>\n<meta property=\"article:modified_time\" content=\"2023-04-09T17:53:16+00:00\" \/>\n<meta name=\"twitter:card\" content=\"summary_large_image\" \/>\n<meta name=\"twitter:site\" content=\"@zapateneo\" \/>\n<meta name=\"twitter:label1\" content=\"Tiempo de lectura\" \/>\n\t<meta name=\"twitter:data1\" content=\"2 minutos\" \/>\n<script type=\"application\/ld+json\" class=\"yoast-schema-graph\">{\"@context\":\"https:\\\/\\\/schema.org\",\"@graph\":[{\"@type\":\"WebPage\",\"@id\":\"https:\\\/\\\/zapateneo.net\\\/wordpress\\\/index.php\\\/producto\\\/marx-juega-una-introduccion-al-marxismo-desde-los-videojuegos-y-viceversa\\\/\",\"url\":\"https:\\\/\\\/zapateneo.net\\\/wordpress\\\/index.php\\\/producto\\\/marx-juega-una-introduccion-al-marxismo-desde-los-videojuegos-y-viceversa\\\/\",\"name\":\"MARX JUEGA Una introducci\u00f3n al marxismo desde los videojuegos (y viceversa) &#8212; Zapateneo\",\"isPartOf\":{\"@id\":\"https:\\\/\\\/zapateneo.net\\\/wordpress\\\/#website\"},\"primaryImageOfPage\":{\"@id\":\"https:\\\/\\\/zapateneo.net\\\/wordpress\\\/index.php\\\/producto\\\/marx-juega-una-introduccion-al-marxismo-desde-los-videojuegos-y-viceversa\\\/#primaryimage\"},\"image\":{\"@id\":\"https:\\\/\\\/zapateneo.net\\\/wordpress\\\/index.php\\\/producto\\\/marx-juega-una-introduccion-al-marxismo-desde-los-videojuegos-y-viceversa\\\/#primaryimage\"},\"thumbnailUrl\":\"https:\\\/\\\/zapateneo.net\\\/wordpress\\\/wp-content\\\/uploads\\\/2023\\\/04\\\/marx-juega-9788494922350.jpg\",\"datePublished\":\"2023-04-09T17:53:02+00:00\",\"dateModified\":\"2023-04-09T17:53:16+00:00\",\"breadcrumb\":{\"@id\":\"https:\\\/\\\/zapateneo.net\\\/wordpress\\\/index.php\\\/producto\\\/marx-juega-una-introduccion-al-marxismo-desde-los-videojuegos-y-viceversa\\\/#breadcrumb\"},\"inLanguage\":\"es\",\"potentialAction\":[{\"@type\":\"ReadAction\",\"target\":[\"https:\\\/\\\/zapateneo.net\\\/wordpress\\\/index.php\\\/producto\\\/marx-juega-una-introduccion-al-marxismo-desde-los-videojuegos-y-viceversa\\\/\"]}]},{\"@type\":\"ImageObject\",\"inLanguage\":\"es\",\"@id\":\"https:\\\/\\\/zapateneo.net\\\/wordpress\\\/index.php\\\/producto\\\/marx-juega-una-introduccion-al-marxismo-desde-los-videojuegos-y-viceversa\\\/#primaryimage\",\"url\":\"https:\\\/\\\/zapateneo.net\\\/wordpress\\\/wp-content\\\/uploads\\\/2023\\\/04\\\/marx-juega-9788494922350.jpg\",\"contentUrl\":\"https:\\\/\\\/zapateneo.net\\\/wordpress\\\/wp-content\\\/uploads\\\/2023\\\/04\\\/marx-juega-9788494922350.jpg\",\"width\":251,\"height\":400},{\"@type\":\"BreadcrumbList\",\"@id\":\"https:\\\/\\\/zapateneo.net\\\/wordpress\\\/index.php\\\/producto\\\/marx-juega-una-introduccion-al-marxismo-desde-los-videojuegos-y-viceversa\\\/#breadcrumb\",\"itemListElement\":[{\"@type\":\"ListItem\",\"position\":1,\"name\":\"Portada\",\"item\":\"https:\\\/\\\/zapateneo.net\\\/wordpress\\\/\"},{\"@type\":\"ListItem\",\"position\":2,\"name\":\"Tienda\",\"item\":\"https:\\\/\\\/zapateneo.net\\\/wordpress\\\/\"},{\"@type\":\"ListItem\",\"position\":3,\"name\":\"MARX JUEGA Una introducci\u00f3n al marxismo desde los videojuegos (y viceversa)\"}]},{\"@type\":\"WebSite\",\"@id\":\"https:\\\/\\\/zapateneo.net\\\/wordpress\\\/#website\",\"url\":\"https:\\\/\\\/zapateneo.net\\\/wordpress\\\/\",\"name\":\"Zapateneo\",\"description\":\"Zapateneoaren webgunea\",\"publisher\":{\"@id\":\"https:\\\/\\\/zapateneo.net\\\/wordpress\\\/#organization\"},\"potentialAction\":[{\"@type\":\"SearchAction\",\"target\":{\"@type\":\"EntryPoint\",\"urlTemplate\":\"https:\\\/\\\/zapateneo.net\\\/wordpress\\\/?s={search_term_string}\"},\"query-input\":{\"@type\":\"PropertyValueSpecification\",\"valueRequired\":true,\"valueName\":\"search_term_string\"}}],\"inLanguage\":\"es\"},{\"@type\":\"Organization\",\"@id\":\"https:\\\/\\\/zapateneo.net\\\/wordpress\\\/#organization\",\"name\":\"Zapateneo Kultur Elkartea\",\"url\":\"https:\\\/\\\/zapateneo.net\\\/wordpress\\\/\",\"logo\":{\"@type\":\"ImageObject\",\"inLanguage\":\"es\",\"@id\":\"https:\\\/\\\/zapateneo.net\\\/wordpress\\\/#\\\/schema\\\/logo\\\/image\\\/\",\"url\":\"https:\\\/\\\/zapateneo.net\\\/wordpress\\\/wp-content\\\/uploads\\\/2021\\\/04\\\/zap-libu-kolec.jpg\",\"contentUrl\":\"https:\\\/\\\/zapateneo.net\\\/wordpress\\\/wp-content\\\/uploads\\\/2021\\\/04\\\/zap-libu-kolec.jpg\",\"width\":2234,\"height\":398,\"caption\":\"Zapateneo Kultur Elkartea\"},\"image\":{\"@id\":\"https:\\\/\\\/zapateneo.net\\\/wordpress\\\/#\\\/schema\\\/logo\\\/image\\\/\"},\"sameAs\":[\"https:\\\/\\\/x.com\\\/zapateneo\"]}]}<\/script>\n<!-- \/ Yoast SEO plugin. -->","yoast_head_json":{"title":"MARX JUEGA Una introducci\u00f3n al marxismo desde los videojuegos (y viceversa) &#8212; Zapateneo","robots":{"index":"index","follow":"follow","max-snippet":"max-snippet:-1","max-image-preview":"max-image-preview:large","max-video-preview":"max-video-preview:-1"},"canonical":"https:\/\/zapateneo.net\/wordpress\/index.php\/producto\/marx-juega-una-introduccion-al-marxismo-desde-los-videojuegos-y-viceversa\/","og_locale":"es_ES","og_type":"article","og_title":"MARX JUEGA Una introducci\u00f3n al marxismo desde los videojuegos (y viceversa) &#8212; Zapateneo","og_description":"Antonio Flores Ledesma 9788494922350 - Episkaia - 2022 - 280 p\u00e1ginas \/orri.","og_url":"https:\/\/zapateneo.net\/wordpress\/index.php\/producto\/marx-juega-una-introduccion-al-marxismo-desde-los-videojuegos-y-viceversa\/","og_site_name":"Zapateneo","article_modified_time":"2023-04-09T17:53:16+00:00","twitter_card":"summary_large_image","twitter_site":"@zapateneo","twitter_misc":{"Tiempo de lectura":"2 minutos"},"schema":{"@context":"https:\/\/schema.org","@graph":[{"@type":"WebPage","@id":"https:\/\/zapateneo.net\/wordpress\/index.php\/producto\/marx-juega-una-introduccion-al-marxismo-desde-los-videojuegos-y-viceversa\/","url":"https:\/\/zapateneo.net\/wordpress\/index.php\/producto\/marx-juega-una-introduccion-al-marxismo-desde-los-videojuegos-y-viceversa\/","name":"MARX JUEGA Una introducci\u00f3n al marxismo desde los videojuegos (y viceversa) &#8212; Zapateneo","isPartOf":{"@id":"https:\/\/zapateneo.net\/wordpress\/#website"},"primaryImageOfPage":{"@id":"https:\/\/zapateneo.net\/wordpress\/index.php\/producto\/marx-juega-una-introduccion-al-marxismo-desde-los-videojuegos-y-viceversa\/#primaryimage"},"image":{"@id":"https:\/\/zapateneo.net\/wordpress\/index.php\/producto\/marx-juega-una-introduccion-al-marxismo-desde-los-videojuegos-y-viceversa\/#primaryimage"},"thumbnailUrl":"https:\/\/zapateneo.net\/wordpress\/wp-content\/uploads\/2023\/04\/marx-juega-9788494922350.jpg","datePublished":"2023-04-09T17:53:02+00:00","dateModified":"2023-04-09T17:53:16+00:00","breadcrumb":{"@id":"https:\/\/zapateneo.net\/wordpress\/index.php\/producto\/marx-juega-una-introduccion-al-marxismo-desde-los-videojuegos-y-viceversa\/#breadcrumb"},"inLanguage":"es","potentialAction":[{"@type":"ReadAction","target":["https:\/\/zapateneo.net\/wordpress\/index.php\/producto\/marx-juega-una-introduccion-al-marxismo-desde-los-videojuegos-y-viceversa\/"]}]},{"@type":"ImageObject","inLanguage":"es","@id":"https:\/\/zapateneo.net\/wordpress\/index.php\/producto\/marx-juega-una-introduccion-al-marxismo-desde-los-videojuegos-y-viceversa\/#primaryimage","url":"https:\/\/zapateneo.net\/wordpress\/wp-content\/uploads\/2023\/04\/marx-juega-9788494922350.jpg","contentUrl":"https:\/\/zapateneo.net\/wordpress\/wp-content\/uploads\/2023\/04\/marx-juega-9788494922350.jpg","width":251,"height":400},{"@type":"BreadcrumbList","@id":"https:\/\/zapateneo.net\/wordpress\/index.php\/producto\/marx-juega-una-introduccion-al-marxismo-desde-los-videojuegos-y-viceversa\/#breadcrumb","itemListElement":[{"@type":"ListItem","position":1,"name":"Portada","item":"https:\/\/zapateneo.net\/wordpress\/"},{"@type":"ListItem","position":2,"name":"Tienda","item":"https:\/\/zapateneo.net\/wordpress\/"},{"@type":"ListItem","position":3,"name":"MARX JUEGA Una introducci\u00f3n al marxismo desde los videojuegos (y viceversa)"}]},{"@type":"WebSite","@id":"https:\/\/zapateneo.net\/wordpress\/#website","url":"https:\/\/zapateneo.net\/wordpress\/","name":"Zapateneo","description":"Zapateneoaren webgunea","publisher":{"@id":"https:\/\/zapateneo.net\/wordpress\/#organization"},"potentialAction":[{"@type":"SearchAction","target":{"@type":"EntryPoint","urlTemplate":"https:\/\/zapateneo.net\/wordpress\/?s={search_term_string}"},"query-input":{"@type":"PropertyValueSpecification","valueRequired":true,"valueName":"search_term_string"}}],"inLanguage":"es"},{"@type":"Organization","@id":"https:\/\/zapateneo.net\/wordpress\/#organization","name":"Zapateneo Kultur Elkartea","url":"https:\/\/zapateneo.net\/wordpress\/","logo":{"@type":"ImageObject","inLanguage":"es","@id":"https:\/\/zapateneo.net\/wordpress\/#\/schema\/logo\/image\/","url":"https:\/\/zapateneo.net\/wordpress\/wp-content\/uploads\/2021\/04\/zap-libu-kolec.jpg","contentUrl":"https:\/\/zapateneo.net\/wordpress\/wp-content\/uploads\/2021\/04\/zap-libu-kolec.jpg","width":2234,"height":398,"caption":"Zapateneo Kultur Elkartea"},"image":{"@id":"https:\/\/zapateneo.net\/wordpress\/#\/schema\/logo\/image\/"},"sameAs":["https:\/\/x.com\/zapateneo"]}]}},"_links":{"self":[{"href":"https:\/\/zapateneo.net\/wordpress\/index.php\/wp-json\/wp\/v2\/product\/12651","targetHints":{"allow":["GET"]}}],"collection":[{"href":"https:\/\/zapateneo.net\/wordpress\/index.php\/wp-json\/wp\/v2\/product"}],"about":[{"href":"https:\/\/zapateneo.net\/wordpress\/index.php\/wp-json\/wp\/v2\/types\/product"}],"wp:featuredmedia":[{"embeddable":true,"href":"https:\/\/zapateneo.net\/wordpress\/index.php\/wp-json\/wp\/v2\/media\/12679"}],"wp:attachment":[{"href":"https:\/\/zapateneo.net\/wordpress\/index.php\/wp-json\/wp\/v2\/media?parent=12651"}],"wp:term":[{"taxonomy":"product_brand","embeddable":true,"href":"https:\/\/zapateneo.net\/wordpress\/index.php\/wp-json\/wp\/v2\/product_brand?post=12651"},{"taxonomy":"product_cat","embeddable":true,"href":"https:\/\/zapateneo.net\/wordpress\/index.php\/wp-json\/wp\/v2\/product_cat?post=12651"},{"taxonomy":"product_tag","embeddable":true,"href":"https:\/\/zapateneo.net\/wordpress\/index.php\/wp-json\/wp\/v2\/product_tag?post=12651"}],"curies":[{"name":"wp","href":"https:\/\/api.w.org\/{rel}","templated":true}]}}