{"id":12646,"date":"2023-04-09T18:53:00","date_gmt":"2023-04-09T17:53:00","guid":{"rendered":"https:\/\/zapateneo.net\/wordpress\/?post_type=product&#038;p=12646"},"modified":"2023-04-09T18:53:12","modified_gmt":"2023-04-09T17:53:12","slug":"discurso-de-la-servidumbre-voluntaria-ilustrado-por-superabundans-haut","status":"publish","type":"product","link":"https:\/\/zapateneo.net\/wordpress\/index.php\/producto\/discurso-de-la-servidumbre-voluntaria-ilustrado-por-superabundans-haut\/","title":{"rendered":"DISCURSO DE LA SERVIDUMBRE VOLUNTARIA (Ilustrado por Superabundans Haut)"},"content":{"rendered":"<p>El Discurso de la servidumbre voluntaria (1572), de \u00c9tienne de La Bo\u00e9tie, es un texto cl\u00e1sico de la filosof\u00eda pol\u00edtica, uno de los primeros grandes alegatos contra la dominaci\u00f3n y el autoritarismo.<\/p>\n<p>Tambi\u00e9n conocido como El Contra Uno, su poder subversivo a\u00fan sigue vigente. La Bo\u00e9tie, muy admirado por su amigo Michel de Montaigne, sostiene en su acusaci\u00f3n que, contra lo que se suele creer, la servidumbre al poder de un solo hombre es fundamentalmente voluntaria.<\/p>\n<p>En su ensayo nos recuerda, sin paliativos ret\u00f3ricos, que la sumisi\u00f3n m\u00e1s salvaje no es la que irrumpe por medio de la fuerza, sino un producto de la costumbre y la pasividad.<\/p>\n<p>Esta edici\u00f3n incluye un pr\u00f3logo del joven fil\u00f3sofo Eudald Espluga, quien resalta la vigencia de las tesis de La Bo\u00e9tie, y un trabajo artesanal de carteler\u00eda, a cargo de Superabundans Haut, que percutir\u00e1 de lleno en el lector al poner el foco en el mensaje principal de esta obra: los pueblos pueden ser libres si realmente se lo proponen.<\/p>\n<p>\u00c9tienne de La Bo\u00e9tie Naci\u00f3 en Sarlat, en 1530. Escritor, fil\u00f3sofo y pol\u00edtico franc\u00e9s quien, tras cursar Derecho en la Universidad de Orleans, se convirti\u00f3 en consejero del Parlamento de Burdeos. Se desconoce la fecha exacta de redacci\u00f3n de su Discurso de la servidumbre voluntaria, pero se sabe que por entonces el autor no tendr\u00eda m\u00e1s de diecinueve a\u00f1os. El ensayo se public\u00f3 por primera vez en 1572, gracias a su \u00edntimo amigo Michel de Montaigne. Muri\u00f3 por la peste, a los treinta y tres a\u00f1os de edad, en una comuna cerca de Burdeos.<\/p>\n","protected":false},"excerpt":{"rendered":"<p><strong>\u00c9tienne De La Bo\u00e9tie<\/strong><br \/>\n9788412537185 &#8211; Zorro Rojo &#8211; 2022 &#8211; 72 p\u00e1ginas \/orri.<\/p>\n","protected":false},"featured_media":12674,"template":"","meta":[],"product_brand":[],"product_cat":[16,173],"product_tag":[5240,5116],"class_list":{"0":"post-12646","1":"product","2":"type-product","3":"status-publish","4":"has-post-thumbnail","6":"product_cat-libros","7":"product_cat-saiakera-ensayo","8":"product_tag-etienne-de-la-boetie","9":"product_tag-zorro-rojo","11":"first","12":"instock","13":"sold-individually","14":"shipping-taxable","15":"purchasable","16":"product-type-simple"},"yoast_head":"<!-- This site is optimized with the Yoast SEO plugin v27.3 - https:\/\/yoast.com\/product\/yoast-seo-wordpress\/ -->\n<title>DISCURSO DE LA SERVIDUMBRE VOLUNTARIA (Ilustrado por Superabundans Haut) &#8212; Zapateneo<\/title>\n<meta name=\"robots\" content=\"index, follow, max-snippet:-1, max-image-preview:large, max-video-preview:-1\" \/>\n<link rel=\"canonical\" href=\"https:\/\/zapateneo.net\/wordpress\/index.php\/producto\/discurso-de-la-servidumbre-voluntaria-ilustrado-por-superabundans-haut\/\" \/>\n<meta property=\"og:locale\" content=\"es_ES\" \/>\n<meta property=\"og:type\" content=\"article\" \/>\n<meta property=\"og:title\" content=\"DISCURSO DE LA SERVIDUMBRE VOLUNTARIA (Ilustrado por Superabundans Haut) &#8212; Zapateneo\" \/>\n<meta property=\"og:description\" content=\"\u00c9tienne De La Bo\u00e9tie 9788412537185 - Zorro Rojo - 2022 - 72 p\u00e1ginas \/orri.\" \/>\n<meta property=\"og:url\" content=\"https:\/\/zapateneo.net\/wordpress\/index.php\/producto\/discurso-de-la-servidumbre-voluntaria-ilustrado-por-superabundans-haut\/\" \/>\n<meta property=\"og:site_name\" content=\"Zapateneo\" \/>\n<meta property=\"article:modified_time\" content=\"2023-04-09T17:53:12+00:00\" \/>\n<meta name=\"twitter:card\" content=\"summary_large_image\" \/>\n<meta name=\"twitter:site\" content=\"@zapateneo\" \/>\n<meta name=\"twitter:label1\" content=\"Tiempo de lectura\" \/>\n\t<meta name=\"twitter:data1\" content=\"1 minuto\" \/>\n<script type=\"application\/ld+json\" class=\"yoast-schema-graph\">{\"@context\":\"https:\\\/\\\/schema.org\",\"@graph\":[{\"@type\":\"WebPage\",\"@id\":\"https:\\\/\\\/zapateneo.net\\\/wordpress\\\/index.php\\\/producto\\\/discurso-de-la-servidumbre-voluntaria-ilustrado-por-superabundans-haut\\\/\",\"url\":\"https:\\\/\\\/zapateneo.net\\\/wordpress\\\/index.php\\\/producto\\\/discurso-de-la-servidumbre-voluntaria-ilustrado-por-superabundans-haut\\\/\",\"name\":\"DISCURSO DE LA SERVIDUMBRE VOLUNTARIA (Ilustrado por Superabundans Haut) &#8212; Zapateneo\",\"isPartOf\":{\"@id\":\"https:\\\/\\\/zapateneo.net\\\/wordpress\\\/#website\"},\"primaryImageOfPage\":{\"@id\":\"https:\\\/\\\/zapateneo.net\\\/wordpress\\\/index.php\\\/producto\\\/discurso-de-la-servidumbre-voluntaria-ilustrado-por-superabundans-haut\\\/#primaryimage\"},\"image\":{\"@id\":\"https:\\\/\\\/zapateneo.net\\\/wordpress\\\/index.php\\\/producto\\\/discurso-de-la-servidumbre-voluntaria-ilustrado-por-superabundans-haut\\\/#primaryimage\"},\"thumbnailUrl\":\"https:\\\/\\\/zapateneo.net\\\/wordpress\\\/wp-content\\\/uploads\\\/2023\\\/04\\\/discurso-de-la-servidumbre-voluntaria-9788412537185.jpg\",\"datePublished\":\"2023-04-09T17:53:00+00:00\",\"dateModified\":\"2023-04-09T17:53:12+00:00\",\"breadcrumb\":{\"@id\":\"https:\\\/\\\/zapateneo.net\\\/wordpress\\\/index.php\\\/producto\\\/discurso-de-la-servidumbre-voluntaria-ilustrado-por-superabundans-haut\\\/#breadcrumb\"},\"inLanguage\":\"es\",\"potentialAction\":[{\"@type\":\"ReadAction\",\"target\":[\"https:\\\/\\\/zapateneo.net\\\/wordpress\\\/index.php\\\/producto\\\/discurso-de-la-servidumbre-voluntaria-ilustrado-por-superabundans-haut\\\/\"]}]},{\"@type\":\"ImageObject\",\"inLanguage\":\"es\",\"@id\":\"https:\\\/\\\/zapateneo.net\\\/wordpress\\\/index.php\\\/producto\\\/discurso-de-la-servidumbre-voluntaria-ilustrado-por-superabundans-haut\\\/#primaryimage\",\"url\":\"https:\\\/\\\/zapateneo.net\\\/wordpress\\\/wp-content\\\/uploads\\\/2023\\\/04\\\/discurso-de-la-servidumbre-voluntaria-9788412537185.jpg\",\"contentUrl\":\"https:\\\/\\\/zapateneo.net\\\/wordpress\\\/wp-content\\\/uploads\\\/2023\\\/04\\\/discurso-de-la-servidumbre-voluntaria-9788412537185.jpg\",\"width\":297,\"height\":400},{\"@type\":\"BreadcrumbList\",\"@id\":\"https:\\\/\\\/zapateneo.net\\\/wordpress\\\/index.php\\\/producto\\\/discurso-de-la-servidumbre-voluntaria-ilustrado-por-superabundans-haut\\\/#breadcrumb\",\"itemListElement\":[{\"@type\":\"ListItem\",\"position\":1,\"name\":\"Portada\",\"item\":\"https:\\\/\\\/zapateneo.net\\\/wordpress\\\/\"},{\"@type\":\"ListItem\",\"position\":2,\"name\":\"Tienda\",\"item\":\"https:\\\/\\\/zapateneo.net\\\/wordpress\\\/\"},{\"@type\":\"ListItem\",\"position\":3,\"name\":\"DISCURSO DE LA SERVIDUMBRE VOLUNTARIA (Ilustrado por Superabundans Haut)\"}]},{\"@type\":\"WebSite\",\"@id\":\"https:\\\/\\\/zapateneo.net\\\/wordpress\\\/#website\",\"url\":\"https:\\\/\\\/zapateneo.net\\\/wordpress\\\/\",\"name\":\"Zapateneo\",\"description\":\"Zapateneoaren webgunea\",\"publisher\":{\"@id\":\"https:\\\/\\\/zapateneo.net\\\/wordpress\\\/#organization\"},\"potentialAction\":[{\"@type\":\"SearchAction\",\"target\":{\"@type\":\"EntryPoint\",\"urlTemplate\":\"https:\\\/\\\/zapateneo.net\\\/wordpress\\\/?s={search_term_string}\"},\"query-input\":{\"@type\":\"PropertyValueSpecification\",\"valueRequired\":true,\"valueName\":\"search_term_string\"}}],\"inLanguage\":\"es\"},{\"@type\":\"Organization\",\"@id\":\"https:\\\/\\\/zapateneo.net\\\/wordpress\\\/#organization\",\"name\":\"Zapateneo Kultur Elkartea\",\"url\":\"https:\\\/\\\/zapateneo.net\\\/wordpress\\\/\",\"logo\":{\"@type\":\"ImageObject\",\"inLanguage\":\"es\",\"@id\":\"https:\\\/\\\/zapateneo.net\\\/wordpress\\\/#\\\/schema\\\/logo\\\/image\\\/\",\"url\":\"https:\\\/\\\/zapateneo.net\\\/wordpress\\\/wp-content\\\/uploads\\\/2021\\\/04\\\/zap-libu-kolec.jpg\",\"contentUrl\":\"https:\\\/\\\/zapateneo.net\\\/wordpress\\\/wp-content\\\/uploads\\\/2021\\\/04\\\/zap-libu-kolec.jpg\",\"width\":2234,\"height\":398,\"caption\":\"Zapateneo Kultur Elkartea\"},\"image\":{\"@id\":\"https:\\\/\\\/zapateneo.net\\\/wordpress\\\/#\\\/schema\\\/logo\\\/image\\\/\"},\"sameAs\":[\"https:\\\/\\\/x.com\\\/zapateneo\"]}]}<\/script>\n<!-- \/ Yoast SEO plugin. -->","yoast_head_json":{"title":"DISCURSO DE LA SERVIDUMBRE VOLUNTARIA (Ilustrado por Superabundans Haut) &#8212; Zapateneo","robots":{"index":"index","follow":"follow","max-snippet":"max-snippet:-1","max-image-preview":"max-image-preview:large","max-video-preview":"max-video-preview:-1"},"canonical":"https:\/\/zapateneo.net\/wordpress\/index.php\/producto\/discurso-de-la-servidumbre-voluntaria-ilustrado-por-superabundans-haut\/","og_locale":"es_ES","og_type":"article","og_title":"DISCURSO DE LA SERVIDUMBRE VOLUNTARIA (Ilustrado por Superabundans Haut) &#8212; Zapateneo","og_description":"\u00c9tienne De La Bo\u00e9tie 9788412537185 - Zorro Rojo - 2022 - 72 p\u00e1ginas \/orri.","og_url":"https:\/\/zapateneo.net\/wordpress\/index.php\/producto\/discurso-de-la-servidumbre-voluntaria-ilustrado-por-superabundans-haut\/","og_site_name":"Zapateneo","article_modified_time":"2023-04-09T17:53:12+00:00","twitter_card":"summary_large_image","twitter_site":"@zapateneo","twitter_misc":{"Tiempo de lectura":"1 minuto"},"schema":{"@context":"https:\/\/schema.org","@graph":[{"@type":"WebPage","@id":"https:\/\/zapateneo.net\/wordpress\/index.php\/producto\/discurso-de-la-servidumbre-voluntaria-ilustrado-por-superabundans-haut\/","url":"https:\/\/zapateneo.net\/wordpress\/index.php\/producto\/discurso-de-la-servidumbre-voluntaria-ilustrado-por-superabundans-haut\/","name":"DISCURSO DE LA SERVIDUMBRE VOLUNTARIA (Ilustrado por Superabundans Haut) &#8212; Zapateneo","isPartOf":{"@id":"https:\/\/zapateneo.net\/wordpress\/#website"},"primaryImageOfPage":{"@id":"https:\/\/zapateneo.net\/wordpress\/index.php\/producto\/discurso-de-la-servidumbre-voluntaria-ilustrado-por-superabundans-haut\/#primaryimage"},"image":{"@id":"https:\/\/zapateneo.net\/wordpress\/index.php\/producto\/discurso-de-la-servidumbre-voluntaria-ilustrado-por-superabundans-haut\/#primaryimage"},"thumbnailUrl":"https:\/\/zapateneo.net\/wordpress\/wp-content\/uploads\/2023\/04\/discurso-de-la-servidumbre-voluntaria-9788412537185.jpg","datePublished":"2023-04-09T17:53:00+00:00","dateModified":"2023-04-09T17:53:12+00:00","breadcrumb":{"@id":"https:\/\/zapateneo.net\/wordpress\/index.php\/producto\/discurso-de-la-servidumbre-voluntaria-ilustrado-por-superabundans-haut\/#breadcrumb"},"inLanguage":"es","potentialAction":[{"@type":"ReadAction","target":["https:\/\/zapateneo.net\/wordpress\/index.php\/producto\/discurso-de-la-servidumbre-voluntaria-ilustrado-por-superabundans-haut\/"]}]},{"@type":"ImageObject","inLanguage":"es","@id":"https:\/\/zapateneo.net\/wordpress\/index.php\/producto\/discurso-de-la-servidumbre-voluntaria-ilustrado-por-superabundans-haut\/#primaryimage","url":"https:\/\/zapateneo.net\/wordpress\/wp-content\/uploads\/2023\/04\/discurso-de-la-servidumbre-voluntaria-9788412537185.jpg","contentUrl":"https:\/\/zapateneo.net\/wordpress\/wp-content\/uploads\/2023\/04\/discurso-de-la-servidumbre-voluntaria-9788412537185.jpg","width":297,"height":400},{"@type":"BreadcrumbList","@id":"https:\/\/zapateneo.net\/wordpress\/index.php\/producto\/discurso-de-la-servidumbre-voluntaria-ilustrado-por-superabundans-haut\/#breadcrumb","itemListElement":[{"@type":"ListItem","position":1,"name":"Portada","item":"https:\/\/zapateneo.net\/wordpress\/"},{"@type":"ListItem","position":2,"name":"Tienda","item":"https:\/\/zapateneo.net\/wordpress\/"},{"@type":"ListItem","position":3,"name":"DISCURSO DE LA SERVIDUMBRE VOLUNTARIA (Ilustrado por Superabundans Haut)"}]},{"@type":"WebSite","@id":"https:\/\/zapateneo.net\/wordpress\/#website","url":"https:\/\/zapateneo.net\/wordpress\/","name":"Zapateneo","description":"Zapateneoaren webgunea","publisher":{"@id":"https:\/\/zapateneo.net\/wordpress\/#organization"},"potentialAction":[{"@type":"SearchAction","target":{"@type":"EntryPoint","urlTemplate":"https:\/\/zapateneo.net\/wordpress\/?s={search_term_string}"},"query-input":{"@type":"PropertyValueSpecification","valueRequired":true,"valueName":"search_term_string"}}],"inLanguage":"es"},{"@type":"Organization","@id":"https:\/\/zapateneo.net\/wordpress\/#organization","name":"Zapateneo Kultur Elkartea","url":"https:\/\/zapateneo.net\/wordpress\/","logo":{"@type":"ImageObject","inLanguage":"es","@id":"https:\/\/zapateneo.net\/wordpress\/#\/schema\/logo\/image\/","url":"https:\/\/zapateneo.net\/wordpress\/wp-content\/uploads\/2021\/04\/zap-libu-kolec.jpg","contentUrl":"https:\/\/zapateneo.net\/wordpress\/wp-content\/uploads\/2021\/04\/zap-libu-kolec.jpg","width":2234,"height":398,"caption":"Zapateneo Kultur Elkartea"},"image":{"@id":"https:\/\/zapateneo.net\/wordpress\/#\/schema\/logo\/image\/"},"sameAs":["https:\/\/x.com\/zapateneo"]}]}},"_links":{"self":[{"href":"https:\/\/zapateneo.net\/wordpress\/index.php\/wp-json\/wp\/v2\/product\/12646","targetHints":{"allow":["GET"]}}],"collection":[{"href":"https:\/\/zapateneo.net\/wordpress\/index.php\/wp-json\/wp\/v2\/product"}],"about":[{"href":"https:\/\/zapateneo.net\/wordpress\/index.php\/wp-json\/wp\/v2\/types\/product"}],"wp:featuredmedia":[{"embeddable":true,"href":"https:\/\/zapateneo.net\/wordpress\/index.php\/wp-json\/wp\/v2\/media\/12674"}],"wp:attachment":[{"href":"https:\/\/zapateneo.net\/wordpress\/index.php\/wp-json\/wp\/v2\/media?parent=12646"}],"wp:term":[{"taxonomy":"product_brand","embeddable":true,"href":"https:\/\/zapateneo.net\/wordpress\/index.php\/wp-json\/wp\/v2\/product_brand?post=12646"},{"taxonomy":"product_cat","embeddable":true,"href":"https:\/\/zapateneo.net\/wordpress\/index.php\/wp-json\/wp\/v2\/product_cat?post=12646"},{"taxonomy":"product_tag","embeddable":true,"href":"https:\/\/zapateneo.net\/wordpress\/index.php\/wp-json\/wp\/v2\/product_tag?post=12646"}],"curies":[{"name":"wp","href":"https:\/\/api.w.org\/{rel}","templated":true}]}}