{"id":12645,"date":"2023-04-09T18:53:00","date_gmt":"2023-04-09T17:53:00","guid":{"rendered":"https:\/\/zapateneo.net\/wordpress\/?post_type=product&#038;p=12645"},"modified":"2023-04-09T18:53:11","modified_gmt":"2023-04-09T17:53:11","slug":"frankenstein-o-el-moderno-prometeo-ilustrado-por-david-plunkert","status":"publish","type":"product","link":"https:\/\/zapateneo.net\/wordpress\/index.php\/producto\/frankenstein-o-el-moderno-prometeo-ilustrado-por-david-plunkert\/","title":{"rendered":"FRANKENSTEIN O EL MODERNO PROMETEO (Ilustrado por David Plunkert)"},"content":{"rendered":"<p>\u00abLa vida y la muerte me parec\u00edan fronteras imaginarias que yo romper\u00eda primero, con el fin de desparramar despu\u00e9s un torrente de luz por nuestro tenebroso mundo.\u00bb \u00bfQu\u00e9 sucede cuando un hombre juega a ser Dios? V\u00edctor Frankenstein, como una especie de moderno Prometeo, crea un monstruoso ser en su af\u00e1n por dar vida. Pero la bestia resultante no encontrar\u00e1 refugio alguno en una sociedad que no est\u00e1 preparada para dar cabida a lo diferente.<\/p>\n<p>Frankenstein, obra fundamental del mentado g\u00e9nero g\u00f3tico, es una honda indagaci\u00f3n sobre las caracter\u00edsticas m\u00e1s bajas del ser humano, una reflexi\u00f3n acerca de las consecuencias de la ambici\u00f3n desmedida del hombre, adem\u00e1s de un punzante comentario sobre la p\u00e9rdida de la pureza y la inocencia. Hoy es considerada, tambi\u00e9n, por muchos como la primera obra de ciencia ficci\u00f3n jam\u00e1s escrita.<\/p>\n<p>Siguiendo la estela de los m\u00faltiples artistas que han imaginado y reproducido visualmente la m\u00edtica obra de Shelley, David Plunkert, quien ha trabajado tambi\u00e9n en Edgar Allan Poe. Cuentos y poemas (Libros del Zorro Rojo, 2019), ilustra la presente edici\u00f3n con sus potentes collages.<\/p>\n<p>Mary Shelley Naci\u00f3 en Londres en 1797. Fue hija de la feminista, filosofa, educadora y escritora Mary Wollstonecraft, quien muri\u00f3 tras el parto, y de William Godwin, fil\u00f3sofo anarquista, novelista y periodista. Estaba casada con el poeta Percy Bysshe Shelley, muerto en un naufragio en 1822. Durante casi tres d\u00e9cadas, Mary conserv\u00f3 el coraz\u00f3n de su marido muerto envuelto en un caj\u00f3n.<\/p>\n","protected":false},"excerpt":{"rendered":"<p><strong>Mary Shelley<\/strong><br \/>\n9788412537116 &#8211; Zorro Rojo &#8211; 2022 &#8211; 256 p\u00e1ginas \/orri.<\/p>\n","protected":false},"featured_media":12673,"template":"","meta":[],"product_brand":[],"product_cat":[16,187],"product_tag":[5908,5116],"class_list":{"0":"post-12645","1":"product","2":"type-product","3":"status-publish","4":"has-post-thumbnail","6":"product_cat-libros","7":"product_cat-narratiba-narrativa","8":"product_tag-mary-shelley","9":"product_tag-zorro-rojo","11":"first","12":"instock","13":"sold-individually","14":"shipping-taxable","15":"purchasable","16":"product-type-simple"},"yoast_head":"<!-- This site is optimized with the Yoast SEO plugin v27.3 - https:\/\/yoast.com\/product\/yoast-seo-wordpress\/ -->\n<title>FRANKENSTEIN O EL MODERNO PROMETEO (Ilustrado por David Plunkert) &#8212; Zapateneo<\/title>\n<meta name=\"robots\" content=\"index, follow, max-snippet:-1, max-image-preview:large, max-video-preview:-1\" \/>\n<link rel=\"canonical\" href=\"https:\/\/zapateneo.net\/wordpress\/index.php\/producto\/frankenstein-o-el-moderno-prometeo-ilustrado-por-david-plunkert\/\" \/>\n<meta property=\"og:locale\" content=\"es_ES\" \/>\n<meta property=\"og:type\" content=\"article\" \/>\n<meta property=\"og:title\" content=\"FRANKENSTEIN O EL MODERNO PROMETEO (Ilustrado por David Plunkert) &#8212; Zapateneo\" \/>\n<meta property=\"og:description\" content=\"Mary Shelley 9788412537116 - Zorro Rojo - 2022 - 256 p\u00e1ginas \/orri.\" \/>\n<meta property=\"og:url\" content=\"https:\/\/zapateneo.net\/wordpress\/index.php\/producto\/frankenstein-o-el-moderno-prometeo-ilustrado-por-david-plunkert\/\" \/>\n<meta property=\"og:site_name\" content=\"Zapateneo\" \/>\n<meta property=\"article:modified_time\" content=\"2023-04-09T17:53:11+00:00\" \/>\n<meta name=\"twitter:card\" content=\"summary_large_image\" \/>\n<meta name=\"twitter:site\" content=\"@zapateneo\" \/>\n<meta name=\"twitter:label1\" content=\"Tiempo de lectura\" \/>\n\t<meta name=\"twitter:data1\" content=\"1 minuto\" \/>\n<script type=\"application\/ld+json\" class=\"yoast-schema-graph\">{\"@context\":\"https:\\\/\\\/schema.org\",\"@graph\":[{\"@type\":\"WebPage\",\"@id\":\"https:\\\/\\\/zapateneo.net\\\/wordpress\\\/index.php\\\/producto\\\/frankenstein-o-el-moderno-prometeo-ilustrado-por-david-plunkert\\\/\",\"url\":\"https:\\\/\\\/zapateneo.net\\\/wordpress\\\/index.php\\\/producto\\\/frankenstein-o-el-moderno-prometeo-ilustrado-por-david-plunkert\\\/\",\"name\":\"FRANKENSTEIN O EL MODERNO PROMETEO (Ilustrado por David Plunkert) &#8212; Zapateneo\",\"isPartOf\":{\"@id\":\"https:\\\/\\\/zapateneo.net\\\/wordpress\\\/#website\"},\"primaryImageOfPage\":{\"@id\":\"https:\\\/\\\/zapateneo.net\\\/wordpress\\\/index.php\\\/producto\\\/frankenstein-o-el-moderno-prometeo-ilustrado-por-david-plunkert\\\/#primaryimage\"},\"image\":{\"@id\":\"https:\\\/\\\/zapateneo.net\\\/wordpress\\\/index.php\\\/producto\\\/frankenstein-o-el-moderno-prometeo-ilustrado-por-david-plunkert\\\/#primaryimage\"},\"thumbnailUrl\":\"https:\\\/\\\/zapateneo.net\\\/wordpress\\\/wp-content\\\/uploads\\\/2023\\\/04\\\/frankenstein-o-el-moderno-prometeo-9788412537116.jpg\",\"datePublished\":\"2023-04-09T17:53:00+00:00\",\"dateModified\":\"2023-04-09T17:53:11+00:00\",\"breadcrumb\":{\"@id\":\"https:\\\/\\\/zapateneo.net\\\/wordpress\\\/index.php\\\/producto\\\/frankenstein-o-el-moderno-prometeo-ilustrado-por-david-plunkert\\\/#breadcrumb\"},\"inLanguage\":\"es\",\"potentialAction\":[{\"@type\":\"ReadAction\",\"target\":[\"https:\\\/\\\/zapateneo.net\\\/wordpress\\\/index.php\\\/producto\\\/frankenstein-o-el-moderno-prometeo-ilustrado-por-david-plunkert\\\/\"]}]},{\"@type\":\"ImageObject\",\"inLanguage\":\"es\",\"@id\":\"https:\\\/\\\/zapateneo.net\\\/wordpress\\\/index.php\\\/producto\\\/frankenstein-o-el-moderno-prometeo-ilustrado-por-david-plunkert\\\/#primaryimage\",\"url\":\"https:\\\/\\\/zapateneo.net\\\/wordpress\\\/wp-content\\\/uploads\\\/2023\\\/04\\\/frankenstein-o-el-moderno-prometeo-9788412537116.jpg\",\"contentUrl\":\"https:\\\/\\\/zapateneo.net\\\/wordpress\\\/wp-content\\\/uploads\\\/2023\\\/04\\\/frankenstein-o-el-moderno-prometeo-9788412537116.jpg\",\"width\":312,\"height\":400},{\"@type\":\"BreadcrumbList\",\"@id\":\"https:\\\/\\\/zapateneo.net\\\/wordpress\\\/index.php\\\/producto\\\/frankenstein-o-el-moderno-prometeo-ilustrado-por-david-plunkert\\\/#breadcrumb\",\"itemListElement\":[{\"@type\":\"ListItem\",\"position\":1,\"name\":\"Portada\",\"item\":\"https:\\\/\\\/zapateneo.net\\\/wordpress\\\/\"},{\"@type\":\"ListItem\",\"position\":2,\"name\":\"Tienda\",\"item\":\"https:\\\/\\\/zapateneo.net\\\/wordpress\\\/\"},{\"@type\":\"ListItem\",\"position\":3,\"name\":\"FRANKENSTEIN O EL MODERNO PROMETEO (Ilustrado por David Plunkert)\"}]},{\"@type\":\"WebSite\",\"@id\":\"https:\\\/\\\/zapateneo.net\\\/wordpress\\\/#website\",\"url\":\"https:\\\/\\\/zapateneo.net\\\/wordpress\\\/\",\"name\":\"Zapateneo\",\"description\":\"Zapateneoaren webgunea\",\"publisher\":{\"@id\":\"https:\\\/\\\/zapateneo.net\\\/wordpress\\\/#organization\"},\"potentialAction\":[{\"@type\":\"SearchAction\",\"target\":{\"@type\":\"EntryPoint\",\"urlTemplate\":\"https:\\\/\\\/zapateneo.net\\\/wordpress\\\/?s={search_term_string}\"},\"query-input\":{\"@type\":\"PropertyValueSpecification\",\"valueRequired\":true,\"valueName\":\"search_term_string\"}}],\"inLanguage\":\"es\"},{\"@type\":\"Organization\",\"@id\":\"https:\\\/\\\/zapateneo.net\\\/wordpress\\\/#organization\",\"name\":\"Zapateneo Kultur Elkartea\",\"url\":\"https:\\\/\\\/zapateneo.net\\\/wordpress\\\/\",\"logo\":{\"@type\":\"ImageObject\",\"inLanguage\":\"es\",\"@id\":\"https:\\\/\\\/zapateneo.net\\\/wordpress\\\/#\\\/schema\\\/logo\\\/image\\\/\",\"url\":\"https:\\\/\\\/zapateneo.net\\\/wordpress\\\/wp-content\\\/uploads\\\/2021\\\/04\\\/zap-libu-kolec.jpg\",\"contentUrl\":\"https:\\\/\\\/zapateneo.net\\\/wordpress\\\/wp-content\\\/uploads\\\/2021\\\/04\\\/zap-libu-kolec.jpg\",\"width\":2234,\"height\":398,\"caption\":\"Zapateneo Kultur Elkartea\"},\"image\":{\"@id\":\"https:\\\/\\\/zapateneo.net\\\/wordpress\\\/#\\\/schema\\\/logo\\\/image\\\/\"},\"sameAs\":[\"https:\\\/\\\/x.com\\\/zapateneo\"]}]}<\/script>\n<!-- \/ Yoast SEO plugin. -->","yoast_head_json":{"title":"FRANKENSTEIN O EL MODERNO PROMETEO (Ilustrado por David Plunkert) &#8212; Zapateneo","robots":{"index":"index","follow":"follow","max-snippet":"max-snippet:-1","max-image-preview":"max-image-preview:large","max-video-preview":"max-video-preview:-1"},"canonical":"https:\/\/zapateneo.net\/wordpress\/index.php\/producto\/frankenstein-o-el-moderno-prometeo-ilustrado-por-david-plunkert\/","og_locale":"es_ES","og_type":"article","og_title":"FRANKENSTEIN O EL MODERNO PROMETEO (Ilustrado por David Plunkert) &#8212; Zapateneo","og_description":"Mary Shelley 9788412537116 - Zorro Rojo - 2022 - 256 p\u00e1ginas \/orri.","og_url":"https:\/\/zapateneo.net\/wordpress\/index.php\/producto\/frankenstein-o-el-moderno-prometeo-ilustrado-por-david-plunkert\/","og_site_name":"Zapateneo","article_modified_time":"2023-04-09T17:53:11+00:00","twitter_card":"summary_large_image","twitter_site":"@zapateneo","twitter_misc":{"Tiempo de lectura":"1 minuto"},"schema":{"@context":"https:\/\/schema.org","@graph":[{"@type":"WebPage","@id":"https:\/\/zapateneo.net\/wordpress\/index.php\/producto\/frankenstein-o-el-moderno-prometeo-ilustrado-por-david-plunkert\/","url":"https:\/\/zapateneo.net\/wordpress\/index.php\/producto\/frankenstein-o-el-moderno-prometeo-ilustrado-por-david-plunkert\/","name":"FRANKENSTEIN O EL MODERNO PROMETEO (Ilustrado por David Plunkert) &#8212; Zapateneo","isPartOf":{"@id":"https:\/\/zapateneo.net\/wordpress\/#website"},"primaryImageOfPage":{"@id":"https:\/\/zapateneo.net\/wordpress\/index.php\/producto\/frankenstein-o-el-moderno-prometeo-ilustrado-por-david-plunkert\/#primaryimage"},"image":{"@id":"https:\/\/zapateneo.net\/wordpress\/index.php\/producto\/frankenstein-o-el-moderno-prometeo-ilustrado-por-david-plunkert\/#primaryimage"},"thumbnailUrl":"https:\/\/zapateneo.net\/wordpress\/wp-content\/uploads\/2023\/04\/frankenstein-o-el-moderno-prometeo-9788412537116.jpg","datePublished":"2023-04-09T17:53:00+00:00","dateModified":"2023-04-09T17:53:11+00:00","breadcrumb":{"@id":"https:\/\/zapateneo.net\/wordpress\/index.php\/producto\/frankenstein-o-el-moderno-prometeo-ilustrado-por-david-plunkert\/#breadcrumb"},"inLanguage":"es","potentialAction":[{"@type":"ReadAction","target":["https:\/\/zapateneo.net\/wordpress\/index.php\/producto\/frankenstein-o-el-moderno-prometeo-ilustrado-por-david-plunkert\/"]}]},{"@type":"ImageObject","inLanguage":"es","@id":"https:\/\/zapateneo.net\/wordpress\/index.php\/producto\/frankenstein-o-el-moderno-prometeo-ilustrado-por-david-plunkert\/#primaryimage","url":"https:\/\/zapateneo.net\/wordpress\/wp-content\/uploads\/2023\/04\/frankenstein-o-el-moderno-prometeo-9788412537116.jpg","contentUrl":"https:\/\/zapateneo.net\/wordpress\/wp-content\/uploads\/2023\/04\/frankenstein-o-el-moderno-prometeo-9788412537116.jpg","width":312,"height":400},{"@type":"BreadcrumbList","@id":"https:\/\/zapateneo.net\/wordpress\/index.php\/producto\/frankenstein-o-el-moderno-prometeo-ilustrado-por-david-plunkert\/#breadcrumb","itemListElement":[{"@type":"ListItem","position":1,"name":"Portada","item":"https:\/\/zapateneo.net\/wordpress\/"},{"@type":"ListItem","position":2,"name":"Tienda","item":"https:\/\/zapateneo.net\/wordpress\/"},{"@type":"ListItem","position":3,"name":"FRANKENSTEIN O EL MODERNO PROMETEO (Ilustrado por David Plunkert)"}]},{"@type":"WebSite","@id":"https:\/\/zapateneo.net\/wordpress\/#website","url":"https:\/\/zapateneo.net\/wordpress\/","name":"Zapateneo","description":"Zapateneoaren webgunea","publisher":{"@id":"https:\/\/zapateneo.net\/wordpress\/#organization"},"potentialAction":[{"@type":"SearchAction","target":{"@type":"EntryPoint","urlTemplate":"https:\/\/zapateneo.net\/wordpress\/?s={search_term_string}"},"query-input":{"@type":"PropertyValueSpecification","valueRequired":true,"valueName":"search_term_string"}}],"inLanguage":"es"},{"@type":"Organization","@id":"https:\/\/zapateneo.net\/wordpress\/#organization","name":"Zapateneo Kultur Elkartea","url":"https:\/\/zapateneo.net\/wordpress\/","logo":{"@type":"ImageObject","inLanguage":"es","@id":"https:\/\/zapateneo.net\/wordpress\/#\/schema\/logo\/image\/","url":"https:\/\/zapateneo.net\/wordpress\/wp-content\/uploads\/2021\/04\/zap-libu-kolec.jpg","contentUrl":"https:\/\/zapateneo.net\/wordpress\/wp-content\/uploads\/2021\/04\/zap-libu-kolec.jpg","width":2234,"height":398,"caption":"Zapateneo Kultur Elkartea"},"image":{"@id":"https:\/\/zapateneo.net\/wordpress\/#\/schema\/logo\/image\/"},"sameAs":["https:\/\/x.com\/zapateneo"]}]}},"_links":{"self":[{"href":"https:\/\/zapateneo.net\/wordpress\/index.php\/wp-json\/wp\/v2\/product\/12645","targetHints":{"allow":["GET"]}}],"collection":[{"href":"https:\/\/zapateneo.net\/wordpress\/index.php\/wp-json\/wp\/v2\/product"}],"about":[{"href":"https:\/\/zapateneo.net\/wordpress\/index.php\/wp-json\/wp\/v2\/types\/product"}],"wp:featuredmedia":[{"embeddable":true,"href":"https:\/\/zapateneo.net\/wordpress\/index.php\/wp-json\/wp\/v2\/media\/12673"}],"wp:attachment":[{"href":"https:\/\/zapateneo.net\/wordpress\/index.php\/wp-json\/wp\/v2\/media?parent=12645"}],"wp:term":[{"taxonomy":"product_brand","embeddable":true,"href":"https:\/\/zapateneo.net\/wordpress\/index.php\/wp-json\/wp\/v2\/product_brand?post=12645"},{"taxonomy":"product_cat","embeddable":true,"href":"https:\/\/zapateneo.net\/wordpress\/index.php\/wp-json\/wp\/v2\/product_cat?post=12645"},{"taxonomy":"product_tag","embeddable":true,"href":"https:\/\/zapateneo.net\/wordpress\/index.php\/wp-json\/wp\/v2\/product_tag?post=12645"}],"curies":[{"name":"wp","href":"https:\/\/api.w.org\/{rel}","templated":true}]}}