{"id":12643,"date":"2023-04-09T18:52:59","date_gmt":"2023-04-09T17:52:59","guid":{"rendered":"https:\/\/zapateneo.net\/wordpress\/?post_type=product&#038;p=12643"},"modified":"2023-04-09T18:53:10","modified_gmt":"2023-04-09T17:53:10","slug":"el-alma-moderna-y-otros-cuentos","status":"publish","type":"product","link":"https:\/\/zapateneo.net\/wordpress\/index.php\/producto\/el-alma-moderna-y-otros-cuentos\/","title":{"rendered":"EL ALMA MODERNA Y otros cuentos"},"content":{"rendered":"<p>Katherine Mansfield ha logrado retratar como nadie lo que se esconde debajo de la superficie. El entendimiento profundo acerca de las motivaciones de las mujeres en su \u00e9poca la ayud\u00f3 a encontrar la absoluta tridimensionalidad de sus personajes femeninos. As\u00ed combin\u00f3 lo bello con el espanto y lo s\u00f3rdido con lo sublime, trabajando con sutileza las finas contradicciones que conforman las m\u00faltiples dimensiones de una vida.<\/p>\n<p>El alma moderna y otros cuentos recoge algunos de los relatos que mejor reflejan los sentimientos volc\u00e1nicos que minan la vida de sus protagonistas; sentimientos que estremecen e irrumpen en sus vidas cotidianas, siempre al borde del abismo.<\/p>\n<p>Sara Morante, reconocida ilustradora de obras de autoras cl\u00e1sicas, como Jane Eyre, Emily Bront\u00eb o Sylvia Plath, es la int\u00e9rprete perfecta del imaginario literario de Mansfield.<\/p>\n<p>Katherine Mansfield Naci\u00f3 en Nueva Zelanda, en 1888. Fue la escritora m\u00e1s famosa de su pa\u00eds. Realiz\u00f3 sus estudios en el Queen\u2019s College de Oxford, donde conoci\u00f3 a Ida Baker, quien ser\u00eda su amiga y amante hasta el final de sus d\u00edas. Tras un breve regreso a Wellington, en 1908, volvi\u00f3 a instalarse en Londres. All\u00ed comenz\u00f3 a frecuentar los c\u00edrculos bohemios y art\u00edsticos de la ciudad. Comparti\u00f3 tertulias con el famoso C\u00edrculo de Bloomsbury junto a Virginia Woolf, E. M. Forster y T. S. Eliot. Entre sus obras destacadas se encuentran t\u00edtulos como En un balneario alem\u00e1n (1911), Felicidad y otros cuentos (1920) o Fiesta en el jard\u00edn y otros cuentos (1922). Mansfield muri\u00f3 el 9 de enero de 1923 en Francia, con apenas treinta y cuatro a\u00f1os. P\u00f3stumamente, su marido edit\u00f3 El nido de la paloma y otros cuentos (1923) y Algo infantil y otros cuentos (1924), adem\u00e1s del Diario de Katherine Mansfield (1927).<\/p>\n<p>Sara Morante Naci\u00f3 en Torrelavega, en 1976. Estudi\u00f3 Artes Aplicadas en Santander y en Dubl\u00edn. Ha ilustrado m\u00e1s de cincuenta cubiertas de libros y ha trabajado en la obra gr\u00e1fica de t\u00edtulos como Xing\u00fa, de Edith Wharton; Los Watson, de Jane Austen; y Casa de Mu\u00f1ecas, de Patricia Esteban Erl\u00e9s, entre muchos otros. Morante consigui\u00f3 el Premio Nacional de Arte Joven del Gobierno de Cantabria 2008 en la categor\u00eda de Ilustraci\u00f3n y el Premio Euskadi de Ilustraci\u00f3n 2012 por su trabajo en La flor roja, de Vs\u00e9volod Garshin. Adem\u00e1s, es autora de La vida de las paredes (Lumen, 2015) y Flor fan\u00e9 (Astiberri, 2021). Actualmente, colabora en prensa y publicidad.<\/p>\n","protected":false},"excerpt":{"rendered":"<p><strong>Katherine Mansfield<\/strong><br \/>\n9788412570663 &#8211; Zorro Rojo &#8211; 2022 &#8211; 96 p\u00e1ginas \/orri.<\/p>\n","protected":false},"featured_media":12671,"template":"","meta":[],"product_brand":[],"product_cat":[16,187],"product_tag":[5907,5116],"class_list":{"0":"post-12643","1":"product","2":"type-product","3":"status-publish","4":"has-post-thumbnail","6":"product_cat-libros","7":"product_cat-narratiba-narrativa","8":"product_tag-katherine-mansfield","9":"product_tag-zorro-rojo","11":"first","12":"instock","13":"sold-individually","14":"shipping-taxable","15":"purchasable","16":"product-type-simple"},"yoast_head":"<!-- This site is optimized with the Yoast SEO plugin v27.3 - https:\/\/yoast.com\/product\/yoast-seo-wordpress\/ -->\n<title>EL ALMA MODERNA Y otros cuentos &#8212; Zapateneo<\/title>\n<meta name=\"robots\" content=\"index, follow, max-snippet:-1, max-image-preview:large, max-video-preview:-1\" \/>\n<link rel=\"canonical\" href=\"https:\/\/zapateneo.net\/wordpress\/index.php\/producto\/el-alma-moderna-y-otros-cuentos\/\" \/>\n<meta property=\"og:locale\" content=\"es_ES\" \/>\n<meta property=\"og:type\" content=\"article\" \/>\n<meta property=\"og:title\" content=\"EL ALMA MODERNA Y otros cuentos &#8212; Zapateneo\" \/>\n<meta property=\"og:description\" content=\"Katherine Mansfield 9788412570663 - Zorro Rojo - 2022 - 96 p\u00e1ginas \/orri.\" \/>\n<meta property=\"og:url\" content=\"https:\/\/zapateneo.net\/wordpress\/index.php\/producto\/el-alma-moderna-y-otros-cuentos\/\" \/>\n<meta property=\"og:site_name\" content=\"Zapateneo\" \/>\n<meta property=\"article:modified_time\" content=\"2023-04-09T17:53:10+00:00\" \/>\n<meta name=\"twitter:card\" content=\"summary_large_image\" \/>\n<meta name=\"twitter:site\" content=\"@zapateneo\" \/>\n<meta name=\"twitter:label1\" content=\"Tiempo de lectura\" \/>\n\t<meta name=\"twitter:data1\" content=\"2 minutos\" \/>\n<script type=\"application\/ld+json\" class=\"yoast-schema-graph\">{\"@context\":\"https:\\\/\\\/schema.org\",\"@graph\":[{\"@type\":\"WebPage\",\"@id\":\"https:\\\/\\\/zapateneo.net\\\/wordpress\\\/index.php\\\/producto\\\/el-alma-moderna-y-otros-cuentos\\\/\",\"url\":\"https:\\\/\\\/zapateneo.net\\\/wordpress\\\/index.php\\\/producto\\\/el-alma-moderna-y-otros-cuentos\\\/\",\"name\":\"EL ALMA MODERNA Y otros cuentos &#8212; Zapateneo\",\"isPartOf\":{\"@id\":\"https:\\\/\\\/zapateneo.net\\\/wordpress\\\/#website\"},\"primaryImageOfPage\":{\"@id\":\"https:\\\/\\\/zapateneo.net\\\/wordpress\\\/index.php\\\/producto\\\/el-alma-moderna-y-otros-cuentos\\\/#primaryimage\"},\"image\":{\"@id\":\"https:\\\/\\\/zapateneo.net\\\/wordpress\\\/index.php\\\/producto\\\/el-alma-moderna-y-otros-cuentos\\\/#primaryimage\"},\"thumbnailUrl\":\"https:\\\/\\\/zapateneo.net\\\/wordpress\\\/wp-content\\\/uploads\\\/2023\\\/04\\\/el-alma-moderna-9788412570663.jpg\",\"datePublished\":\"2023-04-09T17:52:59+00:00\",\"dateModified\":\"2023-04-09T17:53:10+00:00\",\"breadcrumb\":{\"@id\":\"https:\\\/\\\/zapateneo.net\\\/wordpress\\\/index.php\\\/producto\\\/el-alma-moderna-y-otros-cuentos\\\/#breadcrumb\"},\"inLanguage\":\"es\",\"potentialAction\":[{\"@type\":\"ReadAction\",\"target\":[\"https:\\\/\\\/zapateneo.net\\\/wordpress\\\/index.php\\\/producto\\\/el-alma-moderna-y-otros-cuentos\\\/\"]}]},{\"@type\":\"ImageObject\",\"inLanguage\":\"es\",\"@id\":\"https:\\\/\\\/zapateneo.net\\\/wordpress\\\/index.php\\\/producto\\\/el-alma-moderna-y-otros-cuentos\\\/#primaryimage\",\"url\":\"https:\\\/\\\/zapateneo.net\\\/wordpress\\\/wp-content\\\/uploads\\\/2023\\\/04\\\/el-alma-moderna-9788412570663.jpg\",\"contentUrl\":\"https:\\\/\\\/zapateneo.net\\\/wordpress\\\/wp-content\\\/uploads\\\/2023\\\/04\\\/el-alma-moderna-9788412570663.jpg\",\"width\":278,\"height\":400},{\"@type\":\"BreadcrumbList\",\"@id\":\"https:\\\/\\\/zapateneo.net\\\/wordpress\\\/index.php\\\/producto\\\/el-alma-moderna-y-otros-cuentos\\\/#breadcrumb\",\"itemListElement\":[{\"@type\":\"ListItem\",\"position\":1,\"name\":\"Portada\",\"item\":\"https:\\\/\\\/zapateneo.net\\\/wordpress\\\/\"},{\"@type\":\"ListItem\",\"position\":2,\"name\":\"Tienda\",\"item\":\"https:\\\/\\\/zapateneo.net\\\/wordpress\\\/\"},{\"@type\":\"ListItem\",\"position\":3,\"name\":\"EL ALMA MODERNA Y otros cuentos\"}]},{\"@type\":\"WebSite\",\"@id\":\"https:\\\/\\\/zapateneo.net\\\/wordpress\\\/#website\",\"url\":\"https:\\\/\\\/zapateneo.net\\\/wordpress\\\/\",\"name\":\"Zapateneo\",\"description\":\"Zapateneoaren webgunea\",\"publisher\":{\"@id\":\"https:\\\/\\\/zapateneo.net\\\/wordpress\\\/#organization\"},\"potentialAction\":[{\"@type\":\"SearchAction\",\"target\":{\"@type\":\"EntryPoint\",\"urlTemplate\":\"https:\\\/\\\/zapateneo.net\\\/wordpress\\\/?s={search_term_string}\"},\"query-input\":{\"@type\":\"PropertyValueSpecification\",\"valueRequired\":true,\"valueName\":\"search_term_string\"}}],\"inLanguage\":\"es\"},{\"@type\":\"Organization\",\"@id\":\"https:\\\/\\\/zapateneo.net\\\/wordpress\\\/#organization\",\"name\":\"Zapateneo Kultur Elkartea\",\"url\":\"https:\\\/\\\/zapateneo.net\\\/wordpress\\\/\",\"logo\":{\"@type\":\"ImageObject\",\"inLanguage\":\"es\",\"@id\":\"https:\\\/\\\/zapateneo.net\\\/wordpress\\\/#\\\/schema\\\/logo\\\/image\\\/\",\"url\":\"https:\\\/\\\/zapateneo.net\\\/wordpress\\\/wp-content\\\/uploads\\\/2021\\\/04\\\/zap-libu-kolec.jpg\",\"contentUrl\":\"https:\\\/\\\/zapateneo.net\\\/wordpress\\\/wp-content\\\/uploads\\\/2021\\\/04\\\/zap-libu-kolec.jpg\",\"width\":2234,\"height\":398,\"caption\":\"Zapateneo Kultur Elkartea\"},\"image\":{\"@id\":\"https:\\\/\\\/zapateneo.net\\\/wordpress\\\/#\\\/schema\\\/logo\\\/image\\\/\"},\"sameAs\":[\"https:\\\/\\\/x.com\\\/zapateneo\"]}]}<\/script>\n<!-- \/ Yoast SEO plugin. -->","yoast_head_json":{"title":"EL ALMA MODERNA Y otros cuentos &#8212; Zapateneo","robots":{"index":"index","follow":"follow","max-snippet":"max-snippet:-1","max-image-preview":"max-image-preview:large","max-video-preview":"max-video-preview:-1"},"canonical":"https:\/\/zapateneo.net\/wordpress\/index.php\/producto\/el-alma-moderna-y-otros-cuentos\/","og_locale":"es_ES","og_type":"article","og_title":"EL ALMA MODERNA Y otros cuentos &#8212; Zapateneo","og_description":"Katherine Mansfield 9788412570663 - Zorro Rojo - 2022 - 96 p\u00e1ginas \/orri.","og_url":"https:\/\/zapateneo.net\/wordpress\/index.php\/producto\/el-alma-moderna-y-otros-cuentos\/","og_site_name":"Zapateneo","article_modified_time":"2023-04-09T17:53:10+00:00","twitter_card":"summary_large_image","twitter_site":"@zapateneo","twitter_misc":{"Tiempo de lectura":"2 minutos"},"schema":{"@context":"https:\/\/schema.org","@graph":[{"@type":"WebPage","@id":"https:\/\/zapateneo.net\/wordpress\/index.php\/producto\/el-alma-moderna-y-otros-cuentos\/","url":"https:\/\/zapateneo.net\/wordpress\/index.php\/producto\/el-alma-moderna-y-otros-cuentos\/","name":"EL ALMA MODERNA Y otros cuentos &#8212; Zapateneo","isPartOf":{"@id":"https:\/\/zapateneo.net\/wordpress\/#website"},"primaryImageOfPage":{"@id":"https:\/\/zapateneo.net\/wordpress\/index.php\/producto\/el-alma-moderna-y-otros-cuentos\/#primaryimage"},"image":{"@id":"https:\/\/zapateneo.net\/wordpress\/index.php\/producto\/el-alma-moderna-y-otros-cuentos\/#primaryimage"},"thumbnailUrl":"https:\/\/zapateneo.net\/wordpress\/wp-content\/uploads\/2023\/04\/el-alma-moderna-9788412570663.jpg","datePublished":"2023-04-09T17:52:59+00:00","dateModified":"2023-04-09T17:53:10+00:00","breadcrumb":{"@id":"https:\/\/zapateneo.net\/wordpress\/index.php\/producto\/el-alma-moderna-y-otros-cuentos\/#breadcrumb"},"inLanguage":"es","potentialAction":[{"@type":"ReadAction","target":["https:\/\/zapateneo.net\/wordpress\/index.php\/producto\/el-alma-moderna-y-otros-cuentos\/"]}]},{"@type":"ImageObject","inLanguage":"es","@id":"https:\/\/zapateneo.net\/wordpress\/index.php\/producto\/el-alma-moderna-y-otros-cuentos\/#primaryimage","url":"https:\/\/zapateneo.net\/wordpress\/wp-content\/uploads\/2023\/04\/el-alma-moderna-9788412570663.jpg","contentUrl":"https:\/\/zapateneo.net\/wordpress\/wp-content\/uploads\/2023\/04\/el-alma-moderna-9788412570663.jpg","width":278,"height":400},{"@type":"BreadcrumbList","@id":"https:\/\/zapateneo.net\/wordpress\/index.php\/producto\/el-alma-moderna-y-otros-cuentos\/#breadcrumb","itemListElement":[{"@type":"ListItem","position":1,"name":"Portada","item":"https:\/\/zapateneo.net\/wordpress\/"},{"@type":"ListItem","position":2,"name":"Tienda","item":"https:\/\/zapateneo.net\/wordpress\/"},{"@type":"ListItem","position":3,"name":"EL ALMA MODERNA Y otros cuentos"}]},{"@type":"WebSite","@id":"https:\/\/zapateneo.net\/wordpress\/#website","url":"https:\/\/zapateneo.net\/wordpress\/","name":"Zapateneo","description":"Zapateneoaren webgunea","publisher":{"@id":"https:\/\/zapateneo.net\/wordpress\/#organization"},"potentialAction":[{"@type":"SearchAction","target":{"@type":"EntryPoint","urlTemplate":"https:\/\/zapateneo.net\/wordpress\/?s={search_term_string}"},"query-input":{"@type":"PropertyValueSpecification","valueRequired":true,"valueName":"search_term_string"}}],"inLanguage":"es"},{"@type":"Organization","@id":"https:\/\/zapateneo.net\/wordpress\/#organization","name":"Zapateneo Kultur Elkartea","url":"https:\/\/zapateneo.net\/wordpress\/","logo":{"@type":"ImageObject","inLanguage":"es","@id":"https:\/\/zapateneo.net\/wordpress\/#\/schema\/logo\/image\/","url":"https:\/\/zapateneo.net\/wordpress\/wp-content\/uploads\/2021\/04\/zap-libu-kolec.jpg","contentUrl":"https:\/\/zapateneo.net\/wordpress\/wp-content\/uploads\/2021\/04\/zap-libu-kolec.jpg","width":2234,"height":398,"caption":"Zapateneo Kultur Elkartea"},"image":{"@id":"https:\/\/zapateneo.net\/wordpress\/#\/schema\/logo\/image\/"},"sameAs":["https:\/\/x.com\/zapateneo"]}]}},"_links":{"self":[{"href":"https:\/\/zapateneo.net\/wordpress\/index.php\/wp-json\/wp\/v2\/product\/12643","targetHints":{"allow":["GET"]}}],"collection":[{"href":"https:\/\/zapateneo.net\/wordpress\/index.php\/wp-json\/wp\/v2\/product"}],"about":[{"href":"https:\/\/zapateneo.net\/wordpress\/index.php\/wp-json\/wp\/v2\/types\/product"}],"wp:featuredmedia":[{"embeddable":true,"href":"https:\/\/zapateneo.net\/wordpress\/index.php\/wp-json\/wp\/v2\/media\/12671"}],"wp:attachment":[{"href":"https:\/\/zapateneo.net\/wordpress\/index.php\/wp-json\/wp\/v2\/media?parent=12643"}],"wp:term":[{"taxonomy":"product_brand","embeddable":true,"href":"https:\/\/zapateneo.net\/wordpress\/index.php\/wp-json\/wp\/v2\/product_brand?post=12643"},{"taxonomy":"product_cat","embeddable":true,"href":"https:\/\/zapateneo.net\/wordpress\/index.php\/wp-json\/wp\/v2\/product_cat?post=12643"},{"taxonomy":"product_tag","embeddable":true,"href":"https:\/\/zapateneo.net\/wordpress\/index.php\/wp-json\/wp\/v2\/product_tag?post=12643"}],"curies":[{"name":"wp","href":"https:\/\/api.w.org\/{rel}","templated":true}]}}