{"id":12642,"date":"2023-04-09T18:52:58","date_gmt":"2023-04-09T17:52:58","guid":{"rendered":"https:\/\/zapateneo.net\/wordpress\/?post_type=product&#038;p=12642"},"modified":"2023-04-09T18:53:09","modified_gmt":"2023-04-09T17:53:09","slug":"ricardo-flores-magon-el-apostol-de-la-revolucion","status":"publish","type":"product","link":"https:\/\/zapateneo.net\/wordpress\/index.php\/producto\/ricardo-flores-magon-el-apostol-de-la-revolucion\/","title":{"rendered":"RICARDO FLORES MAG\u00d3N El ap\u00f3stol de la revoluci\u00f3n"},"content":{"rendered":"<p>Este libro no es tanto una biograf\u00eda como una descripci\u00f3n de las actividades de Ricardo Flores Mag\u00f3n, uno de los principales precursores de la Revoluci\u00f3n mexicana de 1910, y una exposici\u00f3n de su pensamiento pol\u00edtico y social. La Confederaci\u00f3n de Grupos del Ej\u00e9rcito Liberal, conocidos como magonistas, englobaba los grupos armados que, bajo la consigna de \u00abPan, Tierra y Libertad para todos\u00bb, desde 1906 lucharon en M\u00e9xico contra la dictadura de Porfirio D\u00edaz, buscando extender una revoluci\u00f3n social que aboliera todo gobierno y propiedad privada. Tuvieron contacto con jefes zapatistas y villistas, pero nunca establecieron alianzas formales con estos.<\/p>\n<p>Formado por un gran conjunto de importantes art\u00edculos y documentos hist\u00f3ricos con los que el lector puede seguir la evoluci\u00f3n de las ideas de Ricardo Flores Mag\u00f3n, fue el primer ensayo que se escribi\u00f3 acerca de \u00e9l. Si bien tiene mucho de propagand\u00edstica al ensalzar la figura del te\u00f3rico y su anarquismo mestizo (influido por las tradiciones de organizaci\u00f3n de las comunidades ind\u00edgenas), la obra no pierde agilidad ni inter\u00e9s su lectura, siendo b\u00e1sica para comprender la actividad e ideolog\u00eda de Flores Mag\u00f3n.<\/p>\n<p>Santill\u00e1n nos presenta un extracto de lo que fue Ricardo Flores Mag\u00f3n como revolucionario y escritor, y de c\u00f3mo se convirti\u00f3 al anarquismo para atraerse tambi\u00e9n al pueblo mexicano y a todos los desamparados de la tierra al camino de ese bello ideal de felicidad humana, lo m\u00e1s hermoso y m\u00e1s elevado que haya podido concebir la imaginaci\u00f3n del hombre. Pero la laboriosa y meritoria tarea de Santill\u00e1n consiste tambi\u00e9n en haber conservado vivo inter\u00e9s en la Revoluci\u00f3n Mexicana para darnos un resumen de la primera revoluci\u00f3n proletaria de car\u00e1cter econ\u00f3mico.<\/p>\n","protected":false},"excerpt":{"rendered":"<p><strong>Diego Abad De Santill\u00e1n<\/strong><br \/>\n9789871523108 &#8211; Terramar &#8211; 2022 &#8211; 140 p\u00e1ginas \/orri.<\/p>\n","protected":false},"featured_media":12670,"template":"","meta":[],"product_brand":[],"product_cat":[1868,16],"product_tag":[4703,5906],"class_list":{"0":"post-12642","1":"product","2":"type-product","3":"status-publish","4":"has-post-thumbnail","6":"product_cat-anarkismoa-anarquismo","7":"product_cat-libros","8":"product_tag-diego-abad-de-santillan","9":"product_tag-terramar","11":"first","12":"instock","13":"sold-individually","14":"shipping-taxable","15":"purchasable","16":"product-type-simple"},"yoast_head":"<!-- This site is optimized with the Yoast SEO plugin v27.3 - https:\/\/yoast.com\/product\/yoast-seo-wordpress\/ -->\n<title>RICARDO FLORES MAG\u00d3N El ap\u00f3stol de la revoluci\u00f3n &#8212; Zapateneo<\/title>\n<meta name=\"robots\" content=\"index, follow, max-snippet:-1, max-image-preview:large, max-video-preview:-1\" \/>\n<link rel=\"canonical\" href=\"https:\/\/zapateneo.net\/wordpress\/index.php\/producto\/ricardo-flores-magon-el-apostol-de-la-revolucion\/\" \/>\n<meta property=\"og:locale\" content=\"es_ES\" \/>\n<meta property=\"og:type\" content=\"article\" \/>\n<meta property=\"og:title\" content=\"RICARDO FLORES MAG\u00d3N El ap\u00f3stol de la revoluci\u00f3n &#8212; Zapateneo\" \/>\n<meta property=\"og:description\" content=\"Diego Abad De Santill\u00e1n 9789871523108 - Terramar - 2022 - 140 p\u00e1ginas \/orri.\" \/>\n<meta property=\"og:url\" content=\"https:\/\/zapateneo.net\/wordpress\/index.php\/producto\/ricardo-flores-magon-el-apostol-de-la-revolucion\/\" \/>\n<meta property=\"og:site_name\" content=\"Zapateneo\" \/>\n<meta property=\"article:modified_time\" content=\"2023-04-09T17:53:09+00:00\" \/>\n<meta name=\"twitter:card\" content=\"summary_large_image\" \/>\n<meta name=\"twitter:site\" content=\"@zapateneo\" \/>\n<meta name=\"twitter:label1\" content=\"Tiempo de lectura\" \/>\n\t<meta name=\"twitter:data1\" content=\"2 minutos\" \/>\n<script type=\"application\/ld+json\" class=\"yoast-schema-graph\">{\"@context\":\"https:\\\/\\\/schema.org\",\"@graph\":[{\"@type\":\"WebPage\",\"@id\":\"https:\\\/\\\/zapateneo.net\\\/wordpress\\\/index.php\\\/producto\\\/ricardo-flores-magon-el-apostol-de-la-revolucion\\\/\",\"url\":\"https:\\\/\\\/zapateneo.net\\\/wordpress\\\/index.php\\\/producto\\\/ricardo-flores-magon-el-apostol-de-la-revolucion\\\/\",\"name\":\"RICARDO FLORES MAG\u00d3N El ap\u00f3stol de la revoluci\u00f3n &#8212; Zapateneo\",\"isPartOf\":{\"@id\":\"https:\\\/\\\/zapateneo.net\\\/wordpress\\\/#website\"},\"primaryImageOfPage\":{\"@id\":\"https:\\\/\\\/zapateneo.net\\\/wordpress\\\/index.php\\\/producto\\\/ricardo-flores-magon-el-apostol-de-la-revolucion\\\/#primaryimage\"},\"image\":{\"@id\":\"https:\\\/\\\/zapateneo.net\\\/wordpress\\\/index.php\\\/producto\\\/ricardo-flores-magon-el-apostol-de-la-revolucion\\\/#primaryimage\"},\"thumbnailUrl\":\"https:\\\/\\\/zapateneo.net\\\/wordpress\\\/wp-content\\\/uploads\\\/2023\\\/04\\\/ricardo-flores-magon-9789871523108.jpg\",\"datePublished\":\"2023-04-09T17:52:58+00:00\",\"dateModified\":\"2023-04-09T17:53:09+00:00\",\"breadcrumb\":{\"@id\":\"https:\\\/\\\/zapateneo.net\\\/wordpress\\\/index.php\\\/producto\\\/ricardo-flores-magon-el-apostol-de-la-revolucion\\\/#breadcrumb\"},\"inLanguage\":\"es\",\"potentialAction\":[{\"@type\":\"ReadAction\",\"target\":[\"https:\\\/\\\/zapateneo.net\\\/wordpress\\\/index.php\\\/producto\\\/ricardo-flores-magon-el-apostol-de-la-revolucion\\\/\"]}]},{\"@type\":\"ImageObject\",\"inLanguage\":\"es\",\"@id\":\"https:\\\/\\\/zapateneo.net\\\/wordpress\\\/index.php\\\/producto\\\/ricardo-flores-magon-el-apostol-de-la-revolucion\\\/#primaryimage\",\"url\":\"https:\\\/\\\/zapateneo.net\\\/wordpress\\\/wp-content\\\/uploads\\\/2023\\\/04\\\/ricardo-flores-magon-9789871523108.jpg\",\"contentUrl\":\"https:\\\/\\\/zapateneo.net\\\/wordpress\\\/wp-content\\\/uploads\\\/2023\\\/04\\\/ricardo-flores-magon-9789871523108.jpg\",\"width\":260,\"height\":400},{\"@type\":\"BreadcrumbList\",\"@id\":\"https:\\\/\\\/zapateneo.net\\\/wordpress\\\/index.php\\\/producto\\\/ricardo-flores-magon-el-apostol-de-la-revolucion\\\/#breadcrumb\",\"itemListElement\":[{\"@type\":\"ListItem\",\"position\":1,\"name\":\"Portada\",\"item\":\"https:\\\/\\\/zapateneo.net\\\/wordpress\\\/\"},{\"@type\":\"ListItem\",\"position\":2,\"name\":\"Tienda\",\"item\":\"https:\\\/\\\/zapateneo.net\\\/wordpress\\\/\"},{\"@type\":\"ListItem\",\"position\":3,\"name\":\"RICARDO FLORES MAG\u00d3N El ap\u00f3stol de la revoluci\u00f3n\"}]},{\"@type\":\"WebSite\",\"@id\":\"https:\\\/\\\/zapateneo.net\\\/wordpress\\\/#website\",\"url\":\"https:\\\/\\\/zapateneo.net\\\/wordpress\\\/\",\"name\":\"Zapateneo\",\"description\":\"Zapateneoaren webgunea\",\"publisher\":{\"@id\":\"https:\\\/\\\/zapateneo.net\\\/wordpress\\\/#organization\"},\"potentialAction\":[{\"@type\":\"SearchAction\",\"target\":{\"@type\":\"EntryPoint\",\"urlTemplate\":\"https:\\\/\\\/zapateneo.net\\\/wordpress\\\/?s={search_term_string}\"},\"query-input\":{\"@type\":\"PropertyValueSpecification\",\"valueRequired\":true,\"valueName\":\"search_term_string\"}}],\"inLanguage\":\"es\"},{\"@type\":\"Organization\",\"@id\":\"https:\\\/\\\/zapateneo.net\\\/wordpress\\\/#organization\",\"name\":\"Zapateneo Kultur Elkartea\",\"url\":\"https:\\\/\\\/zapateneo.net\\\/wordpress\\\/\",\"logo\":{\"@type\":\"ImageObject\",\"inLanguage\":\"es\",\"@id\":\"https:\\\/\\\/zapateneo.net\\\/wordpress\\\/#\\\/schema\\\/logo\\\/image\\\/\",\"url\":\"https:\\\/\\\/zapateneo.net\\\/wordpress\\\/wp-content\\\/uploads\\\/2021\\\/04\\\/zap-libu-kolec.jpg\",\"contentUrl\":\"https:\\\/\\\/zapateneo.net\\\/wordpress\\\/wp-content\\\/uploads\\\/2021\\\/04\\\/zap-libu-kolec.jpg\",\"width\":2234,\"height\":398,\"caption\":\"Zapateneo Kultur Elkartea\"},\"image\":{\"@id\":\"https:\\\/\\\/zapateneo.net\\\/wordpress\\\/#\\\/schema\\\/logo\\\/image\\\/\"},\"sameAs\":[\"https:\\\/\\\/x.com\\\/zapateneo\"]}]}<\/script>\n<!-- \/ Yoast SEO plugin. -->","yoast_head_json":{"title":"RICARDO FLORES MAG\u00d3N El ap\u00f3stol de la revoluci\u00f3n &#8212; Zapateneo","robots":{"index":"index","follow":"follow","max-snippet":"max-snippet:-1","max-image-preview":"max-image-preview:large","max-video-preview":"max-video-preview:-1"},"canonical":"https:\/\/zapateneo.net\/wordpress\/index.php\/producto\/ricardo-flores-magon-el-apostol-de-la-revolucion\/","og_locale":"es_ES","og_type":"article","og_title":"RICARDO FLORES MAG\u00d3N El ap\u00f3stol de la revoluci\u00f3n &#8212; Zapateneo","og_description":"Diego Abad De Santill\u00e1n 9789871523108 - Terramar - 2022 - 140 p\u00e1ginas \/orri.","og_url":"https:\/\/zapateneo.net\/wordpress\/index.php\/producto\/ricardo-flores-magon-el-apostol-de-la-revolucion\/","og_site_name":"Zapateneo","article_modified_time":"2023-04-09T17:53:09+00:00","twitter_card":"summary_large_image","twitter_site":"@zapateneo","twitter_misc":{"Tiempo de lectura":"2 minutos"},"schema":{"@context":"https:\/\/schema.org","@graph":[{"@type":"WebPage","@id":"https:\/\/zapateneo.net\/wordpress\/index.php\/producto\/ricardo-flores-magon-el-apostol-de-la-revolucion\/","url":"https:\/\/zapateneo.net\/wordpress\/index.php\/producto\/ricardo-flores-magon-el-apostol-de-la-revolucion\/","name":"RICARDO FLORES MAG\u00d3N El ap\u00f3stol de la revoluci\u00f3n &#8212; Zapateneo","isPartOf":{"@id":"https:\/\/zapateneo.net\/wordpress\/#website"},"primaryImageOfPage":{"@id":"https:\/\/zapateneo.net\/wordpress\/index.php\/producto\/ricardo-flores-magon-el-apostol-de-la-revolucion\/#primaryimage"},"image":{"@id":"https:\/\/zapateneo.net\/wordpress\/index.php\/producto\/ricardo-flores-magon-el-apostol-de-la-revolucion\/#primaryimage"},"thumbnailUrl":"https:\/\/zapateneo.net\/wordpress\/wp-content\/uploads\/2023\/04\/ricardo-flores-magon-9789871523108.jpg","datePublished":"2023-04-09T17:52:58+00:00","dateModified":"2023-04-09T17:53:09+00:00","breadcrumb":{"@id":"https:\/\/zapateneo.net\/wordpress\/index.php\/producto\/ricardo-flores-magon-el-apostol-de-la-revolucion\/#breadcrumb"},"inLanguage":"es","potentialAction":[{"@type":"ReadAction","target":["https:\/\/zapateneo.net\/wordpress\/index.php\/producto\/ricardo-flores-magon-el-apostol-de-la-revolucion\/"]}]},{"@type":"ImageObject","inLanguage":"es","@id":"https:\/\/zapateneo.net\/wordpress\/index.php\/producto\/ricardo-flores-magon-el-apostol-de-la-revolucion\/#primaryimage","url":"https:\/\/zapateneo.net\/wordpress\/wp-content\/uploads\/2023\/04\/ricardo-flores-magon-9789871523108.jpg","contentUrl":"https:\/\/zapateneo.net\/wordpress\/wp-content\/uploads\/2023\/04\/ricardo-flores-magon-9789871523108.jpg","width":260,"height":400},{"@type":"BreadcrumbList","@id":"https:\/\/zapateneo.net\/wordpress\/index.php\/producto\/ricardo-flores-magon-el-apostol-de-la-revolucion\/#breadcrumb","itemListElement":[{"@type":"ListItem","position":1,"name":"Portada","item":"https:\/\/zapateneo.net\/wordpress\/"},{"@type":"ListItem","position":2,"name":"Tienda","item":"https:\/\/zapateneo.net\/wordpress\/"},{"@type":"ListItem","position":3,"name":"RICARDO FLORES MAG\u00d3N El ap\u00f3stol de la revoluci\u00f3n"}]},{"@type":"WebSite","@id":"https:\/\/zapateneo.net\/wordpress\/#website","url":"https:\/\/zapateneo.net\/wordpress\/","name":"Zapateneo","description":"Zapateneoaren webgunea","publisher":{"@id":"https:\/\/zapateneo.net\/wordpress\/#organization"},"potentialAction":[{"@type":"SearchAction","target":{"@type":"EntryPoint","urlTemplate":"https:\/\/zapateneo.net\/wordpress\/?s={search_term_string}"},"query-input":{"@type":"PropertyValueSpecification","valueRequired":true,"valueName":"search_term_string"}}],"inLanguage":"es"},{"@type":"Organization","@id":"https:\/\/zapateneo.net\/wordpress\/#organization","name":"Zapateneo Kultur Elkartea","url":"https:\/\/zapateneo.net\/wordpress\/","logo":{"@type":"ImageObject","inLanguage":"es","@id":"https:\/\/zapateneo.net\/wordpress\/#\/schema\/logo\/image\/","url":"https:\/\/zapateneo.net\/wordpress\/wp-content\/uploads\/2021\/04\/zap-libu-kolec.jpg","contentUrl":"https:\/\/zapateneo.net\/wordpress\/wp-content\/uploads\/2021\/04\/zap-libu-kolec.jpg","width":2234,"height":398,"caption":"Zapateneo Kultur Elkartea"},"image":{"@id":"https:\/\/zapateneo.net\/wordpress\/#\/schema\/logo\/image\/"},"sameAs":["https:\/\/x.com\/zapateneo"]}]}},"_links":{"self":[{"href":"https:\/\/zapateneo.net\/wordpress\/index.php\/wp-json\/wp\/v2\/product\/12642","targetHints":{"allow":["GET"]}}],"collection":[{"href":"https:\/\/zapateneo.net\/wordpress\/index.php\/wp-json\/wp\/v2\/product"}],"about":[{"href":"https:\/\/zapateneo.net\/wordpress\/index.php\/wp-json\/wp\/v2\/types\/product"}],"wp:featuredmedia":[{"embeddable":true,"href":"https:\/\/zapateneo.net\/wordpress\/index.php\/wp-json\/wp\/v2\/media\/12670"}],"wp:attachment":[{"href":"https:\/\/zapateneo.net\/wordpress\/index.php\/wp-json\/wp\/v2\/media?parent=12642"}],"wp:term":[{"taxonomy":"product_brand","embeddable":true,"href":"https:\/\/zapateneo.net\/wordpress\/index.php\/wp-json\/wp\/v2\/product_brand?post=12642"},{"taxonomy":"product_cat","embeddable":true,"href":"https:\/\/zapateneo.net\/wordpress\/index.php\/wp-json\/wp\/v2\/product_cat?post=12642"},{"taxonomy":"product_tag","embeddable":true,"href":"https:\/\/zapateneo.net\/wordpress\/index.php\/wp-json\/wp\/v2\/product_tag?post=12642"}],"curies":[{"name":"wp","href":"https:\/\/api.w.org\/{rel}","templated":true}]}}