{"id":12621,"date":"2023-04-09T09:26:49","date_gmt":"2023-04-09T08:26:49","guid":{"rendered":"https:\/\/zapateneo.net\/wordpress\/?post_type=product&#038;p=12621"},"modified":"2023-04-09T09:27:07","modified_gmt":"2023-04-09T08:27:07","slug":"robotica-etica-y-politica-el-impacto-de-la-superinteligencia-en-el-mundo-de-las-personas","status":"publish","type":"product","link":"https:\/\/zapateneo.net\/wordpress\/index.php\/producto\/robotica-etica-y-politica-el-impacto-de-la-superinteligencia-en-el-mundo-de-las-personas\/","title":{"rendered":"ROB\u00d3TICA, \u00c9TICA Y POL\u00cdTICA El impacto de la superinteligencia en el mundo de las personas"},"content":{"rendered":"<p>Esta obra trata de los retos humanos de la inteligencia artificial y de la importancia de la \u00e9tica y la pol\u00edtica para responder ante ellos. El futuro de la superinteligencia es tan estimulante en sus ventajas como incierto e incluso inquietante en algunos de sus usos y consecuencias en el orden de la vida en general y, en particular, del ser humano y sus valores.<\/p>\n<p>El robot no es una m\u00e1quina puramente computacional. No tiene sentimientos ni intencionalidad, pero s\u00ed la racionalidad m\u00e1s que suficiente para tomar decisiones por su cuenta. Los algoritmos le permiten dar respuestas imprevistas incluso ante las situaciones m\u00e1s complejas. Puede haber robots ben\u00e9ficos y liberadores, pero tambi\u00e9n robots d\u00e9spotas y criminales. \u00bfSomos los humanos actuales seres suficientemente desarrollados en el curso de la evoluci\u00f3n como para conocer y tener bajo control a seres que ya nos superan en inteligencia?<\/p>\n<p>\u00bfTiene inter\u00e9s en nuestro estado evolutivo actual el tener bajo control algo de constituci\u00f3n tan nueva y de funciones tan impactantes sobre nosotros como es el robot? Si lo tiene, hemos dado un paso adelante en la preservaci\u00f3n de la naturaleza y de la inteligencia natural. Si no lo tuviera, estar\u00edamos perdidos.<\/p>\n<p>Norbert Bilbeny catedr\u00e1tico de \u00c9tica de la Universidad de Barcelona, ha coordinado este libro con cap\u00edtulos firmados por expertos en f\u00edsica e ingenier\u00eda, teor\u00eda pol\u00edtica y filosof\u00eda moral: Carles Sierra, Javier Tejada, Marcel Cano, Carme Torras, Gon\u00e7al Mayos, Daniel Innerarity, Yanko Moyano y Francesco Petrone.<\/p>\n","protected":false},"excerpt":{"rendered":"<p><strong>Norbert Bilbeny (ed.)<\/strong><br \/>\n9788418826757 &#8211; Icaria &#8211; 2022 &#8211; 270 p\u00e1ginas \/orri.<\/p>\n","protected":false},"featured_media":12640,"template":"","meta":[],"product_brand":[],"product_cat":[16,173],"product_tag":[643,5905],"class_list":{"0":"post-12621","1":"product","2":"type-product","3":"status-publish","4":"has-post-thumbnail","6":"product_cat-libros","7":"product_cat-saiakera-ensayo","8":"product_tag-icaria","9":"product_tag-norbert-bilbeny-ed","11":"first","12":"instock","13":"sold-individually","14":"shipping-taxable","15":"purchasable","16":"product-type-simple"},"yoast_head":"<!-- This site is optimized with the Yoast SEO plugin v27.3 - https:\/\/yoast.com\/product\/yoast-seo-wordpress\/ -->\n<title>ROB\u00d3TICA, \u00c9TICA Y POL\u00cdTICA El impacto de la superinteligencia en el mundo de las personas &#8212; Zapateneo<\/title>\n<meta name=\"robots\" content=\"index, follow, max-snippet:-1, max-image-preview:large, max-video-preview:-1\" \/>\n<link rel=\"canonical\" href=\"https:\/\/zapateneo.net\/wordpress\/index.php\/producto\/robotica-etica-y-politica-el-impacto-de-la-superinteligencia-en-el-mundo-de-las-personas\/\" \/>\n<meta property=\"og:locale\" content=\"es_ES\" \/>\n<meta property=\"og:type\" content=\"article\" \/>\n<meta property=\"og:title\" content=\"ROB\u00d3TICA, \u00c9TICA Y POL\u00cdTICA El impacto de la superinteligencia en el mundo de las personas &#8212; Zapateneo\" \/>\n<meta property=\"og:description\" content=\"Norbert Bilbeny (ed.) 9788418826757 - Icaria - 2022 - 270 p\u00e1ginas \/orri.\" \/>\n<meta property=\"og:url\" content=\"https:\/\/zapateneo.net\/wordpress\/index.php\/producto\/robotica-etica-y-politica-el-impacto-de-la-superinteligencia-en-el-mundo-de-las-personas\/\" \/>\n<meta property=\"og:site_name\" content=\"Zapateneo\" \/>\n<meta property=\"article:modified_time\" content=\"2023-04-09T08:27:07+00:00\" \/>\n<meta name=\"twitter:card\" content=\"summary_large_image\" \/>\n<meta name=\"twitter:site\" content=\"@zapateneo\" \/>\n<meta name=\"twitter:label1\" content=\"Tiempo de lectura\" \/>\n\t<meta name=\"twitter:data1\" content=\"1 minuto\" \/>\n<script type=\"application\/ld+json\" class=\"yoast-schema-graph\">{\"@context\":\"https:\\\/\\\/schema.org\",\"@graph\":[{\"@type\":\"WebPage\",\"@id\":\"https:\\\/\\\/zapateneo.net\\\/wordpress\\\/index.php\\\/producto\\\/robotica-etica-y-politica-el-impacto-de-la-superinteligencia-en-el-mundo-de-las-personas\\\/\",\"url\":\"https:\\\/\\\/zapateneo.net\\\/wordpress\\\/index.php\\\/producto\\\/robotica-etica-y-politica-el-impacto-de-la-superinteligencia-en-el-mundo-de-las-personas\\\/\",\"name\":\"ROB\u00d3TICA, \u00c9TICA Y POL\u00cdTICA El impacto de la superinteligencia en el mundo de las personas &#8212; Zapateneo\",\"isPartOf\":{\"@id\":\"https:\\\/\\\/zapateneo.net\\\/wordpress\\\/#website\"},\"primaryImageOfPage\":{\"@id\":\"https:\\\/\\\/zapateneo.net\\\/wordpress\\\/index.php\\\/producto\\\/robotica-etica-y-politica-el-impacto-de-la-superinteligencia-en-el-mundo-de-las-personas\\\/#primaryimage\"},\"image\":{\"@id\":\"https:\\\/\\\/zapateneo.net\\\/wordpress\\\/index.php\\\/producto\\\/robotica-etica-y-politica-el-impacto-de-la-superinteligencia-en-el-mundo-de-las-personas\\\/#primaryimage\"},\"thumbnailUrl\":\"https:\\\/\\\/zapateneo.net\\\/wordpress\\\/wp-content\\\/uploads\\\/2023\\\/04\\\/robotica-etica-y-politica-9788418826757.jpg\",\"datePublished\":\"2023-04-09T08:26:49+00:00\",\"dateModified\":\"2023-04-09T08:27:07+00:00\",\"breadcrumb\":{\"@id\":\"https:\\\/\\\/zapateneo.net\\\/wordpress\\\/index.php\\\/producto\\\/robotica-etica-y-politica-el-impacto-de-la-superinteligencia-en-el-mundo-de-las-personas\\\/#breadcrumb\"},\"inLanguage\":\"es\",\"potentialAction\":[{\"@type\":\"ReadAction\",\"target\":[\"https:\\\/\\\/zapateneo.net\\\/wordpress\\\/index.php\\\/producto\\\/robotica-etica-y-politica-el-impacto-de-la-superinteligencia-en-el-mundo-de-las-personas\\\/\"]}]},{\"@type\":\"ImageObject\",\"inLanguage\":\"es\",\"@id\":\"https:\\\/\\\/zapateneo.net\\\/wordpress\\\/index.php\\\/producto\\\/robotica-etica-y-politica-el-impacto-de-la-superinteligencia-en-el-mundo-de-las-personas\\\/#primaryimage\",\"url\":\"https:\\\/\\\/zapateneo.net\\\/wordpress\\\/wp-content\\\/uploads\\\/2023\\\/04\\\/robotica-etica-y-politica-9788418826757.jpg\",\"contentUrl\":\"https:\\\/\\\/zapateneo.net\\\/wordpress\\\/wp-content\\\/uploads\\\/2023\\\/04\\\/robotica-etica-y-politica-9788418826757.jpg\",\"width\":249,\"height\":400},{\"@type\":\"BreadcrumbList\",\"@id\":\"https:\\\/\\\/zapateneo.net\\\/wordpress\\\/index.php\\\/producto\\\/robotica-etica-y-politica-el-impacto-de-la-superinteligencia-en-el-mundo-de-las-personas\\\/#breadcrumb\",\"itemListElement\":[{\"@type\":\"ListItem\",\"position\":1,\"name\":\"Portada\",\"item\":\"https:\\\/\\\/zapateneo.net\\\/wordpress\\\/\"},{\"@type\":\"ListItem\",\"position\":2,\"name\":\"Tienda\",\"item\":\"https:\\\/\\\/zapateneo.net\\\/wordpress\\\/\"},{\"@type\":\"ListItem\",\"position\":3,\"name\":\"ROB\u00d3TICA, \u00c9TICA Y POL\u00cdTICA El impacto de la superinteligencia en el mundo de las personas\"}]},{\"@type\":\"WebSite\",\"@id\":\"https:\\\/\\\/zapateneo.net\\\/wordpress\\\/#website\",\"url\":\"https:\\\/\\\/zapateneo.net\\\/wordpress\\\/\",\"name\":\"Zapateneo\",\"description\":\"Zapateneoaren webgunea\",\"publisher\":{\"@id\":\"https:\\\/\\\/zapateneo.net\\\/wordpress\\\/#organization\"},\"potentialAction\":[{\"@type\":\"SearchAction\",\"target\":{\"@type\":\"EntryPoint\",\"urlTemplate\":\"https:\\\/\\\/zapateneo.net\\\/wordpress\\\/?s={search_term_string}\"},\"query-input\":{\"@type\":\"PropertyValueSpecification\",\"valueRequired\":true,\"valueName\":\"search_term_string\"}}],\"inLanguage\":\"es\"},{\"@type\":\"Organization\",\"@id\":\"https:\\\/\\\/zapateneo.net\\\/wordpress\\\/#organization\",\"name\":\"Zapateneo Kultur Elkartea\",\"url\":\"https:\\\/\\\/zapateneo.net\\\/wordpress\\\/\",\"logo\":{\"@type\":\"ImageObject\",\"inLanguage\":\"es\",\"@id\":\"https:\\\/\\\/zapateneo.net\\\/wordpress\\\/#\\\/schema\\\/logo\\\/image\\\/\",\"url\":\"https:\\\/\\\/zapateneo.net\\\/wordpress\\\/wp-content\\\/uploads\\\/2021\\\/04\\\/zap-libu-kolec.jpg\",\"contentUrl\":\"https:\\\/\\\/zapateneo.net\\\/wordpress\\\/wp-content\\\/uploads\\\/2021\\\/04\\\/zap-libu-kolec.jpg\",\"width\":2234,\"height\":398,\"caption\":\"Zapateneo Kultur Elkartea\"},\"image\":{\"@id\":\"https:\\\/\\\/zapateneo.net\\\/wordpress\\\/#\\\/schema\\\/logo\\\/image\\\/\"},\"sameAs\":[\"https:\\\/\\\/x.com\\\/zapateneo\"]}]}<\/script>\n<!-- \/ Yoast SEO plugin. -->","yoast_head_json":{"title":"ROB\u00d3TICA, \u00c9TICA Y POL\u00cdTICA El impacto de la superinteligencia en el mundo de las personas &#8212; Zapateneo","robots":{"index":"index","follow":"follow","max-snippet":"max-snippet:-1","max-image-preview":"max-image-preview:large","max-video-preview":"max-video-preview:-1"},"canonical":"https:\/\/zapateneo.net\/wordpress\/index.php\/producto\/robotica-etica-y-politica-el-impacto-de-la-superinteligencia-en-el-mundo-de-las-personas\/","og_locale":"es_ES","og_type":"article","og_title":"ROB\u00d3TICA, \u00c9TICA Y POL\u00cdTICA El impacto de la superinteligencia en el mundo de las personas &#8212; Zapateneo","og_description":"Norbert Bilbeny (ed.) 9788418826757 - Icaria - 2022 - 270 p\u00e1ginas \/orri.","og_url":"https:\/\/zapateneo.net\/wordpress\/index.php\/producto\/robotica-etica-y-politica-el-impacto-de-la-superinteligencia-en-el-mundo-de-las-personas\/","og_site_name":"Zapateneo","article_modified_time":"2023-04-09T08:27:07+00:00","twitter_card":"summary_large_image","twitter_site":"@zapateneo","twitter_misc":{"Tiempo de lectura":"1 minuto"},"schema":{"@context":"https:\/\/schema.org","@graph":[{"@type":"WebPage","@id":"https:\/\/zapateneo.net\/wordpress\/index.php\/producto\/robotica-etica-y-politica-el-impacto-de-la-superinteligencia-en-el-mundo-de-las-personas\/","url":"https:\/\/zapateneo.net\/wordpress\/index.php\/producto\/robotica-etica-y-politica-el-impacto-de-la-superinteligencia-en-el-mundo-de-las-personas\/","name":"ROB\u00d3TICA, \u00c9TICA Y POL\u00cdTICA El impacto de la superinteligencia en el mundo de las personas &#8212; Zapateneo","isPartOf":{"@id":"https:\/\/zapateneo.net\/wordpress\/#website"},"primaryImageOfPage":{"@id":"https:\/\/zapateneo.net\/wordpress\/index.php\/producto\/robotica-etica-y-politica-el-impacto-de-la-superinteligencia-en-el-mundo-de-las-personas\/#primaryimage"},"image":{"@id":"https:\/\/zapateneo.net\/wordpress\/index.php\/producto\/robotica-etica-y-politica-el-impacto-de-la-superinteligencia-en-el-mundo-de-las-personas\/#primaryimage"},"thumbnailUrl":"https:\/\/zapateneo.net\/wordpress\/wp-content\/uploads\/2023\/04\/robotica-etica-y-politica-9788418826757.jpg","datePublished":"2023-04-09T08:26:49+00:00","dateModified":"2023-04-09T08:27:07+00:00","breadcrumb":{"@id":"https:\/\/zapateneo.net\/wordpress\/index.php\/producto\/robotica-etica-y-politica-el-impacto-de-la-superinteligencia-en-el-mundo-de-las-personas\/#breadcrumb"},"inLanguage":"es","potentialAction":[{"@type":"ReadAction","target":["https:\/\/zapateneo.net\/wordpress\/index.php\/producto\/robotica-etica-y-politica-el-impacto-de-la-superinteligencia-en-el-mundo-de-las-personas\/"]}]},{"@type":"ImageObject","inLanguage":"es","@id":"https:\/\/zapateneo.net\/wordpress\/index.php\/producto\/robotica-etica-y-politica-el-impacto-de-la-superinteligencia-en-el-mundo-de-las-personas\/#primaryimage","url":"https:\/\/zapateneo.net\/wordpress\/wp-content\/uploads\/2023\/04\/robotica-etica-y-politica-9788418826757.jpg","contentUrl":"https:\/\/zapateneo.net\/wordpress\/wp-content\/uploads\/2023\/04\/robotica-etica-y-politica-9788418826757.jpg","width":249,"height":400},{"@type":"BreadcrumbList","@id":"https:\/\/zapateneo.net\/wordpress\/index.php\/producto\/robotica-etica-y-politica-el-impacto-de-la-superinteligencia-en-el-mundo-de-las-personas\/#breadcrumb","itemListElement":[{"@type":"ListItem","position":1,"name":"Portada","item":"https:\/\/zapateneo.net\/wordpress\/"},{"@type":"ListItem","position":2,"name":"Tienda","item":"https:\/\/zapateneo.net\/wordpress\/"},{"@type":"ListItem","position":3,"name":"ROB\u00d3TICA, \u00c9TICA Y POL\u00cdTICA El impacto de la superinteligencia en el mundo de las personas"}]},{"@type":"WebSite","@id":"https:\/\/zapateneo.net\/wordpress\/#website","url":"https:\/\/zapateneo.net\/wordpress\/","name":"Zapateneo","description":"Zapateneoaren webgunea","publisher":{"@id":"https:\/\/zapateneo.net\/wordpress\/#organization"},"potentialAction":[{"@type":"SearchAction","target":{"@type":"EntryPoint","urlTemplate":"https:\/\/zapateneo.net\/wordpress\/?s={search_term_string}"},"query-input":{"@type":"PropertyValueSpecification","valueRequired":true,"valueName":"search_term_string"}}],"inLanguage":"es"},{"@type":"Organization","@id":"https:\/\/zapateneo.net\/wordpress\/#organization","name":"Zapateneo Kultur Elkartea","url":"https:\/\/zapateneo.net\/wordpress\/","logo":{"@type":"ImageObject","inLanguage":"es","@id":"https:\/\/zapateneo.net\/wordpress\/#\/schema\/logo\/image\/","url":"https:\/\/zapateneo.net\/wordpress\/wp-content\/uploads\/2021\/04\/zap-libu-kolec.jpg","contentUrl":"https:\/\/zapateneo.net\/wordpress\/wp-content\/uploads\/2021\/04\/zap-libu-kolec.jpg","width":2234,"height":398,"caption":"Zapateneo Kultur Elkartea"},"image":{"@id":"https:\/\/zapateneo.net\/wordpress\/#\/schema\/logo\/image\/"},"sameAs":["https:\/\/x.com\/zapateneo"]}]}},"_links":{"self":[{"href":"https:\/\/zapateneo.net\/wordpress\/index.php\/wp-json\/wp\/v2\/product\/12621","targetHints":{"allow":["GET"]}}],"collection":[{"href":"https:\/\/zapateneo.net\/wordpress\/index.php\/wp-json\/wp\/v2\/product"}],"about":[{"href":"https:\/\/zapateneo.net\/wordpress\/index.php\/wp-json\/wp\/v2\/types\/product"}],"wp:featuredmedia":[{"embeddable":true,"href":"https:\/\/zapateneo.net\/wordpress\/index.php\/wp-json\/wp\/v2\/media\/12640"}],"wp:attachment":[{"href":"https:\/\/zapateneo.net\/wordpress\/index.php\/wp-json\/wp\/v2\/media?parent=12621"}],"wp:term":[{"taxonomy":"product_brand","embeddable":true,"href":"https:\/\/zapateneo.net\/wordpress\/index.php\/wp-json\/wp\/v2\/product_brand?post=12621"},{"taxonomy":"product_cat","embeddable":true,"href":"https:\/\/zapateneo.net\/wordpress\/index.php\/wp-json\/wp\/v2\/product_cat?post=12621"},{"taxonomy":"product_tag","embeddable":true,"href":"https:\/\/zapateneo.net\/wordpress\/index.php\/wp-json\/wp\/v2\/product_tag?post=12621"}],"curies":[{"name":"wp","href":"https:\/\/api.w.org\/{rel}","templated":true}]}}