{"id":12620,"date":"2023-04-09T09:26:49","date_gmt":"2023-04-09T08:26:49","guid":{"rendered":"https:\/\/zapateneo.net\/wordpress\/?post_type=product&#038;p=12620"},"modified":"2023-05-05T15:19:12","modified_gmt":"2023-05-05T14:19:12","slug":"el-conflicto-ruso-ucraniano-el-imperialismo-estadounidense-a-la-conquista-de-europa","status":"publish","type":"product","link":"https:\/\/zapateneo.net\/wordpress\/index.php\/producto\/el-conflicto-ruso-ucraniano-el-imperialismo-estadounidense-a-la-conquista-de-europa\/","title":{"rendered":"EL CONFLICTO RUSO-UCRANIANO El imperialismo estadounidense a la conquista de Europa"},"content":{"rendered":"<p>El conflicto ruso-ucraniano no estall\u00f3 el 24 de febrero de 2022 con la intervenci\u00f3n militar rusa, sino que tiene ra\u00edces lejanas. Tan distante que la verdadera pregunta que hay que hacerse no es \u00bfPor qu\u00e9 la guerra? sino, \u00bfpor qu\u00e9 ahora?<\/p>\n<p>El libro recorre los or\u00edgenes hist\u00f3ricos y pol\u00edticos del conflicto y se centra en sus consecuencias econ\u00f3micas. De la imagen que se desprende, el por qu\u00e9 ahora tiene poco que ver con Rusia, ni con Ucrania, sino con las estrategias de Estados Unidos en Europa. Tambi\u00e9n se entrelaza con otro gran proceso de nuestro tiempo: el estallido de la pandemia, que marca una violenta aceleraci\u00f3n de las relaciones entre Estados Unidos y China en la transici\u00f3n hacia el nuevo mundo verde y de alta tecnolog\u00eda, basado en las energ\u00edas renovables.<\/p>\n<p>Desde este punto de vista, la pol\u00edtica aparentemente suicida de la UE hacia Rusia no es simplemente el resultado de la subalternidad con respecto a Estados Unidos. Por el contrario, refleja intereses econ\u00f3micos precisos, con ganadores y perdedores incluso entre los capitales europeos.<\/p>\n","protected":false},"excerpt":{"rendered":"<p><strong>Giulio Palermo<\/strong><br \/>\n9788419200570 &#8211; Icaria &#8211; 2023 &#8211; 132 p\u00e1ginas \/orri.<\/p>\n","protected":false},"featured_media":12639,"template":"","meta":[],"product_brand":[],"product_cat":[16,173],"product_tag":[5076,5904,643],"class_list":{"0":"post-12620","1":"product","2":"type-product","3":"status-publish","4":"has-post-thumbnail","6":"product_cat-libros","7":"product_cat-saiakera-ensayo","8":"product_tag-antimilitarismo","9":"product_tag-giulio-palermo","10":"product_tag-icaria","12":"first","13":"instock","14":"sold-individually","15":"shipping-taxable","16":"purchasable","17":"product-type-simple"},"yoast_head":"<!-- This site is optimized with the Yoast SEO plugin v27.3 - https:\/\/yoast.com\/product\/yoast-seo-wordpress\/ -->\n<title>EL CONFLICTO RUSO-UCRANIANO El imperialismo estadounidense a la conquista de Europa &#8212; Zapateneo<\/title>\n<meta name=\"robots\" content=\"index, follow, max-snippet:-1, max-image-preview:large, max-video-preview:-1\" \/>\n<link rel=\"canonical\" href=\"https:\/\/zapateneo.net\/wordpress\/index.php\/producto\/el-conflicto-ruso-ucraniano-el-imperialismo-estadounidense-a-la-conquista-de-europa\/\" \/>\n<meta property=\"og:locale\" content=\"es_ES\" \/>\n<meta property=\"og:type\" content=\"article\" \/>\n<meta property=\"og:title\" content=\"EL CONFLICTO RUSO-UCRANIANO El imperialismo estadounidense a la conquista de Europa &#8212; Zapateneo\" \/>\n<meta property=\"og:description\" content=\"Giulio Palermo 9788419200570 - Icaria - 2023 - 132 p\u00e1ginas \/orri.\" \/>\n<meta property=\"og:url\" content=\"https:\/\/zapateneo.net\/wordpress\/index.php\/producto\/el-conflicto-ruso-ucraniano-el-imperialismo-estadounidense-a-la-conquista-de-europa\/\" \/>\n<meta property=\"og:site_name\" content=\"Zapateneo\" \/>\n<meta property=\"article:modified_time\" content=\"2023-05-05T14:19:12+00:00\" \/>\n<meta property=\"og:image\" content=\"https:\/\/zapateneo.net\/wordpress\/wp-content\/uploads\/2023\/04\/el-conflicto-ruso-ucraniano-9788419200570.jpg\" \/>\n\t<meta property=\"og:image:width\" content=\"280\" \/>\n\t<meta property=\"og:image:height\" content=\"400\" \/>\n\t<meta property=\"og:image:type\" content=\"image\/jpeg\" \/>\n<meta name=\"twitter:card\" content=\"summary_large_image\" \/>\n<meta name=\"twitter:site\" content=\"@zapateneo\" \/>\n<meta name=\"twitter:label1\" content=\"Tiempo de lectura\" \/>\n\t<meta name=\"twitter:data1\" content=\"1 minuto\" \/>\n<script type=\"application\/ld+json\" class=\"yoast-schema-graph\">{\"@context\":\"https:\\\/\\\/schema.org\",\"@graph\":[{\"@type\":\"WebPage\",\"@id\":\"https:\\\/\\\/zapateneo.net\\\/wordpress\\\/index.php\\\/producto\\\/el-conflicto-ruso-ucraniano-el-imperialismo-estadounidense-a-la-conquista-de-europa\\\/\",\"url\":\"https:\\\/\\\/zapateneo.net\\\/wordpress\\\/index.php\\\/producto\\\/el-conflicto-ruso-ucraniano-el-imperialismo-estadounidense-a-la-conquista-de-europa\\\/\",\"name\":\"EL CONFLICTO RUSO-UCRANIANO El imperialismo estadounidense a la conquista de Europa &#8212; Zapateneo\",\"isPartOf\":{\"@id\":\"https:\\\/\\\/zapateneo.net\\\/wordpress\\\/#website\"},\"primaryImageOfPage\":{\"@id\":\"https:\\\/\\\/zapateneo.net\\\/wordpress\\\/index.php\\\/producto\\\/el-conflicto-ruso-ucraniano-el-imperialismo-estadounidense-a-la-conquista-de-europa\\\/#primaryimage\"},\"image\":{\"@id\":\"https:\\\/\\\/zapateneo.net\\\/wordpress\\\/index.php\\\/producto\\\/el-conflicto-ruso-ucraniano-el-imperialismo-estadounidense-a-la-conquista-de-europa\\\/#primaryimage\"},\"thumbnailUrl\":\"https:\\\/\\\/zapateneo.net\\\/wordpress\\\/wp-content\\\/uploads\\\/2023\\\/04\\\/el-conflicto-ruso-ucraniano-9788419200570.jpg\",\"datePublished\":\"2023-04-09T08:26:49+00:00\",\"dateModified\":\"2023-05-05T14:19:12+00:00\",\"breadcrumb\":{\"@id\":\"https:\\\/\\\/zapateneo.net\\\/wordpress\\\/index.php\\\/producto\\\/el-conflicto-ruso-ucraniano-el-imperialismo-estadounidense-a-la-conquista-de-europa\\\/#breadcrumb\"},\"inLanguage\":\"es\",\"potentialAction\":[{\"@type\":\"ReadAction\",\"target\":[\"https:\\\/\\\/zapateneo.net\\\/wordpress\\\/index.php\\\/producto\\\/el-conflicto-ruso-ucraniano-el-imperialismo-estadounidense-a-la-conquista-de-europa\\\/\"]}]},{\"@type\":\"ImageObject\",\"inLanguage\":\"es\",\"@id\":\"https:\\\/\\\/zapateneo.net\\\/wordpress\\\/index.php\\\/producto\\\/el-conflicto-ruso-ucraniano-el-imperialismo-estadounidense-a-la-conquista-de-europa\\\/#primaryimage\",\"url\":\"https:\\\/\\\/zapateneo.net\\\/wordpress\\\/wp-content\\\/uploads\\\/2023\\\/04\\\/el-conflicto-ruso-ucraniano-9788419200570.jpg\",\"contentUrl\":\"https:\\\/\\\/zapateneo.net\\\/wordpress\\\/wp-content\\\/uploads\\\/2023\\\/04\\\/el-conflicto-ruso-ucraniano-9788419200570.jpg\",\"width\":280,\"height\":400},{\"@type\":\"BreadcrumbList\",\"@id\":\"https:\\\/\\\/zapateneo.net\\\/wordpress\\\/index.php\\\/producto\\\/el-conflicto-ruso-ucraniano-el-imperialismo-estadounidense-a-la-conquista-de-europa\\\/#breadcrumb\",\"itemListElement\":[{\"@type\":\"ListItem\",\"position\":1,\"name\":\"Portada\",\"item\":\"https:\\\/\\\/zapateneo.net\\\/wordpress\\\/\"},{\"@type\":\"ListItem\",\"position\":2,\"name\":\"Tienda\",\"item\":\"https:\\\/\\\/zapateneo.net\\\/wordpress\\\/\"},{\"@type\":\"ListItem\",\"position\":3,\"name\":\"EL CONFLICTO RUSO-UCRANIANO El imperialismo estadounidense a la conquista de Europa\"}]},{\"@type\":\"WebSite\",\"@id\":\"https:\\\/\\\/zapateneo.net\\\/wordpress\\\/#website\",\"url\":\"https:\\\/\\\/zapateneo.net\\\/wordpress\\\/\",\"name\":\"Zapateneo\",\"description\":\"Zapateneoaren webgunea\",\"publisher\":{\"@id\":\"https:\\\/\\\/zapateneo.net\\\/wordpress\\\/#organization\"},\"potentialAction\":[{\"@type\":\"SearchAction\",\"target\":{\"@type\":\"EntryPoint\",\"urlTemplate\":\"https:\\\/\\\/zapateneo.net\\\/wordpress\\\/?s={search_term_string}\"},\"query-input\":{\"@type\":\"PropertyValueSpecification\",\"valueRequired\":true,\"valueName\":\"search_term_string\"}}],\"inLanguage\":\"es\"},{\"@type\":\"Organization\",\"@id\":\"https:\\\/\\\/zapateneo.net\\\/wordpress\\\/#organization\",\"name\":\"Zapateneo Kultur Elkartea\",\"url\":\"https:\\\/\\\/zapateneo.net\\\/wordpress\\\/\",\"logo\":{\"@type\":\"ImageObject\",\"inLanguage\":\"es\",\"@id\":\"https:\\\/\\\/zapateneo.net\\\/wordpress\\\/#\\\/schema\\\/logo\\\/image\\\/\",\"url\":\"https:\\\/\\\/zapateneo.net\\\/wordpress\\\/wp-content\\\/uploads\\\/2021\\\/04\\\/zap-libu-kolec.jpg\",\"contentUrl\":\"https:\\\/\\\/zapateneo.net\\\/wordpress\\\/wp-content\\\/uploads\\\/2021\\\/04\\\/zap-libu-kolec.jpg\",\"width\":2234,\"height\":398,\"caption\":\"Zapateneo Kultur Elkartea\"},\"image\":{\"@id\":\"https:\\\/\\\/zapateneo.net\\\/wordpress\\\/#\\\/schema\\\/logo\\\/image\\\/\"},\"sameAs\":[\"https:\\\/\\\/x.com\\\/zapateneo\"]}]}<\/script>\n<!-- \/ Yoast SEO plugin. -->","yoast_head_json":{"title":"EL CONFLICTO RUSO-UCRANIANO El imperialismo estadounidense a la conquista de Europa &#8212; Zapateneo","robots":{"index":"index","follow":"follow","max-snippet":"max-snippet:-1","max-image-preview":"max-image-preview:large","max-video-preview":"max-video-preview:-1"},"canonical":"https:\/\/zapateneo.net\/wordpress\/index.php\/producto\/el-conflicto-ruso-ucraniano-el-imperialismo-estadounidense-a-la-conquista-de-europa\/","og_locale":"es_ES","og_type":"article","og_title":"EL CONFLICTO RUSO-UCRANIANO El imperialismo estadounidense a la conquista de Europa &#8212; Zapateneo","og_description":"Giulio Palermo 9788419200570 - Icaria - 2023 - 132 p\u00e1ginas \/orri.","og_url":"https:\/\/zapateneo.net\/wordpress\/index.php\/producto\/el-conflicto-ruso-ucraniano-el-imperialismo-estadounidense-a-la-conquista-de-europa\/","og_site_name":"Zapateneo","article_modified_time":"2023-05-05T14:19:12+00:00","og_image":[{"width":280,"height":400,"url":"https:\/\/zapateneo.net\/wordpress\/wp-content\/uploads\/2023\/04\/el-conflicto-ruso-ucraniano-9788419200570.jpg","type":"image\/jpeg"}],"twitter_card":"summary_large_image","twitter_site":"@zapateneo","twitter_misc":{"Tiempo de lectura":"1 minuto"},"schema":{"@context":"https:\/\/schema.org","@graph":[{"@type":"WebPage","@id":"https:\/\/zapateneo.net\/wordpress\/index.php\/producto\/el-conflicto-ruso-ucraniano-el-imperialismo-estadounidense-a-la-conquista-de-europa\/","url":"https:\/\/zapateneo.net\/wordpress\/index.php\/producto\/el-conflicto-ruso-ucraniano-el-imperialismo-estadounidense-a-la-conquista-de-europa\/","name":"EL CONFLICTO RUSO-UCRANIANO El imperialismo estadounidense a la conquista de Europa &#8212; Zapateneo","isPartOf":{"@id":"https:\/\/zapateneo.net\/wordpress\/#website"},"primaryImageOfPage":{"@id":"https:\/\/zapateneo.net\/wordpress\/index.php\/producto\/el-conflicto-ruso-ucraniano-el-imperialismo-estadounidense-a-la-conquista-de-europa\/#primaryimage"},"image":{"@id":"https:\/\/zapateneo.net\/wordpress\/index.php\/producto\/el-conflicto-ruso-ucraniano-el-imperialismo-estadounidense-a-la-conquista-de-europa\/#primaryimage"},"thumbnailUrl":"https:\/\/zapateneo.net\/wordpress\/wp-content\/uploads\/2023\/04\/el-conflicto-ruso-ucraniano-9788419200570.jpg","datePublished":"2023-04-09T08:26:49+00:00","dateModified":"2023-05-05T14:19:12+00:00","breadcrumb":{"@id":"https:\/\/zapateneo.net\/wordpress\/index.php\/producto\/el-conflicto-ruso-ucraniano-el-imperialismo-estadounidense-a-la-conquista-de-europa\/#breadcrumb"},"inLanguage":"es","potentialAction":[{"@type":"ReadAction","target":["https:\/\/zapateneo.net\/wordpress\/index.php\/producto\/el-conflicto-ruso-ucraniano-el-imperialismo-estadounidense-a-la-conquista-de-europa\/"]}]},{"@type":"ImageObject","inLanguage":"es","@id":"https:\/\/zapateneo.net\/wordpress\/index.php\/producto\/el-conflicto-ruso-ucraniano-el-imperialismo-estadounidense-a-la-conquista-de-europa\/#primaryimage","url":"https:\/\/zapateneo.net\/wordpress\/wp-content\/uploads\/2023\/04\/el-conflicto-ruso-ucraniano-9788419200570.jpg","contentUrl":"https:\/\/zapateneo.net\/wordpress\/wp-content\/uploads\/2023\/04\/el-conflicto-ruso-ucraniano-9788419200570.jpg","width":280,"height":400},{"@type":"BreadcrumbList","@id":"https:\/\/zapateneo.net\/wordpress\/index.php\/producto\/el-conflicto-ruso-ucraniano-el-imperialismo-estadounidense-a-la-conquista-de-europa\/#breadcrumb","itemListElement":[{"@type":"ListItem","position":1,"name":"Portada","item":"https:\/\/zapateneo.net\/wordpress\/"},{"@type":"ListItem","position":2,"name":"Tienda","item":"https:\/\/zapateneo.net\/wordpress\/"},{"@type":"ListItem","position":3,"name":"EL CONFLICTO RUSO-UCRANIANO El imperialismo estadounidense a la conquista de Europa"}]},{"@type":"WebSite","@id":"https:\/\/zapateneo.net\/wordpress\/#website","url":"https:\/\/zapateneo.net\/wordpress\/","name":"Zapateneo","description":"Zapateneoaren webgunea","publisher":{"@id":"https:\/\/zapateneo.net\/wordpress\/#organization"},"potentialAction":[{"@type":"SearchAction","target":{"@type":"EntryPoint","urlTemplate":"https:\/\/zapateneo.net\/wordpress\/?s={search_term_string}"},"query-input":{"@type":"PropertyValueSpecification","valueRequired":true,"valueName":"search_term_string"}}],"inLanguage":"es"},{"@type":"Organization","@id":"https:\/\/zapateneo.net\/wordpress\/#organization","name":"Zapateneo Kultur Elkartea","url":"https:\/\/zapateneo.net\/wordpress\/","logo":{"@type":"ImageObject","inLanguage":"es","@id":"https:\/\/zapateneo.net\/wordpress\/#\/schema\/logo\/image\/","url":"https:\/\/zapateneo.net\/wordpress\/wp-content\/uploads\/2021\/04\/zap-libu-kolec.jpg","contentUrl":"https:\/\/zapateneo.net\/wordpress\/wp-content\/uploads\/2021\/04\/zap-libu-kolec.jpg","width":2234,"height":398,"caption":"Zapateneo Kultur Elkartea"},"image":{"@id":"https:\/\/zapateneo.net\/wordpress\/#\/schema\/logo\/image\/"},"sameAs":["https:\/\/x.com\/zapateneo"]}]}},"_links":{"self":[{"href":"https:\/\/zapateneo.net\/wordpress\/index.php\/wp-json\/wp\/v2\/product\/12620","targetHints":{"allow":["GET"]}}],"collection":[{"href":"https:\/\/zapateneo.net\/wordpress\/index.php\/wp-json\/wp\/v2\/product"}],"about":[{"href":"https:\/\/zapateneo.net\/wordpress\/index.php\/wp-json\/wp\/v2\/types\/product"}],"wp:featuredmedia":[{"embeddable":true,"href":"https:\/\/zapateneo.net\/wordpress\/index.php\/wp-json\/wp\/v2\/media\/12639"}],"wp:attachment":[{"href":"https:\/\/zapateneo.net\/wordpress\/index.php\/wp-json\/wp\/v2\/media?parent=12620"}],"wp:term":[{"taxonomy":"product_brand","embeddable":true,"href":"https:\/\/zapateneo.net\/wordpress\/index.php\/wp-json\/wp\/v2\/product_brand?post=12620"},{"taxonomy":"product_cat","embeddable":true,"href":"https:\/\/zapateneo.net\/wordpress\/index.php\/wp-json\/wp\/v2\/product_cat?post=12620"},{"taxonomy":"product_tag","embeddable":true,"href":"https:\/\/zapateneo.net\/wordpress\/index.php\/wp-json\/wp\/v2\/product_tag?post=12620"}],"curies":[{"name":"wp","href":"https:\/\/api.w.org\/{rel}","templated":true}]}}