{"id":12614,"date":"2023-04-09T09:26:47","date_gmt":"2023-04-09T08:26:47","guid":{"rendered":"https:\/\/zapateneo.net\/wordpress\/?post_type=product&#038;p=12614"},"modified":"2023-04-09T09:26:58","modified_gmt":"2023-04-09T08:26:58","slug":"corriente-calida-otono-2022-acumulad-toda-esperanza","status":"publish","type":"product","link":"https:\/\/zapateneo.net\/wordpress\/index.php\/producto\/corriente-calida-otono-2022-acumulad-toda-esperanza\/","title":{"rendered":"CORRIENTE C\u00c1LIDA (Oto\u00f1o 2022) Acumulad toda esperanza"},"content":{"rendered":"<p>La crisis ecol\u00f3gica, en sus multiples variantes (crisis clim\u00e1tica, de biodiversidad, de poluci\u00f3n, de desigualdad, sanotaria, energ\u00e9tica), se est\u00e1 precipitando con tal urgencia que todo parece depender de una apuesta. Para afrontarla contamos con toda la informaci\u00f3n, todo el conocimiento acumulado durante d\u00e9cadas, todos los datos que nos avisan de una tendencia social, econ\u00f3mica y pol\u00edtica de resultados clim\u00e1ticas catastr\u00f3ficos, abrumadores y dif\u00edcilmente asimilables.<\/p>\n<p>En todo ello se halla una parte fundamental de la verdad de lo que podremos y no podremos hacer en los momentos decisivos. Pero ah\u00ed no est\u00e1 toda la verdad. En esta primera publicaci\u00f3n de Corriente C\u00e1lida ponemos sobre mesa nuestra parte de esa apuesta: nuestra imaginaci\u00f3n pol\u00edtica est\u00e1 tan erosidana como las ideas que hemos heredado de las generaciones que nos preceden; necesitamos, por tanto echar le\u00f1a al fuego de nuestras pasiones compartidas, de nuestros deseos de futuros m\u00e1s rec\u00f3nditos.<\/p>\n<p>Los textos y entrevistas que componen Acumulad toda esperanza se acercan de manera cr\u00edtica a las visiones catastrofistas que dominan nuestra vida y nuestras conversaciones para proponer que el porvenir, para bien o para mal, a\u00fan no est\u00e1 escrito y que el momento ya est\u00e1 aqu\u00ed, es ahora.<\/p>\n<p>Art\u00edculos de: Emilio Santiago, Jaimen Vindel y C\u00e9sar Rendueles, Guillermo Zapata, Richard Seymour, Yayo Herrero, Rojo del Arco\u00edris, Astra Taylor y Sunaura Taylor, Blanca Garc\u00eda, Layla Mart\u00ednez, Catherine Keller, Pedro Toro.<\/p>\n","protected":false},"excerpt":{"rendered":"<p><strong>vvaa<\/strong><br \/>\n9788412520446 &#8211; Levanta fuego &#8211; 2022 &#8211; 148 p\u00e1ginas \/orri.<\/p>\n","protected":false},"featured_media":12633,"template":"","meta":[],"product_brand":[],"product_cat":[180,16],"product_tag":[5510],"class_list":{"0":"post-12614","1":"product","2":"type-product","3":"status-publish","4":"has-post-thumbnail","6":"product_cat-ekologia-ecologia","7":"product_cat-libros","8":"product_tag-levanta-fuego","10":"first","11":"instock","12":"sold-individually","13":"shipping-taxable","14":"purchasable","15":"product-type-simple"},"yoast_head":"<!-- This site is optimized with the Yoast SEO plugin v27.3 - https:\/\/yoast.com\/product\/yoast-seo-wordpress\/ -->\n<title>CORRIENTE C\u00c1LIDA (Oto\u00f1o 2022) Acumulad toda esperanza &#8212; Zapateneo<\/title>\n<meta name=\"robots\" content=\"index, follow, max-snippet:-1, max-image-preview:large, max-video-preview:-1\" \/>\n<link rel=\"canonical\" href=\"https:\/\/zapateneo.net\/wordpress\/index.php\/producto\/corriente-calida-otono-2022-acumulad-toda-esperanza\/\" \/>\n<meta property=\"og:locale\" content=\"es_ES\" \/>\n<meta property=\"og:type\" content=\"article\" \/>\n<meta property=\"og:title\" content=\"CORRIENTE C\u00c1LIDA (Oto\u00f1o 2022) Acumulad toda esperanza &#8212; Zapateneo\" \/>\n<meta property=\"og:description\" content=\"vvaa 9788412520446 - Levanta fuego - 2022 - 148 p\u00e1ginas \/orri.\" \/>\n<meta property=\"og:url\" content=\"https:\/\/zapateneo.net\/wordpress\/index.php\/producto\/corriente-calida-otono-2022-acumulad-toda-esperanza\/\" \/>\n<meta property=\"og:site_name\" content=\"Zapateneo\" \/>\n<meta property=\"article:modified_time\" content=\"2023-04-09T08:26:58+00:00\" \/>\n<meta name=\"twitter:card\" content=\"summary_large_image\" \/>\n<meta name=\"twitter:site\" content=\"@zapateneo\" \/>\n<meta name=\"twitter:label1\" content=\"Tiempo de lectura\" \/>\n\t<meta name=\"twitter:data1\" content=\"1 minuto\" \/>\n<script type=\"application\/ld+json\" class=\"yoast-schema-graph\">{\"@context\":\"https:\\\/\\\/schema.org\",\"@graph\":[{\"@type\":\"WebPage\",\"@id\":\"https:\\\/\\\/zapateneo.net\\\/wordpress\\\/index.php\\\/producto\\\/corriente-calida-otono-2022-acumulad-toda-esperanza\\\/\",\"url\":\"https:\\\/\\\/zapateneo.net\\\/wordpress\\\/index.php\\\/producto\\\/corriente-calida-otono-2022-acumulad-toda-esperanza\\\/\",\"name\":\"CORRIENTE C\u00c1LIDA (Oto\u00f1o 2022) Acumulad toda esperanza &#8212; Zapateneo\",\"isPartOf\":{\"@id\":\"https:\\\/\\\/zapateneo.net\\\/wordpress\\\/#website\"},\"primaryImageOfPage\":{\"@id\":\"https:\\\/\\\/zapateneo.net\\\/wordpress\\\/index.php\\\/producto\\\/corriente-calida-otono-2022-acumulad-toda-esperanza\\\/#primaryimage\"},\"image\":{\"@id\":\"https:\\\/\\\/zapateneo.net\\\/wordpress\\\/index.php\\\/producto\\\/corriente-calida-otono-2022-acumulad-toda-esperanza\\\/#primaryimage\"},\"thumbnailUrl\":\"https:\\\/\\\/zapateneo.net\\\/wordpress\\\/wp-content\\\/uploads\\\/2023\\\/04\\\/corriente-calida-otono-2022-9788412520446.jpg\",\"datePublished\":\"2023-04-09T08:26:47+00:00\",\"dateModified\":\"2023-04-09T08:26:58+00:00\",\"breadcrumb\":{\"@id\":\"https:\\\/\\\/zapateneo.net\\\/wordpress\\\/index.php\\\/producto\\\/corriente-calida-otono-2022-acumulad-toda-esperanza\\\/#breadcrumb\"},\"inLanguage\":\"es\",\"potentialAction\":[{\"@type\":\"ReadAction\",\"target\":[\"https:\\\/\\\/zapateneo.net\\\/wordpress\\\/index.php\\\/producto\\\/corriente-calida-otono-2022-acumulad-toda-esperanza\\\/\"]}]},{\"@type\":\"ImageObject\",\"inLanguage\":\"es\",\"@id\":\"https:\\\/\\\/zapateneo.net\\\/wordpress\\\/index.php\\\/producto\\\/corriente-calida-otono-2022-acumulad-toda-esperanza\\\/#primaryimage\",\"url\":\"https:\\\/\\\/zapateneo.net\\\/wordpress\\\/wp-content\\\/uploads\\\/2023\\\/04\\\/corriente-calida-otono-2022-9788412520446.jpg\",\"contentUrl\":\"https:\\\/\\\/zapateneo.net\\\/wordpress\\\/wp-content\\\/uploads\\\/2023\\\/04\\\/corriente-calida-otono-2022-9788412520446.jpg\",\"width\":259,\"height\":400},{\"@type\":\"BreadcrumbList\",\"@id\":\"https:\\\/\\\/zapateneo.net\\\/wordpress\\\/index.php\\\/producto\\\/corriente-calida-otono-2022-acumulad-toda-esperanza\\\/#breadcrumb\",\"itemListElement\":[{\"@type\":\"ListItem\",\"position\":1,\"name\":\"Portada\",\"item\":\"https:\\\/\\\/zapateneo.net\\\/wordpress\\\/\"},{\"@type\":\"ListItem\",\"position\":2,\"name\":\"Tienda\",\"item\":\"https:\\\/\\\/zapateneo.net\\\/wordpress\\\/\"},{\"@type\":\"ListItem\",\"position\":3,\"name\":\"CORRIENTE C\u00c1LIDA (Oto\u00f1o 2022) Acumulad toda esperanza\"}]},{\"@type\":\"WebSite\",\"@id\":\"https:\\\/\\\/zapateneo.net\\\/wordpress\\\/#website\",\"url\":\"https:\\\/\\\/zapateneo.net\\\/wordpress\\\/\",\"name\":\"Zapateneo\",\"description\":\"Zapateneoaren webgunea\",\"publisher\":{\"@id\":\"https:\\\/\\\/zapateneo.net\\\/wordpress\\\/#organization\"},\"potentialAction\":[{\"@type\":\"SearchAction\",\"target\":{\"@type\":\"EntryPoint\",\"urlTemplate\":\"https:\\\/\\\/zapateneo.net\\\/wordpress\\\/?s={search_term_string}\"},\"query-input\":{\"@type\":\"PropertyValueSpecification\",\"valueRequired\":true,\"valueName\":\"search_term_string\"}}],\"inLanguage\":\"es\"},{\"@type\":\"Organization\",\"@id\":\"https:\\\/\\\/zapateneo.net\\\/wordpress\\\/#organization\",\"name\":\"Zapateneo Kultur Elkartea\",\"url\":\"https:\\\/\\\/zapateneo.net\\\/wordpress\\\/\",\"logo\":{\"@type\":\"ImageObject\",\"inLanguage\":\"es\",\"@id\":\"https:\\\/\\\/zapateneo.net\\\/wordpress\\\/#\\\/schema\\\/logo\\\/image\\\/\",\"url\":\"https:\\\/\\\/zapateneo.net\\\/wordpress\\\/wp-content\\\/uploads\\\/2021\\\/04\\\/zap-libu-kolec.jpg\",\"contentUrl\":\"https:\\\/\\\/zapateneo.net\\\/wordpress\\\/wp-content\\\/uploads\\\/2021\\\/04\\\/zap-libu-kolec.jpg\",\"width\":2234,\"height\":398,\"caption\":\"Zapateneo Kultur Elkartea\"},\"image\":{\"@id\":\"https:\\\/\\\/zapateneo.net\\\/wordpress\\\/#\\\/schema\\\/logo\\\/image\\\/\"},\"sameAs\":[\"https:\\\/\\\/x.com\\\/zapateneo\"]}]}<\/script>\n<!-- \/ Yoast SEO plugin. -->","yoast_head_json":{"title":"CORRIENTE C\u00c1LIDA (Oto\u00f1o 2022) Acumulad toda esperanza &#8212; Zapateneo","robots":{"index":"index","follow":"follow","max-snippet":"max-snippet:-1","max-image-preview":"max-image-preview:large","max-video-preview":"max-video-preview:-1"},"canonical":"https:\/\/zapateneo.net\/wordpress\/index.php\/producto\/corriente-calida-otono-2022-acumulad-toda-esperanza\/","og_locale":"es_ES","og_type":"article","og_title":"CORRIENTE C\u00c1LIDA (Oto\u00f1o 2022) Acumulad toda esperanza &#8212; Zapateneo","og_description":"vvaa 9788412520446 - Levanta fuego - 2022 - 148 p\u00e1ginas \/orri.","og_url":"https:\/\/zapateneo.net\/wordpress\/index.php\/producto\/corriente-calida-otono-2022-acumulad-toda-esperanza\/","og_site_name":"Zapateneo","article_modified_time":"2023-04-09T08:26:58+00:00","twitter_card":"summary_large_image","twitter_site":"@zapateneo","twitter_misc":{"Tiempo de lectura":"1 minuto"},"schema":{"@context":"https:\/\/schema.org","@graph":[{"@type":"WebPage","@id":"https:\/\/zapateneo.net\/wordpress\/index.php\/producto\/corriente-calida-otono-2022-acumulad-toda-esperanza\/","url":"https:\/\/zapateneo.net\/wordpress\/index.php\/producto\/corriente-calida-otono-2022-acumulad-toda-esperanza\/","name":"CORRIENTE C\u00c1LIDA (Oto\u00f1o 2022) Acumulad toda esperanza &#8212; Zapateneo","isPartOf":{"@id":"https:\/\/zapateneo.net\/wordpress\/#website"},"primaryImageOfPage":{"@id":"https:\/\/zapateneo.net\/wordpress\/index.php\/producto\/corriente-calida-otono-2022-acumulad-toda-esperanza\/#primaryimage"},"image":{"@id":"https:\/\/zapateneo.net\/wordpress\/index.php\/producto\/corriente-calida-otono-2022-acumulad-toda-esperanza\/#primaryimage"},"thumbnailUrl":"https:\/\/zapateneo.net\/wordpress\/wp-content\/uploads\/2023\/04\/corriente-calida-otono-2022-9788412520446.jpg","datePublished":"2023-04-09T08:26:47+00:00","dateModified":"2023-04-09T08:26:58+00:00","breadcrumb":{"@id":"https:\/\/zapateneo.net\/wordpress\/index.php\/producto\/corriente-calida-otono-2022-acumulad-toda-esperanza\/#breadcrumb"},"inLanguage":"es","potentialAction":[{"@type":"ReadAction","target":["https:\/\/zapateneo.net\/wordpress\/index.php\/producto\/corriente-calida-otono-2022-acumulad-toda-esperanza\/"]}]},{"@type":"ImageObject","inLanguage":"es","@id":"https:\/\/zapateneo.net\/wordpress\/index.php\/producto\/corriente-calida-otono-2022-acumulad-toda-esperanza\/#primaryimage","url":"https:\/\/zapateneo.net\/wordpress\/wp-content\/uploads\/2023\/04\/corriente-calida-otono-2022-9788412520446.jpg","contentUrl":"https:\/\/zapateneo.net\/wordpress\/wp-content\/uploads\/2023\/04\/corriente-calida-otono-2022-9788412520446.jpg","width":259,"height":400},{"@type":"BreadcrumbList","@id":"https:\/\/zapateneo.net\/wordpress\/index.php\/producto\/corriente-calida-otono-2022-acumulad-toda-esperanza\/#breadcrumb","itemListElement":[{"@type":"ListItem","position":1,"name":"Portada","item":"https:\/\/zapateneo.net\/wordpress\/"},{"@type":"ListItem","position":2,"name":"Tienda","item":"https:\/\/zapateneo.net\/wordpress\/"},{"@type":"ListItem","position":3,"name":"CORRIENTE C\u00c1LIDA (Oto\u00f1o 2022) Acumulad toda esperanza"}]},{"@type":"WebSite","@id":"https:\/\/zapateneo.net\/wordpress\/#website","url":"https:\/\/zapateneo.net\/wordpress\/","name":"Zapateneo","description":"Zapateneoaren webgunea","publisher":{"@id":"https:\/\/zapateneo.net\/wordpress\/#organization"},"potentialAction":[{"@type":"SearchAction","target":{"@type":"EntryPoint","urlTemplate":"https:\/\/zapateneo.net\/wordpress\/?s={search_term_string}"},"query-input":{"@type":"PropertyValueSpecification","valueRequired":true,"valueName":"search_term_string"}}],"inLanguage":"es"},{"@type":"Organization","@id":"https:\/\/zapateneo.net\/wordpress\/#organization","name":"Zapateneo Kultur Elkartea","url":"https:\/\/zapateneo.net\/wordpress\/","logo":{"@type":"ImageObject","inLanguage":"es","@id":"https:\/\/zapateneo.net\/wordpress\/#\/schema\/logo\/image\/","url":"https:\/\/zapateneo.net\/wordpress\/wp-content\/uploads\/2021\/04\/zap-libu-kolec.jpg","contentUrl":"https:\/\/zapateneo.net\/wordpress\/wp-content\/uploads\/2021\/04\/zap-libu-kolec.jpg","width":2234,"height":398,"caption":"Zapateneo Kultur Elkartea"},"image":{"@id":"https:\/\/zapateneo.net\/wordpress\/#\/schema\/logo\/image\/"},"sameAs":["https:\/\/x.com\/zapateneo"]}]}},"_links":{"self":[{"href":"https:\/\/zapateneo.net\/wordpress\/index.php\/wp-json\/wp\/v2\/product\/12614","targetHints":{"allow":["GET"]}}],"collection":[{"href":"https:\/\/zapateneo.net\/wordpress\/index.php\/wp-json\/wp\/v2\/product"}],"about":[{"href":"https:\/\/zapateneo.net\/wordpress\/index.php\/wp-json\/wp\/v2\/types\/product"}],"wp:featuredmedia":[{"embeddable":true,"href":"https:\/\/zapateneo.net\/wordpress\/index.php\/wp-json\/wp\/v2\/media\/12633"}],"wp:attachment":[{"href":"https:\/\/zapateneo.net\/wordpress\/index.php\/wp-json\/wp\/v2\/media?parent=12614"}],"wp:term":[{"taxonomy":"product_brand","embeddable":true,"href":"https:\/\/zapateneo.net\/wordpress\/index.php\/wp-json\/wp\/v2\/product_brand?post=12614"},{"taxonomy":"product_cat","embeddable":true,"href":"https:\/\/zapateneo.net\/wordpress\/index.php\/wp-json\/wp\/v2\/product_cat?post=12614"},{"taxonomy":"product_tag","embeddable":true,"href":"https:\/\/zapateneo.net\/wordpress\/index.php\/wp-json\/wp\/v2\/product_tag?post=12614"}],"curies":[{"name":"wp","href":"https:\/\/api.w.org\/{rel}","templated":true}]}}