{"id":12612,"date":"2023-04-09T09:26:47","date_gmt":"2023-04-09T08:26:47","guid":{"rendered":"https:\/\/zapateneo.net\/wordpress\/?post_type=product&#038;p=12612"},"modified":"2023-04-09T09:26:56","modified_gmt":"2023-04-09T08:26:56","slug":"matar-a-la-bestia-historia-secreta-de-la-guerra-civil","status":"publish","type":"product","link":"https:\/\/zapateneo.net\/wordpress\/index.php\/producto\/matar-a-la-bestia-historia-secreta-de-la-guerra-civil\/","title":{"rendered":"MATAR A LA BESTIA Historia secreta de la Guerra Civil"},"content":{"rendered":"<p>Matar a la bestia. Historia secreta de la Guerra Civil es la guerra que jam\u00e1s te contaron, una en donde las grandes historias dan paso a aquellas otras protagonizadas por los sin nombre. Singulares, extraordinarias y, en gran medida, desconocidas, que reflejan la movilizaci\u00f3n total y la generosidad.<\/p>\n<p>Batallones de la Muerte \u2014anarquistas con huesos y calaveras y hasta cuchillos, imitando a los arditi italianos\u2014 o Legionarios de la Muerte que marcharon contra los otros, los preparad\u00edsimos legionarios del \u00ab\u00a1Viva la muerte!\u00bb. En los primeros meses de guerra, la llamada a las armas fue pr\u00e1cticamente total. Jinetes armados, trenes de \u00abagitaci\u00f3n\u00bb, blindados caseros, gudaris, dinamiteras, dirigibles ardiendo en la Casa de Campo, milicias de mujeres e incluso empleadas de una perfumer\u00eda empu\u00f1aron las armas y se pusieron el ya famoso mono de obrero. No hubo sector que no crease su particular imaginario antifascista: matarifes, peluqueros o toreros, entre muchos otros, crearon sus propios grupos armados, sin experiencia militar previa, mientras los cabarets sical\u00edpticos segu\u00edan abiertos a pesar de los bombardeos y la moralina republicana. Pod\u00edas ir al cine Durruti y pasear por la avenida de Rusia o la calle Mateo Morral. Contra tropas africanas, italianas o alemanas, armas caseras, arte surgido entre los escombros, revistas de agitaci\u00f3n, Escuelas de Ch\u00f3feres de Mujeres Libres, \u00abbrujas\u00bb y ciclistas antifascistas.<\/p>\n<p>Todo eso est\u00e1 en este libro, una gran antolog\u00eda ilustrada, guerrera y emocionante de Agente Provocador, que es deliberadamente parcial: recoge solamente la memoria de los nuestros, esa que hay que cuidar y preservar para precisamente no olvidar. As\u00ed es: no olvidarlos a ellos y ellas, h\u00e9roes y hero\u00ednas casi siempre an\u00f3nimos que sufrieron un golpismo b\u00e1rbaro dirigido contra el mismo pueblo, con su consiguiente guerra, y que los marc\u00f3 \u2014y, de paso, tambi\u00e9n a nosotros, depositarios de una memoria fr\u00e1gil\u2014 y envi\u00f3 al exilio o bien acabaron en cunetas aun hoy sin exhumar.<\/p>\n","protected":false},"excerpt":{"rendered":"<p><strong>vvaa<\/strong><br \/>\n9788412466959 &#8211; La Felguera &#8211; 2022 &#8211; 484 p\u00e1ginas \/orri.<\/p>\n","protected":false},"featured_media":12631,"template":"","meta":[],"product_brand":[],"product_cat":[185,16],"product_tag":[582],"class_list":{"0":"post-12612","1":"product","2":"type-product","3":"status-publish","4":"has-post-thumbnail","6":"product_cat-historia","7":"product_cat-libros","8":"product_tag-la-felguera","10":"first","11":"instock","12":"sold-individually","13":"shipping-taxable","14":"purchasable","15":"product-type-simple"},"yoast_head":"<!-- This site is optimized with the Yoast SEO plugin v27.3 - https:\/\/yoast.com\/product\/yoast-seo-wordpress\/ -->\n<title>MATAR A LA BESTIA Historia secreta de la Guerra Civil &#8212; Zapateneo<\/title>\n<meta name=\"robots\" content=\"index, follow, max-snippet:-1, max-image-preview:large, max-video-preview:-1\" \/>\n<link rel=\"canonical\" href=\"https:\/\/zapateneo.net\/wordpress\/index.php\/producto\/matar-a-la-bestia-historia-secreta-de-la-guerra-civil\/\" \/>\n<meta property=\"og:locale\" content=\"es_ES\" \/>\n<meta property=\"og:type\" content=\"article\" \/>\n<meta property=\"og:title\" content=\"MATAR A LA BESTIA Historia secreta de la Guerra Civil &#8212; Zapateneo\" \/>\n<meta property=\"og:description\" content=\"vvaa 9788412466959 - La Felguera - 2022 - 484 p\u00e1ginas \/orri.\" \/>\n<meta property=\"og:url\" content=\"https:\/\/zapateneo.net\/wordpress\/index.php\/producto\/matar-a-la-bestia-historia-secreta-de-la-guerra-civil\/\" \/>\n<meta property=\"og:site_name\" content=\"Zapateneo\" \/>\n<meta property=\"article:modified_time\" content=\"2023-04-09T08:26:56+00:00\" \/>\n<meta name=\"twitter:card\" content=\"summary_large_image\" \/>\n<meta name=\"twitter:site\" content=\"@zapateneo\" \/>\n<meta name=\"twitter:label1\" content=\"Tiempo de lectura\" \/>\n\t<meta name=\"twitter:data1\" content=\"2 minutos\" \/>\n<script type=\"application\/ld+json\" class=\"yoast-schema-graph\">{\"@context\":\"https:\\\/\\\/schema.org\",\"@graph\":[{\"@type\":\"WebPage\",\"@id\":\"https:\\\/\\\/zapateneo.net\\\/wordpress\\\/index.php\\\/producto\\\/matar-a-la-bestia-historia-secreta-de-la-guerra-civil\\\/\",\"url\":\"https:\\\/\\\/zapateneo.net\\\/wordpress\\\/index.php\\\/producto\\\/matar-a-la-bestia-historia-secreta-de-la-guerra-civil\\\/\",\"name\":\"MATAR A LA BESTIA Historia secreta de la Guerra Civil &#8212; Zapateneo\",\"isPartOf\":{\"@id\":\"https:\\\/\\\/zapateneo.net\\\/wordpress\\\/#website\"},\"primaryImageOfPage\":{\"@id\":\"https:\\\/\\\/zapateneo.net\\\/wordpress\\\/index.php\\\/producto\\\/matar-a-la-bestia-historia-secreta-de-la-guerra-civil\\\/#primaryimage\"},\"image\":{\"@id\":\"https:\\\/\\\/zapateneo.net\\\/wordpress\\\/index.php\\\/producto\\\/matar-a-la-bestia-historia-secreta-de-la-guerra-civil\\\/#primaryimage\"},\"thumbnailUrl\":\"https:\\\/\\\/zapateneo.net\\\/wordpress\\\/wp-content\\\/uploads\\\/2023\\\/04\\\/matar-a-la-bestia-9788412466959.jpg\",\"datePublished\":\"2023-04-09T08:26:47+00:00\",\"dateModified\":\"2023-04-09T08:26:56+00:00\",\"breadcrumb\":{\"@id\":\"https:\\\/\\\/zapateneo.net\\\/wordpress\\\/index.php\\\/producto\\\/matar-a-la-bestia-historia-secreta-de-la-guerra-civil\\\/#breadcrumb\"},\"inLanguage\":\"es\",\"potentialAction\":[{\"@type\":\"ReadAction\",\"target\":[\"https:\\\/\\\/zapateneo.net\\\/wordpress\\\/index.php\\\/producto\\\/matar-a-la-bestia-historia-secreta-de-la-guerra-civil\\\/\"]}]},{\"@type\":\"ImageObject\",\"inLanguage\":\"es\",\"@id\":\"https:\\\/\\\/zapateneo.net\\\/wordpress\\\/index.php\\\/producto\\\/matar-a-la-bestia-historia-secreta-de-la-guerra-civil\\\/#primaryimage\",\"url\":\"https:\\\/\\\/zapateneo.net\\\/wordpress\\\/wp-content\\\/uploads\\\/2023\\\/04\\\/matar-a-la-bestia-9788412466959.jpg\",\"contentUrl\":\"https:\\\/\\\/zapateneo.net\\\/wordpress\\\/wp-content\\\/uploads\\\/2023\\\/04\\\/matar-a-la-bestia-9788412466959.jpg\",\"width\":285,\"height\":400},{\"@type\":\"BreadcrumbList\",\"@id\":\"https:\\\/\\\/zapateneo.net\\\/wordpress\\\/index.php\\\/producto\\\/matar-a-la-bestia-historia-secreta-de-la-guerra-civil\\\/#breadcrumb\",\"itemListElement\":[{\"@type\":\"ListItem\",\"position\":1,\"name\":\"Portada\",\"item\":\"https:\\\/\\\/zapateneo.net\\\/wordpress\\\/\"},{\"@type\":\"ListItem\",\"position\":2,\"name\":\"Tienda\",\"item\":\"https:\\\/\\\/zapateneo.net\\\/wordpress\\\/\"},{\"@type\":\"ListItem\",\"position\":3,\"name\":\"MATAR A LA BESTIA Historia secreta de la Guerra Civil\"}]},{\"@type\":\"WebSite\",\"@id\":\"https:\\\/\\\/zapateneo.net\\\/wordpress\\\/#website\",\"url\":\"https:\\\/\\\/zapateneo.net\\\/wordpress\\\/\",\"name\":\"Zapateneo\",\"description\":\"Zapateneoaren webgunea\",\"publisher\":{\"@id\":\"https:\\\/\\\/zapateneo.net\\\/wordpress\\\/#organization\"},\"potentialAction\":[{\"@type\":\"SearchAction\",\"target\":{\"@type\":\"EntryPoint\",\"urlTemplate\":\"https:\\\/\\\/zapateneo.net\\\/wordpress\\\/?s={search_term_string}\"},\"query-input\":{\"@type\":\"PropertyValueSpecification\",\"valueRequired\":true,\"valueName\":\"search_term_string\"}}],\"inLanguage\":\"es\"},{\"@type\":\"Organization\",\"@id\":\"https:\\\/\\\/zapateneo.net\\\/wordpress\\\/#organization\",\"name\":\"Zapateneo Kultur Elkartea\",\"url\":\"https:\\\/\\\/zapateneo.net\\\/wordpress\\\/\",\"logo\":{\"@type\":\"ImageObject\",\"inLanguage\":\"es\",\"@id\":\"https:\\\/\\\/zapateneo.net\\\/wordpress\\\/#\\\/schema\\\/logo\\\/image\\\/\",\"url\":\"https:\\\/\\\/zapateneo.net\\\/wordpress\\\/wp-content\\\/uploads\\\/2021\\\/04\\\/zap-libu-kolec.jpg\",\"contentUrl\":\"https:\\\/\\\/zapateneo.net\\\/wordpress\\\/wp-content\\\/uploads\\\/2021\\\/04\\\/zap-libu-kolec.jpg\",\"width\":2234,\"height\":398,\"caption\":\"Zapateneo Kultur Elkartea\"},\"image\":{\"@id\":\"https:\\\/\\\/zapateneo.net\\\/wordpress\\\/#\\\/schema\\\/logo\\\/image\\\/\"},\"sameAs\":[\"https:\\\/\\\/x.com\\\/zapateneo\"]}]}<\/script>\n<!-- \/ Yoast SEO plugin. -->","yoast_head_json":{"title":"MATAR A LA BESTIA Historia secreta de la Guerra Civil &#8212; Zapateneo","robots":{"index":"index","follow":"follow","max-snippet":"max-snippet:-1","max-image-preview":"max-image-preview:large","max-video-preview":"max-video-preview:-1"},"canonical":"https:\/\/zapateneo.net\/wordpress\/index.php\/producto\/matar-a-la-bestia-historia-secreta-de-la-guerra-civil\/","og_locale":"es_ES","og_type":"article","og_title":"MATAR A LA BESTIA Historia secreta de la Guerra Civil &#8212; Zapateneo","og_description":"vvaa 9788412466959 - La Felguera - 2022 - 484 p\u00e1ginas \/orri.","og_url":"https:\/\/zapateneo.net\/wordpress\/index.php\/producto\/matar-a-la-bestia-historia-secreta-de-la-guerra-civil\/","og_site_name":"Zapateneo","article_modified_time":"2023-04-09T08:26:56+00:00","twitter_card":"summary_large_image","twitter_site":"@zapateneo","twitter_misc":{"Tiempo de lectura":"2 minutos"},"schema":{"@context":"https:\/\/schema.org","@graph":[{"@type":"WebPage","@id":"https:\/\/zapateneo.net\/wordpress\/index.php\/producto\/matar-a-la-bestia-historia-secreta-de-la-guerra-civil\/","url":"https:\/\/zapateneo.net\/wordpress\/index.php\/producto\/matar-a-la-bestia-historia-secreta-de-la-guerra-civil\/","name":"MATAR A LA BESTIA Historia secreta de la Guerra Civil &#8212; Zapateneo","isPartOf":{"@id":"https:\/\/zapateneo.net\/wordpress\/#website"},"primaryImageOfPage":{"@id":"https:\/\/zapateneo.net\/wordpress\/index.php\/producto\/matar-a-la-bestia-historia-secreta-de-la-guerra-civil\/#primaryimage"},"image":{"@id":"https:\/\/zapateneo.net\/wordpress\/index.php\/producto\/matar-a-la-bestia-historia-secreta-de-la-guerra-civil\/#primaryimage"},"thumbnailUrl":"https:\/\/zapateneo.net\/wordpress\/wp-content\/uploads\/2023\/04\/matar-a-la-bestia-9788412466959.jpg","datePublished":"2023-04-09T08:26:47+00:00","dateModified":"2023-04-09T08:26:56+00:00","breadcrumb":{"@id":"https:\/\/zapateneo.net\/wordpress\/index.php\/producto\/matar-a-la-bestia-historia-secreta-de-la-guerra-civil\/#breadcrumb"},"inLanguage":"es","potentialAction":[{"@type":"ReadAction","target":["https:\/\/zapateneo.net\/wordpress\/index.php\/producto\/matar-a-la-bestia-historia-secreta-de-la-guerra-civil\/"]}]},{"@type":"ImageObject","inLanguage":"es","@id":"https:\/\/zapateneo.net\/wordpress\/index.php\/producto\/matar-a-la-bestia-historia-secreta-de-la-guerra-civil\/#primaryimage","url":"https:\/\/zapateneo.net\/wordpress\/wp-content\/uploads\/2023\/04\/matar-a-la-bestia-9788412466959.jpg","contentUrl":"https:\/\/zapateneo.net\/wordpress\/wp-content\/uploads\/2023\/04\/matar-a-la-bestia-9788412466959.jpg","width":285,"height":400},{"@type":"BreadcrumbList","@id":"https:\/\/zapateneo.net\/wordpress\/index.php\/producto\/matar-a-la-bestia-historia-secreta-de-la-guerra-civil\/#breadcrumb","itemListElement":[{"@type":"ListItem","position":1,"name":"Portada","item":"https:\/\/zapateneo.net\/wordpress\/"},{"@type":"ListItem","position":2,"name":"Tienda","item":"https:\/\/zapateneo.net\/wordpress\/"},{"@type":"ListItem","position":3,"name":"MATAR A LA BESTIA Historia secreta de la Guerra Civil"}]},{"@type":"WebSite","@id":"https:\/\/zapateneo.net\/wordpress\/#website","url":"https:\/\/zapateneo.net\/wordpress\/","name":"Zapateneo","description":"Zapateneoaren webgunea","publisher":{"@id":"https:\/\/zapateneo.net\/wordpress\/#organization"},"potentialAction":[{"@type":"SearchAction","target":{"@type":"EntryPoint","urlTemplate":"https:\/\/zapateneo.net\/wordpress\/?s={search_term_string}"},"query-input":{"@type":"PropertyValueSpecification","valueRequired":true,"valueName":"search_term_string"}}],"inLanguage":"es"},{"@type":"Organization","@id":"https:\/\/zapateneo.net\/wordpress\/#organization","name":"Zapateneo Kultur Elkartea","url":"https:\/\/zapateneo.net\/wordpress\/","logo":{"@type":"ImageObject","inLanguage":"es","@id":"https:\/\/zapateneo.net\/wordpress\/#\/schema\/logo\/image\/","url":"https:\/\/zapateneo.net\/wordpress\/wp-content\/uploads\/2021\/04\/zap-libu-kolec.jpg","contentUrl":"https:\/\/zapateneo.net\/wordpress\/wp-content\/uploads\/2021\/04\/zap-libu-kolec.jpg","width":2234,"height":398,"caption":"Zapateneo Kultur Elkartea"},"image":{"@id":"https:\/\/zapateneo.net\/wordpress\/#\/schema\/logo\/image\/"},"sameAs":["https:\/\/x.com\/zapateneo"]}]}},"_links":{"self":[{"href":"https:\/\/zapateneo.net\/wordpress\/index.php\/wp-json\/wp\/v2\/product\/12612","targetHints":{"allow":["GET"]}}],"collection":[{"href":"https:\/\/zapateneo.net\/wordpress\/index.php\/wp-json\/wp\/v2\/product"}],"about":[{"href":"https:\/\/zapateneo.net\/wordpress\/index.php\/wp-json\/wp\/v2\/types\/product"}],"wp:featuredmedia":[{"embeddable":true,"href":"https:\/\/zapateneo.net\/wordpress\/index.php\/wp-json\/wp\/v2\/media\/12631"}],"wp:attachment":[{"href":"https:\/\/zapateneo.net\/wordpress\/index.php\/wp-json\/wp\/v2\/media?parent=12612"}],"wp:term":[{"taxonomy":"product_brand","embeddable":true,"href":"https:\/\/zapateneo.net\/wordpress\/index.php\/wp-json\/wp\/v2\/product_brand?post=12612"},{"taxonomy":"product_cat","embeddable":true,"href":"https:\/\/zapateneo.net\/wordpress\/index.php\/wp-json\/wp\/v2\/product_cat?post=12612"},{"taxonomy":"product_tag","embeddable":true,"href":"https:\/\/zapateneo.net\/wordpress\/index.php\/wp-json\/wp\/v2\/product_tag?post=12612"}],"curies":[{"name":"wp","href":"https:\/\/api.w.org\/{rel}","templated":true}]}}