{"id":12610,"date":"2023-04-09T09:26:46","date_gmt":"2023-04-09T08:26:46","guid":{"rendered":"https:\/\/zapateneo.net\/wordpress\/?post_type=product&#038;p=12610"},"modified":"2023-04-09T09:26:55","modified_gmt":"2023-04-09T08:26:55","slug":"mujeres-y-diosas-en-el-mediterraneo-antiguo","status":"publish","type":"product","link":"https:\/\/zapateneo.net\/wordpress\/index.php\/producto\/mujeres-y-diosas-en-el-mediterraneo-antiguo\/","title":{"rendered":"MUJERES Y DIOSAS EN EL MEDITERR\u00c1NEO ANTIGUO"},"content":{"rendered":"<p>El Mediterr\u00e1neo puede concebirse como una antigua encrucijada de encuentros entre pueblos y culturas, como un dep\u00f3sito de historias, un lugar de descubrimientos, violencia y maravillas, donde las mujeres no est\u00e1n excluidas, sino presentes y con voz propia.<\/p>\n<p>Ya sean diosas o reinas, esclavas o prostitutas, la tradici\u00f3n nos ha dejado im\u00e1genes de hero\u00ednas que viajan por el mar y viven historias intensas, a menudo amorosas, mujeres deseadas por dioses y hombres, v\u00edctimas de secuestros y abusos. Nadando o montadas a lomos de animales, huyen por las aguas, perseguidas, violadas, pero tambi\u00e9n a veces protegidas y defendidas. Tienen un destino azaroso, como el de Io o Europa, progenitoras de ilustres descendientes. O se ven obligadas a subir a una embarcaci\u00f3n (un barco, una lancha, un cofre) y se enfrentan a un destino cargado de riesgos e inc\u00f3gnitas.<\/p>\n<p>Un viaje al mito, a la religi\u00f3n, a las creencias, pero tambi\u00e9n a la realidad cotidiana, entre lugares que nos son conocidos o que a\u00fan hoy siguen siendo misteriosos.<\/p>\n<p>Paola Angeli Bernardini Helenista italiana nacida en 1942. Es profesora em\u00e9rita de la Universidad de Urbino, donde ense\u00f1aba literatura griega. Ha publicado varios libros sobre temas como la ciudad de Argos, el deporte y la guerra en la Grecia antigua.<\/p>\n","protected":false},"excerpt":{"rendered":"<p><strong>Paola Angeli Bernardini<\/strong><br \/>\n9788418403613 &#8211; Melusina &#8211; 2022 &#8211; 210 p\u00e1ginas \/orri.<\/p>\n","protected":false},"featured_media":12629,"template":"","meta":[],"product_brand":[],"product_cat":[185,16],"product_tag":[83,5898],"class_list":{"0":"post-12610","1":"product","2":"type-product","3":"status-publish","4":"has-post-thumbnail","6":"product_cat-historia","7":"product_cat-libros","8":"product_tag-melusina","9":"product_tag-paola-angeli-bernardini","11":"first","12":"instock","13":"sold-individually","14":"shipping-taxable","15":"purchasable","16":"product-type-simple"},"yoast_head":"<!-- This site is optimized with the Yoast SEO plugin v27.3 - https:\/\/yoast.com\/product\/yoast-seo-wordpress\/ -->\n<title>MUJERES Y DIOSAS EN EL MEDITERR\u00c1NEO ANTIGUO &#8212; Zapateneo<\/title>\n<meta name=\"robots\" content=\"index, follow, max-snippet:-1, max-image-preview:large, max-video-preview:-1\" \/>\n<link rel=\"canonical\" href=\"https:\/\/zapateneo.net\/wordpress\/index.php\/producto\/mujeres-y-diosas-en-el-mediterraneo-antiguo\/\" \/>\n<meta property=\"og:locale\" content=\"es_ES\" \/>\n<meta property=\"og:type\" content=\"article\" \/>\n<meta property=\"og:title\" content=\"MUJERES Y DIOSAS EN EL MEDITERR\u00c1NEO ANTIGUO &#8212; Zapateneo\" \/>\n<meta property=\"og:description\" content=\"Paola Angeli Bernardini 9788418403613 - Melusina - 2022 - 210 p\u00e1ginas \/orri.\" \/>\n<meta property=\"og:url\" content=\"https:\/\/zapateneo.net\/wordpress\/index.php\/producto\/mujeres-y-diosas-en-el-mediterraneo-antiguo\/\" \/>\n<meta property=\"og:site_name\" content=\"Zapateneo\" \/>\n<meta property=\"article:modified_time\" content=\"2023-04-09T08:26:55+00:00\" \/>\n<meta name=\"twitter:card\" content=\"summary_large_image\" \/>\n<meta name=\"twitter:site\" content=\"@zapateneo\" \/>\n<meta name=\"twitter:label1\" content=\"Tiempo de lectura\" \/>\n\t<meta name=\"twitter:data1\" content=\"1 minuto\" \/>\n<script type=\"application\/ld+json\" class=\"yoast-schema-graph\">{\"@context\":\"https:\\\/\\\/schema.org\",\"@graph\":[{\"@type\":\"WebPage\",\"@id\":\"https:\\\/\\\/zapateneo.net\\\/wordpress\\\/index.php\\\/producto\\\/mujeres-y-diosas-en-el-mediterraneo-antiguo\\\/\",\"url\":\"https:\\\/\\\/zapateneo.net\\\/wordpress\\\/index.php\\\/producto\\\/mujeres-y-diosas-en-el-mediterraneo-antiguo\\\/\",\"name\":\"MUJERES Y DIOSAS EN EL MEDITERR\u00c1NEO ANTIGUO &#8212; Zapateneo\",\"isPartOf\":{\"@id\":\"https:\\\/\\\/zapateneo.net\\\/wordpress\\\/#website\"},\"primaryImageOfPage\":{\"@id\":\"https:\\\/\\\/zapateneo.net\\\/wordpress\\\/index.php\\\/producto\\\/mujeres-y-diosas-en-el-mediterraneo-antiguo\\\/#primaryimage\"},\"image\":{\"@id\":\"https:\\\/\\\/zapateneo.net\\\/wordpress\\\/index.php\\\/producto\\\/mujeres-y-diosas-en-el-mediterraneo-antiguo\\\/#primaryimage\"},\"thumbnailUrl\":\"https:\\\/\\\/zapateneo.net\\\/wordpress\\\/wp-content\\\/uploads\\\/2023\\\/04\\\/mujeres-y-diosas-en-el-mediterraneo-antiguo-9788418403613.jpg\",\"datePublished\":\"2023-04-09T08:26:46+00:00\",\"dateModified\":\"2023-04-09T08:26:55+00:00\",\"breadcrumb\":{\"@id\":\"https:\\\/\\\/zapateneo.net\\\/wordpress\\\/index.php\\\/producto\\\/mujeres-y-diosas-en-el-mediterraneo-antiguo\\\/#breadcrumb\"},\"inLanguage\":\"es\",\"potentialAction\":[{\"@type\":\"ReadAction\",\"target\":[\"https:\\\/\\\/zapateneo.net\\\/wordpress\\\/index.php\\\/producto\\\/mujeres-y-diosas-en-el-mediterraneo-antiguo\\\/\"]}]},{\"@type\":\"ImageObject\",\"inLanguage\":\"es\",\"@id\":\"https:\\\/\\\/zapateneo.net\\\/wordpress\\\/index.php\\\/producto\\\/mujeres-y-diosas-en-el-mediterraneo-antiguo\\\/#primaryimage\",\"url\":\"https:\\\/\\\/zapateneo.net\\\/wordpress\\\/wp-content\\\/uploads\\\/2023\\\/04\\\/mujeres-y-diosas-en-el-mediterraneo-antiguo-9788418403613.jpg\",\"contentUrl\":\"https:\\\/\\\/zapateneo.net\\\/wordpress\\\/wp-content\\\/uploads\\\/2023\\\/04\\\/mujeres-y-diosas-en-el-mediterraneo-antiguo-9788418403613.jpg\",\"width\":266,\"height\":400},{\"@type\":\"BreadcrumbList\",\"@id\":\"https:\\\/\\\/zapateneo.net\\\/wordpress\\\/index.php\\\/producto\\\/mujeres-y-diosas-en-el-mediterraneo-antiguo\\\/#breadcrumb\",\"itemListElement\":[{\"@type\":\"ListItem\",\"position\":1,\"name\":\"Portada\",\"item\":\"https:\\\/\\\/zapateneo.net\\\/wordpress\\\/\"},{\"@type\":\"ListItem\",\"position\":2,\"name\":\"Tienda\",\"item\":\"https:\\\/\\\/zapateneo.net\\\/wordpress\\\/\"},{\"@type\":\"ListItem\",\"position\":3,\"name\":\"MUJERES Y DIOSAS EN EL MEDITERR\u00c1NEO ANTIGUO\"}]},{\"@type\":\"WebSite\",\"@id\":\"https:\\\/\\\/zapateneo.net\\\/wordpress\\\/#website\",\"url\":\"https:\\\/\\\/zapateneo.net\\\/wordpress\\\/\",\"name\":\"Zapateneo\",\"description\":\"Zapateneoaren webgunea\",\"publisher\":{\"@id\":\"https:\\\/\\\/zapateneo.net\\\/wordpress\\\/#organization\"},\"potentialAction\":[{\"@type\":\"SearchAction\",\"target\":{\"@type\":\"EntryPoint\",\"urlTemplate\":\"https:\\\/\\\/zapateneo.net\\\/wordpress\\\/?s={search_term_string}\"},\"query-input\":{\"@type\":\"PropertyValueSpecification\",\"valueRequired\":true,\"valueName\":\"search_term_string\"}}],\"inLanguage\":\"es\"},{\"@type\":\"Organization\",\"@id\":\"https:\\\/\\\/zapateneo.net\\\/wordpress\\\/#organization\",\"name\":\"Zapateneo Kultur Elkartea\",\"url\":\"https:\\\/\\\/zapateneo.net\\\/wordpress\\\/\",\"logo\":{\"@type\":\"ImageObject\",\"inLanguage\":\"es\",\"@id\":\"https:\\\/\\\/zapateneo.net\\\/wordpress\\\/#\\\/schema\\\/logo\\\/image\\\/\",\"url\":\"https:\\\/\\\/zapateneo.net\\\/wordpress\\\/wp-content\\\/uploads\\\/2021\\\/04\\\/zap-libu-kolec.jpg\",\"contentUrl\":\"https:\\\/\\\/zapateneo.net\\\/wordpress\\\/wp-content\\\/uploads\\\/2021\\\/04\\\/zap-libu-kolec.jpg\",\"width\":2234,\"height\":398,\"caption\":\"Zapateneo Kultur Elkartea\"},\"image\":{\"@id\":\"https:\\\/\\\/zapateneo.net\\\/wordpress\\\/#\\\/schema\\\/logo\\\/image\\\/\"},\"sameAs\":[\"https:\\\/\\\/x.com\\\/zapateneo\"]}]}<\/script>\n<!-- \/ Yoast SEO plugin. -->","yoast_head_json":{"title":"MUJERES Y DIOSAS EN EL MEDITERR\u00c1NEO ANTIGUO &#8212; Zapateneo","robots":{"index":"index","follow":"follow","max-snippet":"max-snippet:-1","max-image-preview":"max-image-preview:large","max-video-preview":"max-video-preview:-1"},"canonical":"https:\/\/zapateneo.net\/wordpress\/index.php\/producto\/mujeres-y-diosas-en-el-mediterraneo-antiguo\/","og_locale":"es_ES","og_type":"article","og_title":"MUJERES Y DIOSAS EN EL MEDITERR\u00c1NEO ANTIGUO &#8212; Zapateneo","og_description":"Paola Angeli Bernardini 9788418403613 - Melusina - 2022 - 210 p\u00e1ginas \/orri.","og_url":"https:\/\/zapateneo.net\/wordpress\/index.php\/producto\/mujeres-y-diosas-en-el-mediterraneo-antiguo\/","og_site_name":"Zapateneo","article_modified_time":"2023-04-09T08:26:55+00:00","twitter_card":"summary_large_image","twitter_site":"@zapateneo","twitter_misc":{"Tiempo de lectura":"1 minuto"},"schema":{"@context":"https:\/\/schema.org","@graph":[{"@type":"WebPage","@id":"https:\/\/zapateneo.net\/wordpress\/index.php\/producto\/mujeres-y-diosas-en-el-mediterraneo-antiguo\/","url":"https:\/\/zapateneo.net\/wordpress\/index.php\/producto\/mujeres-y-diosas-en-el-mediterraneo-antiguo\/","name":"MUJERES Y DIOSAS EN EL MEDITERR\u00c1NEO ANTIGUO &#8212; Zapateneo","isPartOf":{"@id":"https:\/\/zapateneo.net\/wordpress\/#website"},"primaryImageOfPage":{"@id":"https:\/\/zapateneo.net\/wordpress\/index.php\/producto\/mujeres-y-diosas-en-el-mediterraneo-antiguo\/#primaryimage"},"image":{"@id":"https:\/\/zapateneo.net\/wordpress\/index.php\/producto\/mujeres-y-diosas-en-el-mediterraneo-antiguo\/#primaryimage"},"thumbnailUrl":"https:\/\/zapateneo.net\/wordpress\/wp-content\/uploads\/2023\/04\/mujeres-y-diosas-en-el-mediterraneo-antiguo-9788418403613.jpg","datePublished":"2023-04-09T08:26:46+00:00","dateModified":"2023-04-09T08:26:55+00:00","breadcrumb":{"@id":"https:\/\/zapateneo.net\/wordpress\/index.php\/producto\/mujeres-y-diosas-en-el-mediterraneo-antiguo\/#breadcrumb"},"inLanguage":"es","potentialAction":[{"@type":"ReadAction","target":["https:\/\/zapateneo.net\/wordpress\/index.php\/producto\/mujeres-y-diosas-en-el-mediterraneo-antiguo\/"]}]},{"@type":"ImageObject","inLanguage":"es","@id":"https:\/\/zapateneo.net\/wordpress\/index.php\/producto\/mujeres-y-diosas-en-el-mediterraneo-antiguo\/#primaryimage","url":"https:\/\/zapateneo.net\/wordpress\/wp-content\/uploads\/2023\/04\/mujeres-y-diosas-en-el-mediterraneo-antiguo-9788418403613.jpg","contentUrl":"https:\/\/zapateneo.net\/wordpress\/wp-content\/uploads\/2023\/04\/mujeres-y-diosas-en-el-mediterraneo-antiguo-9788418403613.jpg","width":266,"height":400},{"@type":"BreadcrumbList","@id":"https:\/\/zapateneo.net\/wordpress\/index.php\/producto\/mujeres-y-diosas-en-el-mediterraneo-antiguo\/#breadcrumb","itemListElement":[{"@type":"ListItem","position":1,"name":"Portada","item":"https:\/\/zapateneo.net\/wordpress\/"},{"@type":"ListItem","position":2,"name":"Tienda","item":"https:\/\/zapateneo.net\/wordpress\/"},{"@type":"ListItem","position":3,"name":"MUJERES Y DIOSAS EN EL MEDITERR\u00c1NEO ANTIGUO"}]},{"@type":"WebSite","@id":"https:\/\/zapateneo.net\/wordpress\/#website","url":"https:\/\/zapateneo.net\/wordpress\/","name":"Zapateneo","description":"Zapateneoaren webgunea","publisher":{"@id":"https:\/\/zapateneo.net\/wordpress\/#organization"},"potentialAction":[{"@type":"SearchAction","target":{"@type":"EntryPoint","urlTemplate":"https:\/\/zapateneo.net\/wordpress\/?s={search_term_string}"},"query-input":{"@type":"PropertyValueSpecification","valueRequired":true,"valueName":"search_term_string"}}],"inLanguage":"es"},{"@type":"Organization","@id":"https:\/\/zapateneo.net\/wordpress\/#organization","name":"Zapateneo Kultur Elkartea","url":"https:\/\/zapateneo.net\/wordpress\/","logo":{"@type":"ImageObject","inLanguage":"es","@id":"https:\/\/zapateneo.net\/wordpress\/#\/schema\/logo\/image\/","url":"https:\/\/zapateneo.net\/wordpress\/wp-content\/uploads\/2021\/04\/zap-libu-kolec.jpg","contentUrl":"https:\/\/zapateneo.net\/wordpress\/wp-content\/uploads\/2021\/04\/zap-libu-kolec.jpg","width":2234,"height":398,"caption":"Zapateneo Kultur Elkartea"},"image":{"@id":"https:\/\/zapateneo.net\/wordpress\/#\/schema\/logo\/image\/"},"sameAs":["https:\/\/x.com\/zapateneo"]}]}},"_links":{"self":[{"href":"https:\/\/zapateneo.net\/wordpress\/index.php\/wp-json\/wp\/v2\/product\/12610","targetHints":{"allow":["GET"]}}],"collection":[{"href":"https:\/\/zapateneo.net\/wordpress\/index.php\/wp-json\/wp\/v2\/product"}],"about":[{"href":"https:\/\/zapateneo.net\/wordpress\/index.php\/wp-json\/wp\/v2\/types\/product"}],"wp:featuredmedia":[{"embeddable":true,"href":"https:\/\/zapateneo.net\/wordpress\/index.php\/wp-json\/wp\/v2\/media\/12629"}],"wp:attachment":[{"href":"https:\/\/zapateneo.net\/wordpress\/index.php\/wp-json\/wp\/v2\/media?parent=12610"}],"wp:term":[{"taxonomy":"product_brand","embeddable":true,"href":"https:\/\/zapateneo.net\/wordpress\/index.php\/wp-json\/wp\/v2\/product_brand?post=12610"},{"taxonomy":"product_cat","embeddable":true,"href":"https:\/\/zapateneo.net\/wordpress\/index.php\/wp-json\/wp\/v2\/product_cat?post=12610"},{"taxonomy":"product_tag","embeddable":true,"href":"https:\/\/zapateneo.net\/wordpress\/index.php\/wp-json\/wp\/v2\/product_tag?post=12610"}],"curies":[{"name":"wp","href":"https:\/\/api.w.org\/{rel}","templated":true}]}}