{"id":12606,"date":"2023-04-09T09:26:45","date_gmt":"2023-04-09T08:26:45","guid":{"rendered":"https:\/\/zapateneo.net\/wordpress\/?post_type=product&#038;p=12606"},"modified":"2023-04-09T09:26:52","modified_gmt":"2023-04-09T08:26:52","slug":"no-me-gustan-las-jipilichis","status":"publish","type":"product","link":"https:\/\/zapateneo.net\/wordpress\/index.php\/producto\/no-me-gustan-las-jipilichis\/","title":{"rendered":"\u00a1No me gustan las jipilichis!"},"content":{"rendered":"<p>En estas nuevas aventuras Esteisi quiere convertirse en youtuber como sus hermanas, que se r\u00eden de ella porque no tiene seguidores; Shanon tambi\u00e9n se burla de ella porque no ha pasado el covid y tiene que hacerse una prueba de PCR; se va con Pimiento a visitar a su familia y casi no la dejan dormir; se hace su propio ba\u00f1ador de sirena, porque en la piscina todas van vestidas de sirena, y vive una inspecci\u00f3n en el comedor del cole, donde a las chicas les toca hablar sobre sus comidas favoritas.<\/p>\n<p>Otras cinco historias hilarantes, en nuevo formato, que os har\u00e1n re\u00edr, como m\u00ednimo, hasta las pr\u00f3ximas aventuras de Esteisi y Pimiento.<\/p>\n<p>\u00abEsteisi y Pimiento son gracios\u00edsimos. Son gracios\u00edsimos, insisto, en su estructura. Lo son tambi\u00e9n en la locura de sus di\u00e1logos. En la presentaci\u00f3n de las ilustraciones. En la repetici\u00f3n de las f\u00f3rmulas. En el grito final de Esteisi. En sus ideas\u00bb. \u2014El tigre que vino a leer<\/p>\n<p>\u00abLos de Takatuka tienen un olfato especial para encontrar peque\u00f1os tesoros como Las aventuras de Esteisi y Pimiento. [&#8230;] Si quer\u00e9is que vuestros hijos y alumnos r\u00edan un rato, estas aventuras (y las que vendr\u00e1n) son un buen inicio\u00bb. \u2014Jaume Centelles, blog La invitaci\u00f3 a la lectura.<\/p>\n<p>&#8212;&#8212;&#8212;&#8212;&#8212;&#8212;&#8211;<\/p>\n<p>Juan Feliu Sastre Mallorqu\u00edn del 71, ha trabajado de bombero, maletero, compositor, conductor, camarero o seleccionador de esqu\u00ed alpino, entre otras muchas cosas, y ha visitado una cuarentena de pa\u00edses. En Vancouver fue m\u00fasico callejero, aunque acab\u00f3 viviendo de pintar cuadros. En Praga sigui\u00f3 con los cuadros, pero recuper\u00f3 la guitarra y toc\u00f3 en todos los tugurios de la ciudad. En Mar del Plata grab\u00f3 el que sospecha fue el primer y \u00faltimo disco de m\u00fasica electroac\u00fastica hecho en Argentina. Tambi\u00e9n vivi\u00f3 en Barcelona y Par\u00eds, en total ocho a\u00f1os fuera de la isla. De vuelta en Mallorca fund\u00f3 la banda Vacabou (2002-14), de la cual fue compositor e instrumentista. Ha colaborado con artistas como el escritor Agust\u00edn Fern\u00e1ndez Mallo, con quien cre\u00f3 el grupo Frida Laponia en 2012, o Bernard\u00ed Roig, junto con el que grab\u00f3 el v\u00eddeo \u00abJ.F. Concierto para la mano izquierda de Ravel (a Paul Wittgenstein)\u00bb. Feliu posee los t\u00edtulos de grado en Ingenier\u00eda de Edificaci\u00f3n (UIB), Geograf\u00eda e Historia (UNED) y Arquitectura t\u00e9cnica (UPC). Tiene una hija de 7 a\u00f1os y trabaja como t\u00e9cnico en el Ayuntamiento de Palma. Todo ello y otras muchas circunstancias han desembocado, aqu\u00ed y ahora, en el nacimiento de Esteisi y Pimiento.<\/p>\n","protected":false},"excerpt":{"rendered":"<p><strong>Juan Feliu Sastre<\/strong><br \/>\n9788418821479 &#8211; Takatuka &#8211; 2022 &#8211; 64 p\u00e1ginas \/orri.<\/p>\n","protected":false},"featured_media":12625,"template":"","meta":[],"product_brand":[],"product_cat":[167,172],"product_tag":[5892,194],"class_list":{"0":"post-12606","1":"product","2":"type-product","3":"status-publish","4":"has-post-thumbnail","6":"product_cat-comics-komikiak","7":"product_cat-ipuinak-cuentos","8":"product_tag-juan-feliu-sastre","9":"product_tag-takatuka","11":"first","12":"instock","13":"sold-individually","14":"shipping-taxable","15":"purchasable","16":"product-type-simple"},"yoast_head":"<!-- This site is optimized with the Yoast SEO plugin v27.3 - https:\/\/yoast.com\/product\/yoast-seo-wordpress\/ -->\n<title>\u00a1No me gustan las jipilichis! &#8212; Zapateneo<\/title>\n<meta name=\"robots\" content=\"index, follow, max-snippet:-1, max-image-preview:large, max-video-preview:-1\" \/>\n<link rel=\"canonical\" href=\"https:\/\/zapateneo.net\/wordpress\/index.php\/producto\/no-me-gustan-las-jipilichis\/\" \/>\n<meta property=\"og:locale\" content=\"es_ES\" \/>\n<meta property=\"og:type\" content=\"article\" \/>\n<meta property=\"og:title\" content=\"\u00a1No me gustan las jipilichis! &#8212; Zapateneo\" \/>\n<meta property=\"og:description\" content=\"Juan Feliu Sastre 9788418821479 - Takatuka - 2022 - 64 p\u00e1ginas \/orri.\" \/>\n<meta property=\"og:url\" content=\"https:\/\/zapateneo.net\/wordpress\/index.php\/producto\/no-me-gustan-las-jipilichis\/\" \/>\n<meta property=\"og:site_name\" content=\"Zapateneo\" \/>\n<meta property=\"article:modified_time\" content=\"2023-04-09T08:26:52+00:00\" \/>\n<meta name=\"twitter:card\" content=\"summary_large_image\" \/>\n<meta name=\"twitter:site\" content=\"@zapateneo\" \/>\n<meta name=\"twitter:label1\" content=\"Tiempo de lectura\" \/>\n\t<meta name=\"twitter:data1\" content=\"2 minutos\" \/>\n<script type=\"application\/ld+json\" class=\"yoast-schema-graph\">{\"@context\":\"https:\\\/\\\/schema.org\",\"@graph\":[{\"@type\":\"WebPage\",\"@id\":\"https:\\\/\\\/zapateneo.net\\\/wordpress\\\/index.php\\\/producto\\\/no-me-gustan-las-jipilichis\\\/\",\"url\":\"https:\\\/\\\/zapateneo.net\\\/wordpress\\\/index.php\\\/producto\\\/no-me-gustan-las-jipilichis\\\/\",\"name\":\"\u00a1No me gustan las jipilichis! &#8212; Zapateneo\",\"isPartOf\":{\"@id\":\"https:\\\/\\\/zapateneo.net\\\/wordpress\\\/#website\"},\"primaryImageOfPage\":{\"@id\":\"https:\\\/\\\/zapateneo.net\\\/wordpress\\\/index.php\\\/producto\\\/no-me-gustan-las-jipilichis\\\/#primaryimage\"},\"image\":{\"@id\":\"https:\\\/\\\/zapateneo.net\\\/wordpress\\\/index.php\\\/producto\\\/no-me-gustan-las-jipilichis\\\/#primaryimage\"},\"thumbnailUrl\":\"https:\\\/\\\/zapateneo.net\\\/wordpress\\\/wp-content\\\/uploads\\\/2023\\\/04\\\/no-me-gustan-las-jilipichis-9788418821479.jpg\",\"datePublished\":\"2023-04-09T08:26:45+00:00\",\"dateModified\":\"2023-04-09T08:26:52+00:00\",\"breadcrumb\":{\"@id\":\"https:\\\/\\\/zapateneo.net\\\/wordpress\\\/index.php\\\/producto\\\/no-me-gustan-las-jipilichis\\\/#breadcrumb\"},\"inLanguage\":\"es\",\"potentialAction\":[{\"@type\":\"ReadAction\",\"target\":[\"https:\\\/\\\/zapateneo.net\\\/wordpress\\\/index.php\\\/producto\\\/no-me-gustan-las-jipilichis\\\/\"]}]},{\"@type\":\"ImageObject\",\"inLanguage\":\"es\",\"@id\":\"https:\\\/\\\/zapateneo.net\\\/wordpress\\\/index.php\\\/producto\\\/no-me-gustan-las-jipilichis\\\/#primaryimage\",\"url\":\"https:\\\/\\\/zapateneo.net\\\/wordpress\\\/wp-content\\\/uploads\\\/2023\\\/04\\\/no-me-gustan-las-jilipichis-9788418821479.jpg\",\"contentUrl\":\"https:\\\/\\\/zapateneo.net\\\/wordpress\\\/wp-content\\\/uploads\\\/2023\\\/04\\\/no-me-gustan-las-jilipichis-9788418821479.jpg\",\"width\":400,\"height\":291},{\"@type\":\"BreadcrumbList\",\"@id\":\"https:\\\/\\\/zapateneo.net\\\/wordpress\\\/index.php\\\/producto\\\/no-me-gustan-las-jipilichis\\\/#breadcrumb\",\"itemListElement\":[{\"@type\":\"ListItem\",\"position\":1,\"name\":\"Portada\",\"item\":\"https:\\\/\\\/zapateneo.net\\\/wordpress\\\/\"},{\"@type\":\"ListItem\",\"position\":2,\"name\":\"Tienda\",\"item\":\"https:\\\/\\\/zapateneo.net\\\/wordpress\\\/\"},{\"@type\":\"ListItem\",\"position\":3,\"name\":\"\u00a1No me gustan las jipilichis!\"}]},{\"@type\":\"WebSite\",\"@id\":\"https:\\\/\\\/zapateneo.net\\\/wordpress\\\/#website\",\"url\":\"https:\\\/\\\/zapateneo.net\\\/wordpress\\\/\",\"name\":\"Zapateneo\",\"description\":\"Zapateneoaren webgunea\",\"publisher\":{\"@id\":\"https:\\\/\\\/zapateneo.net\\\/wordpress\\\/#organization\"},\"potentialAction\":[{\"@type\":\"SearchAction\",\"target\":{\"@type\":\"EntryPoint\",\"urlTemplate\":\"https:\\\/\\\/zapateneo.net\\\/wordpress\\\/?s={search_term_string}\"},\"query-input\":{\"@type\":\"PropertyValueSpecification\",\"valueRequired\":true,\"valueName\":\"search_term_string\"}}],\"inLanguage\":\"es\"},{\"@type\":\"Organization\",\"@id\":\"https:\\\/\\\/zapateneo.net\\\/wordpress\\\/#organization\",\"name\":\"Zapateneo Kultur Elkartea\",\"url\":\"https:\\\/\\\/zapateneo.net\\\/wordpress\\\/\",\"logo\":{\"@type\":\"ImageObject\",\"inLanguage\":\"es\",\"@id\":\"https:\\\/\\\/zapateneo.net\\\/wordpress\\\/#\\\/schema\\\/logo\\\/image\\\/\",\"url\":\"https:\\\/\\\/zapateneo.net\\\/wordpress\\\/wp-content\\\/uploads\\\/2021\\\/04\\\/zap-libu-kolec.jpg\",\"contentUrl\":\"https:\\\/\\\/zapateneo.net\\\/wordpress\\\/wp-content\\\/uploads\\\/2021\\\/04\\\/zap-libu-kolec.jpg\",\"width\":2234,\"height\":398,\"caption\":\"Zapateneo Kultur Elkartea\"},\"image\":{\"@id\":\"https:\\\/\\\/zapateneo.net\\\/wordpress\\\/#\\\/schema\\\/logo\\\/image\\\/\"},\"sameAs\":[\"https:\\\/\\\/x.com\\\/zapateneo\"]}]}<\/script>\n<!-- \/ Yoast SEO plugin. -->","yoast_head_json":{"title":"\u00a1No me gustan las jipilichis! &#8212; Zapateneo","robots":{"index":"index","follow":"follow","max-snippet":"max-snippet:-1","max-image-preview":"max-image-preview:large","max-video-preview":"max-video-preview:-1"},"canonical":"https:\/\/zapateneo.net\/wordpress\/index.php\/producto\/no-me-gustan-las-jipilichis\/","og_locale":"es_ES","og_type":"article","og_title":"\u00a1No me gustan las jipilichis! &#8212; Zapateneo","og_description":"Juan Feliu Sastre 9788418821479 - Takatuka - 2022 - 64 p\u00e1ginas \/orri.","og_url":"https:\/\/zapateneo.net\/wordpress\/index.php\/producto\/no-me-gustan-las-jipilichis\/","og_site_name":"Zapateneo","article_modified_time":"2023-04-09T08:26:52+00:00","twitter_card":"summary_large_image","twitter_site":"@zapateneo","twitter_misc":{"Tiempo de lectura":"2 minutos"},"schema":{"@context":"https:\/\/schema.org","@graph":[{"@type":"WebPage","@id":"https:\/\/zapateneo.net\/wordpress\/index.php\/producto\/no-me-gustan-las-jipilichis\/","url":"https:\/\/zapateneo.net\/wordpress\/index.php\/producto\/no-me-gustan-las-jipilichis\/","name":"\u00a1No me gustan las jipilichis! &#8212; Zapateneo","isPartOf":{"@id":"https:\/\/zapateneo.net\/wordpress\/#website"},"primaryImageOfPage":{"@id":"https:\/\/zapateneo.net\/wordpress\/index.php\/producto\/no-me-gustan-las-jipilichis\/#primaryimage"},"image":{"@id":"https:\/\/zapateneo.net\/wordpress\/index.php\/producto\/no-me-gustan-las-jipilichis\/#primaryimage"},"thumbnailUrl":"https:\/\/zapateneo.net\/wordpress\/wp-content\/uploads\/2023\/04\/no-me-gustan-las-jilipichis-9788418821479.jpg","datePublished":"2023-04-09T08:26:45+00:00","dateModified":"2023-04-09T08:26:52+00:00","breadcrumb":{"@id":"https:\/\/zapateneo.net\/wordpress\/index.php\/producto\/no-me-gustan-las-jipilichis\/#breadcrumb"},"inLanguage":"es","potentialAction":[{"@type":"ReadAction","target":["https:\/\/zapateneo.net\/wordpress\/index.php\/producto\/no-me-gustan-las-jipilichis\/"]}]},{"@type":"ImageObject","inLanguage":"es","@id":"https:\/\/zapateneo.net\/wordpress\/index.php\/producto\/no-me-gustan-las-jipilichis\/#primaryimage","url":"https:\/\/zapateneo.net\/wordpress\/wp-content\/uploads\/2023\/04\/no-me-gustan-las-jilipichis-9788418821479.jpg","contentUrl":"https:\/\/zapateneo.net\/wordpress\/wp-content\/uploads\/2023\/04\/no-me-gustan-las-jilipichis-9788418821479.jpg","width":400,"height":291},{"@type":"BreadcrumbList","@id":"https:\/\/zapateneo.net\/wordpress\/index.php\/producto\/no-me-gustan-las-jipilichis\/#breadcrumb","itemListElement":[{"@type":"ListItem","position":1,"name":"Portada","item":"https:\/\/zapateneo.net\/wordpress\/"},{"@type":"ListItem","position":2,"name":"Tienda","item":"https:\/\/zapateneo.net\/wordpress\/"},{"@type":"ListItem","position":3,"name":"\u00a1No me gustan las jipilichis!"}]},{"@type":"WebSite","@id":"https:\/\/zapateneo.net\/wordpress\/#website","url":"https:\/\/zapateneo.net\/wordpress\/","name":"Zapateneo","description":"Zapateneoaren webgunea","publisher":{"@id":"https:\/\/zapateneo.net\/wordpress\/#organization"},"potentialAction":[{"@type":"SearchAction","target":{"@type":"EntryPoint","urlTemplate":"https:\/\/zapateneo.net\/wordpress\/?s={search_term_string}"},"query-input":{"@type":"PropertyValueSpecification","valueRequired":true,"valueName":"search_term_string"}}],"inLanguage":"es"},{"@type":"Organization","@id":"https:\/\/zapateneo.net\/wordpress\/#organization","name":"Zapateneo Kultur Elkartea","url":"https:\/\/zapateneo.net\/wordpress\/","logo":{"@type":"ImageObject","inLanguage":"es","@id":"https:\/\/zapateneo.net\/wordpress\/#\/schema\/logo\/image\/","url":"https:\/\/zapateneo.net\/wordpress\/wp-content\/uploads\/2021\/04\/zap-libu-kolec.jpg","contentUrl":"https:\/\/zapateneo.net\/wordpress\/wp-content\/uploads\/2021\/04\/zap-libu-kolec.jpg","width":2234,"height":398,"caption":"Zapateneo Kultur Elkartea"},"image":{"@id":"https:\/\/zapateneo.net\/wordpress\/#\/schema\/logo\/image\/"},"sameAs":["https:\/\/x.com\/zapateneo"]}]}},"_links":{"self":[{"href":"https:\/\/zapateneo.net\/wordpress\/index.php\/wp-json\/wp\/v2\/product\/12606","targetHints":{"allow":["GET"]}}],"collection":[{"href":"https:\/\/zapateneo.net\/wordpress\/index.php\/wp-json\/wp\/v2\/product"}],"about":[{"href":"https:\/\/zapateneo.net\/wordpress\/index.php\/wp-json\/wp\/v2\/types\/product"}],"wp:featuredmedia":[{"embeddable":true,"href":"https:\/\/zapateneo.net\/wordpress\/index.php\/wp-json\/wp\/v2\/media\/12625"}],"wp:attachment":[{"href":"https:\/\/zapateneo.net\/wordpress\/index.php\/wp-json\/wp\/v2\/media?parent=12606"}],"wp:term":[{"taxonomy":"product_brand","embeddable":true,"href":"https:\/\/zapateneo.net\/wordpress\/index.php\/wp-json\/wp\/v2\/product_brand?post=12606"},{"taxonomy":"product_cat","embeddable":true,"href":"https:\/\/zapateneo.net\/wordpress\/index.php\/wp-json\/wp\/v2\/product_cat?post=12606"},{"taxonomy":"product_tag","embeddable":true,"href":"https:\/\/zapateneo.net\/wordpress\/index.php\/wp-json\/wp\/v2\/product_tag?post=12606"}],"curies":[{"name":"wp","href":"https:\/\/api.w.org\/{rel}","templated":true}]}}