{"id":12579,"date":"2023-04-08T16:46:16","date_gmt":"2023-04-08T15:46:16","guid":{"rendered":"https:\/\/zapateneo.net\/wordpress\/?post_type=product&#038;p=12579"},"modified":"2023-04-08T16:46:30","modified_gmt":"2023-04-08T15:46:30","slug":"textos-y-discursos-radicales","status":"publish","type":"product","link":"https:\/\/zapateneo.net\/wordpress\/index.php\/producto\/textos-y-discursos-radicales\/","title":{"rendered":"TEXTOS Y DISCURSOS RADICALES"},"content":{"rendered":"<p>Este libro recopila textos e intervenciones de Martin Luther King Jr producidas entre 1955, cuando adquiri\u00f3 relevancia en el movimiento antisegregacionista del sur estadounidense, y 1968, a\u00f1o de su asesinato en Memphis. Veintitr\u00e9s a\u00f1os durante los que fue un l\u00edder pol\u00edtico-religioso decisivo.<\/p>\n<p>Como sostiene Cornel West en el pr\u00f3logo, el nombre Martin Luther King tiene el poder de evocar un momento de intensa lucha tanto como el de evidenciar los riesgos de vaciamiento a los que la iconicidad somete a un pensamiento pol\u00edtico. A manera de ant\u00eddoto, esta recopilaci\u00f3n presenta discursos, sermones y art\u00edculos en los que es posible encontrar otro King. M\u00e1s complejo, polifac\u00e9tico y militante. M\u00e1s estratega que moralista, m\u00e1s conflictivo que pacificador. Un King que logra sustraerse del insulso discurso de los derechos humanos construido por las pol\u00edticas neoliberales de la memoria, al menos en su fase multicultural.<\/p>\n<p>Por ello, esta recopilaci\u00f3n no es una mera celebraci\u00f3n o un rescate ex\u00f3tico, sino la invitaci\u00f3n al an\u00e1lisis de un pensamiento en pos de detectar potencias y l\u00edmites, recursos y obst\u00e1culos, plataformas de despegue y callejones sin salida. Es una recopilaci\u00f3n que aporta a un modo de construir archivos del pensamiento pol\u00edtico y militante del siglo XX que lo salven de dos peligros mortales: el olvido y la nostalgia.<\/p>\n<p>Martin Luther King Jr. (1929 -1968) fue pastor bautista y militante pol\u00edtico. En 1954 fue nombrado Ministro de la Dexter Avenue Baptist Church en Montgomery, Alabama. Al a\u00f1o siguiente tendr\u00eda lugar en esa ciudad el famoso boicot al transporte p\u00fablico simbolizado en el rechazo de Rosa Parks a dejar su lugar a un blanco. Convertido en un referente de dicho boicot, King ser\u00e1 un actor protag\u00f3nico del Movimiento por los Derechos Civiles, una secuencia de lucha pol\u00edtico racial decisiva para la historia estadounidense y mundial. Entre sus principales aportes se cuenta la reivindicaci\u00f3n de la acci\u00f3n directa no violenta como recurso pol\u00edtico, que King tom\u00f3 de Gandhi y adapt\u00f3 a la coyuntura segregacionista, supremacista y clasista norteamericana. El 4 de abril de 1968, en el marco de un viaje a Memphis para apoyar una huelga de recolectores de basura, King fue asesinado de un disparo.<\/p>\n<p>Cornel West Profesor, fil\u00f3sofo, escritor y militante. En la actualidad es miembro de la organizaci\u00f3n pol\u00edtica Democratic Socialists of America y da clases en Union Theological Seminary sobre Filosof\u00eda de la Religi\u00f3n y Pensamiento Cr\u00edtico Afroamericano, entre otros temas. Ha sido tambi\u00e9n profesor de Harvard y Princeton. Ha escrito numerosos libros, entre ellos \u201cRace Matters\u201d, \u201cDemocracy Matters\u201d y \u201cBlack Prophetic Fire\u201d. La obra y el pensamiento de Martin Luther King ocupan un lugar especial en su formaci\u00f3n y su militancia, raz\u00f3n por la cual ha dedicado art\u00edculos, charlas y trabajo editorial a promover el car\u00e1cter revolucionario de su obra.<\/p>\n","protected":false},"excerpt":{"rendered":"<p><strong>Martin Luther King Jr., Cornel West<\/strong><br \/>\n9789873687938 &#8211; Tinta Lim\u00f3n &#8211; 2022 &#8211; 304 p\u00e1ginas \/orri.<\/p>\n","protected":false},"featured_media":12599,"template":"","meta":[],"product_brand":[],"product_cat":[16,173],"product_tag":[5885,5884,660],"class_list":{"0":"post-12579","1":"product","2":"type-product","3":"status-publish","4":"has-post-thumbnail","6":"product_cat-libros","7":"product_cat-saiakera-ensayo","8":"product_tag-cornel-west","9":"product_tag-martin-luther-king-jr","10":"product_tag-tinta-limon","12":"first","13":"instock","14":"sold-individually","15":"shipping-taxable","16":"purchasable","17":"product-type-simple"},"yoast_head":"<!-- This site is optimized with the Yoast SEO plugin v27.3 - https:\/\/yoast.com\/product\/yoast-seo-wordpress\/ -->\n<title>TEXTOS Y DISCURSOS RADICALES &#8212; Zapateneo<\/title>\n<meta name=\"robots\" content=\"index, follow, max-snippet:-1, max-image-preview:large, max-video-preview:-1\" \/>\n<link rel=\"canonical\" href=\"https:\/\/zapateneo.net\/wordpress\/index.php\/producto\/textos-y-discursos-radicales\/\" \/>\n<meta property=\"og:locale\" content=\"es_ES\" \/>\n<meta property=\"og:type\" content=\"article\" \/>\n<meta property=\"og:title\" content=\"TEXTOS Y DISCURSOS RADICALES &#8212; Zapateneo\" \/>\n<meta property=\"og:description\" content=\"Martin Luther King Jr., Cornel West 9789873687938 - Tinta Lim\u00f3n - 2022 - 304 p\u00e1ginas \/orri.\" \/>\n<meta property=\"og:url\" content=\"https:\/\/zapateneo.net\/wordpress\/index.php\/producto\/textos-y-discursos-radicales\/\" \/>\n<meta property=\"og:site_name\" content=\"Zapateneo\" \/>\n<meta property=\"article:modified_time\" content=\"2023-04-08T15:46:30+00:00\" \/>\n<meta name=\"twitter:card\" content=\"summary_large_image\" \/>\n<meta name=\"twitter:site\" content=\"@zapateneo\" \/>\n<meta name=\"twitter:label1\" content=\"Tiempo de lectura\" \/>\n\t<meta name=\"twitter:data1\" content=\"2 minutos\" \/>\n<script type=\"application\/ld+json\" class=\"yoast-schema-graph\">{\"@context\":\"https:\\\/\\\/schema.org\",\"@graph\":[{\"@type\":\"WebPage\",\"@id\":\"https:\\\/\\\/zapateneo.net\\\/wordpress\\\/index.php\\\/producto\\\/textos-y-discursos-radicales\\\/\",\"url\":\"https:\\\/\\\/zapateneo.net\\\/wordpress\\\/index.php\\\/producto\\\/textos-y-discursos-radicales\\\/\",\"name\":\"TEXTOS Y DISCURSOS RADICALES &#8212; Zapateneo\",\"isPartOf\":{\"@id\":\"https:\\\/\\\/zapateneo.net\\\/wordpress\\\/#website\"},\"primaryImageOfPage\":{\"@id\":\"https:\\\/\\\/zapateneo.net\\\/wordpress\\\/index.php\\\/producto\\\/textos-y-discursos-radicales\\\/#primaryimage\"},\"image\":{\"@id\":\"https:\\\/\\\/zapateneo.net\\\/wordpress\\\/index.php\\\/producto\\\/textos-y-discursos-radicales\\\/#primaryimage\"},\"thumbnailUrl\":\"https:\\\/\\\/zapateneo.net\\\/wordpress\\\/wp-content\\\/uploads\\\/2023\\\/04\\\/textos-y-discursos-radicales-martin-luther-king-jr-9789873687938.jpg\",\"datePublished\":\"2023-04-08T15:46:16+00:00\",\"dateModified\":\"2023-04-08T15:46:30+00:00\",\"breadcrumb\":{\"@id\":\"https:\\\/\\\/zapateneo.net\\\/wordpress\\\/index.php\\\/producto\\\/textos-y-discursos-radicales\\\/#breadcrumb\"},\"inLanguage\":\"es\",\"potentialAction\":[{\"@type\":\"ReadAction\",\"target\":[\"https:\\\/\\\/zapateneo.net\\\/wordpress\\\/index.php\\\/producto\\\/textos-y-discursos-radicales\\\/\"]}]},{\"@type\":\"ImageObject\",\"inLanguage\":\"es\",\"@id\":\"https:\\\/\\\/zapateneo.net\\\/wordpress\\\/index.php\\\/producto\\\/textos-y-discursos-radicales\\\/#primaryimage\",\"url\":\"https:\\\/\\\/zapateneo.net\\\/wordpress\\\/wp-content\\\/uploads\\\/2023\\\/04\\\/textos-y-discursos-radicales-martin-luther-king-jr-9789873687938.jpg\",\"contentUrl\":\"https:\\\/\\\/zapateneo.net\\\/wordpress\\\/wp-content\\\/uploads\\\/2023\\\/04\\\/textos-y-discursos-radicales-martin-luther-king-jr-9789873687938.jpg\",\"width\":263,\"height\":400},{\"@type\":\"BreadcrumbList\",\"@id\":\"https:\\\/\\\/zapateneo.net\\\/wordpress\\\/index.php\\\/producto\\\/textos-y-discursos-radicales\\\/#breadcrumb\",\"itemListElement\":[{\"@type\":\"ListItem\",\"position\":1,\"name\":\"Portada\",\"item\":\"https:\\\/\\\/zapateneo.net\\\/wordpress\\\/\"},{\"@type\":\"ListItem\",\"position\":2,\"name\":\"Tienda\",\"item\":\"https:\\\/\\\/zapateneo.net\\\/wordpress\\\/\"},{\"@type\":\"ListItem\",\"position\":3,\"name\":\"TEXTOS Y DISCURSOS RADICALES\"}]},{\"@type\":\"WebSite\",\"@id\":\"https:\\\/\\\/zapateneo.net\\\/wordpress\\\/#website\",\"url\":\"https:\\\/\\\/zapateneo.net\\\/wordpress\\\/\",\"name\":\"Zapateneo\",\"description\":\"Zapateneoaren webgunea\",\"publisher\":{\"@id\":\"https:\\\/\\\/zapateneo.net\\\/wordpress\\\/#organization\"},\"potentialAction\":[{\"@type\":\"SearchAction\",\"target\":{\"@type\":\"EntryPoint\",\"urlTemplate\":\"https:\\\/\\\/zapateneo.net\\\/wordpress\\\/?s={search_term_string}\"},\"query-input\":{\"@type\":\"PropertyValueSpecification\",\"valueRequired\":true,\"valueName\":\"search_term_string\"}}],\"inLanguage\":\"es\"},{\"@type\":\"Organization\",\"@id\":\"https:\\\/\\\/zapateneo.net\\\/wordpress\\\/#organization\",\"name\":\"Zapateneo Kultur Elkartea\",\"url\":\"https:\\\/\\\/zapateneo.net\\\/wordpress\\\/\",\"logo\":{\"@type\":\"ImageObject\",\"inLanguage\":\"es\",\"@id\":\"https:\\\/\\\/zapateneo.net\\\/wordpress\\\/#\\\/schema\\\/logo\\\/image\\\/\",\"url\":\"https:\\\/\\\/zapateneo.net\\\/wordpress\\\/wp-content\\\/uploads\\\/2021\\\/04\\\/zap-libu-kolec.jpg\",\"contentUrl\":\"https:\\\/\\\/zapateneo.net\\\/wordpress\\\/wp-content\\\/uploads\\\/2021\\\/04\\\/zap-libu-kolec.jpg\",\"width\":2234,\"height\":398,\"caption\":\"Zapateneo Kultur Elkartea\"},\"image\":{\"@id\":\"https:\\\/\\\/zapateneo.net\\\/wordpress\\\/#\\\/schema\\\/logo\\\/image\\\/\"},\"sameAs\":[\"https:\\\/\\\/x.com\\\/zapateneo\"]}]}<\/script>\n<!-- \/ Yoast SEO plugin. -->","yoast_head_json":{"title":"TEXTOS Y DISCURSOS RADICALES &#8212; Zapateneo","robots":{"index":"index","follow":"follow","max-snippet":"max-snippet:-1","max-image-preview":"max-image-preview:large","max-video-preview":"max-video-preview:-1"},"canonical":"https:\/\/zapateneo.net\/wordpress\/index.php\/producto\/textos-y-discursos-radicales\/","og_locale":"es_ES","og_type":"article","og_title":"TEXTOS Y DISCURSOS RADICALES &#8212; Zapateneo","og_description":"Martin Luther King Jr., Cornel West 9789873687938 - Tinta Lim\u00f3n - 2022 - 304 p\u00e1ginas \/orri.","og_url":"https:\/\/zapateneo.net\/wordpress\/index.php\/producto\/textos-y-discursos-radicales\/","og_site_name":"Zapateneo","article_modified_time":"2023-04-08T15:46:30+00:00","twitter_card":"summary_large_image","twitter_site":"@zapateneo","twitter_misc":{"Tiempo de lectura":"2 minutos"},"schema":{"@context":"https:\/\/schema.org","@graph":[{"@type":"WebPage","@id":"https:\/\/zapateneo.net\/wordpress\/index.php\/producto\/textos-y-discursos-radicales\/","url":"https:\/\/zapateneo.net\/wordpress\/index.php\/producto\/textos-y-discursos-radicales\/","name":"TEXTOS Y DISCURSOS RADICALES &#8212; Zapateneo","isPartOf":{"@id":"https:\/\/zapateneo.net\/wordpress\/#website"},"primaryImageOfPage":{"@id":"https:\/\/zapateneo.net\/wordpress\/index.php\/producto\/textos-y-discursos-radicales\/#primaryimage"},"image":{"@id":"https:\/\/zapateneo.net\/wordpress\/index.php\/producto\/textos-y-discursos-radicales\/#primaryimage"},"thumbnailUrl":"https:\/\/zapateneo.net\/wordpress\/wp-content\/uploads\/2023\/04\/textos-y-discursos-radicales-martin-luther-king-jr-9789873687938.jpg","datePublished":"2023-04-08T15:46:16+00:00","dateModified":"2023-04-08T15:46:30+00:00","breadcrumb":{"@id":"https:\/\/zapateneo.net\/wordpress\/index.php\/producto\/textos-y-discursos-radicales\/#breadcrumb"},"inLanguage":"es","potentialAction":[{"@type":"ReadAction","target":["https:\/\/zapateneo.net\/wordpress\/index.php\/producto\/textos-y-discursos-radicales\/"]}]},{"@type":"ImageObject","inLanguage":"es","@id":"https:\/\/zapateneo.net\/wordpress\/index.php\/producto\/textos-y-discursos-radicales\/#primaryimage","url":"https:\/\/zapateneo.net\/wordpress\/wp-content\/uploads\/2023\/04\/textos-y-discursos-radicales-martin-luther-king-jr-9789873687938.jpg","contentUrl":"https:\/\/zapateneo.net\/wordpress\/wp-content\/uploads\/2023\/04\/textos-y-discursos-radicales-martin-luther-king-jr-9789873687938.jpg","width":263,"height":400},{"@type":"BreadcrumbList","@id":"https:\/\/zapateneo.net\/wordpress\/index.php\/producto\/textos-y-discursos-radicales\/#breadcrumb","itemListElement":[{"@type":"ListItem","position":1,"name":"Portada","item":"https:\/\/zapateneo.net\/wordpress\/"},{"@type":"ListItem","position":2,"name":"Tienda","item":"https:\/\/zapateneo.net\/wordpress\/"},{"@type":"ListItem","position":3,"name":"TEXTOS Y DISCURSOS RADICALES"}]},{"@type":"WebSite","@id":"https:\/\/zapateneo.net\/wordpress\/#website","url":"https:\/\/zapateneo.net\/wordpress\/","name":"Zapateneo","description":"Zapateneoaren webgunea","publisher":{"@id":"https:\/\/zapateneo.net\/wordpress\/#organization"},"potentialAction":[{"@type":"SearchAction","target":{"@type":"EntryPoint","urlTemplate":"https:\/\/zapateneo.net\/wordpress\/?s={search_term_string}"},"query-input":{"@type":"PropertyValueSpecification","valueRequired":true,"valueName":"search_term_string"}}],"inLanguage":"es"},{"@type":"Organization","@id":"https:\/\/zapateneo.net\/wordpress\/#organization","name":"Zapateneo Kultur Elkartea","url":"https:\/\/zapateneo.net\/wordpress\/","logo":{"@type":"ImageObject","inLanguage":"es","@id":"https:\/\/zapateneo.net\/wordpress\/#\/schema\/logo\/image\/","url":"https:\/\/zapateneo.net\/wordpress\/wp-content\/uploads\/2021\/04\/zap-libu-kolec.jpg","contentUrl":"https:\/\/zapateneo.net\/wordpress\/wp-content\/uploads\/2021\/04\/zap-libu-kolec.jpg","width":2234,"height":398,"caption":"Zapateneo Kultur Elkartea"},"image":{"@id":"https:\/\/zapateneo.net\/wordpress\/#\/schema\/logo\/image\/"},"sameAs":["https:\/\/x.com\/zapateneo"]}]}},"_links":{"self":[{"href":"https:\/\/zapateneo.net\/wordpress\/index.php\/wp-json\/wp\/v2\/product\/12579","targetHints":{"allow":["GET"]}}],"collection":[{"href":"https:\/\/zapateneo.net\/wordpress\/index.php\/wp-json\/wp\/v2\/product"}],"about":[{"href":"https:\/\/zapateneo.net\/wordpress\/index.php\/wp-json\/wp\/v2\/types\/product"}],"wp:featuredmedia":[{"embeddable":true,"href":"https:\/\/zapateneo.net\/wordpress\/index.php\/wp-json\/wp\/v2\/media\/12599"}],"wp:attachment":[{"href":"https:\/\/zapateneo.net\/wordpress\/index.php\/wp-json\/wp\/v2\/media?parent=12579"}],"wp:term":[{"taxonomy":"product_brand","embeddable":true,"href":"https:\/\/zapateneo.net\/wordpress\/index.php\/wp-json\/wp\/v2\/product_brand?post=12579"},{"taxonomy":"product_cat","embeddable":true,"href":"https:\/\/zapateneo.net\/wordpress\/index.php\/wp-json\/wp\/v2\/product_cat?post=12579"},{"taxonomy":"product_tag","embeddable":true,"href":"https:\/\/zapateneo.net\/wordpress\/index.php\/wp-json\/wp\/v2\/product_tag?post=12579"}],"curies":[{"name":"wp","href":"https:\/\/api.w.org\/{rel}","templated":true}]}}