{"id":12577,"date":"2023-04-08T16:46:16","date_gmt":"2023-04-08T15:46:16","guid":{"rendered":"https:\/\/zapateneo.net\/wordpress\/?post_type=product&#038;p=12577"},"modified":"2023-04-08T16:46:28","modified_gmt":"2023-04-08T15:46:28","slug":"las-milicias-antifascistas-de-las-calles-a-las-trincheras-catalunya-1936","status":"publish","type":"product","link":"https:\/\/zapateneo.net\/wordpress\/index.php\/producto\/las-milicias-antifascistas-de-las-calles-a-las-trincheras-catalunya-1936\/","title":{"rendered":"LAS MILICIAS ANTIFASCISTAS De las calles a las trincheras. Catalunya, 1936"},"content":{"rendered":"<p>El fracaso de la sublevaci\u00f3n c\u00edvico-militar de julio de 1936 en Catalunya desencaden\u00f3 un proceso revolucionario que sacudi\u00f3 la legalidad republicana. El Comit\u00e9 Central de Milicias Antifascistas, el nuevo organismo surgido de las barricadas, tuvo que responder a las necesidades de la retaguardia y a la amenaza militar de las fuerzas reaccionarias. El binomio guerra-revoluci\u00f3n se concret\u00f3 en las columnas de combatientes creadas durante las primeras semanas del conflicto.<\/p>\n<p>Lejos de los relatos interesados, Gonzalo Berger se aproxima con rigor a este ej\u00e9rcito de voluntarios y nos presenta la organizaci\u00f3n, la composici\u00f3n ideol\u00f3gica, la financiaci\u00f3n, el papel de los militares, el protagonismo de las mujeres, el n\u00famero de efectivos y la calidad de las tropas implicadas. A trav\u00e9s de fuentes primarias in\u00e9ditas, nos describe la evoluci\u00f3n de los tres principales frentes de batalla: las Baleares, Madrid y Arag\u00f3n, el ambiente pol\u00edtico en la retaguardia y la relaci\u00f3n entre los gobiernos de la Generalitat de Catalunya y de la II Rep\u00fablica espa\u00f1ola.<\/p>\n<p>Gonzalo Berger (Barcelona, 1977) Es doctor en Historia (UB), docente universitario y miembro del grupo de investigaci\u00f3n NEXUS-UPF. Autor de varios libros, art\u00edculos y monograf\u00edas, est\u00e1 especializado en la Guerra Civil espa\u00f1ola y el fen\u00f3meno del voluntariado en los conflictos europeos contempor\u00e1neos. Es investigador principal de los proyectos \u00abLas Milicias Antifascistas de Catalunya\u00bb, \u00abMujeres en guerra: vida y legado de las mujeres combatientes en la Guerra Civil espa\u00f1ola\u00bb y codirector del proyecto \u00abEspacios de la Batalla de Mallorca\u00bb. Recientemente, ha sido comisario de la exposici\u00f3n \u00abNo pasar\u00e1n. 16 d\u00edas, Madrid 1936\u00bb y guionista de los documentales Milicianas y El caso Wanninkhof-Carabantes.<\/p>\n","protected":false},"excerpt":{"rendered":"<p><strong>Gonzalo Berger<\/strong><br \/>\n9788419160171 &#8211; Bellaterra &#8211; 2022 &#8211; 240 p\u00e1ginas \/orri.<\/p>\n","protected":false},"featured_media":12597,"template":"","meta":[],"product_brand":[],"product_cat":[185,16],"product_tag":[92,5883],"class_list":{"0":"post-12577","1":"product","2":"type-product","3":"status-publish","4":"has-post-thumbnail","6":"product_cat-historia","7":"product_cat-libros","8":"product_tag-bellaterra","9":"product_tag-gonzalo-berger","11":"first","12":"instock","13":"sold-individually","14":"shipping-taxable","15":"purchasable","16":"product-type-simple"},"yoast_head":"<!-- This site is optimized with the Yoast SEO plugin v27.3 - https:\/\/yoast.com\/product\/yoast-seo-wordpress\/ -->\n<title>LAS MILICIAS ANTIFASCISTAS De las calles a las trincheras. Catalunya, 1936 &#8212; Zapateneo<\/title>\n<meta name=\"robots\" content=\"index, follow, max-snippet:-1, max-image-preview:large, max-video-preview:-1\" \/>\n<link rel=\"canonical\" href=\"https:\/\/zapateneo.net\/wordpress\/index.php\/producto\/las-milicias-antifascistas-de-las-calles-a-las-trincheras-catalunya-1936\/\" \/>\n<meta property=\"og:locale\" content=\"es_ES\" \/>\n<meta property=\"og:type\" content=\"article\" \/>\n<meta property=\"og:title\" content=\"LAS MILICIAS ANTIFASCISTAS De las calles a las trincheras. Catalunya, 1936 &#8212; Zapateneo\" \/>\n<meta property=\"og:description\" content=\"Gonzalo Berger 9788419160171 - Bellaterra - 2022 - 240 p\u00e1ginas \/orri.\" \/>\n<meta property=\"og:url\" content=\"https:\/\/zapateneo.net\/wordpress\/index.php\/producto\/las-milicias-antifascistas-de-las-calles-a-las-trincheras-catalunya-1936\/\" \/>\n<meta property=\"og:site_name\" content=\"Zapateneo\" \/>\n<meta property=\"article:modified_time\" content=\"2023-04-08T15:46:28+00:00\" \/>\n<meta name=\"twitter:card\" content=\"summary_large_image\" \/>\n<meta name=\"twitter:site\" content=\"@zapateneo\" \/>\n<meta name=\"twitter:label1\" content=\"Tiempo de lectura\" \/>\n\t<meta name=\"twitter:data1\" content=\"1 minuto\" \/>\n<script type=\"application\/ld+json\" class=\"yoast-schema-graph\">{\"@context\":\"https:\\\/\\\/schema.org\",\"@graph\":[{\"@type\":\"WebPage\",\"@id\":\"https:\\\/\\\/zapateneo.net\\\/wordpress\\\/index.php\\\/producto\\\/las-milicias-antifascistas-de-las-calles-a-las-trincheras-catalunya-1936\\\/\",\"url\":\"https:\\\/\\\/zapateneo.net\\\/wordpress\\\/index.php\\\/producto\\\/las-milicias-antifascistas-de-las-calles-a-las-trincheras-catalunya-1936\\\/\",\"name\":\"LAS MILICIAS ANTIFASCISTAS De las calles a las trincheras. Catalunya, 1936 &#8212; Zapateneo\",\"isPartOf\":{\"@id\":\"https:\\\/\\\/zapateneo.net\\\/wordpress\\\/#website\"},\"primaryImageOfPage\":{\"@id\":\"https:\\\/\\\/zapateneo.net\\\/wordpress\\\/index.php\\\/producto\\\/las-milicias-antifascistas-de-las-calles-a-las-trincheras-catalunya-1936\\\/#primaryimage\"},\"image\":{\"@id\":\"https:\\\/\\\/zapateneo.net\\\/wordpress\\\/index.php\\\/producto\\\/las-milicias-antifascistas-de-las-calles-a-las-trincheras-catalunya-1936\\\/#primaryimage\"},\"thumbnailUrl\":\"https:\\\/\\\/zapateneo.net\\\/wordpress\\\/wp-content\\\/uploads\\\/2023\\\/04\\\/las-milicias-antifascistas-9788419160171.jpg\",\"datePublished\":\"2023-04-08T15:46:16+00:00\",\"dateModified\":\"2023-04-08T15:46:28+00:00\",\"breadcrumb\":{\"@id\":\"https:\\\/\\\/zapateneo.net\\\/wordpress\\\/index.php\\\/producto\\\/las-milicias-antifascistas-de-las-calles-a-las-trincheras-catalunya-1936\\\/#breadcrumb\"},\"inLanguage\":\"es\",\"potentialAction\":[{\"@type\":\"ReadAction\",\"target\":[\"https:\\\/\\\/zapateneo.net\\\/wordpress\\\/index.php\\\/producto\\\/las-milicias-antifascistas-de-las-calles-a-las-trincheras-catalunya-1936\\\/\"]}]},{\"@type\":\"ImageObject\",\"inLanguage\":\"es\",\"@id\":\"https:\\\/\\\/zapateneo.net\\\/wordpress\\\/index.php\\\/producto\\\/las-milicias-antifascistas-de-las-calles-a-las-trincheras-catalunya-1936\\\/#primaryimage\",\"url\":\"https:\\\/\\\/zapateneo.net\\\/wordpress\\\/wp-content\\\/uploads\\\/2023\\\/04\\\/las-milicias-antifascistas-9788419160171.jpg\",\"contentUrl\":\"https:\\\/\\\/zapateneo.net\\\/wordpress\\\/wp-content\\\/uploads\\\/2023\\\/04\\\/las-milicias-antifascistas-9788419160171.jpg\",\"width\":261,\"height\":400},{\"@type\":\"BreadcrumbList\",\"@id\":\"https:\\\/\\\/zapateneo.net\\\/wordpress\\\/index.php\\\/producto\\\/las-milicias-antifascistas-de-las-calles-a-las-trincheras-catalunya-1936\\\/#breadcrumb\",\"itemListElement\":[{\"@type\":\"ListItem\",\"position\":1,\"name\":\"Portada\",\"item\":\"https:\\\/\\\/zapateneo.net\\\/wordpress\\\/\"},{\"@type\":\"ListItem\",\"position\":2,\"name\":\"Tienda\",\"item\":\"https:\\\/\\\/zapateneo.net\\\/wordpress\\\/\"},{\"@type\":\"ListItem\",\"position\":3,\"name\":\"LAS MILICIAS ANTIFASCISTAS De las calles a las trincheras. Catalunya, 1936\"}]},{\"@type\":\"WebSite\",\"@id\":\"https:\\\/\\\/zapateneo.net\\\/wordpress\\\/#website\",\"url\":\"https:\\\/\\\/zapateneo.net\\\/wordpress\\\/\",\"name\":\"Zapateneo\",\"description\":\"Zapateneoaren webgunea\",\"publisher\":{\"@id\":\"https:\\\/\\\/zapateneo.net\\\/wordpress\\\/#organization\"},\"potentialAction\":[{\"@type\":\"SearchAction\",\"target\":{\"@type\":\"EntryPoint\",\"urlTemplate\":\"https:\\\/\\\/zapateneo.net\\\/wordpress\\\/?s={search_term_string}\"},\"query-input\":{\"@type\":\"PropertyValueSpecification\",\"valueRequired\":true,\"valueName\":\"search_term_string\"}}],\"inLanguage\":\"es\"},{\"@type\":\"Organization\",\"@id\":\"https:\\\/\\\/zapateneo.net\\\/wordpress\\\/#organization\",\"name\":\"Zapateneo Kultur Elkartea\",\"url\":\"https:\\\/\\\/zapateneo.net\\\/wordpress\\\/\",\"logo\":{\"@type\":\"ImageObject\",\"inLanguage\":\"es\",\"@id\":\"https:\\\/\\\/zapateneo.net\\\/wordpress\\\/#\\\/schema\\\/logo\\\/image\\\/\",\"url\":\"https:\\\/\\\/zapateneo.net\\\/wordpress\\\/wp-content\\\/uploads\\\/2021\\\/04\\\/zap-libu-kolec.jpg\",\"contentUrl\":\"https:\\\/\\\/zapateneo.net\\\/wordpress\\\/wp-content\\\/uploads\\\/2021\\\/04\\\/zap-libu-kolec.jpg\",\"width\":2234,\"height\":398,\"caption\":\"Zapateneo Kultur Elkartea\"},\"image\":{\"@id\":\"https:\\\/\\\/zapateneo.net\\\/wordpress\\\/#\\\/schema\\\/logo\\\/image\\\/\"},\"sameAs\":[\"https:\\\/\\\/x.com\\\/zapateneo\"]}]}<\/script>\n<!-- \/ Yoast SEO plugin. -->","yoast_head_json":{"title":"LAS MILICIAS ANTIFASCISTAS De las calles a las trincheras. Catalunya, 1936 &#8212; Zapateneo","robots":{"index":"index","follow":"follow","max-snippet":"max-snippet:-1","max-image-preview":"max-image-preview:large","max-video-preview":"max-video-preview:-1"},"canonical":"https:\/\/zapateneo.net\/wordpress\/index.php\/producto\/las-milicias-antifascistas-de-las-calles-a-las-trincheras-catalunya-1936\/","og_locale":"es_ES","og_type":"article","og_title":"LAS MILICIAS ANTIFASCISTAS De las calles a las trincheras. Catalunya, 1936 &#8212; Zapateneo","og_description":"Gonzalo Berger 9788419160171 - Bellaterra - 2022 - 240 p\u00e1ginas \/orri.","og_url":"https:\/\/zapateneo.net\/wordpress\/index.php\/producto\/las-milicias-antifascistas-de-las-calles-a-las-trincheras-catalunya-1936\/","og_site_name":"Zapateneo","article_modified_time":"2023-04-08T15:46:28+00:00","twitter_card":"summary_large_image","twitter_site":"@zapateneo","twitter_misc":{"Tiempo de lectura":"1 minuto"},"schema":{"@context":"https:\/\/schema.org","@graph":[{"@type":"WebPage","@id":"https:\/\/zapateneo.net\/wordpress\/index.php\/producto\/las-milicias-antifascistas-de-las-calles-a-las-trincheras-catalunya-1936\/","url":"https:\/\/zapateneo.net\/wordpress\/index.php\/producto\/las-milicias-antifascistas-de-las-calles-a-las-trincheras-catalunya-1936\/","name":"LAS MILICIAS ANTIFASCISTAS De las calles a las trincheras. Catalunya, 1936 &#8212; Zapateneo","isPartOf":{"@id":"https:\/\/zapateneo.net\/wordpress\/#website"},"primaryImageOfPage":{"@id":"https:\/\/zapateneo.net\/wordpress\/index.php\/producto\/las-milicias-antifascistas-de-las-calles-a-las-trincheras-catalunya-1936\/#primaryimage"},"image":{"@id":"https:\/\/zapateneo.net\/wordpress\/index.php\/producto\/las-milicias-antifascistas-de-las-calles-a-las-trincheras-catalunya-1936\/#primaryimage"},"thumbnailUrl":"https:\/\/zapateneo.net\/wordpress\/wp-content\/uploads\/2023\/04\/las-milicias-antifascistas-9788419160171.jpg","datePublished":"2023-04-08T15:46:16+00:00","dateModified":"2023-04-08T15:46:28+00:00","breadcrumb":{"@id":"https:\/\/zapateneo.net\/wordpress\/index.php\/producto\/las-milicias-antifascistas-de-las-calles-a-las-trincheras-catalunya-1936\/#breadcrumb"},"inLanguage":"es","potentialAction":[{"@type":"ReadAction","target":["https:\/\/zapateneo.net\/wordpress\/index.php\/producto\/las-milicias-antifascistas-de-las-calles-a-las-trincheras-catalunya-1936\/"]}]},{"@type":"ImageObject","inLanguage":"es","@id":"https:\/\/zapateneo.net\/wordpress\/index.php\/producto\/las-milicias-antifascistas-de-las-calles-a-las-trincheras-catalunya-1936\/#primaryimage","url":"https:\/\/zapateneo.net\/wordpress\/wp-content\/uploads\/2023\/04\/las-milicias-antifascistas-9788419160171.jpg","contentUrl":"https:\/\/zapateneo.net\/wordpress\/wp-content\/uploads\/2023\/04\/las-milicias-antifascistas-9788419160171.jpg","width":261,"height":400},{"@type":"BreadcrumbList","@id":"https:\/\/zapateneo.net\/wordpress\/index.php\/producto\/las-milicias-antifascistas-de-las-calles-a-las-trincheras-catalunya-1936\/#breadcrumb","itemListElement":[{"@type":"ListItem","position":1,"name":"Portada","item":"https:\/\/zapateneo.net\/wordpress\/"},{"@type":"ListItem","position":2,"name":"Tienda","item":"https:\/\/zapateneo.net\/wordpress\/"},{"@type":"ListItem","position":3,"name":"LAS MILICIAS ANTIFASCISTAS De las calles a las trincheras. Catalunya, 1936"}]},{"@type":"WebSite","@id":"https:\/\/zapateneo.net\/wordpress\/#website","url":"https:\/\/zapateneo.net\/wordpress\/","name":"Zapateneo","description":"Zapateneoaren webgunea","publisher":{"@id":"https:\/\/zapateneo.net\/wordpress\/#organization"},"potentialAction":[{"@type":"SearchAction","target":{"@type":"EntryPoint","urlTemplate":"https:\/\/zapateneo.net\/wordpress\/?s={search_term_string}"},"query-input":{"@type":"PropertyValueSpecification","valueRequired":true,"valueName":"search_term_string"}}],"inLanguage":"es"},{"@type":"Organization","@id":"https:\/\/zapateneo.net\/wordpress\/#organization","name":"Zapateneo Kultur Elkartea","url":"https:\/\/zapateneo.net\/wordpress\/","logo":{"@type":"ImageObject","inLanguage":"es","@id":"https:\/\/zapateneo.net\/wordpress\/#\/schema\/logo\/image\/","url":"https:\/\/zapateneo.net\/wordpress\/wp-content\/uploads\/2021\/04\/zap-libu-kolec.jpg","contentUrl":"https:\/\/zapateneo.net\/wordpress\/wp-content\/uploads\/2021\/04\/zap-libu-kolec.jpg","width":2234,"height":398,"caption":"Zapateneo Kultur Elkartea"},"image":{"@id":"https:\/\/zapateneo.net\/wordpress\/#\/schema\/logo\/image\/"},"sameAs":["https:\/\/x.com\/zapateneo"]}]}},"_links":{"self":[{"href":"https:\/\/zapateneo.net\/wordpress\/index.php\/wp-json\/wp\/v2\/product\/12577","targetHints":{"allow":["GET"]}}],"collection":[{"href":"https:\/\/zapateneo.net\/wordpress\/index.php\/wp-json\/wp\/v2\/product"}],"about":[{"href":"https:\/\/zapateneo.net\/wordpress\/index.php\/wp-json\/wp\/v2\/types\/product"}],"wp:featuredmedia":[{"embeddable":true,"href":"https:\/\/zapateneo.net\/wordpress\/index.php\/wp-json\/wp\/v2\/media\/12597"}],"wp:attachment":[{"href":"https:\/\/zapateneo.net\/wordpress\/index.php\/wp-json\/wp\/v2\/media?parent=12577"}],"wp:term":[{"taxonomy":"product_brand","embeddable":true,"href":"https:\/\/zapateneo.net\/wordpress\/index.php\/wp-json\/wp\/v2\/product_brand?post=12577"},{"taxonomy":"product_cat","embeddable":true,"href":"https:\/\/zapateneo.net\/wordpress\/index.php\/wp-json\/wp\/v2\/product_cat?post=12577"},{"taxonomy":"product_tag","embeddable":true,"href":"https:\/\/zapateneo.net\/wordpress\/index.php\/wp-json\/wp\/v2\/product_tag?post=12577"}],"curies":[{"name":"wp","href":"https:\/\/api.w.org\/{rel}","templated":true}]}}