{"id":12570,"date":"2023-04-08T16:46:14","date_gmt":"2023-04-08T15:46:14","guid":{"rendered":"https:\/\/zapateneo.net\/wordpress\/?post_type=product&#038;p=12570"},"modified":"2023-04-08T16:46:24","modified_gmt":"2023-04-08T15:46:24","slug":"la-rebelion-de-las-hienas-relatos-corporales-de-personas-intersex","status":"publish","type":"product","link":"https:\/\/zapateneo.net\/wordpress\/index.php\/producto\/la-rebelion-de-las-hienas-relatos-corporales-de-personas-intersex\/","title":{"rendered":"LA REBELI\u00d3N DE LAS HIENAS Relatos corporales de personas intersex"},"content":{"rendered":"<p>Un viaje autobiogr\u00e1fico hacia el encuentro de referentes intersex para iniciar una revoluci\u00f3n. Los relatos de sus protagonistas nos muestran la construcci\u00f3n de una identidad colectiva en la b\u00fasqueda de un presente\/futuro de libertad y con derechos.<\/p>\n<p>Castell\u00f3n, 2016. Nace Lola. La actriz protagonista. Sale a escena. Y va rompiendo, poco a poco, su silencio. Viaja, en busca de referentes. La primera hermafrodita a caballo est\u00e1 ah\u00ed, aguardando en Barcelona. A orillas del Mediterr\u00e1neo aparece otra: la Melero. Una repentina llamada la lleva a Galicia, junto a la vallista del COI. Ansiosa, emigra. Instalada en Valencia se encuentra, inesperadamente, con una chiqueta del Cabanyal. Vive sus catarsis. En Logro\u00f1o, baila junto a otra de las machorras.<\/p>\n<p>Pierde el rumbo. Descubre una br\u00fajula intersexual situada en un punto de M\u00e9xico. Siguiente destino: Pa\u00eds Vasco. En el pupitre de al lado se sienta la Kollontai del siglo xxi. Desde Madrid, irrumpe con fuerza la voz de una se\u00f1ora bien y fet\u00e9n. Mientras tanto, un ave f\u00e9nix extrabinarie atraviesa el cielo gris de Bizkaia. Y, entonces, pone cara al holograma del documental No box for me.<\/p>\n<p>\u00bfQu\u00e9 falta? Descubrir a un notas del distrito sur de Sevilla. Volver a casa. Conversar con las dos que faltaban. Parar. En Salamanca, escribe y performa. Lola se empodera y Mer se desarmariza. Por fin, ha encontrado una familia intersex. Toca defenderse, cacarear bien alto. \u00bfTe unes a la rebeli\u00f3n de las hienas?<\/p>\n<p>Mer G\u00f3mez \u00abBicha rara. Escribo desde el cruce, soy una hiena\u00bb. Autora y activista intersex. Graduada en Periodismo. Especializada en Estudios Internacionales de Paz, Conflictos y Desarrollo y en Estudios Feministas y de G\u00e9nero. Ha escrito y protagonizado los mon\u00f3logos para microteatro La revoluci\u00f3n de Lola y Solo apto para BICHAS RARAS, as\u00ed como el corto-documental Se receta silencio. Ha publicado, adem\u00e1s, art\u00edculos como \u00abSoy Lola y soy Intersexual\u00bb, o \u00abLa i est\u00e1 empezando a salir del armario\u00bb en Pikara Magazine. Desde 2020, coordina el colectivo i de Intersex junto a Laura Vila Kremer. Un espacio de sensibilizaci\u00f3n desde el que forman e informan sobre intersexualidades y diversidad corporal. Actualmente, desarrolla su tesis doctoral dentro del programa de Estudios Feministas y de G\u00e9nero de la Universidad del Pa\u00eds Vasco. Su objetivo es poner en el centro las experiencias de vida intersex para generar nuevos enunciados, encarnados y situados, sobre la intersexualidad.<\/p>\n","protected":false},"excerpt":{"rendered":"<p><strong>Mer G\u00f3mez<\/strong><br \/>\n9788419160225 &#8211; Bellaterra &#8211; 2022 &#8211; 233 p\u00e1ginas \/orri.<\/p>\n","protected":false},"featured_media":12590,"template":"","meta":[],"product_brand":[],"product_cat":[174,16],"product_tag":[92,5877],"class_list":{"0":"post-12570","1":"product","2":"type-product","3":"status-publish","4":"has-post-thumbnail","6":"product_cat-generoak-generos","7":"product_cat-libros","8":"product_tag-bellaterra","9":"product_tag-mer-gomez","11":"first","12":"instock","13":"sold-individually","14":"shipping-taxable","15":"purchasable","16":"product-type-simple"},"yoast_head":"<!-- This site is optimized with the Yoast SEO plugin v27.3 - https:\/\/yoast.com\/product\/yoast-seo-wordpress\/ -->\n<title>LA REBELI\u00d3N DE LAS HIENAS Relatos corporales de personas intersex &#8212; Zapateneo<\/title>\n<meta name=\"robots\" content=\"index, follow, max-snippet:-1, max-image-preview:large, max-video-preview:-1\" \/>\n<link rel=\"canonical\" href=\"https:\/\/zapateneo.net\/wordpress\/index.php\/producto\/la-rebelion-de-las-hienas-relatos-corporales-de-personas-intersex\/\" \/>\n<meta property=\"og:locale\" content=\"es_ES\" \/>\n<meta property=\"og:type\" content=\"article\" \/>\n<meta property=\"og:title\" content=\"LA REBELI\u00d3N DE LAS HIENAS Relatos corporales de personas intersex &#8212; Zapateneo\" \/>\n<meta property=\"og:description\" content=\"Mer G\u00f3mez 9788419160225 - Bellaterra - 2022 - 233 p\u00e1ginas \/orri.\" \/>\n<meta property=\"og:url\" content=\"https:\/\/zapateneo.net\/wordpress\/index.php\/producto\/la-rebelion-de-las-hienas-relatos-corporales-de-personas-intersex\/\" \/>\n<meta property=\"og:site_name\" content=\"Zapateneo\" \/>\n<meta property=\"article:modified_time\" content=\"2023-04-08T15:46:24+00:00\" \/>\n<meta name=\"twitter:card\" content=\"summary_large_image\" \/>\n<meta name=\"twitter:site\" content=\"@zapateneo\" \/>\n<meta name=\"twitter:label1\" content=\"Tiempo de lectura\" \/>\n\t<meta name=\"twitter:data1\" content=\"2 minutos\" \/>\n<script type=\"application\/ld+json\" class=\"yoast-schema-graph\">{\"@context\":\"https:\\\/\\\/schema.org\",\"@graph\":[{\"@type\":\"WebPage\",\"@id\":\"https:\\\/\\\/zapateneo.net\\\/wordpress\\\/index.php\\\/producto\\\/la-rebelion-de-las-hienas-relatos-corporales-de-personas-intersex\\\/\",\"url\":\"https:\\\/\\\/zapateneo.net\\\/wordpress\\\/index.php\\\/producto\\\/la-rebelion-de-las-hienas-relatos-corporales-de-personas-intersex\\\/\",\"name\":\"LA REBELI\u00d3N DE LAS HIENAS Relatos corporales de personas intersex &#8212; Zapateneo\",\"isPartOf\":{\"@id\":\"https:\\\/\\\/zapateneo.net\\\/wordpress\\\/#website\"},\"primaryImageOfPage\":{\"@id\":\"https:\\\/\\\/zapateneo.net\\\/wordpress\\\/index.php\\\/producto\\\/la-rebelion-de-las-hienas-relatos-corporales-de-personas-intersex\\\/#primaryimage\"},\"image\":{\"@id\":\"https:\\\/\\\/zapateneo.net\\\/wordpress\\\/index.php\\\/producto\\\/la-rebelion-de-las-hienas-relatos-corporales-de-personas-intersex\\\/#primaryimage\"},\"thumbnailUrl\":\"https:\\\/\\\/zapateneo.net\\\/wordpress\\\/wp-content\\\/uploads\\\/2023\\\/04\\\/la-rebelion-de-las-hienas-9788419160225.jpg\",\"datePublished\":\"2023-04-08T15:46:14+00:00\",\"dateModified\":\"2023-04-08T15:46:24+00:00\",\"breadcrumb\":{\"@id\":\"https:\\\/\\\/zapateneo.net\\\/wordpress\\\/index.php\\\/producto\\\/la-rebelion-de-las-hienas-relatos-corporales-de-personas-intersex\\\/#breadcrumb\"},\"inLanguage\":\"es\",\"potentialAction\":[{\"@type\":\"ReadAction\",\"target\":[\"https:\\\/\\\/zapateneo.net\\\/wordpress\\\/index.php\\\/producto\\\/la-rebelion-de-las-hienas-relatos-corporales-de-personas-intersex\\\/\"]}]},{\"@type\":\"ImageObject\",\"inLanguage\":\"es\",\"@id\":\"https:\\\/\\\/zapateneo.net\\\/wordpress\\\/index.php\\\/producto\\\/la-rebelion-de-las-hienas-relatos-corporales-de-personas-intersex\\\/#primaryimage\",\"url\":\"https:\\\/\\\/zapateneo.net\\\/wordpress\\\/wp-content\\\/uploads\\\/2023\\\/04\\\/la-rebelion-de-las-hienas-9788419160225.jpg\",\"contentUrl\":\"https:\\\/\\\/zapateneo.net\\\/wordpress\\\/wp-content\\\/uploads\\\/2023\\\/04\\\/la-rebelion-de-las-hienas-9788419160225.jpg\",\"width\":286,\"height\":400},{\"@type\":\"BreadcrumbList\",\"@id\":\"https:\\\/\\\/zapateneo.net\\\/wordpress\\\/index.php\\\/producto\\\/la-rebelion-de-las-hienas-relatos-corporales-de-personas-intersex\\\/#breadcrumb\",\"itemListElement\":[{\"@type\":\"ListItem\",\"position\":1,\"name\":\"Portada\",\"item\":\"https:\\\/\\\/zapateneo.net\\\/wordpress\\\/\"},{\"@type\":\"ListItem\",\"position\":2,\"name\":\"Tienda\",\"item\":\"https:\\\/\\\/zapateneo.net\\\/wordpress\\\/\"},{\"@type\":\"ListItem\",\"position\":3,\"name\":\"LA REBELI\u00d3N DE LAS HIENAS Relatos corporales de personas intersex\"}]},{\"@type\":\"WebSite\",\"@id\":\"https:\\\/\\\/zapateneo.net\\\/wordpress\\\/#website\",\"url\":\"https:\\\/\\\/zapateneo.net\\\/wordpress\\\/\",\"name\":\"Zapateneo\",\"description\":\"Zapateneoaren webgunea\",\"publisher\":{\"@id\":\"https:\\\/\\\/zapateneo.net\\\/wordpress\\\/#organization\"},\"potentialAction\":[{\"@type\":\"SearchAction\",\"target\":{\"@type\":\"EntryPoint\",\"urlTemplate\":\"https:\\\/\\\/zapateneo.net\\\/wordpress\\\/?s={search_term_string}\"},\"query-input\":{\"@type\":\"PropertyValueSpecification\",\"valueRequired\":true,\"valueName\":\"search_term_string\"}}],\"inLanguage\":\"es\"},{\"@type\":\"Organization\",\"@id\":\"https:\\\/\\\/zapateneo.net\\\/wordpress\\\/#organization\",\"name\":\"Zapateneo Kultur Elkartea\",\"url\":\"https:\\\/\\\/zapateneo.net\\\/wordpress\\\/\",\"logo\":{\"@type\":\"ImageObject\",\"inLanguage\":\"es\",\"@id\":\"https:\\\/\\\/zapateneo.net\\\/wordpress\\\/#\\\/schema\\\/logo\\\/image\\\/\",\"url\":\"https:\\\/\\\/zapateneo.net\\\/wordpress\\\/wp-content\\\/uploads\\\/2021\\\/04\\\/zap-libu-kolec.jpg\",\"contentUrl\":\"https:\\\/\\\/zapateneo.net\\\/wordpress\\\/wp-content\\\/uploads\\\/2021\\\/04\\\/zap-libu-kolec.jpg\",\"width\":2234,\"height\":398,\"caption\":\"Zapateneo Kultur Elkartea\"},\"image\":{\"@id\":\"https:\\\/\\\/zapateneo.net\\\/wordpress\\\/#\\\/schema\\\/logo\\\/image\\\/\"},\"sameAs\":[\"https:\\\/\\\/x.com\\\/zapateneo\"]}]}<\/script>\n<!-- \/ Yoast SEO plugin. -->","yoast_head_json":{"title":"LA REBELI\u00d3N DE LAS HIENAS Relatos corporales de personas intersex &#8212; Zapateneo","robots":{"index":"index","follow":"follow","max-snippet":"max-snippet:-1","max-image-preview":"max-image-preview:large","max-video-preview":"max-video-preview:-1"},"canonical":"https:\/\/zapateneo.net\/wordpress\/index.php\/producto\/la-rebelion-de-las-hienas-relatos-corporales-de-personas-intersex\/","og_locale":"es_ES","og_type":"article","og_title":"LA REBELI\u00d3N DE LAS HIENAS Relatos corporales de personas intersex &#8212; Zapateneo","og_description":"Mer G\u00f3mez 9788419160225 - Bellaterra - 2022 - 233 p\u00e1ginas \/orri.","og_url":"https:\/\/zapateneo.net\/wordpress\/index.php\/producto\/la-rebelion-de-las-hienas-relatos-corporales-de-personas-intersex\/","og_site_name":"Zapateneo","article_modified_time":"2023-04-08T15:46:24+00:00","twitter_card":"summary_large_image","twitter_site":"@zapateneo","twitter_misc":{"Tiempo de lectura":"2 minutos"},"schema":{"@context":"https:\/\/schema.org","@graph":[{"@type":"WebPage","@id":"https:\/\/zapateneo.net\/wordpress\/index.php\/producto\/la-rebelion-de-las-hienas-relatos-corporales-de-personas-intersex\/","url":"https:\/\/zapateneo.net\/wordpress\/index.php\/producto\/la-rebelion-de-las-hienas-relatos-corporales-de-personas-intersex\/","name":"LA REBELI\u00d3N DE LAS HIENAS Relatos corporales de personas intersex &#8212; Zapateneo","isPartOf":{"@id":"https:\/\/zapateneo.net\/wordpress\/#website"},"primaryImageOfPage":{"@id":"https:\/\/zapateneo.net\/wordpress\/index.php\/producto\/la-rebelion-de-las-hienas-relatos-corporales-de-personas-intersex\/#primaryimage"},"image":{"@id":"https:\/\/zapateneo.net\/wordpress\/index.php\/producto\/la-rebelion-de-las-hienas-relatos-corporales-de-personas-intersex\/#primaryimage"},"thumbnailUrl":"https:\/\/zapateneo.net\/wordpress\/wp-content\/uploads\/2023\/04\/la-rebelion-de-las-hienas-9788419160225.jpg","datePublished":"2023-04-08T15:46:14+00:00","dateModified":"2023-04-08T15:46:24+00:00","breadcrumb":{"@id":"https:\/\/zapateneo.net\/wordpress\/index.php\/producto\/la-rebelion-de-las-hienas-relatos-corporales-de-personas-intersex\/#breadcrumb"},"inLanguage":"es","potentialAction":[{"@type":"ReadAction","target":["https:\/\/zapateneo.net\/wordpress\/index.php\/producto\/la-rebelion-de-las-hienas-relatos-corporales-de-personas-intersex\/"]}]},{"@type":"ImageObject","inLanguage":"es","@id":"https:\/\/zapateneo.net\/wordpress\/index.php\/producto\/la-rebelion-de-las-hienas-relatos-corporales-de-personas-intersex\/#primaryimage","url":"https:\/\/zapateneo.net\/wordpress\/wp-content\/uploads\/2023\/04\/la-rebelion-de-las-hienas-9788419160225.jpg","contentUrl":"https:\/\/zapateneo.net\/wordpress\/wp-content\/uploads\/2023\/04\/la-rebelion-de-las-hienas-9788419160225.jpg","width":286,"height":400},{"@type":"BreadcrumbList","@id":"https:\/\/zapateneo.net\/wordpress\/index.php\/producto\/la-rebelion-de-las-hienas-relatos-corporales-de-personas-intersex\/#breadcrumb","itemListElement":[{"@type":"ListItem","position":1,"name":"Portada","item":"https:\/\/zapateneo.net\/wordpress\/"},{"@type":"ListItem","position":2,"name":"Tienda","item":"https:\/\/zapateneo.net\/wordpress\/"},{"@type":"ListItem","position":3,"name":"LA REBELI\u00d3N DE LAS HIENAS Relatos corporales de personas intersex"}]},{"@type":"WebSite","@id":"https:\/\/zapateneo.net\/wordpress\/#website","url":"https:\/\/zapateneo.net\/wordpress\/","name":"Zapateneo","description":"Zapateneoaren webgunea","publisher":{"@id":"https:\/\/zapateneo.net\/wordpress\/#organization"},"potentialAction":[{"@type":"SearchAction","target":{"@type":"EntryPoint","urlTemplate":"https:\/\/zapateneo.net\/wordpress\/?s={search_term_string}"},"query-input":{"@type":"PropertyValueSpecification","valueRequired":true,"valueName":"search_term_string"}}],"inLanguage":"es"},{"@type":"Organization","@id":"https:\/\/zapateneo.net\/wordpress\/#organization","name":"Zapateneo Kultur Elkartea","url":"https:\/\/zapateneo.net\/wordpress\/","logo":{"@type":"ImageObject","inLanguage":"es","@id":"https:\/\/zapateneo.net\/wordpress\/#\/schema\/logo\/image\/","url":"https:\/\/zapateneo.net\/wordpress\/wp-content\/uploads\/2021\/04\/zap-libu-kolec.jpg","contentUrl":"https:\/\/zapateneo.net\/wordpress\/wp-content\/uploads\/2021\/04\/zap-libu-kolec.jpg","width":2234,"height":398,"caption":"Zapateneo Kultur Elkartea"},"image":{"@id":"https:\/\/zapateneo.net\/wordpress\/#\/schema\/logo\/image\/"},"sameAs":["https:\/\/x.com\/zapateneo"]}]}},"_links":{"self":[{"href":"https:\/\/zapateneo.net\/wordpress\/index.php\/wp-json\/wp\/v2\/product\/12570","targetHints":{"allow":["GET"]}}],"collection":[{"href":"https:\/\/zapateneo.net\/wordpress\/index.php\/wp-json\/wp\/v2\/product"}],"about":[{"href":"https:\/\/zapateneo.net\/wordpress\/index.php\/wp-json\/wp\/v2\/types\/product"}],"wp:featuredmedia":[{"embeddable":true,"href":"https:\/\/zapateneo.net\/wordpress\/index.php\/wp-json\/wp\/v2\/media\/12590"}],"wp:attachment":[{"href":"https:\/\/zapateneo.net\/wordpress\/index.php\/wp-json\/wp\/v2\/media?parent=12570"}],"wp:term":[{"taxonomy":"product_brand","embeddable":true,"href":"https:\/\/zapateneo.net\/wordpress\/index.php\/wp-json\/wp\/v2\/product_brand?post=12570"},{"taxonomy":"product_cat","embeddable":true,"href":"https:\/\/zapateneo.net\/wordpress\/index.php\/wp-json\/wp\/v2\/product_cat?post=12570"},{"taxonomy":"product_tag","embeddable":true,"href":"https:\/\/zapateneo.net\/wordpress\/index.php\/wp-json\/wp\/v2\/product_tag?post=12570"}],"curies":[{"name":"wp","href":"https:\/\/api.w.org\/{rel}","templated":true}]}}