{"id":12569,"date":"2023-04-08T16:46:14","date_gmt":"2023-04-08T15:46:14","guid":{"rendered":"https:\/\/zapateneo.net\/wordpress\/?post_type=product&#038;p=12569"},"modified":"2023-04-08T16:46:23","modified_gmt":"2023-04-08T15:46:23","slug":"cuando-el-estado-es-violento-narrativas-de-violenca-contra-las-mujeres-y-las-disidencias-sexuales","status":"publish","type":"product","link":"https:\/\/zapateneo.net\/wordpress\/index.php\/producto\/cuando-el-estado-es-violento-narrativas-de-violenca-contra-las-mujeres-y-las-disidencias-sexuales\/","title":{"rendered":"CUANDO EL ESTADO ES VIOLENTO Narrativas de violenca contra las mujeres y las disidencias sexuales"},"content":{"rendered":"<p>\u00bfCu\u00e1ndo es violento el estado? \u00bfDe qu\u00e9 formas, expl\u00edcitas o sutiles? \u00bfQu\u00e9 pr\u00e1cticas estatales son violentas? \u00bfContra qui\u00e9nes es m\u00e1s violento? \u00bfC\u00f3mo es narrada la violencia por quienes la sufren? \u00bfQu\u00e9 relaci\u00f3n tienen el g\u00e9nero y la sexualidad con la violencia estatal? \u00bfQu\u00e9 violencias experimentan mujeres, ni\u00f1as y adolescentes? \u00bfY las disidencias sexuales? \u00bfC\u00f3mo las resisten? \u00bfEs posible una justicia feminista? \u00bfSe puede destruir el edificio de la dominaci\u00f3n con las herramientas del amo? \u00bfEs posible un estado de los cuidados, feminista y postpatriarcal?<\/p>\n<p>Cuando el estado es violento aborda las violencias del estado y las resistencias desde narrativas de activistas y acad\u00e9micas feministas. Partimos del cotidiano porque la vivencia de esa violencia es un camino para pensar el mosaico desde las teselas. Cada relato tiene sentido en s\u00ed mismo, ese es su nombre propio, sin embargo, queremos reconocer la fuerza del denominador com\u00fan al que dan forma estas narrativas. Nuestro objetivo es desvelar el bastidor violento en que se trama la vida social, para generar alternativas. Las escenas que narra este libro son un espejo de aumento donde ver nuestra sociedad en su imbricaci\u00f3n con el estado: cartografiar la violencia en el entramado de la vida cotidiana para pensar la dimensi\u00f3n sist\u00e9mica a trav\u00e9s de sus fragmentos. El libro se sit\u00faa en el estado espa\u00f1ol y se centra en tres de los \u00e1mbitos de intervenci\u00f3n estatal, justicia, salud y educaci\u00f3n, por cuanto en ellos se condensan las condiciones indispensables de una vida digna.<\/p>\n<p>Marta Cabezas Fern\u00e1ndez es profesora del Departamento de Antropolog\u00eda Social y Pensamiento Filos\u00f3fico Espa\u00f1ol de la Universidad Aut\u00f3noma de Madrid. Ha sido Investigadora Postdoctoral InterTalentum \u2013 Marie Curie, vinculada al Instituto Universitario de Estudios de la Mujer la UAM. Desde 2015 es tambi\u00e9n profesora visitante en FLACSO Ecuador. Su docencia e investigaci\u00f3n se centra en el g\u00e9nero, la derecha radical, la violencia y los derechos humanos. Es coeditora de La reacci\u00f3n patriarcal; Neoliberalismo autoritario, politizaci\u00f3n religiosa y nuevas derechas y Cuando el estado es violento; Narrativas de violencia contra las mujeres y las disidencias sexuales (Bellaterra Edicions, 2022).<\/p>\n<p>Ana Mart\u00ednez P\u00e9rez es profesora titular de Sociolog\u00eda en la Universidad Rey Juan Carlos. Investiga sobre el an\u00e1lisis de pol\u00edticas p\u00fablicas en salud y educaci\u00f3n con enfoque de g\u00e9nero y derechos humanos. Comisi\u00f3n de servicios por cooperaci\u00f3n internacional en Ecuador (2014-2019) imparte Antropolog\u00eda y Sociolog\u00eda M\u00e9dica y es coordinadora de vinculaci\u00f3n con la comunidad en Medicina de la Universidad de las Am\u00e9ricas. Ha participado en el programa L\u00edder en Salud Internacional de la Organizaci\u00f3n Panamericana de la Salud (Naciones Unidas, 2017). Actualmente es voluntaria en M\u00e9dicos del Mundo en programas de promoci\u00f3n de la salud.<\/p>\n","protected":false},"excerpt":{"rendered":"<p><strong>Marta Cabezas Fern\u00e1ndez, Ana Mart\u00ednez P\u00e9rez<\/strong><br \/>\n9788418684067 &#8211; Bellaterra &#8211; 2022 &#8211; 320 p\u00e1ginas \/orri.<\/p>\n","protected":false},"featured_media":12589,"template":"","meta":[],"product_brand":[],"product_cat":[174,16],"product_tag":[5876,92,5875],"class_list":{"0":"post-12569","1":"product","2":"type-product","3":"status-publish","4":"has-post-thumbnail","6":"product_cat-generoak-generos","7":"product_cat-libros","8":"product_tag-ana-martinez-perez","9":"product_tag-bellaterra","10":"product_tag-marta-cabezas-fernandez","12":"first","13":"instock","14":"sold-individually","15":"shipping-taxable","16":"purchasable","17":"product-type-simple"},"yoast_head":"<!-- This site is optimized with the Yoast SEO plugin v27.3 - https:\/\/yoast.com\/product\/yoast-seo-wordpress\/ -->\n<title>CUANDO EL ESTADO ES VIOLENTO Narrativas de violenca contra las mujeres y las disidencias sexuales &#8212; Zapateneo<\/title>\n<meta name=\"robots\" content=\"index, follow, max-snippet:-1, max-image-preview:large, max-video-preview:-1\" \/>\n<link rel=\"canonical\" href=\"https:\/\/zapateneo.net\/wordpress\/index.php\/producto\/cuando-el-estado-es-violento-narrativas-de-violenca-contra-las-mujeres-y-las-disidencias-sexuales\/\" \/>\n<meta property=\"og:locale\" content=\"es_ES\" \/>\n<meta property=\"og:type\" content=\"article\" \/>\n<meta property=\"og:title\" content=\"CUANDO EL ESTADO ES VIOLENTO Narrativas de violenca contra las mujeres y las disidencias sexuales &#8212; Zapateneo\" \/>\n<meta property=\"og:description\" content=\"Marta Cabezas Fern\u00e1ndez, Ana Mart\u00ednez P\u00e9rez 9788418684067 - Bellaterra - 2022 - 320 p\u00e1ginas \/orri.\" \/>\n<meta property=\"og:url\" content=\"https:\/\/zapateneo.net\/wordpress\/index.php\/producto\/cuando-el-estado-es-violento-narrativas-de-violenca-contra-las-mujeres-y-las-disidencias-sexuales\/\" \/>\n<meta property=\"og:site_name\" content=\"Zapateneo\" \/>\n<meta property=\"article:modified_time\" content=\"2023-04-08T15:46:23+00:00\" \/>\n<meta name=\"twitter:card\" content=\"summary_large_image\" \/>\n<meta name=\"twitter:site\" content=\"@zapateneo\" \/>\n<meta name=\"twitter:label1\" content=\"Tiempo de lectura\" \/>\n\t<meta name=\"twitter:data1\" content=\"2 minutos\" \/>\n<script type=\"application\/ld+json\" class=\"yoast-schema-graph\">{\"@context\":\"https:\\\/\\\/schema.org\",\"@graph\":[{\"@type\":\"WebPage\",\"@id\":\"https:\\\/\\\/zapateneo.net\\\/wordpress\\\/index.php\\\/producto\\\/cuando-el-estado-es-violento-narrativas-de-violenca-contra-las-mujeres-y-las-disidencias-sexuales\\\/\",\"url\":\"https:\\\/\\\/zapateneo.net\\\/wordpress\\\/index.php\\\/producto\\\/cuando-el-estado-es-violento-narrativas-de-violenca-contra-las-mujeres-y-las-disidencias-sexuales\\\/\",\"name\":\"CUANDO EL ESTADO ES VIOLENTO Narrativas de violenca contra las mujeres y las disidencias sexuales &#8212; Zapateneo\",\"isPartOf\":{\"@id\":\"https:\\\/\\\/zapateneo.net\\\/wordpress\\\/#website\"},\"primaryImageOfPage\":{\"@id\":\"https:\\\/\\\/zapateneo.net\\\/wordpress\\\/index.php\\\/producto\\\/cuando-el-estado-es-violento-narrativas-de-violenca-contra-las-mujeres-y-las-disidencias-sexuales\\\/#primaryimage\"},\"image\":{\"@id\":\"https:\\\/\\\/zapateneo.net\\\/wordpress\\\/index.php\\\/producto\\\/cuando-el-estado-es-violento-narrativas-de-violenca-contra-las-mujeres-y-las-disidencias-sexuales\\\/#primaryimage\"},\"thumbnailUrl\":\"https:\\\/\\\/zapateneo.net\\\/wordpress\\\/wp-content\\\/uploads\\\/2023\\\/04\\\/cuando-el-estado-es-violento-9788418684067.jpg\",\"datePublished\":\"2023-04-08T15:46:14+00:00\",\"dateModified\":\"2023-04-08T15:46:23+00:00\",\"breadcrumb\":{\"@id\":\"https:\\\/\\\/zapateneo.net\\\/wordpress\\\/index.php\\\/producto\\\/cuando-el-estado-es-violento-narrativas-de-violenca-contra-las-mujeres-y-las-disidencias-sexuales\\\/#breadcrumb\"},\"inLanguage\":\"es\",\"potentialAction\":[{\"@type\":\"ReadAction\",\"target\":[\"https:\\\/\\\/zapateneo.net\\\/wordpress\\\/index.php\\\/producto\\\/cuando-el-estado-es-violento-narrativas-de-violenca-contra-las-mujeres-y-las-disidencias-sexuales\\\/\"]}]},{\"@type\":\"ImageObject\",\"inLanguage\":\"es\",\"@id\":\"https:\\\/\\\/zapateneo.net\\\/wordpress\\\/index.php\\\/producto\\\/cuando-el-estado-es-violento-narrativas-de-violenca-contra-las-mujeres-y-las-disidencias-sexuales\\\/#primaryimage\",\"url\":\"https:\\\/\\\/zapateneo.net\\\/wordpress\\\/wp-content\\\/uploads\\\/2023\\\/04\\\/cuando-el-estado-es-violento-9788418684067.jpg\",\"contentUrl\":\"https:\\\/\\\/zapateneo.net\\\/wordpress\\\/wp-content\\\/uploads\\\/2023\\\/04\\\/cuando-el-estado-es-violento-9788418684067.jpg\",\"width\":261,\"height\":400},{\"@type\":\"BreadcrumbList\",\"@id\":\"https:\\\/\\\/zapateneo.net\\\/wordpress\\\/index.php\\\/producto\\\/cuando-el-estado-es-violento-narrativas-de-violenca-contra-las-mujeres-y-las-disidencias-sexuales\\\/#breadcrumb\",\"itemListElement\":[{\"@type\":\"ListItem\",\"position\":1,\"name\":\"Portada\",\"item\":\"https:\\\/\\\/zapateneo.net\\\/wordpress\\\/\"},{\"@type\":\"ListItem\",\"position\":2,\"name\":\"Tienda\",\"item\":\"https:\\\/\\\/zapateneo.net\\\/wordpress\\\/\"},{\"@type\":\"ListItem\",\"position\":3,\"name\":\"CUANDO EL ESTADO ES VIOLENTO Narrativas de violenca contra las mujeres y las disidencias sexuales\"}]},{\"@type\":\"WebSite\",\"@id\":\"https:\\\/\\\/zapateneo.net\\\/wordpress\\\/#website\",\"url\":\"https:\\\/\\\/zapateneo.net\\\/wordpress\\\/\",\"name\":\"Zapateneo\",\"description\":\"Zapateneoaren webgunea\",\"publisher\":{\"@id\":\"https:\\\/\\\/zapateneo.net\\\/wordpress\\\/#organization\"},\"potentialAction\":[{\"@type\":\"SearchAction\",\"target\":{\"@type\":\"EntryPoint\",\"urlTemplate\":\"https:\\\/\\\/zapateneo.net\\\/wordpress\\\/?s={search_term_string}\"},\"query-input\":{\"@type\":\"PropertyValueSpecification\",\"valueRequired\":true,\"valueName\":\"search_term_string\"}}],\"inLanguage\":\"es\"},{\"@type\":\"Organization\",\"@id\":\"https:\\\/\\\/zapateneo.net\\\/wordpress\\\/#organization\",\"name\":\"Zapateneo Kultur Elkartea\",\"url\":\"https:\\\/\\\/zapateneo.net\\\/wordpress\\\/\",\"logo\":{\"@type\":\"ImageObject\",\"inLanguage\":\"es\",\"@id\":\"https:\\\/\\\/zapateneo.net\\\/wordpress\\\/#\\\/schema\\\/logo\\\/image\\\/\",\"url\":\"https:\\\/\\\/zapateneo.net\\\/wordpress\\\/wp-content\\\/uploads\\\/2021\\\/04\\\/zap-libu-kolec.jpg\",\"contentUrl\":\"https:\\\/\\\/zapateneo.net\\\/wordpress\\\/wp-content\\\/uploads\\\/2021\\\/04\\\/zap-libu-kolec.jpg\",\"width\":2234,\"height\":398,\"caption\":\"Zapateneo Kultur Elkartea\"},\"image\":{\"@id\":\"https:\\\/\\\/zapateneo.net\\\/wordpress\\\/#\\\/schema\\\/logo\\\/image\\\/\"},\"sameAs\":[\"https:\\\/\\\/x.com\\\/zapateneo\"]}]}<\/script>\n<!-- \/ Yoast SEO plugin. -->","yoast_head_json":{"title":"CUANDO EL ESTADO ES VIOLENTO Narrativas de violenca contra las mujeres y las disidencias sexuales &#8212; Zapateneo","robots":{"index":"index","follow":"follow","max-snippet":"max-snippet:-1","max-image-preview":"max-image-preview:large","max-video-preview":"max-video-preview:-1"},"canonical":"https:\/\/zapateneo.net\/wordpress\/index.php\/producto\/cuando-el-estado-es-violento-narrativas-de-violenca-contra-las-mujeres-y-las-disidencias-sexuales\/","og_locale":"es_ES","og_type":"article","og_title":"CUANDO EL ESTADO ES VIOLENTO Narrativas de violenca contra las mujeres y las disidencias sexuales &#8212; Zapateneo","og_description":"Marta Cabezas Fern\u00e1ndez, Ana Mart\u00ednez P\u00e9rez 9788418684067 - Bellaterra - 2022 - 320 p\u00e1ginas \/orri.","og_url":"https:\/\/zapateneo.net\/wordpress\/index.php\/producto\/cuando-el-estado-es-violento-narrativas-de-violenca-contra-las-mujeres-y-las-disidencias-sexuales\/","og_site_name":"Zapateneo","article_modified_time":"2023-04-08T15:46:23+00:00","twitter_card":"summary_large_image","twitter_site":"@zapateneo","twitter_misc":{"Tiempo de lectura":"2 minutos"},"schema":{"@context":"https:\/\/schema.org","@graph":[{"@type":"WebPage","@id":"https:\/\/zapateneo.net\/wordpress\/index.php\/producto\/cuando-el-estado-es-violento-narrativas-de-violenca-contra-las-mujeres-y-las-disidencias-sexuales\/","url":"https:\/\/zapateneo.net\/wordpress\/index.php\/producto\/cuando-el-estado-es-violento-narrativas-de-violenca-contra-las-mujeres-y-las-disidencias-sexuales\/","name":"CUANDO EL ESTADO ES VIOLENTO Narrativas de violenca contra las mujeres y las disidencias sexuales &#8212; Zapateneo","isPartOf":{"@id":"https:\/\/zapateneo.net\/wordpress\/#website"},"primaryImageOfPage":{"@id":"https:\/\/zapateneo.net\/wordpress\/index.php\/producto\/cuando-el-estado-es-violento-narrativas-de-violenca-contra-las-mujeres-y-las-disidencias-sexuales\/#primaryimage"},"image":{"@id":"https:\/\/zapateneo.net\/wordpress\/index.php\/producto\/cuando-el-estado-es-violento-narrativas-de-violenca-contra-las-mujeres-y-las-disidencias-sexuales\/#primaryimage"},"thumbnailUrl":"https:\/\/zapateneo.net\/wordpress\/wp-content\/uploads\/2023\/04\/cuando-el-estado-es-violento-9788418684067.jpg","datePublished":"2023-04-08T15:46:14+00:00","dateModified":"2023-04-08T15:46:23+00:00","breadcrumb":{"@id":"https:\/\/zapateneo.net\/wordpress\/index.php\/producto\/cuando-el-estado-es-violento-narrativas-de-violenca-contra-las-mujeres-y-las-disidencias-sexuales\/#breadcrumb"},"inLanguage":"es","potentialAction":[{"@type":"ReadAction","target":["https:\/\/zapateneo.net\/wordpress\/index.php\/producto\/cuando-el-estado-es-violento-narrativas-de-violenca-contra-las-mujeres-y-las-disidencias-sexuales\/"]}]},{"@type":"ImageObject","inLanguage":"es","@id":"https:\/\/zapateneo.net\/wordpress\/index.php\/producto\/cuando-el-estado-es-violento-narrativas-de-violenca-contra-las-mujeres-y-las-disidencias-sexuales\/#primaryimage","url":"https:\/\/zapateneo.net\/wordpress\/wp-content\/uploads\/2023\/04\/cuando-el-estado-es-violento-9788418684067.jpg","contentUrl":"https:\/\/zapateneo.net\/wordpress\/wp-content\/uploads\/2023\/04\/cuando-el-estado-es-violento-9788418684067.jpg","width":261,"height":400},{"@type":"BreadcrumbList","@id":"https:\/\/zapateneo.net\/wordpress\/index.php\/producto\/cuando-el-estado-es-violento-narrativas-de-violenca-contra-las-mujeres-y-las-disidencias-sexuales\/#breadcrumb","itemListElement":[{"@type":"ListItem","position":1,"name":"Portada","item":"https:\/\/zapateneo.net\/wordpress\/"},{"@type":"ListItem","position":2,"name":"Tienda","item":"https:\/\/zapateneo.net\/wordpress\/"},{"@type":"ListItem","position":3,"name":"CUANDO EL ESTADO ES VIOLENTO Narrativas de violenca contra las mujeres y las disidencias sexuales"}]},{"@type":"WebSite","@id":"https:\/\/zapateneo.net\/wordpress\/#website","url":"https:\/\/zapateneo.net\/wordpress\/","name":"Zapateneo","description":"Zapateneoaren webgunea","publisher":{"@id":"https:\/\/zapateneo.net\/wordpress\/#organization"},"potentialAction":[{"@type":"SearchAction","target":{"@type":"EntryPoint","urlTemplate":"https:\/\/zapateneo.net\/wordpress\/?s={search_term_string}"},"query-input":{"@type":"PropertyValueSpecification","valueRequired":true,"valueName":"search_term_string"}}],"inLanguage":"es"},{"@type":"Organization","@id":"https:\/\/zapateneo.net\/wordpress\/#organization","name":"Zapateneo Kultur Elkartea","url":"https:\/\/zapateneo.net\/wordpress\/","logo":{"@type":"ImageObject","inLanguage":"es","@id":"https:\/\/zapateneo.net\/wordpress\/#\/schema\/logo\/image\/","url":"https:\/\/zapateneo.net\/wordpress\/wp-content\/uploads\/2021\/04\/zap-libu-kolec.jpg","contentUrl":"https:\/\/zapateneo.net\/wordpress\/wp-content\/uploads\/2021\/04\/zap-libu-kolec.jpg","width":2234,"height":398,"caption":"Zapateneo Kultur Elkartea"},"image":{"@id":"https:\/\/zapateneo.net\/wordpress\/#\/schema\/logo\/image\/"},"sameAs":["https:\/\/x.com\/zapateneo"]}]}},"_links":{"self":[{"href":"https:\/\/zapateneo.net\/wordpress\/index.php\/wp-json\/wp\/v2\/product\/12569","targetHints":{"allow":["GET"]}}],"collection":[{"href":"https:\/\/zapateneo.net\/wordpress\/index.php\/wp-json\/wp\/v2\/product"}],"about":[{"href":"https:\/\/zapateneo.net\/wordpress\/index.php\/wp-json\/wp\/v2\/types\/product"}],"wp:featuredmedia":[{"embeddable":true,"href":"https:\/\/zapateneo.net\/wordpress\/index.php\/wp-json\/wp\/v2\/media\/12589"}],"wp:attachment":[{"href":"https:\/\/zapateneo.net\/wordpress\/index.php\/wp-json\/wp\/v2\/media?parent=12569"}],"wp:term":[{"taxonomy":"product_brand","embeddable":true,"href":"https:\/\/zapateneo.net\/wordpress\/index.php\/wp-json\/wp\/v2\/product_brand?post=12569"},{"taxonomy":"product_cat","embeddable":true,"href":"https:\/\/zapateneo.net\/wordpress\/index.php\/wp-json\/wp\/v2\/product_cat?post=12569"},{"taxonomy":"product_tag","embeddable":true,"href":"https:\/\/zapateneo.net\/wordpress\/index.php\/wp-json\/wp\/v2\/product_tag?post=12569"}],"curies":[{"name":"wp","href":"https:\/\/api.w.org\/{rel}","templated":true}]}}