{"id":12566,"date":"2023-04-08T16:46:13","date_gmt":"2023-04-08T15:46:13","guid":{"rendered":"https:\/\/zapateneo.net\/wordpress\/?post_type=product&#038;p=12566"},"modified":"2023-04-08T16:46:21","modified_gmt":"2023-04-08T15:46:21","slug":"el-negocio-de-la-comida-quien-controla-nuestra-alimentacion","status":"publish","type":"product","link":"https:\/\/zapateneo.net\/wordpress\/index.php\/producto\/el-negocio-de-la-comida-quien-controla-nuestra-alimentacion\/","title":{"rendered":"El negocio de la comida \u00bfQui\u00e9n controla nuestra alimentaci\u00f3n?"},"content":{"rendered":"<p>El objetivo de esta obra es destapar y analizar las entra\u00f1as del sistema agroalimentario, adentrarnos en las tripas del agronegocio y los supermercados, armarnos de datos y ejemplos. \u00bfPor qu\u00e9 los alimentos recorren miles de kil\u00f3metros del campo al plato? \u00bfPor qu\u00e9 en 100 a\u00f1os ha desaparecido el 75% de la diversidad agr\u00edcola? \u00bfPor qu\u00e9 hay hambre en un mundo donde se produce m\u00e1s comida que nunca? \u00bfPor qu\u00e9 somos \u00abadictos\u00bb a la comida basura?<\/p>\n<p>Analizamos las causas de la hambruna, los mecanismos que permiten la especulaci\u00f3n alimentaria, la \u00abfiebre\u00bb por la tierra, los v\u00ednculos entre pobreza y alimentaci\u00f3n, la conexi\u00f3n entre agricultura industrial y cambio clim\u00e1tico, la invisibilidad de las campesinas, el impacto de los transg\u00e9nicos, las consecuencias de lo que comemos en nuestra salud, los motivos de una alimentaci\u00f3n \u00abenganchada\u00bb al consumo de carne, entre otros temas. Destapar lo que no les interesa que veamos.<\/p>\n<p>Pero este libro no quiere quedarse en la cr\u00edtica sino dotarnos de informaci\u00f3n comprensible y valiosa para sacar conclusiones y pasar a la acci\u00f3n. Una obra que es un grito a no resignarse ni a claudicar. Una llamada a preguntarnos e indagar. Una apelaci\u00f3n a la rebeld\u00eda y al compromiso.<\/p>\n","protected":false},"excerpt":{"rendered":"<p><strong>Esther Vivas Esteve<\/strong><br \/>\n9788498886276 &#8211; Icaria &#8211; 2022 &#8211; 216 p\u00e1ginas \/orri.<\/p>\n","protected":false},"featured_media":12586,"template":"","meta":[],"product_brand":[],"product_cat":[180,16],"product_tag":[5873,643],"class_list":{"0":"post-12566","1":"product","2":"type-product","3":"status-publish","4":"has-post-thumbnail","6":"product_cat-ekologia-ecologia","7":"product_cat-libros","8":"product_tag-esther-vivas-esteve","9":"product_tag-icaria","11":"first","12":"instock","13":"sold-individually","14":"shipping-taxable","15":"purchasable","16":"product-type-simple"},"yoast_head":"<!-- This site is optimized with the Yoast SEO plugin v27.3 - https:\/\/yoast.com\/product\/yoast-seo-wordpress\/ -->\n<title>El negocio de la comida \u00bfQui\u00e9n controla nuestra alimentaci\u00f3n? &#8212; Zapateneo<\/title>\n<meta name=\"robots\" content=\"index, follow, max-snippet:-1, max-image-preview:large, max-video-preview:-1\" \/>\n<link rel=\"canonical\" href=\"https:\/\/zapateneo.net\/wordpress\/index.php\/producto\/el-negocio-de-la-comida-quien-controla-nuestra-alimentacion\/\" \/>\n<meta property=\"og:locale\" content=\"es_ES\" \/>\n<meta property=\"og:type\" content=\"article\" \/>\n<meta property=\"og:title\" content=\"El negocio de la comida \u00bfQui\u00e9n controla nuestra alimentaci\u00f3n? &#8212; Zapateneo\" \/>\n<meta property=\"og:description\" content=\"Esther Vivas Esteve 9788498886276 - Icaria - 2022 - 216 p\u00e1ginas \/orri.\" \/>\n<meta property=\"og:url\" content=\"https:\/\/zapateneo.net\/wordpress\/index.php\/producto\/el-negocio-de-la-comida-quien-controla-nuestra-alimentacion\/\" \/>\n<meta property=\"og:site_name\" content=\"Zapateneo\" \/>\n<meta property=\"article:modified_time\" content=\"2023-04-08T15:46:21+00:00\" \/>\n<meta name=\"twitter:card\" content=\"summary_large_image\" \/>\n<meta name=\"twitter:site\" content=\"@zapateneo\" \/>\n<meta name=\"twitter:label1\" content=\"Tiempo de lectura\" \/>\n\t<meta name=\"twitter:data1\" content=\"1 minuto\" \/>\n<script type=\"application\/ld+json\" class=\"yoast-schema-graph\">{\"@context\":\"https:\\\/\\\/schema.org\",\"@graph\":[{\"@type\":\"WebPage\",\"@id\":\"https:\\\/\\\/zapateneo.net\\\/wordpress\\\/index.php\\\/producto\\\/el-negocio-de-la-comida-quien-controla-nuestra-alimentacion\\\/\",\"url\":\"https:\\\/\\\/zapateneo.net\\\/wordpress\\\/index.php\\\/producto\\\/el-negocio-de-la-comida-quien-controla-nuestra-alimentacion\\\/\",\"name\":\"El negocio de la comida \u00bfQui\u00e9n controla nuestra alimentaci\u00f3n? &#8212; Zapateneo\",\"isPartOf\":{\"@id\":\"https:\\\/\\\/zapateneo.net\\\/wordpress\\\/#website\"},\"primaryImageOfPage\":{\"@id\":\"https:\\\/\\\/zapateneo.net\\\/wordpress\\\/index.php\\\/producto\\\/el-negocio-de-la-comida-quien-controla-nuestra-alimentacion\\\/#primaryimage\"},\"image\":{\"@id\":\"https:\\\/\\\/zapateneo.net\\\/wordpress\\\/index.php\\\/producto\\\/el-negocio-de-la-comida-quien-controla-nuestra-alimentacion\\\/#primaryimage\"},\"thumbnailUrl\":\"https:\\\/\\\/zapateneo.net\\\/wordpress\\\/wp-content\\\/uploads\\\/2023\\\/04\\\/el-negocio-de-la-comida.png\",\"datePublished\":\"2023-04-08T15:46:13+00:00\",\"dateModified\":\"2023-04-08T15:46:21+00:00\",\"breadcrumb\":{\"@id\":\"https:\\\/\\\/zapateneo.net\\\/wordpress\\\/index.php\\\/producto\\\/el-negocio-de-la-comida-quien-controla-nuestra-alimentacion\\\/#breadcrumb\"},\"inLanguage\":\"es\",\"potentialAction\":[{\"@type\":\"ReadAction\",\"target\":[\"https:\\\/\\\/zapateneo.net\\\/wordpress\\\/index.php\\\/producto\\\/el-negocio-de-la-comida-quien-controla-nuestra-alimentacion\\\/\"]}]},{\"@type\":\"ImageObject\",\"inLanguage\":\"es\",\"@id\":\"https:\\\/\\\/zapateneo.net\\\/wordpress\\\/index.php\\\/producto\\\/el-negocio-de-la-comida-quien-controla-nuestra-alimentacion\\\/#primaryimage\",\"url\":\"https:\\\/\\\/zapateneo.net\\\/wordpress\\\/wp-content\\\/uploads\\\/2023\\\/04\\\/el-negocio-de-la-comida.png\",\"contentUrl\":\"https:\\\/\\\/zapateneo.net\\\/wordpress\\\/wp-content\\\/uploads\\\/2023\\\/04\\\/el-negocio-de-la-comida.png\",\"width\":241,\"height\":400},{\"@type\":\"BreadcrumbList\",\"@id\":\"https:\\\/\\\/zapateneo.net\\\/wordpress\\\/index.php\\\/producto\\\/el-negocio-de-la-comida-quien-controla-nuestra-alimentacion\\\/#breadcrumb\",\"itemListElement\":[{\"@type\":\"ListItem\",\"position\":1,\"name\":\"Portada\",\"item\":\"https:\\\/\\\/zapateneo.net\\\/wordpress\\\/\"},{\"@type\":\"ListItem\",\"position\":2,\"name\":\"Tienda\",\"item\":\"https:\\\/\\\/zapateneo.net\\\/wordpress\\\/\"},{\"@type\":\"ListItem\",\"position\":3,\"name\":\"El negocio de la comida \u00bfQui\u00e9n controla nuestra alimentaci\u00f3n?\"}]},{\"@type\":\"WebSite\",\"@id\":\"https:\\\/\\\/zapateneo.net\\\/wordpress\\\/#website\",\"url\":\"https:\\\/\\\/zapateneo.net\\\/wordpress\\\/\",\"name\":\"Zapateneo\",\"description\":\"Zapateneoaren webgunea\",\"publisher\":{\"@id\":\"https:\\\/\\\/zapateneo.net\\\/wordpress\\\/#organization\"},\"potentialAction\":[{\"@type\":\"SearchAction\",\"target\":{\"@type\":\"EntryPoint\",\"urlTemplate\":\"https:\\\/\\\/zapateneo.net\\\/wordpress\\\/?s={search_term_string}\"},\"query-input\":{\"@type\":\"PropertyValueSpecification\",\"valueRequired\":true,\"valueName\":\"search_term_string\"}}],\"inLanguage\":\"es\"},{\"@type\":\"Organization\",\"@id\":\"https:\\\/\\\/zapateneo.net\\\/wordpress\\\/#organization\",\"name\":\"Zapateneo Kultur Elkartea\",\"url\":\"https:\\\/\\\/zapateneo.net\\\/wordpress\\\/\",\"logo\":{\"@type\":\"ImageObject\",\"inLanguage\":\"es\",\"@id\":\"https:\\\/\\\/zapateneo.net\\\/wordpress\\\/#\\\/schema\\\/logo\\\/image\\\/\",\"url\":\"https:\\\/\\\/zapateneo.net\\\/wordpress\\\/wp-content\\\/uploads\\\/2021\\\/04\\\/zap-libu-kolec.jpg\",\"contentUrl\":\"https:\\\/\\\/zapateneo.net\\\/wordpress\\\/wp-content\\\/uploads\\\/2021\\\/04\\\/zap-libu-kolec.jpg\",\"width\":2234,\"height\":398,\"caption\":\"Zapateneo Kultur Elkartea\"},\"image\":{\"@id\":\"https:\\\/\\\/zapateneo.net\\\/wordpress\\\/#\\\/schema\\\/logo\\\/image\\\/\"},\"sameAs\":[\"https:\\\/\\\/x.com\\\/zapateneo\"]}]}<\/script>\n<!-- \/ Yoast SEO plugin. -->","yoast_head_json":{"title":"El negocio de la comida \u00bfQui\u00e9n controla nuestra alimentaci\u00f3n? &#8212; Zapateneo","robots":{"index":"index","follow":"follow","max-snippet":"max-snippet:-1","max-image-preview":"max-image-preview:large","max-video-preview":"max-video-preview:-1"},"canonical":"https:\/\/zapateneo.net\/wordpress\/index.php\/producto\/el-negocio-de-la-comida-quien-controla-nuestra-alimentacion\/","og_locale":"es_ES","og_type":"article","og_title":"El negocio de la comida \u00bfQui\u00e9n controla nuestra alimentaci\u00f3n? &#8212; Zapateneo","og_description":"Esther Vivas Esteve 9788498886276 - Icaria - 2022 - 216 p\u00e1ginas \/orri.","og_url":"https:\/\/zapateneo.net\/wordpress\/index.php\/producto\/el-negocio-de-la-comida-quien-controla-nuestra-alimentacion\/","og_site_name":"Zapateneo","article_modified_time":"2023-04-08T15:46:21+00:00","twitter_card":"summary_large_image","twitter_site":"@zapateneo","twitter_misc":{"Tiempo de lectura":"1 minuto"},"schema":{"@context":"https:\/\/schema.org","@graph":[{"@type":"WebPage","@id":"https:\/\/zapateneo.net\/wordpress\/index.php\/producto\/el-negocio-de-la-comida-quien-controla-nuestra-alimentacion\/","url":"https:\/\/zapateneo.net\/wordpress\/index.php\/producto\/el-negocio-de-la-comida-quien-controla-nuestra-alimentacion\/","name":"El negocio de la comida \u00bfQui\u00e9n controla nuestra alimentaci\u00f3n? &#8212; Zapateneo","isPartOf":{"@id":"https:\/\/zapateneo.net\/wordpress\/#website"},"primaryImageOfPage":{"@id":"https:\/\/zapateneo.net\/wordpress\/index.php\/producto\/el-negocio-de-la-comida-quien-controla-nuestra-alimentacion\/#primaryimage"},"image":{"@id":"https:\/\/zapateneo.net\/wordpress\/index.php\/producto\/el-negocio-de-la-comida-quien-controla-nuestra-alimentacion\/#primaryimage"},"thumbnailUrl":"https:\/\/zapateneo.net\/wordpress\/wp-content\/uploads\/2023\/04\/el-negocio-de-la-comida.png","datePublished":"2023-04-08T15:46:13+00:00","dateModified":"2023-04-08T15:46:21+00:00","breadcrumb":{"@id":"https:\/\/zapateneo.net\/wordpress\/index.php\/producto\/el-negocio-de-la-comida-quien-controla-nuestra-alimentacion\/#breadcrumb"},"inLanguage":"es","potentialAction":[{"@type":"ReadAction","target":["https:\/\/zapateneo.net\/wordpress\/index.php\/producto\/el-negocio-de-la-comida-quien-controla-nuestra-alimentacion\/"]}]},{"@type":"ImageObject","inLanguage":"es","@id":"https:\/\/zapateneo.net\/wordpress\/index.php\/producto\/el-negocio-de-la-comida-quien-controla-nuestra-alimentacion\/#primaryimage","url":"https:\/\/zapateneo.net\/wordpress\/wp-content\/uploads\/2023\/04\/el-negocio-de-la-comida.png","contentUrl":"https:\/\/zapateneo.net\/wordpress\/wp-content\/uploads\/2023\/04\/el-negocio-de-la-comida.png","width":241,"height":400},{"@type":"BreadcrumbList","@id":"https:\/\/zapateneo.net\/wordpress\/index.php\/producto\/el-negocio-de-la-comida-quien-controla-nuestra-alimentacion\/#breadcrumb","itemListElement":[{"@type":"ListItem","position":1,"name":"Portada","item":"https:\/\/zapateneo.net\/wordpress\/"},{"@type":"ListItem","position":2,"name":"Tienda","item":"https:\/\/zapateneo.net\/wordpress\/"},{"@type":"ListItem","position":3,"name":"El negocio de la comida \u00bfQui\u00e9n controla nuestra alimentaci\u00f3n?"}]},{"@type":"WebSite","@id":"https:\/\/zapateneo.net\/wordpress\/#website","url":"https:\/\/zapateneo.net\/wordpress\/","name":"Zapateneo","description":"Zapateneoaren webgunea","publisher":{"@id":"https:\/\/zapateneo.net\/wordpress\/#organization"},"potentialAction":[{"@type":"SearchAction","target":{"@type":"EntryPoint","urlTemplate":"https:\/\/zapateneo.net\/wordpress\/?s={search_term_string}"},"query-input":{"@type":"PropertyValueSpecification","valueRequired":true,"valueName":"search_term_string"}}],"inLanguage":"es"},{"@type":"Organization","@id":"https:\/\/zapateneo.net\/wordpress\/#organization","name":"Zapateneo Kultur Elkartea","url":"https:\/\/zapateneo.net\/wordpress\/","logo":{"@type":"ImageObject","inLanguage":"es","@id":"https:\/\/zapateneo.net\/wordpress\/#\/schema\/logo\/image\/","url":"https:\/\/zapateneo.net\/wordpress\/wp-content\/uploads\/2021\/04\/zap-libu-kolec.jpg","contentUrl":"https:\/\/zapateneo.net\/wordpress\/wp-content\/uploads\/2021\/04\/zap-libu-kolec.jpg","width":2234,"height":398,"caption":"Zapateneo Kultur Elkartea"},"image":{"@id":"https:\/\/zapateneo.net\/wordpress\/#\/schema\/logo\/image\/"},"sameAs":["https:\/\/x.com\/zapateneo"]}]}},"_links":{"self":[{"href":"https:\/\/zapateneo.net\/wordpress\/index.php\/wp-json\/wp\/v2\/product\/12566","targetHints":{"allow":["GET"]}}],"collection":[{"href":"https:\/\/zapateneo.net\/wordpress\/index.php\/wp-json\/wp\/v2\/product"}],"about":[{"href":"https:\/\/zapateneo.net\/wordpress\/index.php\/wp-json\/wp\/v2\/types\/product"}],"wp:featuredmedia":[{"embeddable":true,"href":"https:\/\/zapateneo.net\/wordpress\/index.php\/wp-json\/wp\/v2\/media\/12586"}],"wp:attachment":[{"href":"https:\/\/zapateneo.net\/wordpress\/index.php\/wp-json\/wp\/v2\/media?parent=12566"}],"wp:term":[{"taxonomy":"product_brand","embeddable":true,"href":"https:\/\/zapateneo.net\/wordpress\/index.php\/wp-json\/wp\/v2\/product_brand?post=12566"},{"taxonomy":"product_cat","embeddable":true,"href":"https:\/\/zapateneo.net\/wordpress\/index.php\/wp-json\/wp\/v2\/product_cat?post=12566"},{"taxonomy":"product_tag","embeddable":true,"href":"https:\/\/zapateneo.net\/wordpress\/index.php\/wp-json\/wp\/v2\/product_tag?post=12566"}],"curies":[{"name":"wp","href":"https:\/\/api.w.org\/{rel}","templated":true}]}}