{"id":12562,"date":"2023-04-08T16:46:11","date_gmt":"2023-04-08T15:46:11","guid":{"rendered":"https:\/\/zapateneo.net\/wordpress\/?post_type=product&#038;p=12562"},"modified":"2023-04-08T16:46:18","modified_gmt":"2023-04-08T15:46:18","slug":"sahara-democracia-y-marruecos-es-posible-una-reconciliacion","status":"publish","type":"product","link":"https:\/\/zapateneo.net\/wordpress\/index.php\/producto\/sahara-democracia-y-marruecos-es-posible-una-reconciliacion\/","title":{"rendered":"S\u00c1HARA, DEMOCRACIA Y MARRUECOS \u00bfEs posible una reconciliaci\u00f3n?"},"content":{"rendered":"<p>Este libro apuesta por una reconciliaci\u00f3n entre saharauis y marroqu\u00edes, solo posible con el di\u00e1logo directo entre el Frente Polisario y el Reino de Marruecos. La desdemonizaci\u00f3n de las partes y un esp\u00edritu democr\u00e1tico son condiciones imprescindibles. Por eso el autor ha afirmado en los art\u00edculos recogidos en este libro, y publicados entre 1999 y 2022 en diarios y revistas de Espa\u00f1a y Marruecos, que \u00abla democracia es la clave de la soluci\u00f3n del dosier del S\u00e1hara\u00bb.<\/p>\n<p>Los art\u00edculos que se recogen en este libro exploran la que se llam\u00f3 tercera v\u00eda y tratan de contar las vicisitudes por las que la cuesti\u00f3n del S\u00e1hara est\u00e1 imbricada en la historia de las relaciones entre Espa\u00f1a y Marruecos, actuando como elemento separador de gobiernos y pueblos. La apuesta de la opini\u00f3n p\u00fablica espa\u00f1ola por la autodeterminaci\u00f3n e independencia del pueblo saharaui como \u00fanica salida est\u00e1 arraigada en un sentimiento antimarroqu\u00ed alimentado por el car\u00e1cter autocr\u00e1tico del r\u00e9gimen de Hassan II que su hijo Mohamed VI no ha logrado revertir.<\/p>\n<p>Los gobiernos espa\u00f1oles han ido siempre a remolque de esa opini\u00f3n p\u00fablica que ha condicionado la falsa neutralidad positiva de la Espa\u00f1a oficial en la cuesti\u00f3n, mientras la realidad cotidiana impel\u00eda a una pol\u00edtica de vecindad pragm\u00e1tica obligando a un dif\u00edcil equilibrio con los humores de una Argelia vecina y militante a favor de los saharaui.<\/p>\n<p>Bernab\u00e9 L\u00f3pez Garc\u00eda (Granada, 1947). Catedr\u00e1tico y profesor honorario de Estudios \u00c1rabes e Isl\u00e1micos en la Universidad Aut\u00f3noma de Madrid, miembro fundador del Taller de Estudios Internacionales Mediterr\u00e1neos (TEIM). Fue profesor en la Universidad de Fez entre 1974 y 1988. Especialista en historia, migraciones y relaciones hispano-marroqu\u00edes. Autor, entre otras obras, de Marruecos en trance. Nuevo Rey, nuevo siglo, \u00bfnuevo r\u00e9gimen? (Madrid, 2000), Marruecos y Espa\u00f1a. Una historia contra toda l\u00f3gica (Sevilla, 2007), Orientalismo e ideolog\u00eda colonial en el arabismo espa\u00f1ol (1840-1917) (Granada, 2011) y El frente de T\u00e1nger (1936-1940). Cr\u00f3nica de la guerra civil espa\u00f1ola en la ciudad internacional (Madrid, 2021). Dirigi\u00f3 en 1996 y 2004 dos Atlas de la inmigraci\u00f3n marroqu\u00ed en Espa\u00f1a.<\/p>\n","protected":false},"excerpt":{"rendered":"<p><strong>Bernab\u00e9 L\u00f3pez Garc\u00eda<\/strong><br \/>\n9788418826733 &#8211; Icaria &#8211; 2022 &#8211; 298 p\u00e1ginas \/orri.<\/p>\n","protected":false},"featured_media":12582,"template":"","meta":[],"product_brand":[],"product_cat":[179,16],"product_tag":[5869,643],"class_list":{"0":"post-12562","1":"product","2":"type-product","3":"status-publish","4":"has-post-thumbnail","6":"product_cat-internazionalismoa-internacionalismo","7":"product_cat-libros","8":"product_tag-bernabe-lopez-garcia","9":"product_tag-icaria","11":"first","12":"instock","13":"sold-individually","14":"shipping-taxable","15":"purchasable","16":"product-type-simple"},"yoast_head":"<!-- This site is optimized with the Yoast SEO plugin v27.3 - https:\/\/yoast.com\/product\/yoast-seo-wordpress\/ -->\n<title>S\u00c1HARA, DEMOCRACIA Y MARRUECOS \u00bfEs posible una reconciliaci\u00f3n? &#8212; Zapateneo<\/title>\n<meta name=\"robots\" content=\"index, follow, max-snippet:-1, max-image-preview:large, max-video-preview:-1\" \/>\n<link rel=\"canonical\" href=\"https:\/\/zapateneo.net\/wordpress\/index.php\/producto\/sahara-democracia-y-marruecos-es-posible-una-reconciliacion\/\" \/>\n<meta property=\"og:locale\" content=\"es_ES\" \/>\n<meta property=\"og:type\" content=\"article\" \/>\n<meta property=\"og:title\" content=\"S\u00c1HARA, DEMOCRACIA Y MARRUECOS \u00bfEs posible una reconciliaci\u00f3n? &#8212; Zapateneo\" \/>\n<meta property=\"og:description\" content=\"Bernab\u00e9 L\u00f3pez Garc\u00eda 9788418826733 - Icaria - 2022 - 298 p\u00e1ginas \/orri.\" \/>\n<meta property=\"og:url\" content=\"https:\/\/zapateneo.net\/wordpress\/index.php\/producto\/sahara-democracia-y-marruecos-es-posible-una-reconciliacion\/\" \/>\n<meta property=\"og:site_name\" content=\"Zapateneo\" \/>\n<meta property=\"article:modified_time\" content=\"2023-04-08T15:46:18+00:00\" \/>\n<meta name=\"twitter:card\" content=\"summary_large_image\" \/>\n<meta name=\"twitter:site\" content=\"@zapateneo\" \/>\n<meta name=\"twitter:label1\" content=\"Tiempo de lectura\" \/>\n\t<meta name=\"twitter:data1\" content=\"2 minutos\" \/>\n<script type=\"application\/ld+json\" class=\"yoast-schema-graph\">{\"@context\":\"https:\\\/\\\/schema.org\",\"@graph\":[{\"@type\":\"WebPage\",\"@id\":\"https:\\\/\\\/zapateneo.net\\\/wordpress\\\/index.php\\\/producto\\\/sahara-democracia-y-marruecos-es-posible-una-reconciliacion\\\/\",\"url\":\"https:\\\/\\\/zapateneo.net\\\/wordpress\\\/index.php\\\/producto\\\/sahara-democracia-y-marruecos-es-posible-una-reconciliacion\\\/\",\"name\":\"S\u00c1HARA, DEMOCRACIA Y MARRUECOS \u00bfEs posible una reconciliaci\u00f3n? &#8212; Zapateneo\",\"isPartOf\":{\"@id\":\"https:\\\/\\\/zapateneo.net\\\/wordpress\\\/#website\"},\"primaryImageOfPage\":{\"@id\":\"https:\\\/\\\/zapateneo.net\\\/wordpress\\\/index.php\\\/producto\\\/sahara-democracia-y-marruecos-es-posible-una-reconciliacion\\\/#primaryimage\"},\"image\":{\"@id\":\"https:\\\/\\\/zapateneo.net\\\/wordpress\\\/index.php\\\/producto\\\/sahara-democracia-y-marruecos-es-posible-una-reconciliacion\\\/#primaryimage\"},\"thumbnailUrl\":\"https:\\\/\\\/zapateneo.net\\\/wordpress\\\/wp-content\\\/uploads\\\/2023\\\/04\\\/sahara-democracia-y-marruecos-9788418826733.jpg\",\"datePublished\":\"2023-04-08T15:46:11+00:00\",\"dateModified\":\"2023-04-08T15:46:18+00:00\",\"breadcrumb\":{\"@id\":\"https:\\\/\\\/zapateneo.net\\\/wordpress\\\/index.php\\\/producto\\\/sahara-democracia-y-marruecos-es-posible-una-reconciliacion\\\/#breadcrumb\"},\"inLanguage\":\"es\",\"potentialAction\":[{\"@type\":\"ReadAction\",\"target\":[\"https:\\\/\\\/zapateneo.net\\\/wordpress\\\/index.php\\\/producto\\\/sahara-democracia-y-marruecos-es-posible-una-reconciliacion\\\/\"]}]},{\"@type\":\"ImageObject\",\"inLanguage\":\"es\",\"@id\":\"https:\\\/\\\/zapateneo.net\\\/wordpress\\\/index.php\\\/producto\\\/sahara-democracia-y-marruecos-es-posible-una-reconciliacion\\\/#primaryimage\",\"url\":\"https:\\\/\\\/zapateneo.net\\\/wordpress\\\/wp-content\\\/uploads\\\/2023\\\/04\\\/sahara-democracia-y-marruecos-9788418826733.jpg\",\"contentUrl\":\"https:\\\/\\\/zapateneo.net\\\/wordpress\\\/wp-content\\\/uploads\\\/2023\\\/04\\\/sahara-democracia-y-marruecos-9788418826733.jpg\",\"width\":257,\"height\":400},{\"@type\":\"BreadcrumbList\",\"@id\":\"https:\\\/\\\/zapateneo.net\\\/wordpress\\\/index.php\\\/producto\\\/sahara-democracia-y-marruecos-es-posible-una-reconciliacion\\\/#breadcrumb\",\"itemListElement\":[{\"@type\":\"ListItem\",\"position\":1,\"name\":\"Portada\",\"item\":\"https:\\\/\\\/zapateneo.net\\\/wordpress\\\/\"},{\"@type\":\"ListItem\",\"position\":2,\"name\":\"Tienda\",\"item\":\"https:\\\/\\\/zapateneo.net\\\/wordpress\\\/\"},{\"@type\":\"ListItem\",\"position\":3,\"name\":\"S\u00c1HARA, DEMOCRACIA Y MARRUECOS \u00bfEs posible una reconciliaci\u00f3n?\"}]},{\"@type\":\"WebSite\",\"@id\":\"https:\\\/\\\/zapateneo.net\\\/wordpress\\\/#website\",\"url\":\"https:\\\/\\\/zapateneo.net\\\/wordpress\\\/\",\"name\":\"Zapateneo\",\"description\":\"Zapateneoaren webgunea\",\"publisher\":{\"@id\":\"https:\\\/\\\/zapateneo.net\\\/wordpress\\\/#organization\"},\"potentialAction\":[{\"@type\":\"SearchAction\",\"target\":{\"@type\":\"EntryPoint\",\"urlTemplate\":\"https:\\\/\\\/zapateneo.net\\\/wordpress\\\/?s={search_term_string}\"},\"query-input\":{\"@type\":\"PropertyValueSpecification\",\"valueRequired\":true,\"valueName\":\"search_term_string\"}}],\"inLanguage\":\"es\"},{\"@type\":\"Organization\",\"@id\":\"https:\\\/\\\/zapateneo.net\\\/wordpress\\\/#organization\",\"name\":\"Zapateneo Kultur Elkartea\",\"url\":\"https:\\\/\\\/zapateneo.net\\\/wordpress\\\/\",\"logo\":{\"@type\":\"ImageObject\",\"inLanguage\":\"es\",\"@id\":\"https:\\\/\\\/zapateneo.net\\\/wordpress\\\/#\\\/schema\\\/logo\\\/image\\\/\",\"url\":\"https:\\\/\\\/zapateneo.net\\\/wordpress\\\/wp-content\\\/uploads\\\/2021\\\/04\\\/zap-libu-kolec.jpg\",\"contentUrl\":\"https:\\\/\\\/zapateneo.net\\\/wordpress\\\/wp-content\\\/uploads\\\/2021\\\/04\\\/zap-libu-kolec.jpg\",\"width\":2234,\"height\":398,\"caption\":\"Zapateneo Kultur Elkartea\"},\"image\":{\"@id\":\"https:\\\/\\\/zapateneo.net\\\/wordpress\\\/#\\\/schema\\\/logo\\\/image\\\/\"},\"sameAs\":[\"https:\\\/\\\/x.com\\\/zapateneo\"]}]}<\/script>\n<!-- \/ Yoast SEO plugin. -->","yoast_head_json":{"title":"S\u00c1HARA, DEMOCRACIA Y MARRUECOS \u00bfEs posible una reconciliaci\u00f3n? &#8212; Zapateneo","robots":{"index":"index","follow":"follow","max-snippet":"max-snippet:-1","max-image-preview":"max-image-preview:large","max-video-preview":"max-video-preview:-1"},"canonical":"https:\/\/zapateneo.net\/wordpress\/index.php\/producto\/sahara-democracia-y-marruecos-es-posible-una-reconciliacion\/","og_locale":"es_ES","og_type":"article","og_title":"S\u00c1HARA, DEMOCRACIA Y MARRUECOS \u00bfEs posible una reconciliaci\u00f3n? &#8212; Zapateneo","og_description":"Bernab\u00e9 L\u00f3pez Garc\u00eda 9788418826733 - Icaria - 2022 - 298 p\u00e1ginas \/orri.","og_url":"https:\/\/zapateneo.net\/wordpress\/index.php\/producto\/sahara-democracia-y-marruecos-es-posible-una-reconciliacion\/","og_site_name":"Zapateneo","article_modified_time":"2023-04-08T15:46:18+00:00","twitter_card":"summary_large_image","twitter_site":"@zapateneo","twitter_misc":{"Tiempo de lectura":"2 minutos"},"schema":{"@context":"https:\/\/schema.org","@graph":[{"@type":"WebPage","@id":"https:\/\/zapateneo.net\/wordpress\/index.php\/producto\/sahara-democracia-y-marruecos-es-posible-una-reconciliacion\/","url":"https:\/\/zapateneo.net\/wordpress\/index.php\/producto\/sahara-democracia-y-marruecos-es-posible-una-reconciliacion\/","name":"S\u00c1HARA, DEMOCRACIA Y MARRUECOS \u00bfEs posible una reconciliaci\u00f3n? &#8212; Zapateneo","isPartOf":{"@id":"https:\/\/zapateneo.net\/wordpress\/#website"},"primaryImageOfPage":{"@id":"https:\/\/zapateneo.net\/wordpress\/index.php\/producto\/sahara-democracia-y-marruecos-es-posible-una-reconciliacion\/#primaryimage"},"image":{"@id":"https:\/\/zapateneo.net\/wordpress\/index.php\/producto\/sahara-democracia-y-marruecos-es-posible-una-reconciliacion\/#primaryimage"},"thumbnailUrl":"https:\/\/zapateneo.net\/wordpress\/wp-content\/uploads\/2023\/04\/sahara-democracia-y-marruecos-9788418826733.jpg","datePublished":"2023-04-08T15:46:11+00:00","dateModified":"2023-04-08T15:46:18+00:00","breadcrumb":{"@id":"https:\/\/zapateneo.net\/wordpress\/index.php\/producto\/sahara-democracia-y-marruecos-es-posible-una-reconciliacion\/#breadcrumb"},"inLanguage":"es","potentialAction":[{"@type":"ReadAction","target":["https:\/\/zapateneo.net\/wordpress\/index.php\/producto\/sahara-democracia-y-marruecos-es-posible-una-reconciliacion\/"]}]},{"@type":"ImageObject","inLanguage":"es","@id":"https:\/\/zapateneo.net\/wordpress\/index.php\/producto\/sahara-democracia-y-marruecos-es-posible-una-reconciliacion\/#primaryimage","url":"https:\/\/zapateneo.net\/wordpress\/wp-content\/uploads\/2023\/04\/sahara-democracia-y-marruecos-9788418826733.jpg","contentUrl":"https:\/\/zapateneo.net\/wordpress\/wp-content\/uploads\/2023\/04\/sahara-democracia-y-marruecos-9788418826733.jpg","width":257,"height":400},{"@type":"BreadcrumbList","@id":"https:\/\/zapateneo.net\/wordpress\/index.php\/producto\/sahara-democracia-y-marruecos-es-posible-una-reconciliacion\/#breadcrumb","itemListElement":[{"@type":"ListItem","position":1,"name":"Portada","item":"https:\/\/zapateneo.net\/wordpress\/"},{"@type":"ListItem","position":2,"name":"Tienda","item":"https:\/\/zapateneo.net\/wordpress\/"},{"@type":"ListItem","position":3,"name":"S\u00c1HARA, DEMOCRACIA Y MARRUECOS \u00bfEs posible una reconciliaci\u00f3n?"}]},{"@type":"WebSite","@id":"https:\/\/zapateneo.net\/wordpress\/#website","url":"https:\/\/zapateneo.net\/wordpress\/","name":"Zapateneo","description":"Zapateneoaren webgunea","publisher":{"@id":"https:\/\/zapateneo.net\/wordpress\/#organization"},"potentialAction":[{"@type":"SearchAction","target":{"@type":"EntryPoint","urlTemplate":"https:\/\/zapateneo.net\/wordpress\/?s={search_term_string}"},"query-input":{"@type":"PropertyValueSpecification","valueRequired":true,"valueName":"search_term_string"}}],"inLanguage":"es"},{"@type":"Organization","@id":"https:\/\/zapateneo.net\/wordpress\/#organization","name":"Zapateneo Kultur Elkartea","url":"https:\/\/zapateneo.net\/wordpress\/","logo":{"@type":"ImageObject","inLanguage":"es","@id":"https:\/\/zapateneo.net\/wordpress\/#\/schema\/logo\/image\/","url":"https:\/\/zapateneo.net\/wordpress\/wp-content\/uploads\/2021\/04\/zap-libu-kolec.jpg","contentUrl":"https:\/\/zapateneo.net\/wordpress\/wp-content\/uploads\/2021\/04\/zap-libu-kolec.jpg","width":2234,"height":398,"caption":"Zapateneo Kultur Elkartea"},"image":{"@id":"https:\/\/zapateneo.net\/wordpress\/#\/schema\/logo\/image\/"},"sameAs":["https:\/\/x.com\/zapateneo"]}]}},"_links":{"self":[{"href":"https:\/\/zapateneo.net\/wordpress\/index.php\/wp-json\/wp\/v2\/product\/12562","targetHints":{"allow":["GET"]}}],"collection":[{"href":"https:\/\/zapateneo.net\/wordpress\/index.php\/wp-json\/wp\/v2\/product"}],"about":[{"href":"https:\/\/zapateneo.net\/wordpress\/index.php\/wp-json\/wp\/v2\/types\/product"}],"wp:featuredmedia":[{"embeddable":true,"href":"https:\/\/zapateneo.net\/wordpress\/index.php\/wp-json\/wp\/v2\/media\/12582"}],"wp:attachment":[{"href":"https:\/\/zapateneo.net\/wordpress\/index.php\/wp-json\/wp\/v2\/media?parent=12562"}],"wp:term":[{"taxonomy":"product_brand","embeddable":true,"href":"https:\/\/zapateneo.net\/wordpress\/index.php\/wp-json\/wp\/v2\/product_brand?post=12562"},{"taxonomy":"product_cat","embeddable":true,"href":"https:\/\/zapateneo.net\/wordpress\/index.php\/wp-json\/wp\/v2\/product_cat?post=12562"},{"taxonomy":"product_tag","embeddable":true,"href":"https:\/\/zapateneo.net\/wordpress\/index.php\/wp-json\/wp\/v2\/product_tag?post=12562"}],"curies":[{"name":"wp","href":"https:\/\/api.w.org\/{rel}","templated":true}]}}