{"id":1256,"date":"2021-04-07T07:49:01","date_gmt":"2021-04-07T06:49:01","guid":{"rendered":"https:\/\/zapateneo.net\/wordpress\/?post_type=product&#038;p=1256"},"modified":"2024-07-19T17:08:34","modified_gmt":"2024-07-19T16:08:34","slug":"vida-y-mentira-de-jean-paul-sartre","status":"publish","type":"product","link":"https:\/\/zapateneo.net\/wordpress\/index.php\/producto\/vida-y-mentira-de-jean-paul-sartre\/","title":{"rendered":"Vida y mentira de Jean-Paul Sartre"},"content":{"rendered":"<p>&nbsp;<\/p>\n<p>&nbsp;<\/p>\n<p>&nbsp;<\/p>\n<p>&nbsp;<\/p>\n<p>&nbsp;<\/p>\n<p>&nbsp;<\/p>\n<p>&nbsp;<\/p>\n<p>&nbsp;<\/p>\n<p>&nbsp;<\/p>\n<p>&nbsp;<\/p>\n<p>&nbsp;<\/p>\n<div id=\"productDescription\" class=\"productGeneral biggerText\">\n<div>Ning\u00fan escritor habr\u00e1 conocido, durante su vida, tanta fama y ejercido tanto magisterio como Jean-Paul Sartre. Y ello desde tres puntos de vista: fama del escritor, reconocimiento del fil\u00f3sofo y, sobre todo, magisterio del ide\u00f3logo, te\u00f3rico de la revoluci\u00f3n y de la rebeld\u00eda. La fama y la influencia de Sartre, que se ha extendido pr\u00e1cticamente al mundo entero, tienen dos or\u00edgenes: el primero, y probablemente el m\u00e1s importante, es el de sus admiradores incondicionales, a veces fan\u00e1ticos, que aman sus novelas, su teatro, se entusiasman con sus escritos pol\u00edticos procomunistas, tercemundistas, antiburgueses. Algunos prefieren este libro a este otro, sus ensayos a su teatro, o viceversa, pero todos le consideran globalmente como un escritor genial y un gran moralista. Una conciencia despierta e intransigente, en un mundo de tinieblas.<\/div>\n<div><\/div>\n<div>Pero tambi\u00e9n los hay, o, mejor dicho, los hubo, que, servidores que se cre\u00edan de una \u00abcausa\u00bb, utilizaban a Sartre con fines propagand\u00edsticos, apreciando m\u00e1s o menos su obra. Y, a menudo, menos que m\u00e1s. Vienen a decir, o han dicho, algo as\u00ed: \u00abLa prueba de que nuestra causa es justa es que incluso Sartre debe reconocerlo\u00bb. Sartre pod\u00eda ser un intelectual burgu\u00e9s, un fil\u00f3sofo, un existencialista decadente, pero se vio obligado a reconocer que la causa de la URSS, de las luchas tercermundistas, de las guerrillas latinoamericanas o de la Gran Revoluci\u00f3n Cultural china eran justas. Esta utilidad operativa, instrumental, de Sartre, explica en parte su inmensa popularidad. Incluso los que no compart\u00edan sus ideas filos\u00f3ficas ni se entusiasmaban con su obra literaria le citaban como referencia y plebiscitaban su nombre por doquier. La imagen que ha querido dar de s\u00ed mismo, imagen de independencia pol\u00edtica y de esp\u00edritu cr\u00edtico, se ha cotizado muy alto en la Bolsa de valores progres. Cuando Castro, por ejemplo, declara que la Revoluci\u00f3n cubana es socialista y, por lo tanto, justa y necesaria, eso no puede convencer m\u00e1s que a los castristas convencidos. Pero si Sartre, con su prestigio, dice lo mismo, eso convence a muchos m\u00e1s. Se trate de Castro, de Stalin o de Mao, de las diversas pero semejantes experiencias totalitarias del siglo XX, los escritos pol\u00edticos de Sartre han desempe\u00f1ado un peculiar papel. En este sentido ha sido m\u00e1s \u00fatil al comunismo que los intelectuales comunistas, grises funcionarios, m\u00e1s \u00fatil incluso que Louis Althuser, el asesino ilustrado, quien tambi\u00e9n tuvo su hora de gloria (&#8230;). Mucho m\u00e1s \u00fatil, claro, que los escribidores del marxismo-leninismo, como Fernando Claud\u00edn, Rossanna Rossanda, Lucio Magri y otros Paramios.<\/div>\n<div><\/div>\n<div>Las dudas e interrogaciones en la intelectualidad comunista, al haber, si no comenzado, s\u00ed cobrado un car\u00e1cter m\u00e1s grave, poco despu\u00e9s de la muerte de Stalin, con la llegada ca\u00f3tica al poder de Jruschov, la insurrecci\u00f3n h\u00fangara, la disidencia china, el desarrollo de la lucha armada en el Tercer Mundo, etc\u00e9tera; result\u00f3 evidente, para muchos, que ya no pod\u00edan satisfacerse \u00fanicamente con los informes de los Congresos de los diferentes partidos comunistas, ni con sus publicaciones oficiales. Pasaron los tiempos en los que el manual de est\u00e9tica de Jdanov, por ejemplo, era palabra de Evangelio para todos.<\/div>\n<\/div>\n<p>&nbsp;<\/p>\n<p>&nbsp;<\/p>\n<p>&nbsp;<\/p>\n<p>&nbsp;<\/p>\n<p>&nbsp;<\/p>\n<p>&nbsp;<\/p>\n<p>&nbsp;<\/p>\n<p>&nbsp;<\/p>\n<p>&nbsp;<\/p>\n<p>&nbsp;<\/p>\n<p>&nbsp;<\/p>\n<p>&nbsp;<\/p>\n<p>&nbsp;<\/p>\n<p>&nbsp;<\/p>\n<p>&nbsp;<\/p>\n<p>&nbsp;<\/p>\n<p>&nbsp;<\/p>\n<p>&nbsp;<\/p>\n<p>&nbsp;<\/p>\n<p>&nbsp;<\/p>\n<p>&nbsp;<\/p>\n","protected":false},"excerpt":{"rendered":"<p><strong>Carlos Sempr\u00fan Maura<\/strong><br \/>\n9788487169649 &#8211; Madre Tierra &#8211; 1996 &#8211; 378 p\u00e1ginas \/orri.<\/p>\n","protected":false},"featured_media":1286,"template":"","meta":[],"product_brand":[],"product_cat":[16,173],"product_tag":[1028,135],"class_list":{"0":"post-1256","1":"product","2":"type-product","3":"status-publish","4":"has-post-thumbnail","6":"product_cat-libros","7":"product_cat-saiakera-ensayo","8":"product_tag-carlos-semprun-maura","9":"product_tag-madre-tierra","11":"first","12":"outofstock","13":"sold-individually","14":"shipping-taxable","15":"purchasable","16":"product-type-simple"},"yoast_head":"<!-- This site is optimized with the Yoast SEO plugin v27.3 - https:\/\/yoast.com\/product\/yoast-seo-wordpress\/ -->\n<title>Vida y mentira de Jean-Paul Sartre &#8212; Zapateneo<\/title>\n<meta name=\"robots\" content=\"index, follow, max-snippet:-1, max-image-preview:large, max-video-preview:-1\" \/>\n<link rel=\"canonical\" href=\"https:\/\/zapateneo.net\/wordpress\/index.php\/producto\/vida-y-mentira-de-jean-paul-sartre\/\" \/>\n<meta property=\"og:locale\" content=\"es_ES\" \/>\n<meta property=\"og:type\" content=\"article\" \/>\n<meta property=\"og:title\" content=\"Vida y mentira de Jean-Paul Sartre &#8212; Zapateneo\" \/>\n<meta property=\"og:description\" content=\"Carlos Sempr\u00fan Maura 9788487169649 - Madre Tierra - 1996 - 378 p\u00e1ginas \/orri.\" \/>\n<meta property=\"og:url\" content=\"https:\/\/zapateneo.net\/wordpress\/index.php\/producto\/vida-y-mentira-de-jean-paul-sartre\/\" \/>\n<meta property=\"og:site_name\" content=\"Zapateneo\" \/>\n<meta property=\"article:modified_time\" content=\"2024-07-19T16:08:34+00:00\" \/>\n<meta property=\"og:image\" content=\"https:\/\/zapateneo.net\/wordpress\/wp-content\/uploads\/2021\/04\/5839.jpg\" \/>\n\t<meta property=\"og:image:width\" content=\"400\" \/>\n\t<meta property=\"og:image:height\" content=\"613\" \/>\n\t<meta property=\"og:image:type\" content=\"image\/jpeg\" \/>\n<meta name=\"twitter:card\" content=\"summary_large_image\" \/>\n<meta name=\"twitter:site\" content=\"@zapateneo\" \/>\n<meta name=\"twitter:label1\" content=\"Tiempo de lectura\" \/>\n\t<meta name=\"twitter:data1\" content=\"3 minutos\" \/>\n<script type=\"application\/ld+json\" class=\"yoast-schema-graph\">{\"@context\":\"https:\\\/\\\/schema.org\",\"@graph\":[{\"@type\":\"WebPage\",\"@id\":\"https:\\\/\\\/zapateneo.net\\\/wordpress\\\/index.php\\\/producto\\\/vida-y-mentira-de-jean-paul-sartre\\\/\",\"url\":\"https:\\\/\\\/zapateneo.net\\\/wordpress\\\/index.php\\\/producto\\\/vida-y-mentira-de-jean-paul-sartre\\\/\",\"name\":\"Vida y mentira de Jean-Paul Sartre &#8212; Zapateneo\",\"isPartOf\":{\"@id\":\"https:\\\/\\\/zapateneo.net\\\/wordpress\\\/#website\"},\"primaryImageOfPage\":{\"@id\":\"https:\\\/\\\/zapateneo.net\\\/wordpress\\\/index.php\\\/producto\\\/vida-y-mentira-de-jean-paul-sartre\\\/#primaryimage\"},\"image\":{\"@id\":\"https:\\\/\\\/zapateneo.net\\\/wordpress\\\/index.php\\\/producto\\\/vida-y-mentira-de-jean-paul-sartre\\\/#primaryimage\"},\"thumbnailUrl\":\"https:\\\/\\\/zapateneo.net\\\/wordpress\\\/wp-content\\\/uploads\\\/2021\\\/04\\\/5839.jpg\",\"datePublished\":\"2021-04-07T06:49:01+00:00\",\"dateModified\":\"2024-07-19T16:08:34+00:00\",\"breadcrumb\":{\"@id\":\"https:\\\/\\\/zapateneo.net\\\/wordpress\\\/index.php\\\/producto\\\/vida-y-mentira-de-jean-paul-sartre\\\/#breadcrumb\"},\"inLanguage\":\"es\",\"potentialAction\":[{\"@type\":\"ReadAction\",\"target\":[\"https:\\\/\\\/zapateneo.net\\\/wordpress\\\/index.php\\\/producto\\\/vida-y-mentira-de-jean-paul-sartre\\\/\"]}]},{\"@type\":\"ImageObject\",\"inLanguage\":\"es\",\"@id\":\"https:\\\/\\\/zapateneo.net\\\/wordpress\\\/index.php\\\/producto\\\/vida-y-mentira-de-jean-paul-sartre\\\/#primaryimage\",\"url\":\"https:\\\/\\\/zapateneo.net\\\/wordpress\\\/wp-content\\\/uploads\\\/2021\\\/04\\\/5839.jpg\",\"contentUrl\":\"https:\\\/\\\/zapateneo.net\\\/wordpress\\\/wp-content\\\/uploads\\\/2021\\\/04\\\/5839.jpg\",\"width\":400,\"height\":613},{\"@type\":\"BreadcrumbList\",\"@id\":\"https:\\\/\\\/zapateneo.net\\\/wordpress\\\/index.php\\\/producto\\\/vida-y-mentira-de-jean-paul-sartre\\\/#breadcrumb\",\"itemListElement\":[{\"@type\":\"ListItem\",\"position\":1,\"name\":\"Portada\",\"item\":\"https:\\\/\\\/zapateneo.net\\\/wordpress\\\/\"},{\"@type\":\"ListItem\",\"position\":2,\"name\":\"Tienda\",\"item\":\"https:\\\/\\\/zapateneo.net\\\/wordpress\\\/\"},{\"@type\":\"ListItem\",\"position\":3,\"name\":\"Vida y mentira de Jean-Paul Sartre\"}]},{\"@type\":\"WebSite\",\"@id\":\"https:\\\/\\\/zapateneo.net\\\/wordpress\\\/#website\",\"url\":\"https:\\\/\\\/zapateneo.net\\\/wordpress\\\/\",\"name\":\"Zapateneo\",\"description\":\"Zapateneoaren webgunea\",\"publisher\":{\"@id\":\"https:\\\/\\\/zapateneo.net\\\/wordpress\\\/#organization\"},\"potentialAction\":[{\"@type\":\"SearchAction\",\"target\":{\"@type\":\"EntryPoint\",\"urlTemplate\":\"https:\\\/\\\/zapateneo.net\\\/wordpress\\\/?s={search_term_string}\"},\"query-input\":{\"@type\":\"PropertyValueSpecification\",\"valueRequired\":true,\"valueName\":\"search_term_string\"}}],\"inLanguage\":\"es\"},{\"@type\":\"Organization\",\"@id\":\"https:\\\/\\\/zapateneo.net\\\/wordpress\\\/#organization\",\"name\":\"Zapateneo Kultur Elkartea\",\"url\":\"https:\\\/\\\/zapateneo.net\\\/wordpress\\\/\",\"logo\":{\"@type\":\"ImageObject\",\"inLanguage\":\"es\",\"@id\":\"https:\\\/\\\/zapateneo.net\\\/wordpress\\\/#\\\/schema\\\/logo\\\/image\\\/\",\"url\":\"https:\\\/\\\/zapateneo.net\\\/wordpress\\\/wp-content\\\/uploads\\\/2021\\\/04\\\/zap-libu-kolec.jpg\",\"contentUrl\":\"https:\\\/\\\/zapateneo.net\\\/wordpress\\\/wp-content\\\/uploads\\\/2021\\\/04\\\/zap-libu-kolec.jpg\",\"width\":2234,\"height\":398,\"caption\":\"Zapateneo Kultur Elkartea\"},\"image\":{\"@id\":\"https:\\\/\\\/zapateneo.net\\\/wordpress\\\/#\\\/schema\\\/logo\\\/image\\\/\"},\"sameAs\":[\"https:\\\/\\\/x.com\\\/zapateneo\"]}]}<\/script>\n<!-- \/ Yoast SEO plugin. -->","yoast_head_json":{"title":"Vida y mentira de Jean-Paul Sartre &#8212; Zapateneo","robots":{"index":"index","follow":"follow","max-snippet":"max-snippet:-1","max-image-preview":"max-image-preview:large","max-video-preview":"max-video-preview:-1"},"canonical":"https:\/\/zapateneo.net\/wordpress\/index.php\/producto\/vida-y-mentira-de-jean-paul-sartre\/","og_locale":"es_ES","og_type":"article","og_title":"Vida y mentira de Jean-Paul Sartre &#8212; Zapateneo","og_description":"Carlos Sempr\u00fan Maura 9788487169649 - Madre Tierra - 1996 - 378 p\u00e1ginas \/orri.","og_url":"https:\/\/zapateneo.net\/wordpress\/index.php\/producto\/vida-y-mentira-de-jean-paul-sartre\/","og_site_name":"Zapateneo","article_modified_time":"2024-07-19T16:08:34+00:00","og_image":[{"width":400,"height":613,"url":"https:\/\/zapateneo.net\/wordpress\/wp-content\/uploads\/2021\/04\/5839.jpg","type":"image\/jpeg"}],"twitter_card":"summary_large_image","twitter_site":"@zapateneo","twitter_misc":{"Tiempo de lectura":"3 minutos"},"schema":{"@context":"https:\/\/schema.org","@graph":[{"@type":"WebPage","@id":"https:\/\/zapateneo.net\/wordpress\/index.php\/producto\/vida-y-mentira-de-jean-paul-sartre\/","url":"https:\/\/zapateneo.net\/wordpress\/index.php\/producto\/vida-y-mentira-de-jean-paul-sartre\/","name":"Vida y mentira de Jean-Paul Sartre &#8212; Zapateneo","isPartOf":{"@id":"https:\/\/zapateneo.net\/wordpress\/#website"},"primaryImageOfPage":{"@id":"https:\/\/zapateneo.net\/wordpress\/index.php\/producto\/vida-y-mentira-de-jean-paul-sartre\/#primaryimage"},"image":{"@id":"https:\/\/zapateneo.net\/wordpress\/index.php\/producto\/vida-y-mentira-de-jean-paul-sartre\/#primaryimage"},"thumbnailUrl":"https:\/\/zapateneo.net\/wordpress\/wp-content\/uploads\/2021\/04\/5839.jpg","datePublished":"2021-04-07T06:49:01+00:00","dateModified":"2024-07-19T16:08:34+00:00","breadcrumb":{"@id":"https:\/\/zapateneo.net\/wordpress\/index.php\/producto\/vida-y-mentira-de-jean-paul-sartre\/#breadcrumb"},"inLanguage":"es","potentialAction":[{"@type":"ReadAction","target":["https:\/\/zapateneo.net\/wordpress\/index.php\/producto\/vida-y-mentira-de-jean-paul-sartre\/"]}]},{"@type":"ImageObject","inLanguage":"es","@id":"https:\/\/zapateneo.net\/wordpress\/index.php\/producto\/vida-y-mentira-de-jean-paul-sartre\/#primaryimage","url":"https:\/\/zapateneo.net\/wordpress\/wp-content\/uploads\/2021\/04\/5839.jpg","contentUrl":"https:\/\/zapateneo.net\/wordpress\/wp-content\/uploads\/2021\/04\/5839.jpg","width":400,"height":613},{"@type":"BreadcrumbList","@id":"https:\/\/zapateneo.net\/wordpress\/index.php\/producto\/vida-y-mentira-de-jean-paul-sartre\/#breadcrumb","itemListElement":[{"@type":"ListItem","position":1,"name":"Portada","item":"https:\/\/zapateneo.net\/wordpress\/"},{"@type":"ListItem","position":2,"name":"Tienda","item":"https:\/\/zapateneo.net\/wordpress\/"},{"@type":"ListItem","position":3,"name":"Vida y mentira de Jean-Paul Sartre"}]},{"@type":"WebSite","@id":"https:\/\/zapateneo.net\/wordpress\/#website","url":"https:\/\/zapateneo.net\/wordpress\/","name":"Zapateneo","description":"Zapateneoaren webgunea","publisher":{"@id":"https:\/\/zapateneo.net\/wordpress\/#organization"},"potentialAction":[{"@type":"SearchAction","target":{"@type":"EntryPoint","urlTemplate":"https:\/\/zapateneo.net\/wordpress\/?s={search_term_string}"},"query-input":{"@type":"PropertyValueSpecification","valueRequired":true,"valueName":"search_term_string"}}],"inLanguage":"es"},{"@type":"Organization","@id":"https:\/\/zapateneo.net\/wordpress\/#organization","name":"Zapateneo Kultur Elkartea","url":"https:\/\/zapateneo.net\/wordpress\/","logo":{"@type":"ImageObject","inLanguage":"es","@id":"https:\/\/zapateneo.net\/wordpress\/#\/schema\/logo\/image\/","url":"https:\/\/zapateneo.net\/wordpress\/wp-content\/uploads\/2021\/04\/zap-libu-kolec.jpg","contentUrl":"https:\/\/zapateneo.net\/wordpress\/wp-content\/uploads\/2021\/04\/zap-libu-kolec.jpg","width":2234,"height":398,"caption":"Zapateneo Kultur Elkartea"},"image":{"@id":"https:\/\/zapateneo.net\/wordpress\/#\/schema\/logo\/image\/"},"sameAs":["https:\/\/x.com\/zapateneo"]}]}},"_links":{"self":[{"href":"https:\/\/zapateneo.net\/wordpress\/index.php\/wp-json\/wp\/v2\/product\/1256","targetHints":{"allow":["GET"]}}],"collection":[{"href":"https:\/\/zapateneo.net\/wordpress\/index.php\/wp-json\/wp\/v2\/product"}],"about":[{"href":"https:\/\/zapateneo.net\/wordpress\/index.php\/wp-json\/wp\/v2\/types\/product"}],"wp:featuredmedia":[{"embeddable":true,"href":"https:\/\/zapateneo.net\/wordpress\/index.php\/wp-json\/wp\/v2\/media\/1286"}],"wp:attachment":[{"href":"https:\/\/zapateneo.net\/wordpress\/index.php\/wp-json\/wp\/v2\/media?parent=1256"}],"wp:term":[{"taxonomy":"product_brand","embeddable":true,"href":"https:\/\/zapateneo.net\/wordpress\/index.php\/wp-json\/wp\/v2\/product_brand?post=1256"},{"taxonomy":"product_cat","embeddable":true,"href":"https:\/\/zapateneo.net\/wordpress\/index.php\/wp-json\/wp\/v2\/product_cat?post=1256"},{"taxonomy":"product_tag","embeddable":true,"href":"https:\/\/zapateneo.net\/wordpress\/index.php\/wp-json\/wp\/v2\/product_tag?post=1256"}],"curies":[{"name":"wp","href":"https:\/\/api.w.org\/{rel}","templated":true}]}}