{"id":12553,"date":"2023-04-02T16:53:04","date_gmt":"2023-04-02T15:53:04","guid":{"rendered":"https:\/\/zapateneo.net\/wordpress\/?post_type=product&#038;p=12553"},"modified":"2023-04-02T16:53:06","modified_gmt":"2023-04-02T15:53:06","slug":"donde-el-faro-ilumina-vida-y-lucha-de-rafael-cardenas","status":"publish","type":"product","link":"https:\/\/zapateneo.net\/wordpress\/index.php\/producto\/donde-el-faro-ilumina-vida-y-lucha-de-rafael-cardenas\/","title":{"rendered":"DONDE EL FARO ILUMINA Vida y lucha de Rafael Cardenas"},"content":{"rendered":"<p>Hacia el final de su vida, con 85 a\u00f1os de edad, Rafael C\u00e1rdenas puede considerarse \u201cun tipo con suerte\u201d. Su voluntad de empresa, su independencia de criterio y su infatigable dinamismo, m\u00e1s all\u00e1 de alegr\u00edas y sinsabores,  le reafirm\u00f3 en una autenticidad  que ha podido expresar libre y eficazmente. Nacido en Madrid, durante la adolescencia debi\u00f3 convertirse en improvisado marino en un velero familiar que lo trajo hasta Uruguay, su patria de adopci\u00f3n. Volver\u00eda a Espa\u00f1a solo en 1938 con la firme esperanza de defender la Rep\u00fablica. De nuevo en Montevideo, a la par de estudiar, durante diez a\u00f1os  vivi\u00f3 una inestabilidad laboral que lo llev\u00f3 a apostar por el trabajo colectivo y la autogesti\u00f3n. En 1955 concreta su gran obra: la fundaci\u00f3n de COPRU (Cooperativa Obrera de Producci\u00f3n del Uruguay), la primera en su g\u00e9nero en el pa\u00eds, que funcion\u00f3 como taller metal\u00fargico y agrup\u00f3 a decenas de operarios. Militante del cooperativismo desde entonces, en 1963 viaj\u00f3 a la Uni\u00f3n Sovi\u00e9tica y tres a\u00f1os despu\u00e9s comenz\u00f3 a colaborar con el MLN Tupamaros en la fabricaci\u00f3n de granadas. Preso pol\u00edtico durante cuatro a\u00f1os en el Penal de Libertad, en 1976 fue expulsado a Barcelona donde a\u00fan reside. Desde esta ciudad, increment\u00f3 su militancia pol\u00edtica intentando reorganizar a los exilados uruguayos, fund\u00f3 la Casa del Uruguay en esa ciudad y escribi\u00f3 dos libros, Sobre viejos errores (2003) y Amaneciendo va (2004), en los cuales ha dejado expuestas sus disquisiciones de librepensador y su b\u00fasqueda de alternativas para la izquierda.<\/p>\n<p>La actual biograf\u00eda constituye un ap\u00e9ndice de la obra a la que su autor, Rodrigo V\u00e9scovi, Doctor en Historia Contempor\u00e1nea por la Universidad de Barcelona, ha dedicado su labor profesional. Nacido en Montevideo en 1970, su tesis de m\u00e1s de quinientas p\u00e1ginas sobre los movimientos sociales y pol\u00edticos que cambiaron la historia del Uruguay desde la d\u00e9cada de los sesenta ha sido publicada bajo el t\u00edtulo Ecos revolucionarios. Luchadores sociales. Uruguay 1968 \u2013 1973 (2003). El descubrimiento del singular personaje, Rafael C\u00e1rdenas, es la consecuencia de la exhaustiva investigaci\u00f3n que debi\u00f3 realizar entrevistando a m\u00e1s de cuarenta protagonistas de los hechos.<\/p>\n<p>La vida de C\u00e1rdenas guarda puntos en com\u00fan con la de otros luchadores que, por distintas circunstancias, han unido en su trayectoria dos continentes y distintos momentos culminantes del siglo pasado. Se le asemejan, por ejemplo, historias de vida de reciente publicaci\u00f3n como las de Yenia Dumnova. Un amor en la guerra fr\u00eda (2004), de Sergio Israel, o Patria en el exilio. Exilio en la patria (2003), autobiograf\u00eda de Ernesto Kroch. A todos ellos, provenientes de la guerra civil espa\u00f1ola o de la segunda guerra mundial, como refugiados o voluntariamente, los agitados a\u00f1os previos a la dictadura uruguaya  los convoc\u00f3 a un nuevo desaf\u00edo.<\/p>\n<p>Alfredo Alzugarat<\/p>\n","protected":false},"excerpt":{"rendered":"<p><strong>Rodrigo Vescovi<\/strong><br \/>\n9788493291723 &#8211; N\u00f3os &#8211; v &#8211; 160 p\u00e1ginas \/orri.<\/p>\n","protected":false},"featured_media":12556,"template":"","meta":[],"product_brand":[],"product_cat":[185,16],"product_tag":[5867,5866],"class_list":{"0":"post-12553","1":"product","2":"type-product","3":"status-publish","4":"has-post-thumbnail","6":"product_cat-historia","7":"product_cat-libros","8":"product_tag-noos","9":"product_tag-rodrigo-vescovi","11":"first","12":"instock","13":"sold-individually","14":"shipping-taxable","15":"purchasable","16":"product-type-simple"},"yoast_head":"<!-- This site is optimized with the Yoast SEO plugin v27.3 - https:\/\/yoast.com\/product\/yoast-seo-wordpress\/ -->\n<title>DONDE EL FARO ILUMINA Vida y lucha de Rafael Cardenas &#8212; Zapateneo<\/title>\n<meta name=\"robots\" content=\"index, follow, max-snippet:-1, max-image-preview:large, max-video-preview:-1\" \/>\n<link rel=\"canonical\" href=\"https:\/\/zapateneo.net\/wordpress\/index.php\/producto\/donde-el-faro-ilumina-vida-y-lucha-de-rafael-cardenas\/\" \/>\n<meta property=\"og:locale\" content=\"es_ES\" \/>\n<meta property=\"og:type\" content=\"article\" \/>\n<meta property=\"og:title\" content=\"DONDE EL FARO ILUMINA Vida y lucha de Rafael Cardenas &#8212; Zapateneo\" \/>\n<meta property=\"og:description\" content=\"Rodrigo Vescovi 9788493291723 - N\u00f3os - v - 160 p\u00e1ginas \/orri.\" \/>\n<meta property=\"og:url\" content=\"https:\/\/zapateneo.net\/wordpress\/index.php\/producto\/donde-el-faro-ilumina-vida-y-lucha-de-rafael-cardenas\/\" \/>\n<meta property=\"og:site_name\" content=\"Zapateneo\" \/>\n<meta property=\"article:modified_time\" content=\"2023-04-02T15:53:06+00:00\" \/>\n<meta name=\"twitter:card\" content=\"summary_large_image\" \/>\n<meta name=\"twitter:site\" content=\"@zapateneo\" \/>\n<meta name=\"twitter:label1\" content=\"Tiempo de lectura\" \/>\n\t<meta name=\"twitter:data1\" content=\"2 minutos\" \/>\n<script type=\"application\/ld+json\" class=\"yoast-schema-graph\">{\"@context\":\"https:\\\/\\\/schema.org\",\"@graph\":[{\"@type\":\"WebPage\",\"@id\":\"https:\\\/\\\/zapateneo.net\\\/wordpress\\\/index.php\\\/producto\\\/donde-el-faro-ilumina-vida-y-lucha-de-rafael-cardenas\\\/\",\"url\":\"https:\\\/\\\/zapateneo.net\\\/wordpress\\\/index.php\\\/producto\\\/donde-el-faro-ilumina-vida-y-lucha-de-rafael-cardenas\\\/\",\"name\":\"DONDE EL FARO ILUMINA Vida y lucha de Rafael Cardenas &#8212; Zapateneo\",\"isPartOf\":{\"@id\":\"https:\\\/\\\/zapateneo.net\\\/wordpress\\\/#website\"},\"primaryImageOfPage\":{\"@id\":\"https:\\\/\\\/zapateneo.net\\\/wordpress\\\/index.php\\\/producto\\\/donde-el-faro-ilumina-vida-y-lucha-de-rafael-cardenas\\\/#primaryimage\"},\"image\":{\"@id\":\"https:\\\/\\\/zapateneo.net\\\/wordpress\\\/index.php\\\/producto\\\/donde-el-faro-ilumina-vida-y-lucha-de-rafael-cardenas\\\/#primaryimage\"},\"thumbnailUrl\":\"https:\\\/\\\/zapateneo.net\\\/wordpress\\\/wp-content\\\/uploads\\\/2023\\\/04\\\/9788493291723.jpg\",\"datePublished\":\"2023-04-02T15:53:04+00:00\",\"dateModified\":\"2023-04-02T15:53:06+00:00\",\"breadcrumb\":{\"@id\":\"https:\\\/\\\/zapateneo.net\\\/wordpress\\\/index.php\\\/producto\\\/donde-el-faro-ilumina-vida-y-lucha-de-rafael-cardenas\\\/#breadcrumb\"},\"inLanguage\":\"es\",\"potentialAction\":[{\"@type\":\"ReadAction\",\"target\":[\"https:\\\/\\\/zapateneo.net\\\/wordpress\\\/index.php\\\/producto\\\/donde-el-faro-ilumina-vida-y-lucha-de-rafael-cardenas\\\/\"]}]},{\"@type\":\"ImageObject\",\"inLanguage\":\"es\",\"@id\":\"https:\\\/\\\/zapateneo.net\\\/wordpress\\\/index.php\\\/producto\\\/donde-el-faro-ilumina-vida-y-lucha-de-rafael-cardenas\\\/#primaryimage\",\"url\":\"https:\\\/\\\/zapateneo.net\\\/wordpress\\\/wp-content\\\/uploads\\\/2023\\\/04\\\/9788493291723.jpg\",\"contentUrl\":\"https:\\\/\\\/zapateneo.net\\\/wordpress\\\/wp-content\\\/uploads\\\/2023\\\/04\\\/9788493291723.jpg\",\"width\":181,\"height\":278},{\"@type\":\"BreadcrumbList\",\"@id\":\"https:\\\/\\\/zapateneo.net\\\/wordpress\\\/index.php\\\/producto\\\/donde-el-faro-ilumina-vida-y-lucha-de-rafael-cardenas\\\/#breadcrumb\",\"itemListElement\":[{\"@type\":\"ListItem\",\"position\":1,\"name\":\"Portada\",\"item\":\"https:\\\/\\\/zapateneo.net\\\/wordpress\\\/\"},{\"@type\":\"ListItem\",\"position\":2,\"name\":\"Tienda\",\"item\":\"https:\\\/\\\/zapateneo.net\\\/wordpress\\\/\"},{\"@type\":\"ListItem\",\"position\":3,\"name\":\"DONDE EL FARO ILUMINA Vida y lucha de Rafael Cardenas\"}]},{\"@type\":\"WebSite\",\"@id\":\"https:\\\/\\\/zapateneo.net\\\/wordpress\\\/#website\",\"url\":\"https:\\\/\\\/zapateneo.net\\\/wordpress\\\/\",\"name\":\"Zapateneo\",\"description\":\"Zapateneoaren webgunea\",\"publisher\":{\"@id\":\"https:\\\/\\\/zapateneo.net\\\/wordpress\\\/#organization\"},\"potentialAction\":[{\"@type\":\"SearchAction\",\"target\":{\"@type\":\"EntryPoint\",\"urlTemplate\":\"https:\\\/\\\/zapateneo.net\\\/wordpress\\\/?s={search_term_string}\"},\"query-input\":{\"@type\":\"PropertyValueSpecification\",\"valueRequired\":true,\"valueName\":\"search_term_string\"}}],\"inLanguage\":\"es\"},{\"@type\":\"Organization\",\"@id\":\"https:\\\/\\\/zapateneo.net\\\/wordpress\\\/#organization\",\"name\":\"Zapateneo Kultur Elkartea\",\"url\":\"https:\\\/\\\/zapateneo.net\\\/wordpress\\\/\",\"logo\":{\"@type\":\"ImageObject\",\"inLanguage\":\"es\",\"@id\":\"https:\\\/\\\/zapateneo.net\\\/wordpress\\\/#\\\/schema\\\/logo\\\/image\\\/\",\"url\":\"https:\\\/\\\/zapateneo.net\\\/wordpress\\\/wp-content\\\/uploads\\\/2021\\\/04\\\/zap-libu-kolec.jpg\",\"contentUrl\":\"https:\\\/\\\/zapateneo.net\\\/wordpress\\\/wp-content\\\/uploads\\\/2021\\\/04\\\/zap-libu-kolec.jpg\",\"width\":2234,\"height\":398,\"caption\":\"Zapateneo Kultur Elkartea\"},\"image\":{\"@id\":\"https:\\\/\\\/zapateneo.net\\\/wordpress\\\/#\\\/schema\\\/logo\\\/image\\\/\"},\"sameAs\":[\"https:\\\/\\\/x.com\\\/zapateneo\"]}]}<\/script>\n<!-- \/ Yoast SEO plugin. -->","yoast_head_json":{"title":"DONDE EL FARO ILUMINA Vida y lucha de Rafael Cardenas &#8212; Zapateneo","robots":{"index":"index","follow":"follow","max-snippet":"max-snippet:-1","max-image-preview":"max-image-preview:large","max-video-preview":"max-video-preview:-1"},"canonical":"https:\/\/zapateneo.net\/wordpress\/index.php\/producto\/donde-el-faro-ilumina-vida-y-lucha-de-rafael-cardenas\/","og_locale":"es_ES","og_type":"article","og_title":"DONDE EL FARO ILUMINA Vida y lucha de Rafael Cardenas &#8212; Zapateneo","og_description":"Rodrigo Vescovi 9788493291723 - N\u00f3os - v - 160 p\u00e1ginas \/orri.","og_url":"https:\/\/zapateneo.net\/wordpress\/index.php\/producto\/donde-el-faro-ilumina-vida-y-lucha-de-rafael-cardenas\/","og_site_name":"Zapateneo","article_modified_time":"2023-04-02T15:53:06+00:00","twitter_card":"summary_large_image","twitter_site":"@zapateneo","twitter_misc":{"Tiempo de lectura":"2 minutos"},"schema":{"@context":"https:\/\/schema.org","@graph":[{"@type":"WebPage","@id":"https:\/\/zapateneo.net\/wordpress\/index.php\/producto\/donde-el-faro-ilumina-vida-y-lucha-de-rafael-cardenas\/","url":"https:\/\/zapateneo.net\/wordpress\/index.php\/producto\/donde-el-faro-ilumina-vida-y-lucha-de-rafael-cardenas\/","name":"DONDE EL FARO ILUMINA Vida y lucha de Rafael Cardenas &#8212; Zapateneo","isPartOf":{"@id":"https:\/\/zapateneo.net\/wordpress\/#website"},"primaryImageOfPage":{"@id":"https:\/\/zapateneo.net\/wordpress\/index.php\/producto\/donde-el-faro-ilumina-vida-y-lucha-de-rafael-cardenas\/#primaryimage"},"image":{"@id":"https:\/\/zapateneo.net\/wordpress\/index.php\/producto\/donde-el-faro-ilumina-vida-y-lucha-de-rafael-cardenas\/#primaryimage"},"thumbnailUrl":"https:\/\/zapateneo.net\/wordpress\/wp-content\/uploads\/2023\/04\/9788493291723.jpg","datePublished":"2023-04-02T15:53:04+00:00","dateModified":"2023-04-02T15:53:06+00:00","breadcrumb":{"@id":"https:\/\/zapateneo.net\/wordpress\/index.php\/producto\/donde-el-faro-ilumina-vida-y-lucha-de-rafael-cardenas\/#breadcrumb"},"inLanguage":"es","potentialAction":[{"@type":"ReadAction","target":["https:\/\/zapateneo.net\/wordpress\/index.php\/producto\/donde-el-faro-ilumina-vida-y-lucha-de-rafael-cardenas\/"]}]},{"@type":"ImageObject","inLanguage":"es","@id":"https:\/\/zapateneo.net\/wordpress\/index.php\/producto\/donde-el-faro-ilumina-vida-y-lucha-de-rafael-cardenas\/#primaryimage","url":"https:\/\/zapateneo.net\/wordpress\/wp-content\/uploads\/2023\/04\/9788493291723.jpg","contentUrl":"https:\/\/zapateneo.net\/wordpress\/wp-content\/uploads\/2023\/04\/9788493291723.jpg","width":181,"height":278},{"@type":"BreadcrumbList","@id":"https:\/\/zapateneo.net\/wordpress\/index.php\/producto\/donde-el-faro-ilumina-vida-y-lucha-de-rafael-cardenas\/#breadcrumb","itemListElement":[{"@type":"ListItem","position":1,"name":"Portada","item":"https:\/\/zapateneo.net\/wordpress\/"},{"@type":"ListItem","position":2,"name":"Tienda","item":"https:\/\/zapateneo.net\/wordpress\/"},{"@type":"ListItem","position":3,"name":"DONDE EL FARO ILUMINA Vida y lucha de Rafael Cardenas"}]},{"@type":"WebSite","@id":"https:\/\/zapateneo.net\/wordpress\/#website","url":"https:\/\/zapateneo.net\/wordpress\/","name":"Zapateneo","description":"Zapateneoaren webgunea","publisher":{"@id":"https:\/\/zapateneo.net\/wordpress\/#organization"},"potentialAction":[{"@type":"SearchAction","target":{"@type":"EntryPoint","urlTemplate":"https:\/\/zapateneo.net\/wordpress\/?s={search_term_string}"},"query-input":{"@type":"PropertyValueSpecification","valueRequired":true,"valueName":"search_term_string"}}],"inLanguage":"es"},{"@type":"Organization","@id":"https:\/\/zapateneo.net\/wordpress\/#organization","name":"Zapateneo Kultur Elkartea","url":"https:\/\/zapateneo.net\/wordpress\/","logo":{"@type":"ImageObject","inLanguage":"es","@id":"https:\/\/zapateneo.net\/wordpress\/#\/schema\/logo\/image\/","url":"https:\/\/zapateneo.net\/wordpress\/wp-content\/uploads\/2021\/04\/zap-libu-kolec.jpg","contentUrl":"https:\/\/zapateneo.net\/wordpress\/wp-content\/uploads\/2021\/04\/zap-libu-kolec.jpg","width":2234,"height":398,"caption":"Zapateneo Kultur Elkartea"},"image":{"@id":"https:\/\/zapateneo.net\/wordpress\/#\/schema\/logo\/image\/"},"sameAs":["https:\/\/x.com\/zapateneo"]}]}},"_links":{"self":[{"href":"https:\/\/zapateneo.net\/wordpress\/index.php\/wp-json\/wp\/v2\/product\/12553","targetHints":{"allow":["GET"]}}],"collection":[{"href":"https:\/\/zapateneo.net\/wordpress\/index.php\/wp-json\/wp\/v2\/product"}],"about":[{"href":"https:\/\/zapateneo.net\/wordpress\/index.php\/wp-json\/wp\/v2\/types\/product"}],"wp:featuredmedia":[{"embeddable":true,"href":"https:\/\/zapateneo.net\/wordpress\/index.php\/wp-json\/wp\/v2\/media\/12556"}],"wp:attachment":[{"href":"https:\/\/zapateneo.net\/wordpress\/index.php\/wp-json\/wp\/v2\/media?parent=12553"}],"wp:term":[{"taxonomy":"product_brand","embeddable":true,"href":"https:\/\/zapateneo.net\/wordpress\/index.php\/wp-json\/wp\/v2\/product_brand?post=12553"},{"taxonomy":"product_cat","embeddable":true,"href":"https:\/\/zapateneo.net\/wordpress\/index.php\/wp-json\/wp\/v2\/product_cat?post=12553"},{"taxonomy":"product_tag","embeddable":true,"href":"https:\/\/zapateneo.net\/wordpress\/index.php\/wp-json\/wp\/v2\/product_tag?post=12553"}],"curies":[{"name":"wp","href":"https:\/\/api.w.org\/{rel}","templated":true}]}}