{"id":12527,"date":"2023-03-23T19:21:38","date_gmt":"2023-03-23T18:21:38","guid":{"rendered":"https:\/\/zapateneo.net\/wordpress\/?post_type=product&#038;p=12527"},"modified":"2023-03-23T19:28:34","modified_gmt":"2023-03-23T18:28:34","slug":"el-rey-esta-desnudo-el-maestro-puede-y-debe-sangrar","status":"publish","type":"product","link":"https:\/\/zapateneo.net\/wordpress\/index.php\/producto\/el-rey-esta-desnudo-el-maestro-puede-y-debe-sangrar\/","title":{"rendered":"El rey est\u00e1 desnudo. El maestro puede y debe sangrar"},"content":{"rendered":"<p>\u00abNo me rendir\u00e9 a vuestros barrotes, uniformes y armas. Me tendr\u00e9is siempre como un irreductible y fiero enemigo. No estoy solo. Nunca estar\u00e9 solo. Lxs anarquistas nunca estar\u00e1n solxs. Miles de proyectos en la cabeza, una esperanza en el coraz\u00f3n que contin\u00faa viviendo cada vez m\u00e1s fuerte y siempre m\u00e1s compartida\u00bb.<\/p>\n<p>CONTRA EL 41 BIS Y LA CADENA PERPETUA.<br \/>\nHASTA QUE TODXS SEAMOS LIBRES.<\/p>\n<p><img loading=\"lazy\" decoding=\"async\" class=\"aligncenter wp-image-12536\" src=\"https:\/\/zapateneo.net\/wordpress\/wp-content\/uploads\/2023\/03\/20230323_182558-scaled.jpg\" alt=\"\" width=\"699\" height=\"1551\" srcset=\"https:\/\/zapateneo.net\/wordpress\/wp-content\/uploads\/2023\/03\/20230323_182558-scaled.jpg 1154w, https:\/\/zapateneo.net\/wordpress\/wp-content\/uploads\/2023\/03\/20230323_182558-135x300.jpg 135w, https:\/\/zapateneo.net\/wordpress\/wp-content\/uploads\/2023\/03\/20230323_182558-462x1024.jpg 462w, https:\/\/zapateneo.net\/wordpress\/wp-content\/uploads\/2023\/03\/20230323_182558-768x1704.jpg 768w, https:\/\/zapateneo.net\/wordpress\/wp-content\/uploads\/2023\/03\/20230323_182558-692x1536.jpg 692w, https:\/\/zapateneo.net\/wordpress\/wp-content\/uploads\/2023\/03\/20230323_182558-923x2048.jpg 923w, https:\/\/zapateneo.net\/wordpress\/wp-content\/uploads\/2023\/03\/20230323_182558-600x1331.jpg 600w\" sizes=\"auto, (max-width: 699px) 100vw, 699px\" \/><\/p>\n","protected":false},"excerpt":{"rendered":"<p><strong>Alfredo Cospito<\/strong><br \/>\n202303230001 &#8211; Abismo ediciones &#8211; 2022 &#8211; 206 p\u00e1ginas \/orri.<\/p>\n","protected":false},"featured_media":12533,"template":"","meta":[],"product_brand":[],"product_cat":[1868,16],"product_tag":[5863,5862],"class_list":{"0":"post-12527","1":"product","2":"type-product","3":"status-publish","4":"has-post-thumbnail","6":"product_cat-anarkismoa-anarquismo","7":"product_cat-libros","8":"product_tag-abismo-ediciones","9":"product_tag-alfredo-cospito","11":"first","12":"instock","13":"sold-individually","14":"shipping-taxable","15":"purchasable","16":"product-type-simple"},"yoast_head":"<!-- This site is optimized with the Yoast SEO plugin v27.3 - https:\/\/yoast.com\/product\/yoast-seo-wordpress\/ -->\n<title>El rey est\u00e1 desnudo. El maestro puede y debe sangrar &#8212; Zapateneo<\/title>\n<meta name=\"robots\" content=\"index, follow, max-snippet:-1, max-image-preview:large, max-video-preview:-1\" \/>\n<link rel=\"canonical\" href=\"https:\/\/zapateneo.net\/wordpress\/index.php\/producto\/el-rey-esta-desnudo-el-maestro-puede-y-debe-sangrar\/\" \/>\n<meta property=\"og:locale\" content=\"es_ES\" \/>\n<meta property=\"og:type\" content=\"article\" \/>\n<meta property=\"og:title\" content=\"El rey est\u00e1 desnudo. El maestro puede y debe sangrar &#8212; Zapateneo\" \/>\n<meta property=\"og:description\" content=\"Alfredo Cospito 202303230001 - Abismo ediciones - 2022 - 206 p\u00e1ginas \/orri.\" \/>\n<meta property=\"og:url\" content=\"https:\/\/zapateneo.net\/wordpress\/index.php\/producto\/el-rey-esta-desnudo-el-maestro-puede-y-debe-sangrar\/\" \/>\n<meta property=\"og:site_name\" content=\"Zapateneo\" \/>\n<meta property=\"article:modified_time\" content=\"2023-03-23T18:28:34+00:00\" \/>\n<meta property=\"og:image\" content=\"https:\/\/zapateneo.net\/wordpress\/wp-content\/uploads\/2023\/03\/20230323_182549.jpg\" \/>\n\t<meta property=\"og:image:width\" content=\"180\" \/>\n\t<meta property=\"og:image:height\" content=\"400\" \/>\n\t<meta property=\"og:image:type\" content=\"image\/jpeg\" \/>\n<meta name=\"twitter:card\" content=\"summary_large_image\" \/>\n<meta name=\"twitter:site\" content=\"@zapateneo\" \/>\n<script type=\"application\/ld+json\" class=\"yoast-schema-graph\">{\"@context\":\"https:\\\/\\\/schema.org\",\"@graph\":[{\"@type\":\"WebPage\",\"@id\":\"https:\\\/\\\/zapateneo.net\\\/wordpress\\\/index.php\\\/producto\\\/el-rey-esta-desnudo-el-maestro-puede-y-debe-sangrar\\\/\",\"url\":\"https:\\\/\\\/zapateneo.net\\\/wordpress\\\/index.php\\\/producto\\\/el-rey-esta-desnudo-el-maestro-puede-y-debe-sangrar\\\/\",\"name\":\"El rey est\u00e1 desnudo. El maestro puede y debe sangrar &#8212; Zapateneo\",\"isPartOf\":{\"@id\":\"https:\\\/\\\/zapateneo.net\\\/wordpress\\\/#website\"},\"primaryImageOfPage\":{\"@id\":\"https:\\\/\\\/zapateneo.net\\\/wordpress\\\/index.php\\\/producto\\\/el-rey-esta-desnudo-el-maestro-puede-y-debe-sangrar\\\/#primaryimage\"},\"image\":{\"@id\":\"https:\\\/\\\/zapateneo.net\\\/wordpress\\\/index.php\\\/producto\\\/el-rey-esta-desnudo-el-maestro-puede-y-debe-sangrar\\\/#primaryimage\"},\"thumbnailUrl\":\"https:\\\/\\\/zapateneo.net\\\/wordpress\\\/wp-content\\\/uploads\\\/2023\\\/03\\\/20230323_182549.jpg\",\"datePublished\":\"2023-03-23T18:21:38+00:00\",\"dateModified\":\"2023-03-23T18:28:34+00:00\",\"breadcrumb\":{\"@id\":\"https:\\\/\\\/zapateneo.net\\\/wordpress\\\/index.php\\\/producto\\\/el-rey-esta-desnudo-el-maestro-puede-y-debe-sangrar\\\/#breadcrumb\"},\"inLanguage\":\"es\",\"potentialAction\":[{\"@type\":\"ReadAction\",\"target\":[\"https:\\\/\\\/zapateneo.net\\\/wordpress\\\/index.php\\\/producto\\\/el-rey-esta-desnudo-el-maestro-puede-y-debe-sangrar\\\/\"]}]},{\"@type\":\"ImageObject\",\"inLanguage\":\"es\",\"@id\":\"https:\\\/\\\/zapateneo.net\\\/wordpress\\\/index.php\\\/producto\\\/el-rey-esta-desnudo-el-maestro-puede-y-debe-sangrar\\\/#primaryimage\",\"url\":\"https:\\\/\\\/zapateneo.net\\\/wordpress\\\/wp-content\\\/uploads\\\/2023\\\/03\\\/20230323_182549.jpg\",\"contentUrl\":\"https:\\\/\\\/zapateneo.net\\\/wordpress\\\/wp-content\\\/uploads\\\/2023\\\/03\\\/20230323_182549.jpg\",\"width\":180,\"height\":400},{\"@type\":\"BreadcrumbList\",\"@id\":\"https:\\\/\\\/zapateneo.net\\\/wordpress\\\/index.php\\\/producto\\\/el-rey-esta-desnudo-el-maestro-puede-y-debe-sangrar\\\/#breadcrumb\",\"itemListElement\":[{\"@type\":\"ListItem\",\"position\":1,\"name\":\"Portada\",\"item\":\"https:\\\/\\\/zapateneo.net\\\/wordpress\\\/\"},{\"@type\":\"ListItem\",\"position\":2,\"name\":\"Tienda\",\"item\":\"https:\\\/\\\/zapateneo.net\\\/wordpress\\\/\"},{\"@type\":\"ListItem\",\"position\":3,\"name\":\"El rey est\u00e1 desnudo. El maestro puede y debe sangrar\"}]},{\"@type\":\"WebSite\",\"@id\":\"https:\\\/\\\/zapateneo.net\\\/wordpress\\\/#website\",\"url\":\"https:\\\/\\\/zapateneo.net\\\/wordpress\\\/\",\"name\":\"Zapateneo\",\"description\":\"Zapateneoaren webgunea\",\"publisher\":{\"@id\":\"https:\\\/\\\/zapateneo.net\\\/wordpress\\\/#organization\"},\"potentialAction\":[{\"@type\":\"SearchAction\",\"target\":{\"@type\":\"EntryPoint\",\"urlTemplate\":\"https:\\\/\\\/zapateneo.net\\\/wordpress\\\/?s={search_term_string}\"},\"query-input\":{\"@type\":\"PropertyValueSpecification\",\"valueRequired\":true,\"valueName\":\"search_term_string\"}}],\"inLanguage\":\"es\"},{\"@type\":\"Organization\",\"@id\":\"https:\\\/\\\/zapateneo.net\\\/wordpress\\\/#organization\",\"name\":\"Zapateneo Kultur Elkartea\",\"url\":\"https:\\\/\\\/zapateneo.net\\\/wordpress\\\/\",\"logo\":{\"@type\":\"ImageObject\",\"inLanguage\":\"es\",\"@id\":\"https:\\\/\\\/zapateneo.net\\\/wordpress\\\/#\\\/schema\\\/logo\\\/image\\\/\",\"url\":\"https:\\\/\\\/zapateneo.net\\\/wordpress\\\/wp-content\\\/uploads\\\/2021\\\/04\\\/zap-libu-kolec.jpg\",\"contentUrl\":\"https:\\\/\\\/zapateneo.net\\\/wordpress\\\/wp-content\\\/uploads\\\/2021\\\/04\\\/zap-libu-kolec.jpg\",\"width\":2234,\"height\":398,\"caption\":\"Zapateneo Kultur Elkartea\"},\"image\":{\"@id\":\"https:\\\/\\\/zapateneo.net\\\/wordpress\\\/#\\\/schema\\\/logo\\\/image\\\/\"},\"sameAs\":[\"https:\\\/\\\/x.com\\\/zapateneo\"]}]}<\/script>\n<!-- \/ Yoast SEO plugin. -->","yoast_head_json":{"title":"El rey est\u00e1 desnudo. El maestro puede y debe sangrar &#8212; Zapateneo","robots":{"index":"index","follow":"follow","max-snippet":"max-snippet:-1","max-image-preview":"max-image-preview:large","max-video-preview":"max-video-preview:-1"},"canonical":"https:\/\/zapateneo.net\/wordpress\/index.php\/producto\/el-rey-esta-desnudo-el-maestro-puede-y-debe-sangrar\/","og_locale":"es_ES","og_type":"article","og_title":"El rey est\u00e1 desnudo. El maestro puede y debe sangrar &#8212; Zapateneo","og_description":"Alfredo Cospito 202303230001 - Abismo ediciones - 2022 - 206 p\u00e1ginas \/orri.","og_url":"https:\/\/zapateneo.net\/wordpress\/index.php\/producto\/el-rey-esta-desnudo-el-maestro-puede-y-debe-sangrar\/","og_site_name":"Zapateneo","article_modified_time":"2023-03-23T18:28:34+00:00","og_image":[{"width":180,"height":400,"url":"https:\/\/zapateneo.net\/wordpress\/wp-content\/uploads\/2023\/03\/20230323_182549.jpg","type":"image\/jpeg"}],"twitter_card":"summary_large_image","twitter_site":"@zapateneo","schema":{"@context":"https:\/\/schema.org","@graph":[{"@type":"WebPage","@id":"https:\/\/zapateneo.net\/wordpress\/index.php\/producto\/el-rey-esta-desnudo-el-maestro-puede-y-debe-sangrar\/","url":"https:\/\/zapateneo.net\/wordpress\/index.php\/producto\/el-rey-esta-desnudo-el-maestro-puede-y-debe-sangrar\/","name":"El rey est\u00e1 desnudo. El maestro puede y debe sangrar &#8212; Zapateneo","isPartOf":{"@id":"https:\/\/zapateneo.net\/wordpress\/#website"},"primaryImageOfPage":{"@id":"https:\/\/zapateneo.net\/wordpress\/index.php\/producto\/el-rey-esta-desnudo-el-maestro-puede-y-debe-sangrar\/#primaryimage"},"image":{"@id":"https:\/\/zapateneo.net\/wordpress\/index.php\/producto\/el-rey-esta-desnudo-el-maestro-puede-y-debe-sangrar\/#primaryimage"},"thumbnailUrl":"https:\/\/zapateneo.net\/wordpress\/wp-content\/uploads\/2023\/03\/20230323_182549.jpg","datePublished":"2023-03-23T18:21:38+00:00","dateModified":"2023-03-23T18:28:34+00:00","breadcrumb":{"@id":"https:\/\/zapateneo.net\/wordpress\/index.php\/producto\/el-rey-esta-desnudo-el-maestro-puede-y-debe-sangrar\/#breadcrumb"},"inLanguage":"es","potentialAction":[{"@type":"ReadAction","target":["https:\/\/zapateneo.net\/wordpress\/index.php\/producto\/el-rey-esta-desnudo-el-maestro-puede-y-debe-sangrar\/"]}]},{"@type":"ImageObject","inLanguage":"es","@id":"https:\/\/zapateneo.net\/wordpress\/index.php\/producto\/el-rey-esta-desnudo-el-maestro-puede-y-debe-sangrar\/#primaryimage","url":"https:\/\/zapateneo.net\/wordpress\/wp-content\/uploads\/2023\/03\/20230323_182549.jpg","contentUrl":"https:\/\/zapateneo.net\/wordpress\/wp-content\/uploads\/2023\/03\/20230323_182549.jpg","width":180,"height":400},{"@type":"BreadcrumbList","@id":"https:\/\/zapateneo.net\/wordpress\/index.php\/producto\/el-rey-esta-desnudo-el-maestro-puede-y-debe-sangrar\/#breadcrumb","itemListElement":[{"@type":"ListItem","position":1,"name":"Portada","item":"https:\/\/zapateneo.net\/wordpress\/"},{"@type":"ListItem","position":2,"name":"Tienda","item":"https:\/\/zapateneo.net\/wordpress\/"},{"@type":"ListItem","position":3,"name":"El rey est\u00e1 desnudo. El maestro puede y debe sangrar"}]},{"@type":"WebSite","@id":"https:\/\/zapateneo.net\/wordpress\/#website","url":"https:\/\/zapateneo.net\/wordpress\/","name":"Zapateneo","description":"Zapateneoaren webgunea","publisher":{"@id":"https:\/\/zapateneo.net\/wordpress\/#organization"},"potentialAction":[{"@type":"SearchAction","target":{"@type":"EntryPoint","urlTemplate":"https:\/\/zapateneo.net\/wordpress\/?s={search_term_string}"},"query-input":{"@type":"PropertyValueSpecification","valueRequired":true,"valueName":"search_term_string"}}],"inLanguage":"es"},{"@type":"Organization","@id":"https:\/\/zapateneo.net\/wordpress\/#organization","name":"Zapateneo Kultur Elkartea","url":"https:\/\/zapateneo.net\/wordpress\/","logo":{"@type":"ImageObject","inLanguage":"es","@id":"https:\/\/zapateneo.net\/wordpress\/#\/schema\/logo\/image\/","url":"https:\/\/zapateneo.net\/wordpress\/wp-content\/uploads\/2021\/04\/zap-libu-kolec.jpg","contentUrl":"https:\/\/zapateneo.net\/wordpress\/wp-content\/uploads\/2021\/04\/zap-libu-kolec.jpg","width":2234,"height":398,"caption":"Zapateneo Kultur Elkartea"},"image":{"@id":"https:\/\/zapateneo.net\/wordpress\/#\/schema\/logo\/image\/"},"sameAs":["https:\/\/x.com\/zapateneo"]}]}},"_links":{"self":[{"href":"https:\/\/zapateneo.net\/wordpress\/index.php\/wp-json\/wp\/v2\/product\/12527","targetHints":{"allow":["GET"]}}],"collection":[{"href":"https:\/\/zapateneo.net\/wordpress\/index.php\/wp-json\/wp\/v2\/product"}],"about":[{"href":"https:\/\/zapateneo.net\/wordpress\/index.php\/wp-json\/wp\/v2\/types\/product"}],"wp:featuredmedia":[{"embeddable":true,"href":"https:\/\/zapateneo.net\/wordpress\/index.php\/wp-json\/wp\/v2\/media\/12533"}],"wp:attachment":[{"href":"https:\/\/zapateneo.net\/wordpress\/index.php\/wp-json\/wp\/v2\/media?parent=12527"}],"wp:term":[{"taxonomy":"product_brand","embeddable":true,"href":"https:\/\/zapateneo.net\/wordpress\/index.php\/wp-json\/wp\/v2\/product_brand?post=12527"},{"taxonomy":"product_cat","embeddable":true,"href":"https:\/\/zapateneo.net\/wordpress\/index.php\/wp-json\/wp\/v2\/product_cat?post=12527"},{"taxonomy":"product_tag","embeddable":true,"href":"https:\/\/zapateneo.net\/wordpress\/index.php\/wp-json\/wp\/v2\/product_tag?post=12527"}],"curies":[{"name":"wp","href":"https:\/\/api.w.org\/{rel}","templated":true}]}}