{"id":12506,"date":"2023-03-05T20:19:45","date_gmt":"2023-03-05T19:19:45","guid":{"rendered":"https:\/\/zapateneo.net\/wordpress\/?post_type=product&#038;p=12506"},"modified":"2023-03-05T20:19:53","modified_gmt":"2023-03-05T19:19:53","slug":"critica-de-la-razon-puta-cartografias-y-estigma-de-la-prostitucion","status":"publish","type":"product","link":"https:\/\/zapateneo.net\/wordpress\/index.php\/producto\/critica-de-la-razon-puta-cartografias-y-estigma-de-la-prostitucion\/","title":{"rendered":"CR\u00cdTICA DE LA RAZ\u00d3N PUTA Cartograf\u00edas y estigma de la prostituci\u00f3n"},"content":{"rendered":"<p>\u00bfQu\u00e9 es la prostituci\u00f3n? No resulta en absoluto f\u00e1cil dar un respuesta v\u00e1lida para cualquier tiempo hist\u00f3rico o contexto cultural. \u00bfD\u00f3nde comienza y d\u00f3nde termina eso a lo que llamamos \u00abprostituci\u00f3n\u00bb? Muchas son las pr\u00e1cticas que incorporan de una forma u otra intercambios econ\u00f3mico-sexuales y no a todas se reserva el mismo calificativo. Sin embargo, un elemento aparecer\u00e1 siempre asociado a la prostituci\u00f3n, distingui\u00e9ndola del resto de instituciones patriarcales: el estigma. Un estigma que forma parte de la construcci\u00f3n del g\u00e9nero femenino, articula su modelo desviado y establece el castigo por trasgredir sus normas. El insulto \u00abputa\u00bb va mucho m\u00e1s all\u00e1 del sexo y contiene un aviso aleccionador hacia quien pretende apropiarse de libertades masculinas y desafiar \u00abla subjetividad sexualizada\u00bb del patriarcado. Ese estigma supone adem\u00e1s la clave de b\u00f3veda de la ret\u00f3rica que justifica gran parte de la violencia sexual. Por ello, disputar la caracterizaci\u00f3n de la prostituci\u00f3n que ofrece su estigma constituye una de las batallas centrales y pendientes de los feminismos.<\/p>\n<p>Este libro desarrolla una agenda alternativa y proderechos para el debate de la prostituci\u00f3n utilizando el estigma como hilo conductor desde un enfoque materialista e interseccional. En lugar de juicios esencialistas o deterministas, la obra invita a desplazar el foco del debate para centrarlo en las vulneraciones de derechos humanos que producen situaciones normativas como la espa\u00f1ola, frecuente en tantos otros contextos europeos y latinoamericanos. Y apuesta, sobre todo, por combatir la invisibilizaci\u00f3n de las trabajadoras del sexo y lo que ellas definen como sus realidades, por incorporar su voz y poner en el centro sus saberes y sus reclamaciones.<\/p>\n<p>Paula S\u00e1nchez Perera (Lanzarote, 1988): Profesora de filosof\u00eda especializada en comercio sexual y activista feminista. Sus l\u00edneas de investigaci\u00f3n parten de un bagaje acad\u00e9mico nutrido por estudios de filosof\u00eda, teor\u00eda cr\u00edtica de la cultura y formalizados mediante un doctorado en Humanidades. En 2014 comenz\u00f3 a investigar el estigma de la prostituci\u00f3n compaginando el an\u00e1lisis filos\u00f3fico- argumentativo con un dilatado trabajo de campo, desde el voluntariado de intervenci\u00f3n social, en zonas de prostituci\u00f3n callejera de Madrid. Ese trabajo se complement\u00f3 con una serie de entrevistas semiestructuradas en profundidad a trabajadoras sexuales activistas de diferentes sectores de la industria, recorriendo para ello Espa\u00f1a y Buenos Aires; esta \u00faltima durante una estancia de investigaci\u00f3n. Cr\u00edtica de la raz\u00f3n puta procede de su tesis doctoral y constituye su primer libro en solitario. Ha expuesto sus tesis tanto en m\u00faltiples ponencias en congresos, seminarios y encuentros, como en art\u00edculos para medios generalistas y acad\u00e9micos; tambi\u00e9n varios m\u00e1ster y cursos le han invitado a compartir sus posiciones. Recientemente ha prologado el volumen sobre el modelo neozeland\u00e9s de la prostituci\u00f3n Trabajo sexual con derechos: una alternativa de despenalizaci\u00f3n, de Lynzi Armstrong y Gillian Abel (Virus, 2022).<\/p>\n","protected":false},"excerpt":{"rendered":"<p><strong>Paula S\u00e1nchez Perera<\/strong><br \/>\n9788416227556 &#8211; La Oveja roja &#8211; 2023 &#8211; 380 p\u00e1ginas \/orri.<\/p>\n","protected":false},"featured_media":12517,"template":"","meta":[],"product_brand":[],"product_cat":[174,16],"product_tag":[1216,5859],"class_list":{"0":"post-12506","1":"product","2":"type-product","3":"status-publish","4":"has-post-thumbnail","6":"product_cat-generoak-generos","7":"product_cat-libros","8":"product_tag-la-oveja-roja","9":"product_tag-paula-sanchez-perera","11":"first","12":"instock","13":"sold-individually","14":"shipping-taxable","15":"purchasable","16":"product-type-simple"},"yoast_head":"<!-- This site is optimized with the Yoast SEO plugin v27.3 - https:\/\/yoast.com\/product\/yoast-seo-wordpress\/ -->\n<title>CR\u00cdTICA DE LA RAZ\u00d3N PUTA Cartograf\u00edas y estigma de la prostituci\u00f3n &#8212; Zapateneo<\/title>\n<meta name=\"robots\" content=\"index, follow, max-snippet:-1, max-image-preview:large, max-video-preview:-1\" \/>\n<link rel=\"canonical\" href=\"https:\/\/zapateneo.net\/wordpress\/index.php\/producto\/critica-de-la-razon-puta-cartografias-y-estigma-de-la-prostitucion\/\" \/>\n<meta property=\"og:locale\" content=\"es_ES\" \/>\n<meta property=\"og:type\" content=\"article\" \/>\n<meta property=\"og:title\" content=\"CR\u00cdTICA DE LA RAZ\u00d3N PUTA Cartograf\u00edas y estigma de la prostituci\u00f3n &#8212; Zapateneo\" \/>\n<meta property=\"og:description\" content=\"Paula S\u00e1nchez Perera 9788416227556 - La Oveja roja - 2023 - 380 p\u00e1ginas \/orri.\" \/>\n<meta property=\"og:url\" content=\"https:\/\/zapateneo.net\/wordpress\/index.php\/producto\/critica-de-la-razon-puta-cartografias-y-estigma-de-la-prostitucion\/\" \/>\n<meta property=\"og:site_name\" content=\"Zapateneo\" \/>\n<meta property=\"article:modified_time\" content=\"2023-03-05T19:19:53+00:00\" \/>\n<meta name=\"twitter:card\" content=\"summary_large_image\" \/>\n<meta name=\"twitter:site\" content=\"@zapateneo\" \/>\n<meta name=\"twitter:label1\" content=\"Tiempo de lectura\" \/>\n\t<meta name=\"twitter:data1\" content=\"2 minutos\" \/>\n<script type=\"application\/ld+json\" class=\"yoast-schema-graph\">{\"@context\":\"https:\\\/\\\/schema.org\",\"@graph\":[{\"@type\":\"WebPage\",\"@id\":\"https:\\\/\\\/zapateneo.net\\\/wordpress\\\/index.php\\\/producto\\\/critica-de-la-razon-puta-cartografias-y-estigma-de-la-prostitucion\\\/\",\"url\":\"https:\\\/\\\/zapateneo.net\\\/wordpress\\\/index.php\\\/producto\\\/critica-de-la-razon-puta-cartografias-y-estigma-de-la-prostitucion\\\/\",\"name\":\"CR\u00cdTICA DE LA RAZ\u00d3N PUTA Cartograf\u00edas y estigma de la prostituci\u00f3n &#8212; Zapateneo\",\"isPartOf\":{\"@id\":\"https:\\\/\\\/zapateneo.net\\\/wordpress\\\/#website\"},\"primaryImageOfPage\":{\"@id\":\"https:\\\/\\\/zapateneo.net\\\/wordpress\\\/index.php\\\/producto\\\/critica-de-la-razon-puta-cartografias-y-estigma-de-la-prostitucion\\\/#primaryimage\"},\"image\":{\"@id\":\"https:\\\/\\\/zapateneo.net\\\/wordpress\\\/index.php\\\/producto\\\/critica-de-la-razon-puta-cartografias-y-estigma-de-la-prostitucion\\\/#primaryimage\"},\"thumbnailUrl\":\"https:\\\/\\\/zapateneo.net\\\/wordpress\\\/wp-content\\\/uploads\\\/2023\\\/03\\\/critica-de-la-razon-puta-9788416227556.jpg\",\"datePublished\":\"2023-03-05T19:19:45+00:00\",\"dateModified\":\"2023-03-05T19:19:53+00:00\",\"breadcrumb\":{\"@id\":\"https:\\\/\\\/zapateneo.net\\\/wordpress\\\/index.php\\\/producto\\\/critica-de-la-razon-puta-cartografias-y-estigma-de-la-prostitucion\\\/#breadcrumb\"},\"inLanguage\":\"es\",\"potentialAction\":[{\"@type\":\"ReadAction\",\"target\":[\"https:\\\/\\\/zapateneo.net\\\/wordpress\\\/index.php\\\/producto\\\/critica-de-la-razon-puta-cartografias-y-estigma-de-la-prostitucion\\\/\"]}]},{\"@type\":\"ImageObject\",\"inLanguage\":\"es\",\"@id\":\"https:\\\/\\\/zapateneo.net\\\/wordpress\\\/index.php\\\/producto\\\/critica-de-la-razon-puta-cartografias-y-estigma-de-la-prostitucion\\\/#primaryimage\",\"url\":\"https:\\\/\\\/zapateneo.net\\\/wordpress\\\/wp-content\\\/uploads\\\/2023\\\/03\\\/critica-de-la-razon-puta-9788416227556.jpg\",\"contentUrl\":\"https:\\\/\\\/zapateneo.net\\\/wordpress\\\/wp-content\\\/uploads\\\/2023\\\/03\\\/critica-de-la-razon-puta-9788416227556.jpg\",\"width\":251,\"height\":400},{\"@type\":\"BreadcrumbList\",\"@id\":\"https:\\\/\\\/zapateneo.net\\\/wordpress\\\/index.php\\\/producto\\\/critica-de-la-razon-puta-cartografias-y-estigma-de-la-prostitucion\\\/#breadcrumb\",\"itemListElement\":[{\"@type\":\"ListItem\",\"position\":1,\"name\":\"Portada\",\"item\":\"https:\\\/\\\/zapateneo.net\\\/wordpress\\\/\"},{\"@type\":\"ListItem\",\"position\":2,\"name\":\"Tienda\",\"item\":\"https:\\\/\\\/zapateneo.net\\\/wordpress\\\/\"},{\"@type\":\"ListItem\",\"position\":3,\"name\":\"CR\u00cdTICA DE LA RAZ\u00d3N PUTA Cartograf\u00edas y estigma de la prostituci\u00f3n\"}]},{\"@type\":\"WebSite\",\"@id\":\"https:\\\/\\\/zapateneo.net\\\/wordpress\\\/#website\",\"url\":\"https:\\\/\\\/zapateneo.net\\\/wordpress\\\/\",\"name\":\"Zapateneo\",\"description\":\"Zapateneoaren webgunea\",\"publisher\":{\"@id\":\"https:\\\/\\\/zapateneo.net\\\/wordpress\\\/#organization\"},\"potentialAction\":[{\"@type\":\"SearchAction\",\"target\":{\"@type\":\"EntryPoint\",\"urlTemplate\":\"https:\\\/\\\/zapateneo.net\\\/wordpress\\\/?s={search_term_string}\"},\"query-input\":{\"@type\":\"PropertyValueSpecification\",\"valueRequired\":true,\"valueName\":\"search_term_string\"}}],\"inLanguage\":\"es\"},{\"@type\":\"Organization\",\"@id\":\"https:\\\/\\\/zapateneo.net\\\/wordpress\\\/#organization\",\"name\":\"Zapateneo Kultur Elkartea\",\"url\":\"https:\\\/\\\/zapateneo.net\\\/wordpress\\\/\",\"logo\":{\"@type\":\"ImageObject\",\"inLanguage\":\"es\",\"@id\":\"https:\\\/\\\/zapateneo.net\\\/wordpress\\\/#\\\/schema\\\/logo\\\/image\\\/\",\"url\":\"https:\\\/\\\/zapateneo.net\\\/wordpress\\\/wp-content\\\/uploads\\\/2021\\\/04\\\/zap-libu-kolec.jpg\",\"contentUrl\":\"https:\\\/\\\/zapateneo.net\\\/wordpress\\\/wp-content\\\/uploads\\\/2021\\\/04\\\/zap-libu-kolec.jpg\",\"width\":2234,\"height\":398,\"caption\":\"Zapateneo Kultur Elkartea\"},\"image\":{\"@id\":\"https:\\\/\\\/zapateneo.net\\\/wordpress\\\/#\\\/schema\\\/logo\\\/image\\\/\"},\"sameAs\":[\"https:\\\/\\\/x.com\\\/zapateneo\"]}]}<\/script>\n<!-- \/ Yoast SEO plugin. -->","yoast_head_json":{"title":"CR\u00cdTICA DE LA RAZ\u00d3N PUTA Cartograf\u00edas y estigma de la prostituci\u00f3n &#8212; Zapateneo","robots":{"index":"index","follow":"follow","max-snippet":"max-snippet:-1","max-image-preview":"max-image-preview:large","max-video-preview":"max-video-preview:-1"},"canonical":"https:\/\/zapateneo.net\/wordpress\/index.php\/producto\/critica-de-la-razon-puta-cartografias-y-estigma-de-la-prostitucion\/","og_locale":"es_ES","og_type":"article","og_title":"CR\u00cdTICA DE LA RAZ\u00d3N PUTA Cartograf\u00edas y estigma de la prostituci\u00f3n &#8212; Zapateneo","og_description":"Paula S\u00e1nchez Perera 9788416227556 - La Oveja roja - 2023 - 380 p\u00e1ginas \/orri.","og_url":"https:\/\/zapateneo.net\/wordpress\/index.php\/producto\/critica-de-la-razon-puta-cartografias-y-estigma-de-la-prostitucion\/","og_site_name":"Zapateneo","article_modified_time":"2023-03-05T19:19:53+00:00","twitter_card":"summary_large_image","twitter_site":"@zapateneo","twitter_misc":{"Tiempo de lectura":"2 minutos"},"schema":{"@context":"https:\/\/schema.org","@graph":[{"@type":"WebPage","@id":"https:\/\/zapateneo.net\/wordpress\/index.php\/producto\/critica-de-la-razon-puta-cartografias-y-estigma-de-la-prostitucion\/","url":"https:\/\/zapateneo.net\/wordpress\/index.php\/producto\/critica-de-la-razon-puta-cartografias-y-estigma-de-la-prostitucion\/","name":"CR\u00cdTICA DE LA RAZ\u00d3N PUTA Cartograf\u00edas y estigma de la prostituci\u00f3n &#8212; Zapateneo","isPartOf":{"@id":"https:\/\/zapateneo.net\/wordpress\/#website"},"primaryImageOfPage":{"@id":"https:\/\/zapateneo.net\/wordpress\/index.php\/producto\/critica-de-la-razon-puta-cartografias-y-estigma-de-la-prostitucion\/#primaryimage"},"image":{"@id":"https:\/\/zapateneo.net\/wordpress\/index.php\/producto\/critica-de-la-razon-puta-cartografias-y-estigma-de-la-prostitucion\/#primaryimage"},"thumbnailUrl":"https:\/\/zapateneo.net\/wordpress\/wp-content\/uploads\/2023\/03\/critica-de-la-razon-puta-9788416227556.jpg","datePublished":"2023-03-05T19:19:45+00:00","dateModified":"2023-03-05T19:19:53+00:00","breadcrumb":{"@id":"https:\/\/zapateneo.net\/wordpress\/index.php\/producto\/critica-de-la-razon-puta-cartografias-y-estigma-de-la-prostitucion\/#breadcrumb"},"inLanguage":"es","potentialAction":[{"@type":"ReadAction","target":["https:\/\/zapateneo.net\/wordpress\/index.php\/producto\/critica-de-la-razon-puta-cartografias-y-estigma-de-la-prostitucion\/"]}]},{"@type":"ImageObject","inLanguage":"es","@id":"https:\/\/zapateneo.net\/wordpress\/index.php\/producto\/critica-de-la-razon-puta-cartografias-y-estigma-de-la-prostitucion\/#primaryimage","url":"https:\/\/zapateneo.net\/wordpress\/wp-content\/uploads\/2023\/03\/critica-de-la-razon-puta-9788416227556.jpg","contentUrl":"https:\/\/zapateneo.net\/wordpress\/wp-content\/uploads\/2023\/03\/critica-de-la-razon-puta-9788416227556.jpg","width":251,"height":400},{"@type":"BreadcrumbList","@id":"https:\/\/zapateneo.net\/wordpress\/index.php\/producto\/critica-de-la-razon-puta-cartografias-y-estigma-de-la-prostitucion\/#breadcrumb","itemListElement":[{"@type":"ListItem","position":1,"name":"Portada","item":"https:\/\/zapateneo.net\/wordpress\/"},{"@type":"ListItem","position":2,"name":"Tienda","item":"https:\/\/zapateneo.net\/wordpress\/"},{"@type":"ListItem","position":3,"name":"CR\u00cdTICA DE LA RAZ\u00d3N PUTA Cartograf\u00edas y estigma de la prostituci\u00f3n"}]},{"@type":"WebSite","@id":"https:\/\/zapateneo.net\/wordpress\/#website","url":"https:\/\/zapateneo.net\/wordpress\/","name":"Zapateneo","description":"Zapateneoaren webgunea","publisher":{"@id":"https:\/\/zapateneo.net\/wordpress\/#organization"},"potentialAction":[{"@type":"SearchAction","target":{"@type":"EntryPoint","urlTemplate":"https:\/\/zapateneo.net\/wordpress\/?s={search_term_string}"},"query-input":{"@type":"PropertyValueSpecification","valueRequired":true,"valueName":"search_term_string"}}],"inLanguage":"es"},{"@type":"Organization","@id":"https:\/\/zapateneo.net\/wordpress\/#organization","name":"Zapateneo Kultur Elkartea","url":"https:\/\/zapateneo.net\/wordpress\/","logo":{"@type":"ImageObject","inLanguage":"es","@id":"https:\/\/zapateneo.net\/wordpress\/#\/schema\/logo\/image\/","url":"https:\/\/zapateneo.net\/wordpress\/wp-content\/uploads\/2021\/04\/zap-libu-kolec.jpg","contentUrl":"https:\/\/zapateneo.net\/wordpress\/wp-content\/uploads\/2021\/04\/zap-libu-kolec.jpg","width":2234,"height":398,"caption":"Zapateneo Kultur Elkartea"},"image":{"@id":"https:\/\/zapateneo.net\/wordpress\/#\/schema\/logo\/image\/"},"sameAs":["https:\/\/x.com\/zapateneo"]}]}},"_links":{"self":[{"href":"https:\/\/zapateneo.net\/wordpress\/index.php\/wp-json\/wp\/v2\/product\/12506","targetHints":{"allow":["GET"]}}],"collection":[{"href":"https:\/\/zapateneo.net\/wordpress\/index.php\/wp-json\/wp\/v2\/product"}],"about":[{"href":"https:\/\/zapateneo.net\/wordpress\/index.php\/wp-json\/wp\/v2\/types\/product"}],"wp:featuredmedia":[{"embeddable":true,"href":"https:\/\/zapateneo.net\/wordpress\/index.php\/wp-json\/wp\/v2\/media\/12517"}],"wp:attachment":[{"href":"https:\/\/zapateneo.net\/wordpress\/index.php\/wp-json\/wp\/v2\/media?parent=12506"}],"wp:term":[{"taxonomy":"product_brand","embeddable":true,"href":"https:\/\/zapateneo.net\/wordpress\/index.php\/wp-json\/wp\/v2\/product_brand?post=12506"},{"taxonomy":"product_cat","embeddable":true,"href":"https:\/\/zapateneo.net\/wordpress\/index.php\/wp-json\/wp\/v2\/product_cat?post=12506"},{"taxonomy":"product_tag","embeddable":true,"href":"https:\/\/zapateneo.net\/wordpress\/index.php\/wp-json\/wp\/v2\/product_tag?post=12506"}],"curies":[{"name":"wp","href":"https:\/\/api.w.org\/{rel}","templated":true}]}}