{"id":12505,"date":"2023-03-05T20:19:45","date_gmt":"2023-03-05T19:19:45","guid":{"rendered":"https:\/\/zapateneo.net\/wordpress\/?post_type=product&#038;p=12505"},"modified":"2023-03-05T20:19:52","modified_gmt":"2023-03-05T19:19:52","slug":"que-la-lucha-no-muera-ante-la-adversidad-rebeldia-y-amistad","status":"publish","type":"product","link":"https:\/\/zapateneo.net\/wordpress\/index.php\/producto\/que-la-lucha-no-muera-ante-la-adversidad-rebeldia-y-amistad\/","title":{"rendered":"Que la lucha no muera. Ante la adversidad, rebeld\u00eda y amistad"},"content":{"rendered":"<p>Ante la brutalidad del r\u00e9gimen que sufren, la deshumanizaci\u00f3n de sus vidas, la tortura que padecen tanto \u00e9l como sus compa\u00f1eros presos y la tristeza que inunda lo m\u00e1s hondo de sus almas, Xos\u00e9 decide sacar fuera de los muros toda esta barbarie por medio de la escritura, dando vida a\u201cHuye, hombre, huye\u201d. Este libro de denuncia, este alegato contra el sistema penal y penitenciario, estas ansias de libertad, se convertir\u00e1n en un escupitajo lle-no de rabia y de reivindicaci\u00f3n, escupido a las mismas caras que protagonizan y amparan la represi\u00f3n, traduciendose al griego, italiano, alem\u00e1n, ingl\u00e9s, franc\u00e9s y editado en Argentina.<\/p>\n<p>Adem\u00e1s de este libro escribe numerosos textos sobre diferentes temas, sobre todo de tem\u00e1tica carcelaria, pero tambi\u00e9n de an\u00e1lisis de la actualidad de fuera, que segu\u00eda tanto con inter\u00e9s como con preocupaci\u00f3n. Compone poes\u00edas, la mayor\u00eda de estas dedicadas con mucho amor a su incondicional madre. Aparte realiz\u00f3 numerosos cuadros donde predominan los colores vivos debido a su encierro y la ausencia de ellos dentro de prisi\u00f3n.<\/p>\n<p>Aqu\u00ed reproducimos tanto este material como un cap\u00edtulo dedicado a Xos\u00e9, en el cual familiares, amigos y compa\u00f1eros le recuerdan de una manera especial, donde el cari\u00f1o y la pena son palpables. Por \u00faltimo, su madre Pastora contribuye con una introducci\u00f3n que no dejar\u00e1 indiferente a nadie, donde explica qu\u00e9 es lo que hicieron con su hijo para que acabara falleciendo.<\/p>\n<p>Xos\u00e9 nos transmite sus sentimientos sin edulcorar, lo que le llena de odio y de amor: la instituci\u00f3n carcelaria, las drogas, el F.I.E.S., el patriarcado, el Estado, la sociedad, las injusticias, la solidaridad, el amor, la amistad, su madre, la anarqu\u00eda\u2026<\/p>\n<p>Siempre dispuesto a ayudar a su gente, dar la cara por ellos y exigir lo que es justo. Recorriendo numerosas c\u00e1rceles del estado, este insurrecto gallego sabe bien de lo que habla, siendo de los primeros presos en sufrir en sus carnes el r\u00e9gimen F.I.E.S. Su esp\u00edritu ingobernable y su solidaridad entre rebeldes le llevar\u00e1n a recibir multitud de partes, sanciones, humillaciones, cacheos, aislamientos, vejaciones, traslados, palizas\u2026 pero eso no le impedir\u00e1 intentar fugarse una y otra vez.<\/p>\n<p>Fue un rebelde social, un anarquista de pura cepa, nunca retrocedi\u00f3 en sus ideas, ni se vendi\u00f3 por nada ni por nadie, sigui\u00f3 siempre hacia adelante con la cabeza bien alta, luchando hasta que todos seamos libres\u2026<\/p>\n","protected":false},"excerpt":{"rendered":"<p><strong>Xoxe Tarrio<\/strong><br \/>\n9788460679059 &#8211; Imperdible &#8211; 2016 &#8211; 3610 p\u00e1ginas \/orri.<\/p>\n","protected":false},"featured_media":12516,"template":"","meta":[],"product_brand":[],"product_cat":[181,16],"product_tag":[2035,5858],"class_list":{"0":"post-12505","1":"product","2":"type-product","3":"status-publish","4":"has-post-thumbnail","6":"product_cat-bazterketa-soziala-eta-errepresioa-exclusion-social-y-represion","7":"product_cat-libros","8":"product_tag-imperdible","9":"product_tag-xoxe-tarrio","11":"first","12":"instock","13":"sold-individually","14":"shipping-taxable","15":"purchasable","16":"product-type-simple"},"yoast_head":"<!-- This site is optimized with the Yoast SEO plugin v27.3 - https:\/\/yoast.com\/product\/yoast-seo-wordpress\/ -->\n<title>Que la lucha no muera. Ante la adversidad, rebeld\u00eda y amistad &#8212; Zapateneo<\/title>\n<meta name=\"robots\" content=\"index, follow, max-snippet:-1, max-image-preview:large, max-video-preview:-1\" \/>\n<link rel=\"canonical\" href=\"https:\/\/zapateneo.net\/wordpress\/index.php\/producto\/que-la-lucha-no-muera-ante-la-adversidad-rebeldia-y-amistad\/\" \/>\n<meta property=\"og:locale\" content=\"es_ES\" \/>\n<meta property=\"og:type\" content=\"article\" \/>\n<meta property=\"og:title\" content=\"Que la lucha no muera. Ante la adversidad, rebeld\u00eda y amistad &#8212; Zapateneo\" \/>\n<meta property=\"og:description\" content=\"Xoxe Tarrio 9788460679059 - Imperdible - 2016 - 3610 p\u00e1ginas \/orri.\" \/>\n<meta property=\"og:url\" content=\"https:\/\/zapateneo.net\/wordpress\/index.php\/producto\/que-la-lucha-no-muera-ante-la-adversidad-rebeldia-y-amistad\/\" \/>\n<meta property=\"og:site_name\" content=\"Zapateneo\" \/>\n<meta property=\"article:modified_time\" content=\"2023-03-05T19:19:52+00:00\" \/>\n<meta name=\"twitter:card\" content=\"summary_large_image\" \/>\n<meta name=\"twitter:site\" content=\"@zapateneo\" \/>\n<meta name=\"twitter:label1\" content=\"Tiempo de lectura\" \/>\n\t<meta name=\"twitter:data1\" content=\"2 minutos\" \/>\n<script type=\"application\/ld+json\" class=\"yoast-schema-graph\">{\"@context\":\"https:\\\/\\\/schema.org\",\"@graph\":[{\"@type\":\"WebPage\",\"@id\":\"https:\\\/\\\/zapateneo.net\\\/wordpress\\\/index.php\\\/producto\\\/que-la-lucha-no-muera-ante-la-adversidad-rebeldia-y-amistad\\\/\",\"url\":\"https:\\\/\\\/zapateneo.net\\\/wordpress\\\/index.php\\\/producto\\\/que-la-lucha-no-muera-ante-la-adversidad-rebeldia-y-amistad\\\/\",\"name\":\"Que la lucha no muera. Ante la adversidad, rebeld\u00eda y amistad &#8212; Zapateneo\",\"isPartOf\":{\"@id\":\"https:\\\/\\\/zapateneo.net\\\/wordpress\\\/#website\"},\"primaryImageOfPage\":{\"@id\":\"https:\\\/\\\/zapateneo.net\\\/wordpress\\\/index.php\\\/producto\\\/que-la-lucha-no-muera-ante-la-adversidad-rebeldia-y-amistad\\\/#primaryimage\"},\"image\":{\"@id\":\"https:\\\/\\\/zapateneo.net\\\/wordpress\\\/index.php\\\/producto\\\/que-la-lucha-no-muera-ante-la-adversidad-rebeldia-y-amistad\\\/#primaryimage\"},\"thumbnailUrl\":\"https:\\\/\\\/zapateneo.net\\\/wordpress\\\/wp-content\\\/uploads\\\/2023\\\/03\\\/quelaluchanomuera.jpg\",\"datePublished\":\"2023-03-05T19:19:45+00:00\",\"dateModified\":\"2023-03-05T19:19:52+00:00\",\"breadcrumb\":{\"@id\":\"https:\\\/\\\/zapateneo.net\\\/wordpress\\\/index.php\\\/producto\\\/que-la-lucha-no-muera-ante-la-adversidad-rebeldia-y-amistad\\\/#breadcrumb\"},\"inLanguage\":\"es\",\"potentialAction\":[{\"@type\":\"ReadAction\",\"target\":[\"https:\\\/\\\/zapateneo.net\\\/wordpress\\\/index.php\\\/producto\\\/que-la-lucha-no-muera-ante-la-adversidad-rebeldia-y-amistad\\\/\"]}]},{\"@type\":\"ImageObject\",\"inLanguage\":\"es\",\"@id\":\"https:\\\/\\\/zapateneo.net\\\/wordpress\\\/index.php\\\/producto\\\/que-la-lucha-no-muera-ante-la-adversidad-rebeldia-y-amistad\\\/#primaryimage\",\"url\":\"https:\\\/\\\/zapateneo.net\\\/wordpress\\\/wp-content\\\/uploads\\\/2023\\\/03\\\/quelaluchanomuera.jpg\",\"contentUrl\":\"https:\\\/\\\/zapateneo.net\\\/wordpress\\\/wp-content\\\/uploads\\\/2023\\\/03\\\/quelaluchanomuera.jpg\",\"width\":400,\"height\":400},{\"@type\":\"BreadcrumbList\",\"@id\":\"https:\\\/\\\/zapateneo.net\\\/wordpress\\\/index.php\\\/producto\\\/que-la-lucha-no-muera-ante-la-adversidad-rebeldia-y-amistad\\\/#breadcrumb\",\"itemListElement\":[{\"@type\":\"ListItem\",\"position\":1,\"name\":\"Portada\",\"item\":\"https:\\\/\\\/zapateneo.net\\\/wordpress\\\/\"},{\"@type\":\"ListItem\",\"position\":2,\"name\":\"Tienda\",\"item\":\"https:\\\/\\\/zapateneo.net\\\/wordpress\\\/\"},{\"@type\":\"ListItem\",\"position\":3,\"name\":\"Que la lucha no muera. Ante la adversidad, rebeld\u00eda y amistad\"}]},{\"@type\":\"WebSite\",\"@id\":\"https:\\\/\\\/zapateneo.net\\\/wordpress\\\/#website\",\"url\":\"https:\\\/\\\/zapateneo.net\\\/wordpress\\\/\",\"name\":\"Zapateneo\",\"description\":\"Zapateneoaren webgunea\",\"publisher\":{\"@id\":\"https:\\\/\\\/zapateneo.net\\\/wordpress\\\/#organization\"},\"potentialAction\":[{\"@type\":\"SearchAction\",\"target\":{\"@type\":\"EntryPoint\",\"urlTemplate\":\"https:\\\/\\\/zapateneo.net\\\/wordpress\\\/?s={search_term_string}\"},\"query-input\":{\"@type\":\"PropertyValueSpecification\",\"valueRequired\":true,\"valueName\":\"search_term_string\"}}],\"inLanguage\":\"es\"},{\"@type\":\"Organization\",\"@id\":\"https:\\\/\\\/zapateneo.net\\\/wordpress\\\/#organization\",\"name\":\"Zapateneo Kultur Elkartea\",\"url\":\"https:\\\/\\\/zapateneo.net\\\/wordpress\\\/\",\"logo\":{\"@type\":\"ImageObject\",\"inLanguage\":\"es\",\"@id\":\"https:\\\/\\\/zapateneo.net\\\/wordpress\\\/#\\\/schema\\\/logo\\\/image\\\/\",\"url\":\"https:\\\/\\\/zapateneo.net\\\/wordpress\\\/wp-content\\\/uploads\\\/2021\\\/04\\\/zap-libu-kolec.jpg\",\"contentUrl\":\"https:\\\/\\\/zapateneo.net\\\/wordpress\\\/wp-content\\\/uploads\\\/2021\\\/04\\\/zap-libu-kolec.jpg\",\"width\":2234,\"height\":398,\"caption\":\"Zapateneo Kultur Elkartea\"},\"image\":{\"@id\":\"https:\\\/\\\/zapateneo.net\\\/wordpress\\\/#\\\/schema\\\/logo\\\/image\\\/\"},\"sameAs\":[\"https:\\\/\\\/x.com\\\/zapateneo\"]}]}<\/script>\n<!-- \/ Yoast SEO plugin. -->","yoast_head_json":{"title":"Que la lucha no muera. Ante la adversidad, rebeld\u00eda y amistad &#8212; Zapateneo","robots":{"index":"index","follow":"follow","max-snippet":"max-snippet:-1","max-image-preview":"max-image-preview:large","max-video-preview":"max-video-preview:-1"},"canonical":"https:\/\/zapateneo.net\/wordpress\/index.php\/producto\/que-la-lucha-no-muera-ante-la-adversidad-rebeldia-y-amistad\/","og_locale":"es_ES","og_type":"article","og_title":"Que la lucha no muera. Ante la adversidad, rebeld\u00eda y amistad &#8212; Zapateneo","og_description":"Xoxe Tarrio 9788460679059 - Imperdible - 2016 - 3610 p\u00e1ginas \/orri.","og_url":"https:\/\/zapateneo.net\/wordpress\/index.php\/producto\/que-la-lucha-no-muera-ante-la-adversidad-rebeldia-y-amistad\/","og_site_name":"Zapateneo","article_modified_time":"2023-03-05T19:19:52+00:00","twitter_card":"summary_large_image","twitter_site":"@zapateneo","twitter_misc":{"Tiempo de lectura":"2 minutos"},"schema":{"@context":"https:\/\/schema.org","@graph":[{"@type":"WebPage","@id":"https:\/\/zapateneo.net\/wordpress\/index.php\/producto\/que-la-lucha-no-muera-ante-la-adversidad-rebeldia-y-amistad\/","url":"https:\/\/zapateneo.net\/wordpress\/index.php\/producto\/que-la-lucha-no-muera-ante-la-adversidad-rebeldia-y-amistad\/","name":"Que la lucha no muera. Ante la adversidad, rebeld\u00eda y amistad &#8212; Zapateneo","isPartOf":{"@id":"https:\/\/zapateneo.net\/wordpress\/#website"},"primaryImageOfPage":{"@id":"https:\/\/zapateneo.net\/wordpress\/index.php\/producto\/que-la-lucha-no-muera-ante-la-adversidad-rebeldia-y-amistad\/#primaryimage"},"image":{"@id":"https:\/\/zapateneo.net\/wordpress\/index.php\/producto\/que-la-lucha-no-muera-ante-la-adversidad-rebeldia-y-amistad\/#primaryimage"},"thumbnailUrl":"https:\/\/zapateneo.net\/wordpress\/wp-content\/uploads\/2023\/03\/quelaluchanomuera.jpg","datePublished":"2023-03-05T19:19:45+00:00","dateModified":"2023-03-05T19:19:52+00:00","breadcrumb":{"@id":"https:\/\/zapateneo.net\/wordpress\/index.php\/producto\/que-la-lucha-no-muera-ante-la-adversidad-rebeldia-y-amistad\/#breadcrumb"},"inLanguage":"es","potentialAction":[{"@type":"ReadAction","target":["https:\/\/zapateneo.net\/wordpress\/index.php\/producto\/que-la-lucha-no-muera-ante-la-adversidad-rebeldia-y-amistad\/"]}]},{"@type":"ImageObject","inLanguage":"es","@id":"https:\/\/zapateneo.net\/wordpress\/index.php\/producto\/que-la-lucha-no-muera-ante-la-adversidad-rebeldia-y-amistad\/#primaryimage","url":"https:\/\/zapateneo.net\/wordpress\/wp-content\/uploads\/2023\/03\/quelaluchanomuera.jpg","contentUrl":"https:\/\/zapateneo.net\/wordpress\/wp-content\/uploads\/2023\/03\/quelaluchanomuera.jpg","width":400,"height":400},{"@type":"BreadcrumbList","@id":"https:\/\/zapateneo.net\/wordpress\/index.php\/producto\/que-la-lucha-no-muera-ante-la-adversidad-rebeldia-y-amistad\/#breadcrumb","itemListElement":[{"@type":"ListItem","position":1,"name":"Portada","item":"https:\/\/zapateneo.net\/wordpress\/"},{"@type":"ListItem","position":2,"name":"Tienda","item":"https:\/\/zapateneo.net\/wordpress\/"},{"@type":"ListItem","position":3,"name":"Que la lucha no muera. Ante la adversidad, rebeld\u00eda y amistad"}]},{"@type":"WebSite","@id":"https:\/\/zapateneo.net\/wordpress\/#website","url":"https:\/\/zapateneo.net\/wordpress\/","name":"Zapateneo","description":"Zapateneoaren webgunea","publisher":{"@id":"https:\/\/zapateneo.net\/wordpress\/#organization"},"potentialAction":[{"@type":"SearchAction","target":{"@type":"EntryPoint","urlTemplate":"https:\/\/zapateneo.net\/wordpress\/?s={search_term_string}"},"query-input":{"@type":"PropertyValueSpecification","valueRequired":true,"valueName":"search_term_string"}}],"inLanguage":"es"},{"@type":"Organization","@id":"https:\/\/zapateneo.net\/wordpress\/#organization","name":"Zapateneo Kultur Elkartea","url":"https:\/\/zapateneo.net\/wordpress\/","logo":{"@type":"ImageObject","inLanguage":"es","@id":"https:\/\/zapateneo.net\/wordpress\/#\/schema\/logo\/image\/","url":"https:\/\/zapateneo.net\/wordpress\/wp-content\/uploads\/2021\/04\/zap-libu-kolec.jpg","contentUrl":"https:\/\/zapateneo.net\/wordpress\/wp-content\/uploads\/2021\/04\/zap-libu-kolec.jpg","width":2234,"height":398,"caption":"Zapateneo Kultur Elkartea"},"image":{"@id":"https:\/\/zapateneo.net\/wordpress\/#\/schema\/logo\/image\/"},"sameAs":["https:\/\/x.com\/zapateneo"]}]}},"_links":{"self":[{"href":"https:\/\/zapateneo.net\/wordpress\/index.php\/wp-json\/wp\/v2\/product\/12505","targetHints":{"allow":["GET"]}}],"collection":[{"href":"https:\/\/zapateneo.net\/wordpress\/index.php\/wp-json\/wp\/v2\/product"}],"about":[{"href":"https:\/\/zapateneo.net\/wordpress\/index.php\/wp-json\/wp\/v2\/types\/product"}],"wp:featuredmedia":[{"embeddable":true,"href":"https:\/\/zapateneo.net\/wordpress\/index.php\/wp-json\/wp\/v2\/media\/12516"}],"wp:attachment":[{"href":"https:\/\/zapateneo.net\/wordpress\/index.php\/wp-json\/wp\/v2\/media?parent=12505"}],"wp:term":[{"taxonomy":"product_brand","embeddable":true,"href":"https:\/\/zapateneo.net\/wordpress\/index.php\/wp-json\/wp\/v2\/product_brand?post=12505"},{"taxonomy":"product_cat","embeddable":true,"href":"https:\/\/zapateneo.net\/wordpress\/index.php\/wp-json\/wp\/v2\/product_cat?post=12505"},{"taxonomy":"product_tag","embeddable":true,"href":"https:\/\/zapateneo.net\/wordpress\/index.php\/wp-json\/wp\/v2\/product_tag?post=12505"}],"curies":[{"name":"wp","href":"https:\/\/api.w.org\/{rel}","templated":true}]}}