{"id":12499,"date":"2023-03-05T20:19:44","date_gmt":"2023-03-05T19:19:44","guid":{"rendered":"https:\/\/zapateneo.net\/wordpress\/?post_type=product&#038;p=12499"},"modified":"2023-03-05T20:19:49","modified_gmt":"2023-03-05T19:19:49","slug":"armadas-con-la-pluma-y-la-palabra-sombras-i-prensa-politica","status":"publish","type":"product","link":"https:\/\/zapateneo.net\/wordpress\/index.php\/producto\/armadas-con-la-pluma-y-la-palabra-sombras-i-prensa-politica\/","title":{"rendered":"ARMADAS CON LA PLUMA Y LA PALABRA Sombras I &#8211; Prensa pol\u00edtica"},"content":{"rendered":"<p>SOMBRAS es un proyecto militante que pretende dar cuenta y arrojar luz a las luchas de las mujeres y otras identidades no normativas omitidas por el feminismo hegem\u00f3nico. El relato oficial de las olas del feminismo basa sus postulados y perspectivas en el pensamiento ilustrado, negando as\u00ed otras formas de ocupar el mundo, de oponerse y resistir a los \u00f3rdenes establecidos que existieron y existen. Con Sombras pretendemos deslumbrar y recuperar la memoria y la lucha de las otras: las rebeldes, la locas, las putas, las no blancas, las discas, las pobres, las rastreras, las obreras, las migrantes, guerrilleras, oradoras, escritoras y activistas. En definitiva, las de un proletariade tan vapuleado como dispuesto a seguir resistiendo.<\/p>\n<p>SOMBRAS I Prensa Pol\u00edtica: Armadas con la Pluma y la Palabra.<br \/>\nUtopistas, socialistas y anarquistas, y alguna que otra sufragista, se agolpan en este primer ejemplar para dar muestra de sus luchas y preocupaciones: pobreza, trabajo, educaci\u00f3n, amor libre, aborto, maternidad, matrimonio, prostituci\u00f3n, antimilitarismo, as\u00ed como la alianza internacionalista en un tiempo que avanzaba hacia una Guerra de Clases de lo m\u00e1s cruenta y disciplinar.<\/p>\n","protected":false},"excerpt":{"rendered":"<p><strong>Deyanira Schurjin Benedetto<\/strong><br \/>\n9788409405442 &#8211; Imperdible &#8211; 2022 &#8211; 288 p\u00e1ginas \/orri.<\/p>\n","protected":false},"featured_media":12510,"template":"","meta":[],"product_brand":[],"product_cat":[185,16],"product_tag":[5855,2035],"class_list":{"0":"post-12499","1":"product","2":"type-product","3":"status-publish","4":"has-post-thumbnail","6":"product_cat-historia","7":"product_cat-libros","8":"product_tag-deyanira-schurjin-benedetto","9":"product_tag-imperdible","11":"first","12":"instock","13":"sold-individually","14":"shipping-taxable","15":"purchasable","16":"product-type-simple"},"yoast_head":"<!-- This site is optimized with the Yoast SEO plugin v27.3 - https:\/\/yoast.com\/product\/yoast-seo-wordpress\/ -->\n<title>ARMADAS CON LA PLUMA Y LA PALABRA Sombras I - Prensa pol\u00edtica &#8212; Zapateneo<\/title>\n<meta name=\"robots\" content=\"index, follow, max-snippet:-1, max-image-preview:large, max-video-preview:-1\" \/>\n<link rel=\"canonical\" href=\"https:\/\/zapateneo.net\/wordpress\/index.php\/producto\/armadas-con-la-pluma-y-la-palabra-sombras-i-prensa-politica\/\" \/>\n<meta property=\"og:locale\" content=\"es_ES\" \/>\n<meta property=\"og:type\" content=\"article\" \/>\n<meta property=\"og:title\" content=\"ARMADAS CON LA PLUMA Y LA PALABRA Sombras I - Prensa pol\u00edtica &#8212; Zapateneo\" \/>\n<meta property=\"og:description\" content=\"Deyanira Schurjin Benedetto 9788409405442 - Imperdible - 2022 - 288 p\u00e1ginas \/orri.\" \/>\n<meta property=\"og:url\" content=\"https:\/\/zapateneo.net\/wordpress\/index.php\/producto\/armadas-con-la-pluma-y-la-palabra-sombras-i-prensa-politica\/\" \/>\n<meta property=\"og:site_name\" content=\"Zapateneo\" \/>\n<meta property=\"article:modified_time\" content=\"2023-03-05T19:19:49+00:00\" \/>\n<meta name=\"twitter:card\" content=\"summary_large_image\" \/>\n<meta name=\"twitter:site\" content=\"@zapateneo\" \/>\n<meta name=\"twitter:label1\" content=\"Tiempo de lectura\" \/>\n\t<meta name=\"twitter:data1\" content=\"1 minuto\" \/>\n<script type=\"application\/ld+json\" class=\"yoast-schema-graph\">{\"@context\":\"https:\\\/\\\/schema.org\",\"@graph\":[{\"@type\":\"WebPage\",\"@id\":\"https:\\\/\\\/zapateneo.net\\\/wordpress\\\/index.php\\\/producto\\\/armadas-con-la-pluma-y-la-palabra-sombras-i-prensa-politica\\\/\",\"url\":\"https:\\\/\\\/zapateneo.net\\\/wordpress\\\/index.php\\\/producto\\\/armadas-con-la-pluma-y-la-palabra-sombras-i-prensa-politica\\\/\",\"name\":\"ARMADAS CON LA PLUMA Y LA PALABRA Sombras I - Prensa pol\u00edtica &#8212; Zapateneo\",\"isPartOf\":{\"@id\":\"https:\\\/\\\/zapateneo.net\\\/wordpress\\\/#website\"},\"primaryImageOfPage\":{\"@id\":\"https:\\\/\\\/zapateneo.net\\\/wordpress\\\/index.php\\\/producto\\\/armadas-con-la-pluma-y-la-palabra-sombras-i-prensa-politica\\\/#primaryimage\"},\"image\":{\"@id\":\"https:\\\/\\\/zapateneo.net\\\/wordpress\\\/index.php\\\/producto\\\/armadas-con-la-pluma-y-la-palabra-sombras-i-prensa-politica\\\/#primaryimage\"},\"thumbnailUrl\":\"https:\\\/\\\/zapateneo.net\\\/wordpress\\\/wp-content\\\/uploads\\\/2023\\\/03\\\/armadas-con-la-pluma-y-la-palabra-9788409405442.jpg\",\"datePublished\":\"2023-03-05T19:19:44+00:00\",\"dateModified\":\"2023-03-05T19:19:49+00:00\",\"breadcrumb\":{\"@id\":\"https:\\\/\\\/zapateneo.net\\\/wordpress\\\/index.php\\\/producto\\\/armadas-con-la-pluma-y-la-palabra-sombras-i-prensa-politica\\\/#breadcrumb\"},\"inLanguage\":\"es\",\"potentialAction\":[{\"@type\":\"ReadAction\",\"target\":[\"https:\\\/\\\/zapateneo.net\\\/wordpress\\\/index.php\\\/producto\\\/armadas-con-la-pluma-y-la-palabra-sombras-i-prensa-politica\\\/\"]}]},{\"@type\":\"ImageObject\",\"inLanguage\":\"es\",\"@id\":\"https:\\\/\\\/zapateneo.net\\\/wordpress\\\/index.php\\\/producto\\\/armadas-con-la-pluma-y-la-palabra-sombras-i-prensa-politica\\\/#primaryimage\",\"url\":\"https:\\\/\\\/zapateneo.net\\\/wordpress\\\/wp-content\\\/uploads\\\/2023\\\/03\\\/armadas-con-la-pluma-y-la-palabra-9788409405442.jpg\",\"contentUrl\":\"https:\\\/\\\/zapateneo.net\\\/wordpress\\\/wp-content\\\/uploads\\\/2023\\\/03\\\/armadas-con-la-pluma-y-la-palabra-9788409405442.jpg\",\"width\":279,\"height\":400},{\"@type\":\"BreadcrumbList\",\"@id\":\"https:\\\/\\\/zapateneo.net\\\/wordpress\\\/index.php\\\/producto\\\/armadas-con-la-pluma-y-la-palabra-sombras-i-prensa-politica\\\/#breadcrumb\",\"itemListElement\":[{\"@type\":\"ListItem\",\"position\":1,\"name\":\"Portada\",\"item\":\"https:\\\/\\\/zapateneo.net\\\/wordpress\\\/\"},{\"@type\":\"ListItem\",\"position\":2,\"name\":\"Tienda\",\"item\":\"https:\\\/\\\/zapateneo.net\\\/wordpress\\\/\"},{\"@type\":\"ListItem\",\"position\":3,\"name\":\"ARMADAS CON LA PLUMA Y LA PALABRA Sombras I &#8211; Prensa pol\u00edtica\"}]},{\"@type\":\"WebSite\",\"@id\":\"https:\\\/\\\/zapateneo.net\\\/wordpress\\\/#website\",\"url\":\"https:\\\/\\\/zapateneo.net\\\/wordpress\\\/\",\"name\":\"Zapateneo\",\"description\":\"Zapateneoaren webgunea\",\"publisher\":{\"@id\":\"https:\\\/\\\/zapateneo.net\\\/wordpress\\\/#organization\"},\"potentialAction\":[{\"@type\":\"SearchAction\",\"target\":{\"@type\":\"EntryPoint\",\"urlTemplate\":\"https:\\\/\\\/zapateneo.net\\\/wordpress\\\/?s={search_term_string}\"},\"query-input\":{\"@type\":\"PropertyValueSpecification\",\"valueRequired\":true,\"valueName\":\"search_term_string\"}}],\"inLanguage\":\"es\"},{\"@type\":\"Organization\",\"@id\":\"https:\\\/\\\/zapateneo.net\\\/wordpress\\\/#organization\",\"name\":\"Zapateneo Kultur Elkartea\",\"url\":\"https:\\\/\\\/zapateneo.net\\\/wordpress\\\/\",\"logo\":{\"@type\":\"ImageObject\",\"inLanguage\":\"es\",\"@id\":\"https:\\\/\\\/zapateneo.net\\\/wordpress\\\/#\\\/schema\\\/logo\\\/image\\\/\",\"url\":\"https:\\\/\\\/zapateneo.net\\\/wordpress\\\/wp-content\\\/uploads\\\/2021\\\/04\\\/zap-libu-kolec.jpg\",\"contentUrl\":\"https:\\\/\\\/zapateneo.net\\\/wordpress\\\/wp-content\\\/uploads\\\/2021\\\/04\\\/zap-libu-kolec.jpg\",\"width\":2234,\"height\":398,\"caption\":\"Zapateneo Kultur Elkartea\"},\"image\":{\"@id\":\"https:\\\/\\\/zapateneo.net\\\/wordpress\\\/#\\\/schema\\\/logo\\\/image\\\/\"},\"sameAs\":[\"https:\\\/\\\/x.com\\\/zapateneo\"]}]}<\/script>\n<!-- \/ Yoast SEO plugin. -->","yoast_head_json":{"title":"ARMADAS CON LA PLUMA Y LA PALABRA Sombras I - Prensa pol\u00edtica &#8212; Zapateneo","robots":{"index":"index","follow":"follow","max-snippet":"max-snippet:-1","max-image-preview":"max-image-preview:large","max-video-preview":"max-video-preview:-1"},"canonical":"https:\/\/zapateneo.net\/wordpress\/index.php\/producto\/armadas-con-la-pluma-y-la-palabra-sombras-i-prensa-politica\/","og_locale":"es_ES","og_type":"article","og_title":"ARMADAS CON LA PLUMA Y LA PALABRA Sombras I - Prensa pol\u00edtica &#8212; Zapateneo","og_description":"Deyanira Schurjin Benedetto 9788409405442 - Imperdible - 2022 - 288 p\u00e1ginas \/orri.","og_url":"https:\/\/zapateneo.net\/wordpress\/index.php\/producto\/armadas-con-la-pluma-y-la-palabra-sombras-i-prensa-politica\/","og_site_name":"Zapateneo","article_modified_time":"2023-03-05T19:19:49+00:00","twitter_card":"summary_large_image","twitter_site":"@zapateneo","twitter_misc":{"Tiempo de lectura":"1 minuto"},"schema":{"@context":"https:\/\/schema.org","@graph":[{"@type":"WebPage","@id":"https:\/\/zapateneo.net\/wordpress\/index.php\/producto\/armadas-con-la-pluma-y-la-palabra-sombras-i-prensa-politica\/","url":"https:\/\/zapateneo.net\/wordpress\/index.php\/producto\/armadas-con-la-pluma-y-la-palabra-sombras-i-prensa-politica\/","name":"ARMADAS CON LA PLUMA Y LA PALABRA Sombras I - Prensa pol\u00edtica &#8212; Zapateneo","isPartOf":{"@id":"https:\/\/zapateneo.net\/wordpress\/#website"},"primaryImageOfPage":{"@id":"https:\/\/zapateneo.net\/wordpress\/index.php\/producto\/armadas-con-la-pluma-y-la-palabra-sombras-i-prensa-politica\/#primaryimage"},"image":{"@id":"https:\/\/zapateneo.net\/wordpress\/index.php\/producto\/armadas-con-la-pluma-y-la-palabra-sombras-i-prensa-politica\/#primaryimage"},"thumbnailUrl":"https:\/\/zapateneo.net\/wordpress\/wp-content\/uploads\/2023\/03\/armadas-con-la-pluma-y-la-palabra-9788409405442.jpg","datePublished":"2023-03-05T19:19:44+00:00","dateModified":"2023-03-05T19:19:49+00:00","breadcrumb":{"@id":"https:\/\/zapateneo.net\/wordpress\/index.php\/producto\/armadas-con-la-pluma-y-la-palabra-sombras-i-prensa-politica\/#breadcrumb"},"inLanguage":"es","potentialAction":[{"@type":"ReadAction","target":["https:\/\/zapateneo.net\/wordpress\/index.php\/producto\/armadas-con-la-pluma-y-la-palabra-sombras-i-prensa-politica\/"]}]},{"@type":"ImageObject","inLanguage":"es","@id":"https:\/\/zapateneo.net\/wordpress\/index.php\/producto\/armadas-con-la-pluma-y-la-palabra-sombras-i-prensa-politica\/#primaryimage","url":"https:\/\/zapateneo.net\/wordpress\/wp-content\/uploads\/2023\/03\/armadas-con-la-pluma-y-la-palabra-9788409405442.jpg","contentUrl":"https:\/\/zapateneo.net\/wordpress\/wp-content\/uploads\/2023\/03\/armadas-con-la-pluma-y-la-palabra-9788409405442.jpg","width":279,"height":400},{"@type":"BreadcrumbList","@id":"https:\/\/zapateneo.net\/wordpress\/index.php\/producto\/armadas-con-la-pluma-y-la-palabra-sombras-i-prensa-politica\/#breadcrumb","itemListElement":[{"@type":"ListItem","position":1,"name":"Portada","item":"https:\/\/zapateneo.net\/wordpress\/"},{"@type":"ListItem","position":2,"name":"Tienda","item":"https:\/\/zapateneo.net\/wordpress\/"},{"@type":"ListItem","position":3,"name":"ARMADAS CON LA PLUMA Y LA PALABRA Sombras I &#8211; Prensa pol\u00edtica"}]},{"@type":"WebSite","@id":"https:\/\/zapateneo.net\/wordpress\/#website","url":"https:\/\/zapateneo.net\/wordpress\/","name":"Zapateneo","description":"Zapateneoaren webgunea","publisher":{"@id":"https:\/\/zapateneo.net\/wordpress\/#organization"},"potentialAction":[{"@type":"SearchAction","target":{"@type":"EntryPoint","urlTemplate":"https:\/\/zapateneo.net\/wordpress\/?s={search_term_string}"},"query-input":{"@type":"PropertyValueSpecification","valueRequired":true,"valueName":"search_term_string"}}],"inLanguage":"es"},{"@type":"Organization","@id":"https:\/\/zapateneo.net\/wordpress\/#organization","name":"Zapateneo Kultur Elkartea","url":"https:\/\/zapateneo.net\/wordpress\/","logo":{"@type":"ImageObject","inLanguage":"es","@id":"https:\/\/zapateneo.net\/wordpress\/#\/schema\/logo\/image\/","url":"https:\/\/zapateneo.net\/wordpress\/wp-content\/uploads\/2021\/04\/zap-libu-kolec.jpg","contentUrl":"https:\/\/zapateneo.net\/wordpress\/wp-content\/uploads\/2021\/04\/zap-libu-kolec.jpg","width":2234,"height":398,"caption":"Zapateneo Kultur Elkartea"},"image":{"@id":"https:\/\/zapateneo.net\/wordpress\/#\/schema\/logo\/image\/"},"sameAs":["https:\/\/x.com\/zapateneo"]}]}},"_links":{"self":[{"href":"https:\/\/zapateneo.net\/wordpress\/index.php\/wp-json\/wp\/v2\/product\/12499","targetHints":{"allow":["GET"]}}],"collection":[{"href":"https:\/\/zapateneo.net\/wordpress\/index.php\/wp-json\/wp\/v2\/product"}],"about":[{"href":"https:\/\/zapateneo.net\/wordpress\/index.php\/wp-json\/wp\/v2\/types\/product"}],"wp:featuredmedia":[{"embeddable":true,"href":"https:\/\/zapateneo.net\/wordpress\/index.php\/wp-json\/wp\/v2\/media\/12510"}],"wp:attachment":[{"href":"https:\/\/zapateneo.net\/wordpress\/index.php\/wp-json\/wp\/v2\/media?parent=12499"}],"wp:term":[{"taxonomy":"product_brand","embeddable":true,"href":"https:\/\/zapateneo.net\/wordpress\/index.php\/wp-json\/wp\/v2\/product_brand?post=12499"},{"taxonomy":"product_cat","embeddable":true,"href":"https:\/\/zapateneo.net\/wordpress\/index.php\/wp-json\/wp\/v2\/product_cat?post=12499"},{"taxonomy":"product_tag","embeddable":true,"href":"https:\/\/zapateneo.net\/wordpress\/index.php\/wp-json\/wp\/v2\/product_tag?post=12499"}],"curies":[{"name":"wp","href":"https:\/\/api.w.org\/{rel}","templated":true}]}}