{"id":12498,"date":"2023-03-05T20:19:43","date_gmt":"2023-03-05T19:19:43","guid":{"rendered":"https:\/\/zapateneo.net\/wordpress\/?post_type=product&#038;p=12498"},"modified":"2023-03-05T20:19:48","modified_gmt":"2023-03-05T19:19:48","slug":"kabaret-ploma-2-socialicemos-las-lentejuelas","status":"publish","type":"product","link":"https:\/\/zapateneo.net\/wordpress\/index.php\/producto\/kabaret-ploma-2-socialicemos-las-lentejuelas\/","title":{"rendered":"Kabaret Ploma 2 Socialicemos las lentejuelas"},"content":{"rendered":"<p>En Kabaret Ploma 2 Socialicemos las lentejuelas se narra en primera persona las fren\u00e9ticas vidas de un grupo de Music Hall que evolucion\u00f3 al Cabaret, entendiendo esto \u00faltimo como un gui\u00f1o al Berl\u00edn de la Rep\u00fablica de Weimar. Dentro de nuestro contexto socio-pol\u00edtico, los principales integrantes ten\u00edamos un pasado com\u00fan: adolescencia y juventud en c\u00e1rceles o manicomios franquistas, vapuleados por la siniestra Ley de Peligrosidad y Rehabilitaci\u00f3n Social por nuestra opci\u00f3n sexual. Activismo pol\u00edtico y LGTBI, con doble vida en algunos casos que te pod\u00edan llevar a ser Salvador de d\u00eda y Greta de noche viviendo en un pueblo donde todxs se conocen.<\/p>\n<p>Relato como les uni\u00f3 la muerte con un sida devastador y fulminante, pero no se alarmen que est\u00e1 contado al estilo cabaretero, despojado del panfleto, como si de una actuaci\u00f3n estelar se tratara, con marab\u00fas, boas, collares, Art-Dec\u00f3 y en un riguroso directo. Porque Ploma 2 fue el \u00fanico grupo de Kabaret que, aparte de antros y teatros, actu\u00f3 en las Universidades y, exceptuando las Islas Canarias, Ceuta y Melilla, en todas las provincias espa\u00f1olas.<\/p>\n<p>Tampoco se alarmen al pensar que est\u00e1 escrito de forma excesivamente intelectual. Como he relatado antes, el lenguaje es tan cabaretero como las fotos y dibujos que ilustran esta obra. \u00a1Viva la frivolidad! tal como la \u201centend\u00eda\u201d Oscar Wilde.<\/p>\n","protected":false},"excerpt":{"rendered":"<p><strong>Rampova<\/strong><br \/>\n9788409177554 &#8211; Imperdible &#8211; 2020 &#8211; 220 p\u00e1ginas \/orri.<\/p>\n","protected":false},"featured_media":12509,"template":"","meta":[],"product_brand":[],"product_cat":[183,16],"product_tag":[2035,5854],"class_list":{"0":"post-12498","1":"product","2":"type-product","3":"status-publish","4":"has-post-thumbnail","6":"product_cat-kultur-adierazpenak-expresiones-culturales","7":"product_cat-libros","8":"product_tag-imperdible","9":"product_tag-rampova","11":"first","12":"instock","13":"sold-individually","14":"shipping-taxable","15":"purchasable","16":"product-type-simple"},"yoast_head":"<!-- This site is optimized with the Yoast SEO plugin v27.3 - https:\/\/yoast.com\/product\/yoast-seo-wordpress\/ -->\n<title>Kabaret Ploma 2 Socialicemos las lentejuelas &#8212; Zapateneo<\/title>\n<meta name=\"robots\" content=\"index, follow, max-snippet:-1, max-image-preview:large, max-video-preview:-1\" \/>\n<link rel=\"canonical\" href=\"https:\/\/zapateneo.net\/wordpress\/index.php\/producto\/kabaret-ploma-2-socialicemos-las-lentejuelas\/\" \/>\n<meta property=\"og:locale\" content=\"es_ES\" \/>\n<meta property=\"og:type\" content=\"article\" \/>\n<meta property=\"og:title\" content=\"Kabaret Ploma 2 Socialicemos las lentejuelas &#8212; Zapateneo\" \/>\n<meta property=\"og:description\" content=\"Rampova 9788409177554 - Imperdible - 2020 - 220 p\u00e1ginas \/orri.\" \/>\n<meta property=\"og:url\" content=\"https:\/\/zapateneo.net\/wordpress\/index.php\/producto\/kabaret-ploma-2-socialicemos-las-lentejuelas\/\" \/>\n<meta property=\"og:site_name\" content=\"Zapateneo\" \/>\n<meta property=\"article:modified_time\" content=\"2023-03-05T19:19:48+00:00\" \/>\n<meta name=\"twitter:card\" content=\"summary_large_image\" \/>\n<meta name=\"twitter:site\" content=\"@zapateneo\" \/>\n<meta name=\"twitter:label1\" content=\"Tiempo de lectura\" \/>\n\t<meta name=\"twitter:data1\" content=\"1 minuto\" \/>\n<script type=\"application\/ld+json\" class=\"yoast-schema-graph\">{\"@context\":\"https:\\\/\\\/schema.org\",\"@graph\":[{\"@type\":\"WebPage\",\"@id\":\"https:\\\/\\\/zapateneo.net\\\/wordpress\\\/index.php\\\/producto\\\/kabaret-ploma-2-socialicemos-las-lentejuelas\\\/\",\"url\":\"https:\\\/\\\/zapateneo.net\\\/wordpress\\\/index.php\\\/producto\\\/kabaret-ploma-2-socialicemos-las-lentejuelas\\\/\",\"name\":\"Kabaret Ploma 2 Socialicemos las lentejuelas &#8212; Zapateneo\",\"isPartOf\":{\"@id\":\"https:\\\/\\\/zapateneo.net\\\/wordpress\\\/#website\"},\"primaryImageOfPage\":{\"@id\":\"https:\\\/\\\/zapateneo.net\\\/wordpress\\\/index.php\\\/producto\\\/kabaret-ploma-2-socialicemos-las-lentejuelas\\\/#primaryimage\"},\"image\":{\"@id\":\"https:\\\/\\\/zapateneo.net\\\/wordpress\\\/index.php\\\/producto\\\/kabaret-ploma-2-socialicemos-las-lentejuelas\\\/#primaryimage\"},\"thumbnailUrl\":\"https:\\\/\\\/zapateneo.net\\\/wordpress\\\/wp-content\\\/uploads\\\/2023\\\/03\\\/kabaret-ploma-2.png\",\"datePublished\":\"2023-03-05T19:19:43+00:00\",\"dateModified\":\"2023-03-05T19:19:48+00:00\",\"breadcrumb\":{\"@id\":\"https:\\\/\\\/zapateneo.net\\\/wordpress\\\/index.php\\\/producto\\\/kabaret-ploma-2-socialicemos-las-lentejuelas\\\/#breadcrumb\"},\"inLanguage\":\"es\",\"potentialAction\":[{\"@type\":\"ReadAction\",\"target\":[\"https:\\\/\\\/zapateneo.net\\\/wordpress\\\/index.php\\\/producto\\\/kabaret-ploma-2-socialicemos-las-lentejuelas\\\/\"]}]},{\"@type\":\"ImageObject\",\"inLanguage\":\"es\",\"@id\":\"https:\\\/\\\/zapateneo.net\\\/wordpress\\\/index.php\\\/producto\\\/kabaret-ploma-2-socialicemos-las-lentejuelas\\\/#primaryimage\",\"url\":\"https:\\\/\\\/zapateneo.net\\\/wordpress\\\/wp-content\\\/uploads\\\/2023\\\/03\\\/kabaret-ploma-2.png\",\"contentUrl\":\"https:\\\/\\\/zapateneo.net\\\/wordpress\\\/wp-content\\\/uploads\\\/2023\\\/03\\\/kabaret-ploma-2.png\",\"width\":302,\"height\":400},{\"@type\":\"BreadcrumbList\",\"@id\":\"https:\\\/\\\/zapateneo.net\\\/wordpress\\\/index.php\\\/producto\\\/kabaret-ploma-2-socialicemos-las-lentejuelas\\\/#breadcrumb\",\"itemListElement\":[{\"@type\":\"ListItem\",\"position\":1,\"name\":\"Portada\",\"item\":\"https:\\\/\\\/zapateneo.net\\\/wordpress\\\/\"},{\"@type\":\"ListItem\",\"position\":2,\"name\":\"Tienda\",\"item\":\"https:\\\/\\\/zapateneo.net\\\/wordpress\\\/\"},{\"@type\":\"ListItem\",\"position\":3,\"name\":\"Kabaret Ploma 2 Socialicemos las lentejuelas\"}]},{\"@type\":\"WebSite\",\"@id\":\"https:\\\/\\\/zapateneo.net\\\/wordpress\\\/#website\",\"url\":\"https:\\\/\\\/zapateneo.net\\\/wordpress\\\/\",\"name\":\"Zapateneo\",\"description\":\"Zapateneoaren webgunea\",\"publisher\":{\"@id\":\"https:\\\/\\\/zapateneo.net\\\/wordpress\\\/#organization\"},\"potentialAction\":[{\"@type\":\"SearchAction\",\"target\":{\"@type\":\"EntryPoint\",\"urlTemplate\":\"https:\\\/\\\/zapateneo.net\\\/wordpress\\\/?s={search_term_string}\"},\"query-input\":{\"@type\":\"PropertyValueSpecification\",\"valueRequired\":true,\"valueName\":\"search_term_string\"}}],\"inLanguage\":\"es\"},{\"@type\":\"Organization\",\"@id\":\"https:\\\/\\\/zapateneo.net\\\/wordpress\\\/#organization\",\"name\":\"Zapateneo Kultur Elkartea\",\"url\":\"https:\\\/\\\/zapateneo.net\\\/wordpress\\\/\",\"logo\":{\"@type\":\"ImageObject\",\"inLanguage\":\"es\",\"@id\":\"https:\\\/\\\/zapateneo.net\\\/wordpress\\\/#\\\/schema\\\/logo\\\/image\\\/\",\"url\":\"https:\\\/\\\/zapateneo.net\\\/wordpress\\\/wp-content\\\/uploads\\\/2021\\\/04\\\/zap-libu-kolec.jpg\",\"contentUrl\":\"https:\\\/\\\/zapateneo.net\\\/wordpress\\\/wp-content\\\/uploads\\\/2021\\\/04\\\/zap-libu-kolec.jpg\",\"width\":2234,\"height\":398,\"caption\":\"Zapateneo Kultur Elkartea\"},\"image\":{\"@id\":\"https:\\\/\\\/zapateneo.net\\\/wordpress\\\/#\\\/schema\\\/logo\\\/image\\\/\"},\"sameAs\":[\"https:\\\/\\\/x.com\\\/zapateneo\"]}]}<\/script>\n<!-- \/ Yoast SEO plugin. -->","yoast_head_json":{"title":"Kabaret Ploma 2 Socialicemos las lentejuelas &#8212; Zapateneo","robots":{"index":"index","follow":"follow","max-snippet":"max-snippet:-1","max-image-preview":"max-image-preview:large","max-video-preview":"max-video-preview:-1"},"canonical":"https:\/\/zapateneo.net\/wordpress\/index.php\/producto\/kabaret-ploma-2-socialicemos-las-lentejuelas\/","og_locale":"es_ES","og_type":"article","og_title":"Kabaret Ploma 2 Socialicemos las lentejuelas &#8212; Zapateneo","og_description":"Rampova 9788409177554 - Imperdible - 2020 - 220 p\u00e1ginas \/orri.","og_url":"https:\/\/zapateneo.net\/wordpress\/index.php\/producto\/kabaret-ploma-2-socialicemos-las-lentejuelas\/","og_site_name":"Zapateneo","article_modified_time":"2023-03-05T19:19:48+00:00","twitter_card":"summary_large_image","twitter_site":"@zapateneo","twitter_misc":{"Tiempo de lectura":"1 minuto"},"schema":{"@context":"https:\/\/schema.org","@graph":[{"@type":"WebPage","@id":"https:\/\/zapateneo.net\/wordpress\/index.php\/producto\/kabaret-ploma-2-socialicemos-las-lentejuelas\/","url":"https:\/\/zapateneo.net\/wordpress\/index.php\/producto\/kabaret-ploma-2-socialicemos-las-lentejuelas\/","name":"Kabaret Ploma 2 Socialicemos las lentejuelas &#8212; Zapateneo","isPartOf":{"@id":"https:\/\/zapateneo.net\/wordpress\/#website"},"primaryImageOfPage":{"@id":"https:\/\/zapateneo.net\/wordpress\/index.php\/producto\/kabaret-ploma-2-socialicemos-las-lentejuelas\/#primaryimage"},"image":{"@id":"https:\/\/zapateneo.net\/wordpress\/index.php\/producto\/kabaret-ploma-2-socialicemos-las-lentejuelas\/#primaryimage"},"thumbnailUrl":"https:\/\/zapateneo.net\/wordpress\/wp-content\/uploads\/2023\/03\/kabaret-ploma-2.png","datePublished":"2023-03-05T19:19:43+00:00","dateModified":"2023-03-05T19:19:48+00:00","breadcrumb":{"@id":"https:\/\/zapateneo.net\/wordpress\/index.php\/producto\/kabaret-ploma-2-socialicemos-las-lentejuelas\/#breadcrumb"},"inLanguage":"es","potentialAction":[{"@type":"ReadAction","target":["https:\/\/zapateneo.net\/wordpress\/index.php\/producto\/kabaret-ploma-2-socialicemos-las-lentejuelas\/"]}]},{"@type":"ImageObject","inLanguage":"es","@id":"https:\/\/zapateneo.net\/wordpress\/index.php\/producto\/kabaret-ploma-2-socialicemos-las-lentejuelas\/#primaryimage","url":"https:\/\/zapateneo.net\/wordpress\/wp-content\/uploads\/2023\/03\/kabaret-ploma-2.png","contentUrl":"https:\/\/zapateneo.net\/wordpress\/wp-content\/uploads\/2023\/03\/kabaret-ploma-2.png","width":302,"height":400},{"@type":"BreadcrumbList","@id":"https:\/\/zapateneo.net\/wordpress\/index.php\/producto\/kabaret-ploma-2-socialicemos-las-lentejuelas\/#breadcrumb","itemListElement":[{"@type":"ListItem","position":1,"name":"Portada","item":"https:\/\/zapateneo.net\/wordpress\/"},{"@type":"ListItem","position":2,"name":"Tienda","item":"https:\/\/zapateneo.net\/wordpress\/"},{"@type":"ListItem","position":3,"name":"Kabaret Ploma 2 Socialicemos las lentejuelas"}]},{"@type":"WebSite","@id":"https:\/\/zapateneo.net\/wordpress\/#website","url":"https:\/\/zapateneo.net\/wordpress\/","name":"Zapateneo","description":"Zapateneoaren webgunea","publisher":{"@id":"https:\/\/zapateneo.net\/wordpress\/#organization"},"potentialAction":[{"@type":"SearchAction","target":{"@type":"EntryPoint","urlTemplate":"https:\/\/zapateneo.net\/wordpress\/?s={search_term_string}"},"query-input":{"@type":"PropertyValueSpecification","valueRequired":true,"valueName":"search_term_string"}}],"inLanguage":"es"},{"@type":"Organization","@id":"https:\/\/zapateneo.net\/wordpress\/#organization","name":"Zapateneo Kultur Elkartea","url":"https:\/\/zapateneo.net\/wordpress\/","logo":{"@type":"ImageObject","inLanguage":"es","@id":"https:\/\/zapateneo.net\/wordpress\/#\/schema\/logo\/image\/","url":"https:\/\/zapateneo.net\/wordpress\/wp-content\/uploads\/2021\/04\/zap-libu-kolec.jpg","contentUrl":"https:\/\/zapateneo.net\/wordpress\/wp-content\/uploads\/2021\/04\/zap-libu-kolec.jpg","width":2234,"height":398,"caption":"Zapateneo Kultur Elkartea"},"image":{"@id":"https:\/\/zapateneo.net\/wordpress\/#\/schema\/logo\/image\/"},"sameAs":["https:\/\/x.com\/zapateneo"]}]}},"_links":{"self":[{"href":"https:\/\/zapateneo.net\/wordpress\/index.php\/wp-json\/wp\/v2\/product\/12498","targetHints":{"allow":["GET"]}}],"collection":[{"href":"https:\/\/zapateneo.net\/wordpress\/index.php\/wp-json\/wp\/v2\/product"}],"about":[{"href":"https:\/\/zapateneo.net\/wordpress\/index.php\/wp-json\/wp\/v2\/types\/product"}],"wp:featuredmedia":[{"embeddable":true,"href":"https:\/\/zapateneo.net\/wordpress\/index.php\/wp-json\/wp\/v2\/media\/12509"}],"wp:attachment":[{"href":"https:\/\/zapateneo.net\/wordpress\/index.php\/wp-json\/wp\/v2\/media?parent=12498"}],"wp:term":[{"taxonomy":"product_brand","embeddable":true,"href":"https:\/\/zapateneo.net\/wordpress\/index.php\/wp-json\/wp\/v2\/product_brand?post=12498"},{"taxonomy":"product_cat","embeddable":true,"href":"https:\/\/zapateneo.net\/wordpress\/index.php\/wp-json\/wp\/v2\/product_cat?post=12498"},{"taxonomy":"product_tag","embeddable":true,"href":"https:\/\/zapateneo.net\/wordpress\/index.php\/wp-json\/wp\/v2\/product_tag?post=12498"}],"curies":[{"name":"wp","href":"https:\/\/api.w.org\/{rel}","templated":true}]}}