{"id":12472,"date":"2023-03-02T19:29:28","date_gmt":"2023-03-02T18:29:28","guid":{"rendered":"https:\/\/zapateneo.net\/wordpress\/?post_type=product&#038;p=12472"},"modified":"2023-04-11T10:15:44","modified_gmt":"2023-04-11T09:15:44","slug":"al-margen-124-invierno-2023","status":"publish","type":"product","link":"https:\/\/zapateneo.net\/wordpress\/index.php\/producto\/al-margen-124-invierno-2023\/","title":{"rendered":"Al margen # 124 Invierno 2023"},"content":{"rendered":"<p>\u201cEs falso que nuestro planeta no pueda alimentar a 10.000 millones de personas, tan solo se tratar\u00eda de racionalizar la producci\u00f3n y conseguir un reparto eficaz de los recursos\u201d<\/p>\n<p>La vi\u00f1eta de Hitler con uniforme militar, los anagramas del euro y el d\u00f3lar en la solapa, un fondo ocre y el planeta bajo su control. Se le adjuntan, entre otras figuras, las raspas del pescado, un avi\u00f3n y un autom\u00f3vil; Crisis alimentaria, empobrecimiento y  fin de recursos, es el t\u00edtulo del n\u00famero 124 de la revista Al Margen (invierno 2022), presentado el 20 de enero en el Ateneo Libertario con la misma denominaci\u00f3n, ubicado en la calle Palma (centro hist\u00f3rico) de Valencia.<\/p>\n<p>La redacci\u00f3n y edici\u00f3n corre a cargo del colectivo Al Margen. Esta publicaci\u00f3n de debate libertario ha cumplido su 32 aniversario y cuenta con puntos de distribuci\u00f3n en la ciudad de Valencia, las comarcas de l\u00b4Horta y La Safor, adem\u00e1s de otras ciudades del estado espa\u00f1ol: Bilbao, Vitoria, Barcelona, Madrid y Palma de Mallorca. Tambi\u00e9n puede adquirirse por suscripci\u00f3n.<\/p>\n<p>\u201cEs falso que nuestro planeta no pueda alimentar a 10.000 millones de personas, tan solo se tratar\u00eda de racionalizar la producci\u00f3n y conseguir un reparto eficaz de los recursos\u201d, se afirma en el editorial; pero este extremo resulta imposible, seg\u00fan el colectivo editor, en el contexto actual de capitalismo depredador, en que la solidaridad y la \u00e9tica no cotizan en bolsa.<\/p>\n<p>C\u00f3mo Italia renunci\u00f3 a la energ\u00eda nuclear es el t\u00edtulo de un art\u00edculo de Gianni Carrozza, publicado en el apartado de correspondencia internacional; Italia decidi\u00f3 por votaci\u00f3n en refer\u00e9ndum \u2013en 1987, tras la cat\u00e1strofe de Chern\u00f3bil- abandonar la energ\u00eda nuclear; otra consulta popular \u2013en junio de 2011- neg\u00f3 la posibilidad de retornar a las nucleares (la planta de Caorso fue clausurada en 1990 y la de Latina en 1987). El autor destaca la presi\u00f3n del lobby nuclear para que la cuesti\u00f3n contin\u00fae en la agenda, pero tambi\u00e9n conf\u00eda en el desarrollo de las energ\u00edas renovables.<\/p>\n<p>La edici\u00f3n de Al Margen presentada en enero es el cuarto n\u00famero que el Ateneo ha publicado de la revista en 2022; se agrega a los de Burrocracia y control social (oto\u00f1o); A vuelta con el militarismo y el antimilitarismo (verano); y La sumisi\u00f3n a la pandemia o la pandemia de la insumisi\u00f3n (primavera), con la separata Ultim\u00e1tum a la tierra.<\/p>\n<p>El n\u00famero dedicado a la crisis alimentaria y el control de los recursos incluye un art\u00edculo \u2013de tres p\u00e1ginas- del historiador y militante anarquista Miquel Amor\u00f3s (Tener siempre presente al capitalismo al hablar de crisis ecol\u00f3gica); en el texto advierte que, desde la tercera Cumbre de la Tierra (Johannesburgo, 2002), organizada por Naciones Unidas, los grupos de presi\u00f3n multinacionales apuestan por una \u201cNueva Econom\u00eda Clim\u00e1tica\u201d; en otros t\u00e9rminos, la llamada digitalizaci\u00f3n (o Tercera Revoluci\u00f3n Industrial), que comenzar\u00eda por la \u201ctransici\u00f3n energ\u00e9tica\u201d.<\/p>\n<p>El tambi\u00e9n autor de El sutil hilo conductor de la subversi\u00f3n (Ed. Irrecuperables, 2022)desarrolla la idea del siguiente modo: \u201cHace tiempo ya que las finanzas se aventuran por los negocios \u2018ecol\u00f3gicos\u2019 y digitales como por ejemplo, los inmuebles inteligentes, los techos de paneles solares, el alumbrado LED, los coches y patinetes el\u00e9ctricos, las pilas de hidr\u00f3geno, las subastas de energ\u00eda o los mercados de emisiones\u201d.<\/p>\n<p>El Doctor Gibarian introduce una reflexi\u00f3n de fondo -en el texto titulado Agriocultores\u2013 sobre los conceptos de \u201cantidesarrollismo\u201d y \u201cdecrecentismo\u201d; adem\u00e1s, se incluyen las secciones habituales de poes\u00eda (poemas de M\u00f3nica Calderio, autora de Latitud sur); o la secci\u00f3n El Embudo, que recomienda el c\u00f3mic del dibujante Rub\u00e9n Uceda sobre la revolucionaria anarquista Soledad Casilda Hern\u00e1ez; y tambi\u00e9n se hace eco de la campa\u00f1a de solidaridad con los repobladores de Fraguas (Guadalajara).<\/p>\n<p>Una perspectiva diferente adopta el Informe de remuneraciones de los consejeros de las sociedades cotizadas, que publica anualmente la Comisi\u00f3n Nacional del Mercado de Valores (CNMV); en el ejercicio de 2021 la retribuci\u00f3n media devengada por consejero se situ\u00f3 en  416.000 euros anuales (incremento del 11% respecto a 2020); las retribuciones m\u00e1s elevadas correspondieron a los presidentes ejecutivos, con una media en 2021 de 2,4 millones de euros, a las que siguieron las de los consejeros delegados (2,1 millones de euros).<\/p>\n<p>Dista mucho de esta realidad la de Matilde Sanz Gil, autora de Explotaci\u00f3n flexible, libro editado por La Consentida en 2022. Presentado en el Ateneo Libertario Al Margen, el texto de 288 p\u00e1ginas est\u00e1 escrito en forma de dietario con reflexiones y experiencias laborales (tambi\u00e9n vitales) entre octubre de 2008 (cap\u00edtulo 1, Alta velocidad) y enero de 2021 (cap\u00edtulo 4, No es s\u00f3lo no parar, es acelerar).<\/p>\n<p>Cuando la obra finaliza, Matilde Sanz tiene 34 a\u00f1os, empez\u00f3 a trabajar con cerca de 21. \u201cEs necesario redirigir nuestra conducta, nuestras metas y nuestros deseos si no queremos que la vida se pase sin habernos dado cuenta. Es urgente la toma de conciencia sobre hacia donde nos lleva trabajar m\u00e1s de 8, 9, 10 o m\u00e1s horas diarias (\u2026)\u201d, afirma; una alternativa posible radicar\u00eda en el mejor reparto de horas y salarios.<\/p>\n<p>En el comentario del 17 de octubre de 2008 destaca c\u00f3mo llevaba un mes trabajando a media jornada, realizaba un n\u00famero superior a las cuatro horas firmadas en el contrato y no cobraba las horas extraordinarias; pero aprend\u00eda (se mostraba satisfecha), desarrollaba proyectos y planos con el programa de dise\u00f1o AutoCAD. \u201cEllos son ingenieros, ellas secretarias\u201d, era una de las primeras impresiones.<\/p>\n<p>Apenas un mes despu\u00e9s, evoca la autora: \u201cS\u00e1ndwich de supermercado y mandarina rancia hasta las 7 de la tarde. Parece que soy la \u00fanica a la que le molesta no tener un rato para comer caliente (\u2026); quiz\u00e1s en el curr\u00edculum tenga que a\u00f1adir cosas como: dispongo de microondas, cafetera e impresora para compartir en la oficina\u201d.<\/p>\n<p>Surgida en 2021, La Consentida presenta el libro de Matilde Sanz como un diario en el que se expone la realidad del mercado laboral \u201csin edulcorar\u201d; una relaci\u00f3n Capital-Trabajo en la que no son extra\u00f1as la explotaci\u00f3n, el machismo y los abusos de poder. En la p\u00e1gina Web de la editorial, figura tambi\u00e9n una pregunta de la obrera a las Cortes Valencianas: \u201cEstoy cansada de ver la situaci\u00f3n tan precaria que vivimos en Espa\u00f1a. \u00bfPor qu\u00e9 las instituciones no contratan a m\u00e1s inspectores\/as para velar por los\/as trabajadores\/as y sus condiciones?\u201d<\/p>\n","protected":false},"excerpt":{"rendered":"<p><strong>El Colectivo Al margen<\/strong><br \/>\n202302110001 &#8211; Ateneo libertario Al Margen &#8211; 2023 &#8211; 27 p\u00e1ginas \/orri.<\/p>\n","protected":false},"featured_media":12481,"template":"","meta":[],"product_brand":[],"product_cat":[1868,164],"product_tag":[4205],"class_list":{"0":"post-12472","1":"product","2":"type-product","3":"status-publish","4":"has-post-thumbnail","6":"product_cat-anarkismoa-anarquismo","7":"product_cat-revistas-aldizkariak","8":"product_tag-ateneo-libertario-al-margen","10":"first","11":"instock","12":"sold-individually","13":"shipping-taxable","14":"purchasable","15":"product-type-simple"},"yoast_head":"<!-- This site is optimized with the Yoast SEO plugin v27.3 - https:\/\/yoast.com\/product\/yoast-seo-wordpress\/ -->\n<title>Al margen # 124 Invierno 2023 &#8212; Zapateneo<\/title>\n<meta name=\"robots\" content=\"index, follow, max-snippet:-1, max-image-preview:large, max-video-preview:-1\" \/>\n<link rel=\"canonical\" href=\"https:\/\/zapateneo.net\/wordpress\/index.php\/producto\/al-margen-124-invierno-2023\/\" \/>\n<meta property=\"og:locale\" content=\"es_ES\" \/>\n<meta property=\"og:type\" content=\"article\" \/>\n<meta property=\"og:title\" content=\"Al margen # 124 Invierno 2023 &#8212; Zapateneo\" \/>\n<meta property=\"og:description\" content=\"El Colectivo Al margen 202302110001 - Ateneo libertario Al Margen - 2023 - 27 p\u00e1ginas \/orri.\" \/>\n<meta property=\"og:url\" content=\"https:\/\/zapateneo.net\/wordpress\/index.php\/producto\/al-margen-124-invierno-2023\/\" \/>\n<meta property=\"og:site_name\" content=\"Zapateneo\" \/>\n<meta property=\"article:modified_time\" content=\"2023-04-11T09:15:44+00:00\" \/>\n<meta property=\"og:image\" content=\"https:\/\/zapateneo.net\/wordpress\/wp-content\/uploads\/2023\/03\/almargen124.jpeg\" \/>\n\t<meta property=\"og:image:width\" content=\"225\" \/>\n\t<meta property=\"og:image:height\" content=\"225\" \/>\n\t<meta property=\"og:image:type\" content=\"image\/jpeg\" \/>\n<meta name=\"twitter:card\" content=\"summary_large_image\" \/>\n<meta name=\"twitter:site\" content=\"@zapateneo\" \/>\n<meta name=\"twitter:label1\" content=\"Tiempo de lectura\" \/>\n\t<meta name=\"twitter:data1\" content=\"6 minutos\" \/>\n<script type=\"application\/ld+json\" class=\"yoast-schema-graph\">{\"@context\":\"https:\\\/\\\/schema.org\",\"@graph\":[{\"@type\":\"WebPage\",\"@id\":\"https:\\\/\\\/zapateneo.net\\\/wordpress\\\/index.php\\\/producto\\\/al-margen-124-invierno-2023\\\/\",\"url\":\"https:\\\/\\\/zapateneo.net\\\/wordpress\\\/index.php\\\/producto\\\/al-margen-124-invierno-2023\\\/\",\"name\":\"Al margen # 124 Invierno 2023 &#8212; Zapateneo\",\"isPartOf\":{\"@id\":\"https:\\\/\\\/zapateneo.net\\\/wordpress\\\/#website\"},\"primaryImageOfPage\":{\"@id\":\"https:\\\/\\\/zapateneo.net\\\/wordpress\\\/index.php\\\/producto\\\/al-margen-124-invierno-2023\\\/#primaryimage\"},\"image\":{\"@id\":\"https:\\\/\\\/zapateneo.net\\\/wordpress\\\/index.php\\\/producto\\\/al-margen-124-invierno-2023\\\/#primaryimage\"},\"thumbnailUrl\":\"https:\\\/\\\/zapateneo.net\\\/wordpress\\\/wp-content\\\/uploads\\\/2023\\\/03\\\/almargen124.jpeg\",\"datePublished\":\"2023-03-02T18:29:28+00:00\",\"dateModified\":\"2023-04-11T09:15:44+00:00\",\"breadcrumb\":{\"@id\":\"https:\\\/\\\/zapateneo.net\\\/wordpress\\\/index.php\\\/producto\\\/al-margen-124-invierno-2023\\\/#breadcrumb\"},\"inLanguage\":\"es\",\"potentialAction\":[{\"@type\":\"ReadAction\",\"target\":[\"https:\\\/\\\/zapateneo.net\\\/wordpress\\\/index.php\\\/producto\\\/al-margen-124-invierno-2023\\\/\"]}]},{\"@type\":\"ImageObject\",\"inLanguage\":\"es\",\"@id\":\"https:\\\/\\\/zapateneo.net\\\/wordpress\\\/index.php\\\/producto\\\/al-margen-124-invierno-2023\\\/#primaryimage\",\"url\":\"https:\\\/\\\/zapateneo.net\\\/wordpress\\\/wp-content\\\/uploads\\\/2023\\\/03\\\/almargen124.jpeg\",\"contentUrl\":\"https:\\\/\\\/zapateneo.net\\\/wordpress\\\/wp-content\\\/uploads\\\/2023\\\/03\\\/almargen124.jpeg\",\"width\":225,\"height\":225},{\"@type\":\"BreadcrumbList\",\"@id\":\"https:\\\/\\\/zapateneo.net\\\/wordpress\\\/index.php\\\/producto\\\/al-margen-124-invierno-2023\\\/#breadcrumb\",\"itemListElement\":[{\"@type\":\"ListItem\",\"position\":1,\"name\":\"Portada\",\"item\":\"https:\\\/\\\/zapateneo.net\\\/wordpress\\\/\"},{\"@type\":\"ListItem\",\"position\":2,\"name\":\"Tienda\",\"item\":\"https:\\\/\\\/zapateneo.net\\\/wordpress\\\/\"},{\"@type\":\"ListItem\",\"position\":3,\"name\":\"Al margen # 124 Invierno 2023\"}]},{\"@type\":\"WebSite\",\"@id\":\"https:\\\/\\\/zapateneo.net\\\/wordpress\\\/#website\",\"url\":\"https:\\\/\\\/zapateneo.net\\\/wordpress\\\/\",\"name\":\"Zapateneo\",\"description\":\"Zapateneoaren webgunea\",\"publisher\":{\"@id\":\"https:\\\/\\\/zapateneo.net\\\/wordpress\\\/#organization\"},\"potentialAction\":[{\"@type\":\"SearchAction\",\"target\":{\"@type\":\"EntryPoint\",\"urlTemplate\":\"https:\\\/\\\/zapateneo.net\\\/wordpress\\\/?s={search_term_string}\"},\"query-input\":{\"@type\":\"PropertyValueSpecification\",\"valueRequired\":true,\"valueName\":\"search_term_string\"}}],\"inLanguage\":\"es\"},{\"@type\":\"Organization\",\"@id\":\"https:\\\/\\\/zapateneo.net\\\/wordpress\\\/#organization\",\"name\":\"Zapateneo Kultur Elkartea\",\"url\":\"https:\\\/\\\/zapateneo.net\\\/wordpress\\\/\",\"logo\":{\"@type\":\"ImageObject\",\"inLanguage\":\"es\",\"@id\":\"https:\\\/\\\/zapateneo.net\\\/wordpress\\\/#\\\/schema\\\/logo\\\/image\\\/\",\"url\":\"https:\\\/\\\/zapateneo.net\\\/wordpress\\\/wp-content\\\/uploads\\\/2021\\\/04\\\/zap-libu-kolec.jpg\",\"contentUrl\":\"https:\\\/\\\/zapateneo.net\\\/wordpress\\\/wp-content\\\/uploads\\\/2021\\\/04\\\/zap-libu-kolec.jpg\",\"width\":2234,\"height\":398,\"caption\":\"Zapateneo Kultur Elkartea\"},\"image\":{\"@id\":\"https:\\\/\\\/zapateneo.net\\\/wordpress\\\/#\\\/schema\\\/logo\\\/image\\\/\"},\"sameAs\":[\"https:\\\/\\\/x.com\\\/zapateneo\"]}]}<\/script>\n<!-- \/ Yoast SEO plugin. -->","yoast_head_json":{"title":"Al margen # 124 Invierno 2023 &#8212; Zapateneo","robots":{"index":"index","follow":"follow","max-snippet":"max-snippet:-1","max-image-preview":"max-image-preview:large","max-video-preview":"max-video-preview:-1"},"canonical":"https:\/\/zapateneo.net\/wordpress\/index.php\/producto\/al-margen-124-invierno-2023\/","og_locale":"es_ES","og_type":"article","og_title":"Al margen # 124 Invierno 2023 &#8212; Zapateneo","og_description":"El Colectivo Al margen 202302110001 - Ateneo libertario Al Margen - 2023 - 27 p\u00e1ginas \/orri.","og_url":"https:\/\/zapateneo.net\/wordpress\/index.php\/producto\/al-margen-124-invierno-2023\/","og_site_name":"Zapateneo","article_modified_time":"2023-04-11T09:15:44+00:00","og_image":[{"width":225,"height":225,"url":"https:\/\/zapateneo.net\/wordpress\/wp-content\/uploads\/2023\/03\/almargen124.jpeg","type":"image\/jpeg"}],"twitter_card":"summary_large_image","twitter_site":"@zapateneo","twitter_misc":{"Tiempo de lectura":"6 minutos"},"schema":{"@context":"https:\/\/schema.org","@graph":[{"@type":"WebPage","@id":"https:\/\/zapateneo.net\/wordpress\/index.php\/producto\/al-margen-124-invierno-2023\/","url":"https:\/\/zapateneo.net\/wordpress\/index.php\/producto\/al-margen-124-invierno-2023\/","name":"Al margen # 124 Invierno 2023 &#8212; Zapateneo","isPartOf":{"@id":"https:\/\/zapateneo.net\/wordpress\/#website"},"primaryImageOfPage":{"@id":"https:\/\/zapateneo.net\/wordpress\/index.php\/producto\/al-margen-124-invierno-2023\/#primaryimage"},"image":{"@id":"https:\/\/zapateneo.net\/wordpress\/index.php\/producto\/al-margen-124-invierno-2023\/#primaryimage"},"thumbnailUrl":"https:\/\/zapateneo.net\/wordpress\/wp-content\/uploads\/2023\/03\/almargen124.jpeg","datePublished":"2023-03-02T18:29:28+00:00","dateModified":"2023-04-11T09:15:44+00:00","breadcrumb":{"@id":"https:\/\/zapateneo.net\/wordpress\/index.php\/producto\/al-margen-124-invierno-2023\/#breadcrumb"},"inLanguage":"es","potentialAction":[{"@type":"ReadAction","target":["https:\/\/zapateneo.net\/wordpress\/index.php\/producto\/al-margen-124-invierno-2023\/"]}]},{"@type":"ImageObject","inLanguage":"es","@id":"https:\/\/zapateneo.net\/wordpress\/index.php\/producto\/al-margen-124-invierno-2023\/#primaryimage","url":"https:\/\/zapateneo.net\/wordpress\/wp-content\/uploads\/2023\/03\/almargen124.jpeg","contentUrl":"https:\/\/zapateneo.net\/wordpress\/wp-content\/uploads\/2023\/03\/almargen124.jpeg","width":225,"height":225},{"@type":"BreadcrumbList","@id":"https:\/\/zapateneo.net\/wordpress\/index.php\/producto\/al-margen-124-invierno-2023\/#breadcrumb","itemListElement":[{"@type":"ListItem","position":1,"name":"Portada","item":"https:\/\/zapateneo.net\/wordpress\/"},{"@type":"ListItem","position":2,"name":"Tienda","item":"https:\/\/zapateneo.net\/wordpress\/"},{"@type":"ListItem","position":3,"name":"Al margen # 124 Invierno 2023"}]},{"@type":"WebSite","@id":"https:\/\/zapateneo.net\/wordpress\/#website","url":"https:\/\/zapateneo.net\/wordpress\/","name":"Zapateneo","description":"Zapateneoaren webgunea","publisher":{"@id":"https:\/\/zapateneo.net\/wordpress\/#organization"},"potentialAction":[{"@type":"SearchAction","target":{"@type":"EntryPoint","urlTemplate":"https:\/\/zapateneo.net\/wordpress\/?s={search_term_string}"},"query-input":{"@type":"PropertyValueSpecification","valueRequired":true,"valueName":"search_term_string"}}],"inLanguage":"es"},{"@type":"Organization","@id":"https:\/\/zapateneo.net\/wordpress\/#organization","name":"Zapateneo Kultur Elkartea","url":"https:\/\/zapateneo.net\/wordpress\/","logo":{"@type":"ImageObject","inLanguage":"es","@id":"https:\/\/zapateneo.net\/wordpress\/#\/schema\/logo\/image\/","url":"https:\/\/zapateneo.net\/wordpress\/wp-content\/uploads\/2021\/04\/zap-libu-kolec.jpg","contentUrl":"https:\/\/zapateneo.net\/wordpress\/wp-content\/uploads\/2021\/04\/zap-libu-kolec.jpg","width":2234,"height":398,"caption":"Zapateneo Kultur Elkartea"},"image":{"@id":"https:\/\/zapateneo.net\/wordpress\/#\/schema\/logo\/image\/"},"sameAs":["https:\/\/x.com\/zapateneo"]}]}},"_links":{"self":[{"href":"https:\/\/zapateneo.net\/wordpress\/index.php\/wp-json\/wp\/v2\/product\/12472","targetHints":{"allow":["GET"]}}],"collection":[{"href":"https:\/\/zapateneo.net\/wordpress\/index.php\/wp-json\/wp\/v2\/product"}],"about":[{"href":"https:\/\/zapateneo.net\/wordpress\/index.php\/wp-json\/wp\/v2\/types\/product"}],"wp:featuredmedia":[{"embeddable":true,"href":"https:\/\/zapateneo.net\/wordpress\/index.php\/wp-json\/wp\/v2\/media\/12481"}],"wp:attachment":[{"href":"https:\/\/zapateneo.net\/wordpress\/index.php\/wp-json\/wp\/v2\/media?parent=12472"}],"wp:term":[{"taxonomy":"product_brand","embeddable":true,"href":"https:\/\/zapateneo.net\/wordpress\/index.php\/wp-json\/wp\/v2\/product_brand?post=12472"},{"taxonomy":"product_cat","embeddable":true,"href":"https:\/\/zapateneo.net\/wordpress\/index.php\/wp-json\/wp\/v2\/product_cat?post=12472"},{"taxonomy":"product_tag","embeddable":true,"href":"https:\/\/zapateneo.net\/wordpress\/index.php\/wp-json\/wp\/v2\/product_tag?post=12472"}],"curies":[{"name":"wp","href":"https:\/\/api.w.org\/{rel}","templated":true}]}}