{"id":12432,"date":"2023-01-23T15:55:03","date_gmt":"2023-01-23T14:55:03","guid":{"rendered":"https:\/\/zapateneo.net\/wordpress\/?post_type=product&#038;p=12432"},"modified":"2023-01-23T15:55:11","modified_gmt":"2023-01-23T14:55:11","slug":"teoria-general-del-derecho-y-el-marxismo","status":"publish","type":"product","link":"https:\/\/zapateneo.net\/wordpress\/index.php\/producto\/teoria-general-del-derecho-y-el-marxismo\/","title":{"rendered":"TEOR\u00cdA GENERAL DEL DERECHO Y EL MARXISMO"},"content":{"rendered":"<p>Esta obra es un estudio muy valioso acerca del derecho, de su naturaleza, de c\u00f3mo aproximarnos a \u00e9l y comprenderlo dentro de la sociedad actual. A la vez, supone una cr\u00edtica al mismo desde el materialismo hist\u00f3rico, as\u00ed como una cr\u00edtica a las posiciones que consideran el derecho como un enga\u00f1o ideol\u00f3gico o un simple instrumento del dominio de clase, plasmado en las normas y la coerci\u00f3n del Estado.<\/p>\n<p>La intenci\u00f3n de Pa\u0161ukanis fue escribir una obra an\u00e1loga a El Capital pero estudiando el derecho en vez de la econom\u00eda pol\u00edtica: lo mismo que para Marx la mercanc\u00eda mistifica las relaciones de producci\u00f3n capitalista, para Pa\u0161ukanis el derecho es el reflejo jur\u00eddico de las relaciones sociales con origen en la forma mercanc\u00eda, la cual resultar\u00eda anterior a la forma jur\u00eddica. Pa\u0161ukanis observa en la sociedad un proceso creciente de \u201cjuridizaci\u00f3n de las relaciones humanas\u201d y disoluci\u00f3n de las relaciones org\u00e1nicas. De ah\u00ed la necesidad de \u201cpenetrar en el territorio del enemigo\u201d, de descubrir el significado real de \u201clas abstracciones que han sido elaboradas por los juristas burgueses\u201d. El derecho es hist\u00f3rico, burgu\u00e9s, y debemos abolirlo. No existe el derecho proletario, ser\u00eda como afirmar que puede existir un \u201cmercado proletario o revolucionario\u201d. La desaparici\u00f3n del derecho ocurrir\u00e1 por tanto al comp\u00e1s de la socializaci\u00f3n y la desaparici\u00f3n de las clases sociales.<\/p>\n<p>Lo realmente novedoso es la metodolog\u00eda que utiliza Pa\u0161ukanis. Analiza y desvela los conceptos fundamentales de una teor\u00eda general del derecho actual: sujeto jur\u00eddico (el poseedor de mercanc\u00edas), derecho subjetivo\/objetivo, derecho p\u00fablico\/privado, Estado y derecho, derecho y moral, etc. remiti\u00e9ndoles a su base econ\u00f3mica. Esta obra muestra un \u00edntimo parentesco con otras de Luk\u00e1cs y Korsch publicadas en las mismas fechas. Los tres escriben en un momento en el que la revoluci\u00f3n mundial y la desaparici\u00f3n del Estado y del derecho parec\u00edan posibles.<\/p>\n<p>Pa\u0161ukanis es un autor maldito. Su ausencia del panorama jur\u00eddico actual da fe de ello. Ha sido olvidado y marginado no s\u00f3lo en Occidente, sino en la propia cultura sovi\u00e9tica, ya que tras ser un ide\u00f3logo indiscutible de los primeros tiempos, fue purgado. Sin embargo, su obra sigue viva, abierta y vigente a d\u00eda de hoy. Teor\u00eda general del derecho y marxismo es un libro que anima a la reflexi\u00f3n, que saca a la luz las contradicciones presentes en el debate que los juristas tienen acerca del derecho. Esta nueva edici\u00f3n se complementa con una selecci\u00f3n de escritos de Pa\u0161ukanis, algunos traducidos por primera vez al castellano, adem\u00e1s de otros textos sobre su obra realizados para la ocasi\u00f3n.<\/p>\n","protected":false},"excerpt":{"rendered":"<p><strong>Evgeni B. Pa\u0161ukanis<\/strong><br \/>\n9788485209422 &#8211; Irrecuperables &#8211; 2022 &#8211; 570 p\u00e1ginas \/orri.<\/p>\n","protected":false},"featured_media":12442,"template":"","meta":[],"product_brand":[],"product_cat":[16,176],"product_tag":[5845,2960],"class_list":{"0":"post-12432","1":"product","2":"type-product","3":"status-publish","4":"has-post-thumbnail","6":"product_cat-libros","7":"product_cat-marxismoa-marxismo","8":"product_tag-evgeni-b-pasukanis","9":"product_tag-irrecuperables","11":"first","12":"instock","13":"sold-individually","14":"shipping-taxable","15":"purchasable","16":"product-type-simple"},"yoast_head":"<!-- This site is optimized with the Yoast SEO plugin v27.3 - https:\/\/yoast.com\/product\/yoast-seo-wordpress\/ -->\n<title>TEOR\u00cdA GENERAL DEL DERECHO Y EL MARXISMO &#8212; Zapateneo<\/title>\n<meta name=\"robots\" content=\"index, follow, max-snippet:-1, max-image-preview:large, max-video-preview:-1\" \/>\n<link rel=\"canonical\" href=\"https:\/\/zapateneo.net\/wordpress\/index.php\/producto\/teoria-general-del-derecho-y-el-marxismo\/\" \/>\n<meta property=\"og:locale\" content=\"es_ES\" \/>\n<meta property=\"og:type\" content=\"article\" \/>\n<meta property=\"og:title\" content=\"TEOR\u00cdA GENERAL DEL DERECHO Y EL MARXISMO &#8212; Zapateneo\" \/>\n<meta property=\"og:description\" content=\"Evgeni B. Pa\u0161ukanis 9788485209422 - Irrecuperables - 2022 - 570 p\u00e1ginas \/orri.\" \/>\n<meta property=\"og:url\" content=\"https:\/\/zapateneo.net\/wordpress\/index.php\/producto\/teoria-general-del-derecho-y-el-marxismo\/\" \/>\n<meta property=\"og:site_name\" content=\"Zapateneo\" \/>\n<meta property=\"article:modified_time\" content=\"2023-01-23T14:55:11+00:00\" \/>\n<meta name=\"twitter:card\" content=\"summary_large_image\" \/>\n<meta name=\"twitter:site\" content=\"@zapateneo\" \/>\n<meta name=\"twitter:label1\" content=\"Tiempo de lectura\" \/>\n\t<meta name=\"twitter:data1\" content=\"2 minutos\" \/>\n<script type=\"application\/ld+json\" class=\"yoast-schema-graph\">{\"@context\":\"https:\\\/\\\/schema.org\",\"@graph\":[{\"@type\":\"WebPage\",\"@id\":\"https:\\\/\\\/zapateneo.net\\\/wordpress\\\/index.php\\\/producto\\\/teoria-general-del-derecho-y-el-marxismo\\\/\",\"url\":\"https:\\\/\\\/zapateneo.net\\\/wordpress\\\/index.php\\\/producto\\\/teoria-general-del-derecho-y-el-marxismo\\\/\",\"name\":\"TEOR\u00cdA GENERAL DEL DERECHO Y EL MARXISMO &#8212; Zapateneo\",\"isPartOf\":{\"@id\":\"https:\\\/\\\/zapateneo.net\\\/wordpress\\\/#website\"},\"primaryImageOfPage\":{\"@id\":\"https:\\\/\\\/zapateneo.net\\\/wordpress\\\/index.php\\\/producto\\\/teoria-general-del-derecho-y-el-marxismo\\\/#primaryimage\"},\"image\":{\"@id\":\"https:\\\/\\\/zapateneo.net\\\/wordpress\\\/index.php\\\/producto\\\/teoria-general-del-derecho-y-el-marxismo\\\/#primaryimage\"},\"thumbnailUrl\":\"https:\\\/\\\/zapateneo.net\\\/wordpress\\\/wp-content\\\/uploads\\\/2023\\\/01\\\/teoria-general-del-derecho-y-el-marxismo-9788485209422.jpg\",\"datePublished\":\"2023-01-23T14:55:03+00:00\",\"dateModified\":\"2023-01-23T14:55:11+00:00\",\"breadcrumb\":{\"@id\":\"https:\\\/\\\/zapateneo.net\\\/wordpress\\\/index.php\\\/producto\\\/teoria-general-del-derecho-y-el-marxismo\\\/#breadcrumb\"},\"inLanguage\":\"es\",\"potentialAction\":[{\"@type\":\"ReadAction\",\"target\":[\"https:\\\/\\\/zapateneo.net\\\/wordpress\\\/index.php\\\/producto\\\/teoria-general-del-derecho-y-el-marxismo\\\/\"]}]},{\"@type\":\"ImageObject\",\"inLanguage\":\"es\",\"@id\":\"https:\\\/\\\/zapateneo.net\\\/wordpress\\\/index.php\\\/producto\\\/teoria-general-del-derecho-y-el-marxismo\\\/#primaryimage\",\"url\":\"https:\\\/\\\/zapateneo.net\\\/wordpress\\\/wp-content\\\/uploads\\\/2023\\\/01\\\/teoria-general-del-derecho-y-el-marxismo-9788485209422.jpg\",\"contentUrl\":\"https:\\\/\\\/zapateneo.net\\\/wordpress\\\/wp-content\\\/uploads\\\/2023\\\/01\\\/teoria-general-del-derecho-y-el-marxismo-9788485209422.jpg\",\"width\":272,\"height\":400},{\"@type\":\"BreadcrumbList\",\"@id\":\"https:\\\/\\\/zapateneo.net\\\/wordpress\\\/index.php\\\/producto\\\/teoria-general-del-derecho-y-el-marxismo\\\/#breadcrumb\",\"itemListElement\":[{\"@type\":\"ListItem\",\"position\":1,\"name\":\"Portada\",\"item\":\"https:\\\/\\\/zapateneo.net\\\/wordpress\\\/\"},{\"@type\":\"ListItem\",\"position\":2,\"name\":\"Tienda\",\"item\":\"https:\\\/\\\/zapateneo.net\\\/wordpress\\\/\"},{\"@type\":\"ListItem\",\"position\":3,\"name\":\"TEOR\u00cdA GENERAL DEL DERECHO Y EL MARXISMO\"}]},{\"@type\":\"WebSite\",\"@id\":\"https:\\\/\\\/zapateneo.net\\\/wordpress\\\/#website\",\"url\":\"https:\\\/\\\/zapateneo.net\\\/wordpress\\\/\",\"name\":\"Zapateneo\",\"description\":\"Zapateneoaren webgunea\",\"publisher\":{\"@id\":\"https:\\\/\\\/zapateneo.net\\\/wordpress\\\/#organization\"},\"potentialAction\":[{\"@type\":\"SearchAction\",\"target\":{\"@type\":\"EntryPoint\",\"urlTemplate\":\"https:\\\/\\\/zapateneo.net\\\/wordpress\\\/?s={search_term_string}\"},\"query-input\":{\"@type\":\"PropertyValueSpecification\",\"valueRequired\":true,\"valueName\":\"search_term_string\"}}],\"inLanguage\":\"es\"},{\"@type\":\"Organization\",\"@id\":\"https:\\\/\\\/zapateneo.net\\\/wordpress\\\/#organization\",\"name\":\"Zapateneo Kultur Elkartea\",\"url\":\"https:\\\/\\\/zapateneo.net\\\/wordpress\\\/\",\"logo\":{\"@type\":\"ImageObject\",\"inLanguage\":\"es\",\"@id\":\"https:\\\/\\\/zapateneo.net\\\/wordpress\\\/#\\\/schema\\\/logo\\\/image\\\/\",\"url\":\"https:\\\/\\\/zapateneo.net\\\/wordpress\\\/wp-content\\\/uploads\\\/2021\\\/04\\\/zap-libu-kolec.jpg\",\"contentUrl\":\"https:\\\/\\\/zapateneo.net\\\/wordpress\\\/wp-content\\\/uploads\\\/2021\\\/04\\\/zap-libu-kolec.jpg\",\"width\":2234,\"height\":398,\"caption\":\"Zapateneo Kultur Elkartea\"},\"image\":{\"@id\":\"https:\\\/\\\/zapateneo.net\\\/wordpress\\\/#\\\/schema\\\/logo\\\/image\\\/\"},\"sameAs\":[\"https:\\\/\\\/x.com\\\/zapateneo\"]}]}<\/script>\n<!-- \/ Yoast SEO plugin. -->","yoast_head_json":{"title":"TEOR\u00cdA GENERAL DEL DERECHO Y EL MARXISMO &#8212; Zapateneo","robots":{"index":"index","follow":"follow","max-snippet":"max-snippet:-1","max-image-preview":"max-image-preview:large","max-video-preview":"max-video-preview:-1"},"canonical":"https:\/\/zapateneo.net\/wordpress\/index.php\/producto\/teoria-general-del-derecho-y-el-marxismo\/","og_locale":"es_ES","og_type":"article","og_title":"TEOR\u00cdA GENERAL DEL DERECHO Y EL MARXISMO &#8212; Zapateneo","og_description":"Evgeni B. Pa\u0161ukanis 9788485209422 - Irrecuperables - 2022 - 570 p\u00e1ginas \/orri.","og_url":"https:\/\/zapateneo.net\/wordpress\/index.php\/producto\/teoria-general-del-derecho-y-el-marxismo\/","og_site_name":"Zapateneo","article_modified_time":"2023-01-23T14:55:11+00:00","twitter_card":"summary_large_image","twitter_site":"@zapateneo","twitter_misc":{"Tiempo de lectura":"2 minutos"},"schema":{"@context":"https:\/\/schema.org","@graph":[{"@type":"WebPage","@id":"https:\/\/zapateneo.net\/wordpress\/index.php\/producto\/teoria-general-del-derecho-y-el-marxismo\/","url":"https:\/\/zapateneo.net\/wordpress\/index.php\/producto\/teoria-general-del-derecho-y-el-marxismo\/","name":"TEOR\u00cdA GENERAL DEL DERECHO Y EL MARXISMO &#8212; Zapateneo","isPartOf":{"@id":"https:\/\/zapateneo.net\/wordpress\/#website"},"primaryImageOfPage":{"@id":"https:\/\/zapateneo.net\/wordpress\/index.php\/producto\/teoria-general-del-derecho-y-el-marxismo\/#primaryimage"},"image":{"@id":"https:\/\/zapateneo.net\/wordpress\/index.php\/producto\/teoria-general-del-derecho-y-el-marxismo\/#primaryimage"},"thumbnailUrl":"https:\/\/zapateneo.net\/wordpress\/wp-content\/uploads\/2023\/01\/teoria-general-del-derecho-y-el-marxismo-9788485209422.jpg","datePublished":"2023-01-23T14:55:03+00:00","dateModified":"2023-01-23T14:55:11+00:00","breadcrumb":{"@id":"https:\/\/zapateneo.net\/wordpress\/index.php\/producto\/teoria-general-del-derecho-y-el-marxismo\/#breadcrumb"},"inLanguage":"es","potentialAction":[{"@type":"ReadAction","target":["https:\/\/zapateneo.net\/wordpress\/index.php\/producto\/teoria-general-del-derecho-y-el-marxismo\/"]}]},{"@type":"ImageObject","inLanguage":"es","@id":"https:\/\/zapateneo.net\/wordpress\/index.php\/producto\/teoria-general-del-derecho-y-el-marxismo\/#primaryimage","url":"https:\/\/zapateneo.net\/wordpress\/wp-content\/uploads\/2023\/01\/teoria-general-del-derecho-y-el-marxismo-9788485209422.jpg","contentUrl":"https:\/\/zapateneo.net\/wordpress\/wp-content\/uploads\/2023\/01\/teoria-general-del-derecho-y-el-marxismo-9788485209422.jpg","width":272,"height":400},{"@type":"BreadcrumbList","@id":"https:\/\/zapateneo.net\/wordpress\/index.php\/producto\/teoria-general-del-derecho-y-el-marxismo\/#breadcrumb","itemListElement":[{"@type":"ListItem","position":1,"name":"Portada","item":"https:\/\/zapateneo.net\/wordpress\/"},{"@type":"ListItem","position":2,"name":"Tienda","item":"https:\/\/zapateneo.net\/wordpress\/"},{"@type":"ListItem","position":3,"name":"TEOR\u00cdA GENERAL DEL DERECHO Y EL MARXISMO"}]},{"@type":"WebSite","@id":"https:\/\/zapateneo.net\/wordpress\/#website","url":"https:\/\/zapateneo.net\/wordpress\/","name":"Zapateneo","description":"Zapateneoaren webgunea","publisher":{"@id":"https:\/\/zapateneo.net\/wordpress\/#organization"},"potentialAction":[{"@type":"SearchAction","target":{"@type":"EntryPoint","urlTemplate":"https:\/\/zapateneo.net\/wordpress\/?s={search_term_string}"},"query-input":{"@type":"PropertyValueSpecification","valueRequired":true,"valueName":"search_term_string"}}],"inLanguage":"es"},{"@type":"Organization","@id":"https:\/\/zapateneo.net\/wordpress\/#organization","name":"Zapateneo Kultur Elkartea","url":"https:\/\/zapateneo.net\/wordpress\/","logo":{"@type":"ImageObject","inLanguage":"es","@id":"https:\/\/zapateneo.net\/wordpress\/#\/schema\/logo\/image\/","url":"https:\/\/zapateneo.net\/wordpress\/wp-content\/uploads\/2021\/04\/zap-libu-kolec.jpg","contentUrl":"https:\/\/zapateneo.net\/wordpress\/wp-content\/uploads\/2021\/04\/zap-libu-kolec.jpg","width":2234,"height":398,"caption":"Zapateneo Kultur Elkartea"},"image":{"@id":"https:\/\/zapateneo.net\/wordpress\/#\/schema\/logo\/image\/"},"sameAs":["https:\/\/x.com\/zapateneo"]}]}},"_links":{"self":[{"href":"https:\/\/zapateneo.net\/wordpress\/index.php\/wp-json\/wp\/v2\/product\/12432","targetHints":{"allow":["GET"]}}],"collection":[{"href":"https:\/\/zapateneo.net\/wordpress\/index.php\/wp-json\/wp\/v2\/product"}],"about":[{"href":"https:\/\/zapateneo.net\/wordpress\/index.php\/wp-json\/wp\/v2\/types\/product"}],"wp:featuredmedia":[{"embeddable":true,"href":"https:\/\/zapateneo.net\/wordpress\/index.php\/wp-json\/wp\/v2\/media\/12442"}],"wp:attachment":[{"href":"https:\/\/zapateneo.net\/wordpress\/index.php\/wp-json\/wp\/v2\/media?parent=12432"}],"wp:term":[{"taxonomy":"product_brand","embeddable":true,"href":"https:\/\/zapateneo.net\/wordpress\/index.php\/wp-json\/wp\/v2\/product_brand?post=12432"},{"taxonomy":"product_cat","embeddable":true,"href":"https:\/\/zapateneo.net\/wordpress\/index.php\/wp-json\/wp\/v2\/product_cat?post=12432"},{"taxonomy":"product_tag","embeddable":true,"href":"https:\/\/zapateneo.net\/wordpress\/index.php\/wp-json\/wp\/v2\/product_tag?post=12432"}],"curies":[{"name":"wp","href":"https:\/\/api.w.org\/{rel}","templated":true}]}}