{"id":12404,"date":"2023-01-19T20:55:29","date_gmt":"2023-01-19T19:55:29","guid":{"rendered":"https:\/\/zapateneo.net\/wordpress\/?post_type=product&#038;p=12404"},"modified":"2023-01-19T20:55:35","modified_gmt":"2023-01-19T19:55:35","slug":"no-es-no-los-limites-del-consentimiento-sexual","status":"publish","type":"product","link":"https:\/\/zapateneo.net\/wordpress\/index.php\/producto\/no-es-no-los-limites-del-consentimiento-sexual\/","title":{"rendered":"NO ES NO Los l\u00edmites del consentimiento sexual"},"content":{"rendered":"<p>El consentimiento, el abuso y el deseo son temas con l\u00edmites difusos en nuestra cultura. As\u00ed los viven Sandra y sus amigas y amigos desde la adolescencia hasta el final de la veintena. En esta novela, la protagonista repasa sus experiencias y aquellos momentos en los que estos l\u00edmites se dibujan realmente borrosos. Es esta una historia para reflexionar, pero tambi\u00e9n una historia de amistad y de compa\u00f1erismo que no solo nos habla de las controversias en el consentimiento, sino tambi\u00e9n de c\u00f3mo el apoyo de nuestros seres queridos nos ayuda a salir a flote de situaciones dif\u00edciles y empoderarnos para reconocernos el respeto que, como seres humanos, todos merecemos.<\/p>\n<p>T\u00fa no lo sabes, pero han abusado de ti. Es posible que te hayan violado. A lo mejor t\u00fa tambi\u00e9n has violado a alguien o has cometido abusos sexuales (&#8230;). Como v\u00edctima y tambi\u00e9n c\u00f3mplice de mis propias miserias, he vivido esta situaci\u00f3n m\u00e1s veces de las que desear\u00eda. Pero esta tarde he hecho algo al respecto, le he plantado cara a mi agresor. (&#8230;) Me llamo Sandra. Esta es mi historia. Y la de mis amigas. Y la de algunos amigos. La escribo para que t\u00fa tambi\u00e9n aprendas a decir \u00abno\u00bb. Y a reconocer cu\u00e1ndo los dem\u00e1s te est\u00e1n diciendo \u00abno\u00bb.<\/p>\n<p>Covadonga G\u00f3nzalez-Pola\u00a0Escritora, formadora en escritura creativa y asesora literaria, adem\u00e1s de ambient\u00f3loga. Trabaja como asesora de escritores noveles e impartiendo formaci\u00f3n en escritura. Es la fundadora de la Escuela de Escritura Tinta P\u00farpura, adem\u00e1s de impartir talleres de escritura en la universidad CEU San Pablo y en la Casa del Lector. Su canal de Youtube fue el primero en ofrecer talleres literarios para escritores en formato v\u00eddeo y en la actualidad cuenta con m\u00e1s de treinta mil seguidores. Fue la creadora de la comunidad de escritores Magerit y la directora del programa de radio Tinta P\u00farpura. Dirige, actualmente, la editorial del mismo nombre. Adem\u00e1s, publica art\u00edculos en la revista Culturamas y en la revista TELOS, de Fundaci\u00f3n Telef\u00f3nica.<\/p>\n","protected":false},"excerpt":{"rendered":"<p><strong>Covadonga G\u00f3nzalez-Pola<\/strong><br \/>\n9788418723513 &#8211; Bellaterra &#8211; 2022 &#8211; 186 p\u00e1ginas \/orri.<\/p>\n","protected":false},"featured_media":12413,"template":"","meta":[],"product_brand":[],"product_cat":[174,16],"product_tag":[92,5833],"class_list":{"0":"post-12404","1":"product","2":"type-product","3":"status-publish","4":"has-post-thumbnail","6":"product_cat-generoak-generos","7":"product_cat-libros","8":"product_tag-bellaterra","9":"product_tag-covadonga-gonzalez-pola","11":"first","12":"instock","13":"sold-individually","14":"shipping-taxable","15":"purchasable","16":"product-type-simple"},"yoast_head":"<!-- This site is optimized with the Yoast SEO plugin v27.4 - https:\/\/yoast.com\/product\/yoast-seo-wordpress\/ -->\n<title>NO ES NO Los l\u00edmites del consentimiento sexual &#8212; Zapateneo<\/title>\n<meta name=\"robots\" content=\"index, follow, max-snippet:-1, max-image-preview:large, max-video-preview:-1\" \/>\n<link rel=\"canonical\" href=\"https:\/\/zapateneo.net\/wordpress\/index.php\/producto\/no-es-no-los-limites-del-consentimiento-sexual\/\" \/>\n<meta property=\"og:locale\" content=\"es_ES\" \/>\n<meta property=\"og:type\" content=\"article\" \/>\n<meta property=\"og:title\" content=\"NO ES NO Los l\u00edmites del consentimiento sexual &#8212; Zapateneo\" \/>\n<meta property=\"og:description\" content=\"Covadonga G\u00f3nzalez-Pola 9788418723513 - Bellaterra - 2022 - 186 p\u00e1ginas \/orri.\" \/>\n<meta property=\"og:url\" content=\"https:\/\/zapateneo.net\/wordpress\/index.php\/producto\/no-es-no-los-limites-del-consentimiento-sexual\/\" \/>\n<meta property=\"og:site_name\" content=\"Zapateneo\" \/>\n<meta property=\"article:modified_time\" content=\"2023-01-19T19:55:35+00:00\" \/>\n<meta name=\"twitter:card\" content=\"summary_large_image\" \/>\n<meta name=\"twitter:site\" content=\"@zapateneo\" \/>\n<meta name=\"twitter:label1\" content=\"Tiempo de lectura\" \/>\n\t<meta name=\"twitter:data1\" content=\"2 minutos\" \/>\n<script type=\"application\/ld+json\" class=\"yoast-schema-graph\">{\"@context\":\"https:\\\/\\\/schema.org\",\"@graph\":[{\"@type\":\"WebPage\",\"@id\":\"https:\\\/\\\/zapateneo.net\\\/wordpress\\\/index.php\\\/producto\\\/no-es-no-los-limites-del-consentimiento-sexual\\\/\",\"url\":\"https:\\\/\\\/zapateneo.net\\\/wordpress\\\/index.php\\\/producto\\\/no-es-no-los-limites-del-consentimiento-sexual\\\/\",\"name\":\"NO ES NO Los l\u00edmites del consentimiento sexual &#8212; Zapateneo\",\"isPartOf\":{\"@id\":\"https:\\\/\\\/zapateneo.net\\\/wordpress\\\/#website\"},\"primaryImageOfPage\":{\"@id\":\"https:\\\/\\\/zapateneo.net\\\/wordpress\\\/index.php\\\/producto\\\/no-es-no-los-limites-del-consentimiento-sexual\\\/#primaryimage\"},\"image\":{\"@id\":\"https:\\\/\\\/zapateneo.net\\\/wordpress\\\/index.php\\\/producto\\\/no-es-no-los-limites-del-consentimiento-sexual\\\/#primaryimage\"},\"thumbnailUrl\":\"https:\\\/\\\/zapateneo.net\\\/wordpress\\\/wp-content\\\/uploads\\\/2023\\\/01\\\/no-es-no-9788418723513.jpg\",\"datePublished\":\"2023-01-19T19:55:29+00:00\",\"dateModified\":\"2023-01-19T19:55:35+00:00\",\"breadcrumb\":{\"@id\":\"https:\\\/\\\/zapateneo.net\\\/wordpress\\\/index.php\\\/producto\\\/no-es-no-los-limites-del-consentimiento-sexual\\\/#breadcrumb\"},\"inLanguage\":\"es\",\"potentialAction\":[{\"@type\":\"ReadAction\",\"target\":[\"https:\\\/\\\/zapateneo.net\\\/wordpress\\\/index.php\\\/producto\\\/no-es-no-los-limites-del-consentimiento-sexual\\\/\"]}]},{\"@type\":\"ImageObject\",\"inLanguage\":\"es\",\"@id\":\"https:\\\/\\\/zapateneo.net\\\/wordpress\\\/index.php\\\/producto\\\/no-es-no-los-limites-del-consentimiento-sexual\\\/#primaryimage\",\"url\":\"https:\\\/\\\/zapateneo.net\\\/wordpress\\\/wp-content\\\/uploads\\\/2023\\\/01\\\/no-es-no-9788418723513.jpg\",\"contentUrl\":\"https:\\\/\\\/zapateneo.net\\\/wordpress\\\/wp-content\\\/uploads\\\/2023\\\/01\\\/no-es-no-9788418723513.jpg\",\"width\":262,\"height\":400},{\"@type\":\"BreadcrumbList\",\"@id\":\"https:\\\/\\\/zapateneo.net\\\/wordpress\\\/index.php\\\/producto\\\/no-es-no-los-limites-del-consentimiento-sexual\\\/#breadcrumb\",\"itemListElement\":[{\"@type\":\"ListItem\",\"position\":1,\"name\":\"Portada\",\"item\":\"https:\\\/\\\/zapateneo.net\\\/wordpress\\\/\"},{\"@type\":\"ListItem\",\"position\":2,\"name\":\"Tienda\",\"item\":\"https:\\\/\\\/zapateneo.net\\\/wordpress\\\/\"},{\"@type\":\"ListItem\",\"position\":3,\"name\":\"NO ES NO Los l\u00edmites del consentimiento sexual\"}]},{\"@type\":\"WebSite\",\"@id\":\"https:\\\/\\\/zapateneo.net\\\/wordpress\\\/#website\",\"url\":\"https:\\\/\\\/zapateneo.net\\\/wordpress\\\/\",\"name\":\"Zapateneo\",\"description\":\"Zapateneoaren webgunea\",\"publisher\":{\"@id\":\"https:\\\/\\\/zapateneo.net\\\/wordpress\\\/#organization\"},\"potentialAction\":[{\"@type\":\"SearchAction\",\"target\":{\"@type\":\"EntryPoint\",\"urlTemplate\":\"https:\\\/\\\/zapateneo.net\\\/wordpress\\\/?s={search_term_string}\"},\"query-input\":{\"@type\":\"PropertyValueSpecification\",\"valueRequired\":true,\"valueName\":\"search_term_string\"}}],\"inLanguage\":\"es\"},{\"@type\":\"Organization\",\"@id\":\"https:\\\/\\\/zapateneo.net\\\/wordpress\\\/#organization\",\"name\":\"Zapateneo Kultur Elkartea\",\"url\":\"https:\\\/\\\/zapateneo.net\\\/wordpress\\\/\",\"logo\":{\"@type\":\"ImageObject\",\"inLanguage\":\"es\",\"@id\":\"https:\\\/\\\/zapateneo.net\\\/wordpress\\\/#\\\/schema\\\/logo\\\/image\\\/\",\"url\":\"https:\\\/\\\/zapateneo.net\\\/wordpress\\\/wp-content\\\/uploads\\\/2021\\\/04\\\/zap-libu-kolec.jpg\",\"contentUrl\":\"https:\\\/\\\/zapateneo.net\\\/wordpress\\\/wp-content\\\/uploads\\\/2021\\\/04\\\/zap-libu-kolec.jpg\",\"width\":2234,\"height\":398,\"caption\":\"Zapateneo Kultur Elkartea\"},\"image\":{\"@id\":\"https:\\\/\\\/zapateneo.net\\\/wordpress\\\/#\\\/schema\\\/logo\\\/image\\\/\"},\"sameAs\":[\"https:\\\/\\\/x.com\\\/zapateneo\"]}]}<\/script>\n<!-- \/ Yoast SEO plugin. -->","yoast_head_json":{"title":"NO ES NO Los l\u00edmites del consentimiento sexual &#8212; Zapateneo","robots":{"index":"index","follow":"follow","max-snippet":"max-snippet:-1","max-image-preview":"max-image-preview:large","max-video-preview":"max-video-preview:-1"},"canonical":"https:\/\/zapateneo.net\/wordpress\/index.php\/producto\/no-es-no-los-limites-del-consentimiento-sexual\/","og_locale":"es_ES","og_type":"article","og_title":"NO ES NO Los l\u00edmites del consentimiento sexual &#8212; Zapateneo","og_description":"Covadonga G\u00f3nzalez-Pola 9788418723513 - Bellaterra - 2022 - 186 p\u00e1ginas \/orri.","og_url":"https:\/\/zapateneo.net\/wordpress\/index.php\/producto\/no-es-no-los-limites-del-consentimiento-sexual\/","og_site_name":"Zapateneo","article_modified_time":"2023-01-19T19:55:35+00:00","twitter_card":"summary_large_image","twitter_site":"@zapateneo","twitter_misc":{"Tiempo de lectura":"2 minutos"},"schema":{"@context":"https:\/\/schema.org","@graph":[{"@type":"WebPage","@id":"https:\/\/zapateneo.net\/wordpress\/index.php\/producto\/no-es-no-los-limites-del-consentimiento-sexual\/","url":"https:\/\/zapateneo.net\/wordpress\/index.php\/producto\/no-es-no-los-limites-del-consentimiento-sexual\/","name":"NO ES NO Los l\u00edmites del consentimiento sexual &#8212; Zapateneo","isPartOf":{"@id":"https:\/\/zapateneo.net\/wordpress\/#website"},"primaryImageOfPage":{"@id":"https:\/\/zapateneo.net\/wordpress\/index.php\/producto\/no-es-no-los-limites-del-consentimiento-sexual\/#primaryimage"},"image":{"@id":"https:\/\/zapateneo.net\/wordpress\/index.php\/producto\/no-es-no-los-limites-del-consentimiento-sexual\/#primaryimage"},"thumbnailUrl":"https:\/\/zapateneo.net\/wordpress\/wp-content\/uploads\/2023\/01\/no-es-no-9788418723513.jpg","datePublished":"2023-01-19T19:55:29+00:00","dateModified":"2023-01-19T19:55:35+00:00","breadcrumb":{"@id":"https:\/\/zapateneo.net\/wordpress\/index.php\/producto\/no-es-no-los-limites-del-consentimiento-sexual\/#breadcrumb"},"inLanguage":"es","potentialAction":[{"@type":"ReadAction","target":["https:\/\/zapateneo.net\/wordpress\/index.php\/producto\/no-es-no-los-limites-del-consentimiento-sexual\/"]}]},{"@type":"ImageObject","inLanguage":"es","@id":"https:\/\/zapateneo.net\/wordpress\/index.php\/producto\/no-es-no-los-limites-del-consentimiento-sexual\/#primaryimage","url":"https:\/\/zapateneo.net\/wordpress\/wp-content\/uploads\/2023\/01\/no-es-no-9788418723513.jpg","contentUrl":"https:\/\/zapateneo.net\/wordpress\/wp-content\/uploads\/2023\/01\/no-es-no-9788418723513.jpg","width":262,"height":400},{"@type":"BreadcrumbList","@id":"https:\/\/zapateneo.net\/wordpress\/index.php\/producto\/no-es-no-los-limites-del-consentimiento-sexual\/#breadcrumb","itemListElement":[{"@type":"ListItem","position":1,"name":"Portada","item":"https:\/\/zapateneo.net\/wordpress\/"},{"@type":"ListItem","position":2,"name":"Tienda","item":"https:\/\/zapateneo.net\/wordpress\/"},{"@type":"ListItem","position":3,"name":"NO ES NO Los l\u00edmites del consentimiento sexual"}]},{"@type":"WebSite","@id":"https:\/\/zapateneo.net\/wordpress\/#website","url":"https:\/\/zapateneo.net\/wordpress\/","name":"Zapateneo","description":"Zapateneoaren webgunea","publisher":{"@id":"https:\/\/zapateneo.net\/wordpress\/#organization"},"potentialAction":[{"@type":"SearchAction","target":{"@type":"EntryPoint","urlTemplate":"https:\/\/zapateneo.net\/wordpress\/?s={search_term_string}"},"query-input":{"@type":"PropertyValueSpecification","valueRequired":true,"valueName":"search_term_string"}}],"inLanguage":"es"},{"@type":"Organization","@id":"https:\/\/zapateneo.net\/wordpress\/#organization","name":"Zapateneo Kultur Elkartea","url":"https:\/\/zapateneo.net\/wordpress\/","logo":{"@type":"ImageObject","inLanguage":"es","@id":"https:\/\/zapateneo.net\/wordpress\/#\/schema\/logo\/image\/","url":"https:\/\/zapateneo.net\/wordpress\/wp-content\/uploads\/2021\/04\/zap-libu-kolec.jpg","contentUrl":"https:\/\/zapateneo.net\/wordpress\/wp-content\/uploads\/2021\/04\/zap-libu-kolec.jpg","width":2234,"height":398,"caption":"Zapateneo Kultur Elkartea"},"image":{"@id":"https:\/\/zapateneo.net\/wordpress\/#\/schema\/logo\/image\/"},"sameAs":["https:\/\/x.com\/zapateneo"]}]}},"_links":{"self":[{"href":"https:\/\/zapateneo.net\/wordpress\/index.php\/wp-json\/wp\/v2\/product\/12404","targetHints":{"allow":["GET"]}}],"collection":[{"href":"https:\/\/zapateneo.net\/wordpress\/index.php\/wp-json\/wp\/v2\/product"}],"about":[{"href":"https:\/\/zapateneo.net\/wordpress\/index.php\/wp-json\/wp\/v2\/types\/product"}],"wp:featuredmedia":[{"embeddable":true,"href":"https:\/\/zapateneo.net\/wordpress\/index.php\/wp-json\/wp\/v2\/media\/12413"}],"wp:attachment":[{"href":"https:\/\/zapateneo.net\/wordpress\/index.php\/wp-json\/wp\/v2\/media?parent=12404"}],"wp:term":[{"taxonomy":"product_brand","embeddable":true,"href":"https:\/\/zapateneo.net\/wordpress\/index.php\/wp-json\/wp\/v2\/product_brand?post=12404"},{"taxonomy":"product_cat","embeddable":true,"href":"https:\/\/zapateneo.net\/wordpress\/index.php\/wp-json\/wp\/v2\/product_cat?post=12404"},{"taxonomy":"product_tag","embeddable":true,"href":"https:\/\/zapateneo.net\/wordpress\/index.php\/wp-json\/wp\/v2\/product_tag?post=12404"}],"curies":[{"name":"wp","href":"https:\/\/api.w.org\/{rel}","templated":true}]}}