{"id":12402,"date":"2023-01-19T20:55:28","date_gmt":"2023-01-19T19:55:28","guid":{"rendered":"https:\/\/zapateneo.net\/wordpress\/?post_type=product&#038;p=12402"},"modified":"2023-01-19T20:55:33","modified_gmt":"2023-01-19T19:55:33","slug":"cultura-de-la-red-informacion-politica-y-trabajo-libre","status":"publish","type":"product","link":"https:\/\/zapateneo.net\/wordpress\/index.php\/producto\/cultura-de-la-red-informacion-politica-y-trabajo-libre\/","title":{"rendered":"CULTURA DE LA RED Informaci\u00f3n, pol\u00edtica y trabajo libre"},"content":{"rendered":"<p>Cultura de la red es tanto una disecci\u00f3n de las ideas de la teor\u00eda de la informaci\u00f3n, la cibern\u00e9tica, las teor\u00edas de la complejidad y la biolog\u00eda molecular que conforman la episteme dominante, como una investigaci\u00f3n, a trav\u00e9s de conceptos como trabajo libre, bienes comunes y econom\u00eda digital, de las relaciones de poder y resistencias que producen \u2014y se producen en\u2014 ese organismo complejo llamado Internet.<\/p>\n<p>Publicado en ingl\u00e9s en 2004 y convertido en un cl\u00e1sico de su campo de estudios, Cultura de la red se puede leer como documento de un momento de la cr\u00edtica de Internet, en torno al nacimiento de la web 2.0, pero tambi\u00e9n como material vigente para pensar mutaciones ocurridas en las \u00faltimas d\u00e9cadas alrededor de las pol\u00edticas de los protocolos de red, el valor de los usuarios en la econom\u00eda digital, las formas de un control que contempla lo imprevisto y la emergencia, las t\u00e9cnicas de gubernamentalidad algor\u00edtmica y las consecuencias subjetivas, econ\u00f3micas y pol\u00edticas de la intersecci\u00f3n entre capacidades humanas, entornos digitales y expansi\u00f3n del trabajo gratuito y libre.<\/p>\n<p>En un doble movimiento, Cultura de la red piensa una trama dominada por la modulaci\u00f3n capitalista y el riesgo de la cat\u00e1strofe y sopesa las posibilidades que en esa trama existen para el dise\u00f1o de vidas poscapitalistas, apostando al \u00abpotencial de deseable transformaci\u00f3n pol\u00edtica que este mundo conectado todav\u00eda parece estar esforz\u00e1ndose en conseguir\u00bb.<\/p>\n<p>Tiziana Terranova Profesora de Sociolog\u00eda de los Procesos Culturales y Comunicativos en el Dipartimento di Scienze Umane e Sociali de la Universit\u00e1 di Napoli \u00abL&#8217;Orientale\u00bb. Activista y te\u00f3rica; ha publicado numerosos cap\u00edtulos de libros, art\u00edculos en revistas cient\u00edficas y en publicaciones peri\u00f3dicas. Integr\u00f3 Uninomade, proyecto global de activismo y producci\u00f3n de conocimientos. El libro Cultura de la red\u00a0es, hasta el momento, su \u00fanico libro editado. En 2022 y 2023 publicar\u00e1, respectivamente, los libros After the internet\u00a0y Technosocial.<\/p>\n","protected":false},"excerpt":{"rendered":"<p><strong>Tiziana Terranova<\/strong><br \/>\n9789873687877 &#8211; Tinta Lim\u00f3n &#8211; 2022 &#8211; 248 p\u00e1ginas \/orri.<\/p>\n","protected":false},"featured_media":12411,"template":"","meta":[],"product_brand":[],"product_cat":[184,16],"product_tag":[660,5831],"class_list":{"0":"post-12402","1":"product","2":"type-product","3":"status-publish","4":"has-post-thumbnail","6":"product_cat-komunikazioa-comunicacion","7":"product_cat-libros","8":"product_tag-tinta-limon","9":"product_tag-tiziana-terranova","11":"first","12":"instock","13":"sold-individually","14":"shipping-taxable","15":"purchasable","16":"product-type-simple"},"yoast_head":"<!-- This site is optimized with the Yoast SEO plugin v27.3 - https:\/\/yoast.com\/product\/yoast-seo-wordpress\/ -->\n<title>CULTURA DE LA RED Informaci\u00f3n, pol\u00edtica y trabajo libre &#8212; Zapateneo<\/title>\n<meta name=\"robots\" content=\"index, follow, max-snippet:-1, max-image-preview:large, max-video-preview:-1\" \/>\n<link rel=\"canonical\" href=\"https:\/\/zapateneo.net\/wordpress\/index.php\/producto\/cultura-de-la-red-informacion-politica-y-trabajo-libre\/\" \/>\n<meta property=\"og:locale\" content=\"es_ES\" \/>\n<meta property=\"og:type\" content=\"article\" \/>\n<meta property=\"og:title\" content=\"CULTURA DE LA RED Informaci\u00f3n, pol\u00edtica y trabajo libre &#8212; Zapateneo\" \/>\n<meta property=\"og:description\" content=\"Tiziana Terranova 9789873687877 - Tinta Lim\u00f3n - 2022 - 248 p\u00e1ginas \/orri.\" \/>\n<meta property=\"og:url\" content=\"https:\/\/zapateneo.net\/wordpress\/index.php\/producto\/cultura-de-la-red-informacion-politica-y-trabajo-libre\/\" \/>\n<meta property=\"og:site_name\" content=\"Zapateneo\" \/>\n<meta property=\"article:modified_time\" content=\"2023-01-19T19:55:33+00:00\" \/>\n<meta name=\"twitter:card\" content=\"summary_large_image\" \/>\n<meta name=\"twitter:site\" content=\"@zapateneo\" \/>\n<meta name=\"twitter:label1\" content=\"Tiempo de lectura\" \/>\n\t<meta name=\"twitter:data1\" content=\"2 minutos\" \/>\n<script type=\"application\/ld+json\" class=\"yoast-schema-graph\">{\"@context\":\"https:\\\/\\\/schema.org\",\"@graph\":[{\"@type\":\"WebPage\",\"@id\":\"https:\\\/\\\/zapateneo.net\\\/wordpress\\\/index.php\\\/producto\\\/cultura-de-la-red-informacion-politica-y-trabajo-libre\\\/\",\"url\":\"https:\\\/\\\/zapateneo.net\\\/wordpress\\\/index.php\\\/producto\\\/cultura-de-la-red-informacion-politica-y-trabajo-libre\\\/\",\"name\":\"CULTURA DE LA RED Informaci\u00f3n, pol\u00edtica y trabajo libre &#8212; Zapateneo\",\"isPartOf\":{\"@id\":\"https:\\\/\\\/zapateneo.net\\\/wordpress\\\/#website\"},\"primaryImageOfPage\":{\"@id\":\"https:\\\/\\\/zapateneo.net\\\/wordpress\\\/index.php\\\/producto\\\/cultura-de-la-red-informacion-politica-y-trabajo-libre\\\/#primaryimage\"},\"image\":{\"@id\":\"https:\\\/\\\/zapateneo.net\\\/wordpress\\\/index.php\\\/producto\\\/cultura-de-la-red-informacion-politica-y-trabajo-libre\\\/#primaryimage\"},\"thumbnailUrl\":\"https:\\\/\\\/zapateneo.net\\\/wordpress\\\/wp-content\\\/uploads\\\/2023\\\/01\\\/cultura-de-la-red-9789873687877.jpg\",\"datePublished\":\"2023-01-19T19:55:28+00:00\",\"dateModified\":\"2023-01-19T19:55:33+00:00\",\"breadcrumb\":{\"@id\":\"https:\\\/\\\/zapateneo.net\\\/wordpress\\\/index.php\\\/producto\\\/cultura-de-la-red-informacion-politica-y-trabajo-libre\\\/#breadcrumb\"},\"inLanguage\":\"es\",\"potentialAction\":[{\"@type\":\"ReadAction\",\"target\":[\"https:\\\/\\\/zapateneo.net\\\/wordpress\\\/index.php\\\/producto\\\/cultura-de-la-red-informacion-politica-y-trabajo-libre\\\/\"]}]},{\"@type\":\"ImageObject\",\"inLanguage\":\"es\",\"@id\":\"https:\\\/\\\/zapateneo.net\\\/wordpress\\\/index.php\\\/producto\\\/cultura-de-la-red-informacion-politica-y-trabajo-libre\\\/#primaryimage\",\"url\":\"https:\\\/\\\/zapateneo.net\\\/wordpress\\\/wp-content\\\/uploads\\\/2023\\\/01\\\/cultura-de-la-red-9789873687877.jpg\",\"contentUrl\":\"https:\\\/\\\/zapateneo.net\\\/wordpress\\\/wp-content\\\/uploads\\\/2023\\\/01\\\/cultura-de-la-red-9789873687877.jpg\",\"width\":274,\"height\":400},{\"@type\":\"BreadcrumbList\",\"@id\":\"https:\\\/\\\/zapateneo.net\\\/wordpress\\\/index.php\\\/producto\\\/cultura-de-la-red-informacion-politica-y-trabajo-libre\\\/#breadcrumb\",\"itemListElement\":[{\"@type\":\"ListItem\",\"position\":1,\"name\":\"Portada\",\"item\":\"https:\\\/\\\/zapateneo.net\\\/wordpress\\\/\"},{\"@type\":\"ListItem\",\"position\":2,\"name\":\"Tienda\",\"item\":\"https:\\\/\\\/zapateneo.net\\\/wordpress\\\/\"},{\"@type\":\"ListItem\",\"position\":3,\"name\":\"CULTURA DE LA RED Informaci\u00f3n, pol\u00edtica y trabajo libre\"}]},{\"@type\":\"WebSite\",\"@id\":\"https:\\\/\\\/zapateneo.net\\\/wordpress\\\/#website\",\"url\":\"https:\\\/\\\/zapateneo.net\\\/wordpress\\\/\",\"name\":\"Zapateneo\",\"description\":\"Zapateneoaren webgunea\",\"publisher\":{\"@id\":\"https:\\\/\\\/zapateneo.net\\\/wordpress\\\/#organization\"},\"potentialAction\":[{\"@type\":\"SearchAction\",\"target\":{\"@type\":\"EntryPoint\",\"urlTemplate\":\"https:\\\/\\\/zapateneo.net\\\/wordpress\\\/?s={search_term_string}\"},\"query-input\":{\"@type\":\"PropertyValueSpecification\",\"valueRequired\":true,\"valueName\":\"search_term_string\"}}],\"inLanguage\":\"es\"},{\"@type\":\"Organization\",\"@id\":\"https:\\\/\\\/zapateneo.net\\\/wordpress\\\/#organization\",\"name\":\"Zapateneo Kultur Elkartea\",\"url\":\"https:\\\/\\\/zapateneo.net\\\/wordpress\\\/\",\"logo\":{\"@type\":\"ImageObject\",\"inLanguage\":\"es\",\"@id\":\"https:\\\/\\\/zapateneo.net\\\/wordpress\\\/#\\\/schema\\\/logo\\\/image\\\/\",\"url\":\"https:\\\/\\\/zapateneo.net\\\/wordpress\\\/wp-content\\\/uploads\\\/2021\\\/04\\\/zap-libu-kolec.jpg\",\"contentUrl\":\"https:\\\/\\\/zapateneo.net\\\/wordpress\\\/wp-content\\\/uploads\\\/2021\\\/04\\\/zap-libu-kolec.jpg\",\"width\":2234,\"height\":398,\"caption\":\"Zapateneo Kultur Elkartea\"},\"image\":{\"@id\":\"https:\\\/\\\/zapateneo.net\\\/wordpress\\\/#\\\/schema\\\/logo\\\/image\\\/\"},\"sameAs\":[\"https:\\\/\\\/x.com\\\/zapateneo\"]}]}<\/script>\n<!-- \/ Yoast SEO plugin. -->","yoast_head_json":{"title":"CULTURA DE LA RED Informaci\u00f3n, pol\u00edtica y trabajo libre &#8212; Zapateneo","robots":{"index":"index","follow":"follow","max-snippet":"max-snippet:-1","max-image-preview":"max-image-preview:large","max-video-preview":"max-video-preview:-1"},"canonical":"https:\/\/zapateneo.net\/wordpress\/index.php\/producto\/cultura-de-la-red-informacion-politica-y-trabajo-libre\/","og_locale":"es_ES","og_type":"article","og_title":"CULTURA DE LA RED Informaci\u00f3n, pol\u00edtica y trabajo libre &#8212; Zapateneo","og_description":"Tiziana Terranova 9789873687877 - Tinta Lim\u00f3n - 2022 - 248 p\u00e1ginas \/orri.","og_url":"https:\/\/zapateneo.net\/wordpress\/index.php\/producto\/cultura-de-la-red-informacion-politica-y-trabajo-libre\/","og_site_name":"Zapateneo","article_modified_time":"2023-01-19T19:55:33+00:00","twitter_card":"summary_large_image","twitter_site":"@zapateneo","twitter_misc":{"Tiempo de lectura":"2 minutos"},"schema":{"@context":"https:\/\/schema.org","@graph":[{"@type":"WebPage","@id":"https:\/\/zapateneo.net\/wordpress\/index.php\/producto\/cultura-de-la-red-informacion-politica-y-trabajo-libre\/","url":"https:\/\/zapateneo.net\/wordpress\/index.php\/producto\/cultura-de-la-red-informacion-politica-y-trabajo-libre\/","name":"CULTURA DE LA RED Informaci\u00f3n, pol\u00edtica y trabajo libre &#8212; Zapateneo","isPartOf":{"@id":"https:\/\/zapateneo.net\/wordpress\/#website"},"primaryImageOfPage":{"@id":"https:\/\/zapateneo.net\/wordpress\/index.php\/producto\/cultura-de-la-red-informacion-politica-y-trabajo-libre\/#primaryimage"},"image":{"@id":"https:\/\/zapateneo.net\/wordpress\/index.php\/producto\/cultura-de-la-red-informacion-politica-y-trabajo-libre\/#primaryimage"},"thumbnailUrl":"https:\/\/zapateneo.net\/wordpress\/wp-content\/uploads\/2023\/01\/cultura-de-la-red-9789873687877.jpg","datePublished":"2023-01-19T19:55:28+00:00","dateModified":"2023-01-19T19:55:33+00:00","breadcrumb":{"@id":"https:\/\/zapateneo.net\/wordpress\/index.php\/producto\/cultura-de-la-red-informacion-politica-y-trabajo-libre\/#breadcrumb"},"inLanguage":"es","potentialAction":[{"@type":"ReadAction","target":["https:\/\/zapateneo.net\/wordpress\/index.php\/producto\/cultura-de-la-red-informacion-politica-y-trabajo-libre\/"]}]},{"@type":"ImageObject","inLanguage":"es","@id":"https:\/\/zapateneo.net\/wordpress\/index.php\/producto\/cultura-de-la-red-informacion-politica-y-trabajo-libre\/#primaryimage","url":"https:\/\/zapateneo.net\/wordpress\/wp-content\/uploads\/2023\/01\/cultura-de-la-red-9789873687877.jpg","contentUrl":"https:\/\/zapateneo.net\/wordpress\/wp-content\/uploads\/2023\/01\/cultura-de-la-red-9789873687877.jpg","width":274,"height":400},{"@type":"BreadcrumbList","@id":"https:\/\/zapateneo.net\/wordpress\/index.php\/producto\/cultura-de-la-red-informacion-politica-y-trabajo-libre\/#breadcrumb","itemListElement":[{"@type":"ListItem","position":1,"name":"Portada","item":"https:\/\/zapateneo.net\/wordpress\/"},{"@type":"ListItem","position":2,"name":"Tienda","item":"https:\/\/zapateneo.net\/wordpress\/"},{"@type":"ListItem","position":3,"name":"CULTURA DE LA RED Informaci\u00f3n, pol\u00edtica y trabajo libre"}]},{"@type":"WebSite","@id":"https:\/\/zapateneo.net\/wordpress\/#website","url":"https:\/\/zapateneo.net\/wordpress\/","name":"Zapateneo","description":"Zapateneoaren webgunea","publisher":{"@id":"https:\/\/zapateneo.net\/wordpress\/#organization"},"potentialAction":[{"@type":"SearchAction","target":{"@type":"EntryPoint","urlTemplate":"https:\/\/zapateneo.net\/wordpress\/?s={search_term_string}"},"query-input":{"@type":"PropertyValueSpecification","valueRequired":true,"valueName":"search_term_string"}}],"inLanguage":"es"},{"@type":"Organization","@id":"https:\/\/zapateneo.net\/wordpress\/#organization","name":"Zapateneo Kultur Elkartea","url":"https:\/\/zapateneo.net\/wordpress\/","logo":{"@type":"ImageObject","inLanguage":"es","@id":"https:\/\/zapateneo.net\/wordpress\/#\/schema\/logo\/image\/","url":"https:\/\/zapateneo.net\/wordpress\/wp-content\/uploads\/2021\/04\/zap-libu-kolec.jpg","contentUrl":"https:\/\/zapateneo.net\/wordpress\/wp-content\/uploads\/2021\/04\/zap-libu-kolec.jpg","width":2234,"height":398,"caption":"Zapateneo Kultur Elkartea"},"image":{"@id":"https:\/\/zapateneo.net\/wordpress\/#\/schema\/logo\/image\/"},"sameAs":["https:\/\/x.com\/zapateneo"]}]}},"_links":{"self":[{"href":"https:\/\/zapateneo.net\/wordpress\/index.php\/wp-json\/wp\/v2\/product\/12402","targetHints":{"allow":["GET"]}}],"collection":[{"href":"https:\/\/zapateneo.net\/wordpress\/index.php\/wp-json\/wp\/v2\/product"}],"about":[{"href":"https:\/\/zapateneo.net\/wordpress\/index.php\/wp-json\/wp\/v2\/types\/product"}],"wp:featuredmedia":[{"embeddable":true,"href":"https:\/\/zapateneo.net\/wordpress\/index.php\/wp-json\/wp\/v2\/media\/12411"}],"wp:attachment":[{"href":"https:\/\/zapateneo.net\/wordpress\/index.php\/wp-json\/wp\/v2\/media?parent=12402"}],"wp:term":[{"taxonomy":"product_brand","embeddable":true,"href":"https:\/\/zapateneo.net\/wordpress\/index.php\/wp-json\/wp\/v2\/product_brand?post=12402"},{"taxonomy":"product_cat","embeddable":true,"href":"https:\/\/zapateneo.net\/wordpress\/index.php\/wp-json\/wp\/v2\/product_cat?post=12402"},{"taxonomy":"product_tag","embeddable":true,"href":"https:\/\/zapateneo.net\/wordpress\/index.php\/wp-json\/wp\/v2\/product_tag?post=12402"}],"curies":[{"name":"wp","href":"https:\/\/api.w.org\/{rel}","templated":true}]}}