{"id":12401,"date":"2023-01-19T20:55:27","date_gmt":"2023-01-19T19:55:27","guid":{"rendered":"https:\/\/zapateneo.net\/wordpress\/?post_type=product&#038;p=12401"},"modified":"2023-01-19T20:55:33","modified_gmt":"2023-01-19T19:55:33","slug":"nombrar-el-cuerpo-la-fortuna-de-ser-una-mujer-queer-a-los-50","status":"publish","type":"product","link":"https:\/\/zapateneo.net\/wordpress\/index.php\/producto\/nombrar-el-cuerpo-la-fortuna-de-ser-una-mujer-queer-a-los-50\/","title":{"rendered":"NOMBRAR EL CUERPO La fortuna de ser una mujer queer a los 50"},"content":{"rendered":"<p>Nombrar el cuerpo nace con motivo del cincuenta cumplea\u00f1os de la autora, que, echando la vista atr\u00e1s, observa que su cuerpo est\u00e1 atravesado por diferentes t\u00e9rminos: mujer, madre, queer, inmigrante, enferma y feminista. Se sirve, pues, de ellos para construir este ensayo, el testimonio de su cuerpo, que es a su vez el cuerpo de tantas mujeres. Tras sus p\u00e1ginas se esconden mapas del tesoro, jerogl\u00edficos, pulsiones y, sobre todo, la memoria corp\u00f3rea de su paso por la tierra.<\/p>\n<p>\u00abPocas veces tenemos la oportunidad de ver nacer un ejercicio de escritura tan honesto y generoso como este. Lo considero un privilegio. Estoy segura de que ustedes, queridxs lectorxs, lo disfrutar\u00e1n tanto como lo he disfrutado yo y querr\u00e1n, como quiero yo, correr a abrazar a Mar\u00eda y su universo\u00bb. \u2014Sandra Lorenzano (poeta, narradora y ensayista)<\/p>\n<p>\u00abMar\u00eda se manifiesta llevando sus palabras hasta tu coraz\u00f3n y all\u00ed las deja, haci\u00e9ndote sangrar, pero tambi\u00e9n te conduce inexorablemente a la sonrisa, cuando no a la carcajada. Su capacidad para transmitir y generar sentimientos reluce entre estas p\u00e1ginas paridas de forma magistral desde cada c\u00e9lula de su cuerpo. Brava\u00bb. \u2014Mila Mart\u00ednez (autora)<\/p>\n<p>Mar\u00eda M\u00ednguez Arias es licenciada en periodismo por la Universidad Complutense de Madrid, traductora certificada por la Universidad de Berkeley, y antigua alumna de los talleres de escritura creativa Fuentetaja. Nacida y criada en Espa\u00f1a por madre norteamericana y padre espa\u00f1ol, vive hoy en la Bah\u00eda de San Francisco (California) con su mujer e hijos, y est\u00e1 trabajando en su segunda novela, esta vez en ingl\u00e9s. Para Mar\u00eda, escribir en dos idiomas y pertenecer a dos culturas a la vez es un privilegio que aspira a ganarse cada d\u00eda. Con su trabajo, esta escritora pretende ensanchar el espacio tan estrecho que hasta ahora ha ocupado la literatura para que as\u00ed quepan m\u00e1s autor@s, m\u00e1s personajes, m\u00e1s historias\u2026<\/p>\n","protected":false},"excerpt":{"rendered":"<p><strong>Mar\u00eda M\u00ednguez Arias<\/strong><br \/>\n9788418501777 &#8211; Egales &#8211; 2022 &#8211; 182 p\u00e1ginas \/orri.<\/p>\n","protected":false},"featured_media":12410,"template":"","meta":[],"product_brand":[],"product_cat":[174,16],"product_tag":[1199,5830],"class_list":{"0":"post-12401","1":"product","2":"type-product","3":"status-publish","4":"has-post-thumbnail","6":"product_cat-generoak-generos","7":"product_cat-libros","8":"product_tag-egales","9":"product_tag-maria-minguez-arias","11":"first","12":"instock","13":"sold-individually","14":"shipping-taxable","15":"purchasable","16":"product-type-simple"},"yoast_head":"<!-- This site is optimized with the Yoast SEO plugin v27.3 - https:\/\/yoast.com\/product\/yoast-seo-wordpress\/ -->\n<title>NOMBRAR EL CUERPO La fortuna de ser una mujer queer a los 50 &#8212; Zapateneo<\/title>\n<meta name=\"robots\" content=\"index, follow, max-snippet:-1, max-image-preview:large, max-video-preview:-1\" \/>\n<link rel=\"canonical\" href=\"https:\/\/zapateneo.net\/wordpress\/index.php\/producto\/nombrar-el-cuerpo-la-fortuna-de-ser-una-mujer-queer-a-los-50\/\" \/>\n<meta property=\"og:locale\" content=\"es_ES\" \/>\n<meta property=\"og:type\" content=\"article\" \/>\n<meta property=\"og:title\" content=\"NOMBRAR EL CUERPO La fortuna de ser una mujer queer a los 50 &#8212; Zapateneo\" \/>\n<meta property=\"og:description\" content=\"Mar\u00eda M\u00ednguez Arias 9788418501777 - Egales - 2022 - 182 p\u00e1ginas \/orri.\" \/>\n<meta property=\"og:url\" content=\"https:\/\/zapateneo.net\/wordpress\/index.php\/producto\/nombrar-el-cuerpo-la-fortuna-de-ser-una-mujer-queer-a-los-50\/\" \/>\n<meta property=\"og:site_name\" content=\"Zapateneo\" \/>\n<meta property=\"article:modified_time\" content=\"2023-01-19T19:55:33+00:00\" \/>\n<meta name=\"twitter:card\" content=\"summary_large_image\" \/>\n<meta name=\"twitter:site\" content=\"@zapateneo\" \/>\n<meta name=\"twitter:label1\" content=\"Tiempo de lectura\" \/>\n\t<meta name=\"twitter:data1\" content=\"2 minutos\" \/>\n<script type=\"application\/ld+json\" class=\"yoast-schema-graph\">{\"@context\":\"https:\\\/\\\/schema.org\",\"@graph\":[{\"@type\":\"WebPage\",\"@id\":\"https:\\\/\\\/zapateneo.net\\\/wordpress\\\/index.php\\\/producto\\\/nombrar-el-cuerpo-la-fortuna-de-ser-una-mujer-queer-a-los-50\\\/\",\"url\":\"https:\\\/\\\/zapateneo.net\\\/wordpress\\\/index.php\\\/producto\\\/nombrar-el-cuerpo-la-fortuna-de-ser-una-mujer-queer-a-los-50\\\/\",\"name\":\"NOMBRAR EL CUERPO La fortuna de ser una mujer queer a los 50 &#8212; Zapateneo\",\"isPartOf\":{\"@id\":\"https:\\\/\\\/zapateneo.net\\\/wordpress\\\/#website\"},\"primaryImageOfPage\":{\"@id\":\"https:\\\/\\\/zapateneo.net\\\/wordpress\\\/index.php\\\/producto\\\/nombrar-el-cuerpo-la-fortuna-de-ser-una-mujer-queer-a-los-50\\\/#primaryimage\"},\"image\":{\"@id\":\"https:\\\/\\\/zapateneo.net\\\/wordpress\\\/index.php\\\/producto\\\/nombrar-el-cuerpo-la-fortuna-de-ser-una-mujer-queer-a-los-50\\\/#primaryimage\"},\"thumbnailUrl\":\"https:\\\/\\\/zapateneo.net\\\/wordpress\\\/wp-content\\\/uploads\\\/2023\\\/01\\\/nombrar-el-cuerpo-9788418501777.jpg\",\"datePublished\":\"2023-01-19T19:55:27+00:00\",\"dateModified\":\"2023-01-19T19:55:33+00:00\",\"breadcrumb\":{\"@id\":\"https:\\\/\\\/zapateneo.net\\\/wordpress\\\/index.php\\\/producto\\\/nombrar-el-cuerpo-la-fortuna-de-ser-una-mujer-queer-a-los-50\\\/#breadcrumb\"},\"inLanguage\":\"es\",\"potentialAction\":[{\"@type\":\"ReadAction\",\"target\":[\"https:\\\/\\\/zapateneo.net\\\/wordpress\\\/index.php\\\/producto\\\/nombrar-el-cuerpo-la-fortuna-de-ser-una-mujer-queer-a-los-50\\\/\"]}]},{\"@type\":\"ImageObject\",\"inLanguage\":\"es\",\"@id\":\"https:\\\/\\\/zapateneo.net\\\/wordpress\\\/index.php\\\/producto\\\/nombrar-el-cuerpo-la-fortuna-de-ser-una-mujer-queer-a-los-50\\\/#primaryimage\",\"url\":\"https:\\\/\\\/zapateneo.net\\\/wordpress\\\/wp-content\\\/uploads\\\/2023\\\/01\\\/nombrar-el-cuerpo-9788418501777.jpg\",\"contentUrl\":\"https:\\\/\\\/zapateneo.net\\\/wordpress\\\/wp-content\\\/uploads\\\/2023\\\/01\\\/nombrar-el-cuerpo-9788418501777.jpg\",\"width\":285,\"height\":400},{\"@type\":\"BreadcrumbList\",\"@id\":\"https:\\\/\\\/zapateneo.net\\\/wordpress\\\/index.php\\\/producto\\\/nombrar-el-cuerpo-la-fortuna-de-ser-una-mujer-queer-a-los-50\\\/#breadcrumb\",\"itemListElement\":[{\"@type\":\"ListItem\",\"position\":1,\"name\":\"Portada\",\"item\":\"https:\\\/\\\/zapateneo.net\\\/wordpress\\\/\"},{\"@type\":\"ListItem\",\"position\":2,\"name\":\"Tienda\",\"item\":\"https:\\\/\\\/zapateneo.net\\\/wordpress\\\/\"},{\"@type\":\"ListItem\",\"position\":3,\"name\":\"NOMBRAR EL CUERPO La fortuna de ser una mujer queer a los 50\"}]},{\"@type\":\"WebSite\",\"@id\":\"https:\\\/\\\/zapateneo.net\\\/wordpress\\\/#website\",\"url\":\"https:\\\/\\\/zapateneo.net\\\/wordpress\\\/\",\"name\":\"Zapateneo\",\"description\":\"Zapateneoaren webgunea\",\"publisher\":{\"@id\":\"https:\\\/\\\/zapateneo.net\\\/wordpress\\\/#organization\"},\"potentialAction\":[{\"@type\":\"SearchAction\",\"target\":{\"@type\":\"EntryPoint\",\"urlTemplate\":\"https:\\\/\\\/zapateneo.net\\\/wordpress\\\/?s={search_term_string}\"},\"query-input\":{\"@type\":\"PropertyValueSpecification\",\"valueRequired\":true,\"valueName\":\"search_term_string\"}}],\"inLanguage\":\"es\"},{\"@type\":\"Organization\",\"@id\":\"https:\\\/\\\/zapateneo.net\\\/wordpress\\\/#organization\",\"name\":\"Zapateneo Kultur Elkartea\",\"url\":\"https:\\\/\\\/zapateneo.net\\\/wordpress\\\/\",\"logo\":{\"@type\":\"ImageObject\",\"inLanguage\":\"es\",\"@id\":\"https:\\\/\\\/zapateneo.net\\\/wordpress\\\/#\\\/schema\\\/logo\\\/image\\\/\",\"url\":\"https:\\\/\\\/zapateneo.net\\\/wordpress\\\/wp-content\\\/uploads\\\/2021\\\/04\\\/zap-libu-kolec.jpg\",\"contentUrl\":\"https:\\\/\\\/zapateneo.net\\\/wordpress\\\/wp-content\\\/uploads\\\/2021\\\/04\\\/zap-libu-kolec.jpg\",\"width\":2234,\"height\":398,\"caption\":\"Zapateneo Kultur Elkartea\"},\"image\":{\"@id\":\"https:\\\/\\\/zapateneo.net\\\/wordpress\\\/#\\\/schema\\\/logo\\\/image\\\/\"},\"sameAs\":[\"https:\\\/\\\/x.com\\\/zapateneo\"]}]}<\/script>\n<!-- \/ Yoast SEO plugin. -->","yoast_head_json":{"title":"NOMBRAR EL CUERPO La fortuna de ser una mujer queer a los 50 &#8212; Zapateneo","robots":{"index":"index","follow":"follow","max-snippet":"max-snippet:-1","max-image-preview":"max-image-preview:large","max-video-preview":"max-video-preview:-1"},"canonical":"https:\/\/zapateneo.net\/wordpress\/index.php\/producto\/nombrar-el-cuerpo-la-fortuna-de-ser-una-mujer-queer-a-los-50\/","og_locale":"es_ES","og_type":"article","og_title":"NOMBRAR EL CUERPO La fortuna de ser una mujer queer a los 50 &#8212; Zapateneo","og_description":"Mar\u00eda M\u00ednguez Arias 9788418501777 - Egales - 2022 - 182 p\u00e1ginas \/orri.","og_url":"https:\/\/zapateneo.net\/wordpress\/index.php\/producto\/nombrar-el-cuerpo-la-fortuna-de-ser-una-mujer-queer-a-los-50\/","og_site_name":"Zapateneo","article_modified_time":"2023-01-19T19:55:33+00:00","twitter_card":"summary_large_image","twitter_site":"@zapateneo","twitter_misc":{"Tiempo de lectura":"2 minutos"},"schema":{"@context":"https:\/\/schema.org","@graph":[{"@type":"WebPage","@id":"https:\/\/zapateneo.net\/wordpress\/index.php\/producto\/nombrar-el-cuerpo-la-fortuna-de-ser-una-mujer-queer-a-los-50\/","url":"https:\/\/zapateneo.net\/wordpress\/index.php\/producto\/nombrar-el-cuerpo-la-fortuna-de-ser-una-mujer-queer-a-los-50\/","name":"NOMBRAR EL CUERPO La fortuna de ser una mujer queer a los 50 &#8212; Zapateneo","isPartOf":{"@id":"https:\/\/zapateneo.net\/wordpress\/#website"},"primaryImageOfPage":{"@id":"https:\/\/zapateneo.net\/wordpress\/index.php\/producto\/nombrar-el-cuerpo-la-fortuna-de-ser-una-mujer-queer-a-los-50\/#primaryimage"},"image":{"@id":"https:\/\/zapateneo.net\/wordpress\/index.php\/producto\/nombrar-el-cuerpo-la-fortuna-de-ser-una-mujer-queer-a-los-50\/#primaryimage"},"thumbnailUrl":"https:\/\/zapateneo.net\/wordpress\/wp-content\/uploads\/2023\/01\/nombrar-el-cuerpo-9788418501777.jpg","datePublished":"2023-01-19T19:55:27+00:00","dateModified":"2023-01-19T19:55:33+00:00","breadcrumb":{"@id":"https:\/\/zapateneo.net\/wordpress\/index.php\/producto\/nombrar-el-cuerpo-la-fortuna-de-ser-una-mujer-queer-a-los-50\/#breadcrumb"},"inLanguage":"es","potentialAction":[{"@type":"ReadAction","target":["https:\/\/zapateneo.net\/wordpress\/index.php\/producto\/nombrar-el-cuerpo-la-fortuna-de-ser-una-mujer-queer-a-los-50\/"]}]},{"@type":"ImageObject","inLanguage":"es","@id":"https:\/\/zapateneo.net\/wordpress\/index.php\/producto\/nombrar-el-cuerpo-la-fortuna-de-ser-una-mujer-queer-a-los-50\/#primaryimage","url":"https:\/\/zapateneo.net\/wordpress\/wp-content\/uploads\/2023\/01\/nombrar-el-cuerpo-9788418501777.jpg","contentUrl":"https:\/\/zapateneo.net\/wordpress\/wp-content\/uploads\/2023\/01\/nombrar-el-cuerpo-9788418501777.jpg","width":285,"height":400},{"@type":"BreadcrumbList","@id":"https:\/\/zapateneo.net\/wordpress\/index.php\/producto\/nombrar-el-cuerpo-la-fortuna-de-ser-una-mujer-queer-a-los-50\/#breadcrumb","itemListElement":[{"@type":"ListItem","position":1,"name":"Portada","item":"https:\/\/zapateneo.net\/wordpress\/"},{"@type":"ListItem","position":2,"name":"Tienda","item":"https:\/\/zapateneo.net\/wordpress\/"},{"@type":"ListItem","position":3,"name":"NOMBRAR EL CUERPO La fortuna de ser una mujer queer a los 50"}]},{"@type":"WebSite","@id":"https:\/\/zapateneo.net\/wordpress\/#website","url":"https:\/\/zapateneo.net\/wordpress\/","name":"Zapateneo","description":"Zapateneoaren webgunea","publisher":{"@id":"https:\/\/zapateneo.net\/wordpress\/#organization"},"potentialAction":[{"@type":"SearchAction","target":{"@type":"EntryPoint","urlTemplate":"https:\/\/zapateneo.net\/wordpress\/?s={search_term_string}"},"query-input":{"@type":"PropertyValueSpecification","valueRequired":true,"valueName":"search_term_string"}}],"inLanguage":"es"},{"@type":"Organization","@id":"https:\/\/zapateneo.net\/wordpress\/#organization","name":"Zapateneo Kultur Elkartea","url":"https:\/\/zapateneo.net\/wordpress\/","logo":{"@type":"ImageObject","inLanguage":"es","@id":"https:\/\/zapateneo.net\/wordpress\/#\/schema\/logo\/image\/","url":"https:\/\/zapateneo.net\/wordpress\/wp-content\/uploads\/2021\/04\/zap-libu-kolec.jpg","contentUrl":"https:\/\/zapateneo.net\/wordpress\/wp-content\/uploads\/2021\/04\/zap-libu-kolec.jpg","width":2234,"height":398,"caption":"Zapateneo Kultur Elkartea"},"image":{"@id":"https:\/\/zapateneo.net\/wordpress\/#\/schema\/logo\/image\/"},"sameAs":["https:\/\/x.com\/zapateneo"]}]}},"_links":{"self":[{"href":"https:\/\/zapateneo.net\/wordpress\/index.php\/wp-json\/wp\/v2\/product\/12401","targetHints":{"allow":["GET"]}}],"collection":[{"href":"https:\/\/zapateneo.net\/wordpress\/index.php\/wp-json\/wp\/v2\/product"}],"about":[{"href":"https:\/\/zapateneo.net\/wordpress\/index.php\/wp-json\/wp\/v2\/types\/product"}],"wp:featuredmedia":[{"embeddable":true,"href":"https:\/\/zapateneo.net\/wordpress\/index.php\/wp-json\/wp\/v2\/media\/12410"}],"wp:attachment":[{"href":"https:\/\/zapateneo.net\/wordpress\/index.php\/wp-json\/wp\/v2\/media?parent=12401"}],"wp:term":[{"taxonomy":"product_brand","embeddable":true,"href":"https:\/\/zapateneo.net\/wordpress\/index.php\/wp-json\/wp\/v2\/product_brand?post=12401"},{"taxonomy":"product_cat","embeddable":true,"href":"https:\/\/zapateneo.net\/wordpress\/index.php\/wp-json\/wp\/v2\/product_cat?post=12401"},{"taxonomy":"product_tag","embeddable":true,"href":"https:\/\/zapateneo.net\/wordpress\/index.php\/wp-json\/wp\/v2\/product_tag?post=12401"}],"curies":[{"name":"wp","href":"https:\/\/api.w.org\/{rel}","templated":true}]}}