{"id":12400,"date":"2023-01-19T20:55:27","date_gmt":"2023-01-19T19:55:27","guid":{"rendered":"https:\/\/zapateneo.net\/wordpress\/?post_type=product&#038;p=12400"},"modified":"2023-01-19T20:55:32","modified_gmt":"2023-01-19T19:55:32","slug":"mas-que-visibles-antologia-de-la-bisexualidad-y-otras-plurisexualidades","status":"publish","type":"product","link":"https:\/\/zapateneo.net\/wordpress\/index.php\/producto\/mas-que-visibles-antologia-de-la-bisexualidad-y-otras-plurisexualidades\/","title":{"rendered":"M\u00c1S QUE VISIBLES Antolog\u00eda de la bisexualidad y otras plurisexualidades"},"content":{"rendered":"<p>\u00bfHay algo m\u00e1s que reivindicar sobre la bisexualidad aparte de la necesidad de m\u00e1s visibilidad? \u00a1De verdad, qu\u00e9 pesadas somos las personas bisexuales! \u00a1Pero si ya hasta nos nombran! \u00a1Como si pudiera haber necesidades m\u00e1s all\u00e1 de que se reconozca nuestra existencia! Lo cierto es que s\u00ed, quedan reivindicaciones y no son pocas. Desde la lucha contra la bifobia y el monosexismo hasta la salud mental, pasando por la violencia de g\u00e9nero, las personas demandantes de asilo o la convivencia entre las diferentes plurisexualidades. Estos son algunos de los temas que se tratan en los 29 textos que componen M\u00e1s que visibles, temas que van mucho m\u00e1s all\u00e1 de nuestra mera visibilidad.<\/p>\n<p>Jordi Cabrerizo, Dani Beltr\u00e1n, Patri Freire Loureiro, Carmen Garc\u00eda de Merlo, Aurora Fern\u00e1ndez Moreno, Ernesto Filardi, Anabel Garrido Ortol\u00e1, Marcos Ventura Armas, Mar Garc\u00eda Puig, Ignacio Elpidio Dom\u00ednguez Ruiz, Joss C. P\u00e9rez, Esdras Catari Pichardo, Noelia Mellado Pozas, Jorge Barraza Fern\u00e1ndez, Chris G. Represa, Darko Decimavilla, Somos ACEs, Isabel Portero, Arnau Nonell i Rodr\u00edguez, Zeynab Peyghambarzadeh, Laura G\u00f3mez Fern\u00e1ndez, Anna Maria Staiano, Graham Bell Tornado, Carlos Casta\u00f1o Rodr\u00edguez, Patricia Escortell Valls, Ana Cerezuela.<\/p>\n","protected":false},"excerpt":{"rendered":"<p><strong>vvaa<\/strong><br \/>\n9788418501661 &#8211; Egales &#8211; 2022 &#8211; 504 p\u00e1ginas \/orri.<\/p>\n","protected":false},"featured_media":12409,"template":"","meta":[],"product_brand":[],"product_cat":[174,16],"product_tag":[1199],"class_list":{"0":"post-12400","1":"product","2":"type-product","3":"status-publish","4":"has-post-thumbnail","6":"product_cat-generoak-generos","7":"product_cat-libros","8":"product_tag-egales","10":"first","11":"instock","12":"sold-individually","13":"shipping-taxable","14":"purchasable","15":"product-type-simple"},"yoast_head":"<!-- This site is optimized with the Yoast SEO plugin v27.3 - https:\/\/yoast.com\/product\/yoast-seo-wordpress\/ -->\n<title>M\u00c1S QUE VISIBLES Antolog\u00eda de la bisexualidad y otras plurisexualidades &#8212; Zapateneo<\/title>\n<meta name=\"robots\" content=\"index, follow, max-snippet:-1, max-image-preview:large, max-video-preview:-1\" \/>\n<link rel=\"canonical\" href=\"https:\/\/zapateneo.net\/wordpress\/index.php\/producto\/mas-que-visibles-antologia-de-la-bisexualidad-y-otras-plurisexualidades\/\" \/>\n<meta property=\"og:locale\" content=\"es_ES\" \/>\n<meta property=\"og:type\" content=\"article\" \/>\n<meta property=\"og:title\" content=\"M\u00c1S QUE VISIBLES Antolog\u00eda de la bisexualidad y otras plurisexualidades &#8212; Zapateneo\" \/>\n<meta property=\"og:description\" content=\"vvaa 9788418501661 - Egales - 2022 - 504 p\u00e1ginas \/orri.\" \/>\n<meta property=\"og:url\" content=\"https:\/\/zapateneo.net\/wordpress\/index.php\/producto\/mas-que-visibles-antologia-de-la-bisexualidad-y-otras-plurisexualidades\/\" \/>\n<meta property=\"og:site_name\" content=\"Zapateneo\" \/>\n<meta property=\"article:modified_time\" content=\"2023-01-19T19:55:32+00:00\" \/>\n<meta name=\"twitter:card\" content=\"summary_large_image\" \/>\n<meta name=\"twitter:site\" content=\"@zapateneo\" \/>\n<meta name=\"twitter:label1\" content=\"Tiempo de lectura\" \/>\n\t<meta name=\"twitter:data1\" content=\"1 minuto\" \/>\n<script type=\"application\/ld+json\" class=\"yoast-schema-graph\">{\"@context\":\"https:\\\/\\\/schema.org\",\"@graph\":[{\"@type\":\"WebPage\",\"@id\":\"https:\\\/\\\/zapateneo.net\\\/wordpress\\\/index.php\\\/producto\\\/mas-que-visibles-antologia-de-la-bisexualidad-y-otras-plurisexualidades\\\/\",\"url\":\"https:\\\/\\\/zapateneo.net\\\/wordpress\\\/index.php\\\/producto\\\/mas-que-visibles-antologia-de-la-bisexualidad-y-otras-plurisexualidades\\\/\",\"name\":\"M\u00c1S QUE VISIBLES Antolog\u00eda de la bisexualidad y otras plurisexualidades &#8212; Zapateneo\",\"isPartOf\":{\"@id\":\"https:\\\/\\\/zapateneo.net\\\/wordpress\\\/#website\"},\"primaryImageOfPage\":{\"@id\":\"https:\\\/\\\/zapateneo.net\\\/wordpress\\\/index.php\\\/producto\\\/mas-que-visibles-antologia-de-la-bisexualidad-y-otras-plurisexualidades\\\/#primaryimage\"},\"image\":{\"@id\":\"https:\\\/\\\/zapateneo.net\\\/wordpress\\\/index.php\\\/producto\\\/mas-que-visibles-antologia-de-la-bisexualidad-y-otras-plurisexualidades\\\/#primaryimage\"},\"thumbnailUrl\":\"https:\\\/\\\/zapateneo.net\\\/wordpress\\\/wp-content\\\/uploads\\\/2023\\\/01\\\/mas-que-visibles-9788418501661.jpg\",\"datePublished\":\"2023-01-19T19:55:27+00:00\",\"dateModified\":\"2023-01-19T19:55:32+00:00\",\"breadcrumb\":{\"@id\":\"https:\\\/\\\/zapateneo.net\\\/wordpress\\\/index.php\\\/producto\\\/mas-que-visibles-antologia-de-la-bisexualidad-y-otras-plurisexualidades\\\/#breadcrumb\"},\"inLanguage\":\"es\",\"potentialAction\":[{\"@type\":\"ReadAction\",\"target\":[\"https:\\\/\\\/zapateneo.net\\\/wordpress\\\/index.php\\\/producto\\\/mas-que-visibles-antologia-de-la-bisexualidad-y-otras-plurisexualidades\\\/\"]}]},{\"@type\":\"ImageObject\",\"inLanguage\":\"es\",\"@id\":\"https:\\\/\\\/zapateneo.net\\\/wordpress\\\/index.php\\\/producto\\\/mas-que-visibles-antologia-de-la-bisexualidad-y-otras-plurisexualidades\\\/#primaryimage\",\"url\":\"https:\\\/\\\/zapateneo.net\\\/wordpress\\\/wp-content\\\/uploads\\\/2023\\\/01\\\/mas-que-visibles-9788418501661.jpg\",\"contentUrl\":\"https:\\\/\\\/zapateneo.net\\\/wordpress\\\/wp-content\\\/uploads\\\/2023\\\/01\\\/mas-que-visibles-9788418501661.jpg\",\"width\":285,\"height\":400},{\"@type\":\"BreadcrumbList\",\"@id\":\"https:\\\/\\\/zapateneo.net\\\/wordpress\\\/index.php\\\/producto\\\/mas-que-visibles-antologia-de-la-bisexualidad-y-otras-plurisexualidades\\\/#breadcrumb\",\"itemListElement\":[{\"@type\":\"ListItem\",\"position\":1,\"name\":\"Portada\",\"item\":\"https:\\\/\\\/zapateneo.net\\\/wordpress\\\/\"},{\"@type\":\"ListItem\",\"position\":2,\"name\":\"Tienda\",\"item\":\"https:\\\/\\\/zapateneo.net\\\/wordpress\\\/\"},{\"@type\":\"ListItem\",\"position\":3,\"name\":\"M\u00c1S QUE VISIBLES Antolog\u00eda de la bisexualidad y otras plurisexualidades\"}]},{\"@type\":\"WebSite\",\"@id\":\"https:\\\/\\\/zapateneo.net\\\/wordpress\\\/#website\",\"url\":\"https:\\\/\\\/zapateneo.net\\\/wordpress\\\/\",\"name\":\"Zapateneo\",\"description\":\"Zapateneoaren webgunea\",\"publisher\":{\"@id\":\"https:\\\/\\\/zapateneo.net\\\/wordpress\\\/#organization\"},\"potentialAction\":[{\"@type\":\"SearchAction\",\"target\":{\"@type\":\"EntryPoint\",\"urlTemplate\":\"https:\\\/\\\/zapateneo.net\\\/wordpress\\\/?s={search_term_string}\"},\"query-input\":{\"@type\":\"PropertyValueSpecification\",\"valueRequired\":true,\"valueName\":\"search_term_string\"}}],\"inLanguage\":\"es\"},{\"@type\":\"Organization\",\"@id\":\"https:\\\/\\\/zapateneo.net\\\/wordpress\\\/#organization\",\"name\":\"Zapateneo Kultur Elkartea\",\"url\":\"https:\\\/\\\/zapateneo.net\\\/wordpress\\\/\",\"logo\":{\"@type\":\"ImageObject\",\"inLanguage\":\"es\",\"@id\":\"https:\\\/\\\/zapateneo.net\\\/wordpress\\\/#\\\/schema\\\/logo\\\/image\\\/\",\"url\":\"https:\\\/\\\/zapateneo.net\\\/wordpress\\\/wp-content\\\/uploads\\\/2021\\\/04\\\/zap-libu-kolec.jpg\",\"contentUrl\":\"https:\\\/\\\/zapateneo.net\\\/wordpress\\\/wp-content\\\/uploads\\\/2021\\\/04\\\/zap-libu-kolec.jpg\",\"width\":2234,\"height\":398,\"caption\":\"Zapateneo Kultur Elkartea\"},\"image\":{\"@id\":\"https:\\\/\\\/zapateneo.net\\\/wordpress\\\/#\\\/schema\\\/logo\\\/image\\\/\"},\"sameAs\":[\"https:\\\/\\\/x.com\\\/zapateneo\"]}]}<\/script>\n<!-- \/ Yoast SEO plugin. -->","yoast_head_json":{"title":"M\u00c1S QUE VISIBLES Antolog\u00eda de la bisexualidad y otras plurisexualidades &#8212; Zapateneo","robots":{"index":"index","follow":"follow","max-snippet":"max-snippet:-1","max-image-preview":"max-image-preview:large","max-video-preview":"max-video-preview:-1"},"canonical":"https:\/\/zapateneo.net\/wordpress\/index.php\/producto\/mas-que-visibles-antologia-de-la-bisexualidad-y-otras-plurisexualidades\/","og_locale":"es_ES","og_type":"article","og_title":"M\u00c1S QUE VISIBLES Antolog\u00eda de la bisexualidad y otras plurisexualidades &#8212; Zapateneo","og_description":"vvaa 9788418501661 - Egales - 2022 - 504 p\u00e1ginas \/orri.","og_url":"https:\/\/zapateneo.net\/wordpress\/index.php\/producto\/mas-que-visibles-antologia-de-la-bisexualidad-y-otras-plurisexualidades\/","og_site_name":"Zapateneo","article_modified_time":"2023-01-19T19:55:32+00:00","twitter_card":"summary_large_image","twitter_site":"@zapateneo","twitter_misc":{"Tiempo de lectura":"1 minuto"},"schema":{"@context":"https:\/\/schema.org","@graph":[{"@type":"WebPage","@id":"https:\/\/zapateneo.net\/wordpress\/index.php\/producto\/mas-que-visibles-antologia-de-la-bisexualidad-y-otras-plurisexualidades\/","url":"https:\/\/zapateneo.net\/wordpress\/index.php\/producto\/mas-que-visibles-antologia-de-la-bisexualidad-y-otras-plurisexualidades\/","name":"M\u00c1S QUE VISIBLES Antolog\u00eda de la bisexualidad y otras plurisexualidades &#8212; Zapateneo","isPartOf":{"@id":"https:\/\/zapateneo.net\/wordpress\/#website"},"primaryImageOfPage":{"@id":"https:\/\/zapateneo.net\/wordpress\/index.php\/producto\/mas-que-visibles-antologia-de-la-bisexualidad-y-otras-plurisexualidades\/#primaryimage"},"image":{"@id":"https:\/\/zapateneo.net\/wordpress\/index.php\/producto\/mas-que-visibles-antologia-de-la-bisexualidad-y-otras-plurisexualidades\/#primaryimage"},"thumbnailUrl":"https:\/\/zapateneo.net\/wordpress\/wp-content\/uploads\/2023\/01\/mas-que-visibles-9788418501661.jpg","datePublished":"2023-01-19T19:55:27+00:00","dateModified":"2023-01-19T19:55:32+00:00","breadcrumb":{"@id":"https:\/\/zapateneo.net\/wordpress\/index.php\/producto\/mas-que-visibles-antologia-de-la-bisexualidad-y-otras-plurisexualidades\/#breadcrumb"},"inLanguage":"es","potentialAction":[{"@type":"ReadAction","target":["https:\/\/zapateneo.net\/wordpress\/index.php\/producto\/mas-que-visibles-antologia-de-la-bisexualidad-y-otras-plurisexualidades\/"]}]},{"@type":"ImageObject","inLanguage":"es","@id":"https:\/\/zapateneo.net\/wordpress\/index.php\/producto\/mas-que-visibles-antologia-de-la-bisexualidad-y-otras-plurisexualidades\/#primaryimage","url":"https:\/\/zapateneo.net\/wordpress\/wp-content\/uploads\/2023\/01\/mas-que-visibles-9788418501661.jpg","contentUrl":"https:\/\/zapateneo.net\/wordpress\/wp-content\/uploads\/2023\/01\/mas-que-visibles-9788418501661.jpg","width":285,"height":400},{"@type":"BreadcrumbList","@id":"https:\/\/zapateneo.net\/wordpress\/index.php\/producto\/mas-que-visibles-antologia-de-la-bisexualidad-y-otras-plurisexualidades\/#breadcrumb","itemListElement":[{"@type":"ListItem","position":1,"name":"Portada","item":"https:\/\/zapateneo.net\/wordpress\/"},{"@type":"ListItem","position":2,"name":"Tienda","item":"https:\/\/zapateneo.net\/wordpress\/"},{"@type":"ListItem","position":3,"name":"M\u00c1S QUE VISIBLES Antolog\u00eda de la bisexualidad y otras plurisexualidades"}]},{"@type":"WebSite","@id":"https:\/\/zapateneo.net\/wordpress\/#website","url":"https:\/\/zapateneo.net\/wordpress\/","name":"Zapateneo","description":"Zapateneoaren webgunea","publisher":{"@id":"https:\/\/zapateneo.net\/wordpress\/#organization"},"potentialAction":[{"@type":"SearchAction","target":{"@type":"EntryPoint","urlTemplate":"https:\/\/zapateneo.net\/wordpress\/?s={search_term_string}"},"query-input":{"@type":"PropertyValueSpecification","valueRequired":true,"valueName":"search_term_string"}}],"inLanguage":"es"},{"@type":"Organization","@id":"https:\/\/zapateneo.net\/wordpress\/#organization","name":"Zapateneo Kultur Elkartea","url":"https:\/\/zapateneo.net\/wordpress\/","logo":{"@type":"ImageObject","inLanguage":"es","@id":"https:\/\/zapateneo.net\/wordpress\/#\/schema\/logo\/image\/","url":"https:\/\/zapateneo.net\/wordpress\/wp-content\/uploads\/2021\/04\/zap-libu-kolec.jpg","contentUrl":"https:\/\/zapateneo.net\/wordpress\/wp-content\/uploads\/2021\/04\/zap-libu-kolec.jpg","width":2234,"height":398,"caption":"Zapateneo Kultur Elkartea"},"image":{"@id":"https:\/\/zapateneo.net\/wordpress\/#\/schema\/logo\/image\/"},"sameAs":["https:\/\/x.com\/zapateneo"]}]}},"_links":{"self":[{"href":"https:\/\/zapateneo.net\/wordpress\/index.php\/wp-json\/wp\/v2\/product\/12400","targetHints":{"allow":["GET"]}}],"collection":[{"href":"https:\/\/zapateneo.net\/wordpress\/index.php\/wp-json\/wp\/v2\/product"}],"about":[{"href":"https:\/\/zapateneo.net\/wordpress\/index.php\/wp-json\/wp\/v2\/types\/product"}],"wp:featuredmedia":[{"embeddable":true,"href":"https:\/\/zapateneo.net\/wordpress\/index.php\/wp-json\/wp\/v2\/media\/12409"}],"wp:attachment":[{"href":"https:\/\/zapateneo.net\/wordpress\/index.php\/wp-json\/wp\/v2\/media?parent=12400"}],"wp:term":[{"taxonomy":"product_brand","embeddable":true,"href":"https:\/\/zapateneo.net\/wordpress\/index.php\/wp-json\/wp\/v2\/product_brand?post=12400"},{"taxonomy":"product_cat","embeddable":true,"href":"https:\/\/zapateneo.net\/wordpress\/index.php\/wp-json\/wp\/v2\/product_cat?post=12400"},{"taxonomy":"product_tag","embeddable":true,"href":"https:\/\/zapateneo.net\/wordpress\/index.php\/wp-json\/wp\/v2\/product_tag?post=12400"}],"curies":[{"name":"wp","href":"https:\/\/api.w.org\/{rel}","templated":true}]}}