{"id":12381,"date":"2023-01-08T13:36:14","date_gmt":"2023-01-08T12:36:14","guid":{"rendered":"https:\/\/zapateneo.net\/wordpress\/?post_type=product&#038;p=12381"},"modified":"2023-06-11T16:17:44","modified_gmt":"2023-06-11T15:17:44","slug":"esculpir-sin-libertad-una-novela-grafica-de-la-vida-del-escultor-bilbaino-y-libertario-amador-lucar","status":"publish","type":"product","link":"https:\/\/zapateneo.net\/wordpress\/index.php\/producto\/esculpir-sin-libertad-una-novela-grafica-de-la-vida-del-escultor-bilbaino-y-libertario-amador-lucar\/","title":{"rendered":"Esculpir sin libertad. Una novela gr\u00e1fica de la vida del escultor bilba\u00edno y libertario Amador Lucar"},"content":{"rendered":"<p>Juan Carlos Morant es un artista gr\u00e1fico que ha dibujado esta novela ilustrada a trav\u00e9s de una disciplina poco habitual, el dibujo a cera. De ah\u00ed la belleza de los trazos de este trabajo que adem\u00e1s aborda episodios de nuestra historia m\u00e1s reciente. En esta novela gr\u00e1fica se recogen los avatares de una vida donde el compromiso, las ansias de libertad y el arte se funden.<br \/>\nEl apellido Lucarini es un apellido \u00edntimamente ligado a Bilbao, a pesar de su origen evidentemente italiano. Familia de artistas y revolucionarios, este c\u00f3mic se basa en la vida de uno de los hermanos, concretamente de Amador. Su militancia anarquista y la derrota de la guerra del 36 hizo que los derroteros de este escultor le llevaran por sendas no deseadas. Amador es a la escultura lo que pudo ser Trumbo al cine de Hollywood. Muchas de sus obras no pudieron ser firmadas una vez defenestrado por el r\u00e9gimen franquista. Las calles de Bilbao y de bastantes otras localidades est\u00e1n jalonadas por las obras de este artista para algunos a\u00fan un desconocido.<br \/>\nResumiendo, una novela gr\u00e1fica emocionante y emotiva que es contextualizada hist\u00f3ricamente por el pr\u00f3logo a cargo de Juantxo Estebaranz.<\/p>\n","protected":false},"excerpt":{"rendered":"<p><strong>Juan Carlos Morant<\/strong><br \/>\n9788412045383 &#8211; DDT &#8211; 2021 &#8211; 68 p\u00e1ginas \/orri.<\/p>\n","protected":false},"featured_media":12391,"template":"","meta":[],"product_brand":[],"product_cat":[1868,167],"product_tag":[738,5823],"class_list":{"0":"post-12381","1":"product","2":"type-product","3":"status-publish","4":"has-post-thumbnail","6":"product_cat-anarkismoa-anarquismo","7":"product_cat-comics-komikiak","8":"product_tag-ddt","9":"product_tag-juan-carlos-morant","11":"first","12":"instock","13":"sold-individually","14":"shipping-taxable","15":"purchasable","16":"product-type-simple"},"yoast_head":"<!-- This site is optimized with the Yoast SEO plugin v27.3 - https:\/\/yoast.com\/product\/yoast-seo-wordpress\/ -->\n<title>Esculpir sin libertad. Una novela gr\u00e1fica de la vida del escultor bilba\u00edno y libertario Amador Lucar &#8212; Zapateneo<\/title>\n<meta name=\"robots\" content=\"index, follow, max-snippet:-1, max-image-preview:large, max-video-preview:-1\" \/>\n<link rel=\"canonical\" href=\"https:\/\/zapateneo.net\/wordpress\/index.php\/producto\/esculpir-sin-libertad-una-novela-grafica-de-la-vida-del-escultor-bilbaino-y-libertario-amador-lucar\/\" \/>\n<meta property=\"og:locale\" content=\"es_ES\" \/>\n<meta property=\"og:type\" content=\"article\" \/>\n<meta property=\"og:title\" content=\"Esculpir sin libertad. Una novela gr\u00e1fica de la vida del escultor bilba\u00edno y libertario Amador Lucar &#8212; Zapateneo\" \/>\n<meta property=\"og:description\" content=\"Juan Carlos Morant 9788412045383 - DDT - 2021 - 68 p\u00e1ginas \/orri.\" \/>\n<meta property=\"og:url\" content=\"https:\/\/zapateneo.net\/wordpress\/index.php\/producto\/esculpir-sin-libertad-una-novela-grafica-de-la-vida-del-escultor-bilbaino-y-libertario-amador-lucar\/\" \/>\n<meta property=\"og:site_name\" content=\"Zapateneo\" \/>\n<meta property=\"article:modified_time\" content=\"2023-06-11T15:17:44+00:00\" \/>\n<meta property=\"og:image\" content=\"https:\/\/zapateneo.net\/wordpress\/wp-content\/uploads\/2023\/01\/web-cover-esculpir-1-324x479-1.jpg\" \/>\n\t<meta property=\"og:image:width\" content=\"270\" \/>\n\t<meta property=\"og:image:height\" content=\"400\" \/>\n\t<meta property=\"og:image:type\" content=\"image\/jpeg\" \/>\n<meta name=\"twitter:card\" content=\"summary_large_image\" \/>\n<meta name=\"twitter:site\" content=\"@zapateneo\" \/>\n<meta name=\"twitter:label1\" content=\"Tiempo de lectura\" \/>\n\t<meta name=\"twitter:data1\" content=\"1 minuto\" \/>\n<script type=\"application\/ld+json\" class=\"yoast-schema-graph\">{\"@context\":\"https:\\\/\\\/schema.org\",\"@graph\":[{\"@type\":\"WebPage\",\"@id\":\"https:\\\/\\\/zapateneo.net\\\/wordpress\\\/index.php\\\/producto\\\/esculpir-sin-libertad-una-novela-grafica-de-la-vida-del-escultor-bilbaino-y-libertario-amador-lucar\\\/\",\"url\":\"https:\\\/\\\/zapateneo.net\\\/wordpress\\\/index.php\\\/producto\\\/esculpir-sin-libertad-una-novela-grafica-de-la-vida-del-escultor-bilbaino-y-libertario-amador-lucar\\\/\",\"name\":\"Esculpir sin libertad. Una novela gr\u00e1fica de la vida del escultor bilba\u00edno y libertario Amador Lucar &#8212; Zapateneo\",\"isPartOf\":{\"@id\":\"https:\\\/\\\/zapateneo.net\\\/wordpress\\\/#website\"},\"primaryImageOfPage\":{\"@id\":\"https:\\\/\\\/zapateneo.net\\\/wordpress\\\/index.php\\\/producto\\\/esculpir-sin-libertad-una-novela-grafica-de-la-vida-del-escultor-bilbaino-y-libertario-amador-lucar\\\/#primaryimage\"},\"image\":{\"@id\":\"https:\\\/\\\/zapateneo.net\\\/wordpress\\\/index.php\\\/producto\\\/esculpir-sin-libertad-una-novela-grafica-de-la-vida-del-escultor-bilbaino-y-libertario-amador-lucar\\\/#primaryimage\"},\"thumbnailUrl\":\"https:\\\/\\\/zapateneo.net\\\/wordpress\\\/wp-content\\\/uploads\\\/2023\\\/01\\\/web-cover-esculpir-1-324x479-1.jpg\",\"datePublished\":\"2023-01-08T12:36:14+00:00\",\"dateModified\":\"2023-06-11T15:17:44+00:00\",\"breadcrumb\":{\"@id\":\"https:\\\/\\\/zapateneo.net\\\/wordpress\\\/index.php\\\/producto\\\/esculpir-sin-libertad-una-novela-grafica-de-la-vida-del-escultor-bilbaino-y-libertario-amador-lucar\\\/#breadcrumb\"},\"inLanguage\":\"es\",\"potentialAction\":[{\"@type\":\"ReadAction\",\"target\":[\"https:\\\/\\\/zapateneo.net\\\/wordpress\\\/index.php\\\/producto\\\/esculpir-sin-libertad-una-novela-grafica-de-la-vida-del-escultor-bilbaino-y-libertario-amador-lucar\\\/\"]}]},{\"@type\":\"ImageObject\",\"inLanguage\":\"es\",\"@id\":\"https:\\\/\\\/zapateneo.net\\\/wordpress\\\/index.php\\\/producto\\\/esculpir-sin-libertad-una-novela-grafica-de-la-vida-del-escultor-bilbaino-y-libertario-amador-lucar\\\/#primaryimage\",\"url\":\"https:\\\/\\\/zapateneo.net\\\/wordpress\\\/wp-content\\\/uploads\\\/2023\\\/01\\\/web-cover-esculpir-1-324x479-1.jpg\",\"contentUrl\":\"https:\\\/\\\/zapateneo.net\\\/wordpress\\\/wp-content\\\/uploads\\\/2023\\\/01\\\/web-cover-esculpir-1-324x479-1.jpg\",\"width\":270,\"height\":400},{\"@type\":\"BreadcrumbList\",\"@id\":\"https:\\\/\\\/zapateneo.net\\\/wordpress\\\/index.php\\\/producto\\\/esculpir-sin-libertad-una-novela-grafica-de-la-vida-del-escultor-bilbaino-y-libertario-amador-lucar\\\/#breadcrumb\",\"itemListElement\":[{\"@type\":\"ListItem\",\"position\":1,\"name\":\"Portada\",\"item\":\"https:\\\/\\\/zapateneo.net\\\/wordpress\\\/\"},{\"@type\":\"ListItem\",\"position\":2,\"name\":\"Tienda\",\"item\":\"https:\\\/\\\/zapateneo.net\\\/wordpress\\\/\"},{\"@type\":\"ListItem\",\"position\":3,\"name\":\"Esculpir sin libertad. Una novela gr\u00e1fica de la vida del escultor bilba\u00edno y libertario Amador Lucar\"}]},{\"@type\":\"WebSite\",\"@id\":\"https:\\\/\\\/zapateneo.net\\\/wordpress\\\/#website\",\"url\":\"https:\\\/\\\/zapateneo.net\\\/wordpress\\\/\",\"name\":\"Zapateneo\",\"description\":\"Zapateneoaren webgunea\",\"publisher\":{\"@id\":\"https:\\\/\\\/zapateneo.net\\\/wordpress\\\/#organization\"},\"potentialAction\":[{\"@type\":\"SearchAction\",\"target\":{\"@type\":\"EntryPoint\",\"urlTemplate\":\"https:\\\/\\\/zapateneo.net\\\/wordpress\\\/?s={search_term_string}\"},\"query-input\":{\"@type\":\"PropertyValueSpecification\",\"valueRequired\":true,\"valueName\":\"search_term_string\"}}],\"inLanguage\":\"es\"},{\"@type\":\"Organization\",\"@id\":\"https:\\\/\\\/zapateneo.net\\\/wordpress\\\/#organization\",\"name\":\"Zapateneo Kultur Elkartea\",\"url\":\"https:\\\/\\\/zapateneo.net\\\/wordpress\\\/\",\"logo\":{\"@type\":\"ImageObject\",\"inLanguage\":\"es\",\"@id\":\"https:\\\/\\\/zapateneo.net\\\/wordpress\\\/#\\\/schema\\\/logo\\\/image\\\/\",\"url\":\"https:\\\/\\\/zapateneo.net\\\/wordpress\\\/wp-content\\\/uploads\\\/2021\\\/04\\\/zap-libu-kolec.jpg\",\"contentUrl\":\"https:\\\/\\\/zapateneo.net\\\/wordpress\\\/wp-content\\\/uploads\\\/2021\\\/04\\\/zap-libu-kolec.jpg\",\"width\":2234,\"height\":398,\"caption\":\"Zapateneo Kultur Elkartea\"},\"image\":{\"@id\":\"https:\\\/\\\/zapateneo.net\\\/wordpress\\\/#\\\/schema\\\/logo\\\/image\\\/\"},\"sameAs\":[\"https:\\\/\\\/x.com\\\/zapateneo\"]}]}<\/script>\n<!-- \/ Yoast SEO plugin. -->","yoast_head_json":{"title":"Esculpir sin libertad. Una novela gr\u00e1fica de la vida del escultor bilba\u00edno y libertario Amador Lucar &#8212; Zapateneo","robots":{"index":"index","follow":"follow","max-snippet":"max-snippet:-1","max-image-preview":"max-image-preview:large","max-video-preview":"max-video-preview:-1"},"canonical":"https:\/\/zapateneo.net\/wordpress\/index.php\/producto\/esculpir-sin-libertad-una-novela-grafica-de-la-vida-del-escultor-bilbaino-y-libertario-amador-lucar\/","og_locale":"es_ES","og_type":"article","og_title":"Esculpir sin libertad. Una novela gr\u00e1fica de la vida del escultor bilba\u00edno y libertario Amador Lucar &#8212; Zapateneo","og_description":"Juan Carlos Morant 9788412045383 - DDT - 2021 - 68 p\u00e1ginas \/orri.","og_url":"https:\/\/zapateneo.net\/wordpress\/index.php\/producto\/esculpir-sin-libertad-una-novela-grafica-de-la-vida-del-escultor-bilbaino-y-libertario-amador-lucar\/","og_site_name":"Zapateneo","article_modified_time":"2023-06-11T15:17:44+00:00","og_image":[{"width":270,"height":400,"url":"https:\/\/zapateneo.net\/wordpress\/wp-content\/uploads\/2023\/01\/web-cover-esculpir-1-324x479-1.jpg","type":"image\/jpeg"}],"twitter_card":"summary_large_image","twitter_site":"@zapateneo","twitter_misc":{"Tiempo de lectura":"1 minuto"},"schema":{"@context":"https:\/\/schema.org","@graph":[{"@type":"WebPage","@id":"https:\/\/zapateneo.net\/wordpress\/index.php\/producto\/esculpir-sin-libertad-una-novela-grafica-de-la-vida-del-escultor-bilbaino-y-libertario-amador-lucar\/","url":"https:\/\/zapateneo.net\/wordpress\/index.php\/producto\/esculpir-sin-libertad-una-novela-grafica-de-la-vida-del-escultor-bilbaino-y-libertario-amador-lucar\/","name":"Esculpir sin libertad. Una novela gr\u00e1fica de la vida del escultor bilba\u00edno y libertario Amador Lucar &#8212; Zapateneo","isPartOf":{"@id":"https:\/\/zapateneo.net\/wordpress\/#website"},"primaryImageOfPage":{"@id":"https:\/\/zapateneo.net\/wordpress\/index.php\/producto\/esculpir-sin-libertad-una-novela-grafica-de-la-vida-del-escultor-bilbaino-y-libertario-amador-lucar\/#primaryimage"},"image":{"@id":"https:\/\/zapateneo.net\/wordpress\/index.php\/producto\/esculpir-sin-libertad-una-novela-grafica-de-la-vida-del-escultor-bilbaino-y-libertario-amador-lucar\/#primaryimage"},"thumbnailUrl":"https:\/\/zapateneo.net\/wordpress\/wp-content\/uploads\/2023\/01\/web-cover-esculpir-1-324x479-1.jpg","datePublished":"2023-01-08T12:36:14+00:00","dateModified":"2023-06-11T15:17:44+00:00","breadcrumb":{"@id":"https:\/\/zapateneo.net\/wordpress\/index.php\/producto\/esculpir-sin-libertad-una-novela-grafica-de-la-vida-del-escultor-bilbaino-y-libertario-amador-lucar\/#breadcrumb"},"inLanguage":"es","potentialAction":[{"@type":"ReadAction","target":["https:\/\/zapateneo.net\/wordpress\/index.php\/producto\/esculpir-sin-libertad-una-novela-grafica-de-la-vida-del-escultor-bilbaino-y-libertario-amador-lucar\/"]}]},{"@type":"ImageObject","inLanguage":"es","@id":"https:\/\/zapateneo.net\/wordpress\/index.php\/producto\/esculpir-sin-libertad-una-novela-grafica-de-la-vida-del-escultor-bilbaino-y-libertario-amador-lucar\/#primaryimage","url":"https:\/\/zapateneo.net\/wordpress\/wp-content\/uploads\/2023\/01\/web-cover-esculpir-1-324x479-1.jpg","contentUrl":"https:\/\/zapateneo.net\/wordpress\/wp-content\/uploads\/2023\/01\/web-cover-esculpir-1-324x479-1.jpg","width":270,"height":400},{"@type":"BreadcrumbList","@id":"https:\/\/zapateneo.net\/wordpress\/index.php\/producto\/esculpir-sin-libertad-una-novela-grafica-de-la-vida-del-escultor-bilbaino-y-libertario-amador-lucar\/#breadcrumb","itemListElement":[{"@type":"ListItem","position":1,"name":"Portada","item":"https:\/\/zapateneo.net\/wordpress\/"},{"@type":"ListItem","position":2,"name":"Tienda","item":"https:\/\/zapateneo.net\/wordpress\/"},{"@type":"ListItem","position":3,"name":"Esculpir sin libertad. Una novela gr\u00e1fica de la vida del escultor bilba\u00edno y libertario Amador Lucar"}]},{"@type":"WebSite","@id":"https:\/\/zapateneo.net\/wordpress\/#website","url":"https:\/\/zapateneo.net\/wordpress\/","name":"Zapateneo","description":"Zapateneoaren webgunea","publisher":{"@id":"https:\/\/zapateneo.net\/wordpress\/#organization"},"potentialAction":[{"@type":"SearchAction","target":{"@type":"EntryPoint","urlTemplate":"https:\/\/zapateneo.net\/wordpress\/?s={search_term_string}"},"query-input":{"@type":"PropertyValueSpecification","valueRequired":true,"valueName":"search_term_string"}}],"inLanguage":"es"},{"@type":"Organization","@id":"https:\/\/zapateneo.net\/wordpress\/#organization","name":"Zapateneo Kultur Elkartea","url":"https:\/\/zapateneo.net\/wordpress\/","logo":{"@type":"ImageObject","inLanguage":"es","@id":"https:\/\/zapateneo.net\/wordpress\/#\/schema\/logo\/image\/","url":"https:\/\/zapateneo.net\/wordpress\/wp-content\/uploads\/2021\/04\/zap-libu-kolec.jpg","contentUrl":"https:\/\/zapateneo.net\/wordpress\/wp-content\/uploads\/2021\/04\/zap-libu-kolec.jpg","width":2234,"height":398,"caption":"Zapateneo Kultur Elkartea"},"image":{"@id":"https:\/\/zapateneo.net\/wordpress\/#\/schema\/logo\/image\/"},"sameAs":["https:\/\/x.com\/zapateneo"]}]}},"_links":{"self":[{"href":"https:\/\/zapateneo.net\/wordpress\/index.php\/wp-json\/wp\/v2\/product\/12381","targetHints":{"allow":["GET"]}}],"collection":[{"href":"https:\/\/zapateneo.net\/wordpress\/index.php\/wp-json\/wp\/v2\/product"}],"about":[{"href":"https:\/\/zapateneo.net\/wordpress\/index.php\/wp-json\/wp\/v2\/types\/product"}],"wp:featuredmedia":[{"embeddable":true,"href":"https:\/\/zapateneo.net\/wordpress\/index.php\/wp-json\/wp\/v2\/media\/12391"}],"wp:attachment":[{"href":"https:\/\/zapateneo.net\/wordpress\/index.php\/wp-json\/wp\/v2\/media?parent=12381"}],"wp:term":[{"taxonomy":"product_brand","embeddable":true,"href":"https:\/\/zapateneo.net\/wordpress\/index.php\/wp-json\/wp\/v2\/product_brand?post=12381"},{"taxonomy":"product_cat","embeddable":true,"href":"https:\/\/zapateneo.net\/wordpress\/index.php\/wp-json\/wp\/v2\/product_cat?post=12381"},{"taxonomy":"product_tag","embeddable":true,"href":"https:\/\/zapateneo.net\/wordpress\/index.php\/wp-json\/wp\/v2\/product_tag?post=12381"}],"curies":[{"name":"wp","href":"https:\/\/api.w.org\/{rel}","templated":true}]}}