{"id":12379,"date":"2023-01-08T13:36:13","date_gmt":"2023-01-08T12:36:13","guid":{"rendered":"https:\/\/zapateneo.net\/wordpress\/?post_type=product&#038;p=12379"},"modified":"2023-01-08T13:36:18","modified_gmt":"2023-01-08T12:36:18","slug":"publicaciones-periodicas-del-exilio-vasco-durante-el-franquismo-1936-1975","status":"publish","type":"product","link":"https:\/\/zapateneo.net\/wordpress\/index.php\/producto\/publicaciones-periodicas-del-exilio-vasco-durante-el-franquismo-1936-1975\/","title":{"rendered":"Publicaciones peri\u00f3dicas del exilio vasco durante el Franquismo (1936-1975)"},"content":{"rendered":"<p>Este libro est\u00e1 dedicado al estudio sociol\u00f3gico de las publicaciones peri\u00f3dicas aparecidas en el exilio y en la clandestinidad por el colectivo de los exiliados o de los militantes clandestinos del interior durante el franquismo (1936-1965). Estudio sociol\u00f3gico de las publicaciones. Se trata de una recogida sistem\u00e1tica y exhaustiva, de las publicaciones clandestinas y de archivos bibliotecarios y cuya vocaci\u00f3n ha sido la de reunir, en la medida de lo posible, todas las publicaciones que existieron de este tipo. Obra de consulta recomendada para los interesados en la materia.<\/p>\n","protected":false},"excerpt":{"rendered":"<p><strong>Paulo Iztueta Armendariz<\/strong><br \/>\n9788494883347 &#8211; Utriusque vasconiae &#8211; 2019 &#8211; 151 p\u00e1ginas \/orri.<\/p>\n","protected":false},"featured_media":12389,"template":"","meta":[],"product_brand":[],"product_cat":[185,16],"product_tag":[3585,306],"class_list":{"0":"post-12379","1":"product","2":"type-product","3":"status-publish","4":"has-post-thumbnail","6":"product_cat-historia","7":"product_cat-libros","8":"product_tag-paulo-iztueta-armendariz","9":"product_tag-utriusque-vasconiae","11":"first","12":"instock","13":"sold-individually","14":"shipping-taxable","15":"purchasable","16":"product-type-simple"},"yoast_head":"<!-- This site is optimized with the Yoast SEO plugin v27.3 - https:\/\/yoast.com\/product\/yoast-seo-wordpress\/ -->\n<title>Publicaciones peri\u00f3dicas del exilio vasco durante el Franquismo (1936-1975) &#8212; Zapateneo<\/title>\n<meta name=\"robots\" content=\"index, follow, max-snippet:-1, max-image-preview:large, max-video-preview:-1\" \/>\n<link rel=\"canonical\" href=\"https:\/\/zapateneo.net\/wordpress\/index.php\/producto\/publicaciones-periodicas-del-exilio-vasco-durante-el-franquismo-1936-1975\/\" \/>\n<meta property=\"og:locale\" content=\"es_ES\" \/>\n<meta property=\"og:type\" content=\"article\" \/>\n<meta property=\"og:title\" content=\"Publicaciones peri\u00f3dicas del exilio vasco durante el Franquismo (1936-1975) &#8212; Zapateneo\" \/>\n<meta property=\"og:description\" content=\"Paulo Iztueta Armendariz 9788494883347 - Utriusque vasconiae - 2019 - 151 p\u00e1ginas \/orri.\" \/>\n<meta property=\"og:url\" content=\"https:\/\/zapateneo.net\/wordpress\/index.php\/producto\/publicaciones-periodicas-del-exilio-vasco-durante-el-franquismo-1936-1975\/\" \/>\n<meta property=\"og:site_name\" content=\"Zapateneo\" \/>\n<meta property=\"article:modified_time\" content=\"2023-01-08T12:36:18+00:00\" \/>\n<meta name=\"twitter:card\" content=\"summary_large_image\" \/>\n<meta name=\"twitter:site\" content=\"@zapateneo\" \/>\n<script type=\"application\/ld+json\" class=\"yoast-schema-graph\">{\"@context\":\"https:\\\/\\\/schema.org\",\"@graph\":[{\"@type\":\"WebPage\",\"@id\":\"https:\\\/\\\/zapateneo.net\\\/wordpress\\\/index.php\\\/producto\\\/publicaciones-periodicas-del-exilio-vasco-durante-el-franquismo-1936-1975\\\/\",\"url\":\"https:\\\/\\\/zapateneo.net\\\/wordpress\\\/index.php\\\/producto\\\/publicaciones-periodicas-del-exilio-vasco-durante-el-franquismo-1936-1975\\\/\",\"name\":\"Publicaciones peri\u00f3dicas del exilio vasco durante el Franquismo (1936-1975) &#8212; Zapateneo\",\"isPartOf\":{\"@id\":\"https:\\\/\\\/zapateneo.net\\\/wordpress\\\/#website\"},\"primaryImageOfPage\":{\"@id\":\"https:\\\/\\\/zapateneo.net\\\/wordpress\\\/index.php\\\/producto\\\/publicaciones-periodicas-del-exilio-vasco-durante-el-franquismo-1936-1975\\\/#primaryimage\"},\"image\":{\"@id\":\"https:\\\/\\\/zapateneo.net\\\/wordpress\\\/index.php\\\/producto\\\/publicaciones-periodicas-del-exilio-vasco-durante-el-franquismo-1936-1975\\\/#primaryimage\"},\"thumbnailUrl\":\"https:\\\/\\\/zapateneo.net\\\/wordpress\\\/wp-content\\\/uploads\\\/2023\\\/01\\\/publicaciones-periodicas-del-exilio-vasco.jpeg\",\"datePublished\":\"2023-01-08T12:36:13+00:00\",\"dateModified\":\"2023-01-08T12:36:18+00:00\",\"breadcrumb\":{\"@id\":\"https:\\\/\\\/zapateneo.net\\\/wordpress\\\/index.php\\\/producto\\\/publicaciones-periodicas-del-exilio-vasco-durante-el-franquismo-1936-1975\\\/#breadcrumb\"},\"inLanguage\":\"es\",\"potentialAction\":[{\"@type\":\"ReadAction\",\"target\":[\"https:\\\/\\\/zapateneo.net\\\/wordpress\\\/index.php\\\/producto\\\/publicaciones-periodicas-del-exilio-vasco-durante-el-franquismo-1936-1975\\\/\"]}]},{\"@type\":\"ImageObject\",\"inLanguage\":\"es\",\"@id\":\"https:\\\/\\\/zapateneo.net\\\/wordpress\\\/index.php\\\/producto\\\/publicaciones-periodicas-del-exilio-vasco-durante-el-franquismo-1936-1975\\\/#primaryimage\",\"url\":\"https:\\\/\\\/zapateneo.net\\\/wordpress\\\/wp-content\\\/uploads\\\/2023\\\/01\\\/publicaciones-periodicas-del-exilio-vasco.jpeg\",\"contentUrl\":\"https:\\\/\\\/zapateneo.net\\\/wordpress\\\/wp-content\\\/uploads\\\/2023\\\/01\\\/publicaciones-periodicas-del-exilio-vasco.jpeg\",\"width\":287,\"height\":400},{\"@type\":\"BreadcrumbList\",\"@id\":\"https:\\\/\\\/zapateneo.net\\\/wordpress\\\/index.php\\\/producto\\\/publicaciones-periodicas-del-exilio-vasco-durante-el-franquismo-1936-1975\\\/#breadcrumb\",\"itemListElement\":[{\"@type\":\"ListItem\",\"position\":1,\"name\":\"Portada\",\"item\":\"https:\\\/\\\/zapateneo.net\\\/wordpress\\\/\"},{\"@type\":\"ListItem\",\"position\":2,\"name\":\"Tienda\",\"item\":\"https:\\\/\\\/zapateneo.net\\\/wordpress\\\/\"},{\"@type\":\"ListItem\",\"position\":3,\"name\":\"Publicaciones peri\u00f3dicas del exilio vasco durante el Franquismo (1936-1975)\"}]},{\"@type\":\"WebSite\",\"@id\":\"https:\\\/\\\/zapateneo.net\\\/wordpress\\\/#website\",\"url\":\"https:\\\/\\\/zapateneo.net\\\/wordpress\\\/\",\"name\":\"Zapateneo\",\"description\":\"Zapateneoaren webgunea\",\"publisher\":{\"@id\":\"https:\\\/\\\/zapateneo.net\\\/wordpress\\\/#organization\"},\"potentialAction\":[{\"@type\":\"SearchAction\",\"target\":{\"@type\":\"EntryPoint\",\"urlTemplate\":\"https:\\\/\\\/zapateneo.net\\\/wordpress\\\/?s={search_term_string}\"},\"query-input\":{\"@type\":\"PropertyValueSpecification\",\"valueRequired\":true,\"valueName\":\"search_term_string\"}}],\"inLanguage\":\"es\"},{\"@type\":\"Organization\",\"@id\":\"https:\\\/\\\/zapateneo.net\\\/wordpress\\\/#organization\",\"name\":\"Zapateneo Kultur Elkartea\",\"url\":\"https:\\\/\\\/zapateneo.net\\\/wordpress\\\/\",\"logo\":{\"@type\":\"ImageObject\",\"inLanguage\":\"es\",\"@id\":\"https:\\\/\\\/zapateneo.net\\\/wordpress\\\/#\\\/schema\\\/logo\\\/image\\\/\",\"url\":\"https:\\\/\\\/zapateneo.net\\\/wordpress\\\/wp-content\\\/uploads\\\/2021\\\/04\\\/zap-libu-kolec.jpg\",\"contentUrl\":\"https:\\\/\\\/zapateneo.net\\\/wordpress\\\/wp-content\\\/uploads\\\/2021\\\/04\\\/zap-libu-kolec.jpg\",\"width\":2234,\"height\":398,\"caption\":\"Zapateneo Kultur Elkartea\"},\"image\":{\"@id\":\"https:\\\/\\\/zapateneo.net\\\/wordpress\\\/#\\\/schema\\\/logo\\\/image\\\/\"},\"sameAs\":[\"https:\\\/\\\/x.com\\\/zapateneo\"]}]}<\/script>\n<!-- \/ Yoast SEO plugin. -->","yoast_head_json":{"title":"Publicaciones peri\u00f3dicas del exilio vasco durante el Franquismo (1936-1975) &#8212; Zapateneo","robots":{"index":"index","follow":"follow","max-snippet":"max-snippet:-1","max-image-preview":"max-image-preview:large","max-video-preview":"max-video-preview:-1"},"canonical":"https:\/\/zapateneo.net\/wordpress\/index.php\/producto\/publicaciones-periodicas-del-exilio-vasco-durante-el-franquismo-1936-1975\/","og_locale":"es_ES","og_type":"article","og_title":"Publicaciones peri\u00f3dicas del exilio vasco durante el Franquismo (1936-1975) &#8212; Zapateneo","og_description":"Paulo Iztueta Armendariz 9788494883347 - Utriusque vasconiae - 2019 - 151 p\u00e1ginas \/orri.","og_url":"https:\/\/zapateneo.net\/wordpress\/index.php\/producto\/publicaciones-periodicas-del-exilio-vasco-durante-el-franquismo-1936-1975\/","og_site_name":"Zapateneo","article_modified_time":"2023-01-08T12:36:18+00:00","twitter_card":"summary_large_image","twitter_site":"@zapateneo","schema":{"@context":"https:\/\/schema.org","@graph":[{"@type":"WebPage","@id":"https:\/\/zapateneo.net\/wordpress\/index.php\/producto\/publicaciones-periodicas-del-exilio-vasco-durante-el-franquismo-1936-1975\/","url":"https:\/\/zapateneo.net\/wordpress\/index.php\/producto\/publicaciones-periodicas-del-exilio-vasco-durante-el-franquismo-1936-1975\/","name":"Publicaciones peri\u00f3dicas del exilio vasco durante el Franquismo (1936-1975) &#8212; Zapateneo","isPartOf":{"@id":"https:\/\/zapateneo.net\/wordpress\/#website"},"primaryImageOfPage":{"@id":"https:\/\/zapateneo.net\/wordpress\/index.php\/producto\/publicaciones-periodicas-del-exilio-vasco-durante-el-franquismo-1936-1975\/#primaryimage"},"image":{"@id":"https:\/\/zapateneo.net\/wordpress\/index.php\/producto\/publicaciones-periodicas-del-exilio-vasco-durante-el-franquismo-1936-1975\/#primaryimage"},"thumbnailUrl":"https:\/\/zapateneo.net\/wordpress\/wp-content\/uploads\/2023\/01\/publicaciones-periodicas-del-exilio-vasco.jpeg","datePublished":"2023-01-08T12:36:13+00:00","dateModified":"2023-01-08T12:36:18+00:00","breadcrumb":{"@id":"https:\/\/zapateneo.net\/wordpress\/index.php\/producto\/publicaciones-periodicas-del-exilio-vasco-durante-el-franquismo-1936-1975\/#breadcrumb"},"inLanguage":"es","potentialAction":[{"@type":"ReadAction","target":["https:\/\/zapateneo.net\/wordpress\/index.php\/producto\/publicaciones-periodicas-del-exilio-vasco-durante-el-franquismo-1936-1975\/"]}]},{"@type":"ImageObject","inLanguage":"es","@id":"https:\/\/zapateneo.net\/wordpress\/index.php\/producto\/publicaciones-periodicas-del-exilio-vasco-durante-el-franquismo-1936-1975\/#primaryimage","url":"https:\/\/zapateneo.net\/wordpress\/wp-content\/uploads\/2023\/01\/publicaciones-periodicas-del-exilio-vasco.jpeg","contentUrl":"https:\/\/zapateneo.net\/wordpress\/wp-content\/uploads\/2023\/01\/publicaciones-periodicas-del-exilio-vasco.jpeg","width":287,"height":400},{"@type":"BreadcrumbList","@id":"https:\/\/zapateneo.net\/wordpress\/index.php\/producto\/publicaciones-periodicas-del-exilio-vasco-durante-el-franquismo-1936-1975\/#breadcrumb","itemListElement":[{"@type":"ListItem","position":1,"name":"Portada","item":"https:\/\/zapateneo.net\/wordpress\/"},{"@type":"ListItem","position":2,"name":"Tienda","item":"https:\/\/zapateneo.net\/wordpress\/"},{"@type":"ListItem","position":3,"name":"Publicaciones peri\u00f3dicas del exilio vasco durante el Franquismo (1936-1975)"}]},{"@type":"WebSite","@id":"https:\/\/zapateneo.net\/wordpress\/#website","url":"https:\/\/zapateneo.net\/wordpress\/","name":"Zapateneo","description":"Zapateneoaren webgunea","publisher":{"@id":"https:\/\/zapateneo.net\/wordpress\/#organization"},"potentialAction":[{"@type":"SearchAction","target":{"@type":"EntryPoint","urlTemplate":"https:\/\/zapateneo.net\/wordpress\/?s={search_term_string}"},"query-input":{"@type":"PropertyValueSpecification","valueRequired":true,"valueName":"search_term_string"}}],"inLanguage":"es"},{"@type":"Organization","@id":"https:\/\/zapateneo.net\/wordpress\/#organization","name":"Zapateneo Kultur Elkartea","url":"https:\/\/zapateneo.net\/wordpress\/","logo":{"@type":"ImageObject","inLanguage":"es","@id":"https:\/\/zapateneo.net\/wordpress\/#\/schema\/logo\/image\/","url":"https:\/\/zapateneo.net\/wordpress\/wp-content\/uploads\/2021\/04\/zap-libu-kolec.jpg","contentUrl":"https:\/\/zapateneo.net\/wordpress\/wp-content\/uploads\/2021\/04\/zap-libu-kolec.jpg","width":2234,"height":398,"caption":"Zapateneo Kultur Elkartea"},"image":{"@id":"https:\/\/zapateneo.net\/wordpress\/#\/schema\/logo\/image\/"},"sameAs":["https:\/\/x.com\/zapateneo"]}]}},"_links":{"self":[{"href":"https:\/\/zapateneo.net\/wordpress\/index.php\/wp-json\/wp\/v2\/product\/12379","targetHints":{"allow":["GET"]}}],"collection":[{"href":"https:\/\/zapateneo.net\/wordpress\/index.php\/wp-json\/wp\/v2\/product"}],"about":[{"href":"https:\/\/zapateneo.net\/wordpress\/index.php\/wp-json\/wp\/v2\/types\/product"}],"wp:featuredmedia":[{"embeddable":true,"href":"https:\/\/zapateneo.net\/wordpress\/index.php\/wp-json\/wp\/v2\/media\/12389"}],"wp:attachment":[{"href":"https:\/\/zapateneo.net\/wordpress\/index.php\/wp-json\/wp\/v2\/media?parent=12379"}],"wp:term":[{"taxonomy":"product_brand","embeddable":true,"href":"https:\/\/zapateneo.net\/wordpress\/index.php\/wp-json\/wp\/v2\/product_brand?post=12379"},{"taxonomy":"product_cat","embeddable":true,"href":"https:\/\/zapateneo.net\/wordpress\/index.php\/wp-json\/wp\/v2\/product_cat?post=12379"},{"taxonomy":"product_tag","embeddable":true,"href":"https:\/\/zapateneo.net\/wordpress\/index.php\/wp-json\/wp\/v2\/product_tag?post=12379"}],"curies":[{"name":"wp","href":"https:\/\/api.w.org\/{rel}","templated":true}]}}