{"id":12361,"date":"2023-01-08T09:01:07","date_gmt":"2023-01-08T08:01:07","guid":{"rendered":"https:\/\/zapateneo.net\/wordpress\/?post_type=product&#038;p=12361"},"modified":"2023-01-08T09:01:10","modified_gmt":"2023-01-08T08:01:10","slug":"contra-los-dominadores-de-este-mundo-tenebroso-doctrina-e-historia-de-los-movimientos-y-autores-ana","status":"publish","type":"product","link":"https:\/\/zapateneo.net\/wordpress\/index.php\/producto\/contra-los-dominadores-de-este-mundo-tenebroso-doctrina-e-historia-de-los-movimientos-y-autores-ana\/","title":{"rendered":"Contra los dominadores de este mundo tenebroso. Doctrina e historia de los movimientos y autores Ana"},"content":{"rendered":"<p>Esta es la cr\u00f3nica y el pensamiento de decenas de movimientos revolucionarios ligados al cristianismo durante los \u00faltimos dos milenios. Gentes que entend\u00edan y practicaban de forma comunalista y antiautoritaria el mensaje de los evangelios y que intentaron construir y vivir un mundo mejor, pagando en muchos casos sus supuestos pecados con la tortura y la muerte. Desde los primeros cristianos insumisos a Roma y liberadores de esclavos, hasta los mas recientes anarcocristianos latinoamericanos, pasando entre otros por San Francisco y su antiespecismo, o los oneidas y su igualdad de sexos. Historias condenadas a la hoguera y al olvido por parte de las iglesias cristianas oficiales, aliadas con los distintos poderes y gobernantes a lo largo de los tiempos, pero que influenciaron en los actuales movimientos revolucionarios y fueron en algunos casos las primeras experiencias revolucionarias conocidas.<\/p>\n","protected":false},"excerpt":{"rendered":"<p><strong>Alfredo Velasco<\/strong><br \/>\n9788412440263 &#8211; DDT &#8211; 2022 &#8211; 396 p\u00e1ginas \/orri.<\/p>\n","protected":false},"featured_media":12368,"template":"","meta":[],"product_brand":[],"product_cat":[1868,16],"product_tag":[5811,738],"class_list":{"0":"post-12361","1":"product","2":"type-product","3":"status-publish","4":"has-post-thumbnail","6":"product_cat-anarkismoa-anarquismo","7":"product_cat-libros","8":"product_tag-alfredo-velasco","9":"product_tag-ddt","11":"first","12":"instock","13":"sold-individually","14":"shipping-taxable","15":"purchasable","16":"product-type-simple"},"yoast_head":"<!-- This site is optimized with the Yoast SEO plugin v27.3 - https:\/\/yoast.com\/product\/yoast-seo-wordpress\/ -->\n<title>Contra los dominadores de este mundo tenebroso. Doctrina e historia de los movimientos y autores Ana &#8212; Zapateneo<\/title>\n<meta name=\"robots\" content=\"index, follow, max-snippet:-1, max-image-preview:large, max-video-preview:-1\" \/>\n<link rel=\"canonical\" href=\"https:\/\/zapateneo.net\/wordpress\/index.php\/producto\/contra-los-dominadores-de-este-mundo-tenebroso-doctrina-e-historia-de-los-movimientos-y-autores-ana\/\" \/>\n<meta property=\"og:locale\" content=\"es_ES\" \/>\n<meta property=\"og:type\" content=\"article\" \/>\n<meta property=\"og:title\" content=\"Contra los dominadores de este mundo tenebroso. Doctrina e historia de los movimientos y autores Ana &#8212; Zapateneo\" \/>\n<meta property=\"og:description\" content=\"Alfredo Velasco 9788412440263 - DDT - 2022 - 396 p\u00e1ginas \/orri.\" \/>\n<meta property=\"og:url\" content=\"https:\/\/zapateneo.net\/wordpress\/index.php\/producto\/contra-los-dominadores-de-este-mundo-tenebroso-doctrina-e-historia-de-los-movimientos-y-autores-ana\/\" \/>\n<meta property=\"og:site_name\" content=\"Zapateneo\" \/>\n<meta property=\"article:modified_time\" content=\"2023-01-08T08:01:10+00:00\" \/>\n<meta name=\"twitter:card\" content=\"summary_large_image\" \/>\n<meta name=\"twitter:site\" content=\"@zapateneo\" \/>\n<meta name=\"twitter:label1\" content=\"Tiempo de lectura\" \/>\n\t<meta name=\"twitter:data1\" content=\"1 minuto\" \/>\n<script type=\"application\/ld+json\" class=\"yoast-schema-graph\">{\"@context\":\"https:\\\/\\\/schema.org\",\"@graph\":[{\"@type\":\"WebPage\",\"@id\":\"https:\\\/\\\/zapateneo.net\\\/wordpress\\\/index.php\\\/producto\\\/contra-los-dominadores-de-este-mundo-tenebroso-doctrina-e-historia-de-los-movimientos-y-autores-ana\\\/\",\"url\":\"https:\\\/\\\/zapateneo.net\\\/wordpress\\\/index.php\\\/producto\\\/contra-los-dominadores-de-este-mundo-tenebroso-doctrina-e-historia-de-los-movimientos-y-autores-ana\\\/\",\"name\":\"Contra los dominadores de este mundo tenebroso. Doctrina e historia de los movimientos y autores Ana &#8212; Zapateneo\",\"isPartOf\":{\"@id\":\"https:\\\/\\\/zapateneo.net\\\/wordpress\\\/#website\"},\"primaryImageOfPage\":{\"@id\":\"https:\\\/\\\/zapateneo.net\\\/wordpress\\\/index.php\\\/producto\\\/contra-los-dominadores-de-este-mundo-tenebroso-doctrina-e-historia-de-los-movimientos-y-autores-ana\\\/#primaryimage\"},\"image\":{\"@id\":\"https:\\\/\\\/zapateneo.net\\\/wordpress\\\/index.php\\\/producto\\\/contra-los-dominadores-de-este-mundo-tenebroso-doctrina-e-historia-de-los-movimientos-y-autores-ana\\\/#primaryimage\"},\"thumbnailUrl\":\"https:\\\/\\\/zapateneo.net\\\/wordpress\\\/wp-content\\\/uploads\\\/2023\\\/01\\\/cover-contra-los-dominadores.jpg\",\"datePublished\":\"2023-01-08T08:01:07+00:00\",\"dateModified\":\"2023-01-08T08:01:10+00:00\",\"breadcrumb\":{\"@id\":\"https:\\\/\\\/zapateneo.net\\\/wordpress\\\/index.php\\\/producto\\\/contra-los-dominadores-de-este-mundo-tenebroso-doctrina-e-historia-de-los-movimientos-y-autores-ana\\\/#breadcrumb\"},\"inLanguage\":\"es\",\"potentialAction\":[{\"@type\":\"ReadAction\",\"target\":[\"https:\\\/\\\/zapateneo.net\\\/wordpress\\\/index.php\\\/producto\\\/contra-los-dominadores-de-este-mundo-tenebroso-doctrina-e-historia-de-los-movimientos-y-autores-ana\\\/\"]}]},{\"@type\":\"ImageObject\",\"inLanguage\":\"es\",\"@id\":\"https:\\\/\\\/zapateneo.net\\\/wordpress\\\/index.php\\\/producto\\\/contra-los-dominadores-de-este-mundo-tenebroso-doctrina-e-historia-de-los-movimientos-y-autores-ana\\\/#primaryimage\",\"url\":\"https:\\\/\\\/zapateneo.net\\\/wordpress\\\/wp-content\\\/uploads\\\/2023\\\/01\\\/cover-contra-los-dominadores.jpg\",\"contentUrl\":\"https:\\\/\\\/zapateneo.net\\\/wordpress\\\/wp-content\\\/uploads\\\/2023\\\/01\\\/cover-contra-los-dominadores.jpg\",\"width\":285,\"height\":400},{\"@type\":\"BreadcrumbList\",\"@id\":\"https:\\\/\\\/zapateneo.net\\\/wordpress\\\/index.php\\\/producto\\\/contra-los-dominadores-de-este-mundo-tenebroso-doctrina-e-historia-de-los-movimientos-y-autores-ana\\\/#breadcrumb\",\"itemListElement\":[{\"@type\":\"ListItem\",\"position\":1,\"name\":\"Portada\",\"item\":\"https:\\\/\\\/zapateneo.net\\\/wordpress\\\/\"},{\"@type\":\"ListItem\",\"position\":2,\"name\":\"Tienda\",\"item\":\"https:\\\/\\\/zapateneo.net\\\/wordpress\\\/\"},{\"@type\":\"ListItem\",\"position\":3,\"name\":\"Contra los dominadores de este mundo tenebroso. Doctrina e historia de los movimientos y autores Ana\"}]},{\"@type\":\"WebSite\",\"@id\":\"https:\\\/\\\/zapateneo.net\\\/wordpress\\\/#website\",\"url\":\"https:\\\/\\\/zapateneo.net\\\/wordpress\\\/\",\"name\":\"Zapateneo\",\"description\":\"Zapateneoaren webgunea\",\"publisher\":{\"@id\":\"https:\\\/\\\/zapateneo.net\\\/wordpress\\\/#organization\"},\"potentialAction\":[{\"@type\":\"SearchAction\",\"target\":{\"@type\":\"EntryPoint\",\"urlTemplate\":\"https:\\\/\\\/zapateneo.net\\\/wordpress\\\/?s={search_term_string}\"},\"query-input\":{\"@type\":\"PropertyValueSpecification\",\"valueRequired\":true,\"valueName\":\"search_term_string\"}}],\"inLanguage\":\"es\"},{\"@type\":\"Organization\",\"@id\":\"https:\\\/\\\/zapateneo.net\\\/wordpress\\\/#organization\",\"name\":\"Zapateneo Kultur Elkartea\",\"url\":\"https:\\\/\\\/zapateneo.net\\\/wordpress\\\/\",\"logo\":{\"@type\":\"ImageObject\",\"inLanguage\":\"es\",\"@id\":\"https:\\\/\\\/zapateneo.net\\\/wordpress\\\/#\\\/schema\\\/logo\\\/image\\\/\",\"url\":\"https:\\\/\\\/zapateneo.net\\\/wordpress\\\/wp-content\\\/uploads\\\/2021\\\/04\\\/zap-libu-kolec.jpg\",\"contentUrl\":\"https:\\\/\\\/zapateneo.net\\\/wordpress\\\/wp-content\\\/uploads\\\/2021\\\/04\\\/zap-libu-kolec.jpg\",\"width\":2234,\"height\":398,\"caption\":\"Zapateneo Kultur Elkartea\"},\"image\":{\"@id\":\"https:\\\/\\\/zapateneo.net\\\/wordpress\\\/#\\\/schema\\\/logo\\\/image\\\/\"},\"sameAs\":[\"https:\\\/\\\/x.com\\\/zapateneo\"]}]}<\/script>\n<!-- \/ Yoast SEO plugin. -->","yoast_head_json":{"title":"Contra los dominadores de este mundo tenebroso. Doctrina e historia de los movimientos y autores Ana &#8212; Zapateneo","robots":{"index":"index","follow":"follow","max-snippet":"max-snippet:-1","max-image-preview":"max-image-preview:large","max-video-preview":"max-video-preview:-1"},"canonical":"https:\/\/zapateneo.net\/wordpress\/index.php\/producto\/contra-los-dominadores-de-este-mundo-tenebroso-doctrina-e-historia-de-los-movimientos-y-autores-ana\/","og_locale":"es_ES","og_type":"article","og_title":"Contra los dominadores de este mundo tenebroso. Doctrina e historia de los movimientos y autores Ana &#8212; Zapateneo","og_description":"Alfredo Velasco 9788412440263 - DDT - 2022 - 396 p\u00e1ginas \/orri.","og_url":"https:\/\/zapateneo.net\/wordpress\/index.php\/producto\/contra-los-dominadores-de-este-mundo-tenebroso-doctrina-e-historia-de-los-movimientos-y-autores-ana\/","og_site_name":"Zapateneo","article_modified_time":"2023-01-08T08:01:10+00:00","twitter_card":"summary_large_image","twitter_site":"@zapateneo","twitter_misc":{"Tiempo de lectura":"1 minuto"},"schema":{"@context":"https:\/\/schema.org","@graph":[{"@type":"WebPage","@id":"https:\/\/zapateneo.net\/wordpress\/index.php\/producto\/contra-los-dominadores-de-este-mundo-tenebroso-doctrina-e-historia-de-los-movimientos-y-autores-ana\/","url":"https:\/\/zapateneo.net\/wordpress\/index.php\/producto\/contra-los-dominadores-de-este-mundo-tenebroso-doctrina-e-historia-de-los-movimientos-y-autores-ana\/","name":"Contra los dominadores de este mundo tenebroso. Doctrina e historia de los movimientos y autores Ana &#8212; Zapateneo","isPartOf":{"@id":"https:\/\/zapateneo.net\/wordpress\/#website"},"primaryImageOfPage":{"@id":"https:\/\/zapateneo.net\/wordpress\/index.php\/producto\/contra-los-dominadores-de-este-mundo-tenebroso-doctrina-e-historia-de-los-movimientos-y-autores-ana\/#primaryimage"},"image":{"@id":"https:\/\/zapateneo.net\/wordpress\/index.php\/producto\/contra-los-dominadores-de-este-mundo-tenebroso-doctrina-e-historia-de-los-movimientos-y-autores-ana\/#primaryimage"},"thumbnailUrl":"https:\/\/zapateneo.net\/wordpress\/wp-content\/uploads\/2023\/01\/cover-contra-los-dominadores.jpg","datePublished":"2023-01-08T08:01:07+00:00","dateModified":"2023-01-08T08:01:10+00:00","breadcrumb":{"@id":"https:\/\/zapateneo.net\/wordpress\/index.php\/producto\/contra-los-dominadores-de-este-mundo-tenebroso-doctrina-e-historia-de-los-movimientos-y-autores-ana\/#breadcrumb"},"inLanguage":"es","potentialAction":[{"@type":"ReadAction","target":["https:\/\/zapateneo.net\/wordpress\/index.php\/producto\/contra-los-dominadores-de-este-mundo-tenebroso-doctrina-e-historia-de-los-movimientos-y-autores-ana\/"]}]},{"@type":"ImageObject","inLanguage":"es","@id":"https:\/\/zapateneo.net\/wordpress\/index.php\/producto\/contra-los-dominadores-de-este-mundo-tenebroso-doctrina-e-historia-de-los-movimientos-y-autores-ana\/#primaryimage","url":"https:\/\/zapateneo.net\/wordpress\/wp-content\/uploads\/2023\/01\/cover-contra-los-dominadores.jpg","contentUrl":"https:\/\/zapateneo.net\/wordpress\/wp-content\/uploads\/2023\/01\/cover-contra-los-dominadores.jpg","width":285,"height":400},{"@type":"BreadcrumbList","@id":"https:\/\/zapateneo.net\/wordpress\/index.php\/producto\/contra-los-dominadores-de-este-mundo-tenebroso-doctrina-e-historia-de-los-movimientos-y-autores-ana\/#breadcrumb","itemListElement":[{"@type":"ListItem","position":1,"name":"Portada","item":"https:\/\/zapateneo.net\/wordpress\/"},{"@type":"ListItem","position":2,"name":"Tienda","item":"https:\/\/zapateneo.net\/wordpress\/"},{"@type":"ListItem","position":3,"name":"Contra los dominadores de este mundo tenebroso. Doctrina e historia de los movimientos y autores Ana"}]},{"@type":"WebSite","@id":"https:\/\/zapateneo.net\/wordpress\/#website","url":"https:\/\/zapateneo.net\/wordpress\/","name":"Zapateneo","description":"Zapateneoaren webgunea","publisher":{"@id":"https:\/\/zapateneo.net\/wordpress\/#organization"},"potentialAction":[{"@type":"SearchAction","target":{"@type":"EntryPoint","urlTemplate":"https:\/\/zapateneo.net\/wordpress\/?s={search_term_string}"},"query-input":{"@type":"PropertyValueSpecification","valueRequired":true,"valueName":"search_term_string"}}],"inLanguage":"es"},{"@type":"Organization","@id":"https:\/\/zapateneo.net\/wordpress\/#organization","name":"Zapateneo Kultur Elkartea","url":"https:\/\/zapateneo.net\/wordpress\/","logo":{"@type":"ImageObject","inLanguage":"es","@id":"https:\/\/zapateneo.net\/wordpress\/#\/schema\/logo\/image\/","url":"https:\/\/zapateneo.net\/wordpress\/wp-content\/uploads\/2021\/04\/zap-libu-kolec.jpg","contentUrl":"https:\/\/zapateneo.net\/wordpress\/wp-content\/uploads\/2021\/04\/zap-libu-kolec.jpg","width":2234,"height":398,"caption":"Zapateneo Kultur Elkartea"},"image":{"@id":"https:\/\/zapateneo.net\/wordpress\/#\/schema\/logo\/image\/"},"sameAs":["https:\/\/x.com\/zapateneo"]}]}},"_links":{"self":[{"href":"https:\/\/zapateneo.net\/wordpress\/index.php\/wp-json\/wp\/v2\/product\/12361","targetHints":{"allow":["GET"]}}],"collection":[{"href":"https:\/\/zapateneo.net\/wordpress\/index.php\/wp-json\/wp\/v2\/product"}],"about":[{"href":"https:\/\/zapateneo.net\/wordpress\/index.php\/wp-json\/wp\/v2\/types\/product"}],"wp:featuredmedia":[{"embeddable":true,"href":"https:\/\/zapateneo.net\/wordpress\/index.php\/wp-json\/wp\/v2\/media\/12368"}],"wp:attachment":[{"href":"https:\/\/zapateneo.net\/wordpress\/index.php\/wp-json\/wp\/v2\/media?parent=12361"}],"wp:term":[{"taxonomy":"product_brand","embeddable":true,"href":"https:\/\/zapateneo.net\/wordpress\/index.php\/wp-json\/wp\/v2\/product_brand?post=12361"},{"taxonomy":"product_cat","embeddable":true,"href":"https:\/\/zapateneo.net\/wordpress\/index.php\/wp-json\/wp\/v2\/product_cat?post=12361"},{"taxonomy":"product_tag","embeddable":true,"href":"https:\/\/zapateneo.net\/wordpress\/index.php\/wp-json\/wp\/v2\/product_tag?post=12361"}],"curies":[{"name":"wp","href":"https:\/\/api.w.org\/{rel}","templated":true}]}}