{"id":12339,"date":"2023-01-06T09:26:57","date_gmt":"2023-01-06T08:26:57","guid":{"rendered":"https:\/\/zapateneo.net\/wordpress\/?post_type=product&#038;p=12339"},"modified":"2023-01-06T09:27:07","modified_gmt":"2023-01-06T08:27:07","slug":"ir-mas-alla-de-la-piel","status":"publish","type":"product","link":"https:\/\/zapateneo.net\/wordpress\/index.php\/producto\/ir-mas-alla-de-la-piel\/","title":{"rendered":"Ir m\u00e1s all\u00e1 de la piel"},"content":{"rendered":"<p>\u00bfQu\u00e9 papel juega el \u00abcuerpo\u00bb hoy en d\u00eda en tanto categor\u00eda de acci\u00f3n pol\u00edtica? \u00bfCu\u00e1les son los procesos por los cuales se constituye? \u00bfC\u00f3mo desmantelamos los dispositivos de \u00abcercamiento\u00bb de nuestros cuerpos y reclamamos colectivamente nuestra autonom\u00eda?<\/p>\n<p>Quiz\u00e1s m\u00e1s que nunca, \u00abel cuerpo\u00bb ocupa hoy el centro de la pol\u00edtica, tanto radical como institucional. De un lado, los movimientos feministas, antirracistas, trans, ecologistas, etc., toman el cuerpo como un terreno de confrontaci\u00f3n, as\u00ed como un veh\u00edculo para pr\u00e1cticas sociales transformadoras. De otro, el cuerpo se ha convertido en un significante de la crisis de la reproducci\u00f3n empujada por el giro neoliberal del desarrollo capitalista, as\u00ed como por el resurgimiento de la represi\u00f3n y la violencia.<\/p>\n<p>En Ir m\u00e1s all\u00e1 de la piel, la activista y te\u00f3rica Silvia Federici examina estos procesos complejos, en el contexto hist\u00f3rico de la transformaci\u00f3n capitalista del cuerpo en una m\u00e1quina de trabajo, ampliando as\u00ed uno de los temas principales de su primer libro, Calib\u00e1n y la bruja. En una doble direcci\u00f3n, examina los nuevos paradigmas que hoy rigen la concepci\u00f3n del cuerpo en la imaginaci\u00f3n colectiva radical, pero tambi\u00e9n en los nuevos reg\u00edmenes disciplinarios que el Estado y el capital est\u00e1n implementando en respuesta a la creciente revuelta contra los ataques diarios a nuestra reproducci\u00f3n cotidiana. El resultado es un libro iluminador y extremadamente contempor\u00e1neo.<\/p>\n<p>SILVIA FEDERICI (1953). se ha convertido en una de las te\u00f3ricas m\u00e1s reconocidas del feminismo anticapitalista. Con una larga trayectoria de activismo y reflexi\u00f3n, la vida de Federici recorre los agitados a\u00f1os setenta en Italia, las campa\u00f1as por el salario dom\u00e9stico en Nueva York, la lucha contra los planes de ajuste estructural en \u00c1frica, la cr\u00edtica al proceso de globalizaci\u00f3n neoliberal y sus efectos en todo el planeta, el movimiento por la recuperaci\u00f3n de los comunes y, m\u00e1s recientemente, el ciclo de luchas que se abri\u00f3 en 2011 y que ha continuado en la \u00faltima ola feminista. Traficantes de Sue\u00f1os ha publicado ya buena parte de su obra en castellano: Calib\u00e1n y la bruja (2009), Revoluci\u00f3n en punto cero (2013), El patriarcado del salario (2018), el archivo de la campa\u00f1a internacional Salario para el trabajo dom\u00e9stico (2019), Reencantar el mundo (2020) y Brujas, caza de brujas y mujeres (2021).<\/p>\n","protected":false},"excerpt":{"rendered":"<p><strong>Silvia Federici<\/strong><br \/>\n9788412575323 &#8211; Traficantes de Sue\u00f1os &#8211; 2022 &#8211; 200 p\u00e1ginas \/orri.<\/p>\n","protected":false},"featured_media":12352,"template":"","meta":[],"product_brand":[],"product_cat":[174,16],"product_tag":[5422,72],"class_list":{"0":"post-12339","1":"product","2":"type-product","3":"status-publish","4":"has-post-thumbnail","6":"product_cat-generoak-generos","7":"product_cat-libros","8":"product_tag-silvia-federici","9":"product_tag-traficantes-de-suenos","11":"first","12":"instock","13":"sold-individually","14":"shipping-taxable","15":"purchasable","16":"product-type-simple"},"yoast_head":"<!-- This site is optimized with the Yoast SEO plugin v27.3 - https:\/\/yoast.com\/product\/yoast-seo-wordpress\/ -->\n<title>Ir m\u00e1s all\u00e1 de la piel &#8212; Zapateneo<\/title>\n<meta name=\"robots\" content=\"index, follow, max-snippet:-1, max-image-preview:large, max-video-preview:-1\" \/>\n<link rel=\"canonical\" href=\"https:\/\/zapateneo.net\/wordpress\/index.php\/producto\/ir-mas-alla-de-la-piel\/\" \/>\n<meta property=\"og:locale\" content=\"es_ES\" \/>\n<meta property=\"og:type\" content=\"article\" \/>\n<meta property=\"og:title\" content=\"Ir m\u00e1s all\u00e1 de la piel &#8212; Zapateneo\" \/>\n<meta property=\"og:description\" content=\"Silvia Federici 9788412575323 - Traficantes de Sue\u00f1os - 2022 - 200 p\u00e1ginas \/orri.\" \/>\n<meta property=\"og:url\" content=\"https:\/\/zapateneo.net\/wordpress\/index.php\/producto\/ir-mas-alla-de-la-piel\/\" \/>\n<meta property=\"og:site_name\" content=\"Zapateneo\" \/>\n<meta property=\"article:modified_time\" content=\"2023-01-06T08:27:07+00:00\" \/>\n<meta name=\"twitter:card\" content=\"summary_large_image\" \/>\n<meta name=\"twitter:site\" content=\"@zapateneo\" \/>\n<meta name=\"twitter:label1\" content=\"Tiempo de lectura\" \/>\n\t<meta name=\"twitter:data1\" content=\"2 minutos\" \/>\n<script type=\"application\/ld+json\" class=\"yoast-schema-graph\">{\"@context\":\"https:\\\/\\\/schema.org\",\"@graph\":[{\"@type\":\"WebPage\",\"@id\":\"https:\\\/\\\/zapateneo.net\\\/wordpress\\\/index.php\\\/producto\\\/ir-mas-alla-de-la-piel\\\/\",\"url\":\"https:\\\/\\\/zapateneo.net\\\/wordpress\\\/index.php\\\/producto\\\/ir-mas-alla-de-la-piel\\\/\",\"name\":\"Ir m\u00e1s all\u00e1 de la piel &#8212; Zapateneo\",\"isPartOf\":{\"@id\":\"https:\\\/\\\/zapateneo.net\\\/wordpress\\\/#website\"},\"primaryImageOfPage\":{\"@id\":\"https:\\\/\\\/zapateneo.net\\\/wordpress\\\/index.php\\\/producto\\\/ir-mas-alla-de-la-piel\\\/#primaryimage\"},\"image\":{\"@id\":\"https:\\\/\\\/zapateneo.net\\\/wordpress\\\/index.php\\\/producto\\\/ir-mas-alla-de-la-piel\\\/#primaryimage\"},\"thumbnailUrl\":\"https:\\\/\\\/zapateneo.net\\\/wordpress\\\/wp-content\\\/uploads\\\/2023\\\/01\\\/9788412575323.gif\",\"datePublished\":\"2023-01-06T08:26:57+00:00\",\"dateModified\":\"2023-01-06T08:27:07+00:00\",\"breadcrumb\":{\"@id\":\"https:\\\/\\\/zapateneo.net\\\/wordpress\\\/index.php\\\/producto\\\/ir-mas-alla-de-la-piel\\\/#breadcrumb\"},\"inLanguage\":\"es\",\"potentialAction\":[{\"@type\":\"ReadAction\",\"target\":[\"https:\\\/\\\/zapateneo.net\\\/wordpress\\\/index.php\\\/producto\\\/ir-mas-alla-de-la-piel\\\/\"]}]},{\"@type\":\"ImageObject\",\"inLanguage\":\"es\",\"@id\":\"https:\\\/\\\/zapateneo.net\\\/wordpress\\\/index.php\\\/producto\\\/ir-mas-alla-de-la-piel\\\/#primaryimage\",\"url\":\"https:\\\/\\\/zapateneo.net\\\/wordpress\\\/wp-content\\\/uploads\\\/2023\\\/01\\\/9788412575323.gif\",\"contentUrl\":\"https:\\\/\\\/zapateneo.net\\\/wordpress\\\/wp-content\\\/uploads\\\/2023\\\/01\\\/9788412575323.gif\",\"width\":228,\"height\":400},{\"@type\":\"BreadcrumbList\",\"@id\":\"https:\\\/\\\/zapateneo.net\\\/wordpress\\\/index.php\\\/producto\\\/ir-mas-alla-de-la-piel\\\/#breadcrumb\",\"itemListElement\":[{\"@type\":\"ListItem\",\"position\":1,\"name\":\"Portada\",\"item\":\"https:\\\/\\\/zapateneo.net\\\/wordpress\\\/\"},{\"@type\":\"ListItem\",\"position\":2,\"name\":\"Tienda\",\"item\":\"https:\\\/\\\/zapateneo.net\\\/wordpress\\\/\"},{\"@type\":\"ListItem\",\"position\":3,\"name\":\"Ir m\u00e1s all\u00e1 de la piel\"}]},{\"@type\":\"WebSite\",\"@id\":\"https:\\\/\\\/zapateneo.net\\\/wordpress\\\/#website\",\"url\":\"https:\\\/\\\/zapateneo.net\\\/wordpress\\\/\",\"name\":\"Zapateneo\",\"description\":\"Zapateneoaren webgunea\",\"publisher\":{\"@id\":\"https:\\\/\\\/zapateneo.net\\\/wordpress\\\/#organization\"},\"potentialAction\":[{\"@type\":\"SearchAction\",\"target\":{\"@type\":\"EntryPoint\",\"urlTemplate\":\"https:\\\/\\\/zapateneo.net\\\/wordpress\\\/?s={search_term_string}\"},\"query-input\":{\"@type\":\"PropertyValueSpecification\",\"valueRequired\":true,\"valueName\":\"search_term_string\"}}],\"inLanguage\":\"es\"},{\"@type\":\"Organization\",\"@id\":\"https:\\\/\\\/zapateneo.net\\\/wordpress\\\/#organization\",\"name\":\"Zapateneo Kultur Elkartea\",\"url\":\"https:\\\/\\\/zapateneo.net\\\/wordpress\\\/\",\"logo\":{\"@type\":\"ImageObject\",\"inLanguage\":\"es\",\"@id\":\"https:\\\/\\\/zapateneo.net\\\/wordpress\\\/#\\\/schema\\\/logo\\\/image\\\/\",\"url\":\"https:\\\/\\\/zapateneo.net\\\/wordpress\\\/wp-content\\\/uploads\\\/2021\\\/04\\\/zap-libu-kolec.jpg\",\"contentUrl\":\"https:\\\/\\\/zapateneo.net\\\/wordpress\\\/wp-content\\\/uploads\\\/2021\\\/04\\\/zap-libu-kolec.jpg\",\"width\":2234,\"height\":398,\"caption\":\"Zapateneo Kultur Elkartea\"},\"image\":{\"@id\":\"https:\\\/\\\/zapateneo.net\\\/wordpress\\\/#\\\/schema\\\/logo\\\/image\\\/\"},\"sameAs\":[\"https:\\\/\\\/x.com\\\/zapateneo\"]}]}<\/script>\n<!-- \/ Yoast SEO plugin. -->","yoast_head_json":{"title":"Ir m\u00e1s all\u00e1 de la piel &#8212; Zapateneo","robots":{"index":"index","follow":"follow","max-snippet":"max-snippet:-1","max-image-preview":"max-image-preview:large","max-video-preview":"max-video-preview:-1"},"canonical":"https:\/\/zapateneo.net\/wordpress\/index.php\/producto\/ir-mas-alla-de-la-piel\/","og_locale":"es_ES","og_type":"article","og_title":"Ir m\u00e1s all\u00e1 de la piel &#8212; Zapateneo","og_description":"Silvia Federici 9788412575323 - Traficantes de Sue\u00f1os - 2022 - 200 p\u00e1ginas \/orri.","og_url":"https:\/\/zapateneo.net\/wordpress\/index.php\/producto\/ir-mas-alla-de-la-piel\/","og_site_name":"Zapateneo","article_modified_time":"2023-01-06T08:27:07+00:00","twitter_card":"summary_large_image","twitter_site":"@zapateneo","twitter_misc":{"Tiempo de lectura":"2 minutos"},"schema":{"@context":"https:\/\/schema.org","@graph":[{"@type":"WebPage","@id":"https:\/\/zapateneo.net\/wordpress\/index.php\/producto\/ir-mas-alla-de-la-piel\/","url":"https:\/\/zapateneo.net\/wordpress\/index.php\/producto\/ir-mas-alla-de-la-piel\/","name":"Ir m\u00e1s all\u00e1 de la piel &#8212; Zapateneo","isPartOf":{"@id":"https:\/\/zapateneo.net\/wordpress\/#website"},"primaryImageOfPage":{"@id":"https:\/\/zapateneo.net\/wordpress\/index.php\/producto\/ir-mas-alla-de-la-piel\/#primaryimage"},"image":{"@id":"https:\/\/zapateneo.net\/wordpress\/index.php\/producto\/ir-mas-alla-de-la-piel\/#primaryimage"},"thumbnailUrl":"https:\/\/zapateneo.net\/wordpress\/wp-content\/uploads\/2023\/01\/9788412575323.gif","datePublished":"2023-01-06T08:26:57+00:00","dateModified":"2023-01-06T08:27:07+00:00","breadcrumb":{"@id":"https:\/\/zapateneo.net\/wordpress\/index.php\/producto\/ir-mas-alla-de-la-piel\/#breadcrumb"},"inLanguage":"es","potentialAction":[{"@type":"ReadAction","target":["https:\/\/zapateneo.net\/wordpress\/index.php\/producto\/ir-mas-alla-de-la-piel\/"]}]},{"@type":"ImageObject","inLanguage":"es","@id":"https:\/\/zapateneo.net\/wordpress\/index.php\/producto\/ir-mas-alla-de-la-piel\/#primaryimage","url":"https:\/\/zapateneo.net\/wordpress\/wp-content\/uploads\/2023\/01\/9788412575323.gif","contentUrl":"https:\/\/zapateneo.net\/wordpress\/wp-content\/uploads\/2023\/01\/9788412575323.gif","width":228,"height":400},{"@type":"BreadcrumbList","@id":"https:\/\/zapateneo.net\/wordpress\/index.php\/producto\/ir-mas-alla-de-la-piel\/#breadcrumb","itemListElement":[{"@type":"ListItem","position":1,"name":"Portada","item":"https:\/\/zapateneo.net\/wordpress\/"},{"@type":"ListItem","position":2,"name":"Tienda","item":"https:\/\/zapateneo.net\/wordpress\/"},{"@type":"ListItem","position":3,"name":"Ir m\u00e1s all\u00e1 de la piel"}]},{"@type":"WebSite","@id":"https:\/\/zapateneo.net\/wordpress\/#website","url":"https:\/\/zapateneo.net\/wordpress\/","name":"Zapateneo","description":"Zapateneoaren webgunea","publisher":{"@id":"https:\/\/zapateneo.net\/wordpress\/#organization"},"potentialAction":[{"@type":"SearchAction","target":{"@type":"EntryPoint","urlTemplate":"https:\/\/zapateneo.net\/wordpress\/?s={search_term_string}"},"query-input":{"@type":"PropertyValueSpecification","valueRequired":true,"valueName":"search_term_string"}}],"inLanguage":"es"},{"@type":"Organization","@id":"https:\/\/zapateneo.net\/wordpress\/#organization","name":"Zapateneo Kultur Elkartea","url":"https:\/\/zapateneo.net\/wordpress\/","logo":{"@type":"ImageObject","inLanguage":"es","@id":"https:\/\/zapateneo.net\/wordpress\/#\/schema\/logo\/image\/","url":"https:\/\/zapateneo.net\/wordpress\/wp-content\/uploads\/2021\/04\/zap-libu-kolec.jpg","contentUrl":"https:\/\/zapateneo.net\/wordpress\/wp-content\/uploads\/2021\/04\/zap-libu-kolec.jpg","width":2234,"height":398,"caption":"Zapateneo Kultur Elkartea"},"image":{"@id":"https:\/\/zapateneo.net\/wordpress\/#\/schema\/logo\/image\/"},"sameAs":["https:\/\/x.com\/zapateneo"]}]}},"_links":{"self":[{"href":"https:\/\/zapateneo.net\/wordpress\/index.php\/wp-json\/wp\/v2\/product\/12339","targetHints":{"allow":["GET"]}}],"collection":[{"href":"https:\/\/zapateneo.net\/wordpress\/index.php\/wp-json\/wp\/v2\/product"}],"about":[{"href":"https:\/\/zapateneo.net\/wordpress\/index.php\/wp-json\/wp\/v2\/types\/product"}],"wp:featuredmedia":[{"embeddable":true,"href":"https:\/\/zapateneo.net\/wordpress\/index.php\/wp-json\/wp\/v2\/media\/12352"}],"wp:attachment":[{"href":"https:\/\/zapateneo.net\/wordpress\/index.php\/wp-json\/wp\/v2\/media?parent=12339"}],"wp:term":[{"taxonomy":"product_brand","embeddable":true,"href":"https:\/\/zapateneo.net\/wordpress\/index.php\/wp-json\/wp\/v2\/product_brand?post=12339"},{"taxonomy":"product_cat","embeddable":true,"href":"https:\/\/zapateneo.net\/wordpress\/index.php\/wp-json\/wp\/v2\/product_cat?post=12339"},{"taxonomy":"product_tag","embeddable":true,"href":"https:\/\/zapateneo.net\/wordpress\/index.php\/wp-json\/wp\/v2\/product_tag?post=12339"}],"curies":[{"name":"wp","href":"https:\/\/api.w.org\/{rel}","templated":true}]}}