{"id":12338,"date":"2023-01-06T09:26:57","date_gmt":"2023-01-06T08:26:57","guid":{"rendered":"https:\/\/zapateneo.net\/wordpress\/?post_type=product&#038;p=12338"},"modified":"2023-01-06T09:27:06","modified_gmt":"2023-01-06T08:27:06","slug":"brujas-salvajes-y-rebeldes-mujeres-perseguidas-en-entornos-de-moralizacion-extractivismo-y-criminal","status":"publish","type":"product","link":"https:\/\/zapateneo.net\/wordpress\/index.php\/producto\/brujas-salvajes-y-rebeldes-mujeres-perseguidas-en-entornos-de-moralizacion-extractivismo-y-criminal\/","title":{"rendered":"BRUJAS, SALVAJES Y REBELDES MUJERES PERSEGUIDAS EN ENTORNOS DE MORALIZACI\u00d3N EXTRACTIVISMO Y CRIMINAL"},"content":{"rendered":"<p>Pr\u00f3logo de Silvia Federici<br \/>\nBrujas, salvajes y rebeldes es un poderoso ejemplo de una escritura de la historia que se niega a las mujeres-perseguidas, vilipendiadas y silenciadas-como victimas. Lo que conecta los m\u00faltiples textos recogidos es la lucha incansable que han echo llas mujeres para liberarse y defender, adem\u00e1s de las tierras y territorios de sus comunidades, un mundo de conocimientos y culturas irreductibles a la l\u00f3gica del mercado y que, gracias a estos esfuerzos, han sobrevivido hasta el presente.<\/p>\n<p>A trav\u00e9s de distintos formatos (ensayos, relatos, entrevistas, leyendas) y conectando el pasado y el presente, Brujas, salvajes y rebeldes explora desde Ecuador las formas que adquiri\u00f3 y sigue adquiriendo la persecuci\u00f3n de las mujeres y l*s desviad*s del sexo-g\u00e9nero. Acusadas de brujas, diab\u00f3licas, degeneradas, can\u00edbales y aborteras, las mujeres que pueblan estas p\u00e1ginas han ejercido su libertad y se han mostrado rebeldes respecto a los proyectos de dominaci\u00f3n patriarcal, racista y capitalista. Tras el terror y la fascinaci\u00f3n que despiertan las \u00abbrujas\u00bb, estamos nosotras, las que luchamos, las insumisas, la estirpe de quienes no se conforman con las normas de la \u00e9poca en Europa y en las Am\u00e9ricas.<\/p>\n<p>Brujas, salvajes y rebeldes quiere ser una contribuci\u00f3n a la \u00abCampa\u00f1a por la memoria de las mujeres acusadas de brujer\u00eda\u00bb [www.memoriadelasbrujas.net] partiendo de la encrucijada entre el feminismo y el ecologismo en la que unimos fuerzas las compa\u00f1eras aqu\u00ed reunidas.<\/p>\n","protected":false},"excerpt":{"rendered":"<p><strong>VV.AA<\/strong><br \/>\n99789200741197 &#8211; Acci\u00f3n Ecol\u00f3gica (Ecuador) &#8211; 2021 &#8211; 212 p\u00e1ginas \/orri.<\/p>\n","protected":false},"featured_media":12351,"template":"","meta":[],"product_brand":[],"product_cat":[180,16],"product_tag":[5809],"class_list":{"0":"post-12338","1":"product","2":"type-product","3":"status-publish","4":"has-post-thumbnail","6":"product_cat-ekologia-ecologia","7":"product_cat-libros","8":"product_tag-accion-ecologica-ecuador","10":"first","11":"instock","12":"sold-individually","13":"shipping-taxable","14":"purchasable","15":"product-type-simple"},"yoast_head":"<!-- This site is optimized with the Yoast SEO plugin v27.4 - https:\/\/yoast.com\/product\/yoast-seo-wordpress\/ -->\n<title>BRUJAS, SALVAJES Y REBELDES MUJERES PERSEGUIDAS EN ENTORNOS DE MORALIZACI\u00d3N EXTRACTIVISMO Y CRIMINAL &#8212; Zapateneo<\/title>\n<meta name=\"robots\" content=\"index, follow, max-snippet:-1, max-image-preview:large, max-video-preview:-1\" \/>\n<link rel=\"canonical\" href=\"https:\/\/zapateneo.net\/wordpress\/index.php\/producto\/brujas-salvajes-y-rebeldes-mujeres-perseguidas-en-entornos-de-moralizacion-extractivismo-y-criminal\/\" \/>\n<meta property=\"og:locale\" content=\"es_ES\" \/>\n<meta property=\"og:type\" content=\"article\" \/>\n<meta property=\"og:title\" content=\"BRUJAS, SALVAJES Y REBELDES MUJERES PERSEGUIDAS EN ENTORNOS DE MORALIZACI\u00d3N EXTRACTIVISMO Y CRIMINAL &#8212; Zapateneo\" \/>\n<meta property=\"og:description\" content=\"VV.AA 99789200741197 - Acci\u00f3n Ecol\u00f3gica (Ecuador) - 2021 - 212 p\u00e1ginas \/orri.\" \/>\n<meta property=\"og:url\" content=\"https:\/\/zapateneo.net\/wordpress\/index.php\/producto\/brujas-salvajes-y-rebeldes-mujeres-perseguidas-en-entornos-de-moralizacion-extractivismo-y-criminal\/\" \/>\n<meta property=\"og:site_name\" content=\"Zapateneo\" \/>\n<meta property=\"article:modified_time\" content=\"2023-01-06T08:27:06+00:00\" \/>\n<meta name=\"twitter:card\" content=\"summary_large_image\" \/>\n<meta name=\"twitter:site\" content=\"@zapateneo\" \/>\n<meta name=\"twitter:label1\" content=\"Tiempo de lectura\" \/>\n\t<meta name=\"twitter:data1\" content=\"1 minuto\" \/>\n<script type=\"application\/ld+json\" class=\"yoast-schema-graph\">{\"@context\":\"https:\\\/\\\/schema.org\",\"@graph\":[{\"@type\":\"WebPage\",\"@id\":\"https:\\\/\\\/zapateneo.net\\\/wordpress\\\/index.php\\\/producto\\\/brujas-salvajes-y-rebeldes-mujeres-perseguidas-en-entornos-de-moralizacion-extractivismo-y-criminal\\\/\",\"url\":\"https:\\\/\\\/zapateneo.net\\\/wordpress\\\/index.php\\\/producto\\\/brujas-salvajes-y-rebeldes-mujeres-perseguidas-en-entornos-de-moralizacion-extractivismo-y-criminal\\\/\",\"name\":\"BRUJAS, SALVAJES Y REBELDES MUJERES PERSEGUIDAS EN ENTORNOS DE MORALIZACI\u00d3N EXTRACTIVISMO Y CRIMINAL &#8212; Zapateneo\",\"isPartOf\":{\"@id\":\"https:\\\/\\\/zapateneo.net\\\/wordpress\\\/#website\"},\"primaryImageOfPage\":{\"@id\":\"https:\\\/\\\/zapateneo.net\\\/wordpress\\\/index.php\\\/producto\\\/brujas-salvajes-y-rebeldes-mujeres-perseguidas-en-entornos-de-moralizacion-extractivismo-y-criminal\\\/#primaryimage\"},\"image\":{\"@id\":\"https:\\\/\\\/zapateneo.net\\\/wordpress\\\/index.php\\\/producto\\\/brujas-salvajes-y-rebeldes-mujeres-perseguidas-en-entornos-de-moralizacion-extractivismo-y-criminal\\\/#primaryimage\"},\"thumbnailUrl\":\"https:\\\/\\\/zapateneo.net\\\/wordpress\\\/wp-content\\\/uploads\\\/2023\\\/01\\\/portada_brujasecuador.jpg\",\"datePublished\":\"2023-01-06T08:26:57+00:00\",\"dateModified\":\"2023-01-06T08:27:06+00:00\",\"breadcrumb\":{\"@id\":\"https:\\\/\\\/zapateneo.net\\\/wordpress\\\/index.php\\\/producto\\\/brujas-salvajes-y-rebeldes-mujeres-perseguidas-en-entornos-de-moralizacion-extractivismo-y-criminal\\\/#breadcrumb\"},\"inLanguage\":\"es\",\"potentialAction\":[{\"@type\":\"ReadAction\",\"target\":[\"https:\\\/\\\/zapateneo.net\\\/wordpress\\\/index.php\\\/producto\\\/brujas-salvajes-y-rebeldes-mujeres-perseguidas-en-entornos-de-moralizacion-extractivismo-y-criminal\\\/\"]}]},{\"@type\":\"ImageObject\",\"inLanguage\":\"es\",\"@id\":\"https:\\\/\\\/zapateneo.net\\\/wordpress\\\/index.php\\\/producto\\\/brujas-salvajes-y-rebeldes-mujeres-perseguidas-en-entornos-de-moralizacion-extractivismo-y-criminal\\\/#primaryimage\",\"url\":\"https:\\\/\\\/zapateneo.net\\\/wordpress\\\/wp-content\\\/uploads\\\/2023\\\/01\\\/portada_brujasecuador.jpg\",\"contentUrl\":\"https:\\\/\\\/zapateneo.net\\\/wordpress\\\/wp-content\\\/uploads\\\/2023\\\/01\\\/portada_brujasecuador.jpg\",\"width\":260,\"height\":400},{\"@type\":\"BreadcrumbList\",\"@id\":\"https:\\\/\\\/zapateneo.net\\\/wordpress\\\/index.php\\\/producto\\\/brujas-salvajes-y-rebeldes-mujeres-perseguidas-en-entornos-de-moralizacion-extractivismo-y-criminal\\\/#breadcrumb\",\"itemListElement\":[{\"@type\":\"ListItem\",\"position\":1,\"name\":\"Portada\",\"item\":\"https:\\\/\\\/zapateneo.net\\\/wordpress\\\/\"},{\"@type\":\"ListItem\",\"position\":2,\"name\":\"Tienda\",\"item\":\"https:\\\/\\\/zapateneo.net\\\/wordpress\\\/\"},{\"@type\":\"ListItem\",\"position\":3,\"name\":\"BRUJAS, SALVAJES Y REBELDES MUJERES PERSEGUIDAS EN ENTORNOS DE MORALIZACI\u00d3N EXTRACTIVISMO Y CRIMINAL\"}]},{\"@type\":\"WebSite\",\"@id\":\"https:\\\/\\\/zapateneo.net\\\/wordpress\\\/#website\",\"url\":\"https:\\\/\\\/zapateneo.net\\\/wordpress\\\/\",\"name\":\"Zapateneo\",\"description\":\"Zapateneoaren webgunea\",\"publisher\":{\"@id\":\"https:\\\/\\\/zapateneo.net\\\/wordpress\\\/#organization\"},\"potentialAction\":[{\"@type\":\"SearchAction\",\"target\":{\"@type\":\"EntryPoint\",\"urlTemplate\":\"https:\\\/\\\/zapateneo.net\\\/wordpress\\\/?s={search_term_string}\"},\"query-input\":{\"@type\":\"PropertyValueSpecification\",\"valueRequired\":true,\"valueName\":\"search_term_string\"}}],\"inLanguage\":\"es\"},{\"@type\":\"Organization\",\"@id\":\"https:\\\/\\\/zapateneo.net\\\/wordpress\\\/#organization\",\"name\":\"Zapateneo Kultur Elkartea\",\"url\":\"https:\\\/\\\/zapateneo.net\\\/wordpress\\\/\",\"logo\":{\"@type\":\"ImageObject\",\"inLanguage\":\"es\",\"@id\":\"https:\\\/\\\/zapateneo.net\\\/wordpress\\\/#\\\/schema\\\/logo\\\/image\\\/\",\"url\":\"https:\\\/\\\/zapateneo.net\\\/wordpress\\\/wp-content\\\/uploads\\\/2021\\\/04\\\/zap-libu-kolec.jpg\",\"contentUrl\":\"https:\\\/\\\/zapateneo.net\\\/wordpress\\\/wp-content\\\/uploads\\\/2021\\\/04\\\/zap-libu-kolec.jpg\",\"width\":2234,\"height\":398,\"caption\":\"Zapateneo Kultur Elkartea\"},\"image\":{\"@id\":\"https:\\\/\\\/zapateneo.net\\\/wordpress\\\/#\\\/schema\\\/logo\\\/image\\\/\"},\"sameAs\":[\"https:\\\/\\\/x.com\\\/zapateneo\"]}]}<\/script>\n<!-- \/ Yoast SEO plugin. -->","yoast_head_json":{"title":"BRUJAS, SALVAJES Y REBELDES MUJERES PERSEGUIDAS EN ENTORNOS DE MORALIZACI\u00d3N EXTRACTIVISMO Y CRIMINAL &#8212; Zapateneo","robots":{"index":"index","follow":"follow","max-snippet":"max-snippet:-1","max-image-preview":"max-image-preview:large","max-video-preview":"max-video-preview:-1"},"canonical":"https:\/\/zapateneo.net\/wordpress\/index.php\/producto\/brujas-salvajes-y-rebeldes-mujeres-perseguidas-en-entornos-de-moralizacion-extractivismo-y-criminal\/","og_locale":"es_ES","og_type":"article","og_title":"BRUJAS, SALVAJES Y REBELDES MUJERES PERSEGUIDAS EN ENTORNOS DE MORALIZACI\u00d3N EXTRACTIVISMO Y CRIMINAL &#8212; Zapateneo","og_description":"VV.AA 99789200741197 - Acci\u00f3n Ecol\u00f3gica (Ecuador) - 2021 - 212 p\u00e1ginas \/orri.","og_url":"https:\/\/zapateneo.net\/wordpress\/index.php\/producto\/brujas-salvajes-y-rebeldes-mujeres-perseguidas-en-entornos-de-moralizacion-extractivismo-y-criminal\/","og_site_name":"Zapateneo","article_modified_time":"2023-01-06T08:27:06+00:00","twitter_card":"summary_large_image","twitter_site":"@zapateneo","twitter_misc":{"Tiempo de lectura":"1 minuto"},"schema":{"@context":"https:\/\/schema.org","@graph":[{"@type":"WebPage","@id":"https:\/\/zapateneo.net\/wordpress\/index.php\/producto\/brujas-salvajes-y-rebeldes-mujeres-perseguidas-en-entornos-de-moralizacion-extractivismo-y-criminal\/","url":"https:\/\/zapateneo.net\/wordpress\/index.php\/producto\/brujas-salvajes-y-rebeldes-mujeres-perseguidas-en-entornos-de-moralizacion-extractivismo-y-criminal\/","name":"BRUJAS, SALVAJES Y REBELDES MUJERES PERSEGUIDAS EN ENTORNOS DE MORALIZACI\u00d3N EXTRACTIVISMO Y CRIMINAL &#8212; Zapateneo","isPartOf":{"@id":"https:\/\/zapateneo.net\/wordpress\/#website"},"primaryImageOfPage":{"@id":"https:\/\/zapateneo.net\/wordpress\/index.php\/producto\/brujas-salvajes-y-rebeldes-mujeres-perseguidas-en-entornos-de-moralizacion-extractivismo-y-criminal\/#primaryimage"},"image":{"@id":"https:\/\/zapateneo.net\/wordpress\/index.php\/producto\/brujas-salvajes-y-rebeldes-mujeres-perseguidas-en-entornos-de-moralizacion-extractivismo-y-criminal\/#primaryimage"},"thumbnailUrl":"https:\/\/zapateneo.net\/wordpress\/wp-content\/uploads\/2023\/01\/portada_brujasecuador.jpg","datePublished":"2023-01-06T08:26:57+00:00","dateModified":"2023-01-06T08:27:06+00:00","breadcrumb":{"@id":"https:\/\/zapateneo.net\/wordpress\/index.php\/producto\/brujas-salvajes-y-rebeldes-mujeres-perseguidas-en-entornos-de-moralizacion-extractivismo-y-criminal\/#breadcrumb"},"inLanguage":"es","potentialAction":[{"@type":"ReadAction","target":["https:\/\/zapateneo.net\/wordpress\/index.php\/producto\/brujas-salvajes-y-rebeldes-mujeres-perseguidas-en-entornos-de-moralizacion-extractivismo-y-criminal\/"]}]},{"@type":"ImageObject","inLanguage":"es","@id":"https:\/\/zapateneo.net\/wordpress\/index.php\/producto\/brujas-salvajes-y-rebeldes-mujeres-perseguidas-en-entornos-de-moralizacion-extractivismo-y-criminal\/#primaryimage","url":"https:\/\/zapateneo.net\/wordpress\/wp-content\/uploads\/2023\/01\/portada_brujasecuador.jpg","contentUrl":"https:\/\/zapateneo.net\/wordpress\/wp-content\/uploads\/2023\/01\/portada_brujasecuador.jpg","width":260,"height":400},{"@type":"BreadcrumbList","@id":"https:\/\/zapateneo.net\/wordpress\/index.php\/producto\/brujas-salvajes-y-rebeldes-mujeres-perseguidas-en-entornos-de-moralizacion-extractivismo-y-criminal\/#breadcrumb","itemListElement":[{"@type":"ListItem","position":1,"name":"Portada","item":"https:\/\/zapateneo.net\/wordpress\/"},{"@type":"ListItem","position":2,"name":"Tienda","item":"https:\/\/zapateneo.net\/wordpress\/"},{"@type":"ListItem","position":3,"name":"BRUJAS, SALVAJES Y REBELDES MUJERES PERSEGUIDAS EN ENTORNOS DE MORALIZACI\u00d3N EXTRACTIVISMO Y CRIMINAL"}]},{"@type":"WebSite","@id":"https:\/\/zapateneo.net\/wordpress\/#website","url":"https:\/\/zapateneo.net\/wordpress\/","name":"Zapateneo","description":"Zapateneoaren webgunea","publisher":{"@id":"https:\/\/zapateneo.net\/wordpress\/#organization"},"potentialAction":[{"@type":"SearchAction","target":{"@type":"EntryPoint","urlTemplate":"https:\/\/zapateneo.net\/wordpress\/?s={search_term_string}"},"query-input":{"@type":"PropertyValueSpecification","valueRequired":true,"valueName":"search_term_string"}}],"inLanguage":"es"},{"@type":"Organization","@id":"https:\/\/zapateneo.net\/wordpress\/#organization","name":"Zapateneo Kultur Elkartea","url":"https:\/\/zapateneo.net\/wordpress\/","logo":{"@type":"ImageObject","inLanguage":"es","@id":"https:\/\/zapateneo.net\/wordpress\/#\/schema\/logo\/image\/","url":"https:\/\/zapateneo.net\/wordpress\/wp-content\/uploads\/2021\/04\/zap-libu-kolec.jpg","contentUrl":"https:\/\/zapateneo.net\/wordpress\/wp-content\/uploads\/2021\/04\/zap-libu-kolec.jpg","width":2234,"height":398,"caption":"Zapateneo Kultur Elkartea"},"image":{"@id":"https:\/\/zapateneo.net\/wordpress\/#\/schema\/logo\/image\/"},"sameAs":["https:\/\/x.com\/zapateneo"]}]}},"_links":{"self":[{"href":"https:\/\/zapateneo.net\/wordpress\/index.php\/wp-json\/wp\/v2\/product\/12338","targetHints":{"allow":["GET"]}}],"collection":[{"href":"https:\/\/zapateneo.net\/wordpress\/index.php\/wp-json\/wp\/v2\/product"}],"about":[{"href":"https:\/\/zapateneo.net\/wordpress\/index.php\/wp-json\/wp\/v2\/types\/product"}],"wp:featuredmedia":[{"embeddable":true,"href":"https:\/\/zapateneo.net\/wordpress\/index.php\/wp-json\/wp\/v2\/media\/12351"}],"wp:attachment":[{"href":"https:\/\/zapateneo.net\/wordpress\/index.php\/wp-json\/wp\/v2\/media?parent=12338"}],"wp:term":[{"taxonomy":"product_brand","embeddable":true,"href":"https:\/\/zapateneo.net\/wordpress\/index.php\/wp-json\/wp\/v2\/product_brand?post=12338"},{"taxonomy":"product_cat","embeddable":true,"href":"https:\/\/zapateneo.net\/wordpress\/index.php\/wp-json\/wp\/v2\/product_cat?post=12338"},{"taxonomy":"product_tag","embeddable":true,"href":"https:\/\/zapateneo.net\/wordpress\/index.php\/wp-json\/wp\/v2\/product_tag?post=12338"}],"curies":[{"name":"wp","href":"https:\/\/api.w.org\/{rel}","templated":true}]}}