{"id":1225,"date":"2021-04-07T07:48:34","date_gmt":"2021-04-07T06:48:34","guid":{"rendered":"https:\/\/zapateneo.net\/wordpress\/?post_type=product&#038;p=1225"},"modified":"2023-04-11T16:18:59","modified_gmt":"2023-04-11T15:18:59","slug":"la-fuerza-del-anonimato","status":"publish","type":"product","link":"https:\/\/zapateneo.net\/wordpress\/index.php\/producto\/la-fuerza-del-anonimato\/","title":{"rendered":"la fuerza del anonimato"},"content":{"rendered":"<p>&nbsp;<\/p>\n<p>&nbsp;<\/p>\n<p>&nbsp;<\/p>\n<p>ESPACIOS DEL ANONIMATO<\/p>\n<p>Anonimato y sobremodernidad, <strong>Marc Aug\u00e9<\/strong><\/p>\n<p>Los espacios del anonimato: una apuesta por el querer vivir, <strong>Santiago L\u00f3pez Petit<\/strong><\/p>\n<p>FAQ (Frequently Asked Questions) sobre la fuerza del anonimato,<strong> Amador Fdz-Savater y Le\u00f3nidas Mart\u00edn Saura<\/strong><\/p>\n<p>&nbsp;<\/p>\n<p>EL ANONIMATO Y LO COM\u00daN<\/p>\n<p>Un mundo entre nosotros, <strong>Marina Garc\u00e9s<\/strong><\/p>\n<p>La plebe o el extranjero interior, <strong>Fulvia Carnevale<\/strong><\/p>\n<p>Sociedades an\u00f3nimas. Las trampas de la negociaci\u00f3n, <strong>Manuel Delgado<\/strong><\/p>\n<p>El dispositivo de la persona, <strong>Roberto Esposito<\/strong><\/p>\n<p>PR\u00c1CTICAS DEL ANONIMATO<\/p>\n<p>Kid A de Radiohead. El anonimato como pasaje, <strong>Erik Bordeleau<\/strong><\/p>\n<p>Espectros de M\u00fcntzer al amanecer \/ Bienvenida al siglo XXI, <strong>Wu Ming<\/strong><\/p>\n<p>Mikuerpo y otros virus, <strong>Luis Navarro<\/strong><\/p>\n<p>Cine sin autor: realismo social extremo en el siglo XXI, <strong>Gerardo Tudur\u00ed<\/strong><\/p>\n<p>Rep\u00fablicas forestales, <strong>Carles Guerra<\/strong><\/p>\n<p>&nbsp;<\/p>\n<p>HABITAR EL ANONIMATO<\/p>\n<p>Grecia 2008: Carta le\u00edda por los amigos de Alexandro en el funeral y Carta a los estudiantes escrita por trabajadores griegos<\/p>\n<p>Para una cr\u00edtica del conflicto vasco, <strong>Ehki Lopetegi<\/strong><\/p>\n<p>Tiqqun: una aventura pol\u00edtica, <strong>Jordi Carmona Hurtado<\/strong><\/p>\n<p>\u00bfC\u00f3mo hacer?, Tiqqun. Un tejido horizontal \u00edntimo y an\u00f3nimo, <strong>Juan Guti\u00e9rrez<\/strong><\/p>\n<p>Biograf\u00eda de los autores<\/p>\n<p>&nbsp;<\/p>\n<p>&nbsp;<\/p>\n<p>&nbsp;<\/p>\n<hr \/>\n<p>&nbsp;<\/p>\n<p>&nbsp;<\/p>\n<p>Espai en blanc es el nombre de un proyecto que naci\u00f3 en Barcelona en 2002 con el objetivo, como dijimos entonces, \u00abde hacer de nuevo apasionante el pensamiento\u00bb. Apasionante quiere decir que nos vaya la vida en ello y eso ocurre cuando el pensamiento se hace colectivo, afecta nuestra propia manera de vivir y se alza como un desaf\u00edo a las obviedades sobre las que se asienta nuestra realidad. Nuestro espacio en blanco quer\u00eda ser una brecha en el mundo-espejo que al contemplarnos reproducimos todos los d\u00edas, un trinchera desde la que combatir al sentido com\u00fan, un agujero en la realidad. Por eso se abri\u00f3 como una grieta entre mundos, relacion\u00e1ndolos y alter\u00e1ndolos a la vez: entre la universidad y el activismo, entre el discurso pol\u00edtico y el discurso filos\u00f3fico, entre la acci\u00f3n y la reflexi\u00f3n, entre la palabra docta y la palabra an\u00f3nima, entre g\u00e9neros, disciplinas, registros y lenguajes. Por eso tambi\u00e9n Espai en Blanc naci\u00f3 como un gesto abierto y radical. Abierto a todos y a todos los imprevistos. Radical porque asume la ausencia de fundamento del pensamiento cr\u00edtico hoy.<\/p>\n<p>&nbsp;<\/p>\n<p>&nbsp;<\/p>\n<p>&nbsp;<\/p>\n","protected":false},"excerpt":{"rendered":"<p><strong>Espai en Blanc<\/strong><br \/>\n9788472904415 &#8211; ediciones bellaterra &#8211; 2009 &#8211; 237 p\u00e1ginas \/orri.<\/p>\n","protected":false},"featured_media":1272,"template":"","meta":[],"product_brand":[],"product_cat":[16,173],"product_tag":[92,704],"class_list":{"0":"post-1225","1":"product","2":"type-product","3":"status-publish","4":"has-post-thumbnail","6":"product_cat-libros","7":"product_cat-saiakera-ensayo","8":"product_tag-bellaterra","9":"product_tag-espai-en-blanc","11":"first","12":"onbackorder","13":"sold-individually","14":"shipping-taxable","15":"purchasable","16":"product-type-simple"},"yoast_head":"<!-- This site is optimized with the Yoast SEO plugin v27.3 - https:\/\/yoast.com\/product\/yoast-seo-wordpress\/ -->\n<title>la fuerza del anonimato &#8212; Zapateneo<\/title>\n<meta name=\"robots\" content=\"index, follow, max-snippet:-1, max-image-preview:large, max-video-preview:-1\" \/>\n<link rel=\"canonical\" href=\"https:\/\/zapateneo.net\/wordpress\/index.php\/producto\/la-fuerza-del-anonimato\/\" \/>\n<meta property=\"og:locale\" content=\"es_ES\" \/>\n<meta property=\"og:type\" content=\"article\" \/>\n<meta property=\"og:title\" content=\"la fuerza del anonimato &#8212; Zapateneo\" \/>\n<meta property=\"og:description\" content=\"Espai en Blanc 9788472904415 - ediciones bellaterra - 2009 - 237 p\u00e1ginas \/orri.\" \/>\n<meta property=\"og:url\" content=\"https:\/\/zapateneo.net\/wordpress\/index.php\/producto\/la-fuerza-del-anonimato\/\" \/>\n<meta property=\"og:site_name\" content=\"Zapateneo\" \/>\n<meta property=\"article:modified_time\" content=\"2023-04-11T15:18:59+00:00\" \/>\n<meta property=\"og:image\" content=\"https:\/\/zapateneo.net\/wordpress\/wp-content\/uploads\/2021\/04\/6246.jpg\" \/>\n\t<meta property=\"og:image:width\" content=\"120\" \/>\n\t<meta property=\"og:image:height\" content=\"181\" \/>\n\t<meta property=\"og:image:type\" content=\"image\/jpeg\" \/>\n<meta name=\"twitter:card\" content=\"summary_large_image\" \/>\n<meta name=\"twitter:site\" content=\"@zapateneo\" \/>\n<meta name=\"twitter:label1\" content=\"Tiempo de lectura\" \/>\n\t<meta name=\"twitter:data1\" content=\"2 minutos\" \/>\n<script type=\"application\/ld+json\" class=\"yoast-schema-graph\">{\"@context\":\"https:\\\/\\\/schema.org\",\"@graph\":[{\"@type\":\"WebPage\",\"@id\":\"https:\\\/\\\/zapateneo.net\\\/wordpress\\\/index.php\\\/producto\\\/la-fuerza-del-anonimato\\\/\",\"url\":\"https:\\\/\\\/zapateneo.net\\\/wordpress\\\/index.php\\\/producto\\\/la-fuerza-del-anonimato\\\/\",\"name\":\"la fuerza del anonimato &#8212; Zapateneo\",\"isPartOf\":{\"@id\":\"https:\\\/\\\/zapateneo.net\\\/wordpress\\\/#website\"},\"primaryImageOfPage\":{\"@id\":\"https:\\\/\\\/zapateneo.net\\\/wordpress\\\/index.php\\\/producto\\\/la-fuerza-del-anonimato\\\/#primaryimage\"},\"image\":{\"@id\":\"https:\\\/\\\/zapateneo.net\\\/wordpress\\\/index.php\\\/producto\\\/la-fuerza-del-anonimato\\\/#primaryimage\"},\"thumbnailUrl\":\"https:\\\/\\\/zapateneo.net\\\/wordpress\\\/wp-content\\\/uploads\\\/2021\\\/04\\\/6246.jpg\",\"datePublished\":\"2021-04-07T06:48:34+00:00\",\"dateModified\":\"2023-04-11T15:18:59+00:00\",\"breadcrumb\":{\"@id\":\"https:\\\/\\\/zapateneo.net\\\/wordpress\\\/index.php\\\/producto\\\/la-fuerza-del-anonimato\\\/#breadcrumb\"},\"inLanguage\":\"es\",\"potentialAction\":[{\"@type\":\"ReadAction\",\"target\":[\"https:\\\/\\\/zapateneo.net\\\/wordpress\\\/index.php\\\/producto\\\/la-fuerza-del-anonimato\\\/\"]}]},{\"@type\":\"ImageObject\",\"inLanguage\":\"es\",\"@id\":\"https:\\\/\\\/zapateneo.net\\\/wordpress\\\/index.php\\\/producto\\\/la-fuerza-del-anonimato\\\/#primaryimage\",\"url\":\"https:\\\/\\\/zapateneo.net\\\/wordpress\\\/wp-content\\\/uploads\\\/2021\\\/04\\\/6246.jpg\",\"contentUrl\":\"https:\\\/\\\/zapateneo.net\\\/wordpress\\\/wp-content\\\/uploads\\\/2021\\\/04\\\/6246.jpg\",\"width\":120,\"height\":181},{\"@type\":\"BreadcrumbList\",\"@id\":\"https:\\\/\\\/zapateneo.net\\\/wordpress\\\/index.php\\\/producto\\\/la-fuerza-del-anonimato\\\/#breadcrumb\",\"itemListElement\":[{\"@type\":\"ListItem\",\"position\":1,\"name\":\"Portada\",\"item\":\"https:\\\/\\\/zapateneo.net\\\/wordpress\\\/\"},{\"@type\":\"ListItem\",\"position\":2,\"name\":\"Tienda\",\"item\":\"https:\\\/\\\/zapateneo.net\\\/wordpress\\\/\"},{\"@type\":\"ListItem\",\"position\":3,\"name\":\"la fuerza del anonimato\"}]},{\"@type\":\"WebSite\",\"@id\":\"https:\\\/\\\/zapateneo.net\\\/wordpress\\\/#website\",\"url\":\"https:\\\/\\\/zapateneo.net\\\/wordpress\\\/\",\"name\":\"Zapateneo\",\"description\":\"Zapateneoaren webgunea\",\"publisher\":{\"@id\":\"https:\\\/\\\/zapateneo.net\\\/wordpress\\\/#organization\"},\"potentialAction\":[{\"@type\":\"SearchAction\",\"target\":{\"@type\":\"EntryPoint\",\"urlTemplate\":\"https:\\\/\\\/zapateneo.net\\\/wordpress\\\/?s={search_term_string}\"},\"query-input\":{\"@type\":\"PropertyValueSpecification\",\"valueRequired\":true,\"valueName\":\"search_term_string\"}}],\"inLanguage\":\"es\"},{\"@type\":\"Organization\",\"@id\":\"https:\\\/\\\/zapateneo.net\\\/wordpress\\\/#organization\",\"name\":\"Zapateneo Kultur Elkartea\",\"url\":\"https:\\\/\\\/zapateneo.net\\\/wordpress\\\/\",\"logo\":{\"@type\":\"ImageObject\",\"inLanguage\":\"es\",\"@id\":\"https:\\\/\\\/zapateneo.net\\\/wordpress\\\/#\\\/schema\\\/logo\\\/image\\\/\",\"url\":\"https:\\\/\\\/zapateneo.net\\\/wordpress\\\/wp-content\\\/uploads\\\/2021\\\/04\\\/zap-libu-kolec.jpg\",\"contentUrl\":\"https:\\\/\\\/zapateneo.net\\\/wordpress\\\/wp-content\\\/uploads\\\/2021\\\/04\\\/zap-libu-kolec.jpg\",\"width\":2234,\"height\":398,\"caption\":\"Zapateneo Kultur Elkartea\"},\"image\":{\"@id\":\"https:\\\/\\\/zapateneo.net\\\/wordpress\\\/#\\\/schema\\\/logo\\\/image\\\/\"},\"sameAs\":[\"https:\\\/\\\/x.com\\\/zapateneo\"]}]}<\/script>\n<!-- \/ Yoast SEO plugin. -->","yoast_head_json":{"title":"la fuerza del anonimato &#8212; Zapateneo","robots":{"index":"index","follow":"follow","max-snippet":"max-snippet:-1","max-image-preview":"max-image-preview:large","max-video-preview":"max-video-preview:-1"},"canonical":"https:\/\/zapateneo.net\/wordpress\/index.php\/producto\/la-fuerza-del-anonimato\/","og_locale":"es_ES","og_type":"article","og_title":"la fuerza del anonimato &#8212; Zapateneo","og_description":"Espai en Blanc 9788472904415 - ediciones bellaterra - 2009 - 237 p\u00e1ginas \/orri.","og_url":"https:\/\/zapateneo.net\/wordpress\/index.php\/producto\/la-fuerza-del-anonimato\/","og_site_name":"Zapateneo","article_modified_time":"2023-04-11T15:18:59+00:00","og_image":[{"width":120,"height":181,"url":"https:\/\/zapateneo.net\/wordpress\/wp-content\/uploads\/2021\/04\/6246.jpg","type":"image\/jpeg"}],"twitter_card":"summary_large_image","twitter_site":"@zapateneo","twitter_misc":{"Tiempo de lectura":"2 minutos"},"schema":{"@context":"https:\/\/schema.org","@graph":[{"@type":"WebPage","@id":"https:\/\/zapateneo.net\/wordpress\/index.php\/producto\/la-fuerza-del-anonimato\/","url":"https:\/\/zapateneo.net\/wordpress\/index.php\/producto\/la-fuerza-del-anonimato\/","name":"la fuerza del anonimato &#8212; Zapateneo","isPartOf":{"@id":"https:\/\/zapateneo.net\/wordpress\/#website"},"primaryImageOfPage":{"@id":"https:\/\/zapateneo.net\/wordpress\/index.php\/producto\/la-fuerza-del-anonimato\/#primaryimage"},"image":{"@id":"https:\/\/zapateneo.net\/wordpress\/index.php\/producto\/la-fuerza-del-anonimato\/#primaryimage"},"thumbnailUrl":"https:\/\/zapateneo.net\/wordpress\/wp-content\/uploads\/2021\/04\/6246.jpg","datePublished":"2021-04-07T06:48:34+00:00","dateModified":"2023-04-11T15:18:59+00:00","breadcrumb":{"@id":"https:\/\/zapateneo.net\/wordpress\/index.php\/producto\/la-fuerza-del-anonimato\/#breadcrumb"},"inLanguage":"es","potentialAction":[{"@type":"ReadAction","target":["https:\/\/zapateneo.net\/wordpress\/index.php\/producto\/la-fuerza-del-anonimato\/"]}]},{"@type":"ImageObject","inLanguage":"es","@id":"https:\/\/zapateneo.net\/wordpress\/index.php\/producto\/la-fuerza-del-anonimato\/#primaryimage","url":"https:\/\/zapateneo.net\/wordpress\/wp-content\/uploads\/2021\/04\/6246.jpg","contentUrl":"https:\/\/zapateneo.net\/wordpress\/wp-content\/uploads\/2021\/04\/6246.jpg","width":120,"height":181},{"@type":"BreadcrumbList","@id":"https:\/\/zapateneo.net\/wordpress\/index.php\/producto\/la-fuerza-del-anonimato\/#breadcrumb","itemListElement":[{"@type":"ListItem","position":1,"name":"Portada","item":"https:\/\/zapateneo.net\/wordpress\/"},{"@type":"ListItem","position":2,"name":"Tienda","item":"https:\/\/zapateneo.net\/wordpress\/"},{"@type":"ListItem","position":3,"name":"la fuerza del anonimato"}]},{"@type":"WebSite","@id":"https:\/\/zapateneo.net\/wordpress\/#website","url":"https:\/\/zapateneo.net\/wordpress\/","name":"Zapateneo","description":"Zapateneoaren webgunea","publisher":{"@id":"https:\/\/zapateneo.net\/wordpress\/#organization"},"potentialAction":[{"@type":"SearchAction","target":{"@type":"EntryPoint","urlTemplate":"https:\/\/zapateneo.net\/wordpress\/?s={search_term_string}"},"query-input":{"@type":"PropertyValueSpecification","valueRequired":true,"valueName":"search_term_string"}}],"inLanguage":"es"},{"@type":"Organization","@id":"https:\/\/zapateneo.net\/wordpress\/#organization","name":"Zapateneo Kultur Elkartea","url":"https:\/\/zapateneo.net\/wordpress\/","logo":{"@type":"ImageObject","inLanguage":"es","@id":"https:\/\/zapateneo.net\/wordpress\/#\/schema\/logo\/image\/","url":"https:\/\/zapateneo.net\/wordpress\/wp-content\/uploads\/2021\/04\/zap-libu-kolec.jpg","contentUrl":"https:\/\/zapateneo.net\/wordpress\/wp-content\/uploads\/2021\/04\/zap-libu-kolec.jpg","width":2234,"height":398,"caption":"Zapateneo Kultur Elkartea"},"image":{"@id":"https:\/\/zapateneo.net\/wordpress\/#\/schema\/logo\/image\/"},"sameAs":["https:\/\/x.com\/zapateneo"]}]}},"_links":{"self":[{"href":"https:\/\/zapateneo.net\/wordpress\/index.php\/wp-json\/wp\/v2\/product\/1225","targetHints":{"allow":["GET"]}}],"collection":[{"href":"https:\/\/zapateneo.net\/wordpress\/index.php\/wp-json\/wp\/v2\/product"}],"about":[{"href":"https:\/\/zapateneo.net\/wordpress\/index.php\/wp-json\/wp\/v2\/types\/product"}],"wp:featuredmedia":[{"embeddable":true,"href":"https:\/\/zapateneo.net\/wordpress\/index.php\/wp-json\/wp\/v2\/media\/1272"}],"wp:attachment":[{"href":"https:\/\/zapateneo.net\/wordpress\/index.php\/wp-json\/wp\/v2\/media?parent=1225"}],"wp:term":[{"taxonomy":"product_brand","embeddable":true,"href":"https:\/\/zapateneo.net\/wordpress\/index.php\/wp-json\/wp\/v2\/product_brand?post=1225"},{"taxonomy":"product_cat","embeddable":true,"href":"https:\/\/zapateneo.net\/wordpress\/index.php\/wp-json\/wp\/v2\/product_cat?post=1225"},{"taxonomy":"product_tag","embeddable":true,"href":"https:\/\/zapateneo.net\/wordpress\/index.php\/wp-json\/wp\/v2\/product_tag?post=1225"}],"curies":[{"name":"wp","href":"https:\/\/api.w.org\/{rel}","templated":true}]}}