{"id":12246,"date":"2023-01-23T15:57:43","date_gmt":"2023-01-23T14:57:43","guid":{"rendered":"https:\/\/zapateneo.net\/wordpress\/?post_type=product&#038;p=12246"},"modified":"2023-04-11T20:48:44","modified_gmt":"2023-04-11T19:48:44","slug":"aceleracion-corrientes-utopicas-desde-dada-a-la-ccru","status":"publish","type":"product","link":"https:\/\/zapateneo.net\/wordpress\/index.php\/producto\/aceleracion-corrientes-utopicas-desde-dada-a-la-ccru\/","title":{"rendered":"ACELERACI\u00d3N Corrientes ut\u00f3picas desde Dad\u00e1 a la CCRU"},"content":{"rendered":"<p>Entre las provocaciones dada\u00edstas en la Europa de entreguerras y el pensamiento apocal\u00edptico del aceleracionismo contempor\u00e1neo, se extiende una trama secular de movimientos de vanguardia art\u00edstica, pol\u00edtica y contracultural. Es un flujo subterr\u00e1neo que lleva desde la Internacional Situacionista al gamberrismo callejero de los movimientos revolucionarios estadounidenses de los a\u00f1os sesenta, pasa por el punk y atraviesa los setenta italianos, conectando el autonomismo alem\u00e1n y el activismo hacker, el ciberfeminismo y la cultura rave, el neo\u00edsmo y Luther Blissett, la magia del caos y el Chaos Computer Club.<\/p>\n<p>En este apasionante estudio que ya tiene la relevancia de un cl\u00e1sico, Edmund Berger traza la historia definitiva de cien a\u00f1os de pensa\u00admiento ut\u00f3pico. Desde Tristan Tzara hasta la CCRU de Sadie Plant, Mark Fisher y Nick Land, este libro relata personajes, acontecimien\u00adtos y experimentos a veces extravagantes y a veces ingeniosos, que comparten un mismo objetivo: sustituir nuevas mitolog\u00edas a las na\u00adrrativas del poder.<\/p>\n","protected":false},"excerpt":{"rendered":"<p><strong>Edmund Berger<\/strong><br \/>\n9788412559002 &#8211; Enclave &#8211; 2022 &#8211; 394 p\u00e1ginas \/orri.<\/p>\n","protected":false},"featured_media":12276,"template":"","meta":[],"product_brand":[],"product_cat":[183,16],"product_tag":[5773,631],"class_list":{"0":"post-12246","1":"product","2":"type-product","3":"status-publish","4":"has-post-thumbnail","6":"product_cat-kultur-adierazpenak-expresiones-culturales","7":"product_cat-libros","8":"product_tag-edmund-berger","9":"product_tag-enclave-de-libros","11":"first","12":"instock","13":"featured","14":"sold-individually","15":"shipping-taxable","16":"purchasable","17":"product-type-simple"},"yoast_head":"<!-- This site is optimized with the Yoast SEO plugin v27.3 - https:\/\/yoast.com\/product\/yoast-seo-wordpress\/ -->\n<title>ACELERACI\u00d3N Corrientes ut\u00f3picas desde Dad\u00e1 a la CCRU &#8212; Zapateneo<\/title>\n<meta name=\"robots\" content=\"index, follow, max-snippet:-1, max-image-preview:large, max-video-preview:-1\" \/>\n<link rel=\"canonical\" href=\"https:\/\/zapateneo.net\/wordpress\/index.php\/producto\/aceleracion-corrientes-utopicas-desde-dada-a-la-ccru\/\" \/>\n<meta property=\"og:locale\" content=\"es_ES\" \/>\n<meta property=\"og:type\" content=\"article\" \/>\n<meta property=\"og:title\" content=\"ACELERACI\u00d3N Corrientes ut\u00f3picas desde Dad\u00e1 a la CCRU &#8212; Zapateneo\" \/>\n<meta property=\"og:description\" content=\"Edmund Berger 9788412559002 - Enclave - 2022 - 394 p\u00e1ginas \/orri.\" \/>\n<meta property=\"og:url\" content=\"https:\/\/zapateneo.net\/wordpress\/index.php\/producto\/aceleracion-corrientes-utopicas-desde-dada-a-la-ccru\/\" \/>\n<meta property=\"og:site_name\" content=\"Zapateneo\" \/>\n<meta property=\"article:modified_time\" content=\"2023-04-11T19:48:44+00:00\" \/>\n<meta property=\"og:image\" content=\"https:\/\/zapateneo.net\/wordpress\/wp-content\/uploads\/2022\/11\/aceleracion-9788412559002.jpg\" \/>\n\t<meta property=\"og:image:width\" content=\"275\" \/>\n\t<meta property=\"og:image:height\" content=\"400\" \/>\n\t<meta property=\"og:image:type\" content=\"image\/jpeg\" \/>\n<meta name=\"twitter:card\" content=\"summary_large_image\" \/>\n<meta name=\"twitter:site\" content=\"@zapateneo\" \/>\n<meta name=\"twitter:label1\" content=\"Tiempo de lectura\" \/>\n\t<meta name=\"twitter:data1\" content=\"1 minuto\" \/>\n<script type=\"application\/ld+json\" class=\"yoast-schema-graph\">{\"@context\":\"https:\\\/\\\/schema.org\",\"@graph\":[{\"@type\":\"WebPage\",\"@id\":\"https:\\\/\\\/zapateneo.net\\\/wordpress\\\/index.php\\\/producto\\\/aceleracion-corrientes-utopicas-desde-dada-a-la-ccru\\\/\",\"url\":\"https:\\\/\\\/zapateneo.net\\\/wordpress\\\/index.php\\\/producto\\\/aceleracion-corrientes-utopicas-desde-dada-a-la-ccru\\\/\",\"name\":\"ACELERACI\u00d3N Corrientes ut\u00f3picas desde Dad\u00e1 a la CCRU &#8212; Zapateneo\",\"isPartOf\":{\"@id\":\"https:\\\/\\\/zapateneo.net\\\/wordpress\\\/#website\"},\"primaryImageOfPage\":{\"@id\":\"https:\\\/\\\/zapateneo.net\\\/wordpress\\\/index.php\\\/producto\\\/aceleracion-corrientes-utopicas-desde-dada-a-la-ccru\\\/#primaryimage\"},\"image\":{\"@id\":\"https:\\\/\\\/zapateneo.net\\\/wordpress\\\/index.php\\\/producto\\\/aceleracion-corrientes-utopicas-desde-dada-a-la-ccru\\\/#primaryimage\"},\"thumbnailUrl\":\"https:\\\/\\\/zapateneo.net\\\/wordpress\\\/wp-content\\\/uploads\\\/2022\\\/11\\\/aceleracion-9788412559002.jpg\",\"datePublished\":\"2023-01-23T14:57:43+00:00\",\"dateModified\":\"2023-04-11T19:48:44+00:00\",\"breadcrumb\":{\"@id\":\"https:\\\/\\\/zapateneo.net\\\/wordpress\\\/index.php\\\/producto\\\/aceleracion-corrientes-utopicas-desde-dada-a-la-ccru\\\/#breadcrumb\"},\"inLanguage\":\"es\",\"potentialAction\":[{\"@type\":\"ReadAction\",\"target\":[\"https:\\\/\\\/zapateneo.net\\\/wordpress\\\/index.php\\\/producto\\\/aceleracion-corrientes-utopicas-desde-dada-a-la-ccru\\\/\"]}]},{\"@type\":\"ImageObject\",\"inLanguage\":\"es\",\"@id\":\"https:\\\/\\\/zapateneo.net\\\/wordpress\\\/index.php\\\/producto\\\/aceleracion-corrientes-utopicas-desde-dada-a-la-ccru\\\/#primaryimage\",\"url\":\"https:\\\/\\\/zapateneo.net\\\/wordpress\\\/wp-content\\\/uploads\\\/2022\\\/11\\\/aceleracion-9788412559002.jpg\",\"contentUrl\":\"https:\\\/\\\/zapateneo.net\\\/wordpress\\\/wp-content\\\/uploads\\\/2022\\\/11\\\/aceleracion-9788412559002.jpg\",\"width\":275,\"height\":400},{\"@type\":\"BreadcrumbList\",\"@id\":\"https:\\\/\\\/zapateneo.net\\\/wordpress\\\/index.php\\\/producto\\\/aceleracion-corrientes-utopicas-desde-dada-a-la-ccru\\\/#breadcrumb\",\"itemListElement\":[{\"@type\":\"ListItem\",\"position\":1,\"name\":\"Portada\",\"item\":\"https:\\\/\\\/zapateneo.net\\\/wordpress\\\/\"},{\"@type\":\"ListItem\",\"position\":2,\"name\":\"Tienda\",\"item\":\"https:\\\/\\\/zapateneo.net\\\/wordpress\\\/\"},{\"@type\":\"ListItem\",\"position\":3,\"name\":\"ACELERACI\u00d3N Corrientes ut\u00f3picas desde Dad\u00e1 a la CCRU\"}]},{\"@type\":\"WebSite\",\"@id\":\"https:\\\/\\\/zapateneo.net\\\/wordpress\\\/#website\",\"url\":\"https:\\\/\\\/zapateneo.net\\\/wordpress\\\/\",\"name\":\"Zapateneo\",\"description\":\"Zapateneoaren webgunea\",\"publisher\":{\"@id\":\"https:\\\/\\\/zapateneo.net\\\/wordpress\\\/#organization\"},\"potentialAction\":[{\"@type\":\"SearchAction\",\"target\":{\"@type\":\"EntryPoint\",\"urlTemplate\":\"https:\\\/\\\/zapateneo.net\\\/wordpress\\\/?s={search_term_string}\"},\"query-input\":{\"@type\":\"PropertyValueSpecification\",\"valueRequired\":true,\"valueName\":\"search_term_string\"}}],\"inLanguage\":\"es\"},{\"@type\":\"Organization\",\"@id\":\"https:\\\/\\\/zapateneo.net\\\/wordpress\\\/#organization\",\"name\":\"Zapateneo Kultur Elkartea\",\"url\":\"https:\\\/\\\/zapateneo.net\\\/wordpress\\\/\",\"logo\":{\"@type\":\"ImageObject\",\"inLanguage\":\"es\",\"@id\":\"https:\\\/\\\/zapateneo.net\\\/wordpress\\\/#\\\/schema\\\/logo\\\/image\\\/\",\"url\":\"https:\\\/\\\/zapateneo.net\\\/wordpress\\\/wp-content\\\/uploads\\\/2021\\\/04\\\/zap-libu-kolec.jpg\",\"contentUrl\":\"https:\\\/\\\/zapateneo.net\\\/wordpress\\\/wp-content\\\/uploads\\\/2021\\\/04\\\/zap-libu-kolec.jpg\",\"width\":2234,\"height\":398,\"caption\":\"Zapateneo Kultur Elkartea\"},\"image\":{\"@id\":\"https:\\\/\\\/zapateneo.net\\\/wordpress\\\/#\\\/schema\\\/logo\\\/image\\\/\"},\"sameAs\":[\"https:\\\/\\\/x.com\\\/zapateneo\"]}]}<\/script>\n<!-- \/ Yoast SEO plugin. -->","yoast_head_json":{"title":"ACELERACI\u00d3N Corrientes ut\u00f3picas desde Dad\u00e1 a la CCRU &#8212; Zapateneo","robots":{"index":"index","follow":"follow","max-snippet":"max-snippet:-1","max-image-preview":"max-image-preview:large","max-video-preview":"max-video-preview:-1"},"canonical":"https:\/\/zapateneo.net\/wordpress\/index.php\/producto\/aceleracion-corrientes-utopicas-desde-dada-a-la-ccru\/","og_locale":"es_ES","og_type":"article","og_title":"ACELERACI\u00d3N Corrientes ut\u00f3picas desde Dad\u00e1 a la CCRU &#8212; Zapateneo","og_description":"Edmund Berger 9788412559002 - Enclave - 2022 - 394 p\u00e1ginas \/orri.","og_url":"https:\/\/zapateneo.net\/wordpress\/index.php\/producto\/aceleracion-corrientes-utopicas-desde-dada-a-la-ccru\/","og_site_name":"Zapateneo","article_modified_time":"2023-04-11T19:48:44+00:00","og_image":[{"width":275,"height":400,"url":"https:\/\/zapateneo.net\/wordpress\/wp-content\/uploads\/2022\/11\/aceleracion-9788412559002.jpg","type":"image\/jpeg"}],"twitter_card":"summary_large_image","twitter_site":"@zapateneo","twitter_misc":{"Tiempo de lectura":"1 minuto"},"schema":{"@context":"https:\/\/schema.org","@graph":[{"@type":"WebPage","@id":"https:\/\/zapateneo.net\/wordpress\/index.php\/producto\/aceleracion-corrientes-utopicas-desde-dada-a-la-ccru\/","url":"https:\/\/zapateneo.net\/wordpress\/index.php\/producto\/aceleracion-corrientes-utopicas-desde-dada-a-la-ccru\/","name":"ACELERACI\u00d3N Corrientes ut\u00f3picas desde Dad\u00e1 a la CCRU &#8212; Zapateneo","isPartOf":{"@id":"https:\/\/zapateneo.net\/wordpress\/#website"},"primaryImageOfPage":{"@id":"https:\/\/zapateneo.net\/wordpress\/index.php\/producto\/aceleracion-corrientes-utopicas-desde-dada-a-la-ccru\/#primaryimage"},"image":{"@id":"https:\/\/zapateneo.net\/wordpress\/index.php\/producto\/aceleracion-corrientes-utopicas-desde-dada-a-la-ccru\/#primaryimage"},"thumbnailUrl":"https:\/\/zapateneo.net\/wordpress\/wp-content\/uploads\/2022\/11\/aceleracion-9788412559002.jpg","datePublished":"2023-01-23T14:57:43+00:00","dateModified":"2023-04-11T19:48:44+00:00","breadcrumb":{"@id":"https:\/\/zapateneo.net\/wordpress\/index.php\/producto\/aceleracion-corrientes-utopicas-desde-dada-a-la-ccru\/#breadcrumb"},"inLanguage":"es","potentialAction":[{"@type":"ReadAction","target":["https:\/\/zapateneo.net\/wordpress\/index.php\/producto\/aceleracion-corrientes-utopicas-desde-dada-a-la-ccru\/"]}]},{"@type":"ImageObject","inLanguage":"es","@id":"https:\/\/zapateneo.net\/wordpress\/index.php\/producto\/aceleracion-corrientes-utopicas-desde-dada-a-la-ccru\/#primaryimage","url":"https:\/\/zapateneo.net\/wordpress\/wp-content\/uploads\/2022\/11\/aceleracion-9788412559002.jpg","contentUrl":"https:\/\/zapateneo.net\/wordpress\/wp-content\/uploads\/2022\/11\/aceleracion-9788412559002.jpg","width":275,"height":400},{"@type":"BreadcrumbList","@id":"https:\/\/zapateneo.net\/wordpress\/index.php\/producto\/aceleracion-corrientes-utopicas-desde-dada-a-la-ccru\/#breadcrumb","itemListElement":[{"@type":"ListItem","position":1,"name":"Portada","item":"https:\/\/zapateneo.net\/wordpress\/"},{"@type":"ListItem","position":2,"name":"Tienda","item":"https:\/\/zapateneo.net\/wordpress\/"},{"@type":"ListItem","position":3,"name":"ACELERACI\u00d3N Corrientes ut\u00f3picas desde Dad\u00e1 a la CCRU"}]},{"@type":"WebSite","@id":"https:\/\/zapateneo.net\/wordpress\/#website","url":"https:\/\/zapateneo.net\/wordpress\/","name":"Zapateneo","description":"Zapateneoaren webgunea","publisher":{"@id":"https:\/\/zapateneo.net\/wordpress\/#organization"},"potentialAction":[{"@type":"SearchAction","target":{"@type":"EntryPoint","urlTemplate":"https:\/\/zapateneo.net\/wordpress\/?s={search_term_string}"},"query-input":{"@type":"PropertyValueSpecification","valueRequired":true,"valueName":"search_term_string"}}],"inLanguage":"es"},{"@type":"Organization","@id":"https:\/\/zapateneo.net\/wordpress\/#organization","name":"Zapateneo Kultur Elkartea","url":"https:\/\/zapateneo.net\/wordpress\/","logo":{"@type":"ImageObject","inLanguage":"es","@id":"https:\/\/zapateneo.net\/wordpress\/#\/schema\/logo\/image\/","url":"https:\/\/zapateneo.net\/wordpress\/wp-content\/uploads\/2021\/04\/zap-libu-kolec.jpg","contentUrl":"https:\/\/zapateneo.net\/wordpress\/wp-content\/uploads\/2021\/04\/zap-libu-kolec.jpg","width":2234,"height":398,"caption":"Zapateneo Kultur Elkartea"},"image":{"@id":"https:\/\/zapateneo.net\/wordpress\/#\/schema\/logo\/image\/"},"sameAs":["https:\/\/x.com\/zapateneo"]}]}},"_links":{"self":[{"href":"https:\/\/zapateneo.net\/wordpress\/index.php\/wp-json\/wp\/v2\/product\/12246","targetHints":{"allow":["GET"]}}],"collection":[{"href":"https:\/\/zapateneo.net\/wordpress\/index.php\/wp-json\/wp\/v2\/product"}],"about":[{"href":"https:\/\/zapateneo.net\/wordpress\/index.php\/wp-json\/wp\/v2\/types\/product"}],"wp:featuredmedia":[{"embeddable":true,"href":"https:\/\/zapateneo.net\/wordpress\/index.php\/wp-json\/wp\/v2\/media\/12276"}],"wp:attachment":[{"href":"https:\/\/zapateneo.net\/wordpress\/index.php\/wp-json\/wp\/v2\/media?parent=12246"}],"wp:term":[{"taxonomy":"product_brand","embeddable":true,"href":"https:\/\/zapateneo.net\/wordpress\/index.php\/wp-json\/wp\/v2\/product_brand?post=12246"},{"taxonomy":"product_cat","embeddable":true,"href":"https:\/\/zapateneo.net\/wordpress\/index.php\/wp-json\/wp\/v2\/product_cat?post=12246"},{"taxonomy":"product_tag","embeddable":true,"href":"https:\/\/zapateneo.net\/wordpress\/index.php\/wp-json\/wp\/v2\/product_tag?post=12246"}],"curies":[{"name":"wp","href":"https:\/\/api.w.org\/{rel}","templated":true}]}}