{"id":12244,"date":"2022-11-27T12:49:43","date_gmt":"2022-11-27T11:49:43","guid":{"rendered":"https:\/\/zapateneo.net\/wordpress\/?post_type=product&#038;p=12244"},"modified":"2022-11-27T12:49:58","modified_gmt":"2022-11-27T11:49:58","slug":"una-curiosa-historia-del-sexo","status":"publish","type":"product","link":"https:\/\/zapateneo.net\/wordpress\/index.php\/producto\/una-curiosa-historia-del-sexo\/","title":{"rendered":"UNA CURIOSA HISTORIA DEL SEXO"},"content":{"rendered":"<p>UNA CURIOSA HISTORIA DEL SEXO<br \/>\nKate Lister<br \/>\n400 pags.<br \/>\nISBN: 9788412458008<br \/>\nCapit\u00e1n Swing<br \/>\nD\u00f3nde encontrarlo<br \/>\nhttp:\/\/www.capitanswing.com<br \/>\nHistoria<\/p>\n<p> 23,00 \u20ac<br \/>\nBasado en el popular proyecto de investigaci\u00f3n Whores of Yore (Putas de anta\u00f1o) y escrito con su caracter\u00edstico humor e ingenio, \u2018Una curiosa historia del sexo\u2019 se basa en los amplios conocimientos de la Dra. Kate Lister sobre la historia del sexo. Desde las pruebas de impotencia medievales hasta los robos de test\u00edculos del siglo XX, desde los frescos er\u00f3ticos de Pompeya hasta los burdeles de mu\u00f1ecas sexuales de hoy en d\u00eda, Lister se mete sin pudor en los pantalones de la historia, desmontando mitos, desafiando estereotipos y, en general, ensuci\u00e1ndose las manos.<\/p>\n<p>No se trata de un estudio exhaustivo de todas las peculiaridades sexuales, perversiones y rituales de todas las culturas a lo largo del tiempo, ya que eso supondr\u00eda escribir una enciclopedia. Se trata m\u00e1s bien de una gota de agua en el oc\u00e9ano, de un remo en la parte m\u00e1s superficial de la historia del sexo, pero espero que se mojen de todos modos. El acto sexual no ha cambiado desde que la gente descubri\u00f3 de qu\u00e9 iba la cosa pero las formas en que la sociedad dicta c\u00f3mo se entiende y se practica el sexo culturalmente han variado de forma significativa a lo largo de los a\u00f1os. Los seres humanos son las \u00fanicas criaturas que estigmatizan determinadas pr\u00e1cticas sexuales y el sexo sigue siendo un tema profundamente divisivo en todo el mundo. Las actitudes cambiar\u00e1n y crecer\u00e1n \u2014esperemos que para mejor\u2014 pero el sexo nunca estar\u00e1 libre de estigma o verg\u00fcenza a menos que reconozcamos de d\u00f3nde viene.<\/p>\n<p>Este fascinante libro est\u00e1 salpicado de una jerga hist\u00f3rica sorprendente e informativa y est\u00e1 ilustrado con im\u00e1genes del pasado que abren los ojos, hacen temblar los pies y est\u00e1n meticulosamente documentadas. Te reir\u00e1s, te estremecer\u00e1s y te preguntar\u00e1s cu\u00e1nto ha cambiado en realidad.<\/p>\n<p>Kate Lister Profesora de la Escuela de Artes y Comunicaci\u00f3n de la Universidad de Leeds Trinity. Kate investiga principalmente la historia literaria del trabajo sexual y es comisaria del proyecto de investigaci\u00f3n en l\u00ednea Whores of Yore, un archivo digital interdisciplinario para el estudio de la sexualidad hist\u00f3rica. Escribe regularmente sobre la historia de la sexualidad para inews, Vice y el Wellcome Trust. Kate gan\u00f3 el Premio al Publicista del A\u00f1o de la Libertad Sexual en 2017.<\/p>\n","protected":false},"excerpt":{"rendered":"<p><strong>Kate Lister<\/strong><br \/>\n9788412458008 &#8211; Capit\u00e1n Swing &#8211; 2022 &#8211; 400 p\u00e1ginas \/orri.<\/p>\n","protected":false},"featured_media":12274,"template":"","meta":[],"product_brand":[],"product_cat":[185,16],"product_tag":[102,5771],"class_list":{"0":"post-12244","1":"product","2":"type-product","3":"status-publish","4":"has-post-thumbnail","6":"product_cat-historia","7":"product_cat-libros","8":"product_tag-capitan-swing","9":"product_tag-kate-lister","11":"first","12":"instock","13":"sold-individually","14":"shipping-taxable","15":"purchasable","16":"product-type-simple"},"yoast_head":"<!-- This site is optimized with the Yoast SEO plugin v27.4 - https:\/\/yoast.com\/product\/yoast-seo-wordpress\/ -->\n<title>UNA CURIOSA HISTORIA DEL SEXO &#8212; Zapateneo<\/title>\n<meta name=\"robots\" content=\"index, follow, max-snippet:-1, max-image-preview:large, max-video-preview:-1\" \/>\n<link rel=\"canonical\" href=\"https:\/\/zapateneo.net\/wordpress\/index.php\/producto\/una-curiosa-historia-del-sexo\/\" \/>\n<meta property=\"og:locale\" content=\"es_ES\" \/>\n<meta property=\"og:type\" content=\"article\" \/>\n<meta property=\"og:title\" content=\"UNA CURIOSA HISTORIA DEL SEXO &#8212; Zapateneo\" \/>\n<meta property=\"og:description\" content=\"Kate Lister 9788412458008 - Capit\u00e1n Swing - 2022 - 400 p\u00e1ginas \/orri.\" \/>\n<meta property=\"og:url\" content=\"https:\/\/zapateneo.net\/wordpress\/index.php\/producto\/una-curiosa-historia-del-sexo\/\" \/>\n<meta property=\"og:site_name\" content=\"Zapateneo\" \/>\n<meta property=\"article:modified_time\" content=\"2022-11-27T11:49:58+00:00\" \/>\n<meta name=\"twitter:card\" content=\"summary_large_image\" \/>\n<meta name=\"twitter:site\" content=\"@zapateneo\" \/>\n<meta name=\"twitter:label1\" content=\"Tiempo de lectura\" \/>\n\t<meta name=\"twitter:data1\" content=\"2 minutos\" \/>\n<script type=\"application\/ld+json\" class=\"yoast-schema-graph\">{\"@context\":\"https:\\\/\\\/schema.org\",\"@graph\":[{\"@type\":\"WebPage\",\"@id\":\"https:\\\/\\\/zapateneo.net\\\/wordpress\\\/index.php\\\/producto\\\/una-curiosa-historia-del-sexo\\\/\",\"url\":\"https:\\\/\\\/zapateneo.net\\\/wordpress\\\/index.php\\\/producto\\\/una-curiosa-historia-del-sexo\\\/\",\"name\":\"UNA CURIOSA HISTORIA DEL SEXO &#8212; Zapateneo\",\"isPartOf\":{\"@id\":\"https:\\\/\\\/zapateneo.net\\\/wordpress\\\/#website\"},\"primaryImageOfPage\":{\"@id\":\"https:\\\/\\\/zapateneo.net\\\/wordpress\\\/index.php\\\/producto\\\/una-curiosa-historia-del-sexo\\\/#primaryimage\"},\"image\":{\"@id\":\"https:\\\/\\\/zapateneo.net\\\/wordpress\\\/index.php\\\/producto\\\/una-curiosa-historia-del-sexo\\\/#primaryimage\"},\"thumbnailUrl\":\"https:\\\/\\\/zapateneo.net\\\/wordpress\\\/wp-content\\\/uploads\\\/2022\\\/11\\\/una-curiosa-historia-del-sexo-9788412458008.jpg\",\"datePublished\":\"2022-11-27T11:49:43+00:00\",\"dateModified\":\"2022-11-27T11:49:58+00:00\",\"breadcrumb\":{\"@id\":\"https:\\\/\\\/zapateneo.net\\\/wordpress\\\/index.php\\\/producto\\\/una-curiosa-historia-del-sexo\\\/#breadcrumb\"},\"inLanguage\":\"es\",\"potentialAction\":[{\"@type\":\"ReadAction\",\"target\":[\"https:\\\/\\\/zapateneo.net\\\/wordpress\\\/index.php\\\/producto\\\/una-curiosa-historia-del-sexo\\\/\"]}]},{\"@type\":\"ImageObject\",\"inLanguage\":\"es\",\"@id\":\"https:\\\/\\\/zapateneo.net\\\/wordpress\\\/index.php\\\/producto\\\/una-curiosa-historia-del-sexo\\\/#primaryimage\",\"url\":\"https:\\\/\\\/zapateneo.net\\\/wordpress\\\/wp-content\\\/uploads\\\/2022\\\/11\\\/una-curiosa-historia-del-sexo-9788412458008.jpg\",\"contentUrl\":\"https:\\\/\\\/zapateneo.net\\\/wordpress\\\/wp-content\\\/uploads\\\/2022\\\/11\\\/una-curiosa-historia-del-sexo-9788412458008.jpg\",\"width\":256,\"height\":400},{\"@type\":\"BreadcrumbList\",\"@id\":\"https:\\\/\\\/zapateneo.net\\\/wordpress\\\/index.php\\\/producto\\\/una-curiosa-historia-del-sexo\\\/#breadcrumb\",\"itemListElement\":[{\"@type\":\"ListItem\",\"position\":1,\"name\":\"Portada\",\"item\":\"https:\\\/\\\/zapateneo.net\\\/wordpress\\\/\"},{\"@type\":\"ListItem\",\"position\":2,\"name\":\"Tienda\",\"item\":\"https:\\\/\\\/zapateneo.net\\\/wordpress\\\/\"},{\"@type\":\"ListItem\",\"position\":3,\"name\":\"UNA CURIOSA HISTORIA DEL SEXO\"}]},{\"@type\":\"WebSite\",\"@id\":\"https:\\\/\\\/zapateneo.net\\\/wordpress\\\/#website\",\"url\":\"https:\\\/\\\/zapateneo.net\\\/wordpress\\\/\",\"name\":\"Zapateneo\",\"description\":\"Zapateneoaren webgunea\",\"publisher\":{\"@id\":\"https:\\\/\\\/zapateneo.net\\\/wordpress\\\/#organization\"},\"potentialAction\":[{\"@type\":\"SearchAction\",\"target\":{\"@type\":\"EntryPoint\",\"urlTemplate\":\"https:\\\/\\\/zapateneo.net\\\/wordpress\\\/?s={search_term_string}\"},\"query-input\":{\"@type\":\"PropertyValueSpecification\",\"valueRequired\":true,\"valueName\":\"search_term_string\"}}],\"inLanguage\":\"es\"},{\"@type\":\"Organization\",\"@id\":\"https:\\\/\\\/zapateneo.net\\\/wordpress\\\/#organization\",\"name\":\"Zapateneo Kultur Elkartea\",\"url\":\"https:\\\/\\\/zapateneo.net\\\/wordpress\\\/\",\"logo\":{\"@type\":\"ImageObject\",\"inLanguage\":\"es\",\"@id\":\"https:\\\/\\\/zapateneo.net\\\/wordpress\\\/#\\\/schema\\\/logo\\\/image\\\/\",\"url\":\"https:\\\/\\\/zapateneo.net\\\/wordpress\\\/wp-content\\\/uploads\\\/2021\\\/04\\\/zap-libu-kolec.jpg\",\"contentUrl\":\"https:\\\/\\\/zapateneo.net\\\/wordpress\\\/wp-content\\\/uploads\\\/2021\\\/04\\\/zap-libu-kolec.jpg\",\"width\":2234,\"height\":398,\"caption\":\"Zapateneo Kultur Elkartea\"},\"image\":{\"@id\":\"https:\\\/\\\/zapateneo.net\\\/wordpress\\\/#\\\/schema\\\/logo\\\/image\\\/\"},\"sameAs\":[\"https:\\\/\\\/x.com\\\/zapateneo\"]}]}<\/script>\n<!-- \/ Yoast SEO plugin. -->","yoast_head_json":{"title":"UNA CURIOSA HISTORIA DEL SEXO &#8212; Zapateneo","robots":{"index":"index","follow":"follow","max-snippet":"max-snippet:-1","max-image-preview":"max-image-preview:large","max-video-preview":"max-video-preview:-1"},"canonical":"https:\/\/zapateneo.net\/wordpress\/index.php\/producto\/una-curiosa-historia-del-sexo\/","og_locale":"es_ES","og_type":"article","og_title":"UNA CURIOSA HISTORIA DEL SEXO &#8212; Zapateneo","og_description":"Kate Lister 9788412458008 - Capit\u00e1n Swing - 2022 - 400 p\u00e1ginas \/orri.","og_url":"https:\/\/zapateneo.net\/wordpress\/index.php\/producto\/una-curiosa-historia-del-sexo\/","og_site_name":"Zapateneo","article_modified_time":"2022-11-27T11:49:58+00:00","twitter_card":"summary_large_image","twitter_site":"@zapateneo","twitter_misc":{"Tiempo de lectura":"2 minutos"},"schema":{"@context":"https:\/\/schema.org","@graph":[{"@type":"WebPage","@id":"https:\/\/zapateneo.net\/wordpress\/index.php\/producto\/una-curiosa-historia-del-sexo\/","url":"https:\/\/zapateneo.net\/wordpress\/index.php\/producto\/una-curiosa-historia-del-sexo\/","name":"UNA CURIOSA HISTORIA DEL SEXO &#8212; Zapateneo","isPartOf":{"@id":"https:\/\/zapateneo.net\/wordpress\/#website"},"primaryImageOfPage":{"@id":"https:\/\/zapateneo.net\/wordpress\/index.php\/producto\/una-curiosa-historia-del-sexo\/#primaryimage"},"image":{"@id":"https:\/\/zapateneo.net\/wordpress\/index.php\/producto\/una-curiosa-historia-del-sexo\/#primaryimage"},"thumbnailUrl":"https:\/\/zapateneo.net\/wordpress\/wp-content\/uploads\/2022\/11\/una-curiosa-historia-del-sexo-9788412458008.jpg","datePublished":"2022-11-27T11:49:43+00:00","dateModified":"2022-11-27T11:49:58+00:00","breadcrumb":{"@id":"https:\/\/zapateneo.net\/wordpress\/index.php\/producto\/una-curiosa-historia-del-sexo\/#breadcrumb"},"inLanguage":"es","potentialAction":[{"@type":"ReadAction","target":["https:\/\/zapateneo.net\/wordpress\/index.php\/producto\/una-curiosa-historia-del-sexo\/"]}]},{"@type":"ImageObject","inLanguage":"es","@id":"https:\/\/zapateneo.net\/wordpress\/index.php\/producto\/una-curiosa-historia-del-sexo\/#primaryimage","url":"https:\/\/zapateneo.net\/wordpress\/wp-content\/uploads\/2022\/11\/una-curiosa-historia-del-sexo-9788412458008.jpg","contentUrl":"https:\/\/zapateneo.net\/wordpress\/wp-content\/uploads\/2022\/11\/una-curiosa-historia-del-sexo-9788412458008.jpg","width":256,"height":400},{"@type":"BreadcrumbList","@id":"https:\/\/zapateneo.net\/wordpress\/index.php\/producto\/una-curiosa-historia-del-sexo\/#breadcrumb","itemListElement":[{"@type":"ListItem","position":1,"name":"Portada","item":"https:\/\/zapateneo.net\/wordpress\/"},{"@type":"ListItem","position":2,"name":"Tienda","item":"https:\/\/zapateneo.net\/wordpress\/"},{"@type":"ListItem","position":3,"name":"UNA CURIOSA HISTORIA DEL SEXO"}]},{"@type":"WebSite","@id":"https:\/\/zapateneo.net\/wordpress\/#website","url":"https:\/\/zapateneo.net\/wordpress\/","name":"Zapateneo","description":"Zapateneoaren webgunea","publisher":{"@id":"https:\/\/zapateneo.net\/wordpress\/#organization"},"potentialAction":[{"@type":"SearchAction","target":{"@type":"EntryPoint","urlTemplate":"https:\/\/zapateneo.net\/wordpress\/?s={search_term_string}"},"query-input":{"@type":"PropertyValueSpecification","valueRequired":true,"valueName":"search_term_string"}}],"inLanguage":"es"},{"@type":"Organization","@id":"https:\/\/zapateneo.net\/wordpress\/#organization","name":"Zapateneo Kultur Elkartea","url":"https:\/\/zapateneo.net\/wordpress\/","logo":{"@type":"ImageObject","inLanguage":"es","@id":"https:\/\/zapateneo.net\/wordpress\/#\/schema\/logo\/image\/","url":"https:\/\/zapateneo.net\/wordpress\/wp-content\/uploads\/2021\/04\/zap-libu-kolec.jpg","contentUrl":"https:\/\/zapateneo.net\/wordpress\/wp-content\/uploads\/2021\/04\/zap-libu-kolec.jpg","width":2234,"height":398,"caption":"Zapateneo Kultur Elkartea"},"image":{"@id":"https:\/\/zapateneo.net\/wordpress\/#\/schema\/logo\/image\/"},"sameAs":["https:\/\/x.com\/zapateneo"]}]}},"_links":{"self":[{"href":"https:\/\/zapateneo.net\/wordpress\/index.php\/wp-json\/wp\/v2\/product\/12244","targetHints":{"allow":["GET"]}}],"collection":[{"href":"https:\/\/zapateneo.net\/wordpress\/index.php\/wp-json\/wp\/v2\/product"}],"about":[{"href":"https:\/\/zapateneo.net\/wordpress\/index.php\/wp-json\/wp\/v2\/types\/product"}],"wp:featuredmedia":[{"embeddable":true,"href":"https:\/\/zapateneo.net\/wordpress\/index.php\/wp-json\/wp\/v2\/media\/12274"}],"wp:attachment":[{"href":"https:\/\/zapateneo.net\/wordpress\/index.php\/wp-json\/wp\/v2\/media?parent=12244"}],"wp:term":[{"taxonomy":"product_brand","embeddable":true,"href":"https:\/\/zapateneo.net\/wordpress\/index.php\/wp-json\/wp\/v2\/product_brand?post=12244"},{"taxonomy":"product_cat","embeddable":true,"href":"https:\/\/zapateneo.net\/wordpress\/index.php\/wp-json\/wp\/v2\/product_cat?post=12244"},{"taxonomy":"product_tag","embeddable":true,"href":"https:\/\/zapateneo.net\/wordpress\/index.php\/wp-json\/wp\/v2\/product_tag?post=12244"}],"curies":[{"name":"wp","href":"https:\/\/api.w.org\/{rel}","templated":true}]}}