{"id":12243,"date":"2022-11-27T12:49:42","date_gmt":"2022-11-27T11:49:42","guid":{"rendered":"https:\/\/zapateneo.net\/wordpress\/?post_type=product&#038;p=12243"},"modified":"2022-11-27T12:49:58","modified_gmt":"2022-11-27T11:49:58","slug":"1491-una-historia-de-las-americas-antes-de-colon","status":"publish","type":"product","link":"https:\/\/zapateneo.net\/wordpress\/index.php\/producto\/1491-una-historia-de-las-americas-antes-de-colon\/","title":{"rendered":"1491 Una historia de las Am\u00e9ricas antes de Col\u00f3n"},"content":{"rendered":"<p>En este trabajo innovador de ciencia, historia y arqueolog\u00eda, Charles C. Mann altera radicalmente nuestra comprensi\u00f3n de las Am\u00e9ricas antes de la llegada de Col\u00f3n en 1492.<\/p>\n<p>Al contrario de lo que muchos estadounidenses aprenden en la escuela, los indios precolombinos no se establecieron escasamente en un desierto virgen; m\u00e1s bien hab\u00eda un gran n\u00famero de indios que moldearon e influenciaron activamente la tierra a su alrededor. La asombrosa capital azteca de Tenochtitl\u00e1n ten\u00eda agua corriente y calles impecablemente limpias y era m\u00e1s grande que cualquier ciudad europea contempor\u00e1nea. Las culturas mexicanas crearon ma\u00edz en un proceso de mejoramiento especializado que se ha llamado la primera haza\u00f1a de ingenier\u00eda gen\u00e9tica del hombre. De hecho, los indios no viv\u00edan a la ligera sobre la tierra, sino que estaban dise\u00f1ando y manipulando su mundo de una manera que s\u00f3lo ahora estamos comenzando a entender. Desafiante y sorprendente, esta es una nueva mirada transformadora a un mundo rico y fascinante que solo cre\u00edamos conocer.<\/p>\n<p>Charles C. Mann arroja nueva luz sobre los m\u00e9todos empleados para llegar a estas nuevas visiones de la Am\u00e9rica precolombina y sobre el modo en que \u00e9stas afectan a nuestra concepci\u00f3n de la historia y a nuestra comprensi\u00f3n del medio ambiente. \u20181491\u2019 es un relato apasionante sobre las diversas investigaciones y las revelaciones cient\u00edficas de primera magnitud que han cambiado radicalmente nuestra forma de ver la Am\u00e9rica precolombina.<\/p>\n<p>Charles C. Mann Periodista y autor estadounidense, especializado en temas cient\u00edficos. Su libro \u20181491\u2019 gan\u00f3 el Premio de Comunicaci\u00f3n de las Academia Nacional al mejor libro del a\u00f1o. Es coautor de cuatro libros, adem\u00e1s de editor colaborador de Science, The Atlantic Monthly y Wired. Ha escrito tambi\u00e9n, en el \u00e1rea de ciencia, tecnolog\u00eda y comercio, para Boston Globe, Fortune, The New York Times, Smithsonian, Technology Review, Vanity Fair y The Washington Post, entre otros medios, as\u00ed como para la red de televisi\u00f3n HBO y la serie La ley y el orden.<\/p>\n","protected":false},"excerpt":{"rendered":"<p><strong>Charles C. Mann<\/strong><br \/>\n9788412497779 &#8211; Capit\u00e1n Swing &#8211; 2022 &#8211; 688 p\u00e1ginas \/orri.<\/p>\n","protected":false},"featured_media":12273,"template":"","meta":[],"product_brand":[],"product_cat":[185,16],"product_tag":[102,5770],"class_list":{"0":"post-12243","1":"product","2":"type-product","3":"status-publish","4":"has-post-thumbnail","6":"product_cat-historia","7":"product_cat-libros","8":"product_tag-capitan-swing","9":"product_tag-charles-c-mann","11":"first","12":"instock","13":"sold-individually","14":"shipping-taxable","15":"purchasable","16":"product-type-simple"},"yoast_head":"<!-- This site is optimized with the Yoast SEO plugin v27.4 - https:\/\/yoast.com\/product\/yoast-seo-wordpress\/ -->\n<title>1491 Una historia de las Am\u00e9ricas antes de Col\u00f3n &#8212; Zapateneo<\/title>\n<meta name=\"robots\" content=\"index, follow, max-snippet:-1, max-image-preview:large, max-video-preview:-1\" \/>\n<link rel=\"canonical\" href=\"https:\/\/zapateneo.net\/wordpress\/index.php\/producto\/1491-una-historia-de-las-americas-antes-de-colon\/\" \/>\n<meta property=\"og:locale\" content=\"es_ES\" \/>\n<meta property=\"og:type\" content=\"article\" \/>\n<meta property=\"og:title\" content=\"1491 Una historia de las Am\u00e9ricas antes de Col\u00f3n &#8212; Zapateneo\" \/>\n<meta property=\"og:description\" content=\"Charles C. Mann 9788412497779 - Capit\u00e1n Swing - 2022 - 688 p\u00e1ginas \/orri.\" \/>\n<meta property=\"og:url\" content=\"https:\/\/zapateneo.net\/wordpress\/index.php\/producto\/1491-una-historia-de-las-americas-antes-de-colon\/\" \/>\n<meta property=\"og:site_name\" content=\"Zapateneo\" \/>\n<meta property=\"article:modified_time\" content=\"2022-11-27T11:49:58+00:00\" \/>\n<meta name=\"twitter:card\" content=\"summary_large_image\" \/>\n<meta name=\"twitter:site\" content=\"@zapateneo\" \/>\n<meta name=\"twitter:label1\" content=\"Tiempo de lectura\" \/>\n\t<meta name=\"twitter:data1\" content=\"2 minutos\" \/>\n<script type=\"application\/ld+json\" class=\"yoast-schema-graph\">{\"@context\":\"https:\\\/\\\/schema.org\",\"@graph\":[{\"@type\":\"WebPage\",\"@id\":\"https:\\\/\\\/zapateneo.net\\\/wordpress\\\/index.php\\\/producto\\\/1491-una-historia-de-las-americas-antes-de-colon\\\/\",\"url\":\"https:\\\/\\\/zapateneo.net\\\/wordpress\\\/index.php\\\/producto\\\/1491-una-historia-de-las-americas-antes-de-colon\\\/\",\"name\":\"1491 Una historia de las Am\u00e9ricas antes de Col\u00f3n &#8212; Zapateneo\",\"isPartOf\":{\"@id\":\"https:\\\/\\\/zapateneo.net\\\/wordpress\\\/#website\"},\"primaryImageOfPage\":{\"@id\":\"https:\\\/\\\/zapateneo.net\\\/wordpress\\\/index.php\\\/producto\\\/1491-una-historia-de-las-americas-antes-de-colon\\\/#primaryimage\"},\"image\":{\"@id\":\"https:\\\/\\\/zapateneo.net\\\/wordpress\\\/index.php\\\/producto\\\/1491-una-historia-de-las-americas-antes-de-colon\\\/#primaryimage\"},\"thumbnailUrl\":\"https:\\\/\\\/zapateneo.net\\\/wordpress\\\/wp-content\\\/uploads\\\/2022\\\/11\\\/1491-9788412497779.jpg\",\"datePublished\":\"2022-11-27T11:49:42+00:00\",\"dateModified\":\"2022-11-27T11:49:58+00:00\",\"breadcrumb\":{\"@id\":\"https:\\\/\\\/zapateneo.net\\\/wordpress\\\/index.php\\\/producto\\\/1491-una-historia-de-las-americas-antes-de-colon\\\/#breadcrumb\"},\"inLanguage\":\"es\",\"potentialAction\":[{\"@type\":\"ReadAction\",\"target\":[\"https:\\\/\\\/zapateneo.net\\\/wordpress\\\/index.php\\\/producto\\\/1491-una-historia-de-las-americas-antes-de-colon\\\/\"]}]},{\"@type\":\"ImageObject\",\"inLanguage\":\"es\",\"@id\":\"https:\\\/\\\/zapateneo.net\\\/wordpress\\\/index.php\\\/producto\\\/1491-una-historia-de-las-americas-antes-de-colon\\\/#primaryimage\",\"url\":\"https:\\\/\\\/zapateneo.net\\\/wordpress\\\/wp-content\\\/uploads\\\/2022\\\/11\\\/1491-9788412497779.jpg\",\"contentUrl\":\"https:\\\/\\\/zapateneo.net\\\/wordpress\\\/wp-content\\\/uploads\\\/2022\\\/11\\\/1491-9788412497779.jpg\",\"width\":256,\"height\":400},{\"@type\":\"BreadcrumbList\",\"@id\":\"https:\\\/\\\/zapateneo.net\\\/wordpress\\\/index.php\\\/producto\\\/1491-una-historia-de-las-americas-antes-de-colon\\\/#breadcrumb\",\"itemListElement\":[{\"@type\":\"ListItem\",\"position\":1,\"name\":\"Portada\",\"item\":\"https:\\\/\\\/zapateneo.net\\\/wordpress\\\/\"},{\"@type\":\"ListItem\",\"position\":2,\"name\":\"Tienda\",\"item\":\"https:\\\/\\\/zapateneo.net\\\/wordpress\\\/\"},{\"@type\":\"ListItem\",\"position\":3,\"name\":\"1491 Una historia de las Am\u00e9ricas antes de Col\u00f3n\"}]},{\"@type\":\"WebSite\",\"@id\":\"https:\\\/\\\/zapateneo.net\\\/wordpress\\\/#website\",\"url\":\"https:\\\/\\\/zapateneo.net\\\/wordpress\\\/\",\"name\":\"Zapateneo\",\"description\":\"Zapateneoaren webgunea\",\"publisher\":{\"@id\":\"https:\\\/\\\/zapateneo.net\\\/wordpress\\\/#organization\"},\"potentialAction\":[{\"@type\":\"SearchAction\",\"target\":{\"@type\":\"EntryPoint\",\"urlTemplate\":\"https:\\\/\\\/zapateneo.net\\\/wordpress\\\/?s={search_term_string}\"},\"query-input\":{\"@type\":\"PropertyValueSpecification\",\"valueRequired\":true,\"valueName\":\"search_term_string\"}}],\"inLanguage\":\"es\"},{\"@type\":\"Organization\",\"@id\":\"https:\\\/\\\/zapateneo.net\\\/wordpress\\\/#organization\",\"name\":\"Zapateneo Kultur Elkartea\",\"url\":\"https:\\\/\\\/zapateneo.net\\\/wordpress\\\/\",\"logo\":{\"@type\":\"ImageObject\",\"inLanguage\":\"es\",\"@id\":\"https:\\\/\\\/zapateneo.net\\\/wordpress\\\/#\\\/schema\\\/logo\\\/image\\\/\",\"url\":\"https:\\\/\\\/zapateneo.net\\\/wordpress\\\/wp-content\\\/uploads\\\/2021\\\/04\\\/zap-libu-kolec.jpg\",\"contentUrl\":\"https:\\\/\\\/zapateneo.net\\\/wordpress\\\/wp-content\\\/uploads\\\/2021\\\/04\\\/zap-libu-kolec.jpg\",\"width\":2234,\"height\":398,\"caption\":\"Zapateneo Kultur Elkartea\"},\"image\":{\"@id\":\"https:\\\/\\\/zapateneo.net\\\/wordpress\\\/#\\\/schema\\\/logo\\\/image\\\/\"},\"sameAs\":[\"https:\\\/\\\/x.com\\\/zapateneo\"]}]}<\/script>\n<!-- \/ Yoast SEO plugin. -->","yoast_head_json":{"title":"1491 Una historia de las Am\u00e9ricas antes de Col\u00f3n &#8212; Zapateneo","robots":{"index":"index","follow":"follow","max-snippet":"max-snippet:-1","max-image-preview":"max-image-preview:large","max-video-preview":"max-video-preview:-1"},"canonical":"https:\/\/zapateneo.net\/wordpress\/index.php\/producto\/1491-una-historia-de-las-americas-antes-de-colon\/","og_locale":"es_ES","og_type":"article","og_title":"1491 Una historia de las Am\u00e9ricas antes de Col\u00f3n &#8212; Zapateneo","og_description":"Charles C. Mann 9788412497779 - Capit\u00e1n Swing - 2022 - 688 p\u00e1ginas \/orri.","og_url":"https:\/\/zapateneo.net\/wordpress\/index.php\/producto\/1491-una-historia-de-las-americas-antes-de-colon\/","og_site_name":"Zapateneo","article_modified_time":"2022-11-27T11:49:58+00:00","twitter_card":"summary_large_image","twitter_site":"@zapateneo","twitter_misc":{"Tiempo de lectura":"2 minutos"},"schema":{"@context":"https:\/\/schema.org","@graph":[{"@type":"WebPage","@id":"https:\/\/zapateneo.net\/wordpress\/index.php\/producto\/1491-una-historia-de-las-americas-antes-de-colon\/","url":"https:\/\/zapateneo.net\/wordpress\/index.php\/producto\/1491-una-historia-de-las-americas-antes-de-colon\/","name":"1491 Una historia de las Am\u00e9ricas antes de Col\u00f3n &#8212; Zapateneo","isPartOf":{"@id":"https:\/\/zapateneo.net\/wordpress\/#website"},"primaryImageOfPage":{"@id":"https:\/\/zapateneo.net\/wordpress\/index.php\/producto\/1491-una-historia-de-las-americas-antes-de-colon\/#primaryimage"},"image":{"@id":"https:\/\/zapateneo.net\/wordpress\/index.php\/producto\/1491-una-historia-de-las-americas-antes-de-colon\/#primaryimage"},"thumbnailUrl":"https:\/\/zapateneo.net\/wordpress\/wp-content\/uploads\/2022\/11\/1491-9788412497779.jpg","datePublished":"2022-11-27T11:49:42+00:00","dateModified":"2022-11-27T11:49:58+00:00","breadcrumb":{"@id":"https:\/\/zapateneo.net\/wordpress\/index.php\/producto\/1491-una-historia-de-las-americas-antes-de-colon\/#breadcrumb"},"inLanguage":"es","potentialAction":[{"@type":"ReadAction","target":["https:\/\/zapateneo.net\/wordpress\/index.php\/producto\/1491-una-historia-de-las-americas-antes-de-colon\/"]}]},{"@type":"ImageObject","inLanguage":"es","@id":"https:\/\/zapateneo.net\/wordpress\/index.php\/producto\/1491-una-historia-de-las-americas-antes-de-colon\/#primaryimage","url":"https:\/\/zapateneo.net\/wordpress\/wp-content\/uploads\/2022\/11\/1491-9788412497779.jpg","contentUrl":"https:\/\/zapateneo.net\/wordpress\/wp-content\/uploads\/2022\/11\/1491-9788412497779.jpg","width":256,"height":400},{"@type":"BreadcrumbList","@id":"https:\/\/zapateneo.net\/wordpress\/index.php\/producto\/1491-una-historia-de-las-americas-antes-de-colon\/#breadcrumb","itemListElement":[{"@type":"ListItem","position":1,"name":"Portada","item":"https:\/\/zapateneo.net\/wordpress\/"},{"@type":"ListItem","position":2,"name":"Tienda","item":"https:\/\/zapateneo.net\/wordpress\/"},{"@type":"ListItem","position":3,"name":"1491 Una historia de las Am\u00e9ricas antes de Col\u00f3n"}]},{"@type":"WebSite","@id":"https:\/\/zapateneo.net\/wordpress\/#website","url":"https:\/\/zapateneo.net\/wordpress\/","name":"Zapateneo","description":"Zapateneoaren webgunea","publisher":{"@id":"https:\/\/zapateneo.net\/wordpress\/#organization"},"potentialAction":[{"@type":"SearchAction","target":{"@type":"EntryPoint","urlTemplate":"https:\/\/zapateneo.net\/wordpress\/?s={search_term_string}"},"query-input":{"@type":"PropertyValueSpecification","valueRequired":true,"valueName":"search_term_string"}}],"inLanguage":"es"},{"@type":"Organization","@id":"https:\/\/zapateneo.net\/wordpress\/#organization","name":"Zapateneo Kultur Elkartea","url":"https:\/\/zapateneo.net\/wordpress\/","logo":{"@type":"ImageObject","inLanguage":"es","@id":"https:\/\/zapateneo.net\/wordpress\/#\/schema\/logo\/image\/","url":"https:\/\/zapateneo.net\/wordpress\/wp-content\/uploads\/2021\/04\/zap-libu-kolec.jpg","contentUrl":"https:\/\/zapateneo.net\/wordpress\/wp-content\/uploads\/2021\/04\/zap-libu-kolec.jpg","width":2234,"height":398,"caption":"Zapateneo Kultur Elkartea"},"image":{"@id":"https:\/\/zapateneo.net\/wordpress\/#\/schema\/logo\/image\/"},"sameAs":["https:\/\/x.com\/zapateneo"]}]}},"_links":{"self":[{"href":"https:\/\/zapateneo.net\/wordpress\/index.php\/wp-json\/wp\/v2\/product\/12243","targetHints":{"allow":["GET"]}}],"collection":[{"href":"https:\/\/zapateneo.net\/wordpress\/index.php\/wp-json\/wp\/v2\/product"}],"about":[{"href":"https:\/\/zapateneo.net\/wordpress\/index.php\/wp-json\/wp\/v2\/types\/product"}],"wp:featuredmedia":[{"embeddable":true,"href":"https:\/\/zapateneo.net\/wordpress\/index.php\/wp-json\/wp\/v2\/media\/12273"}],"wp:attachment":[{"href":"https:\/\/zapateneo.net\/wordpress\/index.php\/wp-json\/wp\/v2\/media?parent=12243"}],"wp:term":[{"taxonomy":"product_brand","embeddable":true,"href":"https:\/\/zapateneo.net\/wordpress\/index.php\/wp-json\/wp\/v2\/product_brand?post=12243"},{"taxonomy":"product_cat","embeddable":true,"href":"https:\/\/zapateneo.net\/wordpress\/index.php\/wp-json\/wp\/v2\/product_cat?post=12243"},{"taxonomy":"product_tag","embeddable":true,"href":"https:\/\/zapateneo.net\/wordpress\/index.php\/wp-json\/wp\/v2\/product_tag?post=12243"}],"curies":[{"name":"wp","href":"https:\/\/api.w.org\/{rel}","templated":true}]}}