{"id":12242,"date":"2022-11-27T12:49:42","date_gmt":"2022-11-27T11:49:42","guid":{"rendered":"https:\/\/zapateneo.net\/wordpress\/?post_type=product&#038;p=12242"},"modified":"2022-11-27T12:49:57","modified_gmt":"2022-11-27T11:49:57","slug":"radicalizado-cuatro-distopias-muy-actuales","status":"publish","type":"product","link":"https:\/\/zapateneo.net\/wordpress\/index.php\/producto\/radicalizado-cuatro-distopias-muy-actuales\/","title":{"rendered":"RADICALIZADO Cuatro distop\u00edas muy actuales"},"content":{"rendered":"<p>\u2018Radicalizado\u2019 son cuatro novelas de ciencia ficci\u00f3n urgentes sobre el presente y el futuro de Estados Unidos en un solo libro. Contadas a trav\u00e9s de una de las voces del g\u00e9nero m\u00e1s en boga de nuestra generaci\u00f3n, \u2018Radicalizado\u2019 es una oportuna colecci\u00f3n compuesta por cuatro novelas de ciencia ficci\u00f3n conectadas por visiones sociales, tecnol\u00f3gicas y econ\u00f3micas de la actualidad y de lo que podr\u00eda ser Estados Unidos en un futuro cercano.<\/p>\n<p>\u2018Pan no autorizado\u2019 es una historia sobre la inmigraci\u00f3n, la toxicidad de la estratificaci\u00f3n econ\u00f3mica y tecnol\u00f3gica, y los j\u00f3venes y los oprimidos que luchan contra todo pron\u00f3stico para sobrevivir y prosperar.<\/p>\n<p>En \u2018Minor\u00eda Modelo\u2019, una figura similar a la de Superman intenta rectificar la corrupci\u00f3n de las fuerzas policiales que durante mucho tiempo crey\u00f3 err\u00f3neamente que proteg\u00edan a los indefensos&#8230; s\u00f3lo para descubrir que sus esfuerzos afectan negativamente a sus v\u00edctimas.<\/p>\n<p>\u2018Radicalizado\u2019 es la historia de un levantamiento violento en la dark web contra las compa\u00f1\u00edas de seguros, contada desde la perspectiva de un hombre desesperado por conseguir financiaci\u00f3n para un medicamento experimental que podr\u00eda curar el c\u00e1ncer terminal de su esposa.<\/p>\n<p>La cuarta historia, \u2018La m\u00e1scara de la muerte roja\u2019, se remonta al libro \u2018Walkaway\u2019 de Doctorow, abordando cuestiones de supervivencia frente a la comunidad.<\/p>\n<p>Cory Doctorow Novelista canadiense de ciencia ficci\u00f3n, periodista y activista tecnol\u00f3gico. Colabora con numerosas revistas, sitios web y peri\u00f3dicos. Es asesor especial de la Electronic Frontier Foundation (eff.org), un grupo de libertades civiles sin \u00e1nimo de lucro que defiende la libertad en la legislaci\u00f3n, la pol\u00edtica, las normas y los tratados sobre tecnolog\u00eda. Sus novelas han sido traducidas a decenas de idiomas. Es doctor honoris causa en inform\u00e1tica por la Open University (Reino Unido). En 2020 ingres\u00f3 en el Sal\u00f3n de la Fama de la Ciencia Ficci\u00f3n y la Fantas\u00eda de Canad\u00e1. Ha ganado los premios Locus, Prometheus, Copper Cylinder, White Pine y Sunburst, y ha sido nominado a los premios Hugo, Nebula y British Science Fiction.<\/p>\n","protected":false},"excerpt":{"rendered":"<p><strong>Cory Doctorow<\/strong><br \/>\n9788412554014 &#8211; Capit\u00e1n Swing &#8211; 2022 &#8211; 272 p\u00e1ginas \/orri.<\/p>\n","protected":false},"featured_media":12272,"template":"","meta":[],"product_brand":[],"product_cat":[16,187],"product_tag":[102,5769],"class_list":{"0":"post-12242","1":"product","2":"type-product","3":"status-publish","4":"has-post-thumbnail","6":"product_cat-libros","7":"product_cat-narratiba-narrativa","8":"product_tag-capitan-swing","9":"product_tag-cory-doctorow","11":"first","12":"instock","13":"sold-individually","14":"shipping-taxable","15":"purchasable","16":"product-type-simple"},"yoast_head":"<!-- This site is optimized with the Yoast SEO plugin v27.3 - https:\/\/yoast.com\/product\/yoast-seo-wordpress\/ -->\n<title>RADICALIZADO Cuatro distop\u00edas muy actuales &#8212; Zapateneo<\/title>\n<meta name=\"robots\" content=\"index, follow, max-snippet:-1, max-image-preview:large, max-video-preview:-1\" \/>\n<link rel=\"canonical\" href=\"https:\/\/zapateneo.net\/wordpress\/index.php\/producto\/radicalizado-cuatro-distopias-muy-actuales\/\" \/>\n<meta property=\"og:locale\" content=\"es_ES\" \/>\n<meta property=\"og:type\" content=\"article\" \/>\n<meta property=\"og:title\" content=\"RADICALIZADO Cuatro distop\u00edas muy actuales &#8212; Zapateneo\" \/>\n<meta property=\"og:description\" content=\"Cory Doctorow 9788412554014 - Capit\u00e1n Swing - 2022 - 272 p\u00e1ginas \/orri.\" \/>\n<meta property=\"og:url\" content=\"https:\/\/zapateneo.net\/wordpress\/index.php\/producto\/radicalizado-cuatro-distopias-muy-actuales\/\" \/>\n<meta property=\"og:site_name\" content=\"Zapateneo\" \/>\n<meta property=\"article:modified_time\" content=\"2022-11-27T11:49:57+00:00\" \/>\n<meta name=\"twitter:card\" content=\"summary_large_image\" \/>\n<meta name=\"twitter:site\" content=\"@zapateneo\" \/>\n<meta name=\"twitter:label1\" content=\"Tiempo de lectura\" \/>\n\t<meta name=\"twitter:data1\" content=\"2 minutos\" \/>\n<script type=\"application\/ld+json\" class=\"yoast-schema-graph\">{\"@context\":\"https:\\\/\\\/schema.org\",\"@graph\":[{\"@type\":\"WebPage\",\"@id\":\"https:\\\/\\\/zapateneo.net\\\/wordpress\\\/index.php\\\/producto\\\/radicalizado-cuatro-distopias-muy-actuales\\\/\",\"url\":\"https:\\\/\\\/zapateneo.net\\\/wordpress\\\/index.php\\\/producto\\\/radicalizado-cuatro-distopias-muy-actuales\\\/\",\"name\":\"RADICALIZADO Cuatro distop\u00edas muy actuales &#8212; Zapateneo\",\"isPartOf\":{\"@id\":\"https:\\\/\\\/zapateneo.net\\\/wordpress\\\/#website\"},\"primaryImageOfPage\":{\"@id\":\"https:\\\/\\\/zapateneo.net\\\/wordpress\\\/index.php\\\/producto\\\/radicalizado-cuatro-distopias-muy-actuales\\\/#primaryimage\"},\"image\":{\"@id\":\"https:\\\/\\\/zapateneo.net\\\/wordpress\\\/index.php\\\/producto\\\/radicalizado-cuatro-distopias-muy-actuales\\\/#primaryimage\"},\"thumbnailUrl\":\"https:\\\/\\\/zapateneo.net\\\/wordpress\\\/wp-content\\\/uploads\\\/2022\\\/11\\\/radicalizado-9788412554014.jpg\",\"datePublished\":\"2022-11-27T11:49:42+00:00\",\"dateModified\":\"2022-11-27T11:49:57+00:00\",\"breadcrumb\":{\"@id\":\"https:\\\/\\\/zapateneo.net\\\/wordpress\\\/index.php\\\/producto\\\/radicalizado-cuatro-distopias-muy-actuales\\\/#breadcrumb\"},\"inLanguage\":\"es\",\"potentialAction\":[{\"@type\":\"ReadAction\",\"target\":[\"https:\\\/\\\/zapateneo.net\\\/wordpress\\\/index.php\\\/producto\\\/radicalizado-cuatro-distopias-muy-actuales\\\/\"]}]},{\"@type\":\"ImageObject\",\"inLanguage\":\"es\",\"@id\":\"https:\\\/\\\/zapateneo.net\\\/wordpress\\\/index.php\\\/producto\\\/radicalizado-cuatro-distopias-muy-actuales\\\/#primaryimage\",\"url\":\"https:\\\/\\\/zapateneo.net\\\/wordpress\\\/wp-content\\\/uploads\\\/2022\\\/11\\\/radicalizado-9788412554014.jpg\",\"contentUrl\":\"https:\\\/\\\/zapateneo.net\\\/wordpress\\\/wp-content\\\/uploads\\\/2022\\\/11\\\/radicalizado-9788412554014.jpg\",\"width\":256,\"height\":400},{\"@type\":\"BreadcrumbList\",\"@id\":\"https:\\\/\\\/zapateneo.net\\\/wordpress\\\/index.php\\\/producto\\\/radicalizado-cuatro-distopias-muy-actuales\\\/#breadcrumb\",\"itemListElement\":[{\"@type\":\"ListItem\",\"position\":1,\"name\":\"Portada\",\"item\":\"https:\\\/\\\/zapateneo.net\\\/wordpress\\\/\"},{\"@type\":\"ListItem\",\"position\":2,\"name\":\"Tienda\",\"item\":\"https:\\\/\\\/zapateneo.net\\\/wordpress\\\/\"},{\"@type\":\"ListItem\",\"position\":3,\"name\":\"RADICALIZADO Cuatro distop\u00edas muy actuales\"}]},{\"@type\":\"WebSite\",\"@id\":\"https:\\\/\\\/zapateneo.net\\\/wordpress\\\/#website\",\"url\":\"https:\\\/\\\/zapateneo.net\\\/wordpress\\\/\",\"name\":\"Zapateneo\",\"description\":\"Zapateneoaren webgunea\",\"publisher\":{\"@id\":\"https:\\\/\\\/zapateneo.net\\\/wordpress\\\/#organization\"},\"potentialAction\":[{\"@type\":\"SearchAction\",\"target\":{\"@type\":\"EntryPoint\",\"urlTemplate\":\"https:\\\/\\\/zapateneo.net\\\/wordpress\\\/?s={search_term_string}\"},\"query-input\":{\"@type\":\"PropertyValueSpecification\",\"valueRequired\":true,\"valueName\":\"search_term_string\"}}],\"inLanguage\":\"es\"},{\"@type\":\"Organization\",\"@id\":\"https:\\\/\\\/zapateneo.net\\\/wordpress\\\/#organization\",\"name\":\"Zapateneo Kultur Elkartea\",\"url\":\"https:\\\/\\\/zapateneo.net\\\/wordpress\\\/\",\"logo\":{\"@type\":\"ImageObject\",\"inLanguage\":\"es\",\"@id\":\"https:\\\/\\\/zapateneo.net\\\/wordpress\\\/#\\\/schema\\\/logo\\\/image\\\/\",\"url\":\"https:\\\/\\\/zapateneo.net\\\/wordpress\\\/wp-content\\\/uploads\\\/2021\\\/04\\\/zap-libu-kolec.jpg\",\"contentUrl\":\"https:\\\/\\\/zapateneo.net\\\/wordpress\\\/wp-content\\\/uploads\\\/2021\\\/04\\\/zap-libu-kolec.jpg\",\"width\":2234,\"height\":398,\"caption\":\"Zapateneo Kultur Elkartea\"},\"image\":{\"@id\":\"https:\\\/\\\/zapateneo.net\\\/wordpress\\\/#\\\/schema\\\/logo\\\/image\\\/\"},\"sameAs\":[\"https:\\\/\\\/x.com\\\/zapateneo\"]}]}<\/script>\n<!-- \/ Yoast SEO plugin. -->","yoast_head_json":{"title":"RADICALIZADO Cuatro distop\u00edas muy actuales &#8212; Zapateneo","robots":{"index":"index","follow":"follow","max-snippet":"max-snippet:-1","max-image-preview":"max-image-preview:large","max-video-preview":"max-video-preview:-1"},"canonical":"https:\/\/zapateneo.net\/wordpress\/index.php\/producto\/radicalizado-cuatro-distopias-muy-actuales\/","og_locale":"es_ES","og_type":"article","og_title":"RADICALIZADO Cuatro distop\u00edas muy actuales &#8212; Zapateneo","og_description":"Cory Doctorow 9788412554014 - Capit\u00e1n Swing - 2022 - 272 p\u00e1ginas \/orri.","og_url":"https:\/\/zapateneo.net\/wordpress\/index.php\/producto\/radicalizado-cuatro-distopias-muy-actuales\/","og_site_name":"Zapateneo","article_modified_time":"2022-11-27T11:49:57+00:00","twitter_card":"summary_large_image","twitter_site":"@zapateneo","twitter_misc":{"Tiempo de lectura":"2 minutos"},"schema":{"@context":"https:\/\/schema.org","@graph":[{"@type":"WebPage","@id":"https:\/\/zapateneo.net\/wordpress\/index.php\/producto\/radicalizado-cuatro-distopias-muy-actuales\/","url":"https:\/\/zapateneo.net\/wordpress\/index.php\/producto\/radicalizado-cuatro-distopias-muy-actuales\/","name":"RADICALIZADO Cuatro distop\u00edas muy actuales &#8212; Zapateneo","isPartOf":{"@id":"https:\/\/zapateneo.net\/wordpress\/#website"},"primaryImageOfPage":{"@id":"https:\/\/zapateneo.net\/wordpress\/index.php\/producto\/radicalizado-cuatro-distopias-muy-actuales\/#primaryimage"},"image":{"@id":"https:\/\/zapateneo.net\/wordpress\/index.php\/producto\/radicalizado-cuatro-distopias-muy-actuales\/#primaryimage"},"thumbnailUrl":"https:\/\/zapateneo.net\/wordpress\/wp-content\/uploads\/2022\/11\/radicalizado-9788412554014.jpg","datePublished":"2022-11-27T11:49:42+00:00","dateModified":"2022-11-27T11:49:57+00:00","breadcrumb":{"@id":"https:\/\/zapateneo.net\/wordpress\/index.php\/producto\/radicalizado-cuatro-distopias-muy-actuales\/#breadcrumb"},"inLanguage":"es","potentialAction":[{"@type":"ReadAction","target":["https:\/\/zapateneo.net\/wordpress\/index.php\/producto\/radicalizado-cuatro-distopias-muy-actuales\/"]}]},{"@type":"ImageObject","inLanguage":"es","@id":"https:\/\/zapateneo.net\/wordpress\/index.php\/producto\/radicalizado-cuatro-distopias-muy-actuales\/#primaryimage","url":"https:\/\/zapateneo.net\/wordpress\/wp-content\/uploads\/2022\/11\/radicalizado-9788412554014.jpg","contentUrl":"https:\/\/zapateneo.net\/wordpress\/wp-content\/uploads\/2022\/11\/radicalizado-9788412554014.jpg","width":256,"height":400},{"@type":"BreadcrumbList","@id":"https:\/\/zapateneo.net\/wordpress\/index.php\/producto\/radicalizado-cuatro-distopias-muy-actuales\/#breadcrumb","itemListElement":[{"@type":"ListItem","position":1,"name":"Portada","item":"https:\/\/zapateneo.net\/wordpress\/"},{"@type":"ListItem","position":2,"name":"Tienda","item":"https:\/\/zapateneo.net\/wordpress\/"},{"@type":"ListItem","position":3,"name":"RADICALIZADO Cuatro distop\u00edas muy actuales"}]},{"@type":"WebSite","@id":"https:\/\/zapateneo.net\/wordpress\/#website","url":"https:\/\/zapateneo.net\/wordpress\/","name":"Zapateneo","description":"Zapateneoaren webgunea","publisher":{"@id":"https:\/\/zapateneo.net\/wordpress\/#organization"},"potentialAction":[{"@type":"SearchAction","target":{"@type":"EntryPoint","urlTemplate":"https:\/\/zapateneo.net\/wordpress\/?s={search_term_string}"},"query-input":{"@type":"PropertyValueSpecification","valueRequired":true,"valueName":"search_term_string"}}],"inLanguage":"es"},{"@type":"Organization","@id":"https:\/\/zapateneo.net\/wordpress\/#organization","name":"Zapateneo Kultur Elkartea","url":"https:\/\/zapateneo.net\/wordpress\/","logo":{"@type":"ImageObject","inLanguage":"es","@id":"https:\/\/zapateneo.net\/wordpress\/#\/schema\/logo\/image\/","url":"https:\/\/zapateneo.net\/wordpress\/wp-content\/uploads\/2021\/04\/zap-libu-kolec.jpg","contentUrl":"https:\/\/zapateneo.net\/wordpress\/wp-content\/uploads\/2021\/04\/zap-libu-kolec.jpg","width":2234,"height":398,"caption":"Zapateneo Kultur Elkartea"},"image":{"@id":"https:\/\/zapateneo.net\/wordpress\/#\/schema\/logo\/image\/"},"sameAs":["https:\/\/x.com\/zapateneo"]}]}},"_links":{"self":[{"href":"https:\/\/zapateneo.net\/wordpress\/index.php\/wp-json\/wp\/v2\/product\/12242","targetHints":{"allow":["GET"]}}],"collection":[{"href":"https:\/\/zapateneo.net\/wordpress\/index.php\/wp-json\/wp\/v2\/product"}],"about":[{"href":"https:\/\/zapateneo.net\/wordpress\/index.php\/wp-json\/wp\/v2\/types\/product"}],"wp:featuredmedia":[{"embeddable":true,"href":"https:\/\/zapateneo.net\/wordpress\/index.php\/wp-json\/wp\/v2\/media\/12272"}],"wp:attachment":[{"href":"https:\/\/zapateneo.net\/wordpress\/index.php\/wp-json\/wp\/v2\/media?parent=12242"}],"wp:term":[{"taxonomy":"product_brand","embeddable":true,"href":"https:\/\/zapateneo.net\/wordpress\/index.php\/wp-json\/wp\/v2\/product_brand?post=12242"},{"taxonomy":"product_cat","embeddable":true,"href":"https:\/\/zapateneo.net\/wordpress\/index.php\/wp-json\/wp\/v2\/product_cat?post=12242"},{"taxonomy":"product_tag","embeddable":true,"href":"https:\/\/zapateneo.net\/wordpress\/index.php\/wp-json\/wp\/v2\/product_tag?post=12242"}],"curies":[{"name":"wp","href":"https:\/\/api.w.org\/{rel}","templated":true}]}}